{"id":20370,"date":"2024-03-15T13:04:16","date_gmt":"2024-03-15T12:04:16","guid":{"rendered":"https:\/\/revolutionpadelstore.com\/head-extreme-motion-2023\/"},"modified":"2026-04-08T15:01:52","modified_gmt":"2026-04-08T13:01:52","slug":"head-extreme-motion-2023-3","status":"publish","type":"product","link":"https:\/\/revolutionpadelstore.com\/fr\/produit\/head-extreme-motion-2023-3\/","title":{"rendered":"HEAD EXTREME MOTION 2023"},"content":{"rendered":"<h2>Head Extreme Motion 2023, raquette puissante de Paula Josemar\u00eda<\/h2>\n<p>Raquette <strong>Head Extreme Motion 2023<\/strong>, m\u00e9ticuleusement con\u00e7ue pour r\u00e9pondre aux exigences des joueurs<strong>avanc\u00e9s et professionnels, cette raquette exceptionnelle allie une technologie de pointe \u00e0 un design vibrant et sportif. Raquette de padel officielle de<strong>Paula Josemar\u00eda<\/strong>.<\/p>\n<h2>Tige en diamant avec tissu hybride<\/h2>\n<p>La particularit\u00e9 du Head Extreme Motion 2023 est son format <strong>diamant<\/strong>, qui maximise la puissance \u00e0 chaque tir. Gr\u00e2ce \u00e0 sa construction avec la technologie r\u00e9volutionnaire <em>Hybrid tiss\u00e9<\/em>, les rabots sont fabriqu\u00e9s avec une combinaison de <strong>fibre de carbone et de verre<\/strong>, offrant une combinaison unique de r\u00e9sistance et de flexibilit\u00e9 pour une pr\u00e9cision in\u00e9gal\u00e9e. \u00e0 chaque coup.<\/p>\n<p>Le noyau <em><strong>Power Foam<\/strong><\/em> assure une puissance explosive sans compromettre le contr\u00f4le. Avec un poids l\u00e9ger de seulement 360 grammes, la raquette offre une maniabilit\u00e9 incomparable, vous permettant de r\u00e9agir avec agilit\u00e9 et rapidit\u00e9 dans n&#8217;importe quelle situation de jeu.<\/p>\n<p>La technologie Aux\u00e9tique et le sweet spot optimis\u00e9 s&#8217;associent pour vous offrir une exp\u00e9rience de jeu exceptionnelle. Frapper avec pr\u00e9cision n\u2019a jamais \u00e9t\u00e9 aussi simple. Les surfaces de la raquette ont une finition <em>Extreme Spin<\/em> rugueuse, ce qui signifie que vous pouvez donner une rotation incroyable \u00e0 la balle.<\/p>\n<h3>Con\u00e7u avec des technologies qui prolongent sa durabilit\u00e9<\/h3>\n<p>En pensant \u00e0 la durabilit\u00e9, le cadre de la raquette int\u00e8gre une protection Anti Shock, \u00e9vitant une usure pr\u00e9matur\u00e9e et maintenant ses performances dans le temps. Le cadre tubulaire sur mesure et le Smart Bridge renforc\u00e9 assurent une r\u00e9sistance exceptionnelle \u00e0 chaque coup.<\/p>\n<p>Pour une prise en main confortable et s\u00fbre, la poign\u00e9e <em>Soft Butt Cap<\/em> offre une sensation parfaite dans vos mains. De plus, le design esth\u00e9tique de la raquette combine diff\u00e9rentes nuances de vert dans un style joyeux et sportif qui refl\u00e8te votre passion pour le jeu.<\/p>\n<h2>Head Extreme Motion 2023, pala de potencia de Paula Josemar\u00eda<\/h2>\n","protected":false},"excerpt":{"rendered":"<div class=\"pr\u00e9sentation des attributs du produit\">\n<div>\n<p>Head Extreme Motion 2023, raquette officielle de Paula Josemar\u00eda. Une raquette con\u00e7ue pour les joueurs de padel avanc\u00e9s ou professionnels. Tige en diamant avec hybride tiss\u00e9.<\/p>\n<\/div>\n<\/div>\n<div class=\"product-add-form\">\n<div class=\"quantit\u00e9 de champ\"><\/div>\n<\/div>\n","protected":false},"featured_media":52344,"comment_status":"open","ping_status":"closed","template":"","meta":{"_acf_changed":false,"_joinchat":[]},"acabado":[1087],"balance":[1137],"dureza":[1157],"forma":[1172],"jugador":[1192,1202],"marca":[1222],"nivel-de-juego":[1337],"superficie":[1362],"tipo-de-juego":[1377],"product_brand":[],"product_cat":[302],"product_tag":[],"class_list":{"0":"post-20370","1":"product","2":"type-product","3":"status-publish","4":"has-post-thumbnail","6":"acabado-mon-pote","7":"balance-eleve","8":"dureza-media-fr","9":"forma-diamant","10":"jugador-homme","11":"jugador-polivalente-fr","12":"marca-tete","13":"superficie-rugosa-fr","14":"tipo-de-juego-puissance","15":"product_cat-palas-de-padel-fr","17":"first","18":"instock","19":"sale","20":"taxable","21":"shipping-taxable","22":"purchasable","23":"product-type-simple"},"acf":[],"yoast_head":"<!-- This site is optimized with the Yoast SEO plugin v27.4 - https:\/\/yoast.com\/product\/yoast-seo-wordpress\/ -->\n<title>HEAD EXTREME MOTION 2023 - Revolution Padel Store<\/title>\n<meta name=\"description\" content=\"Head Extreme Motion 2023, pala de p\u00e1del oficial de Paula Josemar\u00eda. Una pala dise\u00f1ada para jugadores avanzados o profesionales del p\u00e1del. Pala de diamante con Hybrid Woven.\" \/>\n<meta name=\"robots\" content=\"index, follow, max-snippet:-1, max-image-preview:large, max-video-preview:-1\" \/>\n<link rel=\"canonical\" href=\"https:\/\/revolutionpadelstore.com\/fr\/produit\/head-extreme-motion-2023-3\/\" \/>\n<meta property=\"og:locale\" content=\"fr_FR\" \/>\n<meta property=\"og:type\" content=\"article\" \/>\n<meta property=\"og:title\" content=\"HEAD EXTREME MOTION 2023 - Revolution Padel Store\" \/>\n<meta property=\"og:description\" content=\"Head Extreme Motion 2023, pala de p\u00e1del oficial de Paula Josemar\u00eda. Una pala dise\u00f1ada para jugadores avanzados o profesionales del p\u00e1del. Pala de diamante con Hybrid Woven.\" \/>\n<meta property=\"og:url\" content=\"https:\/\/revolutionpadelstore.com\/fr\/produit\/head-extreme-motion-2023-3\/\" \/>\n<meta property=\"og:site_name\" content=\"Revolution Padel Store\" \/>\n<meta property=\"article:modified_time\" content=\"2026-04-08T13:01:52+00:00\" \/>\n<meta property=\"og:image\" content=\"https:\/\/revolutionpadelstore.com\/wp-content\/uploads\/2024\/03\/110102_pala_head_extreme_motion_2023_223023_1500x1500_vista1_6a89.webp\" \/>\n\t<meta property=\"og:image:width\" content=\"1500\" \/>\n\t<meta property=\"og:image:height\" content=\"1500\" \/>\n\t<meta property=\"og:image:type\" content=\"image\/webp\" \/>\n<meta name=\"twitter:card\" content=\"summary_large_image\" \/>\n<meta name=\"twitter:label1\" content=\"Dur\u00e9e de lecture estim\u00e9e\" \/>\n\t<meta name=\"twitter:data1\" content=\"2 minutes\" \/>\n<script type=\"application\/ld+json\" class=\"yoast-schema-graph\">{\"@context\":\"https:\\\/\\\/schema.org\",\"@graph\":[{\"@type\":\"WebPage\",\"@id\":\"https:\\\/\\\/revolutionpadelstore.com\\\/fr\\\/produit\\\/head-extreme-motion-2023-3\\\/\",\"url\":\"https:\\\/\\\/revolutionpadelstore.com\\\/fr\\\/produit\\\/head-extreme-motion-2023-3\\\/\",\"name\":\"HEAD EXTREME MOTION 2023 - Revolution Padel Store\",\"isPartOf\":{\"@id\":\"https:\\\/\\\/revolutionpadelstore.com\\\/fr\\\/#website\"},\"primaryImageOfPage\":{\"@id\":\"https:\\\/\\\/revolutionpadelstore.com\\\/fr\\\/produit\\\/head-extreme-motion-2023-3\\\/#primaryimage\"},\"image\":{\"@id\":\"https:\\\/\\\/revolutionpadelstore.com\\\/fr\\\/produit\\\/head-extreme-motion-2023-3\\\/#primaryimage\"},\"thumbnailUrl\":\"https:\\\/\\\/revolutionpadelstore.com\\\/wp-content\\\/uploads\\\/2024\\\/03\\\/110102_pala_head_extreme_motion_2023_223023_1500x1500_vista1_6a89.webp\",\"datePublished\":\"2024-03-15T12:04:16+00:00\",\"dateModified\":\"2026-04-08T13:01:52+00:00\",\"description\":\"Head Extreme Motion 2023, pala de p\u00e1del oficial de Paula Josemar\u00eda. Una pala dise\u00f1ada para jugadores avanzados o profesionales del p\u00e1del. Pala de diamante con Hybrid Woven.\",\"breadcrumb\":{\"@id\":\"https:\\\/\\\/revolutionpadelstore.com\\\/fr\\\/produit\\\/head-extreme-motion-2023-3\\\/#breadcrumb\"},\"inLanguage\":\"fr-FR\",\"potentialAction\":[{\"@type\":\"ReadAction\",\"target\":[\"https:\\\/\\\/revolutionpadelstore.com\\\/fr\\\/produit\\\/head-extreme-motion-2023-3\\\/\"]}]},{\"@type\":\"ImageObject\",\"inLanguage\":\"fr-FR\",\"@id\":\"https:\\\/\\\/revolutionpadelstore.com\\\/fr\\\/produit\\\/head-extreme-motion-2023-3\\\/#primaryimage\",\"url\":\"https:\\\/\\\/revolutionpadelstore.com\\\/wp-content\\\/uploads\\\/2024\\\/03\\\/110102_pala_head_extreme_motion_2023_223023_1500x1500_vista1_6a89.webp\",\"contentUrl\":\"https:\\\/\\\/revolutionpadelstore.com\\\/wp-content\\\/uploads\\\/2024\\\/03\\\/110102_pala_head_extreme_motion_2023_223023_1500x1500_vista1_6a89.webp\",\"width\":1500,\"height\":1500},{\"@type\":\"BreadcrumbList\",\"@id\":\"https:\\\/\\\/revolutionpadelstore.com\\\/fr\\\/produit\\\/head-extreme-motion-2023-3\\\/#breadcrumb\",\"itemListElement\":[{\"@type\":\"ListItem\",\"position\":1,\"name\":\"Portada\",\"item\":\"https:\\\/\\\/revolutionpadelstore.com\\\/fr\\\/\"},{\"@type\":\"ListItem\",\"position\":2,\"name\":\"Boutique\",\"item\":\"https:\\\/\\\/revolutionpadelstore.com\\\/fr\\\/tienda\\\/\"},{\"@type\":\"ListItem\",\"position\":3,\"name\":\"HEAD EXTREME MOTION 2023\"}]},{\"@type\":\"WebSite\",\"@id\":\"https:\\\/\\\/revolutionpadelstore.com\\\/fr\\\/#website\",\"url\":\"https:\\\/\\\/revolutionpadelstore.com\\\/fr\\\/\",\"name\":\"Revolution Padel Store\",\"description\":\"\",\"publisher\":{\"@id\":\"https:\\\/\\\/revolutionpadelstore.com\\\/fr\\\/#organization\"},\"potentialAction\":[{\"@type\":\"SearchAction\",\"target\":{\"@type\":\"EntryPoint\",\"urlTemplate\":\"https:\\\/\\\/revolutionpadelstore.com\\\/fr\\\/?s={search_term_string}\"},\"query-input\":{\"@type\":\"PropertyValueSpecification\",\"valueRequired\":true,\"valueName\":\"search_term_string\"}}],\"inLanguage\":\"fr-FR\"},{\"@type\":\"Organization\",\"@id\":\"https:\\\/\\\/revolutionpadelstore.com\\\/fr\\\/#organization\",\"name\":\"Revolution Padel Store\",\"url\":\"https:\\\/\\\/revolutionpadelstore.com\\\/fr\\\/\",\"logo\":{\"@type\":\"ImageObject\",\"inLanguage\":\"fr-FR\",\"@id\":\"https:\\\/\\\/revolutionpadelstore.com\\\/fr\\\/#\\\/schema\\\/logo\\\/image\\\/\",\"url\":\"https:\\\/\\\/revolutionpadelstore.com\\\/wp-content\\\/uploads\\\/2026\\\/02\\\/revolution-padel-store.jpg\",\"contentUrl\":\"https:\\\/\\\/revolutionpadelstore.com\\\/wp-content\\\/uploads\\\/2026\\\/02\\\/revolution-padel-store.jpg\",\"width\":2000,\"height\":2000,\"caption\":\"Revolution Padel Store\"},\"image\":{\"@id\":\"https:\\\/\\\/revolutionpadelstore.com\\\/fr\\\/#\\\/schema\\\/logo\\\/image\\\/\"},\"sameAs\":[\"https:\\\/\\\/www.instagram.com\\\/revolutionpadelstore\\\/\"]}]}<\/script>\n<!-- \/ Yoast SEO plugin. -->","yoast_head_json":{"title":"HEAD EXTREME MOTION 2023 - Revolution Padel Store","description":"Head Extreme Motion 2023, pala de p\u00e1del oficial de Paula Josemar\u00eda. Una pala dise\u00f1ada para jugadores avanzados o profesionales del p\u00e1del. Pala de diamante con Hybrid Woven.","robots":{"index":"index","follow":"follow","max-snippet":"max-snippet:-1","max-image-preview":"max-image-preview:large","max-video-preview":"max-video-preview:-1"},"canonical":"https:\/\/revolutionpadelstore.com\/fr\/produit\/head-extreme-motion-2023-3\/","og_locale":"fr_FR","og_type":"article","og_title":"HEAD EXTREME MOTION 2023 - Revolution Padel Store","og_description":"Head Extreme Motion 2023, pala de p\u00e1del oficial de Paula Josemar\u00eda. Una pala dise\u00f1ada para jugadores avanzados o profesionales del p\u00e1del. Pala de diamante con Hybrid Woven.","og_url":"https:\/\/revolutionpadelstore.com\/fr\/produit\/head-extreme-motion-2023-3\/","og_site_name":"Revolution Padel Store","article_modified_time":"2026-04-08T13:01:52+00:00","og_image":[{"width":1500,"height":1500,"url":"https:\/\/revolutionpadelstore.com\/wp-content\/uploads\/2024\/03\/110102_pala_head_extreme_motion_2023_223023_1500x1500_vista1_6a89.webp","type":"image\/webp"}],"twitter_card":"summary_large_image","twitter_misc":{"Dur\u00e9e de lecture estim\u00e9e":"2 minutes"},"schema":{"@context":"https:\/\/schema.org","@graph":[{"@type":"WebPage","@id":"https:\/\/revolutionpadelstore.com\/fr\/produit\/head-extreme-motion-2023-3\/","url":"https:\/\/revolutionpadelstore.com\/fr\/produit\/head-extreme-motion-2023-3\/","name":"HEAD EXTREME MOTION 2023 - Revolution Padel Store","isPartOf":{"@id":"https:\/\/revolutionpadelstore.com\/fr\/#website"},"primaryImageOfPage":{"@id":"https:\/\/revolutionpadelstore.com\/fr\/produit\/head-extreme-motion-2023-3\/#primaryimage"},"image":{"@id":"https:\/\/revolutionpadelstore.com\/fr\/produit\/head-extreme-motion-2023-3\/#primaryimage"},"thumbnailUrl":"https:\/\/revolutionpadelstore.com\/wp-content\/uploads\/2024\/03\/110102_pala_head_extreme_motion_2023_223023_1500x1500_vista1_6a89.webp","datePublished":"2024-03-15T12:04:16+00:00","dateModified":"2026-04-08T13:01:52+00:00","description":"Head Extreme Motion 2023, pala de p\u00e1del oficial de Paula Josemar\u00eda. Una pala dise\u00f1ada para jugadores avanzados o profesionales del p\u00e1del. Pala de diamante con Hybrid Woven.","breadcrumb":{"@id":"https:\/\/revolutionpadelstore.com\/fr\/produit\/head-extreme-motion-2023-3\/#breadcrumb"},"inLanguage":"fr-FR","potentialAction":[{"@type":"ReadAction","target":["https:\/\/revolutionpadelstore.com\/fr\/produit\/head-extreme-motion-2023-3\/"]}]},{"@type":"ImageObject","inLanguage":"fr-FR","@id":"https:\/\/revolutionpadelstore.com\/fr\/produit\/head-extreme-motion-2023-3\/#primaryimage","url":"https:\/\/revolutionpadelstore.com\/wp-content\/uploads\/2024\/03\/110102_pala_head_extreme_motion_2023_223023_1500x1500_vista1_6a89.webp","contentUrl":"https:\/\/revolutionpadelstore.com\/wp-content\/uploads\/2024\/03\/110102_pala_head_extreme_motion_2023_223023_1500x1500_vista1_6a89.webp","width":1500,"height":1500},{"@type":"BreadcrumbList","@id":"https:\/\/revolutionpadelstore.com\/fr\/produit\/head-extreme-motion-2023-3\/#breadcrumb","itemListElement":[{"@type":"ListItem","position":1,"name":"Portada","item":"https:\/\/revolutionpadelstore.com\/fr\/"},{"@type":"ListItem","position":2,"name":"Boutique","item":"https:\/\/revolutionpadelstore.com\/fr\/tienda\/"},{"@type":"ListItem","position":3,"name":"HEAD EXTREME MOTION 2023"}]},{"@type":"WebSite","@id":"https:\/\/revolutionpadelstore.com\/fr\/#website","url":"https:\/\/revolutionpadelstore.com\/fr\/","name":"Revolution Padel Store","description":"","publisher":{"@id":"https:\/\/revolutionpadelstore.com\/fr\/#organization"},"potentialAction":[{"@type":"SearchAction","target":{"@type":"EntryPoint","urlTemplate":"https:\/\/revolutionpadelstore.com\/fr\/?s={search_term_string}"},"query-input":{"@type":"PropertyValueSpecification","valueRequired":true,"valueName":"search_term_string"}}],"inLanguage":"fr-FR"},{"@type":"Organization","@id":"https:\/\/revolutionpadelstore.com\/fr\/#organization","name":"Revolution Padel Store","url":"https:\/\/revolutionpadelstore.com\/fr\/","logo":{"@type":"ImageObject","inLanguage":"fr-FR","@id":"https:\/\/revolutionpadelstore.com\/fr\/#\/schema\/logo\/image\/","url":"https:\/\/revolutionpadelstore.com\/wp-content\/uploads\/2026\/02\/revolution-padel-store.jpg","contentUrl":"https:\/\/revolutionpadelstore.com\/wp-content\/uploads\/2026\/02\/revolution-padel-store.jpg","width":2000,"height":2000,"caption":"Revolution Padel Store"},"image":{"@id":"https:\/\/revolutionpadelstore.com\/fr\/#\/schema\/logo\/image\/"},"sameAs":["https:\/\/www.instagram.com\/revolutionpadelstore\/"]}]}},"_links":{"self":[{"href":"https:\/\/revolutionpadelstore.com\/fr\/wp-json\/wp\/v2\/product\/20370","targetHints":{"allow":["GET"]}}],"collection":[{"href":"https:\/\/revolutionpadelstore.com\/fr\/wp-json\/wp\/v2\/product"}],"about":[{"href":"https:\/\/revolutionpadelstore.com\/fr\/wp-json\/wp\/v2\/types\/product"}],"replies":[{"embeddable":true,"href":"https:\/\/revolutionpadelstore.com\/fr\/wp-json\/wp\/v2\/comments?post=20370"}],"wp:featuredmedia":[{"embeddable":true,"href":"https:\/\/revolutionpadelstore.com\/fr\/wp-json\/wp\/v2\/media\/52344"}],"wp:attachment":[{"href":"https:\/\/revolutionpadelstore.com\/fr\/wp-json\/wp\/v2\/media?parent=20370"}],"wp:term":[{"taxonomy":"acabado","embeddable":true,"href":"https:\/\/revolutionpadelstore.com\/fr\/wp-json\/wp\/v2\/acabado?post=20370"},{"taxonomy":"balance","embeddable":true,"href":"https:\/\/revolutionpadelstore.com\/fr\/wp-json\/wp\/v2\/balance?post=20370"},{"taxonomy":"dureza","embeddable":true,"href":"https:\/\/revolutionpadelstore.com\/fr\/wp-json\/wp\/v2\/dureza?post=20370"},{"taxonomy":"forma","embeddable":true,"href":"https:\/\/revolutionpadelstore.com\/fr\/wp-json\/wp\/v2\/forma?post=20370"},{"taxonomy":"jugador","embeddable":true,"href":"https:\/\/revolutionpadelstore.com\/fr\/wp-json\/wp\/v2\/jugador?post=20370"},{"taxonomy":"marca","embeddable":true,"href":"https:\/\/revolutionpadelstore.com\/fr\/wp-json\/wp\/v2\/marca?post=20370"},{"taxonomy":"nivel-de-juego","embeddable":true,"href":"https:\/\/revolutionpadelstore.com\/fr\/wp-json\/wp\/v2\/nivel-de-juego?post=20370"},{"taxonomy":"superficie","embeddable":true,"href":"https:\/\/revolutionpadelstore.com\/fr\/wp-json\/wp\/v2\/superficie?post=20370"},{"taxonomy":"tipo-de-juego","embeddable":true,"href":"https:\/\/revolutionpadelstore.com\/fr\/wp-json\/wp\/v2\/tipo-de-juego?post=20370"},{"taxonomy":"product_brand","embeddable":true,"href":"https:\/\/revolutionpadelstore.com\/fr\/wp-json\/wp\/v2\/product_brand?post=20370"},{"taxonomy":"product_cat","embeddable":true,"href":"https:\/\/revolutionpadelstore.com\/fr\/wp-json\/wp\/v2\/product_cat?post=20370"},{"taxonomy":"product_tag","embeddable":true,"href":"https:\/\/revolutionpadelstore.com\/fr\/wp-json\/wp\/v2\/product_tag?post=20370"}],"curies":[{"name":"wp","href":"https:\/\/api.w.org\/{rel}","templated":true}]}}