{"id":20360,"date":"2024-03-15T13:12:01","date_gmt":"2024-03-15T12:12:01","guid":{"rendered":"https:\/\/revolutionpadelstore.com\/head-speed-pro-x-2023\/"},"modified":"2026-04-08T15:00:38","modified_gmt":"2026-04-08T13:00:38","slug":"head-speed-pro-x-2023-3","status":"publish","type":"product","link":"https:\/\/revolutionpadelstore.com\/fr\/produit\/head-speed-pro-x-2023-3\/","title":{"rendered":"HEAD SPEED PRO X 2023"},"content":{"rendered":"<h2>Les joueurs avanc\u00e9s jouent cette saison avec le Head Speed \u200b\u200b\u200b\u200bPRO X 2023<\/h2>\n<p>Une raquette au design sup\u00e9rieur en noir avec des finitions mates et brillantes. Le nouveau <strong>Head Speed \u200b\u200b\u200b\u200bPRO X 2023<\/strong> est d\u00e9sormais disponible. Une raquette de padel en forme de larme pour les joueurs de padel de niveau avanc\u00e9 et m\u00eame les joueurs de tournoi. Sa forme vous permet de jouer avec un contr\u00f4le total sur la raquette et de donner des frappes pr\u00e9cises.<\/p>\n<h2>La raquette de padel dot\u00e9e de la technologie s&#8217;adapte \u00e0 vos besoins sur le terrain<\/h2>\n<p>La sensation de cette raquette de padel est plus confortable gr\u00e2ce \u00e0 sa propre technologie Auxectic. Les surfaces s&#8217;\u00e9largissent contre la force de contact lors des collisions avec le ballon et se contractent lorsqu&#8217;elles sont retir\u00e9es. \u00catre plus flexible et mall\u00e9able lors de la r\u00e9ception du ballon. Fabriqu\u00e9 avec du graph\u00e8ne pour renforcer le cadre, avoir plus de stabilit\u00e9 et faciliter la transmission de l&#8217;\u00e9nergie au ballon. Un jeu plus simple pour que vous puissiez vous concentrer sur votre technique d&#8217;attaque contre votre rival.<\/p>\n<p>En son c\u0153ur se trouve le <em>Power Foam<\/em>, une mousse de polystyr\u00e8ne qui absorbe les vibrations et offre une meilleure sensation de lancer de balle. Il facilite la frappe gr\u00e2ce \u00e0 son amorti et \u00e0 son contr\u00f4le ais\u00e9 du coup. Avec un pont con\u00e7u pour r\u00e9duire les vibrations.<\/p>\n<h3>Le r\u00e9sultat sera la victoire gr\u00e2ce aux meilleurs mat\u00e9riaux<\/h3>\n<p>Gagnez s\u00fbrement le prochain match avec cette raquette en forme de larme avec un \u00e9quilibre \u00e9quilibr\u00e9 et un sweet spot au centre. Le sweet spot est optimis\u00e9 afin que vous ayez la puissance et le contr\u00f4le parfaits pour marquer les meilleurs points. Ses surfaces sont en carbone 12K avec une flexibilit\u00e9 et une rigidit\u00e9 moyennes qui vous permettent de jouer avec des performances \u00e9lev\u00e9es. Et le cadre est recouvert d&#8217;une feuille de mat\u00e9riau polym\u00e8re qui se caract\u00e9rise par une longue durabilit\u00e9 et une r\u00e9sistance aux rayures et aux chocs.<\/p>\n<h2>Los jugadores avanzados juegan esta temporada con la Head Speed PRO X 2023<\/h2>\n","protected":false},"excerpt":{"rendered":"<p>La raquette de padel pour les joueurs les plus avanc\u00e9s de la nouvelle saison. Head Speed \u200b\u200bPRO X 2023. Une raquette polyvalente pour un jeu polyvalent. Avec une technologie innovante propre \u00e0 la marque comme son Smart Bridge.<\/p>\n","protected":false},"featured_media":52304,"comment_status":"open","ping_status":"closed","template":"","meta":{"_acf_changed":false,"_joinchat":[]},"acabado":[1087],"balance":[1137],"dureza":[1157],"forma":[1187],"jugador":[1192,1202],"marca":[1222],"nivel-de-juego":[1337],"superficie":[1357],"tipo-de-juego":[1377],"product_brand":[],"product_cat":[302],"product_tag":[],"class_list":{"0":"post-20360","1":"product","2":"type-product","3":"status-publish","4":"has-post-thumbnail","6":"acabado-mon-pote","7":"balance-eleve","8":"dureza-media-fr","9":"forma-lagrima-fr","10":"jugador-homme","11":"jugador-polivalente-fr","12":"marca-tete","13":"superficie-lise","14":"tipo-de-juego-puissance","15":"product_cat-palas-de-padel-fr","17":"first","18":"onbackorder","19":"sale","20":"taxable","21":"shipping-taxable","22":"purchasable","23":"product-type-simple"},"acf":[],"yoast_head":"<!-- This site is optimized with the Yoast SEO plugin v27.4 - https:\/\/yoast.com\/product\/yoast-seo-wordpress\/ -->\n<title>HEAD SPEED PRO X 2023 - Revolution Padel Store<\/title>\n<meta name=\"description\" content=\"La pala de p\u00e1del de los jugadores m\u00e1s avanzados de la nueva temporada. Head Speed PRO X 2023. Una pala vers\u00e1til para un juego polivalente. Con tecnolog\u00eda innovadora \u00fanica de la marca como su Smart Bridge.\" \/>\n<meta name=\"robots\" content=\"index, follow, max-snippet:-1, max-image-preview:large, max-video-preview:-1\" \/>\n<link rel=\"canonical\" href=\"https:\/\/revolutionpadelstore.com\/fr\/produit\/head-speed-pro-x-2023-3\/\" \/>\n<meta property=\"og:locale\" content=\"fr_FR\" \/>\n<meta property=\"og:type\" content=\"article\" \/>\n<meta property=\"og:title\" content=\"HEAD SPEED PRO X 2023 - Revolution Padel Store\" \/>\n<meta property=\"og:description\" content=\"La pala de p\u00e1del de los jugadores m\u00e1s avanzados de la nueva temporada. Head Speed PRO X 2023. Una pala vers\u00e1til para un juego polivalente. Con tecnolog\u00eda innovadora \u00fanica de la marca como su Smart Bridge.\" \/>\n<meta property=\"og:url\" content=\"https:\/\/revolutionpadelstore.com\/fr\/produit\/head-speed-pro-x-2023-3\/\" \/>\n<meta property=\"og:site_name\" content=\"Revolution Padel Store\" \/>\n<meta property=\"article:modified_time\" content=\"2026-04-08T13:00:38+00:00\" \/>\n<meta property=\"og:image\" content=\"https:\/\/revolutionpadelstore.com\/wp-content\/uploads\/2024\/03\/32512_head_speed_pro_x_202_221043_1500x1500_vista1_5836.webp\" \/>\n\t<meta property=\"og:image:width\" content=\"1500\" \/>\n\t<meta property=\"og:image:height\" content=\"1500\" \/>\n\t<meta property=\"og:image:type\" content=\"image\/webp\" \/>\n<meta name=\"twitter:card\" content=\"summary_large_image\" \/>\n<meta name=\"twitter:label1\" content=\"Dur\u00e9e de lecture estim\u00e9e\" \/>\n\t<meta name=\"twitter:data1\" content=\"2 minutes\" \/>\n<script type=\"application\/ld+json\" class=\"yoast-schema-graph\">{\"@context\":\"https:\\\/\\\/schema.org\",\"@graph\":[{\"@type\":\"WebPage\",\"@id\":\"https:\\\/\\\/revolutionpadelstore.com\\\/fr\\\/produit\\\/head-speed-pro-x-2023-3\\\/\",\"url\":\"https:\\\/\\\/revolutionpadelstore.com\\\/fr\\\/produit\\\/head-speed-pro-x-2023-3\\\/\",\"name\":\"HEAD SPEED PRO X 2023 - Revolution Padel Store\",\"isPartOf\":{\"@id\":\"https:\\\/\\\/revolutionpadelstore.com\\\/fr\\\/#website\"},\"primaryImageOfPage\":{\"@id\":\"https:\\\/\\\/revolutionpadelstore.com\\\/fr\\\/produit\\\/head-speed-pro-x-2023-3\\\/#primaryimage\"},\"image\":{\"@id\":\"https:\\\/\\\/revolutionpadelstore.com\\\/fr\\\/produit\\\/head-speed-pro-x-2023-3\\\/#primaryimage\"},\"thumbnailUrl\":\"https:\\\/\\\/revolutionpadelstore.com\\\/wp-content\\\/uploads\\\/2024\\\/03\\\/32512_head_speed_pro_x_202_221043_1500x1500_vista1_5836.webp\",\"datePublished\":\"2024-03-15T12:12:01+00:00\",\"dateModified\":\"2026-04-08T13:00:38+00:00\",\"description\":\"La pala de p\u00e1del de los jugadores m\u00e1s avanzados de la nueva temporada. Head Speed PRO X 2023. Una pala vers\u00e1til para un juego polivalente. Con tecnolog\u00eda innovadora \u00fanica de la marca como su Smart Bridge.\",\"breadcrumb\":{\"@id\":\"https:\\\/\\\/revolutionpadelstore.com\\\/fr\\\/produit\\\/head-speed-pro-x-2023-3\\\/#breadcrumb\"},\"inLanguage\":\"fr-FR\",\"potentialAction\":[{\"@type\":\"ReadAction\",\"target\":[\"https:\\\/\\\/revolutionpadelstore.com\\\/fr\\\/produit\\\/head-speed-pro-x-2023-3\\\/\"]}]},{\"@type\":\"ImageObject\",\"inLanguage\":\"fr-FR\",\"@id\":\"https:\\\/\\\/revolutionpadelstore.com\\\/fr\\\/produit\\\/head-speed-pro-x-2023-3\\\/#primaryimage\",\"url\":\"https:\\\/\\\/revolutionpadelstore.com\\\/wp-content\\\/uploads\\\/2024\\\/03\\\/32512_head_speed_pro_x_202_221043_1500x1500_vista1_5836.webp\",\"contentUrl\":\"https:\\\/\\\/revolutionpadelstore.com\\\/wp-content\\\/uploads\\\/2024\\\/03\\\/32512_head_speed_pro_x_202_221043_1500x1500_vista1_5836.webp\",\"width\":1500,\"height\":1500},{\"@type\":\"BreadcrumbList\",\"@id\":\"https:\\\/\\\/revolutionpadelstore.com\\\/fr\\\/produit\\\/head-speed-pro-x-2023-3\\\/#breadcrumb\",\"itemListElement\":[{\"@type\":\"ListItem\",\"position\":1,\"name\":\"Portada\",\"item\":\"https:\\\/\\\/revolutionpadelstore.com\\\/fr\\\/\"},{\"@type\":\"ListItem\",\"position\":2,\"name\":\"Boutique\",\"item\":\"https:\\\/\\\/revolutionpadelstore.com\\\/fr\\\/tienda\\\/\"},{\"@type\":\"ListItem\",\"position\":3,\"name\":\"HEAD SPEED PRO X 2023\"}]},{\"@type\":\"WebSite\",\"@id\":\"https:\\\/\\\/revolutionpadelstore.com\\\/fr\\\/#website\",\"url\":\"https:\\\/\\\/revolutionpadelstore.com\\\/fr\\\/\",\"name\":\"Revolution Padel Store\",\"description\":\"\",\"publisher\":{\"@id\":\"https:\\\/\\\/revolutionpadelstore.com\\\/fr\\\/#organization\"},\"potentialAction\":[{\"@type\":\"SearchAction\",\"target\":{\"@type\":\"EntryPoint\",\"urlTemplate\":\"https:\\\/\\\/revolutionpadelstore.com\\\/fr\\\/?s={search_term_string}\"},\"query-input\":{\"@type\":\"PropertyValueSpecification\",\"valueRequired\":true,\"valueName\":\"search_term_string\"}}],\"inLanguage\":\"fr-FR\"},{\"@type\":\"Organization\",\"@id\":\"https:\\\/\\\/revolutionpadelstore.com\\\/fr\\\/#organization\",\"name\":\"Revolution Padel Store\",\"url\":\"https:\\\/\\\/revolutionpadelstore.com\\\/fr\\\/\",\"logo\":{\"@type\":\"ImageObject\",\"inLanguage\":\"fr-FR\",\"@id\":\"https:\\\/\\\/revolutionpadelstore.com\\\/fr\\\/#\\\/schema\\\/logo\\\/image\\\/\",\"url\":\"https:\\\/\\\/revolutionpadelstore.com\\\/wp-content\\\/uploads\\\/2026\\\/02\\\/revolution-padel-store.jpg\",\"contentUrl\":\"https:\\\/\\\/revolutionpadelstore.com\\\/wp-content\\\/uploads\\\/2026\\\/02\\\/revolution-padel-store.jpg\",\"width\":2000,\"height\":2000,\"caption\":\"Revolution Padel Store\"},\"image\":{\"@id\":\"https:\\\/\\\/revolutionpadelstore.com\\\/fr\\\/#\\\/schema\\\/logo\\\/image\\\/\"},\"sameAs\":[\"https:\\\/\\\/www.instagram.com\\\/revolutionpadelstore\\\/\"]}]}<\/script>\n<!-- \/ Yoast SEO plugin. -->","yoast_head_json":{"title":"HEAD SPEED PRO X 2023 - Revolution Padel Store","description":"La pala de p\u00e1del de los jugadores m\u00e1s avanzados de la nueva temporada. Head Speed PRO X 2023. Una pala vers\u00e1til para un juego polivalente. Con tecnolog\u00eda innovadora \u00fanica de la marca como su Smart Bridge.","robots":{"index":"index","follow":"follow","max-snippet":"max-snippet:-1","max-image-preview":"max-image-preview:large","max-video-preview":"max-video-preview:-1"},"canonical":"https:\/\/revolutionpadelstore.com\/fr\/produit\/head-speed-pro-x-2023-3\/","og_locale":"fr_FR","og_type":"article","og_title":"HEAD SPEED PRO X 2023 - Revolution Padel Store","og_description":"La pala de p\u00e1del de los jugadores m\u00e1s avanzados de la nueva temporada. Head Speed PRO X 2023. Una pala vers\u00e1til para un juego polivalente. Con tecnolog\u00eda innovadora \u00fanica de la marca como su Smart Bridge.","og_url":"https:\/\/revolutionpadelstore.com\/fr\/produit\/head-speed-pro-x-2023-3\/","og_site_name":"Revolution Padel Store","article_modified_time":"2026-04-08T13:00:38+00:00","og_image":[{"width":1500,"height":1500,"url":"https:\/\/revolutionpadelstore.com\/wp-content\/uploads\/2024\/03\/32512_head_speed_pro_x_202_221043_1500x1500_vista1_5836.webp","type":"image\/webp"}],"twitter_card":"summary_large_image","twitter_misc":{"Dur\u00e9e de lecture estim\u00e9e":"2 minutes"},"schema":{"@context":"https:\/\/schema.org","@graph":[{"@type":"WebPage","@id":"https:\/\/revolutionpadelstore.com\/fr\/produit\/head-speed-pro-x-2023-3\/","url":"https:\/\/revolutionpadelstore.com\/fr\/produit\/head-speed-pro-x-2023-3\/","name":"HEAD SPEED PRO X 2023 - Revolution Padel Store","isPartOf":{"@id":"https:\/\/revolutionpadelstore.com\/fr\/#website"},"primaryImageOfPage":{"@id":"https:\/\/revolutionpadelstore.com\/fr\/produit\/head-speed-pro-x-2023-3\/#primaryimage"},"image":{"@id":"https:\/\/revolutionpadelstore.com\/fr\/produit\/head-speed-pro-x-2023-3\/#primaryimage"},"thumbnailUrl":"https:\/\/revolutionpadelstore.com\/wp-content\/uploads\/2024\/03\/32512_head_speed_pro_x_202_221043_1500x1500_vista1_5836.webp","datePublished":"2024-03-15T12:12:01+00:00","dateModified":"2026-04-08T13:00:38+00:00","description":"La pala de p\u00e1del de los jugadores m\u00e1s avanzados de la nueva temporada. Head Speed PRO X 2023. Una pala vers\u00e1til para un juego polivalente. Con tecnolog\u00eda innovadora \u00fanica de la marca como su Smart Bridge.","breadcrumb":{"@id":"https:\/\/revolutionpadelstore.com\/fr\/produit\/head-speed-pro-x-2023-3\/#breadcrumb"},"inLanguage":"fr-FR","potentialAction":[{"@type":"ReadAction","target":["https:\/\/revolutionpadelstore.com\/fr\/produit\/head-speed-pro-x-2023-3\/"]}]},{"@type":"ImageObject","inLanguage":"fr-FR","@id":"https:\/\/revolutionpadelstore.com\/fr\/produit\/head-speed-pro-x-2023-3\/#primaryimage","url":"https:\/\/revolutionpadelstore.com\/wp-content\/uploads\/2024\/03\/32512_head_speed_pro_x_202_221043_1500x1500_vista1_5836.webp","contentUrl":"https:\/\/revolutionpadelstore.com\/wp-content\/uploads\/2024\/03\/32512_head_speed_pro_x_202_221043_1500x1500_vista1_5836.webp","width":1500,"height":1500},{"@type":"BreadcrumbList","@id":"https:\/\/revolutionpadelstore.com\/fr\/produit\/head-speed-pro-x-2023-3\/#breadcrumb","itemListElement":[{"@type":"ListItem","position":1,"name":"Portada","item":"https:\/\/revolutionpadelstore.com\/fr\/"},{"@type":"ListItem","position":2,"name":"Boutique","item":"https:\/\/revolutionpadelstore.com\/fr\/tienda\/"},{"@type":"ListItem","position":3,"name":"HEAD SPEED PRO X 2023"}]},{"@type":"WebSite","@id":"https:\/\/revolutionpadelstore.com\/fr\/#website","url":"https:\/\/revolutionpadelstore.com\/fr\/","name":"Revolution Padel Store","description":"","publisher":{"@id":"https:\/\/revolutionpadelstore.com\/fr\/#organization"},"potentialAction":[{"@type":"SearchAction","target":{"@type":"EntryPoint","urlTemplate":"https:\/\/revolutionpadelstore.com\/fr\/?s={search_term_string}"},"query-input":{"@type":"PropertyValueSpecification","valueRequired":true,"valueName":"search_term_string"}}],"inLanguage":"fr-FR"},{"@type":"Organization","@id":"https:\/\/revolutionpadelstore.com\/fr\/#organization","name":"Revolution Padel Store","url":"https:\/\/revolutionpadelstore.com\/fr\/","logo":{"@type":"ImageObject","inLanguage":"fr-FR","@id":"https:\/\/revolutionpadelstore.com\/fr\/#\/schema\/logo\/image\/","url":"https:\/\/revolutionpadelstore.com\/wp-content\/uploads\/2026\/02\/revolution-padel-store.jpg","contentUrl":"https:\/\/revolutionpadelstore.com\/wp-content\/uploads\/2026\/02\/revolution-padel-store.jpg","width":2000,"height":2000,"caption":"Revolution Padel Store"},"image":{"@id":"https:\/\/revolutionpadelstore.com\/fr\/#\/schema\/logo\/image\/"},"sameAs":["https:\/\/www.instagram.com\/revolutionpadelstore\/"]}]}},"_links":{"self":[{"href":"https:\/\/revolutionpadelstore.com\/fr\/wp-json\/wp\/v2\/product\/20360","targetHints":{"allow":["GET"]}}],"collection":[{"href":"https:\/\/revolutionpadelstore.com\/fr\/wp-json\/wp\/v2\/product"}],"about":[{"href":"https:\/\/revolutionpadelstore.com\/fr\/wp-json\/wp\/v2\/types\/product"}],"replies":[{"embeddable":true,"href":"https:\/\/revolutionpadelstore.com\/fr\/wp-json\/wp\/v2\/comments?post=20360"}],"wp:featuredmedia":[{"embeddable":true,"href":"https:\/\/revolutionpadelstore.com\/fr\/wp-json\/wp\/v2\/media\/52304"}],"wp:attachment":[{"href":"https:\/\/revolutionpadelstore.com\/fr\/wp-json\/wp\/v2\/media?parent=20360"}],"wp:term":[{"taxonomy":"acabado","embeddable":true,"href":"https:\/\/revolutionpadelstore.com\/fr\/wp-json\/wp\/v2\/acabado?post=20360"},{"taxonomy":"balance","embeddable":true,"href":"https:\/\/revolutionpadelstore.com\/fr\/wp-json\/wp\/v2\/balance?post=20360"},{"taxonomy":"dureza","embeddable":true,"href":"https:\/\/revolutionpadelstore.com\/fr\/wp-json\/wp\/v2\/dureza?post=20360"},{"taxonomy":"forma","embeddable":true,"href":"https:\/\/revolutionpadelstore.com\/fr\/wp-json\/wp\/v2\/forma?post=20360"},{"taxonomy":"jugador","embeddable":true,"href":"https:\/\/revolutionpadelstore.com\/fr\/wp-json\/wp\/v2\/jugador?post=20360"},{"taxonomy":"marca","embeddable":true,"href":"https:\/\/revolutionpadelstore.com\/fr\/wp-json\/wp\/v2\/marca?post=20360"},{"taxonomy":"nivel-de-juego","embeddable":true,"href":"https:\/\/revolutionpadelstore.com\/fr\/wp-json\/wp\/v2\/nivel-de-juego?post=20360"},{"taxonomy":"superficie","embeddable":true,"href":"https:\/\/revolutionpadelstore.com\/fr\/wp-json\/wp\/v2\/superficie?post=20360"},{"taxonomy":"tipo-de-juego","embeddable":true,"href":"https:\/\/revolutionpadelstore.com\/fr\/wp-json\/wp\/v2\/tipo-de-juego?post=20360"},{"taxonomy":"product_brand","embeddable":true,"href":"https:\/\/revolutionpadelstore.com\/fr\/wp-json\/wp\/v2\/product_brand?post=20360"},{"taxonomy":"product_cat","embeddable":true,"href":"https:\/\/revolutionpadelstore.com\/fr\/wp-json\/wp\/v2\/product_cat?post=20360"},{"taxonomy":"product_tag","embeddable":true,"href":"https:\/\/revolutionpadelstore.com\/fr\/wp-json\/wp\/v2\/product_tag?post=20360"}],"curies":[{"name":"wp","href":"https:\/\/api.w.org\/{rel}","templated":true}]}}