{"id":20355,"date":"2024-03-15T13:25:22","date_gmt":"2024-03-15T12:25:22","guid":{"rendered":"https:\/\/revolutionpadelstore.com\/head-extreme-elite-2023\/"},"modified":"2026-04-08T14:59:58","modified_gmt":"2026-04-08T12:59:58","slug":"head-extreme-elite-2023-3","status":"publish","type":"product","link":"https:\/\/revolutionpadelstore.com\/fr\/produit\/head-extreme-elite-2023-3\/","title":{"rendered":"HEAD EXTREME ELITE 2023"},"content":{"rendered":"<h2>Head Extreme Elite 2023, raquette parfaite pour les niveaux interm\u00e9diaires<\/h2>\n<p><strong>Head Extreme Elite 2023<\/strong>, une raquette de padel con\u00e7ue pour am\u00e9liorer vos performances sur le terrain. Si vous \u00eates un joueur de niveau interm\u00e9diaire cherchant \u00e0 dominer chaque point du jeu avec puissance, cette raquette en forme de diamant est le choix parfait. Poids moyen de 365 grammes pour une raquette maniable.<\/p>\n<h2>Raquette de padel au toucher moyen et flexible<\/h2>\n<p>L&#8217;une des caract\u00e9ristiques marquantes du Head Extreme Elite 2023 est sa construction de faces en fibre de verre (<em><strong>Fiberglass<\/strong><\/em>). Ce mat\u00e9riau offre non seulement durabilit\u00e9 et r\u00e9sistance, mais offre \u00e9galement un niveau optimal de puissance et de contr\u00f4le \u00e0 chaque tir. Le noyau en caoutchouc <em><strong>Power Foam<\/strong><\/em> ajoute une sensation de puissance contr\u00f4l\u00e9e \u00e0 vos tirs, vous permettant d&#8217;attaquer la balle avec efficacit\u00e9 et pr\u00e9cision.<\/p>\n<p>La technologie <strong>Auxetic<\/em><\/strong>de Head pr\u00e9sente dans cette raquette permet un jeu vraiment changeant. Cette innovation unique optimise la r\u00e9ponse de la raquette, s&#8217;adaptant \u00e0 votre style de jeu et offrant des performances in\u00e9gal\u00e9es dans tous les matchs. Les faces lisses et le sweet spot optimis\u00e9 amplifient la sensation de connexion avec le ballon, vous permettant de b\u00e9n\u00e9ficier d&#8217;un contr\u00f4le pr\u00e9cis \u00e0 chaque tir.<\/p>\n<h3>Une technologie de pointe pour une raquette padel de qualit\u00e9<\/h3>\n<p>Le pont <em><strong>Smart Bridge<\/strong><\/em> n&#8217;est pas seulement esth\u00e9tique, mais am\u00e9liore \u00e9galement l&#8217;a\u00e9rodynamisme de la lame pour une plus grande vitesse dans vos mouvements. Le cadre est prot\u00e9g\u00e9 par le protecteur Anti Shock, assurant une durabilit\u00e9 exceptionnelle m\u00eame lors des matchs les plus intenses. Le cadre tubulaire sur mesure ajoute de la solidit\u00e9 \u00e0 l&#8217;ensemble, procurant une sensation de solidit\u00e9 et de stabilit\u00e9 \u00e0 chaque coup.<\/p>\n<p>Le Soft Butt Cap rembourr\u00e9 offre un confort pendant vos plus longues sessions sur le terrain, vous permettant de vous concentrer sur le jeu plut\u00f4t que sur des distractions inconfortables. Le design dans les couleurs vert clair et vert fonc\u00e9 est un style sportif original et d&#8217;\u00e9lite.<\/p>\n<h2>Head Extreme Elite 2023, pala perfecta para niveles intermedios<\/h2>\n","protected":false},"excerpt":{"rendered":"<div class=\"pr\u00e9sentation des attributs du produit\">\n<div>\n<p>Head Extreme Elite 2023, raquette en fibre de verre avec technologie Auxetic. Conception en forme de diamant pour les joueurs de padel de niveau interm\u00e9diaire.<\/p>\n<\/div>\n<\/div>\n<div class=\"product-add-form\">\n<div class=\"quantit\u00e9 de champ\"><\/div>\n<\/div>\n","protected":false},"featured_media":52288,"comment_status":"open","ping_status":"closed","template":"","meta":{"_acf_changed":false,"_joinchat":[]},"acabado":[1082],"balance":[1137],"dureza":[1157],"forma":[1172],"jugador":[1192,1202],"marca":[1222],"nivel-de-juego":[1352],"superficie":[1357],"tipo-de-juego":[1377],"product_brand":[],"product_cat":[302],"product_tag":[],"class_list":{"0":"post-20355","1":"product","2":"type-product","3":"status-publish","4":"has-post-thumbnail","6":"acabado-luminosite","7":"balance-eleve","8":"dureza-media-fr","9":"forma-diamant","10":"jugador-homme","11":"jugador-polivalente-fr","12":"marca-tete","13":"superficie-lise","14":"tipo-de-juego-puissance","15":"product_cat-palas-de-padel-fr","17":"first","18":"instock","19":"sale","20":"taxable","21":"shipping-taxable","22":"purchasable","23":"product-type-simple"},"acf":[],"yoast_head":"<!-- This site is optimized with the Yoast SEO plugin v27.4 - https:\/\/yoast.com\/product\/yoast-seo-wordpress\/ -->\n<title>HEAD EXTREME ELITE 2023 - Revolution Padel Store<\/title>\n<meta name=\"description\" content=\"Head Extreme Elite 2023, pala de fibra de vidrio con tecnolog\u00eda Auxetic. Dise\u00f1o en forma de diamante para jugadores de p\u00e1del de nivel intermedio.\" \/>\n<meta name=\"robots\" content=\"index, follow, max-snippet:-1, max-image-preview:large, max-video-preview:-1\" \/>\n<link rel=\"canonical\" href=\"https:\/\/revolutionpadelstore.com\/fr\/produit\/head-extreme-elite-2023-3\/\" \/>\n<meta property=\"og:locale\" content=\"fr_FR\" \/>\n<meta property=\"og:type\" content=\"article\" \/>\n<meta property=\"og:title\" content=\"HEAD EXTREME ELITE 2023 - Revolution Padel Store\" \/>\n<meta property=\"og:description\" content=\"Head Extreme Elite 2023, pala de fibra de vidrio con tecnolog\u00eda Auxetic. Dise\u00f1o en forma de diamante para jugadores de p\u00e1del de nivel intermedio.\" \/>\n<meta property=\"og:url\" content=\"https:\/\/revolutionpadelstore.com\/fr\/produit\/head-extreme-elite-2023-3\/\" \/>\n<meta property=\"og:site_name\" content=\"Revolution Padel Store\" \/>\n<meta property=\"article:modified_time\" content=\"2026-04-08T12:59:58+00:00\" \/>\n<meta property=\"og:image\" content=\"https:\/\/revolutionpadelstore.com\/wp-content\/uploads\/2024\/03\/110100_pala_head_extreme_elite_2023_223033_1500x1500_vista1_0670.webp\" \/>\n\t<meta property=\"og:image:width\" content=\"1500\" \/>\n\t<meta property=\"og:image:height\" content=\"1500\" \/>\n\t<meta property=\"og:image:type\" content=\"image\/webp\" \/>\n<meta name=\"twitter:card\" content=\"summary_large_image\" \/>\n<meta name=\"twitter:label1\" content=\"Dur\u00e9e de lecture estim\u00e9e\" \/>\n\t<meta name=\"twitter:data1\" content=\"2 minutes\" \/>\n<script type=\"application\/ld+json\" class=\"yoast-schema-graph\">{\"@context\":\"https:\\\/\\\/schema.org\",\"@graph\":[{\"@type\":\"WebPage\",\"@id\":\"https:\\\/\\\/revolutionpadelstore.com\\\/fr\\\/produit\\\/head-extreme-elite-2023-3\\\/\",\"url\":\"https:\\\/\\\/revolutionpadelstore.com\\\/fr\\\/produit\\\/head-extreme-elite-2023-3\\\/\",\"name\":\"HEAD EXTREME ELITE 2023 - Revolution Padel Store\",\"isPartOf\":{\"@id\":\"https:\\\/\\\/revolutionpadelstore.com\\\/fr\\\/#website\"},\"primaryImageOfPage\":{\"@id\":\"https:\\\/\\\/revolutionpadelstore.com\\\/fr\\\/produit\\\/head-extreme-elite-2023-3\\\/#primaryimage\"},\"image\":{\"@id\":\"https:\\\/\\\/revolutionpadelstore.com\\\/fr\\\/produit\\\/head-extreme-elite-2023-3\\\/#primaryimage\"},\"thumbnailUrl\":\"https:\\\/\\\/revolutionpadelstore.com\\\/wp-content\\\/uploads\\\/2024\\\/03\\\/110100_pala_head_extreme_elite_2023_223033_1500x1500_vista1_0670.webp\",\"datePublished\":\"2024-03-15T12:25:22+00:00\",\"dateModified\":\"2026-04-08T12:59:58+00:00\",\"description\":\"Head Extreme Elite 2023, pala de fibra de vidrio con tecnolog\u00eda Auxetic. Dise\u00f1o en forma de diamante para jugadores de p\u00e1del de nivel intermedio.\",\"breadcrumb\":{\"@id\":\"https:\\\/\\\/revolutionpadelstore.com\\\/fr\\\/produit\\\/head-extreme-elite-2023-3\\\/#breadcrumb\"},\"inLanguage\":\"fr-FR\",\"potentialAction\":[{\"@type\":\"ReadAction\",\"target\":[\"https:\\\/\\\/revolutionpadelstore.com\\\/fr\\\/produit\\\/head-extreme-elite-2023-3\\\/\"]}]},{\"@type\":\"ImageObject\",\"inLanguage\":\"fr-FR\",\"@id\":\"https:\\\/\\\/revolutionpadelstore.com\\\/fr\\\/produit\\\/head-extreme-elite-2023-3\\\/#primaryimage\",\"url\":\"https:\\\/\\\/revolutionpadelstore.com\\\/wp-content\\\/uploads\\\/2024\\\/03\\\/110100_pala_head_extreme_elite_2023_223033_1500x1500_vista1_0670.webp\",\"contentUrl\":\"https:\\\/\\\/revolutionpadelstore.com\\\/wp-content\\\/uploads\\\/2024\\\/03\\\/110100_pala_head_extreme_elite_2023_223033_1500x1500_vista1_0670.webp\",\"width\":1500,\"height\":1500},{\"@type\":\"BreadcrumbList\",\"@id\":\"https:\\\/\\\/revolutionpadelstore.com\\\/fr\\\/produit\\\/head-extreme-elite-2023-3\\\/#breadcrumb\",\"itemListElement\":[{\"@type\":\"ListItem\",\"position\":1,\"name\":\"Portada\",\"item\":\"https:\\\/\\\/revolutionpadelstore.com\\\/fr\\\/\"},{\"@type\":\"ListItem\",\"position\":2,\"name\":\"Boutique\",\"item\":\"https:\\\/\\\/revolutionpadelstore.com\\\/fr\\\/tienda\\\/\"},{\"@type\":\"ListItem\",\"position\":3,\"name\":\"HEAD EXTREME ELITE 2023\"}]},{\"@type\":\"WebSite\",\"@id\":\"https:\\\/\\\/revolutionpadelstore.com\\\/fr\\\/#website\",\"url\":\"https:\\\/\\\/revolutionpadelstore.com\\\/fr\\\/\",\"name\":\"Revolution Padel Store\",\"description\":\"\",\"publisher\":{\"@id\":\"https:\\\/\\\/revolutionpadelstore.com\\\/fr\\\/#organization\"},\"potentialAction\":[{\"@type\":\"SearchAction\",\"target\":{\"@type\":\"EntryPoint\",\"urlTemplate\":\"https:\\\/\\\/revolutionpadelstore.com\\\/fr\\\/?s={search_term_string}\"},\"query-input\":{\"@type\":\"PropertyValueSpecification\",\"valueRequired\":true,\"valueName\":\"search_term_string\"}}],\"inLanguage\":\"fr-FR\"},{\"@type\":\"Organization\",\"@id\":\"https:\\\/\\\/revolutionpadelstore.com\\\/fr\\\/#organization\",\"name\":\"Revolution Padel Store\",\"url\":\"https:\\\/\\\/revolutionpadelstore.com\\\/fr\\\/\",\"logo\":{\"@type\":\"ImageObject\",\"inLanguage\":\"fr-FR\",\"@id\":\"https:\\\/\\\/revolutionpadelstore.com\\\/fr\\\/#\\\/schema\\\/logo\\\/image\\\/\",\"url\":\"https:\\\/\\\/revolutionpadelstore.com\\\/wp-content\\\/uploads\\\/2026\\\/02\\\/revolution-padel-store.jpg\",\"contentUrl\":\"https:\\\/\\\/revolutionpadelstore.com\\\/wp-content\\\/uploads\\\/2026\\\/02\\\/revolution-padel-store.jpg\",\"width\":2000,\"height\":2000,\"caption\":\"Revolution Padel Store\"},\"image\":{\"@id\":\"https:\\\/\\\/revolutionpadelstore.com\\\/fr\\\/#\\\/schema\\\/logo\\\/image\\\/\"},\"sameAs\":[\"https:\\\/\\\/www.instagram.com\\\/revolutionpadelstore\\\/\"]}]}<\/script>\n<!-- \/ Yoast SEO plugin. -->","yoast_head_json":{"title":"HEAD EXTREME ELITE 2023 - Revolution Padel Store","description":"Head Extreme Elite 2023, pala de fibra de vidrio con tecnolog\u00eda Auxetic. Dise\u00f1o en forma de diamante para jugadores de p\u00e1del de nivel intermedio.","robots":{"index":"index","follow":"follow","max-snippet":"max-snippet:-1","max-image-preview":"max-image-preview:large","max-video-preview":"max-video-preview:-1"},"canonical":"https:\/\/revolutionpadelstore.com\/fr\/produit\/head-extreme-elite-2023-3\/","og_locale":"fr_FR","og_type":"article","og_title":"HEAD EXTREME ELITE 2023 - Revolution Padel Store","og_description":"Head Extreme Elite 2023, pala de fibra de vidrio con tecnolog\u00eda Auxetic. Dise\u00f1o en forma de diamante para jugadores de p\u00e1del de nivel intermedio.","og_url":"https:\/\/revolutionpadelstore.com\/fr\/produit\/head-extreme-elite-2023-3\/","og_site_name":"Revolution Padel Store","article_modified_time":"2026-04-08T12:59:58+00:00","og_image":[{"width":1500,"height":1500,"url":"https:\/\/revolutionpadelstore.com\/wp-content\/uploads\/2024\/03\/110100_pala_head_extreme_elite_2023_223033_1500x1500_vista1_0670.webp","type":"image\/webp"}],"twitter_card":"summary_large_image","twitter_misc":{"Dur\u00e9e de lecture estim\u00e9e":"2 minutes"},"schema":{"@context":"https:\/\/schema.org","@graph":[{"@type":"WebPage","@id":"https:\/\/revolutionpadelstore.com\/fr\/produit\/head-extreme-elite-2023-3\/","url":"https:\/\/revolutionpadelstore.com\/fr\/produit\/head-extreme-elite-2023-3\/","name":"HEAD EXTREME ELITE 2023 - Revolution Padel Store","isPartOf":{"@id":"https:\/\/revolutionpadelstore.com\/fr\/#website"},"primaryImageOfPage":{"@id":"https:\/\/revolutionpadelstore.com\/fr\/produit\/head-extreme-elite-2023-3\/#primaryimage"},"image":{"@id":"https:\/\/revolutionpadelstore.com\/fr\/produit\/head-extreme-elite-2023-3\/#primaryimage"},"thumbnailUrl":"https:\/\/revolutionpadelstore.com\/wp-content\/uploads\/2024\/03\/110100_pala_head_extreme_elite_2023_223033_1500x1500_vista1_0670.webp","datePublished":"2024-03-15T12:25:22+00:00","dateModified":"2026-04-08T12:59:58+00:00","description":"Head Extreme Elite 2023, pala de fibra de vidrio con tecnolog\u00eda Auxetic. Dise\u00f1o en forma de diamante para jugadores de p\u00e1del de nivel intermedio.","breadcrumb":{"@id":"https:\/\/revolutionpadelstore.com\/fr\/produit\/head-extreme-elite-2023-3\/#breadcrumb"},"inLanguage":"fr-FR","potentialAction":[{"@type":"ReadAction","target":["https:\/\/revolutionpadelstore.com\/fr\/produit\/head-extreme-elite-2023-3\/"]}]},{"@type":"ImageObject","inLanguage":"fr-FR","@id":"https:\/\/revolutionpadelstore.com\/fr\/produit\/head-extreme-elite-2023-3\/#primaryimage","url":"https:\/\/revolutionpadelstore.com\/wp-content\/uploads\/2024\/03\/110100_pala_head_extreme_elite_2023_223033_1500x1500_vista1_0670.webp","contentUrl":"https:\/\/revolutionpadelstore.com\/wp-content\/uploads\/2024\/03\/110100_pala_head_extreme_elite_2023_223033_1500x1500_vista1_0670.webp","width":1500,"height":1500},{"@type":"BreadcrumbList","@id":"https:\/\/revolutionpadelstore.com\/fr\/produit\/head-extreme-elite-2023-3\/#breadcrumb","itemListElement":[{"@type":"ListItem","position":1,"name":"Portada","item":"https:\/\/revolutionpadelstore.com\/fr\/"},{"@type":"ListItem","position":2,"name":"Boutique","item":"https:\/\/revolutionpadelstore.com\/fr\/tienda\/"},{"@type":"ListItem","position":3,"name":"HEAD EXTREME ELITE 2023"}]},{"@type":"WebSite","@id":"https:\/\/revolutionpadelstore.com\/fr\/#website","url":"https:\/\/revolutionpadelstore.com\/fr\/","name":"Revolution Padel Store","description":"","publisher":{"@id":"https:\/\/revolutionpadelstore.com\/fr\/#organization"},"potentialAction":[{"@type":"SearchAction","target":{"@type":"EntryPoint","urlTemplate":"https:\/\/revolutionpadelstore.com\/fr\/?s={search_term_string}"},"query-input":{"@type":"PropertyValueSpecification","valueRequired":true,"valueName":"search_term_string"}}],"inLanguage":"fr-FR"},{"@type":"Organization","@id":"https:\/\/revolutionpadelstore.com\/fr\/#organization","name":"Revolution Padel Store","url":"https:\/\/revolutionpadelstore.com\/fr\/","logo":{"@type":"ImageObject","inLanguage":"fr-FR","@id":"https:\/\/revolutionpadelstore.com\/fr\/#\/schema\/logo\/image\/","url":"https:\/\/revolutionpadelstore.com\/wp-content\/uploads\/2026\/02\/revolution-padel-store.jpg","contentUrl":"https:\/\/revolutionpadelstore.com\/wp-content\/uploads\/2026\/02\/revolution-padel-store.jpg","width":2000,"height":2000,"caption":"Revolution Padel Store"},"image":{"@id":"https:\/\/revolutionpadelstore.com\/fr\/#\/schema\/logo\/image\/"},"sameAs":["https:\/\/www.instagram.com\/revolutionpadelstore\/"]}]}},"_links":{"self":[{"href":"https:\/\/revolutionpadelstore.com\/fr\/wp-json\/wp\/v2\/product\/20355","targetHints":{"allow":["GET"]}}],"collection":[{"href":"https:\/\/revolutionpadelstore.com\/fr\/wp-json\/wp\/v2\/product"}],"about":[{"href":"https:\/\/revolutionpadelstore.com\/fr\/wp-json\/wp\/v2\/types\/product"}],"replies":[{"embeddable":true,"href":"https:\/\/revolutionpadelstore.com\/fr\/wp-json\/wp\/v2\/comments?post=20355"}],"wp:featuredmedia":[{"embeddable":true,"href":"https:\/\/revolutionpadelstore.com\/fr\/wp-json\/wp\/v2\/media\/52288"}],"wp:attachment":[{"href":"https:\/\/revolutionpadelstore.com\/fr\/wp-json\/wp\/v2\/media?parent=20355"}],"wp:term":[{"taxonomy":"acabado","embeddable":true,"href":"https:\/\/revolutionpadelstore.com\/fr\/wp-json\/wp\/v2\/acabado?post=20355"},{"taxonomy":"balance","embeddable":true,"href":"https:\/\/revolutionpadelstore.com\/fr\/wp-json\/wp\/v2\/balance?post=20355"},{"taxonomy":"dureza","embeddable":true,"href":"https:\/\/revolutionpadelstore.com\/fr\/wp-json\/wp\/v2\/dureza?post=20355"},{"taxonomy":"forma","embeddable":true,"href":"https:\/\/revolutionpadelstore.com\/fr\/wp-json\/wp\/v2\/forma?post=20355"},{"taxonomy":"jugador","embeddable":true,"href":"https:\/\/revolutionpadelstore.com\/fr\/wp-json\/wp\/v2\/jugador?post=20355"},{"taxonomy":"marca","embeddable":true,"href":"https:\/\/revolutionpadelstore.com\/fr\/wp-json\/wp\/v2\/marca?post=20355"},{"taxonomy":"nivel-de-juego","embeddable":true,"href":"https:\/\/revolutionpadelstore.com\/fr\/wp-json\/wp\/v2\/nivel-de-juego?post=20355"},{"taxonomy":"superficie","embeddable":true,"href":"https:\/\/revolutionpadelstore.com\/fr\/wp-json\/wp\/v2\/superficie?post=20355"},{"taxonomy":"tipo-de-juego","embeddable":true,"href":"https:\/\/revolutionpadelstore.com\/fr\/wp-json\/wp\/v2\/tipo-de-juego?post=20355"},{"taxonomy":"product_brand","embeddable":true,"href":"https:\/\/revolutionpadelstore.com\/fr\/wp-json\/wp\/v2\/product_brand?post=20355"},{"taxonomy":"product_cat","embeddable":true,"href":"https:\/\/revolutionpadelstore.com\/fr\/wp-json\/wp\/v2\/product_cat?post=20355"},{"taxonomy":"product_tag","embeddable":true,"href":"https:\/\/revolutionpadelstore.com\/fr\/wp-json\/wp\/v2\/product_tag?post=20355"}],"curies":[{"name":"wp","href":"https:\/\/api.w.org\/{rel}","templated":true}]}}