{"id":20350,"date":"2024-03-19T19:52:33","date_gmt":"2024-03-19T18:52:33","guid":{"rendered":"https:\/\/revolutionpadelstore.com\/head-speed-pro-2023\/"},"modified":"2026-04-08T14:59:26","modified_gmt":"2026-04-08T12:59:26","slug":"head-speed-pro-2023-3","status":"publish","type":"product","link":"https:\/\/revolutionpadelstore.com\/fr\/produit\/head-speed-pro-2023-3\/","title":{"rendered":"HEAD SPEED PRO 2023"},"content":{"rendered":"<h2>Head Speed \u200b\u200b\u200b\u200bPro, les meilleures performances avec un design incomparable<\/h2>\n<p>La nouvelle raquette <strong>HEAD SPEED PRO 2023<\/strong> pr\u00e9sente un design moderne avec une finition brillante, avec des d\u00e9tails cuivr\u00e9s et noirs sur une couleur de base gris fonc\u00e9. Cette colorim\u00e9trie conf\u00e8re \u00e0 la raquette une sobri\u00e9t\u00e9 et une \u00e9l\u00e9gance in\u00e9gal\u00e9es qui feront de votre jeu un objet \u00e0 voir.<\/p>\n<p>Le mod\u00e8le 2023 est une version mise \u00e0 jour et am\u00e9lior\u00e9e de son pr\u00e9d\u00e9cesseur de l&#8217;ann\u00e9e derni\u00e8re. Il a \u00e9t\u00e9 con\u00e7u pour les joueurs de niveau avanc\u00e9 qui, sur tout type de surface, seront capables d&#8217;attaquer \u00e0 une vitesse sup\u00e9rieure \u00e0 celle de leurs adversaires et de prendre l&#8217;avantage tout au long du match jusqu&#8217;\u00e0 finalement remporter la victoire. Il allie parfaitement <strong>contr\u00f4le et puissance<\/strong>.<\/p>\n<p>Elle a une forme en diamant, avec un \u00e9quilibre \u00e9lev\u00e9 et un sweet spot r\u00e9duit d\u00e9plac\u00e9 vers la zone de la t\u00eate, le point fort de cette raquette est donc la puissance. Il sera votre parfait alli\u00e9 dans vos strat\u00e9gies offensives. <\/strong><\/p>\n<h2>Une raquette de padel \u00e0 la pointe de la technologie<\/h2>\n<p>Il s&#8217;agit d&#8217;une raquette 5 grammes plus l\u00e9g\u00e8re que sa version 2022, qui poss\u00e8de une zone de frappe hybride en <strong>fibre de verre et carbone<\/strong>. La sensation a \u00e9galement \u00e9t\u00e9 am\u00e9lior\u00e9e gr\u00e2ce \u00e0 l&#8217;incorporation d&#8217;un nouveau talon souple sur le manche de la raquette.<\/p>\n<p>Il dispose \u00e9galement d&#8217;un caoutchouc poly\u00e9thyl\u00e8ne int\u00e9gr\u00e9, le caoutchouc Power Foam, qui facilitera une frappe puissante et rapide, et le m\u00eame rendement de balle sera obtenu en exer\u00e7ant moins de force.<\/p>\n<p>D&#8217;autre part, le SPEED PRO 2023 comprend les technologies <em><strong>Graphene Inside<\/strong><\/em>, qui offrent une <strong>plus grande stabilit\u00e9<\/strong> en renfor\u00e7ant le cadre et le Tailored Frame, o\u00f9 chaque La section du tube de lame a \u00e9t\u00e9 construite individuellement pour des performances maximales.<\/p>\n<p>Cette raquette <strong>HEAD<\/strong> a r\u00e9ussi \u00e0 gagner en polyvalence gr\u00e2ce \u00e0 la technologie <strong>Auxetic<\/strong>, qui a consid\u00e9rablement am\u00e9lior\u00e9 la sensation d&#8217;impact et peut offrir plus de puissance \u00e0 chaque coup.<\/p>\n<p>De son c\u00f4t\u00e9, le Smart Bridge s&#8217;adapte dans la zone du bridge aux besoins de chaque type de jeu. Il faut \u00e9galement mentionner les technologies <em><strong>Soft Butt Cap<\/strong><\/em> et le <strong><em>Optimized Sweet Spot.<\/em><\/strong><\/p>\n","protected":false},"excerpt":{"rendered":"<p>Con\u00e7ue pour les joueurs de niveau avanc\u00e9, la nouvelle HEAD SPEED PRO 2023 d\u00e9barque chez P\u0101del Nuestro. C&#8217;est une raquette polyvalente avec laquelle vous gagnerez en vitesse sur le terrain.<\/p>\n","protected":false},"featured_media":52280,"comment_status":"open","ping_status":"closed","template":"","meta":{"_acf_changed":false,"_joinchat":[]},"acabado":[1082],"balance":[1137],"dureza":[1157],"forma":[1187],"jugador":[1192,1202],"marca":[1222],"nivel-de-juego":[1337],"superficie":[1357],"tipo-de-juego":[1377],"product_brand":[],"product_cat":[302],"product_tag":[],"class_list":{"0":"post-20350","1":"product","2":"type-product","3":"status-publish","4":"has-post-thumbnail","6":"acabado-luminosite","7":"balance-eleve","8":"dureza-media-fr","9":"forma-lagrima-fr","10":"jugador-homme","11":"jugador-polivalente-fr","12":"marca-tete","13":"superficie-lise","14":"tipo-de-juego-puissance","15":"product_cat-palas-de-padel-fr","17":"first","18":"instock","19":"sale","20":"taxable","21":"shipping-taxable","22":"purchasable","23":"product-type-simple"},"acf":[],"yoast_head":"<!-- This site is optimized with the Yoast SEO plugin v27.4 - https:\/\/yoast.com\/product\/yoast-seo-wordpress\/ -->\n<title>HEAD SPEED PRO 2023 - Revolution Padel Store<\/title>\n<meta name=\"description\" content=\"Dise\u00f1ada para jugadores de nivel avanzado, aterriza en P\u0101del Nuestro la nueva HEAD SPEED PRO 2023. Es una pala polivalente con la que ganar\u00e1s velocidad en la pista.\" \/>\n<meta name=\"robots\" content=\"index, follow, max-snippet:-1, max-image-preview:large, max-video-preview:-1\" \/>\n<link rel=\"canonical\" href=\"https:\/\/revolutionpadelstore.com\/fr\/produit\/head-speed-pro-2023-3\/\" \/>\n<meta property=\"og:locale\" content=\"fr_FR\" \/>\n<meta property=\"og:type\" content=\"article\" \/>\n<meta property=\"og:title\" content=\"HEAD SPEED PRO 2023 - Revolution Padel Store\" \/>\n<meta property=\"og:description\" content=\"Dise\u00f1ada para jugadores de nivel avanzado, aterriza en P\u0101del Nuestro la nueva HEAD SPEED PRO 2023. Es una pala polivalente con la que ganar\u00e1s velocidad en la pista.\" \/>\n<meta property=\"og:url\" content=\"https:\/\/revolutionpadelstore.com\/fr\/produit\/head-speed-pro-2023-3\/\" \/>\n<meta property=\"og:site_name\" content=\"Revolution Padel Store\" \/>\n<meta property=\"article:modified_time\" content=\"2026-04-08T12:59:26+00:00\" \/>\n<meta property=\"og:image\" content=\"https:\/\/revolutionpadelstore.com\/wp-content\/uploads\/2024\/03\/32509_head_speed_pro_2023_221013_1500x1500_vista1_3db9.webp\" \/>\n\t<meta property=\"og:image:width\" content=\"1500\" \/>\n\t<meta property=\"og:image:height\" content=\"1500\" \/>\n\t<meta property=\"og:image:type\" content=\"image\/webp\" \/>\n<meta name=\"twitter:card\" content=\"summary_large_image\" \/>\n<meta name=\"twitter:label1\" content=\"Dur\u00e9e de lecture estim\u00e9e\" \/>\n\t<meta name=\"twitter:data1\" content=\"2 minutes\" \/>\n<script type=\"application\/ld+json\" class=\"yoast-schema-graph\">{\"@context\":\"https:\\\/\\\/schema.org\",\"@graph\":[{\"@type\":\"WebPage\",\"@id\":\"https:\\\/\\\/revolutionpadelstore.com\\\/fr\\\/produit\\\/head-speed-pro-2023-3\\\/\",\"url\":\"https:\\\/\\\/revolutionpadelstore.com\\\/fr\\\/produit\\\/head-speed-pro-2023-3\\\/\",\"name\":\"HEAD SPEED PRO 2023 - Revolution Padel Store\",\"isPartOf\":{\"@id\":\"https:\\\/\\\/revolutionpadelstore.com\\\/fr\\\/#website\"},\"primaryImageOfPage\":{\"@id\":\"https:\\\/\\\/revolutionpadelstore.com\\\/fr\\\/produit\\\/head-speed-pro-2023-3\\\/#primaryimage\"},\"image\":{\"@id\":\"https:\\\/\\\/revolutionpadelstore.com\\\/fr\\\/produit\\\/head-speed-pro-2023-3\\\/#primaryimage\"},\"thumbnailUrl\":\"https:\\\/\\\/revolutionpadelstore.com\\\/wp-content\\\/uploads\\\/2024\\\/03\\\/32509_head_speed_pro_2023_221013_1500x1500_vista1_3db9.webp\",\"datePublished\":\"2024-03-19T18:52:33+00:00\",\"dateModified\":\"2026-04-08T12:59:26+00:00\",\"description\":\"Dise\u00f1ada para jugadores de nivel avanzado, aterriza en P\u0101del Nuestro la nueva HEAD SPEED PRO 2023. Es una pala polivalente con la que ganar\u00e1s velocidad en la pista.\",\"breadcrumb\":{\"@id\":\"https:\\\/\\\/revolutionpadelstore.com\\\/fr\\\/produit\\\/head-speed-pro-2023-3\\\/#breadcrumb\"},\"inLanguage\":\"fr-FR\",\"potentialAction\":[{\"@type\":\"ReadAction\",\"target\":[\"https:\\\/\\\/revolutionpadelstore.com\\\/fr\\\/produit\\\/head-speed-pro-2023-3\\\/\"]}]},{\"@type\":\"ImageObject\",\"inLanguage\":\"fr-FR\",\"@id\":\"https:\\\/\\\/revolutionpadelstore.com\\\/fr\\\/produit\\\/head-speed-pro-2023-3\\\/#primaryimage\",\"url\":\"https:\\\/\\\/revolutionpadelstore.com\\\/wp-content\\\/uploads\\\/2024\\\/03\\\/32509_head_speed_pro_2023_221013_1500x1500_vista1_3db9.webp\",\"contentUrl\":\"https:\\\/\\\/revolutionpadelstore.com\\\/wp-content\\\/uploads\\\/2024\\\/03\\\/32509_head_speed_pro_2023_221013_1500x1500_vista1_3db9.webp\",\"width\":1500,\"height\":1500},{\"@type\":\"BreadcrumbList\",\"@id\":\"https:\\\/\\\/revolutionpadelstore.com\\\/fr\\\/produit\\\/head-speed-pro-2023-3\\\/#breadcrumb\",\"itemListElement\":[{\"@type\":\"ListItem\",\"position\":1,\"name\":\"Portada\",\"item\":\"https:\\\/\\\/revolutionpadelstore.com\\\/fr\\\/\"},{\"@type\":\"ListItem\",\"position\":2,\"name\":\"Boutique\",\"item\":\"https:\\\/\\\/revolutionpadelstore.com\\\/fr\\\/tienda\\\/\"},{\"@type\":\"ListItem\",\"position\":3,\"name\":\"HEAD SPEED PRO 2023\"}]},{\"@type\":\"WebSite\",\"@id\":\"https:\\\/\\\/revolutionpadelstore.com\\\/fr\\\/#website\",\"url\":\"https:\\\/\\\/revolutionpadelstore.com\\\/fr\\\/\",\"name\":\"Revolution Padel Store\",\"description\":\"\",\"publisher\":{\"@id\":\"https:\\\/\\\/revolutionpadelstore.com\\\/fr\\\/#organization\"},\"potentialAction\":[{\"@type\":\"SearchAction\",\"target\":{\"@type\":\"EntryPoint\",\"urlTemplate\":\"https:\\\/\\\/revolutionpadelstore.com\\\/fr\\\/?s={search_term_string}\"},\"query-input\":{\"@type\":\"PropertyValueSpecification\",\"valueRequired\":true,\"valueName\":\"search_term_string\"}}],\"inLanguage\":\"fr-FR\"},{\"@type\":\"Organization\",\"@id\":\"https:\\\/\\\/revolutionpadelstore.com\\\/fr\\\/#organization\",\"name\":\"Revolution Padel Store\",\"url\":\"https:\\\/\\\/revolutionpadelstore.com\\\/fr\\\/\",\"logo\":{\"@type\":\"ImageObject\",\"inLanguage\":\"fr-FR\",\"@id\":\"https:\\\/\\\/revolutionpadelstore.com\\\/fr\\\/#\\\/schema\\\/logo\\\/image\\\/\",\"url\":\"https:\\\/\\\/revolutionpadelstore.com\\\/wp-content\\\/uploads\\\/2026\\\/02\\\/revolution-padel-store.jpg\",\"contentUrl\":\"https:\\\/\\\/revolutionpadelstore.com\\\/wp-content\\\/uploads\\\/2026\\\/02\\\/revolution-padel-store.jpg\",\"width\":2000,\"height\":2000,\"caption\":\"Revolution Padel Store\"},\"image\":{\"@id\":\"https:\\\/\\\/revolutionpadelstore.com\\\/fr\\\/#\\\/schema\\\/logo\\\/image\\\/\"},\"sameAs\":[\"https:\\\/\\\/www.instagram.com\\\/revolutionpadelstore\\\/\"]}]}<\/script>\n<!-- \/ Yoast SEO plugin. -->","yoast_head_json":{"title":"HEAD SPEED PRO 2023 - Revolution Padel Store","description":"Dise\u00f1ada para jugadores de nivel avanzado, aterriza en P\u0101del Nuestro la nueva HEAD SPEED PRO 2023. Es una pala polivalente con la que ganar\u00e1s velocidad en la pista.","robots":{"index":"index","follow":"follow","max-snippet":"max-snippet:-1","max-image-preview":"max-image-preview:large","max-video-preview":"max-video-preview:-1"},"canonical":"https:\/\/revolutionpadelstore.com\/fr\/produit\/head-speed-pro-2023-3\/","og_locale":"fr_FR","og_type":"article","og_title":"HEAD SPEED PRO 2023 - Revolution Padel Store","og_description":"Dise\u00f1ada para jugadores de nivel avanzado, aterriza en P\u0101del Nuestro la nueva HEAD SPEED PRO 2023. Es una pala polivalente con la que ganar\u00e1s velocidad en la pista.","og_url":"https:\/\/revolutionpadelstore.com\/fr\/produit\/head-speed-pro-2023-3\/","og_site_name":"Revolution Padel Store","article_modified_time":"2026-04-08T12:59:26+00:00","og_image":[{"width":1500,"height":1500,"url":"https:\/\/revolutionpadelstore.com\/wp-content\/uploads\/2024\/03\/32509_head_speed_pro_2023_221013_1500x1500_vista1_3db9.webp","type":"image\/webp"}],"twitter_card":"summary_large_image","twitter_misc":{"Dur\u00e9e de lecture estim\u00e9e":"2 minutes"},"schema":{"@context":"https:\/\/schema.org","@graph":[{"@type":"WebPage","@id":"https:\/\/revolutionpadelstore.com\/fr\/produit\/head-speed-pro-2023-3\/","url":"https:\/\/revolutionpadelstore.com\/fr\/produit\/head-speed-pro-2023-3\/","name":"HEAD SPEED PRO 2023 - Revolution Padel Store","isPartOf":{"@id":"https:\/\/revolutionpadelstore.com\/fr\/#website"},"primaryImageOfPage":{"@id":"https:\/\/revolutionpadelstore.com\/fr\/produit\/head-speed-pro-2023-3\/#primaryimage"},"image":{"@id":"https:\/\/revolutionpadelstore.com\/fr\/produit\/head-speed-pro-2023-3\/#primaryimage"},"thumbnailUrl":"https:\/\/revolutionpadelstore.com\/wp-content\/uploads\/2024\/03\/32509_head_speed_pro_2023_221013_1500x1500_vista1_3db9.webp","datePublished":"2024-03-19T18:52:33+00:00","dateModified":"2026-04-08T12:59:26+00:00","description":"Dise\u00f1ada para jugadores de nivel avanzado, aterriza en P\u0101del Nuestro la nueva HEAD SPEED PRO 2023. Es una pala polivalente con la que ganar\u00e1s velocidad en la pista.","breadcrumb":{"@id":"https:\/\/revolutionpadelstore.com\/fr\/produit\/head-speed-pro-2023-3\/#breadcrumb"},"inLanguage":"fr-FR","potentialAction":[{"@type":"ReadAction","target":["https:\/\/revolutionpadelstore.com\/fr\/produit\/head-speed-pro-2023-3\/"]}]},{"@type":"ImageObject","inLanguage":"fr-FR","@id":"https:\/\/revolutionpadelstore.com\/fr\/produit\/head-speed-pro-2023-3\/#primaryimage","url":"https:\/\/revolutionpadelstore.com\/wp-content\/uploads\/2024\/03\/32509_head_speed_pro_2023_221013_1500x1500_vista1_3db9.webp","contentUrl":"https:\/\/revolutionpadelstore.com\/wp-content\/uploads\/2024\/03\/32509_head_speed_pro_2023_221013_1500x1500_vista1_3db9.webp","width":1500,"height":1500},{"@type":"BreadcrumbList","@id":"https:\/\/revolutionpadelstore.com\/fr\/produit\/head-speed-pro-2023-3\/#breadcrumb","itemListElement":[{"@type":"ListItem","position":1,"name":"Portada","item":"https:\/\/revolutionpadelstore.com\/fr\/"},{"@type":"ListItem","position":2,"name":"Boutique","item":"https:\/\/revolutionpadelstore.com\/fr\/tienda\/"},{"@type":"ListItem","position":3,"name":"HEAD SPEED PRO 2023"}]},{"@type":"WebSite","@id":"https:\/\/revolutionpadelstore.com\/fr\/#website","url":"https:\/\/revolutionpadelstore.com\/fr\/","name":"Revolution Padel Store","description":"","publisher":{"@id":"https:\/\/revolutionpadelstore.com\/fr\/#organization"},"potentialAction":[{"@type":"SearchAction","target":{"@type":"EntryPoint","urlTemplate":"https:\/\/revolutionpadelstore.com\/fr\/?s={search_term_string}"},"query-input":{"@type":"PropertyValueSpecification","valueRequired":true,"valueName":"search_term_string"}}],"inLanguage":"fr-FR"},{"@type":"Organization","@id":"https:\/\/revolutionpadelstore.com\/fr\/#organization","name":"Revolution Padel Store","url":"https:\/\/revolutionpadelstore.com\/fr\/","logo":{"@type":"ImageObject","inLanguage":"fr-FR","@id":"https:\/\/revolutionpadelstore.com\/fr\/#\/schema\/logo\/image\/","url":"https:\/\/revolutionpadelstore.com\/wp-content\/uploads\/2026\/02\/revolution-padel-store.jpg","contentUrl":"https:\/\/revolutionpadelstore.com\/wp-content\/uploads\/2026\/02\/revolution-padel-store.jpg","width":2000,"height":2000,"caption":"Revolution Padel Store"},"image":{"@id":"https:\/\/revolutionpadelstore.com\/fr\/#\/schema\/logo\/image\/"},"sameAs":["https:\/\/www.instagram.com\/revolutionpadelstore\/"]}]}},"_links":{"self":[{"href":"https:\/\/revolutionpadelstore.com\/fr\/wp-json\/wp\/v2\/product\/20350","targetHints":{"allow":["GET"]}}],"collection":[{"href":"https:\/\/revolutionpadelstore.com\/fr\/wp-json\/wp\/v2\/product"}],"about":[{"href":"https:\/\/revolutionpadelstore.com\/fr\/wp-json\/wp\/v2\/types\/product"}],"replies":[{"embeddable":true,"href":"https:\/\/revolutionpadelstore.com\/fr\/wp-json\/wp\/v2\/comments?post=20350"}],"wp:featuredmedia":[{"embeddable":true,"href":"https:\/\/revolutionpadelstore.com\/fr\/wp-json\/wp\/v2\/media\/52280"}],"wp:attachment":[{"href":"https:\/\/revolutionpadelstore.com\/fr\/wp-json\/wp\/v2\/media?parent=20350"}],"wp:term":[{"taxonomy":"acabado","embeddable":true,"href":"https:\/\/revolutionpadelstore.com\/fr\/wp-json\/wp\/v2\/acabado?post=20350"},{"taxonomy":"balance","embeddable":true,"href":"https:\/\/revolutionpadelstore.com\/fr\/wp-json\/wp\/v2\/balance?post=20350"},{"taxonomy":"dureza","embeddable":true,"href":"https:\/\/revolutionpadelstore.com\/fr\/wp-json\/wp\/v2\/dureza?post=20350"},{"taxonomy":"forma","embeddable":true,"href":"https:\/\/revolutionpadelstore.com\/fr\/wp-json\/wp\/v2\/forma?post=20350"},{"taxonomy":"jugador","embeddable":true,"href":"https:\/\/revolutionpadelstore.com\/fr\/wp-json\/wp\/v2\/jugador?post=20350"},{"taxonomy":"marca","embeddable":true,"href":"https:\/\/revolutionpadelstore.com\/fr\/wp-json\/wp\/v2\/marca?post=20350"},{"taxonomy":"nivel-de-juego","embeddable":true,"href":"https:\/\/revolutionpadelstore.com\/fr\/wp-json\/wp\/v2\/nivel-de-juego?post=20350"},{"taxonomy":"superficie","embeddable":true,"href":"https:\/\/revolutionpadelstore.com\/fr\/wp-json\/wp\/v2\/superficie?post=20350"},{"taxonomy":"tipo-de-juego","embeddable":true,"href":"https:\/\/revolutionpadelstore.com\/fr\/wp-json\/wp\/v2\/tipo-de-juego?post=20350"},{"taxonomy":"product_brand","embeddable":true,"href":"https:\/\/revolutionpadelstore.com\/fr\/wp-json\/wp\/v2\/product_brand?post=20350"},{"taxonomy":"product_cat","embeddable":true,"href":"https:\/\/revolutionpadelstore.com\/fr\/wp-json\/wp\/v2\/product_cat?post=20350"},{"taxonomy":"product_tag","embeddable":true,"href":"https:\/\/revolutionpadelstore.com\/fr\/wp-json\/wp\/v2\/product_tag?post=20350"}],"curies":[{"name":"wp","href":"https:\/\/api.w.org\/{rel}","templated":true}]}}