{"id":20345,"date":"2024-03-19T19:57:26","date_gmt":"2024-03-19T18:57:26","guid":{"rendered":"https:\/\/revolutionpadelstore.com\/head-speed-motion-2023\/"},"modified":"2026-04-08T14:58:47","modified_gmt":"2026-04-08T12:58:47","slug":"head-speed-motion-2023-3","status":"publish","type":"product","link":"https:\/\/revolutionpadelstore.com\/fr\/produit\/head-speed-motion-2023-3\/","title":{"rendered":"HEAD SPEED MOTION 2023"},"content":{"rendered":"<h2>D\u00e9marquez-vous dans vos matchs gr\u00e2ce au SPEED MOTION 2023 de HEAD<\/h2>\n<p><strong>P\u0101del Nuestro<\/strong> vous propose les meilleurs produits. C&#8217;est pour cette raison que nous vous pr\u00e9sentons la nouvelle ligne de la marque <strong>HEAD<\/strong>, la nouvelle collection de la gamme <strong>SPEED<\/strong>. Au sein de cette cat\u00e9gorie, la raquette la plus l\u00e9g\u00e8re est la <strong>SPEED MOTION 2023.<\/strong><\/p>\n<p>La nouvelle raquette SPEED MOTION 2023 est une raquette super polyvalente et tr\u00e8s maniable qui vous offre un jeu rapide. Avec cette raquette en forme de larme et son \u00e9quilibre interm\u00e9diaire, les joueurs d&#8217;un niveau plus avanc\u00e9 pourront jouer beaucoup plus vite et r\u00e9aliser un jeu dynamique.<\/p>\n<p>Approuv\u00e9e par la joueuse professionnelle <strong>Ariana S\u00e1nchez<\/strong>, \u00e0 l&#8217;ext\u00e9rieur du <strong>SPEED MOTION 2023<\/strong>, on retrouve une zone de frappe hybride en <strong>carbone et fibre de verre <\/strong>. Tandis que dans le noyau interne de la raquette, nous trouvons la <strong> <em>Power Foam<\/em><\/strong> en caoutchouc, qui vous donne vitesse et puissance \u00e0 chaque coup.<\/p>\n<h3>Vous gagnerez en puissance ainsi qu&#8217;en contr\u00f4le avec le nouveau HEAD SPEED MOTION 2023<\/h3>\n<p>Si l&#8217;on parle des technologies qu&#8217;int\u00e8gre cette magnifique raquette, il est in\u00e9vitable de mentionner la technologie star de cette raquette, la <em><strong>Auxetic<\/strong><\/em>, qui procure une meilleure sensation d&#8217;impact et aussi beaucoup plus de puissance dans les coups<\/p>\n<p>Un bon mat\u00e9riau \u00e0 utiliser \u00e0 l&#8217;int\u00e9rieur de la raquette est le graph\u00e8ne, c&#8217;est pourquoi le cadre a \u00e9t\u00e9 renforc\u00e9 avec le <strong><em>Graphene Inside<\/em><\/strong>, ce qui permet au joueur plus de stabilit\u00e9, mais aussi la possibilit\u00e9 de optimisant le transfert d&#8217;\u00e9nergie qui atteint la balle \u00e0 travers la lame.<\/p>\n<p>Un autre d\u00e9tail important est que, sur le protecteur IBS2 int\u00e9gr\u00e9 (<em><strong>Integrated Bumper System 2<\/strong><\/em>) a \u00e9t\u00e9 plac\u00e9e la technologie <strong>Anti Shock Skin<\/strong>, une feuille de Polym\u00e8re de haute qualit\u00e9 qui prot\u00e8ge la raquette des \u00e9ventuels chocs et rayures auxquels elle pourrait \u00eatre expos\u00e9e lors d&#8217;un match. De m\u00eame, un nouveau <strong>talon souple<\/strong> a \u00e9t\u00e9 ajout\u00e9 \u00e0 la poign\u00e9e qui am\u00e9liore le toucher en la rendant plus douce.<\/p>\n<h2>Destaca en tus partidos gracias a la SPEED MOTION 2023 de HEAD<\/h2>\n","protected":false},"excerpt":{"rendered":"<p>Avec la technologie innovante Auxetic, la nouvelle raquette HEAD SPEED MOTION 2023 est approuv\u00e9e par Ari S\u00e1nchez et pr\u00e9sente un design moderne qui combine le noir et le cuivre.<\/p>\n","protected":false},"featured_media":52262,"comment_status":"open","ping_status":"closed","template":"","meta":{"_acf_changed":false,"_joinchat":[]},"acabado":[1082],"balance":[1137],"dureza":[1157],"forma":[1187],"jugador":[1192,1202],"marca":[1222],"nivel-de-juego":[1337],"superficie":[1357],"tipo-de-juego":[1377],"product_brand":[],"product_cat":[302],"product_tag":[],"class_list":{"0":"post-20345","1":"product","2":"type-product","3":"status-publish","4":"has-post-thumbnail","6":"acabado-luminosite","7":"balance-eleve","8":"dureza-media-fr","9":"forma-lagrima-fr","10":"jugador-homme","11":"jugador-polivalente-fr","12":"marca-tete","13":"superficie-lise","14":"tipo-de-juego-puissance","15":"product_cat-palas-de-padel-fr","17":"first","18":"instock","19":"sale","20":"taxable","21":"shipping-taxable","22":"purchasable","23":"product-type-simple"},"acf":[],"yoast_head":"<!-- This site is optimized with the Yoast SEO plugin v27.4 - https:\/\/yoast.com\/product\/yoast-seo-wordpress\/ -->\n<title>HEAD SPEED MOTION 2023 - Revolution Padel Store<\/title>\n<meta name=\"description\" content=\"Con la innovadora tecnolog\u00eda Auxetic, la nueva pala HEAD SPEED MOTION 2023, est\u00e1 avalada por Ari S\u00e1nchez y tiene un dise\u00f1o moderno que combina el negro y el cobre.\" \/>\n<meta name=\"robots\" content=\"index, follow, max-snippet:-1, max-image-preview:large, max-video-preview:-1\" \/>\n<link rel=\"canonical\" href=\"https:\/\/revolutionpadelstore.com\/fr\/produit\/head-speed-motion-2023-3\/\" \/>\n<meta property=\"og:locale\" content=\"fr_FR\" \/>\n<meta property=\"og:type\" content=\"article\" \/>\n<meta property=\"og:title\" content=\"HEAD SPEED MOTION 2023 - Revolution Padel Store\" \/>\n<meta property=\"og:description\" content=\"Con la innovadora tecnolog\u00eda Auxetic, la nueva pala HEAD SPEED MOTION 2023, est\u00e1 avalada por Ari S\u00e1nchez y tiene un dise\u00f1o moderno que combina el negro y el cobre.\" \/>\n<meta property=\"og:url\" content=\"https:\/\/revolutionpadelstore.com\/fr\/produit\/head-speed-motion-2023-3\/\" \/>\n<meta property=\"og:site_name\" content=\"Revolution Padel Store\" \/>\n<meta property=\"article:modified_time\" content=\"2026-04-08T12:58:47+00:00\" \/>\n<meta property=\"og:image\" content=\"https:\/\/revolutionpadelstore.com\/wp-content\/uploads\/2024\/03\/head_speed_motion_2023_221023_32510_1_2eaf.webp\" \/>\n\t<meta property=\"og:image:width\" content=\"1500\" \/>\n\t<meta property=\"og:image:height\" content=\"1500\" \/>\n\t<meta property=\"og:image:type\" content=\"image\/webp\" \/>\n<meta name=\"twitter:card\" content=\"summary_large_image\" \/>\n<meta name=\"twitter:label1\" content=\"Dur\u00e9e de lecture estim\u00e9e\" \/>\n\t<meta name=\"twitter:data1\" content=\"2 minutes\" \/>\n<script type=\"application\/ld+json\" class=\"yoast-schema-graph\">{\"@context\":\"https:\\\/\\\/schema.org\",\"@graph\":[{\"@type\":\"WebPage\",\"@id\":\"https:\\\/\\\/revolutionpadelstore.com\\\/fr\\\/produit\\\/head-speed-motion-2023-3\\\/\",\"url\":\"https:\\\/\\\/revolutionpadelstore.com\\\/fr\\\/produit\\\/head-speed-motion-2023-3\\\/\",\"name\":\"HEAD SPEED MOTION 2023 - Revolution Padel Store\",\"isPartOf\":{\"@id\":\"https:\\\/\\\/revolutionpadelstore.com\\\/fr\\\/#website\"},\"primaryImageOfPage\":{\"@id\":\"https:\\\/\\\/revolutionpadelstore.com\\\/fr\\\/produit\\\/head-speed-motion-2023-3\\\/#primaryimage\"},\"image\":{\"@id\":\"https:\\\/\\\/revolutionpadelstore.com\\\/fr\\\/produit\\\/head-speed-motion-2023-3\\\/#primaryimage\"},\"thumbnailUrl\":\"https:\\\/\\\/revolutionpadelstore.com\\\/wp-content\\\/uploads\\\/2024\\\/03\\\/head_speed_motion_2023_221023_32510_1_2eaf.webp\",\"datePublished\":\"2024-03-19T18:57:26+00:00\",\"dateModified\":\"2026-04-08T12:58:47+00:00\",\"description\":\"Con la innovadora tecnolog\u00eda Auxetic, la nueva pala HEAD SPEED MOTION 2023, est\u00e1 avalada por Ari S\u00e1nchez y tiene un dise\u00f1o moderno que combina el negro y el cobre.\",\"breadcrumb\":{\"@id\":\"https:\\\/\\\/revolutionpadelstore.com\\\/fr\\\/produit\\\/head-speed-motion-2023-3\\\/#breadcrumb\"},\"inLanguage\":\"fr-FR\",\"potentialAction\":[{\"@type\":\"ReadAction\",\"target\":[\"https:\\\/\\\/revolutionpadelstore.com\\\/fr\\\/produit\\\/head-speed-motion-2023-3\\\/\"]}]},{\"@type\":\"ImageObject\",\"inLanguage\":\"fr-FR\",\"@id\":\"https:\\\/\\\/revolutionpadelstore.com\\\/fr\\\/produit\\\/head-speed-motion-2023-3\\\/#primaryimage\",\"url\":\"https:\\\/\\\/revolutionpadelstore.com\\\/wp-content\\\/uploads\\\/2024\\\/03\\\/head_speed_motion_2023_221023_32510_1_2eaf.webp\",\"contentUrl\":\"https:\\\/\\\/revolutionpadelstore.com\\\/wp-content\\\/uploads\\\/2024\\\/03\\\/head_speed_motion_2023_221023_32510_1_2eaf.webp\",\"width\":1500,\"height\":1500},{\"@type\":\"BreadcrumbList\",\"@id\":\"https:\\\/\\\/revolutionpadelstore.com\\\/fr\\\/produit\\\/head-speed-motion-2023-3\\\/#breadcrumb\",\"itemListElement\":[{\"@type\":\"ListItem\",\"position\":1,\"name\":\"Portada\",\"item\":\"https:\\\/\\\/revolutionpadelstore.com\\\/fr\\\/\"},{\"@type\":\"ListItem\",\"position\":2,\"name\":\"Boutique\",\"item\":\"https:\\\/\\\/revolutionpadelstore.com\\\/fr\\\/tienda\\\/\"},{\"@type\":\"ListItem\",\"position\":3,\"name\":\"HEAD SPEED MOTION 2023\"}]},{\"@type\":\"WebSite\",\"@id\":\"https:\\\/\\\/revolutionpadelstore.com\\\/fr\\\/#website\",\"url\":\"https:\\\/\\\/revolutionpadelstore.com\\\/fr\\\/\",\"name\":\"Revolution Padel Store\",\"description\":\"\",\"publisher\":{\"@id\":\"https:\\\/\\\/revolutionpadelstore.com\\\/fr\\\/#organization\"},\"potentialAction\":[{\"@type\":\"SearchAction\",\"target\":{\"@type\":\"EntryPoint\",\"urlTemplate\":\"https:\\\/\\\/revolutionpadelstore.com\\\/fr\\\/?s={search_term_string}\"},\"query-input\":{\"@type\":\"PropertyValueSpecification\",\"valueRequired\":true,\"valueName\":\"search_term_string\"}}],\"inLanguage\":\"fr-FR\"},{\"@type\":\"Organization\",\"@id\":\"https:\\\/\\\/revolutionpadelstore.com\\\/fr\\\/#organization\",\"name\":\"Revolution Padel Store\",\"url\":\"https:\\\/\\\/revolutionpadelstore.com\\\/fr\\\/\",\"logo\":{\"@type\":\"ImageObject\",\"inLanguage\":\"fr-FR\",\"@id\":\"https:\\\/\\\/revolutionpadelstore.com\\\/fr\\\/#\\\/schema\\\/logo\\\/image\\\/\",\"url\":\"https:\\\/\\\/revolutionpadelstore.com\\\/wp-content\\\/uploads\\\/2026\\\/02\\\/revolution-padel-store.jpg\",\"contentUrl\":\"https:\\\/\\\/revolutionpadelstore.com\\\/wp-content\\\/uploads\\\/2026\\\/02\\\/revolution-padel-store.jpg\",\"width\":2000,\"height\":2000,\"caption\":\"Revolution Padel Store\"},\"image\":{\"@id\":\"https:\\\/\\\/revolutionpadelstore.com\\\/fr\\\/#\\\/schema\\\/logo\\\/image\\\/\"},\"sameAs\":[\"https:\\\/\\\/www.instagram.com\\\/revolutionpadelstore\\\/\"]}]}<\/script>\n<!-- \/ Yoast SEO plugin. -->","yoast_head_json":{"title":"HEAD SPEED MOTION 2023 - Revolution Padel Store","description":"Con la innovadora tecnolog\u00eda Auxetic, la nueva pala HEAD SPEED MOTION 2023, est\u00e1 avalada por Ari S\u00e1nchez y tiene un dise\u00f1o moderno que combina el negro y el cobre.","robots":{"index":"index","follow":"follow","max-snippet":"max-snippet:-1","max-image-preview":"max-image-preview:large","max-video-preview":"max-video-preview:-1"},"canonical":"https:\/\/revolutionpadelstore.com\/fr\/produit\/head-speed-motion-2023-3\/","og_locale":"fr_FR","og_type":"article","og_title":"HEAD SPEED MOTION 2023 - Revolution Padel Store","og_description":"Con la innovadora tecnolog\u00eda Auxetic, la nueva pala HEAD SPEED MOTION 2023, est\u00e1 avalada por Ari S\u00e1nchez y tiene un dise\u00f1o moderno que combina el negro y el cobre.","og_url":"https:\/\/revolutionpadelstore.com\/fr\/produit\/head-speed-motion-2023-3\/","og_site_name":"Revolution Padel Store","article_modified_time":"2026-04-08T12:58:47+00:00","og_image":[{"width":1500,"height":1500,"url":"https:\/\/revolutionpadelstore.com\/wp-content\/uploads\/2024\/03\/head_speed_motion_2023_221023_32510_1_2eaf.webp","type":"image\/webp"}],"twitter_card":"summary_large_image","twitter_misc":{"Dur\u00e9e de lecture estim\u00e9e":"2 minutes"},"schema":{"@context":"https:\/\/schema.org","@graph":[{"@type":"WebPage","@id":"https:\/\/revolutionpadelstore.com\/fr\/produit\/head-speed-motion-2023-3\/","url":"https:\/\/revolutionpadelstore.com\/fr\/produit\/head-speed-motion-2023-3\/","name":"HEAD SPEED MOTION 2023 - Revolution Padel Store","isPartOf":{"@id":"https:\/\/revolutionpadelstore.com\/fr\/#website"},"primaryImageOfPage":{"@id":"https:\/\/revolutionpadelstore.com\/fr\/produit\/head-speed-motion-2023-3\/#primaryimage"},"image":{"@id":"https:\/\/revolutionpadelstore.com\/fr\/produit\/head-speed-motion-2023-3\/#primaryimage"},"thumbnailUrl":"https:\/\/revolutionpadelstore.com\/wp-content\/uploads\/2024\/03\/head_speed_motion_2023_221023_32510_1_2eaf.webp","datePublished":"2024-03-19T18:57:26+00:00","dateModified":"2026-04-08T12:58:47+00:00","description":"Con la innovadora tecnolog\u00eda Auxetic, la nueva pala HEAD SPEED MOTION 2023, est\u00e1 avalada por Ari S\u00e1nchez y tiene un dise\u00f1o moderno que combina el negro y el cobre.","breadcrumb":{"@id":"https:\/\/revolutionpadelstore.com\/fr\/produit\/head-speed-motion-2023-3\/#breadcrumb"},"inLanguage":"fr-FR","potentialAction":[{"@type":"ReadAction","target":["https:\/\/revolutionpadelstore.com\/fr\/produit\/head-speed-motion-2023-3\/"]}]},{"@type":"ImageObject","inLanguage":"fr-FR","@id":"https:\/\/revolutionpadelstore.com\/fr\/produit\/head-speed-motion-2023-3\/#primaryimage","url":"https:\/\/revolutionpadelstore.com\/wp-content\/uploads\/2024\/03\/head_speed_motion_2023_221023_32510_1_2eaf.webp","contentUrl":"https:\/\/revolutionpadelstore.com\/wp-content\/uploads\/2024\/03\/head_speed_motion_2023_221023_32510_1_2eaf.webp","width":1500,"height":1500},{"@type":"BreadcrumbList","@id":"https:\/\/revolutionpadelstore.com\/fr\/produit\/head-speed-motion-2023-3\/#breadcrumb","itemListElement":[{"@type":"ListItem","position":1,"name":"Portada","item":"https:\/\/revolutionpadelstore.com\/fr\/"},{"@type":"ListItem","position":2,"name":"Boutique","item":"https:\/\/revolutionpadelstore.com\/fr\/tienda\/"},{"@type":"ListItem","position":3,"name":"HEAD SPEED MOTION 2023"}]},{"@type":"WebSite","@id":"https:\/\/revolutionpadelstore.com\/fr\/#website","url":"https:\/\/revolutionpadelstore.com\/fr\/","name":"Revolution Padel Store","description":"","publisher":{"@id":"https:\/\/revolutionpadelstore.com\/fr\/#organization"},"potentialAction":[{"@type":"SearchAction","target":{"@type":"EntryPoint","urlTemplate":"https:\/\/revolutionpadelstore.com\/fr\/?s={search_term_string}"},"query-input":{"@type":"PropertyValueSpecification","valueRequired":true,"valueName":"search_term_string"}}],"inLanguage":"fr-FR"},{"@type":"Organization","@id":"https:\/\/revolutionpadelstore.com\/fr\/#organization","name":"Revolution Padel Store","url":"https:\/\/revolutionpadelstore.com\/fr\/","logo":{"@type":"ImageObject","inLanguage":"fr-FR","@id":"https:\/\/revolutionpadelstore.com\/fr\/#\/schema\/logo\/image\/","url":"https:\/\/revolutionpadelstore.com\/wp-content\/uploads\/2026\/02\/revolution-padel-store.jpg","contentUrl":"https:\/\/revolutionpadelstore.com\/wp-content\/uploads\/2026\/02\/revolution-padel-store.jpg","width":2000,"height":2000,"caption":"Revolution Padel Store"},"image":{"@id":"https:\/\/revolutionpadelstore.com\/fr\/#\/schema\/logo\/image\/"},"sameAs":["https:\/\/www.instagram.com\/revolutionpadelstore\/"]}]}},"_links":{"self":[{"href":"https:\/\/revolutionpadelstore.com\/fr\/wp-json\/wp\/v2\/product\/20345","targetHints":{"allow":["GET"]}}],"collection":[{"href":"https:\/\/revolutionpadelstore.com\/fr\/wp-json\/wp\/v2\/product"}],"about":[{"href":"https:\/\/revolutionpadelstore.com\/fr\/wp-json\/wp\/v2\/types\/product"}],"replies":[{"embeddable":true,"href":"https:\/\/revolutionpadelstore.com\/fr\/wp-json\/wp\/v2\/comments?post=20345"}],"wp:featuredmedia":[{"embeddable":true,"href":"https:\/\/revolutionpadelstore.com\/fr\/wp-json\/wp\/v2\/media\/52262"}],"wp:attachment":[{"href":"https:\/\/revolutionpadelstore.com\/fr\/wp-json\/wp\/v2\/media?parent=20345"}],"wp:term":[{"taxonomy":"acabado","embeddable":true,"href":"https:\/\/revolutionpadelstore.com\/fr\/wp-json\/wp\/v2\/acabado?post=20345"},{"taxonomy":"balance","embeddable":true,"href":"https:\/\/revolutionpadelstore.com\/fr\/wp-json\/wp\/v2\/balance?post=20345"},{"taxonomy":"dureza","embeddable":true,"href":"https:\/\/revolutionpadelstore.com\/fr\/wp-json\/wp\/v2\/dureza?post=20345"},{"taxonomy":"forma","embeddable":true,"href":"https:\/\/revolutionpadelstore.com\/fr\/wp-json\/wp\/v2\/forma?post=20345"},{"taxonomy":"jugador","embeddable":true,"href":"https:\/\/revolutionpadelstore.com\/fr\/wp-json\/wp\/v2\/jugador?post=20345"},{"taxonomy":"marca","embeddable":true,"href":"https:\/\/revolutionpadelstore.com\/fr\/wp-json\/wp\/v2\/marca?post=20345"},{"taxonomy":"nivel-de-juego","embeddable":true,"href":"https:\/\/revolutionpadelstore.com\/fr\/wp-json\/wp\/v2\/nivel-de-juego?post=20345"},{"taxonomy":"superficie","embeddable":true,"href":"https:\/\/revolutionpadelstore.com\/fr\/wp-json\/wp\/v2\/superficie?post=20345"},{"taxonomy":"tipo-de-juego","embeddable":true,"href":"https:\/\/revolutionpadelstore.com\/fr\/wp-json\/wp\/v2\/tipo-de-juego?post=20345"},{"taxonomy":"product_brand","embeddable":true,"href":"https:\/\/revolutionpadelstore.com\/fr\/wp-json\/wp\/v2\/product_brand?post=20345"},{"taxonomy":"product_cat","embeddable":true,"href":"https:\/\/revolutionpadelstore.com\/fr\/wp-json\/wp\/v2\/product_cat?post=20345"},{"taxonomy":"product_tag","embeddable":true,"href":"https:\/\/revolutionpadelstore.com\/fr\/wp-json\/wp\/v2\/product_tag?post=20345"}],"curies":[{"name":"wp","href":"https:\/\/api.w.org\/{rel}","templated":true}]}}