{"id":20340,"date":"2024-03-19T20:06:37","date_gmt":"2024-03-19T19:06:37","guid":{"rendered":"https:\/\/revolutionpadelstore.com\/head-speed-elite-2023\/"},"modified":"2026-04-14T14:01:53","modified_gmt":"2026-04-14T12:01:53","slug":"head-speed-elite-2023-3","status":"publish","type":"product","link":"https:\/\/revolutionpadelstore.com\/fr\/produit\/head-speed-elite-2023-3\/","title":{"rendered":"HEAD SPEED ELITE 2023"},"content":{"rendered":"<h2>Head Speed \u200b\u200b\u200b\u200bElite 2023, une raquette de padel haut de gamme pour les meilleurs joueurs de padel<\/h2>\n<p>La raquette de padel haut de gamme de Head est maintenant l\u00e0. <strong>Nouveau Head Speed \u200b\u200b\u200b\u200bElite 2023<\/strong> pour les joueurs de padel plus avanc\u00e9s ayant de l&#8217;exp\u00e9rience dans le jeu. Une lame en forme de larme dans une gamme de couleurs noires avec une finition mate et des d\u00e9tails en cuivre. Une raquette de padel au corps en forme de goutte d&#8217;eau pour des jeux rapides et polyvalents.<\/p>\n<h2>Une raquette de padel polyvalente pour les joueurs plus professionnels dans leur technique<\/h2>\n<p>Une raquette en forme de larme pour les joueurs polyvalents qui frappent avec puissance et contr\u00f4le du tir. Un \u00e9quilibre et un sweet spot m\u00e9dium pour travailler la pr\u00e9cision des coups avec un maximum de contr\u00f4le.<\/p>\n<p>Avec une technologie qui optimise le sweet spot et \u00e9galement avec la technologie propre \u00e0 la marque, Auxetic, pour une meilleure absorption des chocs. Auxetic a une meilleure d\u00e9formation de sa surface lors de la r\u00e9ception d&#8217;impacts de force lors de la r\u00e9ception des tirs de l&#8217;adversaire. De cette fa\u00e7on, vous obtenez une livraison plus efficace du ballon. Avec une surface de frappe en fibre de verre pour ressentir des coups plus doux et avec un rendement plus constant lors du tir sur l&#8217;adversaire. Et le revers est am\u00e9lior\u00e9 pour avoir une meilleure sensation avec un talon plus doux.<\/p>\n<h3>Cette raquette de padel vous offre stabilit\u00e9 et r\u00e9sistance pour vos jeux les plus intenses<\/h3>\n<p>Pour renforcer le cadre de la raquette de paddle-tennis, elle contient le mat\u00e9riau graph\u00e8ne \u00e0 l&#8217;int\u00e9rieur. Cela am\u00e9liore la transmission de l&#8217;\u00e9nergie re\u00e7ue par la lame et g\u00e9n\u00e8re une plus grande stabilit\u00e9. Et pour une plus grande durabilit\u00e9 et r\u00e9sistance aux chocs et aux rayures, il a \u00e9t\u00e9 plac\u00e9 dans le cadre <strong>Anti Shock Skin Padel<\/em><\/strong>, une feuille en mat\u00e9riau polym\u00e8re. Et son pont poss\u00e8de une structure con\u00e7ue pour r\u00e9duire encore davantage les vibrations g\u00e9n\u00e9r\u00e9es par les coups pendant le jeu.<\/p>\n<h2>Head Speed Elite 2023, una pala de p\u00e1del de alta gama para los mejores jugadores de p\u00e1del<\/h2>\n","protected":false},"excerpt":{"rendered":"<p>Head Speed \u200b\u200b\u200b\u200bElite 2023, une raquette haut de gamme pour les joueurs de padel d&#8217;\u00e9lite. Un design et des fonctionnalit\u00e9s sophistiqu\u00e9s pour les plus avanc\u00e9s dans leur technique de jeu.<\/p>\n","protected":false},"featured_media":52248,"comment_status":"open","ping_status":"closed","template":"","meta":{"_acf_changed":false,"_joinchat":[]},"acabado":[1087],"balance":[1137],"dureza":[1157],"forma":[1187],"jugador":[1192,1202],"marca":[1222],"nivel-de-juego":[1337],"superficie":[1357],"tipo-de-juego":[1377],"product_brand":[],"product_cat":[302],"product_tag":[],"class_list":{"0":"post-20340","1":"product","2":"type-product","3":"status-publish","4":"has-post-thumbnail","6":"acabado-mon-pote","7":"balance-eleve","8":"dureza-media-fr","9":"forma-lagrima-fr","10":"jugador-homme","11":"jugador-polivalente-fr","12":"marca-tete","13":"superficie-lise","14":"tipo-de-juego-puissance","15":"product_cat-palas-de-padel-fr","17":"first","18":"instock","19":"sale","20":"taxable","21":"shipping-taxable","22":"purchasable","23":"product-type-simple"},"acf":[],"yoast_head":"<!-- This site is optimized with the Yoast SEO plugin v27.4 - https:\/\/yoast.com\/product\/yoast-seo-wordpress\/ -->\n<title>HEAD SPEED ELITE 2023 - Revolution Padel Store<\/title>\n<meta name=\"description\" content=\"Head Speed Elite 2023, una pala de alta gama para los jugadores de p\u00e1del de \u00e9lite. Un dise\u00f1o sofisticado y las prestaciones para los m\u00e1s avanzados en su t\u00e9cnica de juego.\" \/>\n<meta name=\"robots\" content=\"index, follow, max-snippet:-1, max-image-preview:large, max-video-preview:-1\" \/>\n<link rel=\"canonical\" href=\"https:\/\/revolutionpadelstore.com\/fr\/produit\/head-speed-elite-2023-3\/\" \/>\n<meta property=\"og:locale\" content=\"fr_FR\" \/>\n<meta property=\"og:type\" content=\"article\" \/>\n<meta property=\"og:title\" content=\"HEAD SPEED ELITE 2023 - Revolution Padel Store\" \/>\n<meta property=\"og:description\" content=\"Head Speed Elite 2023, una pala de alta gama para los jugadores de p\u00e1del de \u00e9lite. Un dise\u00f1o sofisticado y las prestaciones para los m\u00e1s avanzados en su t\u00e9cnica de juego.\" \/>\n<meta property=\"og:url\" content=\"https:\/\/revolutionpadelstore.com\/fr\/produit\/head-speed-elite-2023-3\/\" \/>\n<meta property=\"og:site_name\" content=\"Revolution Padel Store\" \/>\n<meta property=\"article:modified_time\" content=\"2026-04-14T12:01:53+00:00\" \/>\n<meta property=\"og:image\" content=\"https:\/\/revolutionpadelstore.com\/wp-content\/uploads\/2024\/03\/32511_head_speed_elite_2023_221033_1500x1500_vista1_0de3.webp\" \/>\n\t<meta property=\"og:image:width\" content=\"1500\" \/>\n\t<meta property=\"og:image:height\" content=\"1500\" \/>\n\t<meta property=\"og:image:type\" content=\"image\/webp\" \/>\n<meta name=\"twitter:card\" content=\"summary_large_image\" \/>\n<meta name=\"twitter:label1\" content=\"Dur\u00e9e de lecture estim\u00e9e\" \/>\n\t<meta name=\"twitter:data1\" content=\"2 minutes\" \/>\n<script type=\"application\/ld+json\" class=\"yoast-schema-graph\">{\"@context\":\"https:\\\/\\\/schema.org\",\"@graph\":[{\"@type\":\"WebPage\",\"@id\":\"https:\\\/\\\/revolutionpadelstore.com\\\/fr\\\/produit\\\/head-speed-elite-2023-3\\\/\",\"url\":\"https:\\\/\\\/revolutionpadelstore.com\\\/fr\\\/produit\\\/head-speed-elite-2023-3\\\/\",\"name\":\"HEAD SPEED ELITE 2023 - Revolution Padel Store\",\"isPartOf\":{\"@id\":\"https:\\\/\\\/revolutionpadelstore.com\\\/fr\\\/#website\"},\"primaryImageOfPage\":{\"@id\":\"https:\\\/\\\/revolutionpadelstore.com\\\/fr\\\/produit\\\/head-speed-elite-2023-3\\\/#primaryimage\"},\"image\":{\"@id\":\"https:\\\/\\\/revolutionpadelstore.com\\\/fr\\\/produit\\\/head-speed-elite-2023-3\\\/#primaryimage\"},\"thumbnailUrl\":\"https:\\\/\\\/revolutionpadelstore.com\\\/wp-content\\\/uploads\\\/2024\\\/03\\\/32511_head_speed_elite_2023_221033_1500x1500_vista1_0de3.webp\",\"datePublished\":\"2024-03-19T19:06:37+00:00\",\"dateModified\":\"2026-04-14T12:01:53+00:00\",\"description\":\"Head Speed Elite 2023, una pala de alta gama para los jugadores de p\u00e1del de \u00e9lite. Un dise\u00f1o sofisticado y las prestaciones para los m\u00e1s avanzados en su t\u00e9cnica de juego.\",\"breadcrumb\":{\"@id\":\"https:\\\/\\\/revolutionpadelstore.com\\\/fr\\\/produit\\\/head-speed-elite-2023-3\\\/#breadcrumb\"},\"inLanguage\":\"fr-FR\",\"potentialAction\":[{\"@type\":\"ReadAction\",\"target\":[\"https:\\\/\\\/revolutionpadelstore.com\\\/fr\\\/produit\\\/head-speed-elite-2023-3\\\/\"]}]},{\"@type\":\"ImageObject\",\"inLanguage\":\"fr-FR\",\"@id\":\"https:\\\/\\\/revolutionpadelstore.com\\\/fr\\\/produit\\\/head-speed-elite-2023-3\\\/#primaryimage\",\"url\":\"https:\\\/\\\/revolutionpadelstore.com\\\/wp-content\\\/uploads\\\/2024\\\/03\\\/32511_head_speed_elite_2023_221033_1500x1500_vista1_0de3.webp\",\"contentUrl\":\"https:\\\/\\\/revolutionpadelstore.com\\\/wp-content\\\/uploads\\\/2024\\\/03\\\/32511_head_speed_elite_2023_221033_1500x1500_vista1_0de3.webp\",\"width\":1500,\"height\":1500},{\"@type\":\"BreadcrumbList\",\"@id\":\"https:\\\/\\\/revolutionpadelstore.com\\\/fr\\\/produit\\\/head-speed-elite-2023-3\\\/#breadcrumb\",\"itemListElement\":[{\"@type\":\"ListItem\",\"position\":1,\"name\":\"Portada\",\"item\":\"https:\\\/\\\/revolutionpadelstore.com\\\/fr\\\/\"},{\"@type\":\"ListItem\",\"position\":2,\"name\":\"Boutique\",\"item\":\"https:\\\/\\\/revolutionpadelstore.com\\\/fr\\\/tienda\\\/\"},{\"@type\":\"ListItem\",\"position\":3,\"name\":\"HEAD SPEED ELITE 2023\"}]},{\"@type\":\"WebSite\",\"@id\":\"https:\\\/\\\/revolutionpadelstore.com\\\/fr\\\/#website\",\"url\":\"https:\\\/\\\/revolutionpadelstore.com\\\/fr\\\/\",\"name\":\"Revolution Padel Store\",\"description\":\"\",\"publisher\":{\"@id\":\"https:\\\/\\\/revolutionpadelstore.com\\\/fr\\\/#organization\"},\"potentialAction\":[{\"@type\":\"SearchAction\",\"target\":{\"@type\":\"EntryPoint\",\"urlTemplate\":\"https:\\\/\\\/revolutionpadelstore.com\\\/fr\\\/?s={search_term_string}\"},\"query-input\":{\"@type\":\"PropertyValueSpecification\",\"valueRequired\":true,\"valueName\":\"search_term_string\"}}],\"inLanguage\":\"fr-FR\"},{\"@type\":\"Organization\",\"@id\":\"https:\\\/\\\/revolutionpadelstore.com\\\/fr\\\/#organization\",\"name\":\"Revolution Padel Store\",\"url\":\"https:\\\/\\\/revolutionpadelstore.com\\\/fr\\\/\",\"logo\":{\"@type\":\"ImageObject\",\"inLanguage\":\"fr-FR\",\"@id\":\"https:\\\/\\\/revolutionpadelstore.com\\\/fr\\\/#\\\/schema\\\/logo\\\/image\\\/\",\"url\":\"https:\\\/\\\/revolutionpadelstore.com\\\/wp-content\\\/uploads\\\/2026\\\/02\\\/revolution-padel-store.jpg\",\"contentUrl\":\"https:\\\/\\\/revolutionpadelstore.com\\\/wp-content\\\/uploads\\\/2026\\\/02\\\/revolution-padel-store.jpg\",\"width\":2000,\"height\":2000,\"caption\":\"Revolution Padel Store\"},\"image\":{\"@id\":\"https:\\\/\\\/revolutionpadelstore.com\\\/fr\\\/#\\\/schema\\\/logo\\\/image\\\/\"},\"sameAs\":[\"https:\\\/\\\/www.instagram.com\\\/revolutionpadelstore\\\/\"]}]}<\/script>\n<!-- \/ Yoast SEO plugin. -->","yoast_head_json":{"title":"HEAD SPEED ELITE 2023 - Revolution Padel Store","description":"Head Speed Elite 2023, una pala de alta gama para los jugadores de p\u00e1del de \u00e9lite. Un dise\u00f1o sofisticado y las prestaciones para los m\u00e1s avanzados en su t\u00e9cnica de juego.","robots":{"index":"index","follow":"follow","max-snippet":"max-snippet:-1","max-image-preview":"max-image-preview:large","max-video-preview":"max-video-preview:-1"},"canonical":"https:\/\/revolutionpadelstore.com\/fr\/produit\/head-speed-elite-2023-3\/","og_locale":"fr_FR","og_type":"article","og_title":"HEAD SPEED ELITE 2023 - Revolution Padel Store","og_description":"Head Speed Elite 2023, una pala de alta gama para los jugadores de p\u00e1del de \u00e9lite. Un dise\u00f1o sofisticado y las prestaciones para los m\u00e1s avanzados en su t\u00e9cnica de juego.","og_url":"https:\/\/revolutionpadelstore.com\/fr\/produit\/head-speed-elite-2023-3\/","og_site_name":"Revolution Padel Store","article_modified_time":"2026-04-14T12:01:53+00:00","og_image":[{"width":1500,"height":1500,"url":"https:\/\/revolutionpadelstore.com\/wp-content\/uploads\/2024\/03\/32511_head_speed_elite_2023_221033_1500x1500_vista1_0de3.webp","type":"image\/webp"}],"twitter_card":"summary_large_image","twitter_misc":{"Dur\u00e9e de lecture estim\u00e9e":"2 minutes"},"schema":{"@context":"https:\/\/schema.org","@graph":[{"@type":"WebPage","@id":"https:\/\/revolutionpadelstore.com\/fr\/produit\/head-speed-elite-2023-3\/","url":"https:\/\/revolutionpadelstore.com\/fr\/produit\/head-speed-elite-2023-3\/","name":"HEAD SPEED ELITE 2023 - Revolution Padel Store","isPartOf":{"@id":"https:\/\/revolutionpadelstore.com\/fr\/#website"},"primaryImageOfPage":{"@id":"https:\/\/revolutionpadelstore.com\/fr\/produit\/head-speed-elite-2023-3\/#primaryimage"},"image":{"@id":"https:\/\/revolutionpadelstore.com\/fr\/produit\/head-speed-elite-2023-3\/#primaryimage"},"thumbnailUrl":"https:\/\/revolutionpadelstore.com\/wp-content\/uploads\/2024\/03\/32511_head_speed_elite_2023_221033_1500x1500_vista1_0de3.webp","datePublished":"2024-03-19T19:06:37+00:00","dateModified":"2026-04-14T12:01:53+00:00","description":"Head Speed Elite 2023, una pala de alta gama para los jugadores de p\u00e1del de \u00e9lite. Un dise\u00f1o sofisticado y las prestaciones para los m\u00e1s avanzados en su t\u00e9cnica de juego.","breadcrumb":{"@id":"https:\/\/revolutionpadelstore.com\/fr\/produit\/head-speed-elite-2023-3\/#breadcrumb"},"inLanguage":"fr-FR","potentialAction":[{"@type":"ReadAction","target":["https:\/\/revolutionpadelstore.com\/fr\/produit\/head-speed-elite-2023-3\/"]}]},{"@type":"ImageObject","inLanguage":"fr-FR","@id":"https:\/\/revolutionpadelstore.com\/fr\/produit\/head-speed-elite-2023-3\/#primaryimage","url":"https:\/\/revolutionpadelstore.com\/wp-content\/uploads\/2024\/03\/32511_head_speed_elite_2023_221033_1500x1500_vista1_0de3.webp","contentUrl":"https:\/\/revolutionpadelstore.com\/wp-content\/uploads\/2024\/03\/32511_head_speed_elite_2023_221033_1500x1500_vista1_0de3.webp","width":1500,"height":1500},{"@type":"BreadcrumbList","@id":"https:\/\/revolutionpadelstore.com\/fr\/produit\/head-speed-elite-2023-3\/#breadcrumb","itemListElement":[{"@type":"ListItem","position":1,"name":"Portada","item":"https:\/\/revolutionpadelstore.com\/fr\/"},{"@type":"ListItem","position":2,"name":"Boutique","item":"https:\/\/revolutionpadelstore.com\/fr\/tienda\/"},{"@type":"ListItem","position":3,"name":"HEAD SPEED ELITE 2023"}]},{"@type":"WebSite","@id":"https:\/\/revolutionpadelstore.com\/fr\/#website","url":"https:\/\/revolutionpadelstore.com\/fr\/","name":"Revolution Padel Store","description":"","publisher":{"@id":"https:\/\/revolutionpadelstore.com\/fr\/#organization"},"potentialAction":[{"@type":"SearchAction","target":{"@type":"EntryPoint","urlTemplate":"https:\/\/revolutionpadelstore.com\/fr\/?s={search_term_string}"},"query-input":{"@type":"PropertyValueSpecification","valueRequired":true,"valueName":"search_term_string"}}],"inLanguage":"fr-FR"},{"@type":"Organization","@id":"https:\/\/revolutionpadelstore.com\/fr\/#organization","name":"Revolution Padel Store","url":"https:\/\/revolutionpadelstore.com\/fr\/","logo":{"@type":"ImageObject","inLanguage":"fr-FR","@id":"https:\/\/revolutionpadelstore.com\/fr\/#\/schema\/logo\/image\/","url":"https:\/\/revolutionpadelstore.com\/wp-content\/uploads\/2026\/02\/revolution-padel-store.jpg","contentUrl":"https:\/\/revolutionpadelstore.com\/wp-content\/uploads\/2026\/02\/revolution-padel-store.jpg","width":2000,"height":2000,"caption":"Revolution Padel Store"},"image":{"@id":"https:\/\/revolutionpadelstore.com\/fr\/#\/schema\/logo\/image\/"},"sameAs":["https:\/\/www.instagram.com\/revolutionpadelstore\/"]}]}},"_links":{"self":[{"href":"https:\/\/revolutionpadelstore.com\/fr\/wp-json\/wp\/v2\/product\/20340","targetHints":{"allow":["GET"]}}],"collection":[{"href":"https:\/\/revolutionpadelstore.com\/fr\/wp-json\/wp\/v2\/product"}],"about":[{"href":"https:\/\/revolutionpadelstore.com\/fr\/wp-json\/wp\/v2\/types\/product"}],"replies":[{"embeddable":true,"href":"https:\/\/revolutionpadelstore.com\/fr\/wp-json\/wp\/v2\/comments?post=20340"}],"wp:featuredmedia":[{"embeddable":true,"href":"https:\/\/revolutionpadelstore.com\/fr\/wp-json\/wp\/v2\/media\/52248"}],"wp:attachment":[{"href":"https:\/\/revolutionpadelstore.com\/fr\/wp-json\/wp\/v2\/media?parent=20340"}],"wp:term":[{"taxonomy":"acabado","embeddable":true,"href":"https:\/\/revolutionpadelstore.com\/fr\/wp-json\/wp\/v2\/acabado?post=20340"},{"taxonomy":"balance","embeddable":true,"href":"https:\/\/revolutionpadelstore.com\/fr\/wp-json\/wp\/v2\/balance?post=20340"},{"taxonomy":"dureza","embeddable":true,"href":"https:\/\/revolutionpadelstore.com\/fr\/wp-json\/wp\/v2\/dureza?post=20340"},{"taxonomy":"forma","embeddable":true,"href":"https:\/\/revolutionpadelstore.com\/fr\/wp-json\/wp\/v2\/forma?post=20340"},{"taxonomy":"jugador","embeddable":true,"href":"https:\/\/revolutionpadelstore.com\/fr\/wp-json\/wp\/v2\/jugador?post=20340"},{"taxonomy":"marca","embeddable":true,"href":"https:\/\/revolutionpadelstore.com\/fr\/wp-json\/wp\/v2\/marca?post=20340"},{"taxonomy":"nivel-de-juego","embeddable":true,"href":"https:\/\/revolutionpadelstore.com\/fr\/wp-json\/wp\/v2\/nivel-de-juego?post=20340"},{"taxonomy":"superficie","embeddable":true,"href":"https:\/\/revolutionpadelstore.com\/fr\/wp-json\/wp\/v2\/superficie?post=20340"},{"taxonomy":"tipo-de-juego","embeddable":true,"href":"https:\/\/revolutionpadelstore.com\/fr\/wp-json\/wp\/v2\/tipo-de-juego?post=20340"},{"taxonomy":"product_brand","embeddable":true,"href":"https:\/\/revolutionpadelstore.com\/fr\/wp-json\/wp\/v2\/product_brand?post=20340"},{"taxonomy":"product_cat","embeddable":true,"href":"https:\/\/revolutionpadelstore.com\/fr\/wp-json\/wp\/v2\/product_cat?post=20340"},{"taxonomy":"product_tag","embeddable":true,"href":"https:\/\/revolutionpadelstore.com\/fr\/wp-json\/wp\/v2\/product_tag?post=20340"}],"curies":[{"name":"wp","href":"https:\/\/api.w.org\/{rel}","templated":true}]}}