{"id":20335,"date":"2024-03-19T20:17:58","date_gmt":"2024-03-19T19:17:58","guid":{"rendered":"https:\/\/revolutionpadelstore.com\/head-extreme-junior-2023\/"},"modified":"2026-04-08T14:57:37","modified_gmt":"2026-04-08T12:57:37","slug":"head-extreme-junior-2023-3","status":"publish","type":"product","link":"https:\/\/revolutionpadelstore.com\/fr\/produit\/head-extreme-junior-2023-3\/","title":{"rendered":"HEAD EXTREME JUNIOR 2023"},"content":{"rendered":"<h2>Head Extreme Junior 2023, raquette polyvalente pour les plus jeunes<\/h2>\n<p><strong>Head Extreme Junior 2023<\/strong>, con\u00e7ue sp\u00e9cifiquement pour les <strong>joueurs juniors<\/strong> qui veulent dominer le court de padel, cette raquette est la combinaison parfaite d&#8217;une technologie innovante et d&#8217;un design exceptionnel.<\/p>\n<p>En forme de larme, il offre un \u00e9quilibre optimal entre puissance et contr\u00f4le. Cette forme permet une plus grande surface de frappe, ce qui se traduit par des frappes plus pr\u00e9cises et plus puissantes.<\/p>\n<h2>Mat\u00e9riaux de haute qualit\u00e9 et r\u00e9ponse efficace<\/h2>\n<p>Les rabots \u00e0 pales sont fabriqu\u00e9s en <em><strong>Fibre de verre <\/strong><\/em>, un mat\u00e9riau de haute qualit\u00e9 qui garantit durabilit\u00e9 et flexibilit\u00e9. Cela signifie que vous pouvez jouer en toute confiance en sachant que votre raquette est con\u00e7ue pour r\u00e9sister \u00e0 une usure constante lors de matchs intenses de padel.<\/p>\n<p>Au c\u0153ur se trouve le noyau en caoutchouc <strong><em>Power Foam<\/em><\/strong>. Ce choix de mat\u00e9riaux innovant offre une sensation exceptionnelle \u00e0 chaque coup, amortissant les vibrations et offrant une r\u00e9ponse dynamique essentielle au jeu des jeunes joueurs en d\u00e9veloppement.<\/p>\n<h3>Raquette de padel junior r\u00e9sistante<\/h3>\n<p>La technologie <strong>Innegra<\/em><\/strong> int\u00e8gre des fibres dans la structure, obtenant une plus grande stabilit\u00e9 et une meilleure absorption des chocs, r\u00e9sultant en un contr\u00f4le encore plus pr\u00e9cis et une sensation unique \u00e0 chaque coup.<\/p>\n<p>Le cadre tubulaire sur mesure ajoute une plus grande r\u00e9sistance \u00e0 la raquette aux points cl\u00e9s. Cela se traduit par une plus grande durabilit\u00e9 et une sensation de solidit\u00e9 \u00e0 chaque mouvement.<\/p>\n<p>Elle dispose \u00e9galement d&#8217;un pare-chocs int\u00e9gr\u00e9, qui offre une protection suppl\u00e9mentaire sur le bord de la raquette, garantissant qu&#8217;elle reste dans un \u00e9tat optimal m\u00eame apr\u00e8s des impacts pendant le jeu. Conception verte.<\/p>\n<h2>Head Extreme Junior 2023, pala polivalente para los m\u00e1s j\u00f3venes<\/h2>\n","protected":false},"excerpt":{"rendered":"<p>Head Extreme Junior 2023, raquette en forme de goutte pour un jeu polyvalent. Con\u00e7u pour les joueurs juniors au poids r\u00e9duit et fabriqu\u00e9 en fibre de verre.<\/p>\n","protected":false},"featured_media":2902,"comment_status":"open","ping_status":"closed","template":"","meta":{"_acf_changed":false,"_joinchat":[]},"acabado":[1082],"balance":[1142],"dureza":[1157],"forma":[1187],"jugador":[1207],"marca":[1222],"nivel-de-juego":[1352],"superficie":[1357],"tipo-de-juego":[1387],"product_brand":[],"product_cat":[302],"product_tag":[],"class_list":{"0":"post-20335","1":"product","2":"type-product","3":"status-publish","4":"has-post-thumbnail","6":"acabado-luminosite","7":"balance-moyen","8":"dureza-media-fr","9":"forma-lagrima-fr","10":"jugador-jeunes","11":"marca-tete","12":"superficie-lise","13":"tipo-de-juego-polivalente-fr","14":"product_cat-palas-de-padel-fr","16":"first","17":"instock","18":"sale","19":"taxable","20":"shipping-taxable","21":"purchasable","22":"product-type-simple"},"acf":[],"yoast_head":"<!-- This site is optimized with the Yoast SEO plugin v27.4 - https:\/\/yoast.com\/product\/yoast-seo-wordpress\/ -->\n<title>HEAD EXTREME JUNIOR 2023 - Revolution Padel Store<\/title>\n<meta name=\"description\" content=\"Head Extreme Junior 2023, pala con forma de l\u00e1grima para un juego polivalente. Dise\u00f1ada para jugadores junior con un peso reducido y hecha en fibra de vidrio.\" \/>\n<meta name=\"robots\" content=\"index, follow, max-snippet:-1, max-image-preview:large, max-video-preview:-1\" \/>\n<link rel=\"canonical\" href=\"https:\/\/revolutionpadelstore.com\/fr\/produit\/head-extreme-junior-2023-3\/\" \/>\n<meta property=\"og:locale\" content=\"fr_FR\" \/>\n<meta property=\"og:type\" content=\"article\" \/>\n<meta property=\"og:title\" content=\"HEAD EXTREME JUNIOR 2023 - Revolution Padel Store\" \/>\n<meta property=\"og:description\" content=\"Head Extreme Junior 2023, pala con forma de l\u00e1grima para un juego polivalente. Dise\u00f1ada para jugadores junior con un peso reducido y hecha en fibra de vidrio.\" \/>\n<meta property=\"og:url\" content=\"https:\/\/revolutionpadelstore.com\/fr\/produit\/head-extreme-junior-2023-3\/\" \/>\n<meta property=\"og:site_name\" content=\"Revolution Padel Store\" \/>\n<meta property=\"article:modified_time\" content=\"2026-04-08T12:57:37+00:00\" \/>\n<meta property=\"og:image\" content=\"https:\/\/revolutionpadelstore.com\/wp-content\/uploads\/2024\/03\/110101_pala_head_extreme_junior_2023_226723_1500x1500_vista1_cf80.webp\" \/>\n\t<meta property=\"og:image:width\" content=\"1500\" \/>\n\t<meta property=\"og:image:height\" content=\"1500\" \/>\n\t<meta property=\"og:image:type\" content=\"image\/webp\" \/>\n<meta name=\"twitter:card\" content=\"summary_large_image\" \/>\n<meta name=\"twitter:label1\" content=\"Dur\u00e9e de lecture estim\u00e9e\" \/>\n\t<meta name=\"twitter:data1\" content=\"2 minutes\" \/>\n<script type=\"application\/ld+json\" class=\"yoast-schema-graph\">{\"@context\":\"https:\\\/\\\/schema.org\",\"@graph\":[{\"@type\":\"WebPage\",\"@id\":\"https:\\\/\\\/revolutionpadelstore.com\\\/fr\\\/produit\\\/head-extreme-junior-2023-3\\\/\",\"url\":\"https:\\\/\\\/revolutionpadelstore.com\\\/fr\\\/produit\\\/head-extreme-junior-2023-3\\\/\",\"name\":\"HEAD EXTREME JUNIOR 2023 - Revolution Padel Store\",\"isPartOf\":{\"@id\":\"https:\\\/\\\/revolutionpadelstore.com\\\/fr\\\/#website\"},\"primaryImageOfPage\":{\"@id\":\"https:\\\/\\\/revolutionpadelstore.com\\\/fr\\\/produit\\\/head-extreme-junior-2023-3\\\/#primaryimage\"},\"image\":{\"@id\":\"https:\\\/\\\/revolutionpadelstore.com\\\/fr\\\/produit\\\/head-extreme-junior-2023-3\\\/#primaryimage\"},\"thumbnailUrl\":\"https:\\\/\\\/revolutionpadelstore.com\\\/wp-content\\\/uploads\\\/2024\\\/03\\\/110101_pala_head_extreme_junior_2023_226723_1500x1500_vista1_cf80.webp\",\"datePublished\":\"2024-03-19T19:17:58+00:00\",\"dateModified\":\"2026-04-08T12:57:37+00:00\",\"description\":\"Head Extreme Junior 2023, pala con forma de l\u00e1grima para un juego polivalente. Dise\u00f1ada para jugadores junior con un peso reducido y hecha en fibra de vidrio.\",\"breadcrumb\":{\"@id\":\"https:\\\/\\\/revolutionpadelstore.com\\\/fr\\\/produit\\\/head-extreme-junior-2023-3\\\/#breadcrumb\"},\"inLanguage\":\"fr-FR\",\"potentialAction\":[{\"@type\":\"ReadAction\",\"target\":[\"https:\\\/\\\/revolutionpadelstore.com\\\/fr\\\/produit\\\/head-extreme-junior-2023-3\\\/\"]}]},{\"@type\":\"ImageObject\",\"inLanguage\":\"fr-FR\",\"@id\":\"https:\\\/\\\/revolutionpadelstore.com\\\/fr\\\/produit\\\/head-extreme-junior-2023-3\\\/#primaryimage\",\"url\":\"https:\\\/\\\/revolutionpadelstore.com\\\/wp-content\\\/uploads\\\/2024\\\/03\\\/110101_pala_head_extreme_junior_2023_226723_1500x1500_vista1_cf80.webp\",\"contentUrl\":\"https:\\\/\\\/revolutionpadelstore.com\\\/wp-content\\\/uploads\\\/2024\\\/03\\\/110101_pala_head_extreme_junior_2023_226723_1500x1500_vista1_cf80.webp\",\"width\":1500,\"height\":1500},{\"@type\":\"BreadcrumbList\",\"@id\":\"https:\\\/\\\/revolutionpadelstore.com\\\/fr\\\/produit\\\/head-extreme-junior-2023-3\\\/#breadcrumb\",\"itemListElement\":[{\"@type\":\"ListItem\",\"position\":1,\"name\":\"Portada\",\"item\":\"https:\\\/\\\/revolutionpadelstore.com\\\/fr\\\/\"},{\"@type\":\"ListItem\",\"position\":2,\"name\":\"Boutique\",\"item\":\"https:\\\/\\\/revolutionpadelstore.com\\\/fr\\\/tienda\\\/\"},{\"@type\":\"ListItem\",\"position\":3,\"name\":\"HEAD EXTREME JUNIOR 2023\"}]},{\"@type\":\"WebSite\",\"@id\":\"https:\\\/\\\/revolutionpadelstore.com\\\/fr\\\/#website\",\"url\":\"https:\\\/\\\/revolutionpadelstore.com\\\/fr\\\/\",\"name\":\"Revolution Padel Store\",\"description\":\"\",\"publisher\":{\"@id\":\"https:\\\/\\\/revolutionpadelstore.com\\\/fr\\\/#organization\"},\"potentialAction\":[{\"@type\":\"SearchAction\",\"target\":{\"@type\":\"EntryPoint\",\"urlTemplate\":\"https:\\\/\\\/revolutionpadelstore.com\\\/fr\\\/?s={search_term_string}\"},\"query-input\":{\"@type\":\"PropertyValueSpecification\",\"valueRequired\":true,\"valueName\":\"search_term_string\"}}],\"inLanguage\":\"fr-FR\"},{\"@type\":\"Organization\",\"@id\":\"https:\\\/\\\/revolutionpadelstore.com\\\/fr\\\/#organization\",\"name\":\"Revolution Padel Store\",\"url\":\"https:\\\/\\\/revolutionpadelstore.com\\\/fr\\\/\",\"logo\":{\"@type\":\"ImageObject\",\"inLanguage\":\"fr-FR\",\"@id\":\"https:\\\/\\\/revolutionpadelstore.com\\\/fr\\\/#\\\/schema\\\/logo\\\/image\\\/\",\"url\":\"https:\\\/\\\/revolutionpadelstore.com\\\/wp-content\\\/uploads\\\/2026\\\/02\\\/revolution-padel-store.jpg\",\"contentUrl\":\"https:\\\/\\\/revolutionpadelstore.com\\\/wp-content\\\/uploads\\\/2026\\\/02\\\/revolution-padel-store.jpg\",\"width\":2000,\"height\":2000,\"caption\":\"Revolution Padel Store\"},\"image\":{\"@id\":\"https:\\\/\\\/revolutionpadelstore.com\\\/fr\\\/#\\\/schema\\\/logo\\\/image\\\/\"},\"sameAs\":[\"https:\\\/\\\/www.instagram.com\\\/revolutionpadelstore\\\/\"]}]}<\/script>\n<!-- \/ Yoast SEO plugin. -->","yoast_head_json":{"title":"HEAD EXTREME JUNIOR 2023 - Revolution Padel Store","description":"Head Extreme Junior 2023, pala con forma de l\u00e1grima para un juego polivalente. Dise\u00f1ada para jugadores junior con un peso reducido y hecha en fibra de vidrio.","robots":{"index":"index","follow":"follow","max-snippet":"max-snippet:-1","max-image-preview":"max-image-preview:large","max-video-preview":"max-video-preview:-1"},"canonical":"https:\/\/revolutionpadelstore.com\/fr\/produit\/head-extreme-junior-2023-3\/","og_locale":"fr_FR","og_type":"article","og_title":"HEAD EXTREME JUNIOR 2023 - Revolution Padel Store","og_description":"Head Extreme Junior 2023, pala con forma de l\u00e1grima para un juego polivalente. Dise\u00f1ada para jugadores junior con un peso reducido y hecha en fibra de vidrio.","og_url":"https:\/\/revolutionpadelstore.com\/fr\/produit\/head-extreme-junior-2023-3\/","og_site_name":"Revolution Padel Store","article_modified_time":"2026-04-08T12:57:37+00:00","og_image":[{"width":1500,"height":1500,"url":"https:\/\/revolutionpadelstore.com\/wp-content\/uploads\/2024\/03\/110101_pala_head_extreme_junior_2023_226723_1500x1500_vista1_cf80.webp","type":"image\/webp"}],"twitter_card":"summary_large_image","twitter_misc":{"Dur\u00e9e de lecture estim\u00e9e":"2 minutes"},"schema":{"@context":"https:\/\/schema.org","@graph":[{"@type":"WebPage","@id":"https:\/\/revolutionpadelstore.com\/fr\/produit\/head-extreme-junior-2023-3\/","url":"https:\/\/revolutionpadelstore.com\/fr\/produit\/head-extreme-junior-2023-3\/","name":"HEAD EXTREME JUNIOR 2023 - Revolution Padel Store","isPartOf":{"@id":"https:\/\/revolutionpadelstore.com\/fr\/#website"},"primaryImageOfPage":{"@id":"https:\/\/revolutionpadelstore.com\/fr\/produit\/head-extreme-junior-2023-3\/#primaryimage"},"image":{"@id":"https:\/\/revolutionpadelstore.com\/fr\/produit\/head-extreme-junior-2023-3\/#primaryimage"},"thumbnailUrl":"https:\/\/revolutionpadelstore.com\/wp-content\/uploads\/2024\/03\/110101_pala_head_extreme_junior_2023_226723_1500x1500_vista1_cf80.webp","datePublished":"2024-03-19T19:17:58+00:00","dateModified":"2026-04-08T12:57:37+00:00","description":"Head Extreme Junior 2023, pala con forma de l\u00e1grima para un juego polivalente. Dise\u00f1ada para jugadores junior con un peso reducido y hecha en fibra de vidrio.","breadcrumb":{"@id":"https:\/\/revolutionpadelstore.com\/fr\/produit\/head-extreme-junior-2023-3\/#breadcrumb"},"inLanguage":"fr-FR","potentialAction":[{"@type":"ReadAction","target":["https:\/\/revolutionpadelstore.com\/fr\/produit\/head-extreme-junior-2023-3\/"]}]},{"@type":"ImageObject","inLanguage":"fr-FR","@id":"https:\/\/revolutionpadelstore.com\/fr\/produit\/head-extreme-junior-2023-3\/#primaryimage","url":"https:\/\/revolutionpadelstore.com\/wp-content\/uploads\/2024\/03\/110101_pala_head_extreme_junior_2023_226723_1500x1500_vista1_cf80.webp","contentUrl":"https:\/\/revolutionpadelstore.com\/wp-content\/uploads\/2024\/03\/110101_pala_head_extreme_junior_2023_226723_1500x1500_vista1_cf80.webp","width":1500,"height":1500},{"@type":"BreadcrumbList","@id":"https:\/\/revolutionpadelstore.com\/fr\/produit\/head-extreme-junior-2023-3\/#breadcrumb","itemListElement":[{"@type":"ListItem","position":1,"name":"Portada","item":"https:\/\/revolutionpadelstore.com\/fr\/"},{"@type":"ListItem","position":2,"name":"Boutique","item":"https:\/\/revolutionpadelstore.com\/fr\/tienda\/"},{"@type":"ListItem","position":3,"name":"HEAD EXTREME JUNIOR 2023"}]},{"@type":"WebSite","@id":"https:\/\/revolutionpadelstore.com\/fr\/#website","url":"https:\/\/revolutionpadelstore.com\/fr\/","name":"Revolution Padel Store","description":"","publisher":{"@id":"https:\/\/revolutionpadelstore.com\/fr\/#organization"},"potentialAction":[{"@type":"SearchAction","target":{"@type":"EntryPoint","urlTemplate":"https:\/\/revolutionpadelstore.com\/fr\/?s={search_term_string}"},"query-input":{"@type":"PropertyValueSpecification","valueRequired":true,"valueName":"search_term_string"}}],"inLanguage":"fr-FR"},{"@type":"Organization","@id":"https:\/\/revolutionpadelstore.com\/fr\/#organization","name":"Revolution Padel Store","url":"https:\/\/revolutionpadelstore.com\/fr\/","logo":{"@type":"ImageObject","inLanguage":"fr-FR","@id":"https:\/\/revolutionpadelstore.com\/fr\/#\/schema\/logo\/image\/","url":"https:\/\/revolutionpadelstore.com\/wp-content\/uploads\/2026\/02\/revolution-padel-store.jpg","contentUrl":"https:\/\/revolutionpadelstore.com\/wp-content\/uploads\/2026\/02\/revolution-padel-store.jpg","width":2000,"height":2000,"caption":"Revolution Padel Store"},"image":{"@id":"https:\/\/revolutionpadelstore.com\/fr\/#\/schema\/logo\/image\/"},"sameAs":["https:\/\/www.instagram.com\/revolutionpadelstore\/"]}]}},"_links":{"self":[{"href":"https:\/\/revolutionpadelstore.com\/fr\/wp-json\/wp\/v2\/product\/20335","targetHints":{"allow":["GET"]}}],"collection":[{"href":"https:\/\/revolutionpadelstore.com\/fr\/wp-json\/wp\/v2\/product"}],"about":[{"href":"https:\/\/revolutionpadelstore.com\/fr\/wp-json\/wp\/v2\/types\/product"}],"replies":[{"embeddable":true,"href":"https:\/\/revolutionpadelstore.com\/fr\/wp-json\/wp\/v2\/comments?post=20335"}],"wp:featuredmedia":[{"embeddable":true,"href":"https:\/\/revolutionpadelstore.com\/fr\/wp-json\/wp\/v2\/media\/2902"}],"wp:attachment":[{"href":"https:\/\/revolutionpadelstore.com\/fr\/wp-json\/wp\/v2\/media?parent=20335"}],"wp:term":[{"taxonomy":"acabado","embeddable":true,"href":"https:\/\/revolutionpadelstore.com\/fr\/wp-json\/wp\/v2\/acabado?post=20335"},{"taxonomy":"balance","embeddable":true,"href":"https:\/\/revolutionpadelstore.com\/fr\/wp-json\/wp\/v2\/balance?post=20335"},{"taxonomy":"dureza","embeddable":true,"href":"https:\/\/revolutionpadelstore.com\/fr\/wp-json\/wp\/v2\/dureza?post=20335"},{"taxonomy":"forma","embeddable":true,"href":"https:\/\/revolutionpadelstore.com\/fr\/wp-json\/wp\/v2\/forma?post=20335"},{"taxonomy":"jugador","embeddable":true,"href":"https:\/\/revolutionpadelstore.com\/fr\/wp-json\/wp\/v2\/jugador?post=20335"},{"taxonomy":"marca","embeddable":true,"href":"https:\/\/revolutionpadelstore.com\/fr\/wp-json\/wp\/v2\/marca?post=20335"},{"taxonomy":"nivel-de-juego","embeddable":true,"href":"https:\/\/revolutionpadelstore.com\/fr\/wp-json\/wp\/v2\/nivel-de-juego?post=20335"},{"taxonomy":"superficie","embeddable":true,"href":"https:\/\/revolutionpadelstore.com\/fr\/wp-json\/wp\/v2\/superficie?post=20335"},{"taxonomy":"tipo-de-juego","embeddable":true,"href":"https:\/\/revolutionpadelstore.com\/fr\/wp-json\/wp\/v2\/tipo-de-juego?post=20335"},{"taxonomy":"product_brand","embeddable":true,"href":"https:\/\/revolutionpadelstore.com\/fr\/wp-json\/wp\/v2\/product_brand?post=20335"},{"taxonomy":"product_cat","embeddable":true,"href":"https:\/\/revolutionpadelstore.com\/fr\/wp-json\/wp\/v2\/product_cat?post=20335"},{"taxonomy":"product_tag","embeddable":true,"href":"https:\/\/revolutionpadelstore.com\/fr\/wp-json\/wp\/v2\/product_tag?post=20335"}],"curies":[{"name":"wp","href":"https:\/\/api.w.org\/{rel}","templated":true}]}}