{"id":20325,"date":"2024-03-19T20:28:54","date_gmt":"2024-03-19T19:28:54","guid":{"rendered":"https:\/\/revolutionpadelstore.com\/nox-at10-genius-18k-agustin-tapia-2024\/"},"modified":"2026-04-22T14:01:13","modified_gmt":"2026-04-22T12:01:13","slug":"nox-at10-genius-18k-agustin-tapia-2024","status":"publish","type":"product","link":"https:\/\/revolutionpadelstore.com\/fr\/produit\/nox-at10-genius-18k-agustin-tapia-2024\/","title":{"rendered":"NOX AT10 GENIUS 18K AGUSTIN TAPIA 2024"},"content":{"rendered":"<h2>Nox AT10 Genius 18K 2024 par Agust\u00edn Tapia, puissance et pr\u00e9cision<\/h2>\n<p>La raquette Nox AT10 Genius 18K 2024 d&#8217;Agust\u00edn Tapia est le joyau de la nouvelle collection de raquettes de padel Nox. Cette <strong>raquette de padel polyvalente \u00e0 \u00e9quilibre moyen<\/strong> offre au joueur un \u00e9quilibre parfait entre puissance et contr\u00f4le. Avec une forme en forme de larme, il int\u00e8gre \u00e9galement de nouveaux mat\u00e9riaux et technologies qui offrent un toucher plus solide et confortable avec une plus grande stabilit\u00e9 et des performances sup\u00e9rieures sur le terrain.<\/p>\n<h2>Pour quel type de joueur la nouvelle raquette de padel Tapia est-elle recommand\u00e9e ?<\/h2>\n<p>Le <strong>Nox AT10 Luxury Genius 18K 2024<\/strong> a \u00e9t\u00e9 con\u00e7u pour les joueurs de niveau avanc\u00e9. Si vous recherchez une <strong>raquette maniable<\/strong> qui vous permet de contr\u00f4ler la balle avec pr\u00e9cision sans renoncer \u00e0 la puissance, c&#8217;est votre raquette. De plus, il poss\u00e8de une <strong>surface rugueuse au fini sabl\u00e9<\/strong> qui offre une adh\u00e9rence optimale et vous permet de frapper des coups avec plus d&#8217;effet. Ressentez la m\u00eame chose qu&#8217;Agust\u00edn Tapia sur la piste avec le nouveau Nox AT10 Genius 18K<\/p>\n<h2>Mat\u00e9riaux et technologies de l&#8217;AT10 Luxury Genius 18K 2024 de Nox<\/h2>\n<p>Cette raquette de padel a \u00e9t\u00e9 fabriqu\u00e9e avec un cadre 100% carbone qui lui conf\u00e8re une grande stabilit\u00e9 et r\u00e9sistance. Il int\u00e8gre \u00e9galement la technologie <em>DCS Dynamic Composit Structure<\/em>, qui garantit une <strong>grande durabilit\u00e9 et de meilleures performances<\/strong>.<\/p>\n<p>De m\u00eame, le syst\u00e8me innovant <em>EOS Flap<\/em> de perforations lat\u00e9rales r\u00e9partit mieux le poids, le rendant <strong>plus a\u00e9rodynamique et maniable<\/strong>.<\/p>\n<p>Ses <strong>faces en carbone aluminis\u00e9 18K<\/strong>, coh\u00e9rentes mais l\u00e9g\u00e8res, offrent une sortie de balle optimale, r\u00e9alisant des <strong>coups pr\u00e9cis et puissants<\/strong> sans compromettre la stabilit\u00e9.<\/p>\n<p>A l&#8217;int\u00e9rieur on retrouve un noyau Multilayer MLD Black EVA qui offre un toucher exceptionnel.<\/p>\n<p>Cette combinaison de mat\u00e9riaux conf\u00e8re au Nox AT10 Genius 18K 2024 une duret\u00e9 moyenne, permettant une r\u00e9ponse plus pr\u00e9cise qui facilite le contr\u00f4le de la balle lors de la frappe.<\/p>\n<p>Parmi ses technologies, il int\u00e8gre le <em>Pulse System<\/em> qui, associ\u00e9 \u00e0 la technologie <em>Nox Custom Grip<\/em>, am\u00e9liore la prise en main de la poign\u00e9e et <strong>r\u00e9duit les vibrations produites lors de la frappe. em&gt; strong&gt;, offrant un plus grand confort pendant le jeu.<\/strong><\/p>\n<p>Il dispose \u00e9galement du syst\u00e8me SmartStrap, qui permet de remplacer facilement le cordon de s\u00e9curit\u00e9 de la pagaie sans avoir \u00e0 manipuler le bottom cap : plus hygi\u00e9nique, plus s\u00fbr et plus personnalisable.<\/p>\n<h2>Profitez maintenant de la nouvelle raquette d&#8217;Agust\u00edn Tapia sur P\u0101del Nuestro<\/h2>\n<p>Le <strong>Nox AT10 Luxury Genius 18K<\/strong> est de retour sur les pistes cette saison renouvel\u00e9e. Plus maniable que son pr\u00e9d\u00e9cesseur et dot\u00e9 d&#8217;un sweet spot g\u00e9n\u00e9reux, il offre aux joueurs de padel exp\u00e9riment\u00e9s un grand contr\u00f4le pour renvoyer avec pr\u00e9cision m\u00eame les balles les plus difficiles. De plus, l&#8217;association de son noyau avec la fibre d&#8217;Alun de Carbone 18K sur ses faces apporte une puissance exceptionnelle en finition.<\/p>\n<p>Le r\u00e9sultat est une raquette de padel innovante, stable et confortable, qui combine le meilleur de la technologie et du design pour offrir une exp\u00e9rience de jeu in\u00e9gal\u00e9e. Qu&#8217;attendez-vous pour l&#8217;avoir entre vos mains ?<\/p>\n<h2>Nox AT10 Genius 18K 2024 by Agust\u00edn Tapia, potencia y precisi\u00f3n<\/h2>\n","protected":false},"excerpt":{"rendered":"<p>Nox AT10 Genius 18K Agust\u00edn Tapia 2024, raquette en forme de larme pour les joueurs les plus exigeants. Fabriqu\u00e9 avec des mat\u00e9riaux de luxe tels que le noyau multicouche et les faces en carbone alun 18K.<\/p>\n","protected":false},"featured_media":52208,"comment_status":"open","ping_status":"closed","template":"","meta":{"_acf_changed":false,"_joinchat":[]},"acabado":[1082],"balance":[1142],"dureza":[1157],"forma":[1187],"jugador":[1192,1202],"marca":[1262],"nivel-de-juego":[1337],"superficie":[1362],"tipo-de-juego":[1387],"product_brand":[],"product_cat":[302],"product_tag":[],"class_list":{"0":"post-20325","1":"product","2":"type-product","3":"status-publish","4":"has-post-thumbnail","6":"acabado-luminosite","7":"balance-moyen","8":"dureza-media-fr","9":"forma-lagrima-fr","10":"jugador-homme","11":"jugador-polivalente-fr","12":"marca-nox-fr","13":"superficie-rugosa-fr","14":"tipo-de-juego-polivalente-fr","15":"product_cat-palas-de-padel-fr","17":"first","18":"instock","19":"sale","20":"taxable","21":"shipping-taxable","22":"purchasable","23":"product-type-simple"},"acf":[],"yoast_head":"<!-- This site is optimized with the Yoast SEO plugin v27.4 - https:\/\/yoast.com\/product\/yoast-seo-wordpress\/ -->\n<title>NOX AT10 GENIUS 18K AGUSTIN TAPIA 2024 - Revolution Padel Store<\/title>\n<meta name=\"description\" content=\"Nox AT10 Genius 18K Agust\u00edn Tapia 2024,pala en forma de lagrima para los jugadores m\u00e1s exigentes. Hecha con materiales de lujo como el n\u00facleo multicapa y las caras de Carbon Alum 18K.\" \/>\n<meta name=\"robots\" content=\"index, follow, max-snippet:-1, max-image-preview:large, max-video-preview:-1\" \/>\n<link rel=\"canonical\" href=\"https:\/\/revolutionpadelstore.com\/fr\/produit\/nox-at10-genius-18k-agustin-tapia-2024\/\" \/>\n<meta property=\"og:locale\" content=\"fr_FR\" \/>\n<meta property=\"og:type\" content=\"article\" \/>\n<meta property=\"og:title\" content=\"NOX AT10 GENIUS 18K AGUSTIN TAPIA 2024 - Revolution Padel Store\" \/>\n<meta property=\"og:description\" content=\"Nox AT10 Genius 18K Agust\u00edn Tapia 2024,pala en forma de lagrima para los jugadores m\u00e1s exigentes. Hecha con materiales de lujo como el n\u00facleo multicapa y las caras de Carbon Alum 18K.\" \/>\n<meta property=\"og:url\" content=\"https:\/\/revolutionpadelstore.com\/fr\/produit\/nox-at10-genius-18k-agustin-tapia-2024\/\" \/>\n<meta property=\"og:site_name\" content=\"Revolution Padel Store\" \/>\n<meta property=\"article:modified_time\" content=\"2026-04-22T12:01:13+00:00\" \/>\n<meta property=\"og:image\" content=\"https:\/\/revolutionpadelstore.com\/wp-content\/uploads\/2024\/03\/imagen_1_110805_9dc06b50_3191.webp\" \/>\n\t<meta property=\"og:image:width\" content=\"1500\" \/>\n\t<meta property=\"og:image:height\" content=\"1500\" \/>\n\t<meta property=\"og:image:type\" content=\"image\/webp\" \/>\n<meta name=\"twitter:card\" content=\"summary_large_image\" \/>\n<meta name=\"twitter:label1\" content=\"Dur\u00e9e de lecture estim\u00e9e\" \/>\n\t<meta name=\"twitter:data1\" content=\"3 minutes\" \/>\n<script type=\"application\/ld+json\" class=\"yoast-schema-graph\">{\"@context\":\"https:\\\/\\\/schema.org\",\"@graph\":[{\"@type\":\"WebPage\",\"@id\":\"https:\\\/\\\/revolutionpadelstore.com\\\/fr\\\/produit\\\/nox-at10-genius-18k-agustin-tapia-2024\\\/\",\"url\":\"https:\\\/\\\/revolutionpadelstore.com\\\/fr\\\/produit\\\/nox-at10-genius-18k-agustin-tapia-2024\\\/\",\"name\":\"NOX AT10 GENIUS 18K AGUSTIN TAPIA 2024 - Revolution Padel Store\",\"isPartOf\":{\"@id\":\"https:\\\/\\\/revolutionpadelstore.com\\\/fr\\\/#website\"},\"primaryImageOfPage\":{\"@id\":\"https:\\\/\\\/revolutionpadelstore.com\\\/fr\\\/produit\\\/nox-at10-genius-18k-agustin-tapia-2024\\\/#primaryimage\"},\"image\":{\"@id\":\"https:\\\/\\\/revolutionpadelstore.com\\\/fr\\\/produit\\\/nox-at10-genius-18k-agustin-tapia-2024\\\/#primaryimage\"},\"thumbnailUrl\":\"https:\\\/\\\/revolutionpadelstore.com\\\/wp-content\\\/uploads\\\/2024\\\/03\\\/imagen_1_110805_9dc06b50_3191.webp\",\"datePublished\":\"2024-03-19T19:28:54+00:00\",\"dateModified\":\"2026-04-22T12:01:13+00:00\",\"description\":\"Nox AT10 Genius 18K Agust\u00edn Tapia 2024,pala en forma de lagrima para los jugadores m\u00e1s exigentes. Hecha con materiales de lujo como el n\u00facleo multicapa y las caras de Carbon Alum 18K.\",\"breadcrumb\":{\"@id\":\"https:\\\/\\\/revolutionpadelstore.com\\\/fr\\\/produit\\\/nox-at10-genius-18k-agustin-tapia-2024\\\/#breadcrumb\"},\"inLanguage\":\"fr-FR\",\"potentialAction\":[{\"@type\":\"ReadAction\",\"target\":[\"https:\\\/\\\/revolutionpadelstore.com\\\/fr\\\/produit\\\/nox-at10-genius-18k-agustin-tapia-2024\\\/\"]}]},{\"@type\":\"ImageObject\",\"inLanguage\":\"fr-FR\",\"@id\":\"https:\\\/\\\/revolutionpadelstore.com\\\/fr\\\/produit\\\/nox-at10-genius-18k-agustin-tapia-2024\\\/#primaryimage\",\"url\":\"https:\\\/\\\/revolutionpadelstore.com\\\/wp-content\\\/uploads\\\/2024\\\/03\\\/imagen_1_110805_9dc06b50_3191.webp\",\"contentUrl\":\"https:\\\/\\\/revolutionpadelstore.com\\\/wp-content\\\/uploads\\\/2024\\\/03\\\/imagen_1_110805_9dc06b50_3191.webp\",\"width\":1500,\"height\":1500},{\"@type\":\"BreadcrumbList\",\"@id\":\"https:\\\/\\\/revolutionpadelstore.com\\\/fr\\\/produit\\\/nox-at10-genius-18k-agustin-tapia-2024\\\/#breadcrumb\",\"itemListElement\":[{\"@type\":\"ListItem\",\"position\":1,\"name\":\"Portada\",\"item\":\"https:\\\/\\\/revolutionpadelstore.com\\\/fr\\\/\"},{\"@type\":\"ListItem\",\"position\":2,\"name\":\"Boutique\",\"item\":\"https:\\\/\\\/revolutionpadelstore.com\\\/fr\\\/tienda\\\/\"},{\"@type\":\"ListItem\",\"position\":3,\"name\":\"NOX AT10 GENIUS 18K AGUSTIN TAPIA 2024\"}]},{\"@type\":\"WebSite\",\"@id\":\"https:\\\/\\\/revolutionpadelstore.com\\\/fr\\\/#website\",\"url\":\"https:\\\/\\\/revolutionpadelstore.com\\\/fr\\\/\",\"name\":\"Revolution Padel Store\",\"description\":\"\",\"publisher\":{\"@id\":\"https:\\\/\\\/revolutionpadelstore.com\\\/fr\\\/#organization\"},\"potentialAction\":[{\"@type\":\"SearchAction\",\"target\":{\"@type\":\"EntryPoint\",\"urlTemplate\":\"https:\\\/\\\/revolutionpadelstore.com\\\/fr\\\/?s={search_term_string}\"},\"query-input\":{\"@type\":\"PropertyValueSpecification\",\"valueRequired\":true,\"valueName\":\"search_term_string\"}}],\"inLanguage\":\"fr-FR\"},{\"@type\":\"Organization\",\"@id\":\"https:\\\/\\\/revolutionpadelstore.com\\\/fr\\\/#organization\",\"name\":\"Revolution Padel Store\",\"url\":\"https:\\\/\\\/revolutionpadelstore.com\\\/fr\\\/\",\"logo\":{\"@type\":\"ImageObject\",\"inLanguage\":\"fr-FR\",\"@id\":\"https:\\\/\\\/revolutionpadelstore.com\\\/fr\\\/#\\\/schema\\\/logo\\\/image\\\/\",\"url\":\"https:\\\/\\\/revolutionpadelstore.com\\\/wp-content\\\/uploads\\\/2026\\\/02\\\/revolution-padel-store.jpg\",\"contentUrl\":\"https:\\\/\\\/revolutionpadelstore.com\\\/wp-content\\\/uploads\\\/2026\\\/02\\\/revolution-padel-store.jpg\",\"width\":2000,\"height\":2000,\"caption\":\"Revolution Padel Store\"},\"image\":{\"@id\":\"https:\\\/\\\/revolutionpadelstore.com\\\/fr\\\/#\\\/schema\\\/logo\\\/image\\\/\"},\"sameAs\":[\"https:\\\/\\\/www.instagram.com\\\/revolutionpadelstore\\\/\"]}]}<\/script>\n<!-- \/ Yoast SEO plugin. -->","yoast_head_json":{"title":"NOX AT10 GENIUS 18K AGUSTIN TAPIA 2024 - Revolution Padel Store","description":"Nox AT10 Genius 18K Agust\u00edn Tapia 2024,pala en forma de lagrima para los jugadores m\u00e1s exigentes. Hecha con materiales de lujo como el n\u00facleo multicapa y las caras de Carbon Alum 18K.","robots":{"index":"index","follow":"follow","max-snippet":"max-snippet:-1","max-image-preview":"max-image-preview:large","max-video-preview":"max-video-preview:-1"},"canonical":"https:\/\/revolutionpadelstore.com\/fr\/produit\/nox-at10-genius-18k-agustin-tapia-2024\/","og_locale":"fr_FR","og_type":"article","og_title":"NOX AT10 GENIUS 18K AGUSTIN TAPIA 2024 - Revolution Padel Store","og_description":"Nox AT10 Genius 18K Agust\u00edn Tapia 2024,pala en forma de lagrima para los jugadores m\u00e1s exigentes. Hecha con materiales de lujo como el n\u00facleo multicapa y las caras de Carbon Alum 18K.","og_url":"https:\/\/revolutionpadelstore.com\/fr\/produit\/nox-at10-genius-18k-agustin-tapia-2024\/","og_site_name":"Revolution Padel Store","article_modified_time":"2026-04-22T12:01:13+00:00","og_image":[{"width":1500,"height":1500,"url":"https:\/\/revolutionpadelstore.com\/wp-content\/uploads\/2024\/03\/imagen_1_110805_9dc06b50_3191.webp","type":"image\/webp"}],"twitter_card":"summary_large_image","twitter_misc":{"Dur\u00e9e de lecture estim\u00e9e":"3 minutes"},"schema":{"@context":"https:\/\/schema.org","@graph":[{"@type":"WebPage","@id":"https:\/\/revolutionpadelstore.com\/fr\/produit\/nox-at10-genius-18k-agustin-tapia-2024\/","url":"https:\/\/revolutionpadelstore.com\/fr\/produit\/nox-at10-genius-18k-agustin-tapia-2024\/","name":"NOX AT10 GENIUS 18K AGUSTIN TAPIA 2024 - Revolution Padel Store","isPartOf":{"@id":"https:\/\/revolutionpadelstore.com\/fr\/#website"},"primaryImageOfPage":{"@id":"https:\/\/revolutionpadelstore.com\/fr\/produit\/nox-at10-genius-18k-agustin-tapia-2024\/#primaryimage"},"image":{"@id":"https:\/\/revolutionpadelstore.com\/fr\/produit\/nox-at10-genius-18k-agustin-tapia-2024\/#primaryimage"},"thumbnailUrl":"https:\/\/revolutionpadelstore.com\/wp-content\/uploads\/2024\/03\/imagen_1_110805_9dc06b50_3191.webp","datePublished":"2024-03-19T19:28:54+00:00","dateModified":"2026-04-22T12:01:13+00:00","description":"Nox AT10 Genius 18K Agust\u00edn Tapia 2024,pala en forma de lagrima para los jugadores m\u00e1s exigentes. Hecha con materiales de lujo como el n\u00facleo multicapa y las caras de Carbon Alum 18K.","breadcrumb":{"@id":"https:\/\/revolutionpadelstore.com\/fr\/produit\/nox-at10-genius-18k-agustin-tapia-2024\/#breadcrumb"},"inLanguage":"fr-FR","potentialAction":[{"@type":"ReadAction","target":["https:\/\/revolutionpadelstore.com\/fr\/produit\/nox-at10-genius-18k-agustin-tapia-2024\/"]}]},{"@type":"ImageObject","inLanguage":"fr-FR","@id":"https:\/\/revolutionpadelstore.com\/fr\/produit\/nox-at10-genius-18k-agustin-tapia-2024\/#primaryimage","url":"https:\/\/revolutionpadelstore.com\/wp-content\/uploads\/2024\/03\/imagen_1_110805_9dc06b50_3191.webp","contentUrl":"https:\/\/revolutionpadelstore.com\/wp-content\/uploads\/2024\/03\/imagen_1_110805_9dc06b50_3191.webp","width":1500,"height":1500},{"@type":"BreadcrumbList","@id":"https:\/\/revolutionpadelstore.com\/fr\/produit\/nox-at10-genius-18k-agustin-tapia-2024\/#breadcrumb","itemListElement":[{"@type":"ListItem","position":1,"name":"Portada","item":"https:\/\/revolutionpadelstore.com\/fr\/"},{"@type":"ListItem","position":2,"name":"Boutique","item":"https:\/\/revolutionpadelstore.com\/fr\/tienda\/"},{"@type":"ListItem","position":3,"name":"NOX AT10 GENIUS 18K AGUSTIN TAPIA 2024"}]},{"@type":"WebSite","@id":"https:\/\/revolutionpadelstore.com\/fr\/#website","url":"https:\/\/revolutionpadelstore.com\/fr\/","name":"Revolution Padel Store","description":"","publisher":{"@id":"https:\/\/revolutionpadelstore.com\/fr\/#organization"},"potentialAction":[{"@type":"SearchAction","target":{"@type":"EntryPoint","urlTemplate":"https:\/\/revolutionpadelstore.com\/fr\/?s={search_term_string}"},"query-input":{"@type":"PropertyValueSpecification","valueRequired":true,"valueName":"search_term_string"}}],"inLanguage":"fr-FR"},{"@type":"Organization","@id":"https:\/\/revolutionpadelstore.com\/fr\/#organization","name":"Revolution Padel Store","url":"https:\/\/revolutionpadelstore.com\/fr\/","logo":{"@type":"ImageObject","inLanguage":"fr-FR","@id":"https:\/\/revolutionpadelstore.com\/fr\/#\/schema\/logo\/image\/","url":"https:\/\/revolutionpadelstore.com\/wp-content\/uploads\/2026\/02\/revolution-padel-store.jpg","contentUrl":"https:\/\/revolutionpadelstore.com\/wp-content\/uploads\/2026\/02\/revolution-padel-store.jpg","width":2000,"height":2000,"caption":"Revolution Padel Store"},"image":{"@id":"https:\/\/revolutionpadelstore.com\/fr\/#\/schema\/logo\/image\/"},"sameAs":["https:\/\/www.instagram.com\/revolutionpadelstore\/"]}]}},"_links":{"self":[{"href":"https:\/\/revolutionpadelstore.com\/fr\/wp-json\/wp\/v2\/product\/20325","targetHints":{"allow":["GET"]}}],"collection":[{"href":"https:\/\/revolutionpadelstore.com\/fr\/wp-json\/wp\/v2\/product"}],"about":[{"href":"https:\/\/revolutionpadelstore.com\/fr\/wp-json\/wp\/v2\/types\/product"}],"replies":[{"embeddable":true,"href":"https:\/\/revolutionpadelstore.com\/fr\/wp-json\/wp\/v2\/comments?post=20325"}],"wp:featuredmedia":[{"embeddable":true,"href":"https:\/\/revolutionpadelstore.com\/fr\/wp-json\/wp\/v2\/media\/52208"}],"wp:attachment":[{"href":"https:\/\/revolutionpadelstore.com\/fr\/wp-json\/wp\/v2\/media?parent=20325"}],"wp:term":[{"taxonomy":"acabado","embeddable":true,"href":"https:\/\/revolutionpadelstore.com\/fr\/wp-json\/wp\/v2\/acabado?post=20325"},{"taxonomy":"balance","embeddable":true,"href":"https:\/\/revolutionpadelstore.com\/fr\/wp-json\/wp\/v2\/balance?post=20325"},{"taxonomy":"dureza","embeddable":true,"href":"https:\/\/revolutionpadelstore.com\/fr\/wp-json\/wp\/v2\/dureza?post=20325"},{"taxonomy":"forma","embeddable":true,"href":"https:\/\/revolutionpadelstore.com\/fr\/wp-json\/wp\/v2\/forma?post=20325"},{"taxonomy":"jugador","embeddable":true,"href":"https:\/\/revolutionpadelstore.com\/fr\/wp-json\/wp\/v2\/jugador?post=20325"},{"taxonomy":"marca","embeddable":true,"href":"https:\/\/revolutionpadelstore.com\/fr\/wp-json\/wp\/v2\/marca?post=20325"},{"taxonomy":"nivel-de-juego","embeddable":true,"href":"https:\/\/revolutionpadelstore.com\/fr\/wp-json\/wp\/v2\/nivel-de-juego?post=20325"},{"taxonomy":"superficie","embeddable":true,"href":"https:\/\/revolutionpadelstore.com\/fr\/wp-json\/wp\/v2\/superficie?post=20325"},{"taxonomy":"tipo-de-juego","embeddable":true,"href":"https:\/\/revolutionpadelstore.com\/fr\/wp-json\/wp\/v2\/tipo-de-juego?post=20325"},{"taxonomy":"product_brand","embeddable":true,"href":"https:\/\/revolutionpadelstore.com\/fr\/wp-json\/wp\/v2\/product_brand?post=20325"},{"taxonomy":"product_cat","embeddable":true,"href":"https:\/\/revolutionpadelstore.com\/fr\/wp-json\/wp\/v2\/product_cat?post=20325"},{"taxonomy":"product_tag","embeddable":true,"href":"https:\/\/revolutionpadelstore.com\/fr\/wp-json\/wp\/v2\/product_tag?post=20325"}],"curies":[{"name":"wp","href":"https:\/\/api.w.org\/{rel}","templated":true}]}}