{"id":20305,"date":"2024-03-21T14:31:49","date_gmt":"2024-03-21T13:31:49","guid":{"rendered":"https:\/\/revolutionpadelstore.com\/rs-padel-pro-edition-cayetano-rocafort\/"},"modified":"2026-04-08T14:56:27","modified_gmt":"2026-04-08T12:56:27","slug":"rs-padel-pro-edition-cayetano-rocafort-3","status":"publish","type":"product","link":"https:\/\/revolutionpadelstore.com\/fr\/produit\/rs-padel-pro-edition-cayetano-rocafort-3\/","title":{"rendered":"RS PADEL PRO EDITION CAYETANO ROCAFORT"},"content":{"rendered":"<h2>Pourquoi acheter la raquette de padel RS Padel Pro Edition Cayetano Rocafort ?<\/h2>\n<p>Il s&#8217;agit d&#8217;une raquette padel 2022 avec un \u00e9quilibre moyen-\u00e9lev\u00e9. Cela garantit la combinaison de coups tr\u00e8s puissants avec un grand contr\u00f4le. Le sweet spot est d\u2019amplitude moyenne, pour faciliter les attaques et retours plus compliqu\u00e9s.<\/p>\n<h2>\u00c0 quel type de joueur est destin\u00e9e la raquette de padel RS Padel Pro Edition Cayetano Rocafort ?<\/h2>\n<p>Elle s&#8217;adresse aux hommes adultes qui jouent au padel \u00e0 des niveaux interm\u00e9diaires et avanc\u00e9s, ayant besoin d&#8217;une raquette tr\u00e8s pr\u00e9cise et maniable.<\/p>\n<h2>Design et couleurs<\/h2>\n<p>Il a une forme de larme et un trou de distribution quadrangulaire. L&#8217;ensemble de la t\u00eate est noir mat, avec un ton brillant pour les montures. Sur la partie centrale de chaque face, il pr\u00e9sente deux taches de rousseur parall\u00e8les de couleur dor\u00e9e. Avec ce m\u00eame chromatisme, la signature de <strong>Cayetano Rocafort<\/strong> appara\u00eet au bas des plans principaux.<\/p>\n<h2>\u00bfPor qu\u00e9 comprar la pala de p\u00e1del RS Padel Pro Edition Cayetano Rocafort?<\/h2>\n","protected":false},"excerpt":{"rendered":"<p>La raquette de padel RS Padel Pro Edition Cayetano Rocafort permet de d\u00e9ployer un jeu tr\u00e8s polyvalent. Il vous permet de combiner parfaitement une grande puissance avec une \u00e9norme maniabilit\u00e9.<\/p>\n","protected":false},"featured_media":52132,"comment_status":"open","ping_status":"closed","template":"","meta":{"_acf_changed":false,"_joinchat":[]},"acabado":[1092],"balance":[1137,1142],"dureza":[1157],"forma":[1177],"jugador":[1192,1202],"marca":[1312],"nivel-de-juego":[1337],"superficie":[1362],"tipo-de-juego":[1387],"product_brand":[],"product_cat":[302],"product_tag":[],"class_list":{"0":"post-20305","1":"product","2":"type-product","3":"status-publish","4":"has-post-thumbnail","6":"acabado-soulager-la-3d","7":"balance-eleve","8":"balance-moyen","9":"dureza-media-fr","10":"forma-hybride","11":"jugador-homme","12":"jugador-polivalente-fr","13":"marca-rs-padel-fr","14":"superficie-rugosa-fr","15":"tipo-de-juego-polivalente-fr","16":"product_cat-palas-de-padel-fr","18":"first","19":"instock","20":"taxable","21":"shipping-taxable","22":"purchasable","23":"product-type-simple"},"acf":[],"yoast_head":"<!-- This site is optimized with the Yoast SEO plugin v27.4 - https:\/\/yoast.com\/product\/yoast-seo-wordpress\/ -->\n<title>RS PADEL PRO EDITION CAYETANO ROCAFORT - Revolution Padel Store<\/title>\n<meta name=\"description\" content=\"La pala de p\u00e1del RS Padel Pro Edition Cayetano Rocafort ayuda a desplegar un juego de mucha versatilidad. Permite combinar a la perfecci\u00f3n una gran potencia con una enorme manejabilidad.\" \/>\n<meta name=\"robots\" content=\"index, follow, max-snippet:-1, max-image-preview:large, max-video-preview:-1\" \/>\n<link rel=\"canonical\" href=\"https:\/\/revolutionpadelstore.com\/fr\/produit\/rs-padel-pro-edition-cayetano-rocafort-3\/\" \/>\n<meta property=\"og:locale\" content=\"fr_FR\" \/>\n<meta property=\"og:type\" content=\"article\" \/>\n<meta property=\"og:title\" content=\"RS PADEL PRO EDITION CAYETANO ROCAFORT - Revolution Padel Store\" \/>\n<meta property=\"og:description\" content=\"La pala de p\u00e1del RS Padel Pro Edition Cayetano Rocafort ayuda a desplegar un juego de mucha versatilidad. Permite combinar a la perfecci\u00f3n una gran potencia con una enorme manejabilidad.\" \/>\n<meta property=\"og:url\" content=\"https:\/\/revolutionpadelstore.com\/fr\/produit\/rs-padel-pro-edition-cayetano-rocafort-3\/\" \/>\n<meta property=\"og:site_name\" content=\"Revolution Padel Store\" \/>\n<meta property=\"article:modified_time\" content=\"2026-04-08T12:56:27+00:00\" \/>\n<meta property=\"og:image\" content=\"https:\/\/revolutionpadelstore.com\/wp-content\/uploads\/2024\/03\/RS_PRO_EDITION_CAYETANO_ROCAFORT_91009_VISTA1_1000_1000_ec9b.webp\" \/>\n\t<meta property=\"og:image:width\" content=\"1000\" \/>\n\t<meta property=\"og:image:height\" content=\"1000\" \/>\n\t<meta property=\"og:image:type\" content=\"image\/webp\" \/>\n<meta name=\"twitter:card\" content=\"summary_large_image\" \/>\n<meta name=\"twitter:label1\" content=\"Dur\u00e9e de lecture estim\u00e9e\" \/>\n\t<meta name=\"twitter:data1\" content=\"1 minute\" \/>\n<script type=\"application\/ld+json\" class=\"yoast-schema-graph\">{\"@context\":\"https:\\\/\\\/schema.org\",\"@graph\":[{\"@type\":\"WebPage\",\"@id\":\"https:\\\/\\\/revolutionpadelstore.com\\\/fr\\\/produit\\\/rs-padel-pro-edition-cayetano-rocafort-3\\\/\",\"url\":\"https:\\\/\\\/revolutionpadelstore.com\\\/fr\\\/produit\\\/rs-padel-pro-edition-cayetano-rocafort-3\\\/\",\"name\":\"RS PADEL PRO EDITION CAYETANO ROCAFORT - Revolution Padel Store\",\"isPartOf\":{\"@id\":\"https:\\\/\\\/revolutionpadelstore.com\\\/fr\\\/#website\"},\"primaryImageOfPage\":{\"@id\":\"https:\\\/\\\/revolutionpadelstore.com\\\/fr\\\/produit\\\/rs-padel-pro-edition-cayetano-rocafort-3\\\/#primaryimage\"},\"image\":{\"@id\":\"https:\\\/\\\/revolutionpadelstore.com\\\/fr\\\/produit\\\/rs-padel-pro-edition-cayetano-rocafort-3\\\/#primaryimage\"},\"thumbnailUrl\":\"https:\\\/\\\/revolutionpadelstore.com\\\/wp-content\\\/uploads\\\/2024\\\/03\\\/RS_PRO_EDITION_CAYETANO_ROCAFORT_91009_VISTA1_1000_1000_ec9b.webp\",\"datePublished\":\"2024-03-21T13:31:49+00:00\",\"dateModified\":\"2026-04-08T12:56:27+00:00\",\"description\":\"La pala de p\u00e1del RS Padel Pro Edition Cayetano Rocafort ayuda a desplegar un juego de mucha versatilidad. Permite combinar a la perfecci\u00f3n una gran potencia con una enorme manejabilidad.\",\"breadcrumb\":{\"@id\":\"https:\\\/\\\/revolutionpadelstore.com\\\/fr\\\/produit\\\/rs-padel-pro-edition-cayetano-rocafort-3\\\/#breadcrumb\"},\"inLanguage\":\"fr-FR\",\"potentialAction\":[{\"@type\":\"ReadAction\",\"target\":[\"https:\\\/\\\/revolutionpadelstore.com\\\/fr\\\/produit\\\/rs-padel-pro-edition-cayetano-rocafort-3\\\/\"]}]},{\"@type\":\"ImageObject\",\"inLanguage\":\"fr-FR\",\"@id\":\"https:\\\/\\\/revolutionpadelstore.com\\\/fr\\\/produit\\\/rs-padel-pro-edition-cayetano-rocafort-3\\\/#primaryimage\",\"url\":\"https:\\\/\\\/revolutionpadelstore.com\\\/wp-content\\\/uploads\\\/2024\\\/03\\\/RS_PRO_EDITION_CAYETANO_ROCAFORT_91009_VISTA1_1000_1000_ec9b.webp\",\"contentUrl\":\"https:\\\/\\\/revolutionpadelstore.com\\\/wp-content\\\/uploads\\\/2024\\\/03\\\/RS_PRO_EDITION_CAYETANO_ROCAFORT_91009_VISTA1_1000_1000_ec9b.webp\",\"width\":1000,\"height\":1000},{\"@type\":\"BreadcrumbList\",\"@id\":\"https:\\\/\\\/revolutionpadelstore.com\\\/fr\\\/produit\\\/rs-padel-pro-edition-cayetano-rocafort-3\\\/#breadcrumb\",\"itemListElement\":[{\"@type\":\"ListItem\",\"position\":1,\"name\":\"Portada\",\"item\":\"https:\\\/\\\/revolutionpadelstore.com\\\/fr\\\/\"},{\"@type\":\"ListItem\",\"position\":2,\"name\":\"Boutique\",\"item\":\"https:\\\/\\\/revolutionpadelstore.com\\\/fr\\\/tienda\\\/\"},{\"@type\":\"ListItem\",\"position\":3,\"name\":\"RS PADEL PRO EDITION CAYETANO ROCAFORT\"}]},{\"@type\":\"WebSite\",\"@id\":\"https:\\\/\\\/revolutionpadelstore.com\\\/fr\\\/#website\",\"url\":\"https:\\\/\\\/revolutionpadelstore.com\\\/fr\\\/\",\"name\":\"Revolution Padel Store\",\"description\":\"\",\"publisher\":{\"@id\":\"https:\\\/\\\/revolutionpadelstore.com\\\/fr\\\/#organization\"},\"potentialAction\":[{\"@type\":\"SearchAction\",\"target\":{\"@type\":\"EntryPoint\",\"urlTemplate\":\"https:\\\/\\\/revolutionpadelstore.com\\\/fr\\\/?s={search_term_string}\"},\"query-input\":{\"@type\":\"PropertyValueSpecification\",\"valueRequired\":true,\"valueName\":\"search_term_string\"}}],\"inLanguage\":\"fr-FR\"},{\"@type\":\"Organization\",\"@id\":\"https:\\\/\\\/revolutionpadelstore.com\\\/fr\\\/#organization\",\"name\":\"Revolution Padel Store\",\"url\":\"https:\\\/\\\/revolutionpadelstore.com\\\/fr\\\/\",\"logo\":{\"@type\":\"ImageObject\",\"inLanguage\":\"fr-FR\",\"@id\":\"https:\\\/\\\/revolutionpadelstore.com\\\/fr\\\/#\\\/schema\\\/logo\\\/image\\\/\",\"url\":\"https:\\\/\\\/revolutionpadelstore.com\\\/wp-content\\\/uploads\\\/2026\\\/02\\\/revolution-padel-store.jpg\",\"contentUrl\":\"https:\\\/\\\/revolutionpadelstore.com\\\/wp-content\\\/uploads\\\/2026\\\/02\\\/revolution-padel-store.jpg\",\"width\":2000,\"height\":2000,\"caption\":\"Revolution Padel Store\"},\"image\":{\"@id\":\"https:\\\/\\\/revolutionpadelstore.com\\\/fr\\\/#\\\/schema\\\/logo\\\/image\\\/\"},\"sameAs\":[\"https:\\\/\\\/www.instagram.com\\\/revolutionpadelstore\\\/\"]}]}<\/script>\n<!-- \/ Yoast SEO plugin. -->","yoast_head_json":{"title":"RS PADEL PRO EDITION CAYETANO ROCAFORT - Revolution Padel Store","description":"La pala de p\u00e1del RS Padel Pro Edition Cayetano Rocafort ayuda a desplegar un juego de mucha versatilidad. Permite combinar a la perfecci\u00f3n una gran potencia con una enorme manejabilidad.","robots":{"index":"index","follow":"follow","max-snippet":"max-snippet:-1","max-image-preview":"max-image-preview:large","max-video-preview":"max-video-preview:-1"},"canonical":"https:\/\/revolutionpadelstore.com\/fr\/produit\/rs-padel-pro-edition-cayetano-rocafort-3\/","og_locale":"fr_FR","og_type":"article","og_title":"RS PADEL PRO EDITION CAYETANO ROCAFORT - Revolution Padel Store","og_description":"La pala de p\u00e1del RS Padel Pro Edition Cayetano Rocafort ayuda a desplegar un juego de mucha versatilidad. Permite combinar a la perfecci\u00f3n una gran potencia con una enorme manejabilidad.","og_url":"https:\/\/revolutionpadelstore.com\/fr\/produit\/rs-padel-pro-edition-cayetano-rocafort-3\/","og_site_name":"Revolution Padel Store","article_modified_time":"2026-04-08T12:56:27+00:00","og_image":[{"width":1000,"height":1000,"url":"https:\/\/revolutionpadelstore.com\/wp-content\/uploads\/2024\/03\/RS_PRO_EDITION_CAYETANO_ROCAFORT_91009_VISTA1_1000_1000_ec9b.webp","type":"image\/webp"}],"twitter_card":"summary_large_image","twitter_misc":{"Dur\u00e9e de lecture estim\u00e9e":"1 minute"},"schema":{"@context":"https:\/\/schema.org","@graph":[{"@type":"WebPage","@id":"https:\/\/revolutionpadelstore.com\/fr\/produit\/rs-padel-pro-edition-cayetano-rocafort-3\/","url":"https:\/\/revolutionpadelstore.com\/fr\/produit\/rs-padel-pro-edition-cayetano-rocafort-3\/","name":"RS PADEL PRO EDITION CAYETANO ROCAFORT - Revolution Padel Store","isPartOf":{"@id":"https:\/\/revolutionpadelstore.com\/fr\/#website"},"primaryImageOfPage":{"@id":"https:\/\/revolutionpadelstore.com\/fr\/produit\/rs-padel-pro-edition-cayetano-rocafort-3\/#primaryimage"},"image":{"@id":"https:\/\/revolutionpadelstore.com\/fr\/produit\/rs-padel-pro-edition-cayetano-rocafort-3\/#primaryimage"},"thumbnailUrl":"https:\/\/revolutionpadelstore.com\/wp-content\/uploads\/2024\/03\/RS_PRO_EDITION_CAYETANO_ROCAFORT_91009_VISTA1_1000_1000_ec9b.webp","datePublished":"2024-03-21T13:31:49+00:00","dateModified":"2026-04-08T12:56:27+00:00","description":"La pala de p\u00e1del RS Padel Pro Edition Cayetano Rocafort ayuda a desplegar un juego de mucha versatilidad. Permite combinar a la perfecci\u00f3n una gran potencia con una enorme manejabilidad.","breadcrumb":{"@id":"https:\/\/revolutionpadelstore.com\/fr\/produit\/rs-padel-pro-edition-cayetano-rocafort-3\/#breadcrumb"},"inLanguage":"fr-FR","potentialAction":[{"@type":"ReadAction","target":["https:\/\/revolutionpadelstore.com\/fr\/produit\/rs-padel-pro-edition-cayetano-rocafort-3\/"]}]},{"@type":"ImageObject","inLanguage":"fr-FR","@id":"https:\/\/revolutionpadelstore.com\/fr\/produit\/rs-padel-pro-edition-cayetano-rocafort-3\/#primaryimage","url":"https:\/\/revolutionpadelstore.com\/wp-content\/uploads\/2024\/03\/RS_PRO_EDITION_CAYETANO_ROCAFORT_91009_VISTA1_1000_1000_ec9b.webp","contentUrl":"https:\/\/revolutionpadelstore.com\/wp-content\/uploads\/2024\/03\/RS_PRO_EDITION_CAYETANO_ROCAFORT_91009_VISTA1_1000_1000_ec9b.webp","width":1000,"height":1000},{"@type":"BreadcrumbList","@id":"https:\/\/revolutionpadelstore.com\/fr\/produit\/rs-padel-pro-edition-cayetano-rocafort-3\/#breadcrumb","itemListElement":[{"@type":"ListItem","position":1,"name":"Portada","item":"https:\/\/revolutionpadelstore.com\/fr\/"},{"@type":"ListItem","position":2,"name":"Boutique","item":"https:\/\/revolutionpadelstore.com\/fr\/tienda\/"},{"@type":"ListItem","position":3,"name":"RS PADEL PRO EDITION CAYETANO ROCAFORT"}]},{"@type":"WebSite","@id":"https:\/\/revolutionpadelstore.com\/fr\/#website","url":"https:\/\/revolutionpadelstore.com\/fr\/","name":"Revolution Padel Store","description":"","publisher":{"@id":"https:\/\/revolutionpadelstore.com\/fr\/#organization"},"potentialAction":[{"@type":"SearchAction","target":{"@type":"EntryPoint","urlTemplate":"https:\/\/revolutionpadelstore.com\/fr\/?s={search_term_string}"},"query-input":{"@type":"PropertyValueSpecification","valueRequired":true,"valueName":"search_term_string"}}],"inLanguage":"fr-FR"},{"@type":"Organization","@id":"https:\/\/revolutionpadelstore.com\/fr\/#organization","name":"Revolution Padel Store","url":"https:\/\/revolutionpadelstore.com\/fr\/","logo":{"@type":"ImageObject","inLanguage":"fr-FR","@id":"https:\/\/revolutionpadelstore.com\/fr\/#\/schema\/logo\/image\/","url":"https:\/\/revolutionpadelstore.com\/wp-content\/uploads\/2026\/02\/revolution-padel-store.jpg","contentUrl":"https:\/\/revolutionpadelstore.com\/wp-content\/uploads\/2026\/02\/revolution-padel-store.jpg","width":2000,"height":2000,"caption":"Revolution Padel Store"},"image":{"@id":"https:\/\/revolutionpadelstore.com\/fr\/#\/schema\/logo\/image\/"},"sameAs":["https:\/\/www.instagram.com\/revolutionpadelstore\/"]}]}},"_links":{"self":[{"href":"https:\/\/revolutionpadelstore.com\/fr\/wp-json\/wp\/v2\/product\/20305","targetHints":{"allow":["GET"]}}],"collection":[{"href":"https:\/\/revolutionpadelstore.com\/fr\/wp-json\/wp\/v2\/product"}],"about":[{"href":"https:\/\/revolutionpadelstore.com\/fr\/wp-json\/wp\/v2\/types\/product"}],"replies":[{"embeddable":true,"href":"https:\/\/revolutionpadelstore.com\/fr\/wp-json\/wp\/v2\/comments?post=20305"}],"wp:featuredmedia":[{"embeddable":true,"href":"https:\/\/revolutionpadelstore.com\/fr\/wp-json\/wp\/v2\/media\/52132"}],"wp:attachment":[{"href":"https:\/\/revolutionpadelstore.com\/fr\/wp-json\/wp\/v2\/media?parent=20305"}],"wp:term":[{"taxonomy":"acabado","embeddable":true,"href":"https:\/\/revolutionpadelstore.com\/fr\/wp-json\/wp\/v2\/acabado?post=20305"},{"taxonomy":"balance","embeddable":true,"href":"https:\/\/revolutionpadelstore.com\/fr\/wp-json\/wp\/v2\/balance?post=20305"},{"taxonomy":"dureza","embeddable":true,"href":"https:\/\/revolutionpadelstore.com\/fr\/wp-json\/wp\/v2\/dureza?post=20305"},{"taxonomy":"forma","embeddable":true,"href":"https:\/\/revolutionpadelstore.com\/fr\/wp-json\/wp\/v2\/forma?post=20305"},{"taxonomy":"jugador","embeddable":true,"href":"https:\/\/revolutionpadelstore.com\/fr\/wp-json\/wp\/v2\/jugador?post=20305"},{"taxonomy":"marca","embeddable":true,"href":"https:\/\/revolutionpadelstore.com\/fr\/wp-json\/wp\/v2\/marca?post=20305"},{"taxonomy":"nivel-de-juego","embeddable":true,"href":"https:\/\/revolutionpadelstore.com\/fr\/wp-json\/wp\/v2\/nivel-de-juego?post=20305"},{"taxonomy":"superficie","embeddable":true,"href":"https:\/\/revolutionpadelstore.com\/fr\/wp-json\/wp\/v2\/superficie?post=20305"},{"taxonomy":"tipo-de-juego","embeddable":true,"href":"https:\/\/revolutionpadelstore.com\/fr\/wp-json\/wp\/v2\/tipo-de-juego?post=20305"},{"taxonomy":"product_brand","embeddable":true,"href":"https:\/\/revolutionpadelstore.com\/fr\/wp-json\/wp\/v2\/product_brand?post=20305"},{"taxonomy":"product_cat","embeddable":true,"href":"https:\/\/revolutionpadelstore.com\/fr\/wp-json\/wp\/v2\/product_cat?post=20305"},{"taxonomy":"product_tag","embeddable":true,"href":"https:\/\/revolutionpadelstore.com\/fr\/wp-json\/wp\/v2\/product_tag?post=20305"}],"curies":[{"name":"wp","href":"https:\/\/api.w.org\/{rel}","templated":true}]}}