{"id":20295,"date":"2024-03-21T14:42:40","date_gmt":"2024-03-21T13:42:40","guid":{"rendered":"https:\/\/revolutionpadelstore.com\/rs-padel-prime-team-edition-negro-azul-mujer\/"},"modified":"2026-04-08T14:54:36","modified_gmt":"2026-04-08T12:54:36","slug":"rs-padel-prime-team-edition-negro-azul-mujer-3","status":"publish","type":"product","link":"https:\/\/revolutionpadelstore.com\/fr\/produit\/rs-padel-prime-team-edition-negro-azul-mujer-3\/","title":{"rendered":"RS PADEL PRIME TEAM EDITION NEGRO AZUL MUJER"},"content":{"rendered":"<h2>Pourquoi acheter la raquette de padel RS Padel Prime Team Edition Femme ?<\/h2>\n<p>C&#8217;est une raquette de padel avec un \u00e9quilibre moyen. Cela facilite des performances polyvalentes, qui favorisent \u00e0 la fois le contr\u00f4le et la puissance.<\/p>\n<p>Il a une forme de larme et de nombreuses perforations strat\u00e9giquement plac\u00e9es dans une direction circulaire. Les deux aspects permettent un large sweet spot et une \u00e9norme maniabilit\u00e9.<\/p>\n<h2>\u00c0 quel type de joueur est destin\u00e9e la raquette de padel RS Padel Prime Team Edition Femme ?<\/h2>\n<p>Elle s&#8217;adresse <strong>aux pagayeurs adultes des niveaux les plus avanc\u00e9s<\/strong>, qui ont besoin d&#8217;une raquette maniable avec une grande force dans les attaques et les retours.<\/p>\n<h2>Design et couleurs<\/h2>\n<p>Il pr\u00e9sente une couleur noir mat lisse depuis le pont et jusqu&#8217;\u00e0 la partie la plus haute des c\u00f4t\u00e9s. Cela contraste avec des filets de diff\u00e9rentes \u00e9paisseurs qui pr\u00e9sentent une teinte vert menthe pastel, sur le col et aux extr\u00e9mit\u00e9s des plans principaux. Au centre de ceux-ci, il incorpore deux bandes incurv\u00e9es vert gris\u00e2tre.<\/p>\n<h2>\u00bfPor qu\u00e9 adquirir la pala de p\u00e1del RS Padel Prime Team Edition Mujer?<\/h2>\n","protected":false},"excerpt":{"rendered":"<p>La<strong>raquette de padel RS Padel Prime Team Edition Black Blue Women<\/strong>comprend des technologies qui favorisent d&#8217;excellentes performances sur le terrain. Sa grande \u00e9lasticit\u00e9 facilite des frappes d&#8217;une grande pr\u00e9cision.<\/p>\n","protected":false},"featured_media":52105,"comment_status":"open","ping_status":"closed","template":"","meta":{"_acf_changed":false,"_joinchat":[]},"acabado":[1097],"balance":[1142],"dureza":[1157],"forma":[1187],"jugador":[1197],"marca":[1312],"nivel-de-juego":[1337],"superficie":[1362],"tipo-de-juego":[1387],"product_brand":[],"product_cat":[302],"product_tag":[],"class_list":{"0":"post-20295","1":"product","2":"type-product","3":"status-publish","4":"has-post-thumbnail","6":"acabado-sable","7":"balance-moyen","8":"dureza-media-fr","9":"forma-lagrima-fr","10":"jugador-mujer-fr","11":"marca-rs-padel-fr","12":"superficie-rugosa-fr","13":"tipo-de-juego-polivalente-fr","14":"product_cat-palas-de-padel-fr","16":"first","17":"instock","18":"taxable","19":"shipping-taxable","20":"purchasable","21":"product-type-simple"},"acf":[],"yoast_head":"<!-- This site is optimized with the Yoast SEO plugin v27.4 - https:\/\/yoast.com\/product\/yoast-seo-wordpress\/ -->\n<title>RS PADEL PRIME TEAM EDITION NEGRO AZUL MUJER - Revolution Padel Store<\/title>\n<meta name=\"description\" content=\"La pala de p\u00e1del RS Padel Prime Team Edition Negro Azul Mujer incluye tecnolog\u00edas que fomentan un gran desempe\u00f1o sobre la pista. Su gran elasticidad facilita golpes de gran precisi\u00f3n.\" \/>\n<meta name=\"robots\" content=\"index, follow, max-snippet:-1, max-image-preview:large, max-video-preview:-1\" \/>\n<link rel=\"canonical\" href=\"https:\/\/revolutionpadelstore.com\/fr\/produit\/rs-padel-prime-team-edition-negro-azul-mujer-3\/\" \/>\n<meta property=\"og:locale\" content=\"fr_FR\" \/>\n<meta property=\"og:type\" content=\"article\" \/>\n<meta property=\"og:title\" content=\"RS PADEL PRIME TEAM EDITION NEGRO AZUL MUJER - Revolution Padel Store\" \/>\n<meta property=\"og:description\" content=\"La pala de p\u00e1del RS Padel Prime Team Edition Negro Azul Mujer incluye tecnolog\u00edas que fomentan un gran desempe\u00f1o sobre la pista. Su gran elasticidad facilita golpes de gran precisi\u00f3n.\" \/>\n<meta property=\"og:url\" content=\"https:\/\/revolutionpadelstore.com\/fr\/produit\/rs-padel-prime-team-edition-negro-azul-mujer-3\/\" \/>\n<meta property=\"og:site_name\" content=\"Revolution Padel Store\" \/>\n<meta property=\"article:modified_time\" content=\"2026-04-08T12:54:36+00:00\" \/>\n<meta property=\"og:image\" content=\"https:\/\/revolutionpadelstore.com\/wp-content\/uploads\/2024\/03\/RS_PRIME_TEAM_EDITION_91021_MJR_VISTA1_1000_1000_dbdf.webp\" \/>\n\t<meta property=\"og:image:width\" content=\"1000\" \/>\n\t<meta property=\"og:image:height\" content=\"1000\" \/>\n\t<meta property=\"og:image:type\" content=\"image\/webp\" \/>\n<meta name=\"twitter:card\" content=\"summary_large_image\" \/>\n<meta name=\"twitter:label1\" content=\"Dur\u00e9e de lecture estim\u00e9e\" \/>\n\t<meta name=\"twitter:data1\" content=\"1 minute\" \/>\n<script type=\"application\/ld+json\" class=\"yoast-schema-graph\">{\"@context\":\"https:\\\/\\\/schema.org\",\"@graph\":[{\"@type\":\"WebPage\",\"@id\":\"https:\\\/\\\/revolutionpadelstore.com\\\/fr\\\/produit\\\/rs-padel-prime-team-edition-negro-azul-mujer-3\\\/\",\"url\":\"https:\\\/\\\/revolutionpadelstore.com\\\/fr\\\/produit\\\/rs-padel-prime-team-edition-negro-azul-mujer-3\\\/\",\"name\":\"RS PADEL PRIME TEAM EDITION NEGRO AZUL MUJER - Revolution Padel Store\",\"isPartOf\":{\"@id\":\"https:\\\/\\\/revolutionpadelstore.com\\\/fr\\\/#website\"},\"primaryImageOfPage\":{\"@id\":\"https:\\\/\\\/revolutionpadelstore.com\\\/fr\\\/produit\\\/rs-padel-prime-team-edition-negro-azul-mujer-3\\\/#primaryimage\"},\"image\":{\"@id\":\"https:\\\/\\\/revolutionpadelstore.com\\\/fr\\\/produit\\\/rs-padel-prime-team-edition-negro-azul-mujer-3\\\/#primaryimage\"},\"thumbnailUrl\":\"https:\\\/\\\/revolutionpadelstore.com\\\/wp-content\\\/uploads\\\/2024\\\/03\\\/RS_PRIME_TEAM_EDITION_91021_MJR_VISTA1_1000_1000_dbdf.webp\",\"datePublished\":\"2024-03-21T13:42:40+00:00\",\"dateModified\":\"2026-04-08T12:54:36+00:00\",\"description\":\"La pala de p\u00e1del RS Padel Prime Team Edition Negro Azul Mujer incluye tecnolog\u00edas que fomentan un gran desempe\u00f1o sobre la pista. Su gran elasticidad facilita golpes de gran precisi\u00f3n.\",\"breadcrumb\":{\"@id\":\"https:\\\/\\\/revolutionpadelstore.com\\\/fr\\\/produit\\\/rs-padel-prime-team-edition-negro-azul-mujer-3\\\/#breadcrumb\"},\"inLanguage\":\"fr-FR\",\"potentialAction\":[{\"@type\":\"ReadAction\",\"target\":[\"https:\\\/\\\/revolutionpadelstore.com\\\/fr\\\/produit\\\/rs-padel-prime-team-edition-negro-azul-mujer-3\\\/\"]}]},{\"@type\":\"ImageObject\",\"inLanguage\":\"fr-FR\",\"@id\":\"https:\\\/\\\/revolutionpadelstore.com\\\/fr\\\/produit\\\/rs-padel-prime-team-edition-negro-azul-mujer-3\\\/#primaryimage\",\"url\":\"https:\\\/\\\/revolutionpadelstore.com\\\/wp-content\\\/uploads\\\/2024\\\/03\\\/RS_PRIME_TEAM_EDITION_91021_MJR_VISTA1_1000_1000_dbdf.webp\",\"contentUrl\":\"https:\\\/\\\/revolutionpadelstore.com\\\/wp-content\\\/uploads\\\/2024\\\/03\\\/RS_PRIME_TEAM_EDITION_91021_MJR_VISTA1_1000_1000_dbdf.webp\",\"width\":1000,\"height\":1000},{\"@type\":\"BreadcrumbList\",\"@id\":\"https:\\\/\\\/revolutionpadelstore.com\\\/fr\\\/produit\\\/rs-padel-prime-team-edition-negro-azul-mujer-3\\\/#breadcrumb\",\"itemListElement\":[{\"@type\":\"ListItem\",\"position\":1,\"name\":\"Portada\",\"item\":\"https:\\\/\\\/revolutionpadelstore.com\\\/fr\\\/\"},{\"@type\":\"ListItem\",\"position\":2,\"name\":\"Boutique\",\"item\":\"https:\\\/\\\/revolutionpadelstore.com\\\/fr\\\/tienda\\\/\"},{\"@type\":\"ListItem\",\"position\":3,\"name\":\"RS PADEL PRIME TEAM EDITION NEGRO AZUL MUJER\"}]},{\"@type\":\"WebSite\",\"@id\":\"https:\\\/\\\/revolutionpadelstore.com\\\/fr\\\/#website\",\"url\":\"https:\\\/\\\/revolutionpadelstore.com\\\/fr\\\/\",\"name\":\"Revolution Padel Store\",\"description\":\"\",\"publisher\":{\"@id\":\"https:\\\/\\\/revolutionpadelstore.com\\\/fr\\\/#organization\"},\"potentialAction\":[{\"@type\":\"SearchAction\",\"target\":{\"@type\":\"EntryPoint\",\"urlTemplate\":\"https:\\\/\\\/revolutionpadelstore.com\\\/fr\\\/?s={search_term_string}\"},\"query-input\":{\"@type\":\"PropertyValueSpecification\",\"valueRequired\":true,\"valueName\":\"search_term_string\"}}],\"inLanguage\":\"fr-FR\"},{\"@type\":\"Organization\",\"@id\":\"https:\\\/\\\/revolutionpadelstore.com\\\/fr\\\/#organization\",\"name\":\"Revolution Padel Store\",\"url\":\"https:\\\/\\\/revolutionpadelstore.com\\\/fr\\\/\",\"logo\":{\"@type\":\"ImageObject\",\"inLanguage\":\"fr-FR\",\"@id\":\"https:\\\/\\\/revolutionpadelstore.com\\\/fr\\\/#\\\/schema\\\/logo\\\/image\\\/\",\"url\":\"https:\\\/\\\/revolutionpadelstore.com\\\/wp-content\\\/uploads\\\/2026\\\/02\\\/revolution-padel-store.jpg\",\"contentUrl\":\"https:\\\/\\\/revolutionpadelstore.com\\\/wp-content\\\/uploads\\\/2026\\\/02\\\/revolution-padel-store.jpg\",\"width\":2000,\"height\":2000,\"caption\":\"Revolution Padel Store\"},\"image\":{\"@id\":\"https:\\\/\\\/revolutionpadelstore.com\\\/fr\\\/#\\\/schema\\\/logo\\\/image\\\/\"},\"sameAs\":[\"https:\\\/\\\/www.instagram.com\\\/revolutionpadelstore\\\/\"]}]}<\/script>\n<!-- \/ Yoast SEO plugin. -->","yoast_head_json":{"title":"RS PADEL PRIME TEAM EDITION NEGRO AZUL MUJER - Revolution Padel Store","description":"La pala de p\u00e1del RS Padel Prime Team Edition Negro Azul Mujer incluye tecnolog\u00edas que fomentan un gran desempe\u00f1o sobre la pista. Su gran elasticidad facilita golpes de gran precisi\u00f3n.","robots":{"index":"index","follow":"follow","max-snippet":"max-snippet:-1","max-image-preview":"max-image-preview:large","max-video-preview":"max-video-preview:-1"},"canonical":"https:\/\/revolutionpadelstore.com\/fr\/produit\/rs-padel-prime-team-edition-negro-azul-mujer-3\/","og_locale":"fr_FR","og_type":"article","og_title":"RS PADEL PRIME TEAM EDITION NEGRO AZUL MUJER - Revolution Padel Store","og_description":"La pala de p\u00e1del RS Padel Prime Team Edition Negro Azul Mujer incluye tecnolog\u00edas que fomentan un gran desempe\u00f1o sobre la pista. Su gran elasticidad facilita golpes de gran precisi\u00f3n.","og_url":"https:\/\/revolutionpadelstore.com\/fr\/produit\/rs-padel-prime-team-edition-negro-azul-mujer-3\/","og_site_name":"Revolution Padel Store","article_modified_time":"2026-04-08T12:54:36+00:00","og_image":[{"width":1000,"height":1000,"url":"https:\/\/revolutionpadelstore.com\/wp-content\/uploads\/2024\/03\/RS_PRIME_TEAM_EDITION_91021_MJR_VISTA1_1000_1000_dbdf.webp","type":"image\/webp"}],"twitter_card":"summary_large_image","twitter_misc":{"Dur\u00e9e de lecture estim\u00e9e":"1 minute"},"schema":{"@context":"https:\/\/schema.org","@graph":[{"@type":"WebPage","@id":"https:\/\/revolutionpadelstore.com\/fr\/produit\/rs-padel-prime-team-edition-negro-azul-mujer-3\/","url":"https:\/\/revolutionpadelstore.com\/fr\/produit\/rs-padel-prime-team-edition-negro-azul-mujer-3\/","name":"RS PADEL PRIME TEAM EDITION NEGRO AZUL MUJER - Revolution Padel Store","isPartOf":{"@id":"https:\/\/revolutionpadelstore.com\/fr\/#website"},"primaryImageOfPage":{"@id":"https:\/\/revolutionpadelstore.com\/fr\/produit\/rs-padel-prime-team-edition-negro-azul-mujer-3\/#primaryimage"},"image":{"@id":"https:\/\/revolutionpadelstore.com\/fr\/produit\/rs-padel-prime-team-edition-negro-azul-mujer-3\/#primaryimage"},"thumbnailUrl":"https:\/\/revolutionpadelstore.com\/wp-content\/uploads\/2024\/03\/RS_PRIME_TEAM_EDITION_91021_MJR_VISTA1_1000_1000_dbdf.webp","datePublished":"2024-03-21T13:42:40+00:00","dateModified":"2026-04-08T12:54:36+00:00","description":"La pala de p\u00e1del RS Padel Prime Team Edition Negro Azul Mujer incluye tecnolog\u00edas que fomentan un gran desempe\u00f1o sobre la pista. Su gran elasticidad facilita golpes de gran precisi\u00f3n.","breadcrumb":{"@id":"https:\/\/revolutionpadelstore.com\/fr\/produit\/rs-padel-prime-team-edition-negro-azul-mujer-3\/#breadcrumb"},"inLanguage":"fr-FR","potentialAction":[{"@type":"ReadAction","target":["https:\/\/revolutionpadelstore.com\/fr\/produit\/rs-padel-prime-team-edition-negro-azul-mujer-3\/"]}]},{"@type":"ImageObject","inLanguage":"fr-FR","@id":"https:\/\/revolutionpadelstore.com\/fr\/produit\/rs-padel-prime-team-edition-negro-azul-mujer-3\/#primaryimage","url":"https:\/\/revolutionpadelstore.com\/wp-content\/uploads\/2024\/03\/RS_PRIME_TEAM_EDITION_91021_MJR_VISTA1_1000_1000_dbdf.webp","contentUrl":"https:\/\/revolutionpadelstore.com\/wp-content\/uploads\/2024\/03\/RS_PRIME_TEAM_EDITION_91021_MJR_VISTA1_1000_1000_dbdf.webp","width":1000,"height":1000},{"@type":"BreadcrumbList","@id":"https:\/\/revolutionpadelstore.com\/fr\/produit\/rs-padel-prime-team-edition-negro-azul-mujer-3\/#breadcrumb","itemListElement":[{"@type":"ListItem","position":1,"name":"Portada","item":"https:\/\/revolutionpadelstore.com\/fr\/"},{"@type":"ListItem","position":2,"name":"Boutique","item":"https:\/\/revolutionpadelstore.com\/fr\/tienda\/"},{"@type":"ListItem","position":3,"name":"RS PADEL PRIME TEAM EDITION NEGRO AZUL MUJER"}]},{"@type":"WebSite","@id":"https:\/\/revolutionpadelstore.com\/fr\/#website","url":"https:\/\/revolutionpadelstore.com\/fr\/","name":"Revolution Padel Store","description":"","publisher":{"@id":"https:\/\/revolutionpadelstore.com\/fr\/#organization"},"potentialAction":[{"@type":"SearchAction","target":{"@type":"EntryPoint","urlTemplate":"https:\/\/revolutionpadelstore.com\/fr\/?s={search_term_string}"},"query-input":{"@type":"PropertyValueSpecification","valueRequired":true,"valueName":"search_term_string"}}],"inLanguage":"fr-FR"},{"@type":"Organization","@id":"https:\/\/revolutionpadelstore.com\/fr\/#organization","name":"Revolution Padel Store","url":"https:\/\/revolutionpadelstore.com\/fr\/","logo":{"@type":"ImageObject","inLanguage":"fr-FR","@id":"https:\/\/revolutionpadelstore.com\/fr\/#\/schema\/logo\/image\/","url":"https:\/\/revolutionpadelstore.com\/wp-content\/uploads\/2026\/02\/revolution-padel-store.jpg","contentUrl":"https:\/\/revolutionpadelstore.com\/wp-content\/uploads\/2026\/02\/revolution-padel-store.jpg","width":2000,"height":2000,"caption":"Revolution Padel Store"},"image":{"@id":"https:\/\/revolutionpadelstore.com\/fr\/#\/schema\/logo\/image\/"},"sameAs":["https:\/\/www.instagram.com\/revolutionpadelstore\/"]}]}},"_links":{"self":[{"href":"https:\/\/revolutionpadelstore.com\/fr\/wp-json\/wp\/v2\/product\/20295","targetHints":{"allow":["GET"]}}],"collection":[{"href":"https:\/\/revolutionpadelstore.com\/fr\/wp-json\/wp\/v2\/product"}],"about":[{"href":"https:\/\/revolutionpadelstore.com\/fr\/wp-json\/wp\/v2\/types\/product"}],"replies":[{"embeddable":true,"href":"https:\/\/revolutionpadelstore.com\/fr\/wp-json\/wp\/v2\/comments?post=20295"}],"wp:featuredmedia":[{"embeddable":true,"href":"https:\/\/revolutionpadelstore.com\/fr\/wp-json\/wp\/v2\/media\/52105"}],"wp:attachment":[{"href":"https:\/\/revolutionpadelstore.com\/fr\/wp-json\/wp\/v2\/media?parent=20295"}],"wp:term":[{"taxonomy":"acabado","embeddable":true,"href":"https:\/\/revolutionpadelstore.com\/fr\/wp-json\/wp\/v2\/acabado?post=20295"},{"taxonomy":"balance","embeddable":true,"href":"https:\/\/revolutionpadelstore.com\/fr\/wp-json\/wp\/v2\/balance?post=20295"},{"taxonomy":"dureza","embeddable":true,"href":"https:\/\/revolutionpadelstore.com\/fr\/wp-json\/wp\/v2\/dureza?post=20295"},{"taxonomy":"forma","embeddable":true,"href":"https:\/\/revolutionpadelstore.com\/fr\/wp-json\/wp\/v2\/forma?post=20295"},{"taxonomy":"jugador","embeddable":true,"href":"https:\/\/revolutionpadelstore.com\/fr\/wp-json\/wp\/v2\/jugador?post=20295"},{"taxonomy":"marca","embeddable":true,"href":"https:\/\/revolutionpadelstore.com\/fr\/wp-json\/wp\/v2\/marca?post=20295"},{"taxonomy":"nivel-de-juego","embeddable":true,"href":"https:\/\/revolutionpadelstore.com\/fr\/wp-json\/wp\/v2\/nivel-de-juego?post=20295"},{"taxonomy":"superficie","embeddable":true,"href":"https:\/\/revolutionpadelstore.com\/fr\/wp-json\/wp\/v2\/superficie?post=20295"},{"taxonomy":"tipo-de-juego","embeddable":true,"href":"https:\/\/revolutionpadelstore.com\/fr\/wp-json\/wp\/v2\/tipo-de-juego?post=20295"},{"taxonomy":"product_brand","embeddable":true,"href":"https:\/\/revolutionpadelstore.com\/fr\/wp-json\/wp\/v2\/product_brand?post=20295"},{"taxonomy":"product_cat","embeddable":true,"href":"https:\/\/revolutionpadelstore.com\/fr\/wp-json\/wp\/v2\/product_cat?post=20295"},{"taxonomy":"product_tag","embeddable":true,"href":"https:\/\/revolutionpadelstore.com\/fr\/wp-json\/wp\/v2\/product_tag?post=20295"}],"curies":[{"name":"wp","href":"https:\/\/api.w.org\/{rel}","templated":true}]}}