{"id":20290,"date":"2024-03-21T14:46:43","date_gmt":"2024-03-21T13:46:43","guid":{"rendered":"https:\/\/revolutionpadelstore.com\/rs-pro-edition-power\/"},"modified":"2026-04-08T14:54:01","modified_gmt":"2026-04-08T12:54:01","slug":"rs-pro-edition-power-3","status":"publish","type":"product","link":"https:\/\/revolutionpadelstore.com\/fr\/produit\/rs-pro-edition-power-3\/","title":{"rendered":"RS PRO EDITION POWER"},"content":{"rendered":"<p><strong>RS PADEL PRO EDITION PUISSANCE, DURABILIT\u00c9<\/strong><\/p>\n<p>D\u00e9couvrez la nouvelle raquette Rs Padel Pro Edition Power qui est arriv\u00e9e pour faire partie de vos entra\u00eenements et matchs de padel les plus importants.<\/p>\n<p>Con\u00e7u en forme de larme avec un cadre en fibre de carbone et un noyau en caoutchouc Eva qui vous apporteront durabilit\u00e9 et efficacit\u00e9.<\/p>\n<p>Avec une nouvelle technologie qui amortira les vibrations, vous offrant confort et flexibilit\u00e9 dans chaque mouvement.<strong>RS PADEL PRO EDITION POWER, DURABILIDAD<\/strong><\/p>\n","protected":false},"excerpt":{"rendered":"<p>RS PADEL PRO EDITION PUISSANCE, DURABILIT\u00c9 D\u00e9couvrez la nouvelle raquette Rs Padel Pro Edition Power qui est arriv\u00e9e pour faire partie de vos entra\u00eenements et matchs de padel les plus importants. Con\u00e7u en forme de larme avec un cadre en fibre de carbone et un noyau en caoutchouc Eva qui vous apporteront durabilit\u00e9 et efficacit\u00e9. [&hellip;]<\/p>\n","protected":false},"featured_media":52078,"comment_status":"open","ping_status":"closed","template":"","meta":{"_acf_changed":false,"_joinchat":[]},"acabado":[1082],"balance":[1137],"dureza":[1157],"forma":[1187],"jugador":[1192,1202],"marca":[1312],"nivel-de-juego":[1337],"superficie":[1362],"tipo-de-juego":[1377],"product_brand":[],"product_cat":[302],"product_tag":[],"class_list":{"0":"post-20290","1":"product","2":"type-product","3":"status-publish","4":"has-post-thumbnail","6":"acabado-luminosite","7":"balance-eleve","8":"dureza-media-fr","9":"forma-lagrima-fr","10":"jugador-homme","11":"jugador-polivalente-fr","12":"marca-rs-padel-fr","13":"superficie-rugosa-fr","14":"tipo-de-juego-puissance","15":"product_cat-palas-de-padel-fr","17":"first","18":"onbackorder","19":"taxable","20":"shipping-taxable","21":"purchasable","22":"product-type-simple"},"acf":[],"yoast_head":"<!-- This site is optimized with the Yoast SEO plugin v27.4 - https:\/\/yoast.com\/product\/yoast-seo-wordpress\/ -->\n<title>RS PRO EDITION POWER - Revolution Padel Store<\/title>\n<meta name=\"description\" content=\"RS PADEL PRO EDITION POWER, DURABILIDAD. Conoce la nueva pala Rs Padel Pro Edition Power que ha llegado para formar parte de tus entrenamientos y partidos de padel mas importantes. Dise\u00f1ada en forma de lagrima con un marco de fibra de carbono y un n\u00facleo de goma Eva que te brindar\u00e1 durabilidad y eficacia. Con nueva tecnolog\u00eda que amortiguar\u00e1 las vibraciones, ofreciendote comodidad y flexibilidad en cada movimiento.\" \/>\n<meta name=\"robots\" content=\"index, follow, max-snippet:-1, max-image-preview:large, max-video-preview:-1\" \/>\n<link rel=\"canonical\" href=\"https:\/\/revolutionpadelstore.com\/fr\/produit\/rs-pro-edition-power-3\/\" \/>\n<meta property=\"og:locale\" content=\"fr_FR\" \/>\n<meta property=\"og:type\" content=\"article\" \/>\n<meta property=\"og:title\" content=\"RS PRO EDITION POWER - Revolution Padel Store\" \/>\n<meta property=\"og:description\" content=\"RS PADEL PRO EDITION POWER, DURABILIDAD. Conoce la nueva pala Rs Padel Pro Edition Power que ha llegado para formar parte de tus entrenamientos y partidos de padel mas importantes. Dise\u00f1ada en forma de lagrima con un marco de fibra de carbono y un n\u00facleo de goma Eva que te brindar\u00e1 durabilidad y eficacia. Con nueva tecnolog\u00eda que amortiguar\u00e1 las vibraciones, ofreciendote comodidad y flexibilidad en cada movimiento.\" \/>\n<meta property=\"og:url\" content=\"https:\/\/revolutionpadelstore.com\/fr\/produit\/rs-pro-edition-power-3\/\" \/>\n<meta property=\"og:site_name\" content=\"Revolution Padel Store\" \/>\n<meta property=\"article:modified_time\" content=\"2026-04-08T12:54:01+00:00\" \/>\n<meta property=\"og:image\" content=\"https:\/\/revolutionpadelstore.com\/wp-content\/uploads\/2024\/03\/imagen_1_31652_6c50ac14_ea5f.webp\" \/>\n\t<meta property=\"og:image:width\" content=\"1000\" \/>\n\t<meta property=\"og:image:height\" content=\"1000\" \/>\n\t<meta property=\"og:image:type\" content=\"image\/webp\" \/>\n<meta name=\"twitter:card\" content=\"summary_large_image\" \/>\n<meta name=\"twitter:label1\" content=\"Dur\u00e9e de lecture estim\u00e9e\" \/>\n\t<meta name=\"twitter:data1\" content=\"1 minute\" \/>\n<script type=\"application\/ld+json\" class=\"yoast-schema-graph\">{\"@context\":\"https:\\\/\\\/schema.org\",\"@graph\":[{\"@type\":\"WebPage\",\"@id\":\"https:\\\/\\\/revolutionpadelstore.com\\\/fr\\\/produit\\\/rs-pro-edition-power-3\\\/\",\"url\":\"https:\\\/\\\/revolutionpadelstore.com\\\/fr\\\/produit\\\/rs-pro-edition-power-3\\\/\",\"name\":\"RS PRO EDITION POWER - Revolution Padel Store\",\"isPartOf\":{\"@id\":\"https:\\\/\\\/revolutionpadelstore.com\\\/fr\\\/#website\"},\"primaryImageOfPage\":{\"@id\":\"https:\\\/\\\/revolutionpadelstore.com\\\/fr\\\/produit\\\/rs-pro-edition-power-3\\\/#primaryimage\"},\"image\":{\"@id\":\"https:\\\/\\\/revolutionpadelstore.com\\\/fr\\\/produit\\\/rs-pro-edition-power-3\\\/#primaryimage\"},\"thumbnailUrl\":\"https:\\\/\\\/revolutionpadelstore.com\\\/wp-content\\\/uploads\\\/2024\\\/03\\\/imagen_1_31652_6c50ac14_ea5f.webp\",\"datePublished\":\"2024-03-21T13:46:43+00:00\",\"dateModified\":\"2026-04-08T12:54:01+00:00\",\"description\":\"RS PADEL PRO EDITION POWER, DURABILIDAD. Conoce la nueva pala Rs Padel Pro Edition Power que ha llegado para formar parte de tus entrenamientos y partidos de padel mas importantes. Dise\u00f1ada en forma de lagrima con un marco de fibra de carbono y un n\u00facleo de goma Eva que te brindar\u00e1 durabilidad y eficacia. Con nueva tecnolog\u00eda que amortiguar\u00e1 las vibraciones, ofreciendote comodidad y flexibilidad en cada movimiento.\",\"breadcrumb\":{\"@id\":\"https:\\\/\\\/revolutionpadelstore.com\\\/fr\\\/produit\\\/rs-pro-edition-power-3\\\/#breadcrumb\"},\"inLanguage\":\"fr-FR\",\"potentialAction\":[{\"@type\":\"ReadAction\",\"target\":[\"https:\\\/\\\/revolutionpadelstore.com\\\/fr\\\/produit\\\/rs-pro-edition-power-3\\\/\"]}]},{\"@type\":\"ImageObject\",\"inLanguage\":\"fr-FR\",\"@id\":\"https:\\\/\\\/revolutionpadelstore.com\\\/fr\\\/produit\\\/rs-pro-edition-power-3\\\/#primaryimage\",\"url\":\"https:\\\/\\\/revolutionpadelstore.com\\\/wp-content\\\/uploads\\\/2024\\\/03\\\/imagen_1_31652_6c50ac14_ea5f.webp\",\"contentUrl\":\"https:\\\/\\\/revolutionpadelstore.com\\\/wp-content\\\/uploads\\\/2024\\\/03\\\/imagen_1_31652_6c50ac14_ea5f.webp\",\"width\":1000,\"height\":1000},{\"@type\":\"BreadcrumbList\",\"@id\":\"https:\\\/\\\/revolutionpadelstore.com\\\/fr\\\/produit\\\/rs-pro-edition-power-3\\\/#breadcrumb\",\"itemListElement\":[{\"@type\":\"ListItem\",\"position\":1,\"name\":\"Portada\",\"item\":\"https:\\\/\\\/revolutionpadelstore.com\\\/fr\\\/\"},{\"@type\":\"ListItem\",\"position\":2,\"name\":\"Boutique\",\"item\":\"https:\\\/\\\/revolutionpadelstore.com\\\/fr\\\/tienda\\\/\"},{\"@type\":\"ListItem\",\"position\":3,\"name\":\"RS PRO EDITION POWER\"}]},{\"@type\":\"WebSite\",\"@id\":\"https:\\\/\\\/revolutionpadelstore.com\\\/fr\\\/#website\",\"url\":\"https:\\\/\\\/revolutionpadelstore.com\\\/fr\\\/\",\"name\":\"Revolution Padel Store\",\"description\":\"\",\"publisher\":{\"@id\":\"https:\\\/\\\/revolutionpadelstore.com\\\/fr\\\/#organization\"},\"potentialAction\":[{\"@type\":\"SearchAction\",\"target\":{\"@type\":\"EntryPoint\",\"urlTemplate\":\"https:\\\/\\\/revolutionpadelstore.com\\\/fr\\\/?s={search_term_string}\"},\"query-input\":{\"@type\":\"PropertyValueSpecification\",\"valueRequired\":true,\"valueName\":\"search_term_string\"}}],\"inLanguage\":\"fr-FR\"},{\"@type\":\"Organization\",\"@id\":\"https:\\\/\\\/revolutionpadelstore.com\\\/fr\\\/#organization\",\"name\":\"Revolution Padel Store\",\"url\":\"https:\\\/\\\/revolutionpadelstore.com\\\/fr\\\/\",\"logo\":{\"@type\":\"ImageObject\",\"inLanguage\":\"fr-FR\",\"@id\":\"https:\\\/\\\/revolutionpadelstore.com\\\/fr\\\/#\\\/schema\\\/logo\\\/image\\\/\",\"url\":\"https:\\\/\\\/revolutionpadelstore.com\\\/wp-content\\\/uploads\\\/2026\\\/02\\\/revolution-padel-store.jpg\",\"contentUrl\":\"https:\\\/\\\/revolutionpadelstore.com\\\/wp-content\\\/uploads\\\/2026\\\/02\\\/revolution-padel-store.jpg\",\"width\":2000,\"height\":2000,\"caption\":\"Revolution Padel Store\"},\"image\":{\"@id\":\"https:\\\/\\\/revolutionpadelstore.com\\\/fr\\\/#\\\/schema\\\/logo\\\/image\\\/\"},\"sameAs\":[\"https:\\\/\\\/www.instagram.com\\\/revolutionpadelstore\\\/\"]}]}<\/script>\n<!-- \/ Yoast SEO plugin. -->","yoast_head_json":{"title":"RS PRO EDITION POWER - Revolution Padel Store","description":"RS PADEL PRO EDITION POWER, DURABILIDAD. Conoce la nueva pala Rs Padel Pro Edition Power que ha llegado para formar parte de tus entrenamientos y partidos de padel mas importantes. Dise\u00f1ada en forma de lagrima con un marco de fibra de carbono y un n\u00facleo de goma Eva que te brindar\u00e1 durabilidad y eficacia. Con nueva tecnolog\u00eda que amortiguar\u00e1 las vibraciones, ofreciendote comodidad y flexibilidad en cada movimiento.","robots":{"index":"index","follow":"follow","max-snippet":"max-snippet:-1","max-image-preview":"max-image-preview:large","max-video-preview":"max-video-preview:-1"},"canonical":"https:\/\/revolutionpadelstore.com\/fr\/produit\/rs-pro-edition-power-3\/","og_locale":"fr_FR","og_type":"article","og_title":"RS PRO EDITION POWER - Revolution Padel Store","og_description":"RS PADEL PRO EDITION POWER, DURABILIDAD. Conoce la nueva pala Rs Padel Pro Edition Power que ha llegado para formar parte de tus entrenamientos y partidos de padel mas importantes. Dise\u00f1ada en forma de lagrima con un marco de fibra de carbono y un n\u00facleo de goma Eva que te brindar\u00e1 durabilidad y eficacia. Con nueva tecnolog\u00eda que amortiguar\u00e1 las vibraciones, ofreciendote comodidad y flexibilidad en cada movimiento.","og_url":"https:\/\/revolutionpadelstore.com\/fr\/produit\/rs-pro-edition-power-3\/","og_site_name":"Revolution Padel Store","article_modified_time":"2026-04-08T12:54:01+00:00","og_image":[{"width":1000,"height":1000,"url":"https:\/\/revolutionpadelstore.com\/wp-content\/uploads\/2024\/03\/imagen_1_31652_6c50ac14_ea5f.webp","type":"image\/webp"}],"twitter_card":"summary_large_image","twitter_misc":{"Dur\u00e9e de lecture estim\u00e9e":"1 minute"},"schema":{"@context":"https:\/\/schema.org","@graph":[{"@type":"WebPage","@id":"https:\/\/revolutionpadelstore.com\/fr\/produit\/rs-pro-edition-power-3\/","url":"https:\/\/revolutionpadelstore.com\/fr\/produit\/rs-pro-edition-power-3\/","name":"RS PRO EDITION POWER - Revolution Padel Store","isPartOf":{"@id":"https:\/\/revolutionpadelstore.com\/fr\/#website"},"primaryImageOfPage":{"@id":"https:\/\/revolutionpadelstore.com\/fr\/produit\/rs-pro-edition-power-3\/#primaryimage"},"image":{"@id":"https:\/\/revolutionpadelstore.com\/fr\/produit\/rs-pro-edition-power-3\/#primaryimage"},"thumbnailUrl":"https:\/\/revolutionpadelstore.com\/wp-content\/uploads\/2024\/03\/imagen_1_31652_6c50ac14_ea5f.webp","datePublished":"2024-03-21T13:46:43+00:00","dateModified":"2026-04-08T12:54:01+00:00","description":"RS PADEL PRO EDITION POWER, DURABILIDAD. Conoce la nueva pala Rs Padel Pro Edition Power que ha llegado para formar parte de tus entrenamientos y partidos de padel mas importantes. Dise\u00f1ada en forma de lagrima con un marco de fibra de carbono y un n\u00facleo de goma Eva que te brindar\u00e1 durabilidad y eficacia. Con nueva tecnolog\u00eda que amortiguar\u00e1 las vibraciones, ofreciendote comodidad y flexibilidad en cada movimiento.","breadcrumb":{"@id":"https:\/\/revolutionpadelstore.com\/fr\/produit\/rs-pro-edition-power-3\/#breadcrumb"},"inLanguage":"fr-FR","potentialAction":[{"@type":"ReadAction","target":["https:\/\/revolutionpadelstore.com\/fr\/produit\/rs-pro-edition-power-3\/"]}]},{"@type":"ImageObject","inLanguage":"fr-FR","@id":"https:\/\/revolutionpadelstore.com\/fr\/produit\/rs-pro-edition-power-3\/#primaryimage","url":"https:\/\/revolutionpadelstore.com\/wp-content\/uploads\/2024\/03\/imagen_1_31652_6c50ac14_ea5f.webp","contentUrl":"https:\/\/revolutionpadelstore.com\/wp-content\/uploads\/2024\/03\/imagen_1_31652_6c50ac14_ea5f.webp","width":1000,"height":1000},{"@type":"BreadcrumbList","@id":"https:\/\/revolutionpadelstore.com\/fr\/produit\/rs-pro-edition-power-3\/#breadcrumb","itemListElement":[{"@type":"ListItem","position":1,"name":"Portada","item":"https:\/\/revolutionpadelstore.com\/fr\/"},{"@type":"ListItem","position":2,"name":"Boutique","item":"https:\/\/revolutionpadelstore.com\/fr\/tienda\/"},{"@type":"ListItem","position":3,"name":"RS PRO EDITION POWER"}]},{"@type":"WebSite","@id":"https:\/\/revolutionpadelstore.com\/fr\/#website","url":"https:\/\/revolutionpadelstore.com\/fr\/","name":"Revolution Padel Store","description":"","publisher":{"@id":"https:\/\/revolutionpadelstore.com\/fr\/#organization"},"potentialAction":[{"@type":"SearchAction","target":{"@type":"EntryPoint","urlTemplate":"https:\/\/revolutionpadelstore.com\/fr\/?s={search_term_string}"},"query-input":{"@type":"PropertyValueSpecification","valueRequired":true,"valueName":"search_term_string"}}],"inLanguage":"fr-FR"},{"@type":"Organization","@id":"https:\/\/revolutionpadelstore.com\/fr\/#organization","name":"Revolution Padel Store","url":"https:\/\/revolutionpadelstore.com\/fr\/","logo":{"@type":"ImageObject","inLanguage":"fr-FR","@id":"https:\/\/revolutionpadelstore.com\/fr\/#\/schema\/logo\/image\/","url":"https:\/\/revolutionpadelstore.com\/wp-content\/uploads\/2026\/02\/revolution-padel-store.jpg","contentUrl":"https:\/\/revolutionpadelstore.com\/wp-content\/uploads\/2026\/02\/revolution-padel-store.jpg","width":2000,"height":2000,"caption":"Revolution Padel Store"},"image":{"@id":"https:\/\/revolutionpadelstore.com\/fr\/#\/schema\/logo\/image\/"},"sameAs":["https:\/\/www.instagram.com\/revolutionpadelstore\/"]}]}},"_links":{"self":[{"href":"https:\/\/revolutionpadelstore.com\/fr\/wp-json\/wp\/v2\/product\/20290","targetHints":{"allow":["GET"]}}],"collection":[{"href":"https:\/\/revolutionpadelstore.com\/fr\/wp-json\/wp\/v2\/product"}],"about":[{"href":"https:\/\/revolutionpadelstore.com\/fr\/wp-json\/wp\/v2\/types\/product"}],"replies":[{"embeddable":true,"href":"https:\/\/revolutionpadelstore.com\/fr\/wp-json\/wp\/v2\/comments?post=20290"}],"wp:featuredmedia":[{"embeddable":true,"href":"https:\/\/revolutionpadelstore.com\/fr\/wp-json\/wp\/v2\/media\/52078"}],"wp:attachment":[{"href":"https:\/\/revolutionpadelstore.com\/fr\/wp-json\/wp\/v2\/media?parent=20290"}],"wp:term":[{"taxonomy":"acabado","embeddable":true,"href":"https:\/\/revolutionpadelstore.com\/fr\/wp-json\/wp\/v2\/acabado?post=20290"},{"taxonomy":"balance","embeddable":true,"href":"https:\/\/revolutionpadelstore.com\/fr\/wp-json\/wp\/v2\/balance?post=20290"},{"taxonomy":"dureza","embeddable":true,"href":"https:\/\/revolutionpadelstore.com\/fr\/wp-json\/wp\/v2\/dureza?post=20290"},{"taxonomy":"forma","embeddable":true,"href":"https:\/\/revolutionpadelstore.com\/fr\/wp-json\/wp\/v2\/forma?post=20290"},{"taxonomy":"jugador","embeddable":true,"href":"https:\/\/revolutionpadelstore.com\/fr\/wp-json\/wp\/v2\/jugador?post=20290"},{"taxonomy":"marca","embeddable":true,"href":"https:\/\/revolutionpadelstore.com\/fr\/wp-json\/wp\/v2\/marca?post=20290"},{"taxonomy":"nivel-de-juego","embeddable":true,"href":"https:\/\/revolutionpadelstore.com\/fr\/wp-json\/wp\/v2\/nivel-de-juego?post=20290"},{"taxonomy":"superficie","embeddable":true,"href":"https:\/\/revolutionpadelstore.com\/fr\/wp-json\/wp\/v2\/superficie?post=20290"},{"taxonomy":"tipo-de-juego","embeddable":true,"href":"https:\/\/revolutionpadelstore.com\/fr\/wp-json\/wp\/v2\/tipo-de-juego?post=20290"},{"taxonomy":"product_brand","embeddable":true,"href":"https:\/\/revolutionpadelstore.com\/fr\/wp-json\/wp\/v2\/product_brand?post=20290"},{"taxonomy":"product_cat","embeddable":true,"href":"https:\/\/revolutionpadelstore.com\/fr\/wp-json\/wp\/v2\/product_cat?post=20290"},{"taxonomy":"product_tag","embeddable":true,"href":"https:\/\/revolutionpadelstore.com\/fr\/wp-json\/wp\/v2\/product_tag?post=20290"}],"curies":[{"name":"wp","href":"https:\/\/api.w.org\/{rel}","templated":true}]}}