{"id":20285,"date":"2024-03-21T14:50:13","date_gmt":"2024-03-21T13:50:13","guid":{"rendered":"https:\/\/revolutionpadelstore.com\/rs-cobra-apex-edition-women-black\/"},"modified":"2026-04-08T14:53:26","modified_gmt":"2026-04-08T12:53:26","slug":"rs-cobra-apex-edition-women-black-3","status":"publish","type":"product","link":"https:\/\/revolutionpadelstore.com\/fr\/produit\/rs-cobra-apex-edition-women-black-3\/","title":{"rendered":"RS COBRA APEX EDITION WOMEN BLACK"},"content":{"rendered":"<h2>Que propose la raquette de padel pour femme RS Cobra Apex Edition 91029 ?<\/h2>\n<p>La raquette de padel pour femme RS Cobra Apex Edition 91029, de la marque Robin Soderling, offre de grandes performances, gr\u00e2ce \u00e0 la l\u00e9g\u00e8ret\u00e9 de ses mat\u00e9riaux. La conception de la lame offre un meilleur \u00e9quilibre, qui r\u00e9partit le poids de la lame vers la poign\u00e9e. Le plus grand avantage est qu\u2019il offre au joueur un plus grand contr\u00f4le et une plus grande pr\u00e9cision \u00e0 chaque tir.<\/p>\n<h2>\u00c0 quel type de joueuse est destin\u00e9e la raquette de padel pour femme RS Cobra Apex Edition 91029 ?<\/h2>\n<p>La raquette de padel pour femme RS Cobra Apex Edition 91029 est con\u00e7ue pour les joueuses interm\u00e9diaires ou progressantes. Sa maniabilit\u00e9 le rend adapt\u00e9 pour un contr\u00f4le facile des frappes.<\/p>\n<h2>Design et couleurs<\/h2>\n<p>Le corps de la raquette Cobra Apex Edition 91029 est majoritairement noir. Au centre de sa face se d\u00e9tache le logo de la marque Robin Soderling en rose tendre.<\/p>\n<h2>\u00bfQu\u00e9 ofrece la pala de p\u00e1del RS Cobra Apex Edition 91029 de mujer?<\/h2>\n","protected":false},"excerpt":{"rendered":"<p>La <strong>raquette de padel<\/strong> RS Cobra Apex Edition 91029 pour femme, de la marque Robin Soderling, a une forme en forme de goutte qui offre une maniabilit\u00e9, gr\u00e2ce \u00e0 son design et \u00e0 sa combinaison de mat\u00e9riaux.<\/p>\n","protected":false},"featured_media":3026,"comment_status":"open","ping_status":"closed","template":"","meta":{"_acf_changed":false,"_joinchat":[]},"acabado":[1097],"balance":[1147],"dureza":[1157],"forma":[1187],"jugador":[1197],"marca":[1312],"nivel-de-juego":[1337],"superficie":[1362],"tipo-de-juego":[1387],"product_brand":[],"product_cat":[302],"product_tag":[],"class_list":{"0":"post-20285","1":"product","2":"type-product","3":"status-publish","4":"has-post-thumbnail","6":"acabado-sable","7":"balance-faible","8":"dureza-media-fr","9":"forma-lagrima-fr","10":"jugador-mujer-fr","11":"marca-rs-padel-fr","12":"superficie-rugosa-fr","13":"tipo-de-juego-polivalente-fr","14":"product_cat-palas-de-padel-fr","16":"first","17":"instock","18":"taxable","19":"shipping-taxable","20":"purchasable","21":"product-type-simple"},"acf":[],"yoast_head":"<!-- This site is optimized with the Yoast SEO plugin v27.4 - https:\/\/yoast.com\/product\/yoast-seo-wordpress\/ -->\n<title>RS COBRA APEX EDITION WOMEN BLACK - Revolution Padel Store<\/title>\n<meta name=\"description\" content=\"La pala de p\u00e1del RS Cobra Apex Edition 91029 de mujer, de la marca Robin Soderling, tiene una forma en l\u00e1grima que ofrece manejabilidad, gracias su dise\u00f1o y combinaci\u00f3n de materiales.\" \/>\n<meta name=\"robots\" content=\"index, follow, max-snippet:-1, max-image-preview:large, max-video-preview:-1\" \/>\n<link rel=\"canonical\" href=\"https:\/\/revolutionpadelstore.com\/fr\/produit\/rs-cobra-apex-edition-women-black-3\/\" \/>\n<meta property=\"og:locale\" content=\"fr_FR\" \/>\n<meta property=\"og:type\" content=\"article\" \/>\n<meta property=\"og:title\" content=\"RS COBRA APEX EDITION WOMEN BLACK - Revolution Padel Store\" \/>\n<meta property=\"og:description\" content=\"La pala de p\u00e1del RS Cobra Apex Edition 91029 de mujer, de la marca Robin Soderling, tiene una forma en l\u00e1grima que ofrece manejabilidad, gracias su dise\u00f1o y combinaci\u00f3n de materiales.\" \/>\n<meta property=\"og:url\" content=\"https:\/\/revolutionpadelstore.com\/fr\/produit\/rs-cobra-apex-edition-women-black-3\/\" \/>\n<meta property=\"og:site_name\" content=\"Revolution Padel Store\" \/>\n<meta property=\"article:modified_time\" content=\"2026-04-08T12:53:26+00:00\" \/>\n<meta property=\"og:image\" content=\"https:\/\/revolutionpadelstore.com\/wp-content\/uploads\/2024\/03\/RS_COBRA_APEX_EDITION_91029_MJR_VISTA1_1000_1000_9041.webp\" \/>\n\t<meta property=\"og:image:width\" content=\"1000\" \/>\n\t<meta property=\"og:image:height\" content=\"1000\" \/>\n\t<meta property=\"og:image:type\" content=\"image\/webp\" \/>\n<meta name=\"twitter:card\" content=\"summary_large_image\" \/>\n<meta name=\"twitter:label1\" content=\"Dur\u00e9e de lecture estim\u00e9e\" \/>\n\t<meta name=\"twitter:data1\" content=\"1 minute\" \/>\n<script type=\"application\/ld+json\" class=\"yoast-schema-graph\">{\"@context\":\"https:\\\/\\\/schema.org\",\"@graph\":[{\"@type\":\"WebPage\",\"@id\":\"https:\\\/\\\/revolutionpadelstore.com\\\/fr\\\/produit\\\/rs-cobra-apex-edition-women-black-3\\\/\",\"url\":\"https:\\\/\\\/revolutionpadelstore.com\\\/fr\\\/produit\\\/rs-cobra-apex-edition-women-black-3\\\/\",\"name\":\"RS COBRA APEX EDITION WOMEN BLACK - Revolution Padel Store\",\"isPartOf\":{\"@id\":\"https:\\\/\\\/revolutionpadelstore.com\\\/fr\\\/#website\"},\"primaryImageOfPage\":{\"@id\":\"https:\\\/\\\/revolutionpadelstore.com\\\/fr\\\/produit\\\/rs-cobra-apex-edition-women-black-3\\\/#primaryimage\"},\"image\":{\"@id\":\"https:\\\/\\\/revolutionpadelstore.com\\\/fr\\\/produit\\\/rs-cobra-apex-edition-women-black-3\\\/#primaryimage\"},\"thumbnailUrl\":\"https:\\\/\\\/revolutionpadelstore.com\\\/wp-content\\\/uploads\\\/2024\\\/03\\\/RS_COBRA_APEX_EDITION_91029_MJR_VISTA1_1000_1000_9041.webp\",\"datePublished\":\"2024-03-21T13:50:13+00:00\",\"dateModified\":\"2026-04-08T12:53:26+00:00\",\"description\":\"La pala de p\u00e1del RS Cobra Apex Edition 91029 de mujer, de la marca Robin Soderling, tiene una forma en l\u00e1grima que ofrece manejabilidad, gracias su dise\u00f1o y combinaci\u00f3n de materiales.\",\"breadcrumb\":{\"@id\":\"https:\\\/\\\/revolutionpadelstore.com\\\/fr\\\/produit\\\/rs-cobra-apex-edition-women-black-3\\\/#breadcrumb\"},\"inLanguage\":\"fr-FR\",\"potentialAction\":[{\"@type\":\"ReadAction\",\"target\":[\"https:\\\/\\\/revolutionpadelstore.com\\\/fr\\\/produit\\\/rs-cobra-apex-edition-women-black-3\\\/\"]}]},{\"@type\":\"ImageObject\",\"inLanguage\":\"fr-FR\",\"@id\":\"https:\\\/\\\/revolutionpadelstore.com\\\/fr\\\/produit\\\/rs-cobra-apex-edition-women-black-3\\\/#primaryimage\",\"url\":\"https:\\\/\\\/revolutionpadelstore.com\\\/wp-content\\\/uploads\\\/2024\\\/03\\\/RS_COBRA_APEX_EDITION_91029_MJR_VISTA1_1000_1000_9041.webp\",\"contentUrl\":\"https:\\\/\\\/revolutionpadelstore.com\\\/wp-content\\\/uploads\\\/2024\\\/03\\\/RS_COBRA_APEX_EDITION_91029_MJR_VISTA1_1000_1000_9041.webp\",\"width\":1000,\"height\":1000,\"caption\":\"RS COBRA APEX EDITION WOMEN BLACK\"},{\"@type\":\"BreadcrumbList\",\"@id\":\"https:\\\/\\\/revolutionpadelstore.com\\\/fr\\\/produit\\\/rs-cobra-apex-edition-women-black-3\\\/#breadcrumb\",\"itemListElement\":[{\"@type\":\"ListItem\",\"position\":1,\"name\":\"Portada\",\"item\":\"https:\\\/\\\/revolutionpadelstore.com\\\/fr\\\/\"},{\"@type\":\"ListItem\",\"position\":2,\"name\":\"Boutique\",\"item\":\"https:\\\/\\\/revolutionpadelstore.com\\\/fr\\\/tienda\\\/\"},{\"@type\":\"ListItem\",\"position\":3,\"name\":\"RS COBRA APEX EDITION WOMEN BLACK\"}]},{\"@type\":\"WebSite\",\"@id\":\"https:\\\/\\\/revolutionpadelstore.com\\\/fr\\\/#website\",\"url\":\"https:\\\/\\\/revolutionpadelstore.com\\\/fr\\\/\",\"name\":\"Revolution Padel Store\",\"description\":\"\",\"publisher\":{\"@id\":\"https:\\\/\\\/revolutionpadelstore.com\\\/fr\\\/#organization\"},\"potentialAction\":[{\"@type\":\"SearchAction\",\"target\":{\"@type\":\"EntryPoint\",\"urlTemplate\":\"https:\\\/\\\/revolutionpadelstore.com\\\/fr\\\/?s={search_term_string}\"},\"query-input\":{\"@type\":\"PropertyValueSpecification\",\"valueRequired\":true,\"valueName\":\"search_term_string\"}}],\"inLanguage\":\"fr-FR\"},{\"@type\":\"Organization\",\"@id\":\"https:\\\/\\\/revolutionpadelstore.com\\\/fr\\\/#organization\",\"name\":\"Revolution Padel Store\",\"url\":\"https:\\\/\\\/revolutionpadelstore.com\\\/fr\\\/\",\"logo\":{\"@type\":\"ImageObject\",\"inLanguage\":\"fr-FR\",\"@id\":\"https:\\\/\\\/revolutionpadelstore.com\\\/fr\\\/#\\\/schema\\\/logo\\\/image\\\/\",\"url\":\"https:\\\/\\\/revolutionpadelstore.com\\\/wp-content\\\/uploads\\\/2026\\\/02\\\/revolution-padel-store.jpg\",\"contentUrl\":\"https:\\\/\\\/revolutionpadelstore.com\\\/wp-content\\\/uploads\\\/2026\\\/02\\\/revolution-padel-store.jpg\",\"width\":2000,\"height\":2000,\"caption\":\"Revolution Padel Store\"},\"image\":{\"@id\":\"https:\\\/\\\/revolutionpadelstore.com\\\/fr\\\/#\\\/schema\\\/logo\\\/image\\\/\"},\"sameAs\":[\"https:\\\/\\\/www.instagram.com\\\/revolutionpadelstore\\\/\"]}]}<\/script>\n<!-- \/ Yoast SEO plugin. -->","yoast_head_json":{"title":"RS COBRA APEX EDITION WOMEN BLACK - Revolution Padel Store","description":"La pala de p\u00e1del RS Cobra Apex Edition 91029 de mujer, de la marca Robin Soderling, tiene una forma en l\u00e1grima que ofrece manejabilidad, gracias su dise\u00f1o y combinaci\u00f3n de materiales.","robots":{"index":"index","follow":"follow","max-snippet":"max-snippet:-1","max-image-preview":"max-image-preview:large","max-video-preview":"max-video-preview:-1"},"canonical":"https:\/\/revolutionpadelstore.com\/fr\/produit\/rs-cobra-apex-edition-women-black-3\/","og_locale":"fr_FR","og_type":"article","og_title":"RS COBRA APEX EDITION WOMEN BLACK - Revolution Padel Store","og_description":"La pala de p\u00e1del RS Cobra Apex Edition 91029 de mujer, de la marca Robin Soderling, tiene una forma en l\u00e1grima que ofrece manejabilidad, gracias su dise\u00f1o y combinaci\u00f3n de materiales.","og_url":"https:\/\/revolutionpadelstore.com\/fr\/produit\/rs-cobra-apex-edition-women-black-3\/","og_site_name":"Revolution Padel Store","article_modified_time":"2026-04-08T12:53:26+00:00","og_image":[{"width":1000,"height":1000,"url":"https:\/\/revolutionpadelstore.com\/wp-content\/uploads\/2024\/03\/RS_COBRA_APEX_EDITION_91029_MJR_VISTA1_1000_1000_9041.webp","type":"image\/webp"}],"twitter_card":"summary_large_image","twitter_misc":{"Dur\u00e9e de lecture estim\u00e9e":"1 minute"},"schema":{"@context":"https:\/\/schema.org","@graph":[{"@type":"WebPage","@id":"https:\/\/revolutionpadelstore.com\/fr\/produit\/rs-cobra-apex-edition-women-black-3\/","url":"https:\/\/revolutionpadelstore.com\/fr\/produit\/rs-cobra-apex-edition-women-black-3\/","name":"RS COBRA APEX EDITION WOMEN BLACK - Revolution Padel Store","isPartOf":{"@id":"https:\/\/revolutionpadelstore.com\/fr\/#website"},"primaryImageOfPage":{"@id":"https:\/\/revolutionpadelstore.com\/fr\/produit\/rs-cobra-apex-edition-women-black-3\/#primaryimage"},"image":{"@id":"https:\/\/revolutionpadelstore.com\/fr\/produit\/rs-cobra-apex-edition-women-black-3\/#primaryimage"},"thumbnailUrl":"https:\/\/revolutionpadelstore.com\/wp-content\/uploads\/2024\/03\/RS_COBRA_APEX_EDITION_91029_MJR_VISTA1_1000_1000_9041.webp","datePublished":"2024-03-21T13:50:13+00:00","dateModified":"2026-04-08T12:53:26+00:00","description":"La pala de p\u00e1del RS Cobra Apex Edition 91029 de mujer, de la marca Robin Soderling, tiene una forma en l\u00e1grima que ofrece manejabilidad, gracias su dise\u00f1o y combinaci\u00f3n de materiales.","breadcrumb":{"@id":"https:\/\/revolutionpadelstore.com\/fr\/produit\/rs-cobra-apex-edition-women-black-3\/#breadcrumb"},"inLanguage":"fr-FR","potentialAction":[{"@type":"ReadAction","target":["https:\/\/revolutionpadelstore.com\/fr\/produit\/rs-cobra-apex-edition-women-black-3\/"]}]},{"@type":"ImageObject","inLanguage":"fr-FR","@id":"https:\/\/revolutionpadelstore.com\/fr\/produit\/rs-cobra-apex-edition-women-black-3\/#primaryimage","url":"https:\/\/revolutionpadelstore.com\/wp-content\/uploads\/2024\/03\/RS_COBRA_APEX_EDITION_91029_MJR_VISTA1_1000_1000_9041.webp","contentUrl":"https:\/\/revolutionpadelstore.com\/wp-content\/uploads\/2024\/03\/RS_COBRA_APEX_EDITION_91029_MJR_VISTA1_1000_1000_9041.webp","width":1000,"height":1000,"caption":"RS COBRA APEX EDITION WOMEN BLACK"},{"@type":"BreadcrumbList","@id":"https:\/\/revolutionpadelstore.com\/fr\/produit\/rs-cobra-apex-edition-women-black-3\/#breadcrumb","itemListElement":[{"@type":"ListItem","position":1,"name":"Portada","item":"https:\/\/revolutionpadelstore.com\/fr\/"},{"@type":"ListItem","position":2,"name":"Boutique","item":"https:\/\/revolutionpadelstore.com\/fr\/tienda\/"},{"@type":"ListItem","position":3,"name":"RS COBRA APEX EDITION WOMEN BLACK"}]},{"@type":"WebSite","@id":"https:\/\/revolutionpadelstore.com\/fr\/#website","url":"https:\/\/revolutionpadelstore.com\/fr\/","name":"Revolution Padel Store","description":"","publisher":{"@id":"https:\/\/revolutionpadelstore.com\/fr\/#organization"},"potentialAction":[{"@type":"SearchAction","target":{"@type":"EntryPoint","urlTemplate":"https:\/\/revolutionpadelstore.com\/fr\/?s={search_term_string}"},"query-input":{"@type":"PropertyValueSpecification","valueRequired":true,"valueName":"search_term_string"}}],"inLanguage":"fr-FR"},{"@type":"Organization","@id":"https:\/\/revolutionpadelstore.com\/fr\/#organization","name":"Revolution Padel Store","url":"https:\/\/revolutionpadelstore.com\/fr\/","logo":{"@type":"ImageObject","inLanguage":"fr-FR","@id":"https:\/\/revolutionpadelstore.com\/fr\/#\/schema\/logo\/image\/","url":"https:\/\/revolutionpadelstore.com\/wp-content\/uploads\/2026\/02\/revolution-padel-store.jpg","contentUrl":"https:\/\/revolutionpadelstore.com\/wp-content\/uploads\/2026\/02\/revolution-padel-store.jpg","width":2000,"height":2000,"caption":"Revolution Padel Store"},"image":{"@id":"https:\/\/revolutionpadelstore.com\/fr\/#\/schema\/logo\/image\/"},"sameAs":["https:\/\/www.instagram.com\/revolutionpadelstore\/"]}]}},"_links":{"self":[{"href":"https:\/\/revolutionpadelstore.com\/fr\/wp-json\/wp\/v2\/product\/20285","targetHints":{"allow":["GET"]}}],"collection":[{"href":"https:\/\/revolutionpadelstore.com\/fr\/wp-json\/wp\/v2\/product"}],"about":[{"href":"https:\/\/revolutionpadelstore.com\/fr\/wp-json\/wp\/v2\/types\/product"}],"replies":[{"embeddable":true,"href":"https:\/\/revolutionpadelstore.com\/fr\/wp-json\/wp\/v2\/comments?post=20285"}],"wp:featuredmedia":[{"embeddable":true,"href":"https:\/\/revolutionpadelstore.com\/fr\/wp-json\/wp\/v2\/media\/3026"}],"wp:attachment":[{"href":"https:\/\/revolutionpadelstore.com\/fr\/wp-json\/wp\/v2\/media?parent=20285"}],"wp:term":[{"taxonomy":"acabado","embeddable":true,"href":"https:\/\/revolutionpadelstore.com\/fr\/wp-json\/wp\/v2\/acabado?post=20285"},{"taxonomy":"balance","embeddable":true,"href":"https:\/\/revolutionpadelstore.com\/fr\/wp-json\/wp\/v2\/balance?post=20285"},{"taxonomy":"dureza","embeddable":true,"href":"https:\/\/revolutionpadelstore.com\/fr\/wp-json\/wp\/v2\/dureza?post=20285"},{"taxonomy":"forma","embeddable":true,"href":"https:\/\/revolutionpadelstore.com\/fr\/wp-json\/wp\/v2\/forma?post=20285"},{"taxonomy":"jugador","embeddable":true,"href":"https:\/\/revolutionpadelstore.com\/fr\/wp-json\/wp\/v2\/jugador?post=20285"},{"taxonomy":"marca","embeddable":true,"href":"https:\/\/revolutionpadelstore.com\/fr\/wp-json\/wp\/v2\/marca?post=20285"},{"taxonomy":"nivel-de-juego","embeddable":true,"href":"https:\/\/revolutionpadelstore.com\/fr\/wp-json\/wp\/v2\/nivel-de-juego?post=20285"},{"taxonomy":"superficie","embeddable":true,"href":"https:\/\/revolutionpadelstore.com\/fr\/wp-json\/wp\/v2\/superficie?post=20285"},{"taxonomy":"tipo-de-juego","embeddable":true,"href":"https:\/\/revolutionpadelstore.com\/fr\/wp-json\/wp\/v2\/tipo-de-juego?post=20285"},{"taxonomy":"product_brand","embeddable":true,"href":"https:\/\/revolutionpadelstore.com\/fr\/wp-json\/wp\/v2\/product_brand?post=20285"},{"taxonomy":"product_cat","embeddable":true,"href":"https:\/\/revolutionpadelstore.com\/fr\/wp-json\/wp\/v2\/product_cat?post=20285"},{"taxonomy":"product_tag","embeddable":true,"href":"https:\/\/revolutionpadelstore.com\/fr\/wp-json\/wp\/v2\/product_tag?post=20285"}],"curies":[{"name":"wp","href":"https:\/\/api.w.org\/{rel}","templated":true}]}}