{"id":20270,"date":"2024-03-21T15:01:26","date_gmt":"2024-03-21T14:01:26","guid":{"rendered":"https:\/\/revolutionpadelstore.com\/siux-fenix-pro-4\/"},"modified":"2026-04-20T14:01:45","modified_gmt":"2026-04-20T12:01:45","slug":"siux-fenix-pro-4-3","status":"publish","type":"product","link":"https:\/\/revolutionpadelstore.com\/fr\/produit\/siux-fenix-pro-4-3\/","title":{"rendered":"SIUX FENIX PRO 4"},"content":{"rendered":"<p>D\u00e9couvrez la Siux Fenix \u200b\u200b\u200b\u200bIV Pro chez Revolution Padel Store &#8211; La raquette parfaite pour les joueurs agressifs de niveau professionnel.<\/p>\n<p>Si vous \u00eates un joueur agressif sur le terrain et que vous recherchez une raquette qui vous permet d&#8217;ajouter de la puissance \u00e0 chaque coup, alors la Siux Fenix \u200b\u200b\u200b\u200bIV Pro est l&#8217;option id\u00e9ale pour vous. Chez Revolution Padel Store, vous trouverez cette incroyable raquette de la c\u00e9l\u00e8bre marque Siux, con\u00e7ue sp\u00e9cialement pour les joueurs de niveau professionnel.<\/p>\n<p>Dot\u00e9 d&#8217;un moule en diamant et d&#8217;un \u00e9quilibre \u00e9lev\u00e9, le Siux Fenix \u200b\u200b\u200b\u200bIV Pro vous offre la puissance n\u00e9cessaire pour effectuer des coups imparables et de haute r\u00e9sistance. Son poids l\u00e9ger, qui oscille entre 355 et 375 grammes, garantit une prise en main confortable et une libert\u00e9 de mouvement optimale sur le court.<\/p>\n<p>En plus de son design agressif et marquant, cette raquette poss\u00e8de des technologies de pointe qui la distinguent des autres. La r\u00e9duction des vibrations gr\u00e2ce \u00e0 son caoutchouc Hard EVA et au syst\u00e8me Dampeners Shockout vous permettra de profiter d&#8217;une sensation de confort et d&#8217;\u00e9viter d&#8217;\u00e9ventuelles blessures.<\/p>\n<p>Concernant sa construction, la Siux Fenix \u200b\u200b\u200b\u200bIV Pro est fabriqu\u00e9e avec des mat\u00e9riaux de haute qualit\u00e9 tels que le carbone Textreme 45\u00ba 18K sur ses faces et le carbone 13K + Aramide sur son cadre, qui lui conf\u00e8rent une grande r\u00e9sistance et durabilit\u00e9. De plus, son grip Dual Pro Grip, en caoutchouc FOAM, vous offrira une prise naturelle et ferme pour frapper avec plus de pr\u00e9cision.<\/p>\n<p>N&#8217;attendez plus pour mettre la main sur la raquette de padel parfaite pour les joueurs agressifs de niveau professionnel. Visitez Revolution Padel Store et d\u00e9couvrez la Siux Fenix \u200b\u200b\u200b\u200bIV Pro, une v\u00e9ritable r\u00e9volution dans le monde du padel. Obtenez-le et montrez votre agressivit\u00e9 sur le terrain !<\/p>\n","protected":false},"excerpt":{"rendered":"<p>D\u00e9couvrez la raquette Siux Fenix \u200b\u200b\u200b\u200bPro 4 dans Revolution Padel Store, id\u00e9ale pour les joueurs agressifs de niveau professionnel.<\/p>\n","protected":false},"featured_media":266437,"comment_status":"open","ping_status":"closed","template":"","meta":{"_acf_changed":false,"_joinchat":[]},"acabado":[1082,1092],"balance":[1137],"dureza":[1162],"forma":[1172],"jugador":[1192,1202],"marca":[1307],"nivel-de-juego":[1347],"superficie":[1362],"tipo-de-juego":[1377],"product_brand":[],"product_cat":[302],"product_tag":[],"class_list":{"0":"post-20270","1":"product","2":"type-product","3":"status-publish","4":"has-post-thumbnail","6":"acabado-luminosite","7":"acabado-soulager-la-3d","8":"balance-eleve","9":"dureza-dure","10":"forma-diamant","11":"jugador-homme","12":"jugador-polivalente-fr","13":"marca-siux-fr","14":"superficie-rugosa-fr","15":"tipo-de-juego-puissance","16":"product_cat-palas-de-padel-fr","18":"first","19":"instock","20":"sale","21":"taxable","22":"shipping-taxable","23":"purchasable","24":"product-type-simple"},"acf":[],"yoast_head":"<!-- This site is optimized with the Yoast SEO plugin v27.4 - https:\/\/yoast.com\/product\/yoast-seo-wordpress\/ -->\n<title>SIUX FENIX PRO 4 - Revolution Padel Store<\/title>\n<meta name=\"robots\" content=\"index, follow, max-snippet:-1, max-image-preview:large, max-video-preview:-1\" \/>\n<link rel=\"canonical\" href=\"https:\/\/revolutionpadelstore.com\/fr\/produit\/siux-fenix-pro-4-3\/\" \/>\n<meta property=\"og:locale\" content=\"fr_FR\" \/>\n<meta property=\"og:type\" content=\"article\" \/>\n<meta property=\"og:title\" content=\"SIUX FENIX PRO 4 - Revolution Padel Store\" \/>\n<meta property=\"og:description\" content=\"D\u00e9couvrez la raquette Siux Fenix \u200b\u200b\u200b\u200bPro 4 dans Revolution Padel Store, id\u00e9ale pour les joueurs agressifs de niveau professionnel.\" \/>\n<meta property=\"og:url\" content=\"https:\/\/revolutionpadelstore.com\/fr\/produit\/siux-fenix-pro-4-3\/\" \/>\n<meta property=\"og:site_name\" content=\"Revolution Padel Store\" \/>\n<meta property=\"article:modified_time\" content=\"2026-04-20T12:01:45+00:00\" \/>\n<meta property=\"og:image\" content=\"https:\/\/revolutionpadelstore.com\/wp-content\/uploads\/2024\/03\/fenix-pro-4.webp\" \/>\n\t<meta property=\"og:image:width\" content=\"1500\" \/>\n\t<meta property=\"og:image:height\" content=\"1500\" \/>\n\t<meta property=\"og:image:type\" content=\"image\/webp\" \/>\n<meta name=\"twitter:card\" content=\"summary_large_image\" \/>\n<meta name=\"twitter:label1\" content=\"Dur\u00e9e de lecture estim\u00e9e\" \/>\n\t<meta name=\"twitter:data1\" content=\"2 minutes\" \/>\n<script type=\"application\/ld+json\" class=\"yoast-schema-graph\">{\"@context\":\"https:\\\/\\\/schema.org\",\"@graph\":[{\"@type\":\"WebPage\",\"@id\":\"https:\\\/\\\/revolutionpadelstore.com\\\/fr\\\/produit\\\/siux-fenix-pro-4-3\\\/\",\"url\":\"https:\\\/\\\/revolutionpadelstore.com\\\/fr\\\/produit\\\/siux-fenix-pro-4-3\\\/\",\"name\":\"SIUX FENIX PRO 4 - Revolution Padel Store\",\"isPartOf\":{\"@id\":\"https:\\\/\\\/revolutionpadelstore.com\\\/fr\\\/#website\"},\"primaryImageOfPage\":{\"@id\":\"https:\\\/\\\/revolutionpadelstore.com\\\/fr\\\/produit\\\/siux-fenix-pro-4-3\\\/#primaryimage\"},\"image\":{\"@id\":\"https:\\\/\\\/revolutionpadelstore.com\\\/fr\\\/produit\\\/siux-fenix-pro-4-3\\\/#primaryimage\"},\"thumbnailUrl\":\"https:\\\/\\\/revolutionpadelstore.com\\\/wp-content\\\/uploads\\\/2024\\\/03\\\/fenix-pro-4.webp\",\"datePublished\":\"2024-03-21T14:01:26+00:00\",\"dateModified\":\"2026-04-20T12:01:45+00:00\",\"breadcrumb\":{\"@id\":\"https:\\\/\\\/revolutionpadelstore.com\\\/fr\\\/produit\\\/siux-fenix-pro-4-3\\\/#breadcrumb\"},\"inLanguage\":\"fr-FR\",\"potentialAction\":[{\"@type\":\"ReadAction\",\"target\":[\"https:\\\/\\\/revolutionpadelstore.com\\\/fr\\\/produit\\\/siux-fenix-pro-4-3\\\/\"]}]},{\"@type\":\"ImageObject\",\"inLanguage\":\"fr-FR\",\"@id\":\"https:\\\/\\\/revolutionpadelstore.com\\\/fr\\\/produit\\\/siux-fenix-pro-4-3\\\/#primaryimage\",\"url\":\"https:\\\/\\\/revolutionpadelstore.com\\\/wp-content\\\/uploads\\\/2024\\\/03\\\/fenix-pro-4.webp\",\"contentUrl\":\"https:\\\/\\\/revolutionpadelstore.com\\\/wp-content\\\/uploads\\\/2024\\\/03\\\/fenix-pro-4.webp\",\"width\":1500,\"height\":1500},{\"@type\":\"BreadcrumbList\",\"@id\":\"https:\\\/\\\/revolutionpadelstore.com\\\/fr\\\/produit\\\/siux-fenix-pro-4-3\\\/#breadcrumb\",\"itemListElement\":[{\"@type\":\"ListItem\",\"position\":1,\"name\":\"Portada\",\"item\":\"https:\\\/\\\/revolutionpadelstore.com\\\/fr\\\/\"},{\"@type\":\"ListItem\",\"position\":2,\"name\":\"Boutique\",\"item\":\"https:\\\/\\\/revolutionpadelstore.com\\\/fr\\\/tienda\\\/\"},{\"@type\":\"ListItem\",\"position\":3,\"name\":\"SIUX FENIX PRO 4\"}]},{\"@type\":\"WebSite\",\"@id\":\"https:\\\/\\\/revolutionpadelstore.com\\\/fr\\\/#website\",\"url\":\"https:\\\/\\\/revolutionpadelstore.com\\\/fr\\\/\",\"name\":\"Revolution Padel Store\",\"description\":\"\",\"publisher\":{\"@id\":\"https:\\\/\\\/revolutionpadelstore.com\\\/fr\\\/#organization\"},\"potentialAction\":[{\"@type\":\"SearchAction\",\"target\":{\"@type\":\"EntryPoint\",\"urlTemplate\":\"https:\\\/\\\/revolutionpadelstore.com\\\/fr\\\/?s={search_term_string}\"},\"query-input\":{\"@type\":\"PropertyValueSpecification\",\"valueRequired\":true,\"valueName\":\"search_term_string\"}}],\"inLanguage\":\"fr-FR\"},{\"@type\":\"Organization\",\"@id\":\"https:\\\/\\\/revolutionpadelstore.com\\\/fr\\\/#organization\",\"name\":\"Revolution Padel Store\",\"url\":\"https:\\\/\\\/revolutionpadelstore.com\\\/fr\\\/\",\"logo\":{\"@type\":\"ImageObject\",\"inLanguage\":\"fr-FR\",\"@id\":\"https:\\\/\\\/revolutionpadelstore.com\\\/fr\\\/#\\\/schema\\\/logo\\\/image\\\/\",\"url\":\"https:\\\/\\\/revolutionpadelstore.com\\\/wp-content\\\/uploads\\\/2026\\\/02\\\/revolution-padel-store.jpg\",\"contentUrl\":\"https:\\\/\\\/revolutionpadelstore.com\\\/wp-content\\\/uploads\\\/2026\\\/02\\\/revolution-padel-store.jpg\",\"width\":2000,\"height\":2000,\"caption\":\"Revolution Padel Store\"},\"image\":{\"@id\":\"https:\\\/\\\/revolutionpadelstore.com\\\/fr\\\/#\\\/schema\\\/logo\\\/image\\\/\"},\"sameAs\":[\"https:\\\/\\\/www.instagram.com\\\/revolutionpadelstore\\\/\"]}]}<\/script>\n<!-- \/ Yoast SEO plugin. -->","yoast_head_json":{"title":"SIUX FENIX PRO 4 - Revolution Padel Store","robots":{"index":"index","follow":"follow","max-snippet":"max-snippet:-1","max-image-preview":"max-image-preview:large","max-video-preview":"max-video-preview:-1"},"canonical":"https:\/\/revolutionpadelstore.com\/fr\/produit\/siux-fenix-pro-4-3\/","og_locale":"fr_FR","og_type":"article","og_title":"SIUX FENIX PRO 4 - Revolution Padel Store","og_description":"D\u00e9couvrez la raquette Siux Fenix \u200b\u200b\u200b\u200bPro 4 dans Revolution Padel Store, id\u00e9ale pour les joueurs agressifs de niveau professionnel.","og_url":"https:\/\/revolutionpadelstore.com\/fr\/produit\/siux-fenix-pro-4-3\/","og_site_name":"Revolution Padel Store","article_modified_time":"2026-04-20T12:01:45+00:00","og_image":[{"width":1500,"height":1500,"url":"https:\/\/revolutionpadelstore.com\/wp-content\/uploads\/2024\/03\/fenix-pro-4.webp","type":"image\/webp"}],"twitter_card":"summary_large_image","twitter_misc":{"Dur\u00e9e de lecture estim\u00e9e":"2 minutes"},"schema":{"@context":"https:\/\/schema.org","@graph":[{"@type":"WebPage","@id":"https:\/\/revolutionpadelstore.com\/fr\/produit\/siux-fenix-pro-4-3\/","url":"https:\/\/revolutionpadelstore.com\/fr\/produit\/siux-fenix-pro-4-3\/","name":"SIUX FENIX PRO 4 - Revolution Padel Store","isPartOf":{"@id":"https:\/\/revolutionpadelstore.com\/fr\/#website"},"primaryImageOfPage":{"@id":"https:\/\/revolutionpadelstore.com\/fr\/produit\/siux-fenix-pro-4-3\/#primaryimage"},"image":{"@id":"https:\/\/revolutionpadelstore.com\/fr\/produit\/siux-fenix-pro-4-3\/#primaryimage"},"thumbnailUrl":"https:\/\/revolutionpadelstore.com\/wp-content\/uploads\/2024\/03\/fenix-pro-4.webp","datePublished":"2024-03-21T14:01:26+00:00","dateModified":"2026-04-20T12:01:45+00:00","breadcrumb":{"@id":"https:\/\/revolutionpadelstore.com\/fr\/produit\/siux-fenix-pro-4-3\/#breadcrumb"},"inLanguage":"fr-FR","potentialAction":[{"@type":"ReadAction","target":["https:\/\/revolutionpadelstore.com\/fr\/produit\/siux-fenix-pro-4-3\/"]}]},{"@type":"ImageObject","inLanguage":"fr-FR","@id":"https:\/\/revolutionpadelstore.com\/fr\/produit\/siux-fenix-pro-4-3\/#primaryimage","url":"https:\/\/revolutionpadelstore.com\/wp-content\/uploads\/2024\/03\/fenix-pro-4.webp","contentUrl":"https:\/\/revolutionpadelstore.com\/wp-content\/uploads\/2024\/03\/fenix-pro-4.webp","width":1500,"height":1500},{"@type":"BreadcrumbList","@id":"https:\/\/revolutionpadelstore.com\/fr\/produit\/siux-fenix-pro-4-3\/#breadcrumb","itemListElement":[{"@type":"ListItem","position":1,"name":"Portada","item":"https:\/\/revolutionpadelstore.com\/fr\/"},{"@type":"ListItem","position":2,"name":"Boutique","item":"https:\/\/revolutionpadelstore.com\/fr\/tienda\/"},{"@type":"ListItem","position":3,"name":"SIUX FENIX PRO 4"}]},{"@type":"WebSite","@id":"https:\/\/revolutionpadelstore.com\/fr\/#website","url":"https:\/\/revolutionpadelstore.com\/fr\/","name":"Revolution Padel Store","description":"","publisher":{"@id":"https:\/\/revolutionpadelstore.com\/fr\/#organization"},"potentialAction":[{"@type":"SearchAction","target":{"@type":"EntryPoint","urlTemplate":"https:\/\/revolutionpadelstore.com\/fr\/?s={search_term_string}"},"query-input":{"@type":"PropertyValueSpecification","valueRequired":true,"valueName":"search_term_string"}}],"inLanguage":"fr-FR"},{"@type":"Organization","@id":"https:\/\/revolutionpadelstore.com\/fr\/#organization","name":"Revolution Padel Store","url":"https:\/\/revolutionpadelstore.com\/fr\/","logo":{"@type":"ImageObject","inLanguage":"fr-FR","@id":"https:\/\/revolutionpadelstore.com\/fr\/#\/schema\/logo\/image\/","url":"https:\/\/revolutionpadelstore.com\/wp-content\/uploads\/2026\/02\/revolution-padel-store.jpg","contentUrl":"https:\/\/revolutionpadelstore.com\/wp-content\/uploads\/2026\/02\/revolution-padel-store.jpg","width":2000,"height":2000,"caption":"Revolution Padel Store"},"image":{"@id":"https:\/\/revolutionpadelstore.com\/fr\/#\/schema\/logo\/image\/"},"sameAs":["https:\/\/www.instagram.com\/revolutionpadelstore\/"]}]}},"_links":{"self":[{"href":"https:\/\/revolutionpadelstore.com\/fr\/wp-json\/wp\/v2\/product\/20270","targetHints":{"allow":["GET"]}}],"collection":[{"href":"https:\/\/revolutionpadelstore.com\/fr\/wp-json\/wp\/v2\/product"}],"about":[{"href":"https:\/\/revolutionpadelstore.com\/fr\/wp-json\/wp\/v2\/types\/product"}],"replies":[{"embeddable":true,"href":"https:\/\/revolutionpadelstore.com\/fr\/wp-json\/wp\/v2\/comments?post=20270"}],"wp:featuredmedia":[{"embeddable":true,"href":"https:\/\/revolutionpadelstore.com\/fr\/wp-json\/wp\/v2\/media\/266437"}],"wp:attachment":[{"href":"https:\/\/revolutionpadelstore.com\/fr\/wp-json\/wp\/v2\/media?parent=20270"}],"wp:term":[{"taxonomy":"acabado","embeddable":true,"href":"https:\/\/revolutionpadelstore.com\/fr\/wp-json\/wp\/v2\/acabado?post=20270"},{"taxonomy":"balance","embeddable":true,"href":"https:\/\/revolutionpadelstore.com\/fr\/wp-json\/wp\/v2\/balance?post=20270"},{"taxonomy":"dureza","embeddable":true,"href":"https:\/\/revolutionpadelstore.com\/fr\/wp-json\/wp\/v2\/dureza?post=20270"},{"taxonomy":"forma","embeddable":true,"href":"https:\/\/revolutionpadelstore.com\/fr\/wp-json\/wp\/v2\/forma?post=20270"},{"taxonomy":"jugador","embeddable":true,"href":"https:\/\/revolutionpadelstore.com\/fr\/wp-json\/wp\/v2\/jugador?post=20270"},{"taxonomy":"marca","embeddable":true,"href":"https:\/\/revolutionpadelstore.com\/fr\/wp-json\/wp\/v2\/marca?post=20270"},{"taxonomy":"nivel-de-juego","embeddable":true,"href":"https:\/\/revolutionpadelstore.com\/fr\/wp-json\/wp\/v2\/nivel-de-juego?post=20270"},{"taxonomy":"superficie","embeddable":true,"href":"https:\/\/revolutionpadelstore.com\/fr\/wp-json\/wp\/v2\/superficie?post=20270"},{"taxonomy":"tipo-de-juego","embeddable":true,"href":"https:\/\/revolutionpadelstore.com\/fr\/wp-json\/wp\/v2\/tipo-de-juego?post=20270"},{"taxonomy":"product_brand","embeddable":true,"href":"https:\/\/revolutionpadelstore.com\/fr\/wp-json\/wp\/v2\/product_brand?post=20270"},{"taxonomy":"product_cat","embeddable":true,"href":"https:\/\/revolutionpadelstore.com\/fr\/wp-json\/wp\/v2\/product_cat?post=20270"},{"taxonomy":"product_tag","embeddable":true,"href":"https:\/\/revolutionpadelstore.com\/fr\/wp-json\/wp\/v2\/product_tag?post=20270"}],"curies":[{"name":"wp","href":"https:\/\/api.w.org\/{rel}","templated":true}]}}