{"id":20255,"date":"2024-03-21T15:12:38","date_gmt":"2024-03-21T14:12:38","guid":{"rendered":"https:\/\/revolutionpadelstore.com\/siux-fenix-lite-4\/"},"modified":"2026-04-08T14:51:32","modified_gmt":"2026-04-08T12:51:32","slug":"siux-fenix-lite-4-3","status":"publish","type":"product","link":"https:\/\/revolutionpadelstore.com\/fr\/produit\/siux-fenix-lite-4-3\/","title":{"rendered":"SIUX FENIX LITE 4"},"content":{"rendered":"<h2>Siux Fenix \u200b\u200b\u200b\u200bIV Lite, attaques mortelles<\/h2>\n<p>Con\u00e7ue pour les joueurs de padel de niveau avanc\u00e9 ou professionnel, la Siux Fenix \u200b\u200b\u200b\u200bIV Lite est la raquette de padel au toucher dur id\u00e9ale si vous recherchez des coups puissants et des jeux offensifs agressifs.<\/p>\n<p>Il pr\u00e9sente une <strong>forme de diamant avec un \u00e9quilibre \u00e9lev\u00e9<\/strong>, afin que vous puissiez profiter d&#8217;une puissance \u00e9norme gr\u00e2ce \u00e0 un point d&#8217;impact plus \u00e9lev\u00e9 qui permet un meilleur contr\u00f4le dans les coups tels que les smashs ou les finitions. Vous frapperez avec une grande efficacit\u00e9 sur le net.<\/p>\n<p>De plus, gr\u00e2ce \u00e0 son poids qui varie entre <strong>355 et 375 grammes<\/strong>, vous b\u00e9n\u00e9ficierez d&#8217;une grande libert\u00e9 de mouvement, de l\u00e9g\u00e8ret\u00e9 et d&#8217;agilit\u00e9 pour vous d\u00e9placer sur le court.<\/p>\n<h2>\u00c9lasticit\u00e9 et polyvalence<\/h2>\n<p>Si l&#8217;on se concentre sur sa composition, il convient de souligner le carbone serg\u00e9 3K des avions, car c&#8217;est une fibre dure et r\u00e9sistante qui ne fl\u00e9chit pas excessivement et n\u00e9cessite moins d&#8217;efforts pour retrouver sa forme originale apr\u00e8s impact, ce qui prolonge la dur\u00e9e de vie. de la pelle. Le <strong>tissu Twill<\/strong> est compos\u00e9 de fils entrecrois\u00e9s en diagonale, ce qui permet une position plus ouverte et une plus grande \u00e9lasticit\u00e9.<\/p>\n<p>De m\u00eame, la surface a une finition mate et un relief 3D, ce qui signifie que la balle pourra mieux adh\u00e9rer et tourner plus rapidement pour obtenir une plus grande rotation.<\/p>\n<p>Le cadre, quant \u00e0 lui, est en <strong>Carbone 3K<\/strong>, qui offre un grand contr\u00f4le et une grande pr\u00e9cision lors des frappes. Tandis que, dans le noyau, il int\u00e8gre du <strong>caoutchouc EVA Hard<\/strong>, une mousse dense et dure qui g\u00e9n\u00e8re de la puissance et absorbe de mani\u00e8re optimale les vibrations des impacts. Il offre \u00e9galement une polyvalence et une stabilit\u00e9 suppl\u00e9mentaires.<\/p>\n<h3>Protection optimale des articulations<\/h3>\n<p>Comme d\u00e9tails suppl\u00e9mentaires, nous pouvons citer les technologies <strong><em>Dual Pro Grip<\/em><\/strong> et les <strong><em>Shockout Dampeners<\/em><\/strong>. Le premier consiste en un grip compos\u00e9 de caoutchouc FOAM, qui favorise une prise plus confortable, ferme et naturelle, et le second est un syst\u00e8me anti-vibration qui am\u00e9liore les sensations g\u00e9n\u00e9rales, apportant confort et protection au joueur.<\/p>\n<h2>Siux Fenix IV Lite, ataques letales<\/h2>\n","protected":false},"excerpt":{"rendered":"<p>Raquette Siux Fenix \u200b\u200b\u200b\u200bIV Lite, en forme de diamant et avec un \u00e9quilibre \u00e9lev\u00e9, id\u00e9ale pour les joueurs de padel avanc\u00e9s ou professionnels. Noyau en caoutchouc EVA dur, faces en carbone serg\u00e9 3K et cadre en carbone 3K.<\/p>\n","protected":false},"featured_media":266482,"comment_status":"open","ping_status":"closed","template":"","meta":{"_acf_changed":false,"_joinchat":[]},"acabado":[1087,1092],"balance":[1137],"dureza":[1157],"forma":[],"jugador":[1192,1202],"marca":[1307],"nivel-de-juego":[1337],"superficie":[1362],"tipo-de-juego":[1377],"product_brand":[],"product_cat":[302],"product_tag":[],"class_list":{"0":"post-20255","1":"product","2":"type-product","3":"status-publish","4":"has-post-thumbnail","6":"acabado-mon-pote","7":"acabado-soulager-la-3d","8":"balance-eleve","9":"dureza-media-fr","10":"jugador-homme","11":"jugador-polivalente-fr","12":"marca-siux-fr","13":"superficie-rugosa-fr","14":"tipo-de-juego-puissance","15":"product_cat-palas-de-padel-fr","17":"first","18":"onbackorder","19":"taxable","20":"shipping-taxable","21":"purchasable","22":"product-type-simple"},"acf":[],"yoast_head":"<!-- This site is optimized with the Yoast SEO plugin v27.4 - https:\/\/yoast.com\/product\/yoast-seo-wordpress\/ -->\n<title>SIUX FENIX LITE 4 - Revolution Padel Store<\/title>\n<meta name=\"description\" content=\"Pala Siux Fenix IV Lite, con forma de diamante y balance alto, ideal para jugadoras de p\u00e1del de nivel avanzado o profesional. N\u00facleo de goma EVA Hard, caras de carbono 3K Twill y marco de carbono 3K.\" \/>\n<meta name=\"robots\" content=\"index, follow, max-snippet:-1, max-image-preview:large, max-video-preview:-1\" \/>\n<link rel=\"canonical\" href=\"https:\/\/revolutionpadelstore.com\/fr\/produit\/siux-fenix-lite-4-3\/\" \/>\n<meta property=\"og:locale\" content=\"fr_FR\" \/>\n<meta property=\"og:type\" content=\"article\" \/>\n<meta property=\"og:title\" content=\"SIUX FENIX LITE 4 - Revolution Padel Store\" \/>\n<meta property=\"og:description\" content=\"Pala Siux Fenix IV Lite, con forma de diamante y balance alto, ideal para jugadoras de p\u00e1del de nivel avanzado o profesional. N\u00facleo de goma EVA Hard, caras de carbono 3K Twill y marco de carbono 3K.\" \/>\n<meta property=\"og:url\" content=\"https:\/\/revolutionpadelstore.com\/fr\/produit\/siux-fenix-lite-4-3\/\" \/>\n<meta property=\"og:site_name\" content=\"Revolution Padel Store\" \/>\n<meta property=\"article:modified_time\" content=\"2026-04-08T12:51:32+00:00\" \/>\n<meta property=\"og:image\" content=\"https:\/\/revolutionpadelstore.com\/wp-content\/uploads\/2024\/03\/raquete-padel-siux-fenix-lite-4-2024_35e5bd108b7c4c51ae7d145cda3be427_2976000211.jpg\" \/>\n\t<meta property=\"og:image:width\" content=\"1500\" \/>\n\t<meta property=\"og:image:height\" content=\"1500\" \/>\n\t<meta property=\"og:image:type\" content=\"image\/jpeg\" \/>\n<meta name=\"twitter:card\" content=\"summary_large_image\" \/>\n<meta name=\"twitter:label1\" content=\"Dur\u00e9e de lecture estim\u00e9e\" \/>\n\t<meta name=\"twitter:data1\" content=\"2 minutes\" \/>\n<script type=\"application\/ld+json\" class=\"yoast-schema-graph\">{\"@context\":\"https:\\\/\\\/schema.org\",\"@graph\":[{\"@type\":\"WebPage\",\"@id\":\"https:\\\/\\\/revolutionpadelstore.com\\\/fr\\\/produit\\\/siux-fenix-lite-4-3\\\/\",\"url\":\"https:\\\/\\\/revolutionpadelstore.com\\\/fr\\\/produit\\\/siux-fenix-lite-4-3\\\/\",\"name\":\"SIUX FENIX LITE 4 - Revolution Padel Store\",\"isPartOf\":{\"@id\":\"https:\\\/\\\/revolutionpadelstore.com\\\/fr\\\/#website\"},\"primaryImageOfPage\":{\"@id\":\"https:\\\/\\\/revolutionpadelstore.com\\\/fr\\\/produit\\\/siux-fenix-lite-4-3\\\/#primaryimage\"},\"image\":{\"@id\":\"https:\\\/\\\/revolutionpadelstore.com\\\/fr\\\/produit\\\/siux-fenix-lite-4-3\\\/#primaryimage\"},\"thumbnailUrl\":\"https:\\\/\\\/revolutionpadelstore.com\\\/wp-content\\\/uploads\\\/2024\\\/03\\\/raquete-padel-siux-fenix-lite-4-2024_35e5bd108b7c4c51ae7d145cda3be427_2976000211.jpg\",\"datePublished\":\"2024-03-21T14:12:38+00:00\",\"dateModified\":\"2026-04-08T12:51:32+00:00\",\"description\":\"Pala Siux Fenix IV Lite, con forma de diamante y balance alto, ideal para jugadoras de p\u00e1del de nivel avanzado o profesional. N\u00facleo de goma EVA Hard, caras de carbono 3K Twill y marco de carbono 3K.\",\"breadcrumb\":{\"@id\":\"https:\\\/\\\/revolutionpadelstore.com\\\/fr\\\/produit\\\/siux-fenix-lite-4-3\\\/#breadcrumb\"},\"inLanguage\":\"fr-FR\",\"potentialAction\":[{\"@type\":\"ReadAction\",\"target\":[\"https:\\\/\\\/revolutionpadelstore.com\\\/fr\\\/produit\\\/siux-fenix-lite-4-3\\\/\"]}]},{\"@type\":\"ImageObject\",\"inLanguage\":\"fr-FR\",\"@id\":\"https:\\\/\\\/revolutionpadelstore.com\\\/fr\\\/produit\\\/siux-fenix-lite-4-3\\\/#primaryimage\",\"url\":\"https:\\\/\\\/revolutionpadelstore.com\\\/wp-content\\\/uploads\\\/2024\\\/03\\\/raquete-padel-siux-fenix-lite-4-2024_35e5bd108b7c4c51ae7d145cda3be427_2976000211.jpg\",\"contentUrl\":\"https:\\\/\\\/revolutionpadelstore.com\\\/wp-content\\\/uploads\\\/2024\\\/03\\\/raquete-padel-siux-fenix-lite-4-2024_35e5bd108b7c4c51ae7d145cda3be427_2976000211.jpg\",\"width\":1500,\"height\":1500},{\"@type\":\"BreadcrumbList\",\"@id\":\"https:\\\/\\\/revolutionpadelstore.com\\\/fr\\\/produit\\\/siux-fenix-lite-4-3\\\/#breadcrumb\",\"itemListElement\":[{\"@type\":\"ListItem\",\"position\":1,\"name\":\"Portada\",\"item\":\"https:\\\/\\\/revolutionpadelstore.com\\\/fr\\\/\"},{\"@type\":\"ListItem\",\"position\":2,\"name\":\"Boutique\",\"item\":\"https:\\\/\\\/revolutionpadelstore.com\\\/fr\\\/tienda\\\/\"},{\"@type\":\"ListItem\",\"position\":3,\"name\":\"SIUX FENIX LITE 4\"}]},{\"@type\":\"WebSite\",\"@id\":\"https:\\\/\\\/revolutionpadelstore.com\\\/fr\\\/#website\",\"url\":\"https:\\\/\\\/revolutionpadelstore.com\\\/fr\\\/\",\"name\":\"Revolution Padel Store\",\"description\":\"\",\"publisher\":{\"@id\":\"https:\\\/\\\/revolutionpadelstore.com\\\/fr\\\/#organization\"},\"potentialAction\":[{\"@type\":\"SearchAction\",\"target\":{\"@type\":\"EntryPoint\",\"urlTemplate\":\"https:\\\/\\\/revolutionpadelstore.com\\\/fr\\\/?s={search_term_string}\"},\"query-input\":{\"@type\":\"PropertyValueSpecification\",\"valueRequired\":true,\"valueName\":\"search_term_string\"}}],\"inLanguage\":\"fr-FR\"},{\"@type\":\"Organization\",\"@id\":\"https:\\\/\\\/revolutionpadelstore.com\\\/fr\\\/#organization\",\"name\":\"Revolution Padel Store\",\"url\":\"https:\\\/\\\/revolutionpadelstore.com\\\/fr\\\/\",\"logo\":{\"@type\":\"ImageObject\",\"inLanguage\":\"fr-FR\",\"@id\":\"https:\\\/\\\/revolutionpadelstore.com\\\/fr\\\/#\\\/schema\\\/logo\\\/image\\\/\",\"url\":\"https:\\\/\\\/revolutionpadelstore.com\\\/wp-content\\\/uploads\\\/2026\\\/02\\\/revolution-padel-store.jpg\",\"contentUrl\":\"https:\\\/\\\/revolutionpadelstore.com\\\/wp-content\\\/uploads\\\/2026\\\/02\\\/revolution-padel-store.jpg\",\"width\":2000,\"height\":2000,\"caption\":\"Revolution Padel Store\"},\"image\":{\"@id\":\"https:\\\/\\\/revolutionpadelstore.com\\\/fr\\\/#\\\/schema\\\/logo\\\/image\\\/\"},\"sameAs\":[\"https:\\\/\\\/www.instagram.com\\\/revolutionpadelstore\\\/\"]}]}<\/script>\n<!-- \/ Yoast SEO plugin. -->","yoast_head_json":{"title":"SIUX FENIX LITE 4 - Revolution Padel Store","description":"Pala Siux Fenix IV Lite, con forma de diamante y balance alto, ideal para jugadoras de p\u00e1del de nivel avanzado o profesional. N\u00facleo de goma EVA Hard, caras de carbono 3K Twill y marco de carbono 3K.","robots":{"index":"index","follow":"follow","max-snippet":"max-snippet:-1","max-image-preview":"max-image-preview:large","max-video-preview":"max-video-preview:-1"},"canonical":"https:\/\/revolutionpadelstore.com\/fr\/produit\/siux-fenix-lite-4-3\/","og_locale":"fr_FR","og_type":"article","og_title":"SIUX FENIX LITE 4 - Revolution Padel Store","og_description":"Pala Siux Fenix IV Lite, con forma de diamante y balance alto, ideal para jugadoras de p\u00e1del de nivel avanzado o profesional. N\u00facleo de goma EVA Hard, caras de carbono 3K Twill y marco de carbono 3K.","og_url":"https:\/\/revolutionpadelstore.com\/fr\/produit\/siux-fenix-lite-4-3\/","og_site_name":"Revolution Padel Store","article_modified_time":"2026-04-08T12:51:32+00:00","og_image":[{"width":1500,"height":1500,"url":"https:\/\/revolutionpadelstore.com\/wp-content\/uploads\/2024\/03\/raquete-padel-siux-fenix-lite-4-2024_35e5bd108b7c4c51ae7d145cda3be427_2976000211.jpg","type":"image\/jpeg"}],"twitter_card":"summary_large_image","twitter_misc":{"Dur\u00e9e de lecture estim\u00e9e":"2 minutes"},"schema":{"@context":"https:\/\/schema.org","@graph":[{"@type":"WebPage","@id":"https:\/\/revolutionpadelstore.com\/fr\/produit\/siux-fenix-lite-4-3\/","url":"https:\/\/revolutionpadelstore.com\/fr\/produit\/siux-fenix-lite-4-3\/","name":"SIUX FENIX LITE 4 - Revolution Padel Store","isPartOf":{"@id":"https:\/\/revolutionpadelstore.com\/fr\/#website"},"primaryImageOfPage":{"@id":"https:\/\/revolutionpadelstore.com\/fr\/produit\/siux-fenix-lite-4-3\/#primaryimage"},"image":{"@id":"https:\/\/revolutionpadelstore.com\/fr\/produit\/siux-fenix-lite-4-3\/#primaryimage"},"thumbnailUrl":"https:\/\/revolutionpadelstore.com\/wp-content\/uploads\/2024\/03\/raquete-padel-siux-fenix-lite-4-2024_35e5bd108b7c4c51ae7d145cda3be427_2976000211.jpg","datePublished":"2024-03-21T14:12:38+00:00","dateModified":"2026-04-08T12:51:32+00:00","description":"Pala Siux Fenix IV Lite, con forma de diamante y balance alto, ideal para jugadoras de p\u00e1del de nivel avanzado o profesional. N\u00facleo de goma EVA Hard, caras de carbono 3K Twill y marco de carbono 3K.","breadcrumb":{"@id":"https:\/\/revolutionpadelstore.com\/fr\/produit\/siux-fenix-lite-4-3\/#breadcrumb"},"inLanguage":"fr-FR","potentialAction":[{"@type":"ReadAction","target":["https:\/\/revolutionpadelstore.com\/fr\/produit\/siux-fenix-lite-4-3\/"]}]},{"@type":"ImageObject","inLanguage":"fr-FR","@id":"https:\/\/revolutionpadelstore.com\/fr\/produit\/siux-fenix-lite-4-3\/#primaryimage","url":"https:\/\/revolutionpadelstore.com\/wp-content\/uploads\/2024\/03\/raquete-padel-siux-fenix-lite-4-2024_35e5bd108b7c4c51ae7d145cda3be427_2976000211.jpg","contentUrl":"https:\/\/revolutionpadelstore.com\/wp-content\/uploads\/2024\/03\/raquete-padel-siux-fenix-lite-4-2024_35e5bd108b7c4c51ae7d145cda3be427_2976000211.jpg","width":1500,"height":1500},{"@type":"BreadcrumbList","@id":"https:\/\/revolutionpadelstore.com\/fr\/produit\/siux-fenix-lite-4-3\/#breadcrumb","itemListElement":[{"@type":"ListItem","position":1,"name":"Portada","item":"https:\/\/revolutionpadelstore.com\/fr\/"},{"@type":"ListItem","position":2,"name":"Boutique","item":"https:\/\/revolutionpadelstore.com\/fr\/tienda\/"},{"@type":"ListItem","position":3,"name":"SIUX FENIX LITE 4"}]},{"@type":"WebSite","@id":"https:\/\/revolutionpadelstore.com\/fr\/#website","url":"https:\/\/revolutionpadelstore.com\/fr\/","name":"Revolution Padel Store","description":"","publisher":{"@id":"https:\/\/revolutionpadelstore.com\/fr\/#organization"},"potentialAction":[{"@type":"SearchAction","target":{"@type":"EntryPoint","urlTemplate":"https:\/\/revolutionpadelstore.com\/fr\/?s={search_term_string}"},"query-input":{"@type":"PropertyValueSpecification","valueRequired":true,"valueName":"search_term_string"}}],"inLanguage":"fr-FR"},{"@type":"Organization","@id":"https:\/\/revolutionpadelstore.com\/fr\/#organization","name":"Revolution Padel Store","url":"https:\/\/revolutionpadelstore.com\/fr\/","logo":{"@type":"ImageObject","inLanguage":"fr-FR","@id":"https:\/\/revolutionpadelstore.com\/fr\/#\/schema\/logo\/image\/","url":"https:\/\/revolutionpadelstore.com\/wp-content\/uploads\/2026\/02\/revolution-padel-store.jpg","contentUrl":"https:\/\/revolutionpadelstore.com\/wp-content\/uploads\/2026\/02\/revolution-padel-store.jpg","width":2000,"height":2000,"caption":"Revolution Padel Store"},"image":{"@id":"https:\/\/revolutionpadelstore.com\/fr\/#\/schema\/logo\/image\/"},"sameAs":["https:\/\/www.instagram.com\/revolutionpadelstore\/"]}]}},"_links":{"self":[{"href":"https:\/\/revolutionpadelstore.com\/fr\/wp-json\/wp\/v2\/product\/20255","targetHints":{"allow":["GET"]}}],"collection":[{"href":"https:\/\/revolutionpadelstore.com\/fr\/wp-json\/wp\/v2\/product"}],"about":[{"href":"https:\/\/revolutionpadelstore.com\/fr\/wp-json\/wp\/v2\/types\/product"}],"replies":[{"embeddable":true,"href":"https:\/\/revolutionpadelstore.com\/fr\/wp-json\/wp\/v2\/comments?post=20255"}],"wp:featuredmedia":[{"embeddable":true,"href":"https:\/\/revolutionpadelstore.com\/fr\/wp-json\/wp\/v2\/media\/266482"}],"wp:attachment":[{"href":"https:\/\/revolutionpadelstore.com\/fr\/wp-json\/wp\/v2\/media?parent=20255"}],"wp:term":[{"taxonomy":"acabado","embeddable":true,"href":"https:\/\/revolutionpadelstore.com\/fr\/wp-json\/wp\/v2\/acabado?post=20255"},{"taxonomy":"balance","embeddable":true,"href":"https:\/\/revolutionpadelstore.com\/fr\/wp-json\/wp\/v2\/balance?post=20255"},{"taxonomy":"dureza","embeddable":true,"href":"https:\/\/revolutionpadelstore.com\/fr\/wp-json\/wp\/v2\/dureza?post=20255"},{"taxonomy":"forma","embeddable":true,"href":"https:\/\/revolutionpadelstore.com\/fr\/wp-json\/wp\/v2\/forma?post=20255"},{"taxonomy":"jugador","embeddable":true,"href":"https:\/\/revolutionpadelstore.com\/fr\/wp-json\/wp\/v2\/jugador?post=20255"},{"taxonomy":"marca","embeddable":true,"href":"https:\/\/revolutionpadelstore.com\/fr\/wp-json\/wp\/v2\/marca?post=20255"},{"taxonomy":"nivel-de-juego","embeddable":true,"href":"https:\/\/revolutionpadelstore.com\/fr\/wp-json\/wp\/v2\/nivel-de-juego?post=20255"},{"taxonomy":"superficie","embeddable":true,"href":"https:\/\/revolutionpadelstore.com\/fr\/wp-json\/wp\/v2\/superficie?post=20255"},{"taxonomy":"tipo-de-juego","embeddable":true,"href":"https:\/\/revolutionpadelstore.com\/fr\/wp-json\/wp\/v2\/tipo-de-juego?post=20255"},{"taxonomy":"product_brand","embeddable":true,"href":"https:\/\/revolutionpadelstore.com\/fr\/wp-json\/wp\/v2\/product_brand?post=20255"},{"taxonomy":"product_cat","embeddable":true,"href":"https:\/\/revolutionpadelstore.com\/fr\/wp-json\/wp\/v2\/product_cat?post=20255"},{"taxonomy":"product_tag","embeddable":true,"href":"https:\/\/revolutionpadelstore.com\/fr\/wp-json\/wp\/v2\/product_tag?post=20255"}],"curies":[{"name":"wp","href":"https:\/\/api.w.org\/{rel}","templated":true}]}}