{"id":20250,"date":"2024-03-21T15:17:00","date_gmt":"2024-03-21T14:17:00","guid":{"rendered":"https:\/\/revolutionpadelstore.com\/siux-electra-st3-lite\/"},"modified":"2026-04-08T14:50:47","modified_gmt":"2026-04-08T12:50:47","slug":"siux-electra-st3-lite","status":"publish","type":"product","link":"https:\/\/revolutionpadelstore.com\/fr\/produit\/siux-electra-st3-lite\/","title":{"rendered":"SIUX ELECTRA ST3 LITE"},"content":{"rendered":"<h2>Siux Electra ST3 Lite, l\u00e9g\u00e8ret\u00e9 et polyvalence<\/h2>\n<p>La raquette <strong>Siux Electra ST3 Lite<\/strong> est un mod\u00e8le con\u00e7u pour s&#8217;adapter aux besoins des <strong>joueurs de padel de niveau avanc\u00e9 ou professionnel<\/strong> qui recherchent un excellent contr\u00f4le dans les jeux d\u00e9fensifs.<\/p>\n<p>Sa <strong>forme ronde et son \u00e9quilibre moyen<\/strong>, associ\u00e9s \u00e0 son poids l\u00e9ger de <strong>355-375 grammes<\/strong>, en font une raquette polyvalente qui vous apportera polyvalence, bonne maniabilit\u00e9 et un meilleur contr\u00f4le. vous ressentirez moins de vibrations lors de la frappe de la balle et son sweet spot plus grand vous permettra de r\u00e9ussir \u00e0 renvoyer des frappes d\u00e9centr\u00e9es.<\/p>\n<h2>Frappe confortable et s\u00fbre<\/h2>\n<p>L&#8217;<strong>Electra ST3 Lite<\/strong> poss\u00e8de un noyau en <strong>caoutchouc HARD EVA<\/strong>, une mousse qui fournit une puissance in\u00e9gal\u00e9e, qui donnera \u00e0 la balle une plus grande vitesse. De plus, il offre un bon contr\u00f4le et absorbe parfaitement les vibrations apr\u00e8s un impact.<\/p>\n<p>Dans les plans, nous trouvons du <strong>12K Twill Carbon<\/strong>, un tissu r\u00e9alis\u00e9 avec des fils entrecrois\u00e9s en diagonale, \u00e0 haute r\u00e9sistance et \u00e9lasticit\u00e9. Cette flexibilit\u00e9 permet un plus grand rebond et une sortie de balle spectaculaire. De plus, les avions ont une<strong>finition sable mate<\/strong>, ce qui facilite les frappes riches en effets qui vous permettront de surprendre vos adversaires en toute simplicit\u00e9.<\/p>\n<p>De m\u00eame, le <strong>cadre tubulaire en carbone 3K<\/strong> augmente la r\u00e9sistance \u00e0 l&#8217;abrasion et la durabilit\u00e9, tout en assurant un grand confort en absorbant de mani\u00e8re optimale les vibrations.<\/p>\n<h3>\u00c9viter l&#8217;\u00e9picondylite<\/h3>\n<p>Dans le but de r\u00e9duire les risques de blessures aux coudes et aux poignets et d&#8217;am\u00e9liorer les sensations de confort pendant le jeu, l&#8217;<strong>Electra ST3 Lite<\/strong> int\u00e8gre une technologie anti-vibration connue sous le nom de <em><strong>ShockOut strong&gt;<\/em>, des accessoires qui r\u00e9duisent les vibrations apr\u00e8s les impacts.<\/p>\n<p>De la m\u00eame mani\u00e8re, il comprend le <em><strong>Dual Pro Grip<\/strong><\/em>, qui offre une adh\u00e9rence beaucoup plus naturelle gr\u00e2ce \u00e0 son relief en surface et \u00e0 sa composition de <strong>caoutchouc FOAM. <\/strong><\/p>\n<p>Cette raquette a un design moderne, sportif et frappant, qui combine le noir avec la couleur jaune du cadre et des d\u00e9tails m\u00e9talliques.<\/p>\n<h2>Siux Electra ST3 Lite, peso ligero y polivalencia<\/h2>\n","protected":false},"excerpt":{"rendered":"<p>Raquette ronde Siux Electra ST3 Lite avec \u00e9quilibre moyen, con\u00e7ue pour les femmes de niveau avanc\u00e9 ou professionnel. Avec avions en carbone serg\u00e9 12K et noyau en caoutchouc EVA dur. Avec la technologie ShockOut et Dual Pro Grip.<\/p>\n","protected":false},"featured_media":266413,"comment_status":"open","ping_status":"closed","template":"","meta":{"_acf_changed":false,"_joinchat":[]},"acabado":[1087,1097],"balance":[1142],"dureza":[1157],"forma":[1182],"jugador":[1192,1202],"marca":[1307],"nivel-de-juego":[1337],"superficie":[1362],"tipo-de-juego":[1372],"product_brand":[],"product_cat":[302],"product_tag":[],"class_list":{"0":"post-20250","1":"product","2":"type-product","3":"status-publish","4":"has-post-thumbnail","6":"acabado-mon-pote","7":"acabado-sable","8":"balance-moyen","9":"dureza-media-fr","10":"forma-rond","11":"jugador-homme","12":"jugador-polivalente-fr","13":"marca-siux-fr","14":"superficie-rugosa-fr","15":"tipo-de-juego-control-fr","16":"product_cat-palas-de-padel-fr","18":"first","19":"instock","20":"sale","21":"taxable","22":"shipping-taxable","23":"purchasable","24":"product-type-simple"},"acf":[],"yoast_head":"<!-- This site is optimized with the Yoast SEO plugin v27.4 - https:\/\/yoast.com\/product\/yoast-seo-wordpress\/ -->\n<title>SIUX ELECTRA ST3 LITE - Revolution Padel Store<\/title>\n<meta name=\"description\" content=\"Pala redonda con balance medio Siux Electra ST3 Lite, dise\u00f1ada para mujeres de nivel avanzado o profesional. Con planos de Carbono 12K Twill y n\u00facleo de goma EVA Hard. Con tecnolog\u00eda ShockOut y Dual Pro Grip.\" \/>\n<meta name=\"robots\" content=\"index, follow, max-snippet:-1, max-image-preview:large, max-video-preview:-1\" \/>\n<link rel=\"canonical\" href=\"https:\/\/revolutionpadelstore.com\/fr\/produit\/siux-electra-st3-lite\/\" \/>\n<meta property=\"og:locale\" content=\"fr_FR\" \/>\n<meta property=\"og:type\" content=\"article\" \/>\n<meta property=\"og:title\" content=\"SIUX ELECTRA ST3 LITE - Revolution Padel Store\" \/>\n<meta property=\"og:description\" content=\"Pala redonda con balance medio Siux Electra ST3 Lite, dise\u00f1ada para mujeres de nivel avanzado o profesional. Con planos de Carbono 12K Twill y n\u00facleo de goma EVA Hard. Con tecnolog\u00eda ShockOut y Dual Pro Grip.\" \/>\n<meta property=\"og:url\" content=\"https:\/\/revolutionpadelstore.com\/fr\/produit\/siux-electra-st3-lite\/\" \/>\n<meta property=\"og:site_name\" content=\"Revolution Padel Store\" \/>\n<meta property=\"article:modified_time\" content=\"2026-04-08T12:50:47+00:00\" \/>\n<meta property=\"og:image\" content=\"https:\/\/revolutionpadelstore.com\/wp-content\/uploads\/2024\/03\/109476-electra-3-lite-grip-regular-1500x1500-1.webp\" \/>\n\t<meta property=\"og:image:width\" content=\"1500\" \/>\n\t<meta property=\"og:image:height\" content=\"1500\" \/>\n\t<meta property=\"og:image:type\" content=\"image\/webp\" \/>\n<meta name=\"twitter:card\" content=\"summary_large_image\" \/>\n<meta name=\"twitter:label1\" content=\"Dur\u00e9e de lecture estim\u00e9e\" \/>\n\t<meta name=\"twitter:data1\" content=\"2 minutes\" \/>\n<script type=\"application\/ld+json\" class=\"yoast-schema-graph\">{\"@context\":\"https:\\\/\\\/schema.org\",\"@graph\":[{\"@type\":\"WebPage\",\"@id\":\"https:\\\/\\\/revolutionpadelstore.com\\\/fr\\\/produit\\\/siux-electra-st3-lite\\\/\",\"url\":\"https:\\\/\\\/revolutionpadelstore.com\\\/fr\\\/produit\\\/siux-electra-st3-lite\\\/\",\"name\":\"SIUX ELECTRA ST3 LITE - Revolution Padel Store\",\"isPartOf\":{\"@id\":\"https:\\\/\\\/revolutionpadelstore.com\\\/fr\\\/#website\"},\"primaryImageOfPage\":{\"@id\":\"https:\\\/\\\/revolutionpadelstore.com\\\/fr\\\/produit\\\/siux-electra-st3-lite\\\/#primaryimage\"},\"image\":{\"@id\":\"https:\\\/\\\/revolutionpadelstore.com\\\/fr\\\/produit\\\/siux-electra-st3-lite\\\/#primaryimage\"},\"thumbnailUrl\":\"https:\\\/\\\/revolutionpadelstore.com\\\/wp-content\\\/uploads\\\/2024\\\/03\\\/109476-electra-3-lite-grip-regular-1500x1500-1.webp\",\"datePublished\":\"2024-03-21T14:17:00+00:00\",\"dateModified\":\"2026-04-08T12:50:47+00:00\",\"description\":\"Pala redonda con balance medio Siux Electra ST3 Lite, dise\u00f1ada para mujeres de nivel avanzado o profesional. Con planos de Carbono 12K Twill y n\u00facleo de goma EVA Hard. Con tecnolog\u00eda ShockOut y Dual Pro Grip.\",\"breadcrumb\":{\"@id\":\"https:\\\/\\\/revolutionpadelstore.com\\\/fr\\\/produit\\\/siux-electra-st3-lite\\\/#breadcrumb\"},\"inLanguage\":\"fr-FR\",\"potentialAction\":[{\"@type\":\"ReadAction\",\"target\":[\"https:\\\/\\\/revolutionpadelstore.com\\\/fr\\\/produit\\\/siux-electra-st3-lite\\\/\"]}]},{\"@type\":\"ImageObject\",\"inLanguage\":\"fr-FR\",\"@id\":\"https:\\\/\\\/revolutionpadelstore.com\\\/fr\\\/produit\\\/siux-electra-st3-lite\\\/#primaryimage\",\"url\":\"https:\\\/\\\/revolutionpadelstore.com\\\/wp-content\\\/uploads\\\/2024\\\/03\\\/109476-electra-3-lite-grip-regular-1500x1500-1.webp\",\"contentUrl\":\"https:\\\/\\\/revolutionpadelstore.com\\\/wp-content\\\/uploads\\\/2024\\\/03\\\/109476-electra-3-lite-grip-regular-1500x1500-1.webp\",\"width\":1500,\"height\":1500},{\"@type\":\"BreadcrumbList\",\"@id\":\"https:\\\/\\\/revolutionpadelstore.com\\\/fr\\\/produit\\\/siux-electra-st3-lite\\\/#breadcrumb\",\"itemListElement\":[{\"@type\":\"ListItem\",\"position\":1,\"name\":\"Portada\",\"item\":\"https:\\\/\\\/revolutionpadelstore.com\\\/fr\\\/\"},{\"@type\":\"ListItem\",\"position\":2,\"name\":\"Boutique\",\"item\":\"https:\\\/\\\/revolutionpadelstore.com\\\/fr\\\/tienda\\\/\"},{\"@type\":\"ListItem\",\"position\":3,\"name\":\"SIUX ELECTRA ST3 LITE\"}]},{\"@type\":\"WebSite\",\"@id\":\"https:\\\/\\\/revolutionpadelstore.com\\\/fr\\\/#website\",\"url\":\"https:\\\/\\\/revolutionpadelstore.com\\\/fr\\\/\",\"name\":\"Revolution Padel Store\",\"description\":\"\",\"publisher\":{\"@id\":\"https:\\\/\\\/revolutionpadelstore.com\\\/fr\\\/#organization\"},\"potentialAction\":[{\"@type\":\"SearchAction\",\"target\":{\"@type\":\"EntryPoint\",\"urlTemplate\":\"https:\\\/\\\/revolutionpadelstore.com\\\/fr\\\/?s={search_term_string}\"},\"query-input\":{\"@type\":\"PropertyValueSpecification\",\"valueRequired\":true,\"valueName\":\"search_term_string\"}}],\"inLanguage\":\"fr-FR\"},{\"@type\":\"Organization\",\"@id\":\"https:\\\/\\\/revolutionpadelstore.com\\\/fr\\\/#organization\",\"name\":\"Revolution Padel Store\",\"url\":\"https:\\\/\\\/revolutionpadelstore.com\\\/fr\\\/\",\"logo\":{\"@type\":\"ImageObject\",\"inLanguage\":\"fr-FR\",\"@id\":\"https:\\\/\\\/revolutionpadelstore.com\\\/fr\\\/#\\\/schema\\\/logo\\\/image\\\/\",\"url\":\"https:\\\/\\\/revolutionpadelstore.com\\\/wp-content\\\/uploads\\\/2026\\\/02\\\/revolution-padel-store.jpg\",\"contentUrl\":\"https:\\\/\\\/revolutionpadelstore.com\\\/wp-content\\\/uploads\\\/2026\\\/02\\\/revolution-padel-store.jpg\",\"width\":2000,\"height\":2000,\"caption\":\"Revolution Padel Store\"},\"image\":{\"@id\":\"https:\\\/\\\/revolutionpadelstore.com\\\/fr\\\/#\\\/schema\\\/logo\\\/image\\\/\"},\"sameAs\":[\"https:\\\/\\\/www.instagram.com\\\/revolutionpadelstore\\\/\"]}]}<\/script>\n<!-- \/ Yoast SEO plugin. -->","yoast_head_json":{"title":"SIUX ELECTRA ST3 LITE - Revolution Padel Store","description":"Pala redonda con balance medio Siux Electra ST3 Lite, dise\u00f1ada para mujeres de nivel avanzado o profesional. Con planos de Carbono 12K Twill y n\u00facleo de goma EVA Hard. Con tecnolog\u00eda ShockOut y Dual Pro Grip.","robots":{"index":"index","follow":"follow","max-snippet":"max-snippet:-1","max-image-preview":"max-image-preview:large","max-video-preview":"max-video-preview:-1"},"canonical":"https:\/\/revolutionpadelstore.com\/fr\/produit\/siux-electra-st3-lite\/","og_locale":"fr_FR","og_type":"article","og_title":"SIUX ELECTRA ST3 LITE - Revolution Padel Store","og_description":"Pala redonda con balance medio Siux Electra ST3 Lite, dise\u00f1ada para mujeres de nivel avanzado o profesional. Con planos de Carbono 12K Twill y n\u00facleo de goma EVA Hard. Con tecnolog\u00eda ShockOut y Dual Pro Grip.","og_url":"https:\/\/revolutionpadelstore.com\/fr\/produit\/siux-electra-st3-lite\/","og_site_name":"Revolution Padel Store","article_modified_time":"2026-04-08T12:50:47+00:00","og_image":[{"width":1500,"height":1500,"url":"https:\/\/revolutionpadelstore.com\/wp-content\/uploads\/2024\/03\/109476-electra-3-lite-grip-regular-1500x1500-1.webp","type":"image\/webp"}],"twitter_card":"summary_large_image","twitter_misc":{"Dur\u00e9e de lecture estim\u00e9e":"2 minutes"},"schema":{"@context":"https:\/\/schema.org","@graph":[{"@type":"WebPage","@id":"https:\/\/revolutionpadelstore.com\/fr\/produit\/siux-electra-st3-lite\/","url":"https:\/\/revolutionpadelstore.com\/fr\/produit\/siux-electra-st3-lite\/","name":"SIUX ELECTRA ST3 LITE - Revolution Padel Store","isPartOf":{"@id":"https:\/\/revolutionpadelstore.com\/fr\/#website"},"primaryImageOfPage":{"@id":"https:\/\/revolutionpadelstore.com\/fr\/produit\/siux-electra-st3-lite\/#primaryimage"},"image":{"@id":"https:\/\/revolutionpadelstore.com\/fr\/produit\/siux-electra-st3-lite\/#primaryimage"},"thumbnailUrl":"https:\/\/revolutionpadelstore.com\/wp-content\/uploads\/2024\/03\/109476-electra-3-lite-grip-regular-1500x1500-1.webp","datePublished":"2024-03-21T14:17:00+00:00","dateModified":"2026-04-08T12:50:47+00:00","description":"Pala redonda con balance medio Siux Electra ST3 Lite, dise\u00f1ada para mujeres de nivel avanzado o profesional. Con planos de Carbono 12K Twill y n\u00facleo de goma EVA Hard. Con tecnolog\u00eda ShockOut y Dual Pro Grip.","breadcrumb":{"@id":"https:\/\/revolutionpadelstore.com\/fr\/produit\/siux-electra-st3-lite\/#breadcrumb"},"inLanguage":"fr-FR","potentialAction":[{"@type":"ReadAction","target":["https:\/\/revolutionpadelstore.com\/fr\/produit\/siux-electra-st3-lite\/"]}]},{"@type":"ImageObject","inLanguage":"fr-FR","@id":"https:\/\/revolutionpadelstore.com\/fr\/produit\/siux-electra-st3-lite\/#primaryimage","url":"https:\/\/revolutionpadelstore.com\/wp-content\/uploads\/2024\/03\/109476-electra-3-lite-grip-regular-1500x1500-1.webp","contentUrl":"https:\/\/revolutionpadelstore.com\/wp-content\/uploads\/2024\/03\/109476-electra-3-lite-grip-regular-1500x1500-1.webp","width":1500,"height":1500},{"@type":"BreadcrumbList","@id":"https:\/\/revolutionpadelstore.com\/fr\/produit\/siux-electra-st3-lite\/#breadcrumb","itemListElement":[{"@type":"ListItem","position":1,"name":"Portada","item":"https:\/\/revolutionpadelstore.com\/fr\/"},{"@type":"ListItem","position":2,"name":"Boutique","item":"https:\/\/revolutionpadelstore.com\/fr\/tienda\/"},{"@type":"ListItem","position":3,"name":"SIUX ELECTRA ST3 LITE"}]},{"@type":"WebSite","@id":"https:\/\/revolutionpadelstore.com\/fr\/#website","url":"https:\/\/revolutionpadelstore.com\/fr\/","name":"Revolution Padel Store","description":"","publisher":{"@id":"https:\/\/revolutionpadelstore.com\/fr\/#organization"},"potentialAction":[{"@type":"SearchAction","target":{"@type":"EntryPoint","urlTemplate":"https:\/\/revolutionpadelstore.com\/fr\/?s={search_term_string}"},"query-input":{"@type":"PropertyValueSpecification","valueRequired":true,"valueName":"search_term_string"}}],"inLanguage":"fr-FR"},{"@type":"Organization","@id":"https:\/\/revolutionpadelstore.com\/fr\/#organization","name":"Revolution Padel Store","url":"https:\/\/revolutionpadelstore.com\/fr\/","logo":{"@type":"ImageObject","inLanguage":"fr-FR","@id":"https:\/\/revolutionpadelstore.com\/fr\/#\/schema\/logo\/image\/","url":"https:\/\/revolutionpadelstore.com\/wp-content\/uploads\/2026\/02\/revolution-padel-store.jpg","contentUrl":"https:\/\/revolutionpadelstore.com\/wp-content\/uploads\/2026\/02\/revolution-padel-store.jpg","width":2000,"height":2000,"caption":"Revolution Padel Store"},"image":{"@id":"https:\/\/revolutionpadelstore.com\/fr\/#\/schema\/logo\/image\/"},"sameAs":["https:\/\/www.instagram.com\/revolutionpadelstore\/"]}]}},"_links":{"self":[{"href":"https:\/\/revolutionpadelstore.com\/fr\/wp-json\/wp\/v2\/product\/20250","targetHints":{"allow":["GET"]}}],"collection":[{"href":"https:\/\/revolutionpadelstore.com\/fr\/wp-json\/wp\/v2\/product"}],"about":[{"href":"https:\/\/revolutionpadelstore.com\/fr\/wp-json\/wp\/v2\/types\/product"}],"replies":[{"embeddable":true,"href":"https:\/\/revolutionpadelstore.com\/fr\/wp-json\/wp\/v2\/comments?post=20250"}],"wp:featuredmedia":[{"embeddable":true,"href":"https:\/\/revolutionpadelstore.com\/fr\/wp-json\/wp\/v2\/media\/266413"}],"wp:attachment":[{"href":"https:\/\/revolutionpadelstore.com\/fr\/wp-json\/wp\/v2\/media?parent=20250"}],"wp:term":[{"taxonomy":"acabado","embeddable":true,"href":"https:\/\/revolutionpadelstore.com\/fr\/wp-json\/wp\/v2\/acabado?post=20250"},{"taxonomy":"balance","embeddable":true,"href":"https:\/\/revolutionpadelstore.com\/fr\/wp-json\/wp\/v2\/balance?post=20250"},{"taxonomy":"dureza","embeddable":true,"href":"https:\/\/revolutionpadelstore.com\/fr\/wp-json\/wp\/v2\/dureza?post=20250"},{"taxonomy":"forma","embeddable":true,"href":"https:\/\/revolutionpadelstore.com\/fr\/wp-json\/wp\/v2\/forma?post=20250"},{"taxonomy":"jugador","embeddable":true,"href":"https:\/\/revolutionpadelstore.com\/fr\/wp-json\/wp\/v2\/jugador?post=20250"},{"taxonomy":"marca","embeddable":true,"href":"https:\/\/revolutionpadelstore.com\/fr\/wp-json\/wp\/v2\/marca?post=20250"},{"taxonomy":"nivel-de-juego","embeddable":true,"href":"https:\/\/revolutionpadelstore.com\/fr\/wp-json\/wp\/v2\/nivel-de-juego?post=20250"},{"taxonomy":"superficie","embeddable":true,"href":"https:\/\/revolutionpadelstore.com\/fr\/wp-json\/wp\/v2\/superficie?post=20250"},{"taxonomy":"tipo-de-juego","embeddable":true,"href":"https:\/\/revolutionpadelstore.com\/fr\/wp-json\/wp\/v2\/tipo-de-juego?post=20250"},{"taxonomy":"product_brand","embeddable":true,"href":"https:\/\/revolutionpadelstore.com\/fr\/wp-json\/wp\/v2\/product_brand?post=20250"},{"taxonomy":"product_cat","embeddable":true,"href":"https:\/\/revolutionpadelstore.com\/fr\/wp-json\/wp\/v2\/product_cat?post=20250"},{"taxonomy":"product_tag","embeddable":true,"href":"https:\/\/revolutionpadelstore.com\/fr\/wp-json\/wp\/v2\/product_tag?post=20250"}],"curies":[{"name":"wp","href":"https:\/\/api.w.org\/{rel}","templated":true}]}}