{"id":20245,"date":"2024-03-21T15:30:57","date_gmt":"2024-03-21T14:30:57","guid":{"rendered":"https:\/\/revolutionpadelstore.com\/wilson-bela-pro-v2\/"},"modified":"2026-04-08T14:50:08","modified_gmt":"2026-04-08T12:50:08","slug":"wilson-bela-pro-v2","status":"publish","type":"product","link":"https:\/\/revolutionpadelstore.com\/fr\/produit\/wilson-bela-pro-v2\/","title":{"rendered":"WILSON BELA PRO V2"},"content":{"rendered":"<h2>Wilson Bela Pro V2, raquette officielle du joueur professionnel Fernando Belastegu\u00edn<\/h2>\n<p><strong>Wilson Bela Pro V2 <\/strong>est la raquette de padel officielle de <strong>Fernando Belastegu\u00edn<\/strong>, un joueur de padel professionnel class\u00e9 num\u00e9ro 5 sur le circuit World Padel Tour&#8230;<\/p>\n<p>Cette raquette padel est id\u00e9ale pour un jeu d&#8217;attaque et de d\u00e9fense polyvalent. Cette raquette a un corps en forme de diamant avec un \u00e9quilibre \u00e9lev\u00e9 pour travailler les coups offensifs. Avec un sweet spot plus large, con\u00e7u \u00e0 la demande de Fernando Belasteguin, pour d\u00e9livrer des frappes puissantes. Il est fabriqu\u00e9 avec un noyau en caoutchouc EVA ferme pour am\u00e9liorer la puissance de frappe. Le profil de la lame est de 38 mm et son poids est d&#8217;environ 370 grammes.<\/p>\n<h2>Palette au toucher ferme pour frapper avec puissance<\/h2>\n<p>Le cadre est fabriqu\u00e9 en carbone de qualit\u00e9 sup\u00e9rieure combin\u00e9 \u00e0 des faces en fibre de carbone 3K. Les faces avec ce carbone ont un toucher l\u00e9g\u00e8rement doux pour compenser le noyau plus dur avec la mousse Firm EVA.<\/p>\n<p>C&#8217;est une raquette r\u00e9sistante et ferme avec laquelle jouer des coups puissants. Le cadre est solide et durable. Les faces plus souples permettent d&#8217;amortir l\u00e9g\u00e8rement les chocs pour mieux contr\u00f4ler la puissance. La fermet\u00e9 du noyau permet de frapper avec \u00e9nergie pour attaquer avec puissance. Frappes nettes et fermes gr\u00e2ce au caoutchouc EVA rigide<\/p>\n<h3>Raquette Wilson avec surface textur\u00e9e pour une meilleure adh\u00e9rence et de meilleurs effets<\/h3>\n<p>Avec la technologie <em>SpinEffect<\/em>, <strong>surface textur\u00e9e rugueuse<\/strong> pour am\u00e9liorer les effets de rotation en saisissant mieux la balle. Et la technologie <em>Sharp Hole<\/em>, une meilleure adh\u00e9rence \u00e0 chaque coup gr\u00e2ce \u00e0 la perforation des matrices<\/p>\n<p>La pagaie poss\u00e8de une sangle amovible et personnalisable. Cette raquette a un design saisissant et in\u00e9gal\u00e9 avec le corps enti\u00e8rement en rouge et le grip en noir. Qu&#8217;attendez-vous pour avoir votre nouvelle pelle Wilson ?<\/p>\n<h2>Wilson Bela Pro V2, pala oficial del jugador profesional Fernando Belastegu\u00edn<\/h2>\n","protected":false},"excerpt":{"rendered":"<p>Wilson Bela Pro V2, profitez d&#8217;une raquette en forme de diamant avec un noyau rigide en caoutchouc EVA. Fabriqu\u00e9 avec du carbone premium et du carbone 3K pour une plus grande r\u00e9sistance.<\/p>\n","protected":false},"featured_media":51896,"comment_status":"open","ping_status":"closed","template":"","meta":{"_acf_changed":false,"_joinchat":[]},"acabado":[1087],"balance":[1142],"dureza":[1157],"forma":[1182],"jugador":[1192,1202],"marca":[1267],"nivel-de-juego":[1337],"superficie":[1362],"tipo-de-juego":[1387],"product_brand":[],"product_cat":[302],"product_tag":[],"class_list":{"0":"post-20245","1":"product","2":"type-product","3":"status-publish","4":"has-post-thumbnail","6":"acabado-mon-pote","7":"balance-moyen","8":"dureza-media-fr","9":"forma-rond","10":"jugador-homme","11":"jugador-polivalente-fr","12":"marca-wilson-fr","13":"superficie-rugosa-fr","14":"tipo-de-juego-polivalente-fr","15":"product_cat-palas-de-padel-fr","17":"first","18":"instock","19":"sale","20":"taxable","21":"shipping-taxable","22":"purchasable","23":"product-type-simple"},"acf":[],"yoast_head":"<!-- This site is optimized with the Yoast SEO plugin v27.4 - https:\/\/yoast.com\/product\/yoast-seo-wordpress\/ -->\n<title>WILSON BELA PRO V2 - Revolution Padel Store<\/title>\n<meta name=\"description\" content=\"Wilson Bela Pro V2, disfruta de una pala de forma diamante con n\u00facleo de goma EVA r\u00edgida. Fabricada con carbono premium y carbono 3K para mayor resistencia.\" \/>\n<meta name=\"robots\" content=\"index, follow, max-snippet:-1, max-image-preview:large, max-video-preview:-1\" \/>\n<link rel=\"canonical\" href=\"https:\/\/revolutionpadelstore.com\/fr\/produit\/wilson-bela-pro-v2\/\" \/>\n<meta property=\"og:locale\" content=\"fr_FR\" \/>\n<meta property=\"og:type\" content=\"article\" \/>\n<meta property=\"og:title\" content=\"WILSON BELA PRO V2 - Revolution Padel Store\" \/>\n<meta property=\"og:description\" content=\"Wilson Bela Pro V2, disfruta de una pala de forma diamante con n\u00facleo de goma EVA r\u00edgida. Fabricada con carbono premium y carbono 3K para mayor resistencia.\" \/>\n<meta property=\"og:url\" content=\"https:\/\/revolutionpadelstore.com\/fr\/produit\/wilson-bela-pro-v2\/\" \/>\n<meta property=\"og:site_name\" content=\"Revolution Padel Store\" \/>\n<meta property=\"article:modified_time\" content=\"2026-04-08T12:50:08+00:00\" \/>\n<meta property=\"og:image\" content=\"https:\/\/revolutionpadelstore.com\/wp-content\/uploads\/2024\/03\/WILSON_BELA_PRO_V2_WR133711F21000_1000_adcc.webp\" \/>\n\t<meta property=\"og:image:width\" content=\"1000\" \/>\n\t<meta property=\"og:image:height\" content=\"1000\" \/>\n\t<meta property=\"og:image:type\" content=\"image\/webp\" \/>\n<meta name=\"twitter:card\" content=\"summary_large_image\" \/>\n<meta name=\"twitter:label1\" content=\"Dur\u00e9e de lecture estim\u00e9e\" \/>\n\t<meta name=\"twitter:data1\" content=\"2 minutes\" \/>\n<script type=\"application\/ld+json\" class=\"yoast-schema-graph\">{\"@context\":\"https:\\\/\\\/schema.org\",\"@graph\":[{\"@type\":\"WebPage\",\"@id\":\"https:\\\/\\\/revolutionpadelstore.com\\\/fr\\\/produit\\\/wilson-bela-pro-v2\\\/\",\"url\":\"https:\\\/\\\/revolutionpadelstore.com\\\/fr\\\/produit\\\/wilson-bela-pro-v2\\\/\",\"name\":\"WILSON BELA PRO V2 - Revolution Padel Store\",\"isPartOf\":{\"@id\":\"https:\\\/\\\/revolutionpadelstore.com\\\/fr\\\/#website\"},\"primaryImageOfPage\":{\"@id\":\"https:\\\/\\\/revolutionpadelstore.com\\\/fr\\\/produit\\\/wilson-bela-pro-v2\\\/#primaryimage\"},\"image\":{\"@id\":\"https:\\\/\\\/revolutionpadelstore.com\\\/fr\\\/produit\\\/wilson-bela-pro-v2\\\/#primaryimage\"},\"thumbnailUrl\":\"https:\\\/\\\/revolutionpadelstore.com\\\/wp-content\\\/uploads\\\/2024\\\/03\\\/WILSON_BELA_PRO_V2_WR133711F21000_1000_adcc.webp\",\"datePublished\":\"2024-03-21T14:30:57+00:00\",\"dateModified\":\"2026-04-08T12:50:08+00:00\",\"description\":\"Wilson Bela Pro V2, disfruta de una pala de forma diamante con n\u00facleo de goma EVA r\u00edgida. Fabricada con carbono premium y carbono 3K para mayor resistencia.\",\"breadcrumb\":{\"@id\":\"https:\\\/\\\/revolutionpadelstore.com\\\/fr\\\/produit\\\/wilson-bela-pro-v2\\\/#breadcrumb\"},\"inLanguage\":\"fr-FR\",\"potentialAction\":[{\"@type\":\"ReadAction\",\"target\":[\"https:\\\/\\\/revolutionpadelstore.com\\\/fr\\\/produit\\\/wilson-bela-pro-v2\\\/\"]}]},{\"@type\":\"ImageObject\",\"inLanguage\":\"fr-FR\",\"@id\":\"https:\\\/\\\/revolutionpadelstore.com\\\/fr\\\/produit\\\/wilson-bela-pro-v2\\\/#primaryimage\",\"url\":\"https:\\\/\\\/revolutionpadelstore.com\\\/wp-content\\\/uploads\\\/2024\\\/03\\\/WILSON_BELA_PRO_V2_WR133711F21000_1000_adcc.webp\",\"contentUrl\":\"https:\\\/\\\/revolutionpadelstore.com\\\/wp-content\\\/uploads\\\/2024\\\/03\\\/WILSON_BELA_PRO_V2_WR133711F21000_1000_adcc.webp\",\"width\":1000,\"height\":1000},{\"@type\":\"BreadcrumbList\",\"@id\":\"https:\\\/\\\/revolutionpadelstore.com\\\/fr\\\/produit\\\/wilson-bela-pro-v2\\\/#breadcrumb\",\"itemListElement\":[{\"@type\":\"ListItem\",\"position\":1,\"name\":\"Portada\",\"item\":\"https:\\\/\\\/revolutionpadelstore.com\\\/fr\\\/\"},{\"@type\":\"ListItem\",\"position\":2,\"name\":\"Boutique\",\"item\":\"https:\\\/\\\/revolutionpadelstore.com\\\/fr\\\/tienda\\\/\"},{\"@type\":\"ListItem\",\"position\":3,\"name\":\"WILSON BELA PRO V2\"}]},{\"@type\":\"WebSite\",\"@id\":\"https:\\\/\\\/revolutionpadelstore.com\\\/fr\\\/#website\",\"url\":\"https:\\\/\\\/revolutionpadelstore.com\\\/fr\\\/\",\"name\":\"Revolution Padel Store\",\"description\":\"\",\"publisher\":{\"@id\":\"https:\\\/\\\/revolutionpadelstore.com\\\/fr\\\/#organization\"},\"potentialAction\":[{\"@type\":\"SearchAction\",\"target\":{\"@type\":\"EntryPoint\",\"urlTemplate\":\"https:\\\/\\\/revolutionpadelstore.com\\\/fr\\\/?s={search_term_string}\"},\"query-input\":{\"@type\":\"PropertyValueSpecification\",\"valueRequired\":true,\"valueName\":\"search_term_string\"}}],\"inLanguage\":\"fr-FR\"},{\"@type\":\"Organization\",\"@id\":\"https:\\\/\\\/revolutionpadelstore.com\\\/fr\\\/#organization\",\"name\":\"Revolution Padel Store\",\"url\":\"https:\\\/\\\/revolutionpadelstore.com\\\/fr\\\/\",\"logo\":{\"@type\":\"ImageObject\",\"inLanguage\":\"fr-FR\",\"@id\":\"https:\\\/\\\/revolutionpadelstore.com\\\/fr\\\/#\\\/schema\\\/logo\\\/image\\\/\",\"url\":\"https:\\\/\\\/revolutionpadelstore.com\\\/wp-content\\\/uploads\\\/2026\\\/02\\\/revolution-padel-store.jpg\",\"contentUrl\":\"https:\\\/\\\/revolutionpadelstore.com\\\/wp-content\\\/uploads\\\/2026\\\/02\\\/revolution-padel-store.jpg\",\"width\":2000,\"height\":2000,\"caption\":\"Revolution Padel Store\"},\"image\":{\"@id\":\"https:\\\/\\\/revolutionpadelstore.com\\\/fr\\\/#\\\/schema\\\/logo\\\/image\\\/\"},\"sameAs\":[\"https:\\\/\\\/www.instagram.com\\\/revolutionpadelstore\\\/\"]}]}<\/script>\n<!-- \/ Yoast SEO plugin. -->","yoast_head_json":{"title":"WILSON BELA PRO V2 - Revolution Padel Store","description":"Wilson Bela Pro V2, disfruta de una pala de forma diamante con n\u00facleo de goma EVA r\u00edgida. Fabricada con carbono premium y carbono 3K para mayor resistencia.","robots":{"index":"index","follow":"follow","max-snippet":"max-snippet:-1","max-image-preview":"max-image-preview:large","max-video-preview":"max-video-preview:-1"},"canonical":"https:\/\/revolutionpadelstore.com\/fr\/produit\/wilson-bela-pro-v2\/","og_locale":"fr_FR","og_type":"article","og_title":"WILSON BELA PRO V2 - Revolution Padel Store","og_description":"Wilson Bela Pro V2, disfruta de una pala de forma diamante con n\u00facleo de goma EVA r\u00edgida. Fabricada con carbono premium y carbono 3K para mayor resistencia.","og_url":"https:\/\/revolutionpadelstore.com\/fr\/produit\/wilson-bela-pro-v2\/","og_site_name":"Revolution Padel Store","article_modified_time":"2026-04-08T12:50:08+00:00","og_image":[{"width":1000,"height":1000,"url":"https:\/\/revolutionpadelstore.com\/wp-content\/uploads\/2024\/03\/WILSON_BELA_PRO_V2_WR133711F21000_1000_adcc.webp","type":"image\/webp"}],"twitter_card":"summary_large_image","twitter_misc":{"Dur\u00e9e de lecture estim\u00e9e":"2 minutes"},"schema":{"@context":"https:\/\/schema.org","@graph":[{"@type":"WebPage","@id":"https:\/\/revolutionpadelstore.com\/fr\/produit\/wilson-bela-pro-v2\/","url":"https:\/\/revolutionpadelstore.com\/fr\/produit\/wilson-bela-pro-v2\/","name":"WILSON BELA PRO V2 - Revolution Padel Store","isPartOf":{"@id":"https:\/\/revolutionpadelstore.com\/fr\/#website"},"primaryImageOfPage":{"@id":"https:\/\/revolutionpadelstore.com\/fr\/produit\/wilson-bela-pro-v2\/#primaryimage"},"image":{"@id":"https:\/\/revolutionpadelstore.com\/fr\/produit\/wilson-bela-pro-v2\/#primaryimage"},"thumbnailUrl":"https:\/\/revolutionpadelstore.com\/wp-content\/uploads\/2024\/03\/WILSON_BELA_PRO_V2_WR133711F21000_1000_adcc.webp","datePublished":"2024-03-21T14:30:57+00:00","dateModified":"2026-04-08T12:50:08+00:00","description":"Wilson Bela Pro V2, disfruta de una pala de forma diamante con n\u00facleo de goma EVA r\u00edgida. Fabricada con carbono premium y carbono 3K para mayor resistencia.","breadcrumb":{"@id":"https:\/\/revolutionpadelstore.com\/fr\/produit\/wilson-bela-pro-v2\/#breadcrumb"},"inLanguage":"fr-FR","potentialAction":[{"@type":"ReadAction","target":["https:\/\/revolutionpadelstore.com\/fr\/produit\/wilson-bela-pro-v2\/"]}]},{"@type":"ImageObject","inLanguage":"fr-FR","@id":"https:\/\/revolutionpadelstore.com\/fr\/produit\/wilson-bela-pro-v2\/#primaryimage","url":"https:\/\/revolutionpadelstore.com\/wp-content\/uploads\/2024\/03\/WILSON_BELA_PRO_V2_WR133711F21000_1000_adcc.webp","contentUrl":"https:\/\/revolutionpadelstore.com\/wp-content\/uploads\/2024\/03\/WILSON_BELA_PRO_V2_WR133711F21000_1000_adcc.webp","width":1000,"height":1000},{"@type":"BreadcrumbList","@id":"https:\/\/revolutionpadelstore.com\/fr\/produit\/wilson-bela-pro-v2\/#breadcrumb","itemListElement":[{"@type":"ListItem","position":1,"name":"Portada","item":"https:\/\/revolutionpadelstore.com\/fr\/"},{"@type":"ListItem","position":2,"name":"Boutique","item":"https:\/\/revolutionpadelstore.com\/fr\/tienda\/"},{"@type":"ListItem","position":3,"name":"WILSON BELA PRO V2"}]},{"@type":"WebSite","@id":"https:\/\/revolutionpadelstore.com\/fr\/#website","url":"https:\/\/revolutionpadelstore.com\/fr\/","name":"Revolution Padel Store","description":"","publisher":{"@id":"https:\/\/revolutionpadelstore.com\/fr\/#organization"},"potentialAction":[{"@type":"SearchAction","target":{"@type":"EntryPoint","urlTemplate":"https:\/\/revolutionpadelstore.com\/fr\/?s={search_term_string}"},"query-input":{"@type":"PropertyValueSpecification","valueRequired":true,"valueName":"search_term_string"}}],"inLanguage":"fr-FR"},{"@type":"Organization","@id":"https:\/\/revolutionpadelstore.com\/fr\/#organization","name":"Revolution Padel Store","url":"https:\/\/revolutionpadelstore.com\/fr\/","logo":{"@type":"ImageObject","inLanguage":"fr-FR","@id":"https:\/\/revolutionpadelstore.com\/fr\/#\/schema\/logo\/image\/","url":"https:\/\/revolutionpadelstore.com\/wp-content\/uploads\/2026\/02\/revolution-padel-store.jpg","contentUrl":"https:\/\/revolutionpadelstore.com\/wp-content\/uploads\/2026\/02\/revolution-padel-store.jpg","width":2000,"height":2000,"caption":"Revolution Padel Store"},"image":{"@id":"https:\/\/revolutionpadelstore.com\/fr\/#\/schema\/logo\/image\/"},"sameAs":["https:\/\/www.instagram.com\/revolutionpadelstore\/"]}]}},"_links":{"self":[{"href":"https:\/\/revolutionpadelstore.com\/fr\/wp-json\/wp\/v2\/product\/20245","targetHints":{"allow":["GET"]}}],"collection":[{"href":"https:\/\/revolutionpadelstore.com\/fr\/wp-json\/wp\/v2\/product"}],"about":[{"href":"https:\/\/revolutionpadelstore.com\/fr\/wp-json\/wp\/v2\/types\/product"}],"replies":[{"embeddable":true,"href":"https:\/\/revolutionpadelstore.com\/fr\/wp-json\/wp\/v2\/comments?post=20245"}],"wp:featuredmedia":[{"embeddable":true,"href":"https:\/\/revolutionpadelstore.com\/fr\/wp-json\/wp\/v2\/media\/51896"}],"wp:attachment":[{"href":"https:\/\/revolutionpadelstore.com\/fr\/wp-json\/wp\/v2\/media?parent=20245"}],"wp:term":[{"taxonomy":"acabado","embeddable":true,"href":"https:\/\/revolutionpadelstore.com\/fr\/wp-json\/wp\/v2\/acabado?post=20245"},{"taxonomy":"balance","embeddable":true,"href":"https:\/\/revolutionpadelstore.com\/fr\/wp-json\/wp\/v2\/balance?post=20245"},{"taxonomy":"dureza","embeddable":true,"href":"https:\/\/revolutionpadelstore.com\/fr\/wp-json\/wp\/v2\/dureza?post=20245"},{"taxonomy":"forma","embeddable":true,"href":"https:\/\/revolutionpadelstore.com\/fr\/wp-json\/wp\/v2\/forma?post=20245"},{"taxonomy":"jugador","embeddable":true,"href":"https:\/\/revolutionpadelstore.com\/fr\/wp-json\/wp\/v2\/jugador?post=20245"},{"taxonomy":"marca","embeddable":true,"href":"https:\/\/revolutionpadelstore.com\/fr\/wp-json\/wp\/v2\/marca?post=20245"},{"taxonomy":"nivel-de-juego","embeddable":true,"href":"https:\/\/revolutionpadelstore.com\/fr\/wp-json\/wp\/v2\/nivel-de-juego?post=20245"},{"taxonomy":"superficie","embeddable":true,"href":"https:\/\/revolutionpadelstore.com\/fr\/wp-json\/wp\/v2\/superficie?post=20245"},{"taxonomy":"tipo-de-juego","embeddable":true,"href":"https:\/\/revolutionpadelstore.com\/fr\/wp-json\/wp\/v2\/tipo-de-juego?post=20245"},{"taxonomy":"product_brand","embeddable":true,"href":"https:\/\/revolutionpadelstore.com\/fr\/wp-json\/wp\/v2\/product_brand?post=20245"},{"taxonomy":"product_cat","embeddable":true,"href":"https:\/\/revolutionpadelstore.com\/fr\/wp-json\/wp\/v2\/product_cat?post=20245"},{"taxonomy":"product_tag","embeddable":true,"href":"https:\/\/revolutionpadelstore.com\/fr\/wp-json\/wp\/v2\/product_tag?post=20245"}],"curies":[{"name":"wp","href":"https:\/\/api.w.org\/{rel}","templated":true}]}}