{"id":20230,"date":"2024-03-21T15:41:43","date_gmt":"2024-03-21T14:41:43","guid":{"rendered":"https:\/\/revolutionpadelstore.com\/wilson-blade-pro-padel-v2-2-negro-verde\/"},"modified":"2026-04-08T14:48:51","modified_gmt":"2026-04-08T12:48:51","slug":"wilson-blade-pro-padel-v2-2-negro-verde-3","status":"publish","type":"product","link":"https:\/\/revolutionpadelstore.com\/fr\/produit\/wilson-blade-pro-padel-v2-2-negro-verde-3\/","title":{"rendered":"WILSON BLADE PRO PADEL V2 2 NEGRO VERDE"},"content":{"rendered":"<h2>Pourquoi choisir la raquette Wilson Blade Pro Padel V2 2 ?<\/h2>\n<p>La raquette de padel Wilson Blade Pro Padel V2 2 offre de grandes sensations de force et de contr\u00f4le sur le court. Pour y parvenir, il a \u00e9t\u00e9 con\u00e7u en forme de larme et poss\u00e8de un \u00e9quilibre moyen-\u00e9lev\u00e9 pour aider le joueur \u00e0 dominer n&#8217;importe quelle zone du terrain. \u00c0 l&#8217;int\u00e9rieur, il int\u00e8gre du caoutchouc EVA souple, qui donne une frappe plus douce et une meilleure sensation.<\/p>\n<h2>\u00c0 quel type de joueur est destin\u00e9e la raquette Wilson Blade Pro Padel V2 2 ?<\/h2>\n<p>C&#8217;est une raquette qui s&#8217;adapte parfaitement aux besoins des <strong>joueurs de niveau avanc\u00e9 ou professionnel<\/strong> qui recherchent une meilleure d\u00e9fense et attaque lors de leurs entra\u00eenements ou comp\u00e9titions.<\/p>\n<h2>Design et couleurs<\/h2>\n<p>C\u2019est un mod\u00e8le milieu de gamme qui attire beaucoup l\u2019attention au premier coup d\u2019\u0153il. Il pr\u00e9sente un dessin noir sur la majeure partie de sa surface, avec un logo central dans un ton vert.<\/p>\n<h2>\u00bfPor qu\u00e9 elegir la pala Wilson Blade Pro Padel V2 2?<\/h2>\n","protected":false},"excerpt":{"rendered":"<p>La<strong>raquette de padel Wilson Blade Pro Padel V2 2 en noir et vert est id\u00e9ale pour les joueurs les plus exigeants qui ont besoin d&#8217;un \u00e9quilibre entre force et contr\u00f4le.<\/p>\n","protected":false},"featured_media":51828,"comment_status":"open","ping_status":"closed","template":"","meta":{"_acf_changed":false,"_joinchat":[]},"acabado":[1092],"balance":[1137,1142],"dureza":[1157],"forma":[1187],"jugador":[1192,1202],"marca":[1267],"nivel-de-juego":[1337],"superficie":[1362],"tipo-de-juego":[1387],"product_brand":[],"product_cat":[302],"product_tag":[],"class_list":{"0":"post-20230","1":"product","2":"type-product","3":"status-publish","4":"has-post-thumbnail","6":"acabado-soulager-la-3d","7":"balance-eleve","8":"balance-moyen","9":"dureza-media-fr","10":"forma-lagrima-fr","11":"jugador-homme","12":"jugador-polivalente-fr","13":"marca-wilson-fr","14":"superficie-rugosa-fr","15":"tipo-de-juego-polivalente-fr","16":"product_cat-palas-de-padel-fr","18":"first","19":"outofstock","20":"sale","21":"taxable","22":"shipping-taxable","23":"purchasable","24":"product-type-simple"},"acf":[],"yoast_head":"<!-- This site is optimized with the Yoast SEO plugin v27.4 - https:\/\/yoast.com\/product\/yoast-seo-wordpress\/ -->\n<title>WILSON BLADE PRO PADEL V2 2 NEGRO VERDE - Revolution Padel Store<\/title>\n<meta name=\"description\" content=\"La pala de p\u00e1del Wilson Blade Pro Padel V2 2 en negro con verde es ideal para los jugadores m\u00e1s exigentes que requieren de un equilibrio entre fuerza y control.\" \/>\n<meta name=\"robots\" content=\"index, follow, max-snippet:-1, max-image-preview:large, max-video-preview:-1\" \/>\n<link rel=\"canonical\" href=\"https:\/\/revolutionpadelstore.com\/fr\/produit\/wilson-blade-pro-padel-v2-2-negro-verde-3\/\" \/>\n<meta property=\"og:locale\" content=\"fr_FR\" \/>\n<meta property=\"og:type\" content=\"article\" \/>\n<meta property=\"og:title\" content=\"WILSON BLADE PRO PADEL V2 2 NEGRO VERDE - Revolution Padel Store\" \/>\n<meta property=\"og:description\" content=\"La pala de p\u00e1del Wilson Blade Pro Padel V2 2 en negro con verde es ideal para los jugadores m\u00e1s exigentes que requieren de un equilibrio entre fuerza y control.\" \/>\n<meta property=\"og:url\" content=\"https:\/\/revolutionpadelstore.com\/fr\/produit\/wilson-blade-pro-padel-v2-2-negro-verde-3\/\" \/>\n<meta property=\"og:site_name\" content=\"Revolution Padel Store\" \/>\n<meta property=\"article:modified_time\" content=\"2026-04-08T12:48:51+00:00\" \/>\n<meta property=\"og:image\" content=\"https:\/\/revolutionpadelstore.com\/wp-content\/uploads\/2024\/03\/1WILSON_B_PRO_PADEL_V2_2_WR067211U_VISTA1_1200_1200_8b7b.webp\" \/>\n\t<meta property=\"og:image:width\" content=\"1200\" \/>\n\t<meta property=\"og:image:height\" content=\"1200\" \/>\n\t<meta property=\"og:image:type\" content=\"image\/webp\" \/>\n<meta name=\"twitter:card\" content=\"summary_large_image\" \/>\n<meta name=\"twitter:label1\" content=\"Dur\u00e9e de lecture estim\u00e9e\" \/>\n\t<meta name=\"twitter:data1\" content=\"1 minute\" \/>\n<script type=\"application\/ld+json\" class=\"yoast-schema-graph\">{\"@context\":\"https:\\\/\\\/schema.org\",\"@graph\":[{\"@type\":\"WebPage\",\"@id\":\"https:\\\/\\\/revolutionpadelstore.com\\\/fr\\\/produit\\\/wilson-blade-pro-padel-v2-2-negro-verde-3\\\/\",\"url\":\"https:\\\/\\\/revolutionpadelstore.com\\\/fr\\\/produit\\\/wilson-blade-pro-padel-v2-2-negro-verde-3\\\/\",\"name\":\"WILSON BLADE PRO PADEL V2 2 NEGRO VERDE - Revolution Padel Store\",\"isPartOf\":{\"@id\":\"https:\\\/\\\/revolutionpadelstore.com\\\/fr\\\/#website\"},\"primaryImageOfPage\":{\"@id\":\"https:\\\/\\\/revolutionpadelstore.com\\\/fr\\\/produit\\\/wilson-blade-pro-padel-v2-2-negro-verde-3\\\/#primaryimage\"},\"image\":{\"@id\":\"https:\\\/\\\/revolutionpadelstore.com\\\/fr\\\/produit\\\/wilson-blade-pro-padel-v2-2-negro-verde-3\\\/#primaryimage\"},\"thumbnailUrl\":\"https:\\\/\\\/revolutionpadelstore.com\\\/wp-content\\\/uploads\\\/2024\\\/03\\\/1WILSON_B_PRO_PADEL_V2_2_WR067211U_VISTA1_1200_1200_8b7b.webp\",\"datePublished\":\"2024-03-21T14:41:43+00:00\",\"dateModified\":\"2026-04-08T12:48:51+00:00\",\"description\":\"La pala de p\u00e1del Wilson Blade Pro Padel V2 2 en negro con verde es ideal para los jugadores m\u00e1s exigentes que requieren de un equilibrio entre fuerza y control.\",\"breadcrumb\":{\"@id\":\"https:\\\/\\\/revolutionpadelstore.com\\\/fr\\\/produit\\\/wilson-blade-pro-padel-v2-2-negro-verde-3\\\/#breadcrumb\"},\"inLanguage\":\"fr-FR\",\"potentialAction\":[{\"@type\":\"ReadAction\",\"target\":[\"https:\\\/\\\/revolutionpadelstore.com\\\/fr\\\/produit\\\/wilson-blade-pro-padel-v2-2-negro-verde-3\\\/\"]}]},{\"@type\":\"ImageObject\",\"inLanguage\":\"fr-FR\",\"@id\":\"https:\\\/\\\/revolutionpadelstore.com\\\/fr\\\/produit\\\/wilson-blade-pro-padel-v2-2-negro-verde-3\\\/#primaryimage\",\"url\":\"https:\\\/\\\/revolutionpadelstore.com\\\/wp-content\\\/uploads\\\/2024\\\/03\\\/1WILSON_B_PRO_PADEL_V2_2_WR067211U_VISTA1_1200_1200_8b7b.webp\",\"contentUrl\":\"https:\\\/\\\/revolutionpadelstore.com\\\/wp-content\\\/uploads\\\/2024\\\/03\\\/1WILSON_B_PRO_PADEL_V2_2_WR067211U_VISTA1_1200_1200_8b7b.webp\",\"width\":1200,\"height\":1200},{\"@type\":\"BreadcrumbList\",\"@id\":\"https:\\\/\\\/revolutionpadelstore.com\\\/fr\\\/produit\\\/wilson-blade-pro-padel-v2-2-negro-verde-3\\\/#breadcrumb\",\"itemListElement\":[{\"@type\":\"ListItem\",\"position\":1,\"name\":\"Portada\",\"item\":\"https:\\\/\\\/revolutionpadelstore.com\\\/fr\\\/\"},{\"@type\":\"ListItem\",\"position\":2,\"name\":\"Boutique\",\"item\":\"https:\\\/\\\/revolutionpadelstore.com\\\/fr\\\/tienda\\\/\"},{\"@type\":\"ListItem\",\"position\":3,\"name\":\"WILSON BLADE PRO PADEL V2 2 NEGRO VERDE\"}]},{\"@type\":\"WebSite\",\"@id\":\"https:\\\/\\\/revolutionpadelstore.com\\\/fr\\\/#website\",\"url\":\"https:\\\/\\\/revolutionpadelstore.com\\\/fr\\\/\",\"name\":\"Revolution Padel Store\",\"description\":\"\",\"publisher\":{\"@id\":\"https:\\\/\\\/revolutionpadelstore.com\\\/fr\\\/#organization\"},\"potentialAction\":[{\"@type\":\"SearchAction\",\"target\":{\"@type\":\"EntryPoint\",\"urlTemplate\":\"https:\\\/\\\/revolutionpadelstore.com\\\/fr\\\/?s={search_term_string}\"},\"query-input\":{\"@type\":\"PropertyValueSpecification\",\"valueRequired\":true,\"valueName\":\"search_term_string\"}}],\"inLanguage\":\"fr-FR\"},{\"@type\":\"Organization\",\"@id\":\"https:\\\/\\\/revolutionpadelstore.com\\\/fr\\\/#organization\",\"name\":\"Revolution Padel Store\",\"url\":\"https:\\\/\\\/revolutionpadelstore.com\\\/fr\\\/\",\"logo\":{\"@type\":\"ImageObject\",\"inLanguage\":\"fr-FR\",\"@id\":\"https:\\\/\\\/revolutionpadelstore.com\\\/fr\\\/#\\\/schema\\\/logo\\\/image\\\/\",\"url\":\"https:\\\/\\\/revolutionpadelstore.com\\\/wp-content\\\/uploads\\\/2026\\\/02\\\/revolution-padel-store.jpg\",\"contentUrl\":\"https:\\\/\\\/revolutionpadelstore.com\\\/wp-content\\\/uploads\\\/2026\\\/02\\\/revolution-padel-store.jpg\",\"width\":2000,\"height\":2000,\"caption\":\"Revolution Padel Store\"},\"image\":{\"@id\":\"https:\\\/\\\/revolutionpadelstore.com\\\/fr\\\/#\\\/schema\\\/logo\\\/image\\\/\"},\"sameAs\":[\"https:\\\/\\\/www.instagram.com\\\/revolutionpadelstore\\\/\"]}]}<\/script>\n<!-- \/ Yoast SEO plugin. -->","yoast_head_json":{"title":"WILSON BLADE PRO PADEL V2 2 NEGRO VERDE - Revolution Padel Store","description":"La pala de p\u00e1del Wilson Blade Pro Padel V2 2 en negro con verde es ideal para los jugadores m\u00e1s exigentes que requieren de un equilibrio entre fuerza y control.","robots":{"index":"index","follow":"follow","max-snippet":"max-snippet:-1","max-image-preview":"max-image-preview:large","max-video-preview":"max-video-preview:-1"},"canonical":"https:\/\/revolutionpadelstore.com\/fr\/produit\/wilson-blade-pro-padel-v2-2-negro-verde-3\/","og_locale":"fr_FR","og_type":"article","og_title":"WILSON BLADE PRO PADEL V2 2 NEGRO VERDE - Revolution Padel Store","og_description":"La pala de p\u00e1del Wilson Blade Pro Padel V2 2 en negro con verde es ideal para los jugadores m\u00e1s exigentes que requieren de un equilibrio entre fuerza y control.","og_url":"https:\/\/revolutionpadelstore.com\/fr\/produit\/wilson-blade-pro-padel-v2-2-negro-verde-3\/","og_site_name":"Revolution Padel Store","article_modified_time":"2026-04-08T12:48:51+00:00","og_image":[{"width":1200,"height":1200,"url":"https:\/\/revolutionpadelstore.com\/wp-content\/uploads\/2024\/03\/1WILSON_B_PRO_PADEL_V2_2_WR067211U_VISTA1_1200_1200_8b7b.webp","type":"image\/webp"}],"twitter_card":"summary_large_image","twitter_misc":{"Dur\u00e9e de lecture estim\u00e9e":"1 minute"},"schema":{"@context":"https:\/\/schema.org","@graph":[{"@type":"WebPage","@id":"https:\/\/revolutionpadelstore.com\/fr\/produit\/wilson-blade-pro-padel-v2-2-negro-verde-3\/","url":"https:\/\/revolutionpadelstore.com\/fr\/produit\/wilson-blade-pro-padel-v2-2-negro-verde-3\/","name":"WILSON BLADE PRO PADEL V2 2 NEGRO VERDE - Revolution Padel Store","isPartOf":{"@id":"https:\/\/revolutionpadelstore.com\/fr\/#website"},"primaryImageOfPage":{"@id":"https:\/\/revolutionpadelstore.com\/fr\/produit\/wilson-blade-pro-padel-v2-2-negro-verde-3\/#primaryimage"},"image":{"@id":"https:\/\/revolutionpadelstore.com\/fr\/produit\/wilson-blade-pro-padel-v2-2-negro-verde-3\/#primaryimage"},"thumbnailUrl":"https:\/\/revolutionpadelstore.com\/wp-content\/uploads\/2024\/03\/1WILSON_B_PRO_PADEL_V2_2_WR067211U_VISTA1_1200_1200_8b7b.webp","datePublished":"2024-03-21T14:41:43+00:00","dateModified":"2026-04-08T12:48:51+00:00","description":"La pala de p\u00e1del Wilson Blade Pro Padel V2 2 en negro con verde es ideal para los jugadores m\u00e1s exigentes que requieren de un equilibrio entre fuerza y control.","breadcrumb":{"@id":"https:\/\/revolutionpadelstore.com\/fr\/produit\/wilson-blade-pro-padel-v2-2-negro-verde-3\/#breadcrumb"},"inLanguage":"fr-FR","potentialAction":[{"@type":"ReadAction","target":["https:\/\/revolutionpadelstore.com\/fr\/produit\/wilson-blade-pro-padel-v2-2-negro-verde-3\/"]}]},{"@type":"ImageObject","inLanguage":"fr-FR","@id":"https:\/\/revolutionpadelstore.com\/fr\/produit\/wilson-blade-pro-padel-v2-2-negro-verde-3\/#primaryimage","url":"https:\/\/revolutionpadelstore.com\/wp-content\/uploads\/2024\/03\/1WILSON_B_PRO_PADEL_V2_2_WR067211U_VISTA1_1200_1200_8b7b.webp","contentUrl":"https:\/\/revolutionpadelstore.com\/wp-content\/uploads\/2024\/03\/1WILSON_B_PRO_PADEL_V2_2_WR067211U_VISTA1_1200_1200_8b7b.webp","width":1200,"height":1200},{"@type":"BreadcrumbList","@id":"https:\/\/revolutionpadelstore.com\/fr\/produit\/wilson-blade-pro-padel-v2-2-negro-verde-3\/#breadcrumb","itemListElement":[{"@type":"ListItem","position":1,"name":"Portada","item":"https:\/\/revolutionpadelstore.com\/fr\/"},{"@type":"ListItem","position":2,"name":"Boutique","item":"https:\/\/revolutionpadelstore.com\/fr\/tienda\/"},{"@type":"ListItem","position":3,"name":"WILSON BLADE PRO PADEL V2 2 NEGRO VERDE"}]},{"@type":"WebSite","@id":"https:\/\/revolutionpadelstore.com\/fr\/#website","url":"https:\/\/revolutionpadelstore.com\/fr\/","name":"Revolution Padel Store","description":"","publisher":{"@id":"https:\/\/revolutionpadelstore.com\/fr\/#organization"},"potentialAction":[{"@type":"SearchAction","target":{"@type":"EntryPoint","urlTemplate":"https:\/\/revolutionpadelstore.com\/fr\/?s={search_term_string}"},"query-input":{"@type":"PropertyValueSpecification","valueRequired":true,"valueName":"search_term_string"}}],"inLanguage":"fr-FR"},{"@type":"Organization","@id":"https:\/\/revolutionpadelstore.com\/fr\/#organization","name":"Revolution Padel Store","url":"https:\/\/revolutionpadelstore.com\/fr\/","logo":{"@type":"ImageObject","inLanguage":"fr-FR","@id":"https:\/\/revolutionpadelstore.com\/fr\/#\/schema\/logo\/image\/","url":"https:\/\/revolutionpadelstore.com\/wp-content\/uploads\/2026\/02\/revolution-padel-store.jpg","contentUrl":"https:\/\/revolutionpadelstore.com\/wp-content\/uploads\/2026\/02\/revolution-padel-store.jpg","width":2000,"height":2000,"caption":"Revolution Padel Store"},"image":{"@id":"https:\/\/revolutionpadelstore.com\/fr\/#\/schema\/logo\/image\/"},"sameAs":["https:\/\/www.instagram.com\/revolutionpadelstore\/"]}]}},"_links":{"self":[{"href":"https:\/\/revolutionpadelstore.com\/fr\/wp-json\/wp\/v2\/product\/20230","targetHints":{"allow":["GET"]}}],"collection":[{"href":"https:\/\/revolutionpadelstore.com\/fr\/wp-json\/wp\/v2\/product"}],"about":[{"href":"https:\/\/revolutionpadelstore.com\/fr\/wp-json\/wp\/v2\/types\/product"}],"replies":[{"embeddable":true,"href":"https:\/\/revolutionpadelstore.com\/fr\/wp-json\/wp\/v2\/comments?post=20230"}],"wp:featuredmedia":[{"embeddable":true,"href":"https:\/\/revolutionpadelstore.com\/fr\/wp-json\/wp\/v2\/media\/51828"}],"wp:attachment":[{"href":"https:\/\/revolutionpadelstore.com\/fr\/wp-json\/wp\/v2\/media?parent=20230"}],"wp:term":[{"taxonomy":"acabado","embeddable":true,"href":"https:\/\/revolutionpadelstore.com\/fr\/wp-json\/wp\/v2\/acabado?post=20230"},{"taxonomy":"balance","embeddable":true,"href":"https:\/\/revolutionpadelstore.com\/fr\/wp-json\/wp\/v2\/balance?post=20230"},{"taxonomy":"dureza","embeddable":true,"href":"https:\/\/revolutionpadelstore.com\/fr\/wp-json\/wp\/v2\/dureza?post=20230"},{"taxonomy":"forma","embeddable":true,"href":"https:\/\/revolutionpadelstore.com\/fr\/wp-json\/wp\/v2\/forma?post=20230"},{"taxonomy":"jugador","embeddable":true,"href":"https:\/\/revolutionpadelstore.com\/fr\/wp-json\/wp\/v2\/jugador?post=20230"},{"taxonomy":"marca","embeddable":true,"href":"https:\/\/revolutionpadelstore.com\/fr\/wp-json\/wp\/v2\/marca?post=20230"},{"taxonomy":"nivel-de-juego","embeddable":true,"href":"https:\/\/revolutionpadelstore.com\/fr\/wp-json\/wp\/v2\/nivel-de-juego?post=20230"},{"taxonomy":"superficie","embeddable":true,"href":"https:\/\/revolutionpadelstore.com\/fr\/wp-json\/wp\/v2\/superficie?post=20230"},{"taxonomy":"tipo-de-juego","embeddable":true,"href":"https:\/\/revolutionpadelstore.com\/fr\/wp-json\/wp\/v2\/tipo-de-juego?post=20230"},{"taxonomy":"product_brand","embeddable":true,"href":"https:\/\/revolutionpadelstore.com\/fr\/wp-json\/wp\/v2\/product_brand?post=20230"},{"taxonomy":"product_cat","embeddable":true,"href":"https:\/\/revolutionpadelstore.com\/fr\/wp-json\/wp\/v2\/product_cat?post=20230"},{"taxonomy":"product_tag","embeddable":true,"href":"https:\/\/revolutionpadelstore.com\/fr\/wp-json\/wp\/v2\/product_tag?post=20230"}],"curies":[{"name":"wp","href":"https:\/\/api.w.org\/{rel}","templated":true}]}}