{"id":20185,"date":"2024-03-23T15:29:25","date_gmt":"2024-03-23T14:29:25","guid":{"rendered":"https:\/\/revolutionpadelstore.com\/nox-ml10-pro-cup-3k-luxury-series-2024\/"},"modified":"2026-04-01T11:22:15","modified_gmt":"2026-04-01T09:22:15","slug":"nox-ml10-pro-cup-3k-luxury-series-2024-3","status":"publish","type":"product","link":"https:\/\/revolutionpadelstore.com\/fr\/produit\/nox-ml10-pro-cup-3k-luxury-series-2024-3\/","title":{"rendered":"NOX ML10 PRO CUP 3K LUXURY SERIES 2024"},"content":{"rendered":"<h2>Nox ML10 Pro Cup 3K Luxury Series 2024, con\u00e7u en collaboration avec Miguel Lamperti<\/h2>\n<p>La raquette <strong>Nox ML10 Pro Cup 3K Luxury Series 2024<\/strong> a \u00e9t\u00e9 sp\u00e9cialement fabriqu\u00e9e pour les joueurs de padel les plus exigeants qui frappent avec une puissance maximale et un contr\u00f4le exceptionnel. C&#8217;est un mod\u00e8le solide, tr\u00e8s fiable et agr\u00e9able \u00e0 manipuler.<\/p>\n<p>Son moule rond permet \u00e0 l&#8217;athl\u00e8te de frapper avec contr\u00f4le et s\u00e9curit\u00e9 \u00e0 tout moment, et offre \u00e9galement un confort in\u00e9gal\u00e9. Son poids varie entre <strong>360 et 375 grammes.<\/strong><\/p>\n<h2>Des chaussures plates \u00e0 texture rugueuse pour plus d&#8217;effet<\/h2>\n<p>Le noyau interne int\u00e8gre du caoutchouc EVA HR3 noir, une mousse haute densit\u00e9 qui offre un rendement de balle exceptionnel et une puissance \u00e9norme gr\u00e2ce \u00e0 son plus grand effet m\u00e9moire. Le cadre est en fibre de carbone, ce qui assure une grande r\u00e9sistance et r\u00e9activit\u00e9.<\/p>\n<p>D&#8217;autre part, la surface de cette raquette Nox a \u00e9t\u00e9 fabriqu\u00e9e avec de la <strong>fibre de carbone 3K<\/strong>, un tissu obtenu en entrela\u00e7ant des fils de carbone en petits carr\u00e9s. De plus, ce mat\u00e9riau est connu pour sa grande r\u00e9sistance, sa l\u00e9g\u00e8ret\u00e9 et sa rigidit\u00e9, qui offrent un bon contr\u00f4le et une bonne pr\u00e9cision lors des frappes. Les faces ont une finition rugueuse, permettant des frappes pleines d&#8217;effets.<\/p>\n<h3>Frappe confortable<\/h3>\n<p>De m\u00eame, en termes de technologies, on peut citer l&#8217;EOS Flap, qui est constitu\u00e9 de perforations sur les c\u00f4t\u00e9s qui r\u00e9partissent uniform\u00e9ment le poids afin que vous puissiez ex\u00e9cuter des coups mortels.<\/p>\n<p>Il int\u00e8gre \u00e9galement la technologie <em><strong>Pulse System<\/strong><\/em> qui, gr\u00e2ce \u00e0 l&#8217;insertion de caoutchouc lat\u00e9ral qui s&#8217;\u00e9tend du cadre au capuchon de la lame, dans le but de r\u00e9duire les vibrations et d&#8217;obtenir un jeu plus confortable.<\/p>\n<p>De la m\u00eame mani\u00e8re, il comprend le <strong><em>Smarstrap<\/em><\/strong>, une technologie qui permet de changer le cordon de pr\u00e9hension de mani\u00e8re simple, agile et confortable. Ainsi que la <strong>Structure Composite Dynamique<\/strong>, qui minimise la possibilit\u00e9 de fissures sur l&#8217;ext\u00e9rieur de la lame.<\/p>\n<h2>Nox ML10 Pro Cup 3K Luxury Series 2024, dise\u00f1ada junto a Miguel Lamperti<\/h2>\n","protected":false},"excerpt":{"rendered":"<p>D\u00e9couvrez la puissance et la pr\u00e9cision fournies par le Nox ML10 Pro Cup 3K, avec une technologie avanc\u00e9e, des avions en carbone 3K et un noyau EVA HR3. Am\u00e9liorez votre jeu !<\/p>\n","protected":false},"featured_media":51712,"comment_status":"open","ping_status":"closed","template":"","meta":{"_acf_changed":false,"_joinchat":[]},"acabado":[1097],"balance":[1142],"dureza":[1157],"forma":[1182],"jugador":[1192,1202],"marca":[1262],"nivel-de-juego":[1337],"superficie":[1362],"tipo-de-juego":[1372],"product_brand":[],"product_cat":[302],"product_tag":[],"class_list":{"0":"post-20185","1":"product","2":"type-product","3":"status-publish","4":"has-post-thumbnail","6":"acabado-sable","7":"balance-moyen","8":"dureza-media-fr","9":"forma-rond","10":"jugador-homme","11":"jugador-polivalente-fr","12":"marca-nox-fr","13":"superficie-rugosa-fr","14":"tipo-de-juego-control-fr","15":"product_cat-palas-de-padel-fr","17":"first","18":"onbackorder","19":"sale","20":"taxable","21":"shipping-taxable","22":"purchasable","23":"product-type-simple"},"acf":[],"yoast_head":"<!-- This site is optimized with the Yoast SEO plugin v27.3 - https:\/\/yoast.com\/product\/yoast-seo-wordpress\/ -->\n<title>NOX ML10 PRO CUP 3K LUXURY SERIES 2024 - Revolution Padel Store<\/title>\n<meta name=\"description\" content=\"Descubre el poder y la precisi\u00f3n que brinda la Nox ML10 Pro Cup 3K, con avanzada tecnolog\u00eda, planos de carbono 3K y n\u00facleo EVA HR3. \u00a1Mejora tu juego!\" \/>\n<meta name=\"robots\" content=\"index, follow, max-snippet:-1, max-image-preview:large, max-video-preview:-1\" \/>\n<link rel=\"canonical\" href=\"https:\/\/revolutionpadelstore.com\/fr\/produit\/nox-ml10-pro-cup-3k-luxury-series-2024-3\/\" \/>\n<meta property=\"og:locale\" content=\"fr_FR\" \/>\n<meta property=\"og:type\" content=\"article\" \/>\n<meta property=\"og:title\" content=\"NOX ML10 PRO CUP 3K LUXURY SERIES 2024 - Revolution Padel Store\" \/>\n<meta property=\"og:description\" content=\"Descubre el poder y la precisi\u00f3n que brinda la Nox ML10 Pro Cup 3K, con avanzada tecnolog\u00eda, planos de carbono 3K y n\u00facleo EVA HR3. \u00a1Mejora tu juego!\" \/>\n<meta property=\"og:url\" content=\"https:\/\/revolutionpadelstore.com\/fr\/produit\/nox-ml10-pro-cup-3k-luxury-series-2024-3\/\" \/>\n<meta property=\"og:site_name\" content=\"Revolution Padel Store\" \/>\n<meta property=\"article:modified_time\" content=\"2026-04-01T09:22:15+00:00\" \/>\n<meta property=\"og:image\" content=\"https:\/\/revolutionpadelstore.com\/wp-content\/uploads\/2024\/03\/imagen_1_110810_797e1063_ce32.webp\" \/>\n\t<meta property=\"og:image:width\" content=\"1500\" \/>\n\t<meta property=\"og:image:height\" content=\"1500\" \/>\n\t<meta property=\"og:image:type\" content=\"image\/webp\" \/>\n<meta name=\"twitter:card\" content=\"summary_large_image\" \/>\n<meta name=\"twitter:label1\" content=\"Dur\u00e9e de lecture estim\u00e9e\" \/>\n\t<meta name=\"twitter:data1\" content=\"2 minutes\" \/>\n<script type=\"application\/ld+json\" class=\"yoast-schema-graph\">{\"@context\":\"https:\\\/\\\/schema.org\",\"@graph\":[{\"@type\":\"WebPage\",\"@id\":\"https:\\\/\\\/revolutionpadelstore.com\\\/fr\\\/produit\\\/nox-ml10-pro-cup-3k-luxury-series-2024-3\\\/\",\"url\":\"https:\\\/\\\/revolutionpadelstore.com\\\/fr\\\/produit\\\/nox-ml10-pro-cup-3k-luxury-series-2024-3\\\/\",\"name\":\"NOX ML10 PRO CUP 3K LUXURY SERIES 2024 - Revolution Padel Store\",\"isPartOf\":{\"@id\":\"https:\\\/\\\/revolutionpadelstore.com\\\/fr\\\/#website\"},\"primaryImageOfPage\":{\"@id\":\"https:\\\/\\\/revolutionpadelstore.com\\\/fr\\\/produit\\\/nox-ml10-pro-cup-3k-luxury-series-2024-3\\\/#primaryimage\"},\"image\":{\"@id\":\"https:\\\/\\\/revolutionpadelstore.com\\\/fr\\\/produit\\\/nox-ml10-pro-cup-3k-luxury-series-2024-3\\\/#primaryimage\"},\"thumbnailUrl\":\"https:\\\/\\\/revolutionpadelstore.com\\\/wp-content\\\/uploads\\\/2024\\\/03\\\/imagen_1_110810_797e1063_ce32.webp\",\"datePublished\":\"2024-03-23T14:29:25+00:00\",\"dateModified\":\"2026-04-01T09:22:15+00:00\",\"description\":\"Descubre el poder y la precisi\u00f3n que brinda la Nox ML10 Pro Cup 3K, con avanzada tecnolog\u00eda, planos de carbono 3K y n\u00facleo EVA HR3. \u00a1Mejora tu juego!\",\"breadcrumb\":{\"@id\":\"https:\\\/\\\/revolutionpadelstore.com\\\/fr\\\/produit\\\/nox-ml10-pro-cup-3k-luxury-series-2024-3\\\/#breadcrumb\"},\"inLanguage\":\"fr-FR\",\"potentialAction\":[{\"@type\":\"ReadAction\",\"target\":[\"https:\\\/\\\/revolutionpadelstore.com\\\/fr\\\/produit\\\/nox-ml10-pro-cup-3k-luxury-series-2024-3\\\/\"]}]},{\"@type\":\"ImageObject\",\"inLanguage\":\"fr-FR\",\"@id\":\"https:\\\/\\\/revolutionpadelstore.com\\\/fr\\\/produit\\\/nox-ml10-pro-cup-3k-luxury-series-2024-3\\\/#primaryimage\",\"url\":\"https:\\\/\\\/revolutionpadelstore.com\\\/wp-content\\\/uploads\\\/2024\\\/03\\\/imagen_1_110810_797e1063_ce32.webp\",\"contentUrl\":\"https:\\\/\\\/revolutionpadelstore.com\\\/wp-content\\\/uploads\\\/2024\\\/03\\\/imagen_1_110810_797e1063_ce32.webp\",\"width\":1500,\"height\":1500},{\"@type\":\"BreadcrumbList\",\"@id\":\"https:\\\/\\\/revolutionpadelstore.com\\\/fr\\\/produit\\\/nox-ml10-pro-cup-3k-luxury-series-2024-3\\\/#breadcrumb\",\"itemListElement\":[{\"@type\":\"ListItem\",\"position\":1,\"name\":\"Portada\",\"item\":\"https:\\\/\\\/revolutionpadelstore.com\\\/fr\\\/\"},{\"@type\":\"ListItem\",\"position\":2,\"name\":\"Boutique\",\"item\":\"https:\\\/\\\/revolutionpadelstore.com\\\/fr\\\/tienda\\\/\"},{\"@type\":\"ListItem\",\"position\":3,\"name\":\"NOX ML10 PRO CUP 3K LUXURY SERIES 2024\"}]},{\"@type\":\"WebSite\",\"@id\":\"https:\\\/\\\/revolutionpadelstore.com\\\/fr\\\/#website\",\"url\":\"https:\\\/\\\/revolutionpadelstore.com\\\/fr\\\/\",\"name\":\"Revolution Padel Store\",\"description\":\"\",\"publisher\":{\"@id\":\"https:\\\/\\\/revolutionpadelstore.com\\\/fr\\\/#organization\"},\"potentialAction\":[{\"@type\":\"SearchAction\",\"target\":{\"@type\":\"EntryPoint\",\"urlTemplate\":\"https:\\\/\\\/revolutionpadelstore.com\\\/fr\\\/?s={search_term_string}\"},\"query-input\":{\"@type\":\"PropertyValueSpecification\",\"valueRequired\":true,\"valueName\":\"search_term_string\"}}],\"inLanguage\":\"fr-FR\"},{\"@type\":\"Organization\",\"@id\":\"https:\\\/\\\/revolutionpadelstore.com\\\/fr\\\/#organization\",\"name\":\"Revolution Padel Store\",\"url\":\"https:\\\/\\\/revolutionpadelstore.com\\\/fr\\\/\",\"logo\":{\"@type\":\"ImageObject\",\"inLanguage\":\"fr-FR\",\"@id\":\"https:\\\/\\\/revolutionpadelstore.com\\\/fr\\\/#\\\/schema\\\/logo\\\/image\\\/\",\"url\":\"https:\\\/\\\/revolutionpadelstore.com\\\/wp-content\\\/uploads\\\/2026\\\/02\\\/revolution-padel-store.jpg\",\"contentUrl\":\"https:\\\/\\\/revolutionpadelstore.com\\\/wp-content\\\/uploads\\\/2026\\\/02\\\/revolution-padel-store.jpg\",\"width\":2000,\"height\":2000,\"caption\":\"Revolution Padel Store\"},\"image\":{\"@id\":\"https:\\\/\\\/revolutionpadelstore.com\\\/fr\\\/#\\\/schema\\\/logo\\\/image\\\/\"},\"sameAs\":[\"https:\\\/\\\/www.instagram.com\\\/revolutionpadelstore\\\/\"]}]}<\/script>\n<!-- \/ Yoast SEO plugin. -->","yoast_head_json":{"title":"NOX ML10 PRO CUP 3K LUXURY SERIES 2024 - Revolution Padel Store","description":"Descubre el poder y la precisi\u00f3n que brinda la Nox ML10 Pro Cup 3K, con avanzada tecnolog\u00eda, planos de carbono 3K y n\u00facleo EVA HR3. \u00a1Mejora tu juego!","robots":{"index":"index","follow":"follow","max-snippet":"max-snippet:-1","max-image-preview":"max-image-preview:large","max-video-preview":"max-video-preview:-1"},"canonical":"https:\/\/revolutionpadelstore.com\/fr\/produit\/nox-ml10-pro-cup-3k-luxury-series-2024-3\/","og_locale":"fr_FR","og_type":"article","og_title":"NOX ML10 PRO CUP 3K LUXURY SERIES 2024 - Revolution Padel Store","og_description":"Descubre el poder y la precisi\u00f3n que brinda la Nox ML10 Pro Cup 3K, con avanzada tecnolog\u00eda, planos de carbono 3K y n\u00facleo EVA HR3. \u00a1Mejora tu juego!","og_url":"https:\/\/revolutionpadelstore.com\/fr\/produit\/nox-ml10-pro-cup-3k-luxury-series-2024-3\/","og_site_name":"Revolution Padel Store","article_modified_time":"2026-04-01T09:22:15+00:00","og_image":[{"width":1500,"height":1500,"url":"https:\/\/revolutionpadelstore.com\/wp-content\/uploads\/2024\/03\/imagen_1_110810_797e1063_ce32.webp","type":"image\/webp"}],"twitter_card":"summary_large_image","twitter_misc":{"Dur\u00e9e de lecture estim\u00e9e":"2 minutes"},"schema":{"@context":"https:\/\/schema.org","@graph":[{"@type":"WebPage","@id":"https:\/\/revolutionpadelstore.com\/fr\/produit\/nox-ml10-pro-cup-3k-luxury-series-2024-3\/","url":"https:\/\/revolutionpadelstore.com\/fr\/produit\/nox-ml10-pro-cup-3k-luxury-series-2024-3\/","name":"NOX ML10 PRO CUP 3K LUXURY SERIES 2024 - Revolution Padel Store","isPartOf":{"@id":"https:\/\/revolutionpadelstore.com\/fr\/#website"},"primaryImageOfPage":{"@id":"https:\/\/revolutionpadelstore.com\/fr\/produit\/nox-ml10-pro-cup-3k-luxury-series-2024-3\/#primaryimage"},"image":{"@id":"https:\/\/revolutionpadelstore.com\/fr\/produit\/nox-ml10-pro-cup-3k-luxury-series-2024-3\/#primaryimage"},"thumbnailUrl":"https:\/\/revolutionpadelstore.com\/wp-content\/uploads\/2024\/03\/imagen_1_110810_797e1063_ce32.webp","datePublished":"2024-03-23T14:29:25+00:00","dateModified":"2026-04-01T09:22:15+00:00","description":"Descubre el poder y la precisi\u00f3n que brinda la Nox ML10 Pro Cup 3K, con avanzada tecnolog\u00eda, planos de carbono 3K y n\u00facleo EVA HR3. \u00a1Mejora tu juego!","breadcrumb":{"@id":"https:\/\/revolutionpadelstore.com\/fr\/produit\/nox-ml10-pro-cup-3k-luxury-series-2024-3\/#breadcrumb"},"inLanguage":"fr-FR","potentialAction":[{"@type":"ReadAction","target":["https:\/\/revolutionpadelstore.com\/fr\/produit\/nox-ml10-pro-cup-3k-luxury-series-2024-3\/"]}]},{"@type":"ImageObject","inLanguage":"fr-FR","@id":"https:\/\/revolutionpadelstore.com\/fr\/produit\/nox-ml10-pro-cup-3k-luxury-series-2024-3\/#primaryimage","url":"https:\/\/revolutionpadelstore.com\/wp-content\/uploads\/2024\/03\/imagen_1_110810_797e1063_ce32.webp","contentUrl":"https:\/\/revolutionpadelstore.com\/wp-content\/uploads\/2024\/03\/imagen_1_110810_797e1063_ce32.webp","width":1500,"height":1500},{"@type":"BreadcrumbList","@id":"https:\/\/revolutionpadelstore.com\/fr\/produit\/nox-ml10-pro-cup-3k-luxury-series-2024-3\/#breadcrumb","itemListElement":[{"@type":"ListItem","position":1,"name":"Portada","item":"https:\/\/revolutionpadelstore.com\/fr\/"},{"@type":"ListItem","position":2,"name":"Boutique","item":"https:\/\/revolutionpadelstore.com\/fr\/tienda\/"},{"@type":"ListItem","position":3,"name":"NOX ML10 PRO CUP 3K LUXURY SERIES 2024"}]},{"@type":"WebSite","@id":"https:\/\/revolutionpadelstore.com\/fr\/#website","url":"https:\/\/revolutionpadelstore.com\/fr\/","name":"Revolution Padel Store","description":"","publisher":{"@id":"https:\/\/revolutionpadelstore.com\/fr\/#organization"},"potentialAction":[{"@type":"SearchAction","target":{"@type":"EntryPoint","urlTemplate":"https:\/\/revolutionpadelstore.com\/fr\/?s={search_term_string}"},"query-input":{"@type":"PropertyValueSpecification","valueRequired":true,"valueName":"search_term_string"}}],"inLanguage":"fr-FR"},{"@type":"Organization","@id":"https:\/\/revolutionpadelstore.com\/fr\/#organization","name":"Revolution Padel Store","url":"https:\/\/revolutionpadelstore.com\/fr\/","logo":{"@type":"ImageObject","inLanguage":"fr-FR","@id":"https:\/\/revolutionpadelstore.com\/fr\/#\/schema\/logo\/image\/","url":"https:\/\/revolutionpadelstore.com\/wp-content\/uploads\/2026\/02\/revolution-padel-store.jpg","contentUrl":"https:\/\/revolutionpadelstore.com\/wp-content\/uploads\/2026\/02\/revolution-padel-store.jpg","width":2000,"height":2000,"caption":"Revolution Padel Store"},"image":{"@id":"https:\/\/revolutionpadelstore.com\/fr\/#\/schema\/logo\/image\/"},"sameAs":["https:\/\/www.instagram.com\/revolutionpadelstore\/"]}]}},"_links":{"self":[{"href":"https:\/\/revolutionpadelstore.com\/fr\/wp-json\/wp\/v2\/product\/20185","targetHints":{"allow":["GET"]}}],"collection":[{"href":"https:\/\/revolutionpadelstore.com\/fr\/wp-json\/wp\/v2\/product"}],"about":[{"href":"https:\/\/revolutionpadelstore.com\/fr\/wp-json\/wp\/v2\/types\/product"}],"replies":[{"embeddable":true,"href":"https:\/\/revolutionpadelstore.com\/fr\/wp-json\/wp\/v2\/comments?post=20185"}],"wp:featuredmedia":[{"embeddable":true,"href":"https:\/\/revolutionpadelstore.com\/fr\/wp-json\/wp\/v2\/media\/51712"}],"wp:attachment":[{"href":"https:\/\/revolutionpadelstore.com\/fr\/wp-json\/wp\/v2\/media?parent=20185"}],"wp:term":[{"taxonomy":"acabado","embeddable":true,"href":"https:\/\/revolutionpadelstore.com\/fr\/wp-json\/wp\/v2\/acabado?post=20185"},{"taxonomy":"balance","embeddable":true,"href":"https:\/\/revolutionpadelstore.com\/fr\/wp-json\/wp\/v2\/balance?post=20185"},{"taxonomy":"dureza","embeddable":true,"href":"https:\/\/revolutionpadelstore.com\/fr\/wp-json\/wp\/v2\/dureza?post=20185"},{"taxonomy":"forma","embeddable":true,"href":"https:\/\/revolutionpadelstore.com\/fr\/wp-json\/wp\/v2\/forma?post=20185"},{"taxonomy":"jugador","embeddable":true,"href":"https:\/\/revolutionpadelstore.com\/fr\/wp-json\/wp\/v2\/jugador?post=20185"},{"taxonomy":"marca","embeddable":true,"href":"https:\/\/revolutionpadelstore.com\/fr\/wp-json\/wp\/v2\/marca?post=20185"},{"taxonomy":"nivel-de-juego","embeddable":true,"href":"https:\/\/revolutionpadelstore.com\/fr\/wp-json\/wp\/v2\/nivel-de-juego?post=20185"},{"taxonomy":"superficie","embeddable":true,"href":"https:\/\/revolutionpadelstore.com\/fr\/wp-json\/wp\/v2\/superficie?post=20185"},{"taxonomy":"tipo-de-juego","embeddable":true,"href":"https:\/\/revolutionpadelstore.com\/fr\/wp-json\/wp\/v2\/tipo-de-juego?post=20185"},{"taxonomy":"product_brand","embeddable":true,"href":"https:\/\/revolutionpadelstore.com\/fr\/wp-json\/wp\/v2\/product_brand?post=20185"},{"taxonomy":"product_cat","embeddable":true,"href":"https:\/\/revolutionpadelstore.com\/fr\/wp-json\/wp\/v2\/product_cat?post=20185"},{"taxonomy":"product_tag","embeddable":true,"href":"https:\/\/revolutionpadelstore.com\/fr\/wp-json\/wp\/v2\/product_tag?post=20185"}],"curies":[{"name":"wp","href":"https:\/\/api.w.org\/{rel}","templated":true}]}}