{"id":20145,"date":"2024-03-23T16:04:22","date_gmt":"2024-03-23T15:04:22","guid":{"rendered":"https:\/\/revolutionpadelstore.com\/siux-fenix-go-4\/"},"modified":"2026-04-08T14:46:21","modified_gmt":"2026-04-08T12:46:21","slug":"siux-fenix-go-4-2","status":"publish","type":"product","link":"https:\/\/revolutionpadelstore.com\/fr\/produit\/siux-fenix-go-4-2\/","title":{"rendered":"SIUX FENIX GO 4"},"content":{"rendered":"<h2>Siux Fenix \u200b\u200b\u200b\u200bIV Go, des coups pleins de puissance<\/h2>\n<p>Destin\u00e9e aux joueurs de padel de niveau interm\u00e9diaire, la Siux Fenix \u200b\u200b\u200b\u200bIV Go est une raquette hybride avec un \u00e9quilibre \u00e9lev\u00e9 et une sensation de duret\u00e9 qui offre une puissance supr\u00eame dans les jeux agressifs sur le net.<\/p>\n<p>Concernant sa forme, son moule hybride et son \u00e9quilibre \u00e9lev\u00e9 en font une raquette id\u00e9ale pour les joueurs les plus agressifs qui aiment r\u00e9aliser des vol\u00e9es puissantes et rapides. De plus, gr\u00e2ce \u00e0 son poids qui varie de <strong>355 \u00e0 375 grammes<\/strong>, il est facile \u00e0 manipuler gr\u00e2ce \u00e0 sa l\u00e9g\u00e8ret\u00e9 et sa bonne maniabilit\u00e9.<\/p>\n<h2>Id\u00e9al pour les joueurs agressifs<\/h2>\n<p>Si l&#8217;on se concentre sur sa composition, on peut souligner le carbone 3K de ses avions, car il s&#8217;agit d&#8217;une fibre plus \u00e9troite, plus r\u00e9sistante et plus lisse, qui permet d&#8217;obtenir des tirs pleins de puissance, id\u00e9aux pour les frappes au filet. Les faces ont une finition lisse et brillante.<\/p>\n<p>D&#8217;autre part, le cadre tubulaire a \u00e9t\u00e9 fabriqu\u00e9 en combinant <strong>50% de carbone 3K et 50% de <em>fibre de verre<\/em><\/strong>, ce qui en fait une raquette solide et durable qui assure des sensations incroyables \u00e0 la frappe. \u00e0 sa l\u00e9g\u00e8ret\u00e9, sa qualit\u00e9 et ses hautes performances.<\/p>\n<p>Le noyau, quant \u00e0 lui, est compos\u00e9 de <strong>caoutchouc EVA Hard<\/strong>, une mousse tr\u00e8s dure qui g\u00e9n\u00e8re une plus grande puissance lors des frappes, ainsi qu&#8217;un bon contr\u00f4le. De plus, il offre une plus grande stabilit\u00e9 et fermet\u00e9 lors de la frappe de la balle et poss\u00e8de une grande capacit\u00e9 \u00e0 absorber les vibrations.<\/p>\n<h3>Fermet\u00e9 et stabilit\u00e9<\/h3>\n<p>De m\u00eame, dans le but d&#8217;am\u00e9liorer les performances de la Siux Fenix \u200b\u200b\u200b\u200bIV Go, les antivibrateurs <strong><em>Dampeners Shockout<\/em><\/strong> ont \u00e9t\u00e9 incorpor\u00e9s, une technologie qui am\u00e9liore les sensations g\u00e9n\u00e9rales et offre un confort suppl\u00e9mentaire en absorbant de mani\u00e8re optimale les vibrations produites apr\u00e8s l&#8217;impact de la balle.<\/p>\n<p>Sur le plan esth\u00e9tique, il convient de souligner son design avec des d\u00e9tails en cuivre, qui combinent parfaitement le carbone noir sur les plans avec une texture graphique sur l&#8217;autre moiti\u00e9 de la face de la lame.<\/p>\n<h2>Siux Fenix IV Go, golpes llenos de potencia<\/h2>\n","protected":false},"excerpt":{"rendered":"<p>La raquette Siux Fenix \u200b\u200b\u200b\u200bIV Go, destin\u00e9e aux joueurs de padel de niveau interm\u00e9diaire, offre de la puissance au filet. Carbone 3K sur les avions et noyau en caoutchouc Hard EVA. Comprend des amortisseurs Shockout pour r\u00e9duire les vibrations.<\/p>\n","protected":false},"featured_media":265864,"comment_status":"open","ping_status":"closed","template":"","meta":{"_acf_changed":false,"_joinchat":[]},"acabado":[1082],"balance":[1142],"dureza":[1157],"forma":[1177],"jugador":[1192,1202],"marca":[1307],"nivel-de-juego":[1352],"superficie":[1357],"tipo-de-juego":[1377],"product_brand":[],"product_cat":[302],"product_tag":[],"class_list":{"0":"post-20145","1":"product","2":"type-product","3":"status-publish","4":"has-post-thumbnail","6":"acabado-luminosite","7":"balance-moyen","8":"dureza-media-fr","9":"forma-hybride","10":"jugador-homme","11":"jugador-polivalente-fr","12":"marca-siux-fr","13":"superficie-lise","14":"tipo-de-juego-puissance","15":"product_cat-palas-de-padel-fr","17":"first","18":"instock","19":"sale","20":"taxable","21":"shipping-taxable","22":"purchasable","23":"product-type-simple"},"acf":[],"yoast_head":"<!-- This site is optimized with the Yoast SEO plugin v27.4 - https:\/\/yoast.com\/product\/yoast-seo-wordpress\/ -->\n<title>SIUX FENIX GO 4 - Revolution Padel Store<\/title>\n<meta name=\"description\" content=\"La pala Siux Fenix IV Go, para jugadores de p\u00e1del de nivel intermedio, ofrece potencia en la red. Carbono 3K en los planos y n\u00facleo de goma EVA Hard. Incluye Dampeners Shockout para reducir vibraciones.\" \/>\n<meta name=\"robots\" content=\"index, follow, max-snippet:-1, max-image-preview:large, max-video-preview:-1\" \/>\n<link rel=\"canonical\" href=\"https:\/\/revolutionpadelstore.com\/fr\/produit\/siux-fenix-go-4-2\/\" \/>\n<meta property=\"og:locale\" content=\"fr_FR\" \/>\n<meta property=\"og:type\" content=\"article\" \/>\n<meta property=\"og:title\" content=\"SIUX FENIX GO 4 - Revolution Padel Store\" \/>\n<meta property=\"og:description\" content=\"La pala Siux Fenix IV Go, para jugadores de p\u00e1del de nivel intermedio, ofrece potencia en la red. Carbono 3K en los planos y n\u00facleo de goma EVA Hard. Incluye Dampeners Shockout para reducir vibraciones.\" \/>\n<meta property=\"og:url\" content=\"https:\/\/revolutionpadelstore.com\/fr\/produit\/siux-fenix-go-4-2\/\" \/>\n<meta property=\"og:site_name\" content=\"Revolution Padel Store\" \/>\n<meta property=\"article:modified_time\" content=\"2026-04-08T12:46:21+00:00\" \/>\n<meta property=\"og:image\" content=\"https:\/\/revolutionpadelstore.com\/wp-content\/uploads\/2024\/03\/109478_siux_fenix_go_4_1500x1500_vista1_8c3e.webp\" \/>\n\t<meta property=\"og:image:width\" content=\"1500\" \/>\n\t<meta property=\"og:image:height\" content=\"1500\" \/>\n\t<meta property=\"og:image:type\" content=\"image\/webp\" \/>\n<meta name=\"twitter:card\" content=\"summary_large_image\" \/>\n<meta name=\"twitter:label1\" content=\"Dur\u00e9e de lecture estim\u00e9e\" \/>\n\t<meta name=\"twitter:data1\" content=\"2 minutes\" \/>\n<script type=\"application\/ld+json\" class=\"yoast-schema-graph\">{\"@context\":\"https:\\\/\\\/schema.org\",\"@graph\":[{\"@type\":\"WebPage\",\"@id\":\"https:\\\/\\\/revolutionpadelstore.com\\\/fr\\\/produit\\\/siux-fenix-go-4-2\\\/\",\"url\":\"https:\\\/\\\/revolutionpadelstore.com\\\/fr\\\/produit\\\/siux-fenix-go-4-2\\\/\",\"name\":\"SIUX FENIX GO 4 - Revolution Padel Store\",\"isPartOf\":{\"@id\":\"https:\\\/\\\/revolutionpadelstore.com\\\/fr\\\/#website\"},\"primaryImageOfPage\":{\"@id\":\"https:\\\/\\\/revolutionpadelstore.com\\\/fr\\\/produit\\\/siux-fenix-go-4-2\\\/#primaryimage\"},\"image\":{\"@id\":\"https:\\\/\\\/revolutionpadelstore.com\\\/fr\\\/produit\\\/siux-fenix-go-4-2\\\/#primaryimage\"},\"thumbnailUrl\":\"https:\\\/\\\/revolutionpadelstore.com\\\/wp-content\\\/uploads\\\/2024\\\/03\\\/109478_siux_fenix_go_4_1500x1500_vista1_8c3e.webp\",\"datePublished\":\"2024-03-23T15:04:22+00:00\",\"dateModified\":\"2026-04-08T12:46:21+00:00\",\"description\":\"La pala Siux Fenix IV Go, para jugadores de p\u00e1del de nivel intermedio, ofrece potencia en la red. Carbono 3K en los planos y n\u00facleo de goma EVA Hard. Incluye Dampeners Shockout para reducir vibraciones.\",\"breadcrumb\":{\"@id\":\"https:\\\/\\\/revolutionpadelstore.com\\\/fr\\\/produit\\\/siux-fenix-go-4-2\\\/#breadcrumb\"},\"inLanguage\":\"fr-FR\",\"potentialAction\":[{\"@type\":\"ReadAction\",\"target\":[\"https:\\\/\\\/revolutionpadelstore.com\\\/fr\\\/produit\\\/siux-fenix-go-4-2\\\/\"]}]},{\"@type\":\"ImageObject\",\"inLanguage\":\"fr-FR\",\"@id\":\"https:\\\/\\\/revolutionpadelstore.com\\\/fr\\\/produit\\\/siux-fenix-go-4-2\\\/#primaryimage\",\"url\":\"https:\\\/\\\/revolutionpadelstore.com\\\/wp-content\\\/uploads\\\/2024\\\/03\\\/109478_siux_fenix_go_4_1500x1500_vista1_8c3e.webp\",\"contentUrl\":\"https:\\\/\\\/revolutionpadelstore.com\\\/wp-content\\\/uploads\\\/2024\\\/03\\\/109478_siux_fenix_go_4_1500x1500_vista1_8c3e.webp\",\"width\":1500,\"height\":1500},{\"@type\":\"BreadcrumbList\",\"@id\":\"https:\\\/\\\/revolutionpadelstore.com\\\/fr\\\/produit\\\/siux-fenix-go-4-2\\\/#breadcrumb\",\"itemListElement\":[{\"@type\":\"ListItem\",\"position\":1,\"name\":\"Portada\",\"item\":\"https:\\\/\\\/revolutionpadelstore.com\\\/fr\\\/\"},{\"@type\":\"ListItem\",\"position\":2,\"name\":\"Boutique\",\"item\":\"https:\\\/\\\/revolutionpadelstore.com\\\/fr\\\/tienda\\\/\"},{\"@type\":\"ListItem\",\"position\":3,\"name\":\"SIUX FENIX GO 4\"}]},{\"@type\":\"WebSite\",\"@id\":\"https:\\\/\\\/revolutionpadelstore.com\\\/fr\\\/#website\",\"url\":\"https:\\\/\\\/revolutionpadelstore.com\\\/fr\\\/\",\"name\":\"Revolution Padel Store\",\"description\":\"\",\"publisher\":{\"@id\":\"https:\\\/\\\/revolutionpadelstore.com\\\/fr\\\/#organization\"},\"potentialAction\":[{\"@type\":\"SearchAction\",\"target\":{\"@type\":\"EntryPoint\",\"urlTemplate\":\"https:\\\/\\\/revolutionpadelstore.com\\\/fr\\\/?s={search_term_string}\"},\"query-input\":{\"@type\":\"PropertyValueSpecification\",\"valueRequired\":true,\"valueName\":\"search_term_string\"}}],\"inLanguage\":\"fr-FR\"},{\"@type\":\"Organization\",\"@id\":\"https:\\\/\\\/revolutionpadelstore.com\\\/fr\\\/#organization\",\"name\":\"Revolution Padel Store\",\"url\":\"https:\\\/\\\/revolutionpadelstore.com\\\/fr\\\/\",\"logo\":{\"@type\":\"ImageObject\",\"inLanguage\":\"fr-FR\",\"@id\":\"https:\\\/\\\/revolutionpadelstore.com\\\/fr\\\/#\\\/schema\\\/logo\\\/image\\\/\",\"url\":\"https:\\\/\\\/revolutionpadelstore.com\\\/wp-content\\\/uploads\\\/2026\\\/02\\\/revolution-padel-store.jpg\",\"contentUrl\":\"https:\\\/\\\/revolutionpadelstore.com\\\/wp-content\\\/uploads\\\/2026\\\/02\\\/revolution-padel-store.jpg\",\"width\":2000,\"height\":2000,\"caption\":\"Revolution Padel Store\"},\"image\":{\"@id\":\"https:\\\/\\\/revolutionpadelstore.com\\\/fr\\\/#\\\/schema\\\/logo\\\/image\\\/\"},\"sameAs\":[\"https:\\\/\\\/www.instagram.com\\\/revolutionpadelstore\\\/\"]}]}<\/script>\n<!-- \/ Yoast SEO plugin. -->","yoast_head_json":{"title":"SIUX FENIX GO 4 - Revolution Padel Store","description":"La pala Siux Fenix IV Go, para jugadores de p\u00e1del de nivel intermedio, ofrece potencia en la red. Carbono 3K en los planos y n\u00facleo de goma EVA Hard. Incluye Dampeners Shockout para reducir vibraciones.","robots":{"index":"index","follow":"follow","max-snippet":"max-snippet:-1","max-image-preview":"max-image-preview:large","max-video-preview":"max-video-preview:-1"},"canonical":"https:\/\/revolutionpadelstore.com\/fr\/produit\/siux-fenix-go-4-2\/","og_locale":"fr_FR","og_type":"article","og_title":"SIUX FENIX GO 4 - Revolution Padel Store","og_description":"La pala Siux Fenix IV Go, para jugadores de p\u00e1del de nivel intermedio, ofrece potencia en la red. Carbono 3K en los planos y n\u00facleo de goma EVA Hard. Incluye Dampeners Shockout para reducir vibraciones.","og_url":"https:\/\/revolutionpadelstore.com\/fr\/produit\/siux-fenix-go-4-2\/","og_site_name":"Revolution Padel Store","article_modified_time":"2026-04-08T12:46:21+00:00","og_image":[{"width":1500,"height":1500,"url":"https:\/\/revolutionpadelstore.com\/wp-content\/uploads\/2024\/03\/109478_siux_fenix_go_4_1500x1500_vista1_8c3e.webp","type":"image\/webp"}],"twitter_card":"summary_large_image","twitter_misc":{"Dur\u00e9e de lecture estim\u00e9e":"2 minutes"},"schema":{"@context":"https:\/\/schema.org","@graph":[{"@type":"WebPage","@id":"https:\/\/revolutionpadelstore.com\/fr\/produit\/siux-fenix-go-4-2\/","url":"https:\/\/revolutionpadelstore.com\/fr\/produit\/siux-fenix-go-4-2\/","name":"SIUX FENIX GO 4 - Revolution Padel Store","isPartOf":{"@id":"https:\/\/revolutionpadelstore.com\/fr\/#website"},"primaryImageOfPage":{"@id":"https:\/\/revolutionpadelstore.com\/fr\/produit\/siux-fenix-go-4-2\/#primaryimage"},"image":{"@id":"https:\/\/revolutionpadelstore.com\/fr\/produit\/siux-fenix-go-4-2\/#primaryimage"},"thumbnailUrl":"https:\/\/revolutionpadelstore.com\/wp-content\/uploads\/2024\/03\/109478_siux_fenix_go_4_1500x1500_vista1_8c3e.webp","datePublished":"2024-03-23T15:04:22+00:00","dateModified":"2026-04-08T12:46:21+00:00","description":"La pala Siux Fenix IV Go, para jugadores de p\u00e1del de nivel intermedio, ofrece potencia en la red. Carbono 3K en los planos y n\u00facleo de goma EVA Hard. Incluye Dampeners Shockout para reducir vibraciones.","breadcrumb":{"@id":"https:\/\/revolutionpadelstore.com\/fr\/produit\/siux-fenix-go-4-2\/#breadcrumb"},"inLanguage":"fr-FR","potentialAction":[{"@type":"ReadAction","target":["https:\/\/revolutionpadelstore.com\/fr\/produit\/siux-fenix-go-4-2\/"]}]},{"@type":"ImageObject","inLanguage":"fr-FR","@id":"https:\/\/revolutionpadelstore.com\/fr\/produit\/siux-fenix-go-4-2\/#primaryimage","url":"https:\/\/revolutionpadelstore.com\/wp-content\/uploads\/2024\/03\/109478_siux_fenix_go_4_1500x1500_vista1_8c3e.webp","contentUrl":"https:\/\/revolutionpadelstore.com\/wp-content\/uploads\/2024\/03\/109478_siux_fenix_go_4_1500x1500_vista1_8c3e.webp","width":1500,"height":1500},{"@type":"BreadcrumbList","@id":"https:\/\/revolutionpadelstore.com\/fr\/produit\/siux-fenix-go-4-2\/#breadcrumb","itemListElement":[{"@type":"ListItem","position":1,"name":"Portada","item":"https:\/\/revolutionpadelstore.com\/fr\/"},{"@type":"ListItem","position":2,"name":"Boutique","item":"https:\/\/revolutionpadelstore.com\/fr\/tienda\/"},{"@type":"ListItem","position":3,"name":"SIUX FENIX GO 4"}]},{"@type":"WebSite","@id":"https:\/\/revolutionpadelstore.com\/fr\/#website","url":"https:\/\/revolutionpadelstore.com\/fr\/","name":"Revolution Padel Store","description":"","publisher":{"@id":"https:\/\/revolutionpadelstore.com\/fr\/#organization"},"potentialAction":[{"@type":"SearchAction","target":{"@type":"EntryPoint","urlTemplate":"https:\/\/revolutionpadelstore.com\/fr\/?s={search_term_string}"},"query-input":{"@type":"PropertyValueSpecification","valueRequired":true,"valueName":"search_term_string"}}],"inLanguage":"fr-FR"},{"@type":"Organization","@id":"https:\/\/revolutionpadelstore.com\/fr\/#organization","name":"Revolution Padel Store","url":"https:\/\/revolutionpadelstore.com\/fr\/","logo":{"@type":"ImageObject","inLanguage":"fr-FR","@id":"https:\/\/revolutionpadelstore.com\/fr\/#\/schema\/logo\/image\/","url":"https:\/\/revolutionpadelstore.com\/wp-content\/uploads\/2026\/02\/revolution-padel-store.jpg","contentUrl":"https:\/\/revolutionpadelstore.com\/wp-content\/uploads\/2026\/02\/revolution-padel-store.jpg","width":2000,"height":2000,"caption":"Revolution Padel Store"},"image":{"@id":"https:\/\/revolutionpadelstore.com\/fr\/#\/schema\/logo\/image\/"},"sameAs":["https:\/\/www.instagram.com\/revolutionpadelstore\/"]}]}},"_links":{"self":[{"href":"https:\/\/revolutionpadelstore.com\/fr\/wp-json\/wp\/v2\/product\/20145","targetHints":{"allow":["GET"]}}],"collection":[{"href":"https:\/\/revolutionpadelstore.com\/fr\/wp-json\/wp\/v2\/product"}],"about":[{"href":"https:\/\/revolutionpadelstore.com\/fr\/wp-json\/wp\/v2\/types\/product"}],"replies":[{"embeddable":true,"href":"https:\/\/revolutionpadelstore.com\/fr\/wp-json\/wp\/v2\/comments?post=20145"}],"wp:featuredmedia":[{"embeddable":true,"href":"https:\/\/revolutionpadelstore.com\/fr\/wp-json\/wp\/v2\/media\/265864"}],"wp:attachment":[{"href":"https:\/\/revolutionpadelstore.com\/fr\/wp-json\/wp\/v2\/media?parent=20145"}],"wp:term":[{"taxonomy":"acabado","embeddable":true,"href":"https:\/\/revolutionpadelstore.com\/fr\/wp-json\/wp\/v2\/acabado?post=20145"},{"taxonomy":"balance","embeddable":true,"href":"https:\/\/revolutionpadelstore.com\/fr\/wp-json\/wp\/v2\/balance?post=20145"},{"taxonomy":"dureza","embeddable":true,"href":"https:\/\/revolutionpadelstore.com\/fr\/wp-json\/wp\/v2\/dureza?post=20145"},{"taxonomy":"forma","embeddable":true,"href":"https:\/\/revolutionpadelstore.com\/fr\/wp-json\/wp\/v2\/forma?post=20145"},{"taxonomy":"jugador","embeddable":true,"href":"https:\/\/revolutionpadelstore.com\/fr\/wp-json\/wp\/v2\/jugador?post=20145"},{"taxonomy":"marca","embeddable":true,"href":"https:\/\/revolutionpadelstore.com\/fr\/wp-json\/wp\/v2\/marca?post=20145"},{"taxonomy":"nivel-de-juego","embeddable":true,"href":"https:\/\/revolutionpadelstore.com\/fr\/wp-json\/wp\/v2\/nivel-de-juego?post=20145"},{"taxonomy":"superficie","embeddable":true,"href":"https:\/\/revolutionpadelstore.com\/fr\/wp-json\/wp\/v2\/superficie?post=20145"},{"taxonomy":"tipo-de-juego","embeddable":true,"href":"https:\/\/revolutionpadelstore.com\/fr\/wp-json\/wp\/v2\/tipo-de-juego?post=20145"},{"taxonomy":"product_brand","embeddable":true,"href":"https:\/\/revolutionpadelstore.com\/fr\/wp-json\/wp\/v2\/product_brand?post=20145"},{"taxonomy":"product_cat","embeddable":true,"href":"https:\/\/revolutionpadelstore.com\/fr\/wp-json\/wp\/v2\/product_cat?post=20145"},{"taxonomy":"product_tag","embeddable":true,"href":"https:\/\/revolutionpadelstore.com\/fr\/wp-json\/wp\/v2\/product_tag?post=20145"}],"curies":[{"name":"wp","href":"https:\/\/api.w.org\/{rel}","templated":true}]}}