{"id":20125,"date":"2024-03-23T16:14:51","date_gmt":"2024-03-23T15:14:51","guid":{"rendered":"https:\/\/revolutionpadelstore.com\/siux-trilogy-3-control-racket\/"},"modified":"2026-04-08T14:45:44","modified_gmt":"2026-04-08T12:45:44","slug":"siux-trilogy-3-control-racket-3","status":"publish","type":"product","link":"https:\/\/revolutionpadelstore.com\/fr\/produit\/siux-trilogy-3-control-racket-3\/","title":{"rendered":"SIUX TRILOGY 3 CONTROL RACKET"},"content":{"rendered":"<h2>Siux Triology 3 Control, la raquette parfaite pour les joueurs avanc\u00e9s avec technique de contr\u00f4le<\/h2>\n<p><strong>Siux Triology 3 Contro<\/strong>l est une raquette de padel avec une forme de corps ronde. D\u00e9velopp\u00e9 pour les joueurs de niveau avanc\u00e9 ou professionnel avec technique de contr\u00f4le. Son poids et son \u00e9quilibre sont parfaits pour jouer avec contr\u00f4le sur la raquette et frapper la balle.<\/p>\n<p>Fabriqu\u00e9e avec des faces en carbone 24K et un noyau en caoutchouc EVA souple, cette raquette a un toucher flexible et doux pour ressentir des frappes confortables. Ce mod\u00e8le est issu de la collection<em><strong>Master Series<\/strong><\/em>de Siux.<\/p>\n<h2>Raquette de padel avec des mat\u00e9riaux souples pour avoir les meilleures sensations<\/h2>\n<p>Cette raquette a une structure solide et r\u00e9sistante car elle est fabriqu\u00e9e avec un tube 100% carbone. Les faces de la raquette ont \u00e9t\u00e9 fabriqu\u00e9es avec un tissu en fibre de carbone, carbone TexTreme 24K. Ce mat\u00e9riau Siux est le plus flexible et le plus doux dont ils disposent pour fabriquer les faces de leurs lames.<\/p>\n<p>Un noyau en <strong>caoutchouc EVA <\/strong><em>Soft<\/em> est plac\u00e9 \u00e0 l&#8217;int\u00e9rieur du corps de la raquette. Ce caoutchouc EVA est de faible densit\u00e9. Il permet d&#8217;absorber les impacts et de mieux contr\u00f4ler le ballon. Cette raquette, de par sa forme et les mat\u00e9riaux utilis\u00e9s, est une raquette enti\u00e8rement destin\u00e9e aux joueurs ayant une technique parfaitement ma\u00eetris\u00e9e.<\/p>\n<h3>Palette avec grip en mousse gaufr\u00e9e pour une prise en main plus ergonomique<\/h3>\n<p>Son Pentacore et son pont renforc\u00e9 r\u00e9duisent les vibrations lors des frappes. Con\u00e7u pour subir moins de rebondissements pendant le jeu. Con\u00e7u et d\u00e9velopp\u00e9 pour vous offrir les meilleures sensations sur le terrain et faire ressortir votre meilleure version de joueur de padel avec technique de contr\u00f4le.<\/p>\n<p>Avec la technologie ShockOut qui r\u00e9duit \u00e9galement les vibrations et int\u00e8gre un groupe de mousse rugueuse dans le grip pour avoir une meilleure adh\u00e9rence sur la raquette.<\/p>\n<p>Cette raquette a une finition mate 3D. Avec cette finition rugueuse, il am\u00e9liore les sensations et le contr\u00f4le des effets de tir. Une pelle pesant entre 355 et 375 grammes. Avec un design qui combine le noir, le gris et le rouge.<\/p>\n<h2>Siux Triology 3 Control, la pala perfecta para jugadores avanzados con t\u00e9cnica de control<\/h2>\n","protected":false},"excerpt":{"rendered":"<p>Siux Trilogy 3 Control, pour joueurs avanc\u00e9s ou professionnels avec technique de contr\u00f4le. Avec une forme ronde et des faces en carbone TexTreme 24K et caoutchouc Soft EVA.<\/p>\n","protected":false},"featured_media":51452,"comment_status":"open","ping_status":"closed","template":"","meta":{"_acf_changed":false,"_joinchat":[]},"acabado":[1087],"balance":[1142],"dureza":[1157],"forma":[1182],"jugador":[1192,1202],"marca":[1307],"nivel-de-juego":[1337],"superficie":[1357],"tipo-de-juego":[1372],"product_brand":[],"product_cat":[302],"product_tag":[],"class_list":{"0":"post-20125","1":"product","2":"type-product","3":"status-publish","4":"has-post-thumbnail","6":"acabado-mon-pote","7":"balance-moyen","8":"dureza-media-fr","9":"forma-rond","10":"jugador-homme","11":"jugador-polivalente-fr","12":"marca-siux-fr","13":"superficie-lise","14":"tipo-de-juego-control-fr","15":"product_cat-palas-de-padel-fr","17":"first","18":"instock","19":"sale","20":"taxable","21":"shipping-taxable","22":"purchasable","23":"product-type-simple"},"acf":[],"yoast_head":"<!-- This site is optimized with the Yoast SEO plugin v27.5 - https:\/\/yoast.com\/product\/yoast-seo-wordpress\/ -->\n<title>SIUX TRILOGY 3 CONTROL RACKET - Revolution Padel Store<\/title>\n<meta name=\"description\" content=\"Siux Trilogy 3 Control, para jugadores avanzados o profesionales con t\u00e9cnica de control. Con forma redonda y caras hechas con carbono 24K TexTreme y goma EVA Soft.\" \/>\n<meta name=\"robots\" content=\"index, follow, max-snippet:-1, max-image-preview:large, max-video-preview:-1\" \/>\n<link rel=\"canonical\" href=\"https:\/\/revolutionpadelstore.com\/fr\/produit\/siux-trilogy-3-control-racket-3\/\" \/>\n<meta property=\"og:locale\" content=\"fr_FR\" \/>\n<meta property=\"og:type\" content=\"article\" \/>\n<meta property=\"og:title\" content=\"SIUX TRILOGY 3 CONTROL RACKET - Revolution Padel Store\" \/>\n<meta property=\"og:description\" content=\"Siux Trilogy 3 Control, para jugadores avanzados o profesionales con t\u00e9cnica de control. Con forma redonda y caras hechas con carbono 24K TexTreme y goma EVA Soft.\" \/>\n<meta property=\"og:url\" content=\"https:\/\/revolutionpadelstore.com\/fr\/produit\/siux-trilogy-3-control-racket-3\/\" \/>\n<meta property=\"og:site_name\" content=\"Revolution Padel Store\" \/>\n<meta property=\"article:modified_time\" content=\"2026-04-08T12:45:44+00:00\" \/>\n<meta property=\"og:image\" content=\"https:\/\/revolutionpadelstore.com\/wp-content\/uploads\/2024\/03\/28756_siux_trilogy_3_control_1500x1500_vista1_0d02.webp\" \/>\n\t<meta property=\"og:image:width\" content=\"1500\" \/>\n\t<meta property=\"og:image:height\" content=\"1500\" \/>\n\t<meta property=\"og:image:type\" content=\"image\/webp\" \/>\n<meta name=\"twitter:card\" content=\"summary_large_image\" \/>\n<meta name=\"twitter:label1\" content=\"Dur\u00e9e de lecture estim\u00e9e\" \/>\n\t<meta name=\"twitter:data1\" content=\"2 minutes\" \/>\n<script type=\"application\/ld+json\" class=\"yoast-schema-graph\">{\"@context\":\"https:\\\/\\\/schema.org\",\"@graph\":[{\"@type\":\"WebPage\",\"@id\":\"https:\\\/\\\/revolutionpadelstore.com\\\/fr\\\/produit\\\/siux-trilogy-3-control-racket-3\\\/\",\"url\":\"https:\\\/\\\/revolutionpadelstore.com\\\/fr\\\/produit\\\/siux-trilogy-3-control-racket-3\\\/\",\"name\":\"SIUX TRILOGY 3 CONTROL RACKET - Revolution Padel Store\",\"isPartOf\":{\"@id\":\"https:\\\/\\\/revolutionpadelstore.com\\\/fr\\\/#website\"},\"primaryImageOfPage\":{\"@id\":\"https:\\\/\\\/revolutionpadelstore.com\\\/fr\\\/produit\\\/siux-trilogy-3-control-racket-3\\\/#primaryimage\"},\"image\":{\"@id\":\"https:\\\/\\\/revolutionpadelstore.com\\\/fr\\\/produit\\\/siux-trilogy-3-control-racket-3\\\/#primaryimage\"},\"thumbnailUrl\":\"https:\\\/\\\/revolutionpadelstore.com\\\/wp-content\\\/uploads\\\/2024\\\/03\\\/28756_siux_trilogy_3_control_1500x1500_vista1_0d02.webp\",\"datePublished\":\"2024-03-23T15:14:51+00:00\",\"dateModified\":\"2026-04-08T12:45:44+00:00\",\"description\":\"Siux Trilogy 3 Control, para jugadores avanzados o profesionales con t\u00e9cnica de control. Con forma redonda y caras hechas con carbono 24K TexTreme y goma EVA Soft.\",\"breadcrumb\":{\"@id\":\"https:\\\/\\\/revolutionpadelstore.com\\\/fr\\\/produit\\\/siux-trilogy-3-control-racket-3\\\/#breadcrumb\"},\"inLanguage\":\"fr-FR\",\"potentialAction\":[{\"@type\":\"ReadAction\",\"target\":[\"https:\\\/\\\/revolutionpadelstore.com\\\/fr\\\/produit\\\/siux-trilogy-3-control-racket-3\\\/\"]}]},{\"@type\":\"ImageObject\",\"inLanguage\":\"fr-FR\",\"@id\":\"https:\\\/\\\/revolutionpadelstore.com\\\/fr\\\/produit\\\/siux-trilogy-3-control-racket-3\\\/#primaryimage\",\"url\":\"https:\\\/\\\/revolutionpadelstore.com\\\/wp-content\\\/uploads\\\/2024\\\/03\\\/28756_siux_trilogy_3_control_1500x1500_vista1_0d02.webp\",\"contentUrl\":\"https:\\\/\\\/revolutionpadelstore.com\\\/wp-content\\\/uploads\\\/2024\\\/03\\\/28756_siux_trilogy_3_control_1500x1500_vista1_0d02.webp\",\"width\":1500,\"height\":1500},{\"@type\":\"BreadcrumbList\",\"@id\":\"https:\\\/\\\/revolutionpadelstore.com\\\/fr\\\/produit\\\/siux-trilogy-3-control-racket-3\\\/#breadcrumb\",\"itemListElement\":[{\"@type\":\"ListItem\",\"position\":1,\"name\":\"Portada\",\"item\":\"https:\\\/\\\/revolutionpadelstore.com\\\/fr\\\/\"},{\"@type\":\"ListItem\",\"position\":2,\"name\":\"Boutique\",\"item\":\"https:\\\/\\\/revolutionpadelstore.com\\\/fr\\\/tienda\\\/\"},{\"@type\":\"ListItem\",\"position\":3,\"name\":\"SIUX TRILOGY 3 CONTROL RACKET\"}]},{\"@type\":\"WebSite\",\"@id\":\"https:\\\/\\\/revolutionpadelstore.com\\\/fr\\\/#website\",\"url\":\"https:\\\/\\\/revolutionpadelstore.com\\\/fr\\\/\",\"name\":\"Revolution Padel Store\",\"description\":\"\",\"publisher\":{\"@id\":\"https:\\\/\\\/revolutionpadelstore.com\\\/fr\\\/#organization\"},\"potentialAction\":[{\"@type\":\"SearchAction\",\"target\":{\"@type\":\"EntryPoint\",\"urlTemplate\":\"https:\\\/\\\/revolutionpadelstore.com\\\/fr\\\/?s={search_term_string}\"},\"query-input\":{\"@type\":\"PropertyValueSpecification\",\"valueRequired\":true,\"valueName\":\"search_term_string\"}}],\"inLanguage\":\"fr-FR\"},{\"@type\":\"Organization\",\"@id\":\"https:\\\/\\\/revolutionpadelstore.com\\\/fr\\\/#organization\",\"name\":\"Revolution Padel Store\",\"url\":\"https:\\\/\\\/revolutionpadelstore.com\\\/fr\\\/\",\"logo\":{\"@type\":\"ImageObject\",\"inLanguage\":\"fr-FR\",\"@id\":\"https:\\\/\\\/revolutionpadelstore.com\\\/fr\\\/#\\\/schema\\\/logo\\\/image\\\/\",\"url\":\"https:\\\/\\\/revolutionpadelstore.com\\\/wp-content\\\/uploads\\\/2026\\\/02\\\/revolution-padel-store.jpg\",\"contentUrl\":\"https:\\\/\\\/revolutionpadelstore.com\\\/wp-content\\\/uploads\\\/2026\\\/02\\\/revolution-padel-store.jpg\",\"width\":2000,\"height\":2000,\"caption\":\"Revolution Padel Store\"},\"image\":{\"@id\":\"https:\\\/\\\/revolutionpadelstore.com\\\/fr\\\/#\\\/schema\\\/logo\\\/image\\\/\"},\"sameAs\":[\"https:\\\/\\\/www.instagram.com\\\/revolutionpadelstore\\\/\"]}]}<\/script>\n<!-- \/ Yoast SEO plugin. -->","yoast_head_json":{"title":"SIUX TRILOGY 3 CONTROL RACKET - Revolution Padel Store","description":"Siux Trilogy 3 Control, para jugadores avanzados o profesionales con t\u00e9cnica de control. Con forma redonda y caras hechas con carbono 24K TexTreme y goma EVA Soft.","robots":{"index":"index","follow":"follow","max-snippet":"max-snippet:-1","max-image-preview":"max-image-preview:large","max-video-preview":"max-video-preview:-1"},"canonical":"https:\/\/revolutionpadelstore.com\/fr\/produit\/siux-trilogy-3-control-racket-3\/","og_locale":"fr_FR","og_type":"article","og_title":"SIUX TRILOGY 3 CONTROL RACKET - Revolution Padel Store","og_description":"Siux Trilogy 3 Control, para jugadores avanzados o profesionales con t\u00e9cnica de control. Con forma redonda y caras hechas con carbono 24K TexTreme y goma EVA Soft.","og_url":"https:\/\/revolutionpadelstore.com\/fr\/produit\/siux-trilogy-3-control-racket-3\/","og_site_name":"Revolution Padel Store","article_modified_time":"2026-04-08T12:45:44+00:00","og_image":[{"width":1500,"height":1500,"url":"https:\/\/revolutionpadelstore.com\/wp-content\/uploads\/2024\/03\/28756_siux_trilogy_3_control_1500x1500_vista1_0d02.webp","type":"image\/webp"}],"twitter_card":"summary_large_image","twitter_misc":{"Dur\u00e9e de lecture estim\u00e9e":"2 minutes"},"schema":{"@context":"https:\/\/schema.org","@graph":[{"@type":"WebPage","@id":"https:\/\/revolutionpadelstore.com\/fr\/produit\/siux-trilogy-3-control-racket-3\/","url":"https:\/\/revolutionpadelstore.com\/fr\/produit\/siux-trilogy-3-control-racket-3\/","name":"SIUX TRILOGY 3 CONTROL RACKET - Revolution Padel Store","isPartOf":{"@id":"https:\/\/revolutionpadelstore.com\/fr\/#website"},"primaryImageOfPage":{"@id":"https:\/\/revolutionpadelstore.com\/fr\/produit\/siux-trilogy-3-control-racket-3\/#primaryimage"},"image":{"@id":"https:\/\/revolutionpadelstore.com\/fr\/produit\/siux-trilogy-3-control-racket-3\/#primaryimage"},"thumbnailUrl":"https:\/\/revolutionpadelstore.com\/wp-content\/uploads\/2024\/03\/28756_siux_trilogy_3_control_1500x1500_vista1_0d02.webp","datePublished":"2024-03-23T15:14:51+00:00","dateModified":"2026-04-08T12:45:44+00:00","description":"Siux Trilogy 3 Control, para jugadores avanzados o profesionales con t\u00e9cnica de control. Con forma redonda y caras hechas con carbono 24K TexTreme y goma EVA Soft.","breadcrumb":{"@id":"https:\/\/revolutionpadelstore.com\/fr\/produit\/siux-trilogy-3-control-racket-3\/#breadcrumb"},"inLanguage":"fr-FR","potentialAction":[{"@type":"ReadAction","target":["https:\/\/revolutionpadelstore.com\/fr\/produit\/siux-trilogy-3-control-racket-3\/"]}]},{"@type":"ImageObject","inLanguage":"fr-FR","@id":"https:\/\/revolutionpadelstore.com\/fr\/produit\/siux-trilogy-3-control-racket-3\/#primaryimage","url":"https:\/\/revolutionpadelstore.com\/wp-content\/uploads\/2024\/03\/28756_siux_trilogy_3_control_1500x1500_vista1_0d02.webp","contentUrl":"https:\/\/revolutionpadelstore.com\/wp-content\/uploads\/2024\/03\/28756_siux_trilogy_3_control_1500x1500_vista1_0d02.webp","width":1500,"height":1500},{"@type":"BreadcrumbList","@id":"https:\/\/revolutionpadelstore.com\/fr\/produit\/siux-trilogy-3-control-racket-3\/#breadcrumb","itemListElement":[{"@type":"ListItem","position":1,"name":"Portada","item":"https:\/\/revolutionpadelstore.com\/fr\/"},{"@type":"ListItem","position":2,"name":"Boutique","item":"https:\/\/revolutionpadelstore.com\/fr\/tienda\/"},{"@type":"ListItem","position":3,"name":"SIUX TRILOGY 3 CONTROL RACKET"}]},{"@type":"WebSite","@id":"https:\/\/revolutionpadelstore.com\/fr\/#website","url":"https:\/\/revolutionpadelstore.com\/fr\/","name":"Revolution Padel Store","description":"","publisher":{"@id":"https:\/\/revolutionpadelstore.com\/fr\/#organization"},"potentialAction":[{"@type":"SearchAction","target":{"@type":"EntryPoint","urlTemplate":"https:\/\/revolutionpadelstore.com\/fr\/?s={search_term_string}"},"query-input":{"@type":"PropertyValueSpecification","valueRequired":true,"valueName":"search_term_string"}}],"inLanguage":"fr-FR"},{"@type":"Organization","@id":"https:\/\/revolutionpadelstore.com\/fr\/#organization","name":"Revolution Padel Store","url":"https:\/\/revolutionpadelstore.com\/fr\/","logo":{"@type":"ImageObject","inLanguage":"fr-FR","@id":"https:\/\/revolutionpadelstore.com\/fr\/#\/schema\/logo\/image\/","url":"https:\/\/revolutionpadelstore.com\/wp-content\/uploads\/2026\/02\/revolution-padel-store.jpg","contentUrl":"https:\/\/revolutionpadelstore.com\/wp-content\/uploads\/2026\/02\/revolution-padel-store.jpg","width":2000,"height":2000,"caption":"Revolution Padel Store"},"image":{"@id":"https:\/\/revolutionpadelstore.com\/fr\/#\/schema\/logo\/image\/"},"sameAs":["https:\/\/www.instagram.com\/revolutionpadelstore\/"]}]}},"_links":{"self":[{"href":"https:\/\/revolutionpadelstore.com\/fr\/wp-json\/wp\/v2\/product\/20125","targetHints":{"allow":["GET"]}}],"collection":[{"href":"https:\/\/revolutionpadelstore.com\/fr\/wp-json\/wp\/v2\/product"}],"about":[{"href":"https:\/\/revolutionpadelstore.com\/fr\/wp-json\/wp\/v2\/types\/product"}],"replies":[{"embeddable":true,"href":"https:\/\/revolutionpadelstore.com\/fr\/wp-json\/wp\/v2\/comments?post=20125"}],"wp:featuredmedia":[{"embeddable":true,"href":"https:\/\/revolutionpadelstore.com\/fr\/wp-json\/wp\/v2\/media\/51452"}],"wp:attachment":[{"href":"https:\/\/revolutionpadelstore.com\/fr\/wp-json\/wp\/v2\/media?parent=20125"}],"wp:term":[{"taxonomy":"acabado","embeddable":true,"href":"https:\/\/revolutionpadelstore.com\/fr\/wp-json\/wp\/v2\/acabado?post=20125"},{"taxonomy":"balance","embeddable":true,"href":"https:\/\/revolutionpadelstore.com\/fr\/wp-json\/wp\/v2\/balance?post=20125"},{"taxonomy":"dureza","embeddable":true,"href":"https:\/\/revolutionpadelstore.com\/fr\/wp-json\/wp\/v2\/dureza?post=20125"},{"taxonomy":"forma","embeddable":true,"href":"https:\/\/revolutionpadelstore.com\/fr\/wp-json\/wp\/v2\/forma?post=20125"},{"taxonomy":"jugador","embeddable":true,"href":"https:\/\/revolutionpadelstore.com\/fr\/wp-json\/wp\/v2\/jugador?post=20125"},{"taxonomy":"marca","embeddable":true,"href":"https:\/\/revolutionpadelstore.com\/fr\/wp-json\/wp\/v2\/marca?post=20125"},{"taxonomy":"nivel-de-juego","embeddable":true,"href":"https:\/\/revolutionpadelstore.com\/fr\/wp-json\/wp\/v2\/nivel-de-juego?post=20125"},{"taxonomy":"superficie","embeddable":true,"href":"https:\/\/revolutionpadelstore.com\/fr\/wp-json\/wp\/v2\/superficie?post=20125"},{"taxonomy":"tipo-de-juego","embeddable":true,"href":"https:\/\/revolutionpadelstore.com\/fr\/wp-json\/wp\/v2\/tipo-de-juego?post=20125"},{"taxonomy":"product_brand","embeddable":true,"href":"https:\/\/revolutionpadelstore.com\/fr\/wp-json\/wp\/v2\/product_brand?post=20125"},{"taxonomy":"product_cat","embeddable":true,"href":"https:\/\/revolutionpadelstore.com\/fr\/wp-json\/wp\/v2\/product_cat?post=20125"},{"taxonomy":"product_tag","embeddable":true,"href":"https:\/\/revolutionpadelstore.com\/fr\/wp-json\/wp\/v2\/product_tag?post=20125"}],"curies":[{"name":"wp","href":"https:\/\/api.w.org\/{rel}","templated":true}]}}