{"id":20010,"date":"2024-03-23T17:03:45","date_gmt":"2024-03-23T16:03:45","guid":{"rendered":"https:\/\/revolutionpadelstore.com\/nox-ml10-pro-cup-coorp-23\/"},"modified":"2026-04-01T11:19:41","modified_gmt":"2026-04-01T09:19:41","slug":"nox-ml10-pro-cup-coorp-23-3","status":"publish","type":"product","link":"https:\/\/revolutionpadelstore.com\/fr\/produit\/nox-ml10-pro-cup-coorp-23-3\/","title":{"rendered":"NOX ML10 PRO CUP COORP 23"},"content":{"rendered":"<p><strong>NOX ML10 PRO CUP COORP 23, UNE RAQUETTE DE CONTR\u00d4LE<\/strong><\/p>\n<div id=\"\" Hidden=\"\">Une fois que vous l&#8217;aurez essay\u00e9, vous ne voudrez plus le l\u00e2cher ! Procurez-vous la nouvelle Nox ML10 Pro Cup Corp \u00e9dition 2023, une raquette confortable, solide et puissante con\u00e7ue pour les joueurs recherchant un contr\u00f4le total de la balle sans oublier la puissance.<\/div>\n<div id=\"\" Hidden=\"\">C&#8217;est l&#8217;une des raquettes les plus vendues de l&#8217;histoire et le premier mod\u00e8le d\u00e9velopp\u00e9 par la star du padel, Miguel Lamperti. C&#8217;est tout simplement un classique.<\/div>\n<div id=\"\" Hidden=\"\">Type de joueur<\/div>\n<div id=\"\" Hidden=\"\">C&#8217;est la raquette parfaite pour le joueur intensif de niveau interm\u00e9diaire-avanc\u00e9 qui recherche une raquette de contr\u00f4le, confortable et puissante, id\u00e9ale pour obtenir de la pr\u00e9cision et des sorties de balle puissantes et rapides.<\/div>\n<div id=\"\" Hidden=\"\">Caract\u00e9ristiques techniques<\/div>\n<div id=\"\" Hidden=\"\">Construite dans un moule rond, c&#8217;est une raquette compos\u00e9e \u00e0 100% de carbone Carbon Frame qui est combin\u00e9e avec les plans de Fiber Glass 3K Silver, un mat\u00e9riau qui s&#8217;embo\u00eete pour obtenir flexibilit\u00e9, durabilit\u00e9 et rigidit\u00e9.<\/div>\n<div id=\"\" Hidden=\"\">Le noyau en caoutchouc HR3 Core est charg\u00e9 de fournir une puissance suppl\u00e9mentaire apr\u00e8s la frappe.<\/div>\n<div id=\"\" Hidden=\"\">Comprend le nouveau syst\u00e8me de cordon de s\u00e9curit\u00e9 rempla\u00e7able, Smartstraps, qui am\u00e9liore la s\u00e9curit\u00e9 et l&#8217;adh\u00e9rence de la raquette pendant le jeu.<\/div>\n<div id=\"\" Hidden=\"\">Design et couleurs<\/div>\n<div id=\"\" Hidden=\"\">C&#8217;est une raquette classique et moderne avec une esth\u00e9tique \u00e9l\u00e9gante et sportive qui se combine avec la structure blanche et le cadre envelopp\u00e9 de rouge, en plus des avions avec des d\u00e9tails dor\u00e9s et les lettres Nox en noir<\/div>\n<p>Une fois que vous l&#8217;aurez essay\u00e9, vous ne voudrez plus le l\u00e2cher ! Procurez-vous la nouvelle \u00e9dition de la Nox ML10 Pro Cup Corp 2023, une raquette confortable, solide et puissante con\u00e7ue pour les joueurs recherchant un contr\u00f4le total de la balle sans oublier la puissance.<\/strong><\/p>\n<p>C&#8217;est l&#8217;une des raquettes les plus vendues de l&#8217;histoire et le premier mod\u00e8le d\u00e9velopp\u00e9 par la star du padel, Miguel Lamperti. C&#8217;est tout simplement un classique.<\/p>\n<h3>Type de joueur<\/h3>\n<p>C&#8217;est la raquette parfaite pour le <strong>joueur intensif interm\u00e9diaire-avanc\u00e9<\/strong> qui recherche une raquette contr\u00f4l\u00e9e, confortable et puissante, id\u00e9ale pour obtenir de la pr\u00e9cision et des lancers de balle puissants et rapides.<\/p>\n<h3>Caract\u00e9ristiques techniques<\/h3>\n<p>Construite dans un <strong>moule rond<\/strong>, c&#8217;est une raquette composite avec le <strong>Cadre en Carbone 100% carbone<\/strong> qui est combin\u00e9 avec les avions en Fibre de Verre Argent 3K<\/strong> strong&gt;, un mat\u00e9riau qui s&#8217;embo\u00eete pour obtenir <strong>flexibilit\u00e9, durabilit\u00e9 et rigidit\u00e9.<\/strong><\/p>\n<p>Le noyau en caoutchouc HR3 Core est charg\u00e9 de fournir une puissance suppl\u00e9mentaire apr\u00e8s la frappe.<\/p>\n<p>Il comprend le nouveau syst\u00e8me de cordons de s\u00e9curit\u00e9 rempla\u00e7ables, Smartstraps, qui am\u00e9liore la s\u00e9curit\u00e9 et l&#8217;adh\u00e9rence de la raquette pendant le jeu.<\/p>\n<h3>Design et couleurs<\/h3>\n<p>C&#8217;est une raquette classique et moderne avec une esth\u00e9tique \u00e9l\u00e9gante et sportive qui se combine avec la structure blanche et le cadre envelopp\u00e9 de rouge, en plus des avions avec des d\u00e9tails dor\u00e9s et des lettres Nox en noir.<strong>NOX ML10 PRO CUP COORP 23, UNA PALA DE CONTROL<\/strong><\/p>\n","protected":false},"excerpt":{"rendered":"<div class=\"pr\u00e9sentation des attributs du produit\">\n<div>\n<p>Con\u00e7ue avec des mat\u00e9riaux de qualit\u00e9, cette nouvelle raquette padel est parfaite pour vos jeux polyvalents.<\/p>\n<\/div>\n<\/div>\n<div class=\"product-add-form\">\n<div class=\"quantit\u00e9 de champ\"><\/div>\n<\/div>\n","protected":false},"featured_media":51184,"comment_status":"open","ping_status":"closed","template":"","meta":{"_acf_changed":false,"_joinchat":[]},"acabado":[1082],"balance":[1142],"dureza":[1157],"forma":[1182],"jugador":[1192,1202],"marca":[1262],"nivel-de-juego":[1337],"superficie":[1357],"tipo-de-juego":[1387],"product_brand":[],"product_cat":[302],"product_tag":[],"class_list":{"0":"post-20010","1":"product","2":"type-product","3":"status-publish","4":"has-post-thumbnail","6":"acabado-luminosite","7":"balance-moyen","8":"dureza-media-fr","9":"forma-rond","10":"jugador-homme","11":"jugador-polivalente-fr","12":"marca-nox-fr","13":"superficie-lise","14":"tipo-de-juego-polivalente-fr","15":"product_cat-palas-de-padel-fr","17":"first","18":"onbackorder","19":"sale","20":"taxable","21":"shipping-taxable","22":"purchasable","23":"product-type-simple"},"acf":[],"yoast_head":"<!-- This site is optimized with the Yoast SEO plugin v27.3 - https:\/\/yoast.com\/product\/yoast-seo-wordpress\/ -->\n<title>NOX ML10 PRO CUP COORP 23 - Revolution Padel Store<\/title>\n<meta name=\"description\" content=\"Dise\u00f1ada con materiales de calidad, esta nueva pala de p\u00e1del es perfecta para tus juegos polivalentes.\" \/>\n<meta name=\"robots\" content=\"index, follow, max-snippet:-1, max-image-preview:large, max-video-preview:-1\" \/>\n<link rel=\"canonical\" href=\"https:\/\/revolutionpadelstore.com\/fr\/produit\/nox-ml10-pro-cup-coorp-23-3\/\" \/>\n<meta property=\"og:locale\" content=\"fr_FR\" \/>\n<meta property=\"og:type\" content=\"article\" \/>\n<meta property=\"og:title\" content=\"NOX ML10 PRO CUP COORP 23 - Revolution Padel Store\" \/>\n<meta property=\"og:description\" content=\"Dise\u00f1ada con materiales de calidad, esta nueva pala de p\u00e1del es perfecta para tus juegos polivalentes.\" \/>\n<meta property=\"og:url\" content=\"https:\/\/revolutionpadelstore.com\/fr\/produit\/nox-ml10-pro-cup-coorp-23-3\/\" \/>\n<meta property=\"og:site_name\" content=\"Revolution Padel Store\" \/>\n<meta property=\"article:modified_time\" content=\"2026-04-01T09:19:41+00:00\" \/>\n<meta property=\"og:image\" content=\"https:\/\/revolutionpadelstore.com\/wp-content\/uploads\/2024\/03\/PML10PCOOR23_1000_1000_1_935b.webp\" \/>\n\t<meta property=\"og:image:width\" content=\"1000\" \/>\n\t<meta property=\"og:image:height\" content=\"1000\" \/>\n\t<meta property=\"og:image:type\" content=\"image\/webp\" \/>\n<meta name=\"twitter:card\" content=\"summary_large_image\" \/>\n<meta name=\"twitter:label1\" content=\"Dur\u00e9e de lecture estim\u00e9e\" \/>\n\t<meta name=\"twitter:data1\" content=\"3 minutes\" \/>\n<script type=\"application\/ld+json\" class=\"yoast-schema-graph\">{\"@context\":\"https:\\\/\\\/schema.org\",\"@graph\":[{\"@type\":\"WebPage\",\"@id\":\"https:\\\/\\\/revolutionpadelstore.com\\\/fr\\\/produit\\\/nox-ml10-pro-cup-coorp-23-3\\\/\",\"url\":\"https:\\\/\\\/revolutionpadelstore.com\\\/fr\\\/produit\\\/nox-ml10-pro-cup-coorp-23-3\\\/\",\"name\":\"NOX ML10 PRO CUP COORP 23 - Revolution Padel Store\",\"isPartOf\":{\"@id\":\"https:\\\/\\\/revolutionpadelstore.com\\\/fr\\\/#website\"},\"primaryImageOfPage\":{\"@id\":\"https:\\\/\\\/revolutionpadelstore.com\\\/fr\\\/produit\\\/nox-ml10-pro-cup-coorp-23-3\\\/#primaryimage\"},\"image\":{\"@id\":\"https:\\\/\\\/revolutionpadelstore.com\\\/fr\\\/produit\\\/nox-ml10-pro-cup-coorp-23-3\\\/#primaryimage\"},\"thumbnailUrl\":\"https:\\\/\\\/revolutionpadelstore.com\\\/wp-content\\\/uploads\\\/2024\\\/03\\\/PML10PCOOR23_1000_1000_1_935b.webp\",\"datePublished\":\"2024-03-23T16:03:45+00:00\",\"dateModified\":\"2026-04-01T09:19:41+00:00\",\"description\":\"Dise\u00f1ada con materiales de calidad, esta nueva pala de p\u00e1del es perfecta para tus juegos polivalentes.\",\"breadcrumb\":{\"@id\":\"https:\\\/\\\/revolutionpadelstore.com\\\/fr\\\/produit\\\/nox-ml10-pro-cup-coorp-23-3\\\/#breadcrumb\"},\"inLanguage\":\"fr-FR\",\"potentialAction\":[{\"@type\":\"ReadAction\",\"target\":[\"https:\\\/\\\/revolutionpadelstore.com\\\/fr\\\/produit\\\/nox-ml10-pro-cup-coorp-23-3\\\/\"]}]},{\"@type\":\"ImageObject\",\"inLanguage\":\"fr-FR\",\"@id\":\"https:\\\/\\\/revolutionpadelstore.com\\\/fr\\\/produit\\\/nox-ml10-pro-cup-coorp-23-3\\\/#primaryimage\",\"url\":\"https:\\\/\\\/revolutionpadelstore.com\\\/wp-content\\\/uploads\\\/2024\\\/03\\\/PML10PCOOR23_1000_1000_1_935b.webp\",\"contentUrl\":\"https:\\\/\\\/revolutionpadelstore.com\\\/wp-content\\\/uploads\\\/2024\\\/03\\\/PML10PCOOR23_1000_1000_1_935b.webp\",\"width\":1000,\"height\":1000},{\"@type\":\"BreadcrumbList\",\"@id\":\"https:\\\/\\\/revolutionpadelstore.com\\\/fr\\\/produit\\\/nox-ml10-pro-cup-coorp-23-3\\\/#breadcrumb\",\"itemListElement\":[{\"@type\":\"ListItem\",\"position\":1,\"name\":\"Portada\",\"item\":\"https:\\\/\\\/revolutionpadelstore.com\\\/fr\\\/\"},{\"@type\":\"ListItem\",\"position\":2,\"name\":\"Boutique\",\"item\":\"https:\\\/\\\/revolutionpadelstore.com\\\/fr\\\/tienda\\\/\"},{\"@type\":\"ListItem\",\"position\":3,\"name\":\"NOX ML10 PRO CUP COORP 23\"}]},{\"@type\":\"WebSite\",\"@id\":\"https:\\\/\\\/revolutionpadelstore.com\\\/fr\\\/#website\",\"url\":\"https:\\\/\\\/revolutionpadelstore.com\\\/fr\\\/\",\"name\":\"Revolution Padel Store\",\"description\":\"\",\"publisher\":{\"@id\":\"https:\\\/\\\/revolutionpadelstore.com\\\/fr\\\/#organization\"},\"potentialAction\":[{\"@type\":\"SearchAction\",\"target\":{\"@type\":\"EntryPoint\",\"urlTemplate\":\"https:\\\/\\\/revolutionpadelstore.com\\\/fr\\\/?s={search_term_string}\"},\"query-input\":{\"@type\":\"PropertyValueSpecification\",\"valueRequired\":true,\"valueName\":\"search_term_string\"}}],\"inLanguage\":\"fr-FR\"},{\"@type\":\"Organization\",\"@id\":\"https:\\\/\\\/revolutionpadelstore.com\\\/fr\\\/#organization\",\"name\":\"Revolution Padel Store\",\"url\":\"https:\\\/\\\/revolutionpadelstore.com\\\/fr\\\/\",\"logo\":{\"@type\":\"ImageObject\",\"inLanguage\":\"fr-FR\",\"@id\":\"https:\\\/\\\/revolutionpadelstore.com\\\/fr\\\/#\\\/schema\\\/logo\\\/image\\\/\",\"url\":\"https:\\\/\\\/revolutionpadelstore.com\\\/wp-content\\\/uploads\\\/2026\\\/02\\\/revolution-padel-store.jpg\",\"contentUrl\":\"https:\\\/\\\/revolutionpadelstore.com\\\/wp-content\\\/uploads\\\/2026\\\/02\\\/revolution-padel-store.jpg\",\"width\":2000,\"height\":2000,\"caption\":\"Revolution Padel Store\"},\"image\":{\"@id\":\"https:\\\/\\\/revolutionpadelstore.com\\\/fr\\\/#\\\/schema\\\/logo\\\/image\\\/\"},\"sameAs\":[\"https:\\\/\\\/www.instagram.com\\\/revolutionpadelstore\\\/\"]}]}<\/script>\n<!-- \/ Yoast SEO plugin. -->","yoast_head_json":{"title":"NOX ML10 PRO CUP COORP 23 - Revolution Padel Store","description":"Dise\u00f1ada con materiales de calidad, esta nueva pala de p\u00e1del es perfecta para tus juegos polivalentes.","robots":{"index":"index","follow":"follow","max-snippet":"max-snippet:-1","max-image-preview":"max-image-preview:large","max-video-preview":"max-video-preview:-1"},"canonical":"https:\/\/revolutionpadelstore.com\/fr\/produit\/nox-ml10-pro-cup-coorp-23-3\/","og_locale":"fr_FR","og_type":"article","og_title":"NOX ML10 PRO CUP COORP 23 - Revolution Padel Store","og_description":"Dise\u00f1ada con materiales de calidad, esta nueva pala de p\u00e1del es perfecta para tus juegos polivalentes.","og_url":"https:\/\/revolutionpadelstore.com\/fr\/produit\/nox-ml10-pro-cup-coorp-23-3\/","og_site_name":"Revolution Padel Store","article_modified_time":"2026-04-01T09:19:41+00:00","og_image":[{"width":1000,"height":1000,"url":"https:\/\/revolutionpadelstore.com\/wp-content\/uploads\/2024\/03\/PML10PCOOR23_1000_1000_1_935b.webp","type":"image\/webp"}],"twitter_card":"summary_large_image","twitter_misc":{"Dur\u00e9e de lecture estim\u00e9e":"3 minutes"},"schema":{"@context":"https:\/\/schema.org","@graph":[{"@type":"WebPage","@id":"https:\/\/revolutionpadelstore.com\/fr\/produit\/nox-ml10-pro-cup-coorp-23-3\/","url":"https:\/\/revolutionpadelstore.com\/fr\/produit\/nox-ml10-pro-cup-coorp-23-3\/","name":"NOX ML10 PRO CUP COORP 23 - Revolution Padel Store","isPartOf":{"@id":"https:\/\/revolutionpadelstore.com\/fr\/#website"},"primaryImageOfPage":{"@id":"https:\/\/revolutionpadelstore.com\/fr\/produit\/nox-ml10-pro-cup-coorp-23-3\/#primaryimage"},"image":{"@id":"https:\/\/revolutionpadelstore.com\/fr\/produit\/nox-ml10-pro-cup-coorp-23-3\/#primaryimage"},"thumbnailUrl":"https:\/\/revolutionpadelstore.com\/wp-content\/uploads\/2024\/03\/PML10PCOOR23_1000_1000_1_935b.webp","datePublished":"2024-03-23T16:03:45+00:00","dateModified":"2026-04-01T09:19:41+00:00","description":"Dise\u00f1ada con materiales de calidad, esta nueva pala de p\u00e1del es perfecta para tus juegos polivalentes.","breadcrumb":{"@id":"https:\/\/revolutionpadelstore.com\/fr\/produit\/nox-ml10-pro-cup-coorp-23-3\/#breadcrumb"},"inLanguage":"fr-FR","potentialAction":[{"@type":"ReadAction","target":["https:\/\/revolutionpadelstore.com\/fr\/produit\/nox-ml10-pro-cup-coorp-23-3\/"]}]},{"@type":"ImageObject","inLanguage":"fr-FR","@id":"https:\/\/revolutionpadelstore.com\/fr\/produit\/nox-ml10-pro-cup-coorp-23-3\/#primaryimage","url":"https:\/\/revolutionpadelstore.com\/wp-content\/uploads\/2024\/03\/PML10PCOOR23_1000_1000_1_935b.webp","contentUrl":"https:\/\/revolutionpadelstore.com\/wp-content\/uploads\/2024\/03\/PML10PCOOR23_1000_1000_1_935b.webp","width":1000,"height":1000},{"@type":"BreadcrumbList","@id":"https:\/\/revolutionpadelstore.com\/fr\/produit\/nox-ml10-pro-cup-coorp-23-3\/#breadcrumb","itemListElement":[{"@type":"ListItem","position":1,"name":"Portada","item":"https:\/\/revolutionpadelstore.com\/fr\/"},{"@type":"ListItem","position":2,"name":"Boutique","item":"https:\/\/revolutionpadelstore.com\/fr\/tienda\/"},{"@type":"ListItem","position":3,"name":"NOX ML10 PRO CUP COORP 23"}]},{"@type":"WebSite","@id":"https:\/\/revolutionpadelstore.com\/fr\/#website","url":"https:\/\/revolutionpadelstore.com\/fr\/","name":"Revolution Padel Store","description":"","publisher":{"@id":"https:\/\/revolutionpadelstore.com\/fr\/#organization"},"potentialAction":[{"@type":"SearchAction","target":{"@type":"EntryPoint","urlTemplate":"https:\/\/revolutionpadelstore.com\/fr\/?s={search_term_string}"},"query-input":{"@type":"PropertyValueSpecification","valueRequired":true,"valueName":"search_term_string"}}],"inLanguage":"fr-FR"},{"@type":"Organization","@id":"https:\/\/revolutionpadelstore.com\/fr\/#organization","name":"Revolution Padel Store","url":"https:\/\/revolutionpadelstore.com\/fr\/","logo":{"@type":"ImageObject","inLanguage":"fr-FR","@id":"https:\/\/revolutionpadelstore.com\/fr\/#\/schema\/logo\/image\/","url":"https:\/\/revolutionpadelstore.com\/wp-content\/uploads\/2026\/02\/revolution-padel-store.jpg","contentUrl":"https:\/\/revolutionpadelstore.com\/wp-content\/uploads\/2026\/02\/revolution-padel-store.jpg","width":2000,"height":2000,"caption":"Revolution Padel Store"},"image":{"@id":"https:\/\/revolutionpadelstore.com\/fr\/#\/schema\/logo\/image\/"},"sameAs":["https:\/\/www.instagram.com\/revolutionpadelstore\/"]}]}},"_links":{"self":[{"href":"https:\/\/revolutionpadelstore.com\/fr\/wp-json\/wp\/v2\/product\/20010","targetHints":{"allow":["GET"]}}],"collection":[{"href":"https:\/\/revolutionpadelstore.com\/fr\/wp-json\/wp\/v2\/product"}],"about":[{"href":"https:\/\/revolutionpadelstore.com\/fr\/wp-json\/wp\/v2\/types\/product"}],"replies":[{"embeddable":true,"href":"https:\/\/revolutionpadelstore.com\/fr\/wp-json\/wp\/v2\/comments?post=20010"}],"wp:featuredmedia":[{"embeddable":true,"href":"https:\/\/revolutionpadelstore.com\/fr\/wp-json\/wp\/v2\/media\/51184"}],"wp:attachment":[{"href":"https:\/\/revolutionpadelstore.com\/fr\/wp-json\/wp\/v2\/media?parent=20010"}],"wp:term":[{"taxonomy":"acabado","embeddable":true,"href":"https:\/\/revolutionpadelstore.com\/fr\/wp-json\/wp\/v2\/acabado?post=20010"},{"taxonomy":"balance","embeddable":true,"href":"https:\/\/revolutionpadelstore.com\/fr\/wp-json\/wp\/v2\/balance?post=20010"},{"taxonomy":"dureza","embeddable":true,"href":"https:\/\/revolutionpadelstore.com\/fr\/wp-json\/wp\/v2\/dureza?post=20010"},{"taxonomy":"forma","embeddable":true,"href":"https:\/\/revolutionpadelstore.com\/fr\/wp-json\/wp\/v2\/forma?post=20010"},{"taxonomy":"jugador","embeddable":true,"href":"https:\/\/revolutionpadelstore.com\/fr\/wp-json\/wp\/v2\/jugador?post=20010"},{"taxonomy":"marca","embeddable":true,"href":"https:\/\/revolutionpadelstore.com\/fr\/wp-json\/wp\/v2\/marca?post=20010"},{"taxonomy":"nivel-de-juego","embeddable":true,"href":"https:\/\/revolutionpadelstore.com\/fr\/wp-json\/wp\/v2\/nivel-de-juego?post=20010"},{"taxonomy":"superficie","embeddable":true,"href":"https:\/\/revolutionpadelstore.com\/fr\/wp-json\/wp\/v2\/superficie?post=20010"},{"taxonomy":"tipo-de-juego","embeddable":true,"href":"https:\/\/revolutionpadelstore.com\/fr\/wp-json\/wp\/v2\/tipo-de-juego?post=20010"},{"taxonomy":"product_brand","embeddable":true,"href":"https:\/\/revolutionpadelstore.com\/fr\/wp-json\/wp\/v2\/product_brand?post=20010"},{"taxonomy":"product_cat","embeddable":true,"href":"https:\/\/revolutionpadelstore.com\/fr\/wp-json\/wp\/v2\/product_cat?post=20010"},{"taxonomy":"product_tag","embeddable":true,"href":"https:\/\/revolutionpadelstore.com\/fr\/wp-json\/wp\/v2\/product_tag?post=20010"}],"curies":[{"name":"wp","href":"https:\/\/api.w.org\/{rel}","templated":true}]}}