{"id":19955,"date":"2024-03-23T17:19:42","date_gmt":"2024-03-23T16:19:42","guid":{"rendered":"https:\/\/revolutionpadelstore.com\/nox-la10-by-leo-augsburger-2024\/"},"modified":"2026-04-01T11:18:35","modified_gmt":"2026-04-01T09:18:35","slug":"nox-la10-by-leo-augsburger-2024-3","status":"publish","type":"product","link":"https:\/\/revolutionpadelstore.com\/fr\/produit\/nox-la10-by-leo-augsburger-2024-3\/","title":{"rendered":"NOX LA10 BY LEO AUGSBURGER 2024"},"content":{"rendered":"<h2>Pala Nox La10 Par Leo Augsburger 2024<\/h2>\n<p>Raquette Nox La10 By Leo Augsburger 2024, une raquette padel au format diamant. Avec ce type de corps, elle est destin\u00e9e \u00e0 un jeu de pouvoir gr\u00e2ce \u00e0 son \u00e9quilibre \u00e9lev\u00e9. Design exclusif con\u00e7u avec le joueur de padel professionnel argentin Leo Augsburguer.<\/p>\n<h2>Raquette de padel au toucher moyennement dur avec finition rugueuse 3D<\/h2>\n<p>Les faces ont \u00e9t\u00e9 r\u00e9alis\u00e9es en carbone aluminis\u00e9 12K, un mat\u00e9riau de haute qualit\u00e9 au toucher moyennement fin, rigide et l\u00e9ger. Le noyau est compos\u00e9 de HR3, un caoutchouc haute densit\u00e9 High Recovery qui vous permet de frapper avec puissance et de mieux faire sortir la balle.<\/p>\n<p>Les faces ont une finition Texture 3D de forme hexagonale qui am\u00e9liore les effets que vous souhaitez donner au ballon \u00e0 chaque coup.<\/p>\n<p>Cadre fabriqu\u00e9 avec Carbon Frame. Un cadre en carbone suffisamment solide et r\u00e9sistant pour r\u00e9sister aux entra\u00eenements et aux matchs les plus intenses. Plus rigide et durable.<\/p>\n<h3>Raquette de paddle r\u00e9sistante aux fissures dues aux chocs<\/h3>\n<p>Et il dispose de la technologie DCS, Dynamic Composite Structure. Le mat\u00e9riau du cadre est introduit 4 centim\u00e8tres plus loin dans le corps de la raquette afin qu&#8217;aucune diff\u00e9rence de duret\u00e9 ne soit perceptible entre les faces et le cadre. Cela \u00e9vite les fissures \u00e0 l&#8217;ext\u00e9rieur de la lame.<\/p>\n<p>La tige design aux d\u00e9tails noirs, argent\u00e9s et orange transmet la modernit\u00e9 et le succ\u00e8s. Et avec Smartstrap, sangle de s\u00e9curit\u00e9 interchangeable pour personnaliser votre raquette et la changer facilement.<\/p>\n<p>N&#8217;h\u00e9sitez plus et si vous \u00eates un joueur exigeant comme les grands professionnels, jouez d\u00e8s maintenant avec cette raquette Nox au format diamant de la collection 2024.<\/p>\n<h2>Pala Nox La10 By Leo Augsburger 2024<\/h2>\n","protected":false},"excerpt":{"rendered":"<p>Raquette Nox La10 By Leo Augsburger 2024, une raquette en diamant pour jouer comme l&#8217;Argentin Leo Augsburguer. R\u00e9sistant et d\u00e9cisif.<\/p>\n","protected":false},"featured_media":51007,"comment_status":"open","ping_status":"closed","template":"","meta":{"_acf_changed":false,"_joinchat":[]},"acabado":[1092],"balance":[1137],"dureza":[1157],"forma":[1172],"jugador":[1192,1202],"marca":[1262],"nivel-de-juego":[1337],"superficie":[1362],"tipo-de-juego":[1377],"product_brand":[],"product_cat":[302],"product_tag":[],"class_list":{"0":"post-19955","1":"product","2":"type-product","3":"status-publish","4":"has-post-thumbnail","6":"acabado-soulager-la-3d","7":"balance-eleve","8":"dureza-media-fr","9":"forma-diamant","10":"jugador-homme","11":"jugador-polivalente-fr","12":"marca-nox-fr","13":"superficie-rugosa-fr","14":"tipo-de-juego-puissance","15":"product_cat-palas-de-padel-fr","17":"first","18":"instock","19":"taxable","20":"shipping-taxable","21":"purchasable","22":"product-type-simple"},"acf":[],"yoast_head":"<!-- This site is optimized with the Yoast SEO plugin v27.3 - https:\/\/yoast.com\/product\/yoast-seo-wordpress\/ -->\n<title>NOX LA10 BY LEO AUGSBURGER 2024 - Revolution Padel Store<\/title>\n<meta name=\"description\" content=\"Pala Nox La10 By Leo Augsburger 2024, una pala de diamante para jugar como el argenti Leo Augsburguer. Resistente y resolutiva.\" \/>\n<meta name=\"robots\" content=\"index, follow, max-snippet:-1, max-image-preview:large, max-video-preview:-1\" \/>\n<link rel=\"canonical\" href=\"https:\/\/revolutionpadelstore.com\/fr\/produit\/nox-la10-by-leo-augsburger-2024-3\/\" \/>\n<meta property=\"og:locale\" content=\"fr_FR\" \/>\n<meta property=\"og:type\" content=\"article\" \/>\n<meta property=\"og:title\" content=\"NOX LA10 BY LEO AUGSBURGER 2024 - Revolution Padel Store\" \/>\n<meta property=\"og:description\" content=\"Pala Nox La10 By Leo Augsburger 2024, una pala de diamante para jugar como el argenti Leo Augsburguer. Resistente y resolutiva.\" \/>\n<meta property=\"og:url\" content=\"https:\/\/revolutionpadelstore.com\/fr\/produit\/nox-la10-by-leo-augsburger-2024-3\/\" \/>\n<meta property=\"og:site_name\" content=\"Revolution Padel Store\" \/>\n<meta property=\"article:modified_time\" content=\"2026-04-01T09:18:35+00:00\" \/>\n<meta property=\"og:image\" content=\"https:\/\/revolutionpadelstore.com\/wp-content\/uploads\/2024\/03\/imagen_1_110808_97e29e61_94c2.webp\" \/>\n\t<meta property=\"og:image:width\" content=\"1500\" \/>\n\t<meta property=\"og:image:height\" content=\"1500\" \/>\n\t<meta property=\"og:image:type\" content=\"image\/webp\" \/>\n<meta name=\"twitter:card\" content=\"summary_large_image\" \/>\n<meta name=\"twitter:label1\" content=\"Dur\u00e9e de lecture estim\u00e9e\" \/>\n\t<meta name=\"twitter:data1\" content=\"2 minutes\" \/>\n<script type=\"application\/ld+json\" class=\"yoast-schema-graph\">{\"@context\":\"https:\\\/\\\/schema.org\",\"@graph\":[{\"@type\":\"WebPage\",\"@id\":\"https:\\\/\\\/revolutionpadelstore.com\\\/fr\\\/produit\\\/nox-la10-by-leo-augsburger-2024-3\\\/\",\"url\":\"https:\\\/\\\/revolutionpadelstore.com\\\/fr\\\/produit\\\/nox-la10-by-leo-augsburger-2024-3\\\/\",\"name\":\"NOX LA10 BY LEO AUGSBURGER 2024 - Revolution Padel Store\",\"isPartOf\":{\"@id\":\"https:\\\/\\\/revolutionpadelstore.com\\\/fr\\\/#website\"},\"primaryImageOfPage\":{\"@id\":\"https:\\\/\\\/revolutionpadelstore.com\\\/fr\\\/produit\\\/nox-la10-by-leo-augsburger-2024-3\\\/#primaryimage\"},\"image\":{\"@id\":\"https:\\\/\\\/revolutionpadelstore.com\\\/fr\\\/produit\\\/nox-la10-by-leo-augsburger-2024-3\\\/#primaryimage\"},\"thumbnailUrl\":\"https:\\\/\\\/revolutionpadelstore.com\\\/wp-content\\\/uploads\\\/2024\\\/03\\\/imagen_1_110808_97e29e61_94c2.webp\",\"datePublished\":\"2024-03-23T16:19:42+00:00\",\"dateModified\":\"2026-04-01T09:18:35+00:00\",\"description\":\"Pala Nox La10 By Leo Augsburger 2024, una pala de diamante para jugar como el argenti Leo Augsburguer. Resistente y resolutiva.\",\"breadcrumb\":{\"@id\":\"https:\\\/\\\/revolutionpadelstore.com\\\/fr\\\/produit\\\/nox-la10-by-leo-augsburger-2024-3\\\/#breadcrumb\"},\"inLanguage\":\"fr-FR\",\"potentialAction\":[{\"@type\":\"ReadAction\",\"target\":[\"https:\\\/\\\/revolutionpadelstore.com\\\/fr\\\/produit\\\/nox-la10-by-leo-augsburger-2024-3\\\/\"]}]},{\"@type\":\"ImageObject\",\"inLanguage\":\"fr-FR\",\"@id\":\"https:\\\/\\\/revolutionpadelstore.com\\\/fr\\\/produit\\\/nox-la10-by-leo-augsburger-2024-3\\\/#primaryimage\",\"url\":\"https:\\\/\\\/revolutionpadelstore.com\\\/wp-content\\\/uploads\\\/2024\\\/03\\\/imagen_1_110808_97e29e61_94c2.webp\",\"contentUrl\":\"https:\\\/\\\/revolutionpadelstore.com\\\/wp-content\\\/uploads\\\/2024\\\/03\\\/imagen_1_110808_97e29e61_94c2.webp\",\"width\":1500,\"height\":1500},{\"@type\":\"BreadcrumbList\",\"@id\":\"https:\\\/\\\/revolutionpadelstore.com\\\/fr\\\/produit\\\/nox-la10-by-leo-augsburger-2024-3\\\/#breadcrumb\",\"itemListElement\":[{\"@type\":\"ListItem\",\"position\":1,\"name\":\"Portada\",\"item\":\"https:\\\/\\\/revolutionpadelstore.com\\\/fr\\\/\"},{\"@type\":\"ListItem\",\"position\":2,\"name\":\"Boutique\",\"item\":\"https:\\\/\\\/revolutionpadelstore.com\\\/fr\\\/tienda\\\/\"},{\"@type\":\"ListItem\",\"position\":3,\"name\":\"NOX LA10 BY LEO AUGSBURGER 2024\"}]},{\"@type\":\"WebSite\",\"@id\":\"https:\\\/\\\/revolutionpadelstore.com\\\/fr\\\/#website\",\"url\":\"https:\\\/\\\/revolutionpadelstore.com\\\/fr\\\/\",\"name\":\"Revolution Padel Store\",\"description\":\"\",\"publisher\":{\"@id\":\"https:\\\/\\\/revolutionpadelstore.com\\\/fr\\\/#organization\"},\"potentialAction\":[{\"@type\":\"SearchAction\",\"target\":{\"@type\":\"EntryPoint\",\"urlTemplate\":\"https:\\\/\\\/revolutionpadelstore.com\\\/fr\\\/?s={search_term_string}\"},\"query-input\":{\"@type\":\"PropertyValueSpecification\",\"valueRequired\":true,\"valueName\":\"search_term_string\"}}],\"inLanguage\":\"fr-FR\"},{\"@type\":\"Organization\",\"@id\":\"https:\\\/\\\/revolutionpadelstore.com\\\/fr\\\/#organization\",\"name\":\"Revolution Padel Store\",\"url\":\"https:\\\/\\\/revolutionpadelstore.com\\\/fr\\\/\",\"logo\":{\"@type\":\"ImageObject\",\"inLanguage\":\"fr-FR\",\"@id\":\"https:\\\/\\\/revolutionpadelstore.com\\\/fr\\\/#\\\/schema\\\/logo\\\/image\\\/\",\"url\":\"https:\\\/\\\/revolutionpadelstore.com\\\/wp-content\\\/uploads\\\/2026\\\/02\\\/revolution-padel-store.jpg\",\"contentUrl\":\"https:\\\/\\\/revolutionpadelstore.com\\\/wp-content\\\/uploads\\\/2026\\\/02\\\/revolution-padel-store.jpg\",\"width\":2000,\"height\":2000,\"caption\":\"Revolution Padel Store\"},\"image\":{\"@id\":\"https:\\\/\\\/revolutionpadelstore.com\\\/fr\\\/#\\\/schema\\\/logo\\\/image\\\/\"},\"sameAs\":[\"https:\\\/\\\/www.instagram.com\\\/revolutionpadelstore\\\/\"]}]}<\/script>\n<!-- \/ Yoast SEO plugin. -->","yoast_head_json":{"title":"NOX LA10 BY LEO AUGSBURGER 2024 - Revolution Padel Store","description":"Pala Nox La10 By Leo Augsburger 2024, una pala de diamante para jugar como el argenti Leo Augsburguer. Resistente y resolutiva.","robots":{"index":"index","follow":"follow","max-snippet":"max-snippet:-1","max-image-preview":"max-image-preview:large","max-video-preview":"max-video-preview:-1"},"canonical":"https:\/\/revolutionpadelstore.com\/fr\/produit\/nox-la10-by-leo-augsburger-2024-3\/","og_locale":"fr_FR","og_type":"article","og_title":"NOX LA10 BY LEO AUGSBURGER 2024 - Revolution Padel Store","og_description":"Pala Nox La10 By Leo Augsburger 2024, una pala de diamante para jugar como el argenti Leo Augsburguer. Resistente y resolutiva.","og_url":"https:\/\/revolutionpadelstore.com\/fr\/produit\/nox-la10-by-leo-augsburger-2024-3\/","og_site_name":"Revolution Padel Store","article_modified_time":"2026-04-01T09:18:35+00:00","og_image":[{"width":1500,"height":1500,"url":"https:\/\/revolutionpadelstore.com\/wp-content\/uploads\/2024\/03\/imagen_1_110808_97e29e61_94c2.webp","type":"image\/webp"}],"twitter_card":"summary_large_image","twitter_misc":{"Dur\u00e9e de lecture estim\u00e9e":"2 minutes"},"schema":{"@context":"https:\/\/schema.org","@graph":[{"@type":"WebPage","@id":"https:\/\/revolutionpadelstore.com\/fr\/produit\/nox-la10-by-leo-augsburger-2024-3\/","url":"https:\/\/revolutionpadelstore.com\/fr\/produit\/nox-la10-by-leo-augsburger-2024-3\/","name":"NOX LA10 BY LEO AUGSBURGER 2024 - Revolution Padel Store","isPartOf":{"@id":"https:\/\/revolutionpadelstore.com\/fr\/#website"},"primaryImageOfPage":{"@id":"https:\/\/revolutionpadelstore.com\/fr\/produit\/nox-la10-by-leo-augsburger-2024-3\/#primaryimage"},"image":{"@id":"https:\/\/revolutionpadelstore.com\/fr\/produit\/nox-la10-by-leo-augsburger-2024-3\/#primaryimage"},"thumbnailUrl":"https:\/\/revolutionpadelstore.com\/wp-content\/uploads\/2024\/03\/imagen_1_110808_97e29e61_94c2.webp","datePublished":"2024-03-23T16:19:42+00:00","dateModified":"2026-04-01T09:18:35+00:00","description":"Pala Nox La10 By Leo Augsburger 2024, una pala de diamante para jugar como el argenti Leo Augsburguer. Resistente y resolutiva.","breadcrumb":{"@id":"https:\/\/revolutionpadelstore.com\/fr\/produit\/nox-la10-by-leo-augsburger-2024-3\/#breadcrumb"},"inLanguage":"fr-FR","potentialAction":[{"@type":"ReadAction","target":["https:\/\/revolutionpadelstore.com\/fr\/produit\/nox-la10-by-leo-augsburger-2024-3\/"]}]},{"@type":"ImageObject","inLanguage":"fr-FR","@id":"https:\/\/revolutionpadelstore.com\/fr\/produit\/nox-la10-by-leo-augsburger-2024-3\/#primaryimage","url":"https:\/\/revolutionpadelstore.com\/wp-content\/uploads\/2024\/03\/imagen_1_110808_97e29e61_94c2.webp","contentUrl":"https:\/\/revolutionpadelstore.com\/wp-content\/uploads\/2024\/03\/imagen_1_110808_97e29e61_94c2.webp","width":1500,"height":1500},{"@type":"BreadcrumbList","@id":"https:\/\/revolutionpadelstore.com\/fr\/produit\/nox-la10-by-leo-augsburger-2024-3\/#breadcrumb","itemListElement":[{"@type":"ListItem","position":1,"name":"Portada","item":"https:\/\/revolutionpadelstore.com\/fr\/"},{"@type":"ListItem","position":2,"name":"Boutique","item":"https:\/\/revolutionpadelstore.com\/fr\/tienda\/"},{"@type":"ListItem","position":3,"name":"NOX LA10 BY LEO AUGSBURGER 2024"}]},{"@type":"WebSite","@id":"https:\/\/revolutionpadelstore.com\/fr\/#website","url":"https:\/\/revolutionpadelstore.com\/fr\/","name":"Revolution Padel Store","description":"","publisher":{"@id":"https:\/\/revolutionpadelstore.com\/fr\/#organization"},"potentialAction":[{"@type":"SearchAction","target":{"@type":"EntryPoint","urlTemplate":"https:\/\/revolutionpadelstore.com\/fr\/?s={search_term_string}"},"query-input":{"@type":"PropertyValueSpecification","valueRequired":true,"valueName":"search_term_string"}}],"inLanguage":"fr-FR"},{"@type":"Organization","@id":"https:\/\/revolutionpadelstore.com\/fr\/#organization","name":"Revolution Padel Store","url":"https:\/\/revolutionpadelstore.com\/fr\/","logo":{"@type":"ImageObject","inLanguage":"fr-FR","@id":"https:\/\/revolutionpadelstore.com\/fr\/#\/schema\/logo\/image\/","url":"https:\/\/revolutionpadelstore.com\/wp-content\/uploads\/2026\/02\/revolution-padel-store.jpg","contentUrl":"https:\/\/revolutionpadelstore.com\/wp-content\/uploads\/2026\/02\/revolution-padel-store.jpg","width":2000,"height":2000,"caption":"Revolution Padel Store"},"image":{"@id":"https:\/\/revolutionpadelstore.com\/fr\/#\/schema\/logo\/image\/"},"sameAs":["https:\/\/www.instagram.com\/revolutionpadelstore\/"]}]}},"_links":{"self":[{"href":"https:\/\/revolutionpadelstore.com\/fr\/wp-json\/wp\/v2\/product\/19955","targetHints":{"allow":["GET"]}}],"collection":[{"href":"https:\/\/revolutionpadelstore.com\/fr\/wp-json\/wp\/v2\/product"}],"about":[{"href":"https:\/\/revolutionpadelstore.com\/fr\/wp-json\/wp\/v2\/types\/product"}],"replies":[{"embeddable":true,"href":"https:\/\/revolutionpadelstore.com\/fr\/wp-json\/wp\/v2\/comments?post=19955"}],"wp:featuredmedia":[{"embeddable":true,"href":"https:\/\/revolutionpadelstore.com\/fr\/wp-json\/wp\/v2\/media\/51007"}],"wp:attachment":[{"href":"https:\/\/revolutionpadelstore.com\/fr\/wp-json\/wp\/v2\/media?parent=19955"}],"wp:term":[{"taxonomy":"acabado","embeddable":true,"href":"https:\/\/revolutionpadelstore.com\/fr\/wp-json\/wp\/v2\/acabado?post=19955"},{"taxonomy":"balance","embeddable":true,"href":"https:\/\/revolutionpadelstore.com\/fr\/wp-json\/wp\/v2\/balance?post=19955"},{"taxonomy":"dureza","embeddable":true,"href":"https:\/\/revolutionpadelstore.com\/fr\/wp-json\/wp\/v2\/dureza?post=19955"},{"taxonomy":"forma","embeddable":true,"href":"https:\/\/revolutionpadelstore.com\/fr\/wp-json\/wp\/v2\/forma?post=19955"},{"taxonomy":"jugador","embeddable":true,"href":"https:\/\/revolutionpadelstore.com\/fr\/wp-json\/wp\/v2\/jugador?post=19955"},{"taxonomy":"marca","embeddable":true,"href":"https:\/\/revolutionpadelstore.com\/fr\/wp-json\/wp\/v2\/marca?post=19955"},{"taxonomy":"nivel-de-juego","embeddable":true,"href":"https:\/\/revolutionpadelstore.com\/fr\/wp-json\/wp\/v2\/nivel-de-juego?post=19955"},{"taxonomy":"superficie","embeddable":true,"href":"https:\/\/revolutionpadelstore.com\/fr\/wp-json\/wp\/v2\/superficie?post=19955"},{"taxonomy":"tipo-de-juego","embeddable":true,"href":"https:\/\/revolutionpadelstore.com\/fr\/wp-json\/wp\/v2\/tipo-de-juego?post=19955"},{"taxonomy":"product_brand","embeddable":true,"href":"https:\/\/revolutionpadelstore.com\/fr\/wp-json\/wp\/v2\/product_brand?post=19955"},{"taxonomy":"product_cat","embeddable":true,"href":"https:\/\/revolutionpadelstore.com\/fr\/wp-json\/wp\/v2\/product_cat?post=19955"},{"taxonomy":"product_tag","embeddable":true,"href":"https:\/\/revolutionpadelstore.com\/fr\/wp-json\/wp\/v2\/product_tag?post=19955"}],"curies":[{"name":"wp","href":"https:\/\/api.w.org\/{rel}","templated":true}]}}