{"id":19950,"date":"2024-03-23T17:22:01","date_gmt":"2024-03-23T16:22:01","guid":{"rendered":"https:\/\/revolutionpadelstore.com\/nox-tl10-by-tino-libaak-2024\/"},"modified":"2026-04-01T11:18:00","modified_gmt":"2026-04-01T09:18:00","slug":"nox-tl10-by-tino-libaak-2024-3","status":"publish","type":"product","link":"https:\/\/revolutionpadelstore.com\/fr\/produit\/nox-tl10-by-tino-libaak-2024-3\/","title":{"rendered":"NOX TL10 BY TINO LIBAAK 2024"},"content":{"rendered":"<h2>Nox TL10 par Tino Libaak 2024, grande polyvalence dans la frappe<\/h2>\n<p>La raquette de padel Nox TL10 de Tino Libaak 2024 est l&#8217;option id\u00e9ale pour les joueurs de niveau avanc\u00e9 \u00e0 la recherche d&#8217;un contr\u00f4le et d&#8217;une puissance exceptionnels \u00e0 chaque match ou entra\u00eenement. Son poids varie entre <strong>360 et 375 grammes<\/strong>, il offre donc une bonne maniabilit\u00e9 et l\u00e9g\u00e8ret\u00e9.<\/p>\n<p>Gr\u00e2ce \u00e0 sa <strong>forme en forme de goutte<\/strong>, cette raquette <strong>Nox 2024<\/strong> se distingue par sa polyvalence et son adaptabilit\u00e9 \u00e0 toutes les situations pouvant survenir sur le terrain. Gr\u00e2ce \u00e0 cette forme, au large sweet spot, au contr\u00f4le am\u00e9lior\u00e9, \u00e0 la superbe puissance et \u00e0 l&#8217;excellente maniabilit\u00e9, vous pourrez r\u00e9agir rapidement aux jeux rapides et frapper les balles lentes avec pr\u00e9cision.<\/p>\n<h2>Vitesse et g\u00e9rabilit\u00e9<\/h2>\n<p>Concernant sa composition, la TL10 Future poss\u00e8de des faces en Carbone Aluminis\u00e9 12K entrelac\u00e9, ce qui conf\u00e8re \u00e0 la raquette une puissance \u00e9norme pour des vol\u00e9es fermes et rapides.<\/p>\n<p>De la m\u00eame mani\u00e8re, gr\u00e2ce \u00e0 la <strong><em>Rough Surface<\/em><\/strong>, qui consiste en une finition rugueuse ajout\u00e9e \u00e0 la derni\u00e8re couche des avions, ce qui favorise l&#8217;obtention d&#8217;effets lors de la frappe. Cela rendra difficile le retour du coup.<\/p>\n<p>Quant au noyau interne, on a utilis\u00e9 le <strong>caoutchouc HR3<\/strong>, un caoutchouc de haute densit\u00e9 avec un grand effet de m\u00e9moire qui offre un excellent rendement de balle et une grande puissance de frappe, m\u00eame depuis le fond du terrain. De plus, il int\u00e8gre un <strong>cadre en carbone<\/strong>, qui offre une rigidit\u00e9 et une plus grande durabilit\u00e9 qui prolonge sa dur\u00e9e de vie utile.<\/p>\n<h3>Hautes performances<\/h3>\n<p>De m\u00eame, il comprend la technologie innovante <strong><em>Smart Strap<\/em><\/strong>, qui permet de changer le cordon de s\u00e9curit\u00e9 de mani\u00e8re simple, hygi\u00e9nique et agile afin que vous puissiez le changer en fonction de vos besoins, que ce soit en raison de casse, d&#8217;usure ou de lavage.<\/p>\n<p>La <strong><em>Structure Composite Dynamique<\/em><\/strong>est charg\u00e9e de prot\u00e9ger l&#8217;ext\u00e9rieur contre d&#8217;\u00e9ventuelles fissures caus\u00e9es par les impacts. Ceci est obtenu en appliquant une plus grande quantit\u00e9 de mat\u00e9riau de la monture jusqu&#8217;\u00e0 quatre centim\u00e8tres \u00e0 l&#8217;int\u00e9rieur du visage.<\/p>\n<h2>Nox TL10 by Tino Libaak 2024, gran versatilidad en el golpeo<\/h2>\n","protected":false},"excerpt":{"rendered":"<p>Nox TL10 de Tino Libaak 2024, une raquette en forme de larme avec un grand sweet spot qui permet une grande adaptabilit\u00e9 aux diff\u00e9rentes situations sur le terrain. Noyau en caoutchouc HR3 et faces en carbone aluminis\u00e9 12K<\/p>\n","protected":false},"featured_media":51000,"comment_status":"open","ping_status":"closed","template":"","meta":{"_acf_changed":false,"_joinchat":[]},"acabado":[],"balance":[1137],"dureza":[1157],"forma":[1187],"jugador":[1192,1202],"marca":[1262],"nivel-de-juego":[1337],"superficie":[1362],"tipo-de-juego":[1387],"product_brand":[],"product_cat":[302],"product_tag":[],"class_list":{"0":"post-19950","1":"product","2":"type-product","3":"status-publish","4":"has-post-thumbnail","6":"balance-eleve","7":"dureza-media-fr","8":"forma-lagrima-fr","9":"jugador-homme","10":"jugador-polivalente-fr","11":"marca-nox-fr","12":"superficie-rugosa-fr","13":"tipo-de-juego-polivalente-fr","14":"product_cat-palas-de-padel-fr","16":"first","17":"instock","18":"taxable","19":"shipping-taxable","20":"purchasable","21":"product-type-simple"},"acf":[],"yoast_head":"<!-- This site is optimized with the Yoast SEO plugin v27.3 - https:\/\/yoast.com\/product\/yoast-seo-wordpress\/ -->\n<title>NOX TL10 BY TINO LIBAAK 2024 - Revolution Padel Store<\/title>\n<meta name=\"description\" content=\"Nox TL10 by Tino Libaak 2024, pala con forma de l\u00e1grima y amplio punto dulce que permite una gran adaptabilidad a diferentes situaciones en la pista. N\u00facleo de goma HR3 y caras de Carbono 12K Aluminizado\" \/>\n<meta name=\"robots\" content=\"index, follow, max-snippet:-1, max-image-preview:large, max-video-preview:-1\" \/>\n<link rel=\"canonical\" href=\"https:\/\/revolutionpadelstore.com\/fr\/produit\/nox-tl10-by-tino-libaak-2024-3\/\" \/>\n<meta property=\"og:locale\" content=\"fr_FR\" \/>\n<meta property=\"og:type\" content=\"article\" \/>\n<meta property=\"og:title\" content=\"NOX TL10 BY TINO LIBAAK 2024 - Revolution Padel Store\" \/>\n<meta property=\"og:description\" content=\"Nox TL10 by Tino Libaak 2024, pala con forma de l\u00e1grima y amplio punto dulce que permite una gran adaptabilidad a diferentes situaciones en la pista. N\u00facleo de goma HR3 y caras de Carbono 12K Aluminizado\" \/>\n<meta property=\"og:url\" content=\"https:\/\/revolutionpadelstore.com\/fr\/produit\/nox-tl10-by-tino-libaak-2024-3\/\" \/>\n<meta property=\"og:site_name\" content=\"Revolution Padel Store\" \/>\n<meta property=\"article:modified_time\" content=\"2026-04-01T09:18:00+00:00\" \/>\n<meta property=\"og:image\" content=\"https:\/\/revolutionpadelstore.com\/wp-content\/uploads\/2024\/03\/imagen_1_110813_57660767_8c30.webp\" \/>\n\t<meta property=\"og:image:width\" content=\"1500\" \/>\n\t<meta property=\"og:image:height\" content=\"1500\" \/>\n\t<meta property=\"og:image:type\" content=\"image\/webp\" \/>\n<meta name=\"twitter:card\" content=\"summary_large_image\" \/>\n<meta name=\"twitter:label1\" content=\"Dur\u00e9e de lecture estim\u00e9e\" \/>\n\t<meta name=\"twitter:data1\" content=\"2 minutes\" \/>\n<script type=\"application\/ld+json\" class=\"yoast-schema-graph\">{\"@context\":\"https:\\\/\\\/schema.org\",\"@graph\":[{\"@type\":\"WebPage\",\"@id\":\"https:\\\/\\\/revolutionpadelstore.com\\\/fr\\\/produit\\\/nox-tl10-by-tino-libaak-2024-3\\\/\",\"url\":\"https:\\\/\\\/revolutionpadelstore.com\\\/fr\\\/produit\\\/nox-tl10-by-tino-libaak-2024-3\\\/\",\"name\":\"NOX TL10 BY TINO LIBAAK 2024 - Revolution Padel Store\",\"isPartOf\":{\"@id\":\"https:\\\/\\\/revolutionpadelstore.com\\\/fr\\\/#website\"},\"primaryImageOfPage\":{\"@id\":\"https:\\\/\\\/revolutionpadelstore.com\\\/fr\\\/produit\\\/nox-tl10-by-tino-libaak-2024-3\\\/#primaryimage\"},\"image\":{\"@id\":\"https:\\\/\\\/revolutionpadelstore.com\\\/fr\\\/produit\\\/nox-tl10-by-tino-libaak-2024-3\\\/#primaryimage\"},\"thumbnailUrl\":\"https:\\\/\\\/revolutionpadelstore.com\\\/wp-content\\\/uploads\\\/2024\\\/03\\\/imagen_1_110813_57660767_8c30.webp\",\"datePublished\":\"2024-03-23T16:22:01+00:00\",\"dateModified\":\"2026-04-01T09:18:00+00:00\",\"description\":\"Nox TL10 by Tino Libaak 2024, pala con forma de l\u00e1grima y amplio punto dulce que permite una gran adaptabilidad a diferentes situaciones en la pista. N\u00facleo de goma HR3 y caras de Carbono 12K Aluminizado\",\"breadcrumb\":{\"@id\":\"https:\\\/\\\/revolutionpadelstore.com\\\/fr\\\/produit\\\/nox-tl10-by-tino-libaak-2024-3\\\/#breadcrumb\"},\"inLanguage\":\"fr-FR\",\"potentialAction\":[{\"@type\":\"ReadAction\",\"target\":[\"https:\\\/\\\/revolutionpadelstore.com\\\/fr\\\/produit\\\/nox-tl10-by-tino-libaak-2024-3\\\/\"]}]},{\"@type\":\"ImageObject\",\"inLanguage\":\"fr-FR\",\"@id\":\"https:\\\/\\\/revolutionpadelstore.com\\\/fr\\\/produit\\\/nox-tl10-by-tino-libaak-2024-3\\\/#primaryimage\",\"url\":\"https:\\\/\\\/revolutionpadelstore.com\\\/wp-content\\\/uploads\\\/2024\\\/03\\\/imagen_1_110813_57660767_8c30.webp\",\"contentUrl\":\"https:\\\/\\\/revolutionpadelstore.com\\\/wp-content\\\/uploads\\\/2024\\\/03\\\/imagen_1_110813_57660767_8c30.webp\",\"width\":1500,\"height\":1500},{\"@type\":\"BreadcrumbList\",\"@id\":\"https:\\\/\\\/revolutionpadelstore.com\\\/fr\\\/produit\\\/nox-tl10-by-tino-libaak-2024-3\\\/#breadcrumb\",\"itemListElement\":[{\"@type\":\"ListItem\",\"position\":1,\"name\":\"Portada\",\"item\":\"https:\\\/\\\/revolutionpadelstore.com\\\/fr\\\/\"},{\"@type\":\"ListItem\",\"position\":2,\"name\":\"Boutique\",\"item\":\"https:\\\/\\\/revolutionpadelstore.com\\\/fr\\\/tienda\\\/\"},{\"@type\":\"ListItem\",\"position\":3,\"name\":\"NOX TL10 BY TINO LIBAAK 2024\"}]},{\"@type\":\"WebSite\",\"@id\":\"https:\\\/\\\/revolutionpadelstore.com\\\/fr\\\/#website\",\"url\":\"https:\\\/\\\/revolutionpadelstore.com\\\/fr\\\/\",\"name\":\"Revolution Padel Store\",\"description\":\"\",\"publisher\":{\"@id\":\"https:\\\/\\\/revolutionpadelstore.com\\\/fr\\\/#organization\"},\"potentialAction\":[{\"@type\":\"SearchAction\",\"target\":{\"@type\":\"EntryPoint\",\"urlTemplate\":\"https:\\\/\\\/revolutionpadelstore.com\\\/fr\\\/?s={search_term_string}\"},\"query-input\":{\"@type\":\"PropertyValueSpecification\",\"valueRequired\":true,\"valueName\":\"search_term_string\"}}],\"inLanguage\":\"fr-FR\"},{\"@type\":\"Organization\",\"@id\":\"https:\\\/\\\/revolutionpadelstore.com\\\/fr\\\/#organization\",\"name\":\"Revolution Padel Store\",\"url\":\"https:\\\/\\\/revolutionpadelstore.com\\\/fr\\\/\",\"logo\":{\"@type\":\"ImageObject\",\"inLanguage\":\"fr-FR\",\"@id\":\"https:\\\/\\\/revolutionpadelstore.com\\\/fr\\\/#\\\/schema\\\/logo\\\/image\\\/\",\"url\":\"https:\\\/\\\/revolutionpadelstore.com\\\/wp-content\\\/uploads\\\/2026\\\/02\\\/revolution-padel-store.jpg\",\"contentUrl\":\"https:\\\/\\\/revolutionpadelstore.com\\\/wp-content\\\/uploads\\\/2026\\\/02\\\/revolution-padel-store.jpg\",\"width\":2000,\"height\":2000,\"caption\":\"Revolution Padel Store\"},\"image\":{\"@id\":\"https:\\\/\\\/revolutionpadelstore.com\\\/fr\\\/#\\\/schema\\\/logo\\\/image\\\/\"},\"sameAs\":[\"https:\\\/\\\/www.instagram.com\\\/revolutionpadelstore\\\/\"]}]}<\/script>\n<!-- \/ Yoast SEO plugin. -->","yoast_head_json":{"title":"NOX TL10 BY TINO LIBAAK 2024 - Revolution Padel Store","description":"Nox TL10 by Tino Libaak 2024, pala con forma de l\u00e1grima y amplio punto dulce que permite una gran adaptabilidad a diferentes situaciones en la pista. N\u00facleo de goma HR3 y caras de Carbono 12K Aluminizado","robots":{"index":"index","follow":"follow","max-snippet":"max-snippet:-1","max-image-preview":"max-image-preview:large","max-video-preview":"max-video-preview:-1"},"canonical":"https:\/\/revolutionpadelstore.com\/fr\/produit\/nox-tl10-by-tino-libaak-2024-3\/","og_locale":"fr_FR","og_type":"article","og_title":"NOX TL10 BY TINO LIBAAK 2024 - Revolution Padel Store","og_description":"Nox TL10 by Tino Libaak 2024, pala con forma de l\u00e1grima y amplio punto dulce que permite una gran adaptabilidad a diferentes situaciones en la pista. N\u00facleo de goma HR3 y caras de Carbono 12K Aluminizado","og_url":"https:\/\/revolutionpadelstore.com\/fr\/produit\/nox-tl10-by-tino-libaak-2024-3\/","og_site_name":"Revolution Padel Store","article_modified_time":"2026-04-01T09:18:00+00:00","og_image":[{"width":1500,"height":1500,"url":"https:\/\/revolutionpadelstore.com\/wp-content\/uploads\/2024\/03\/imagen_1_110813_57660767_8c30.webp","type":"image\/webp"}],"twitter_card":"summary_large_image","twitter_misc":{"Dur\u00e9e de lecture estim\u00e9e":"2 minutes"},"schema":{"@context":"https:\/\/schema.org","@graph":[{"@type":"WebPage","@id":"https:\/\/revolutionpadelstore.com\/fr\/produit\/nox-tl10-by-tino-libaak-2024-3\/","url":"https:\/\/revolutionpadelstore.com\/fr\/produit\/nox-tl10-by-tino-libaak-2024-3\/","name":"NOX TL10 BY TINO LIBAAK 2024 - Revolution Padel Store","isPartOf":{"@id":"https:\/\/revolutionpadelstore.com\/fr\/#website"},"primaryImageOfPage":{"@id":"https:\/\/revolutionpadelstore.com\/fr\/produit\/nox-tl10-by-tino-libaak-2024-3\/#primaryimage"},"image":{"@id":"https:\/\/revolutionpadelstore.com\/fr\/produit\/nox-tl10-by-tino-libaak-2024-3\/#primaryimage"},"thumbnailUrl":"https:\/\/revolutionpadelstore.com\/wp-content\/uploads\/2024\/03\/imagen_1_110813_57660767_8c30.webp","datePublished":"2024-03-23T16:22:01+00:00","dateModified":"2026-04-01T09:18:00+00:00","description":"Nox TL10 by Tino Libaak 2024, pala con forma de l\u00e1grima y amplio punto dulce que permite una gran adaptabilidad a diferentes situaciones en la pista. N\u00facleo de goma HR3 y caras de Carbono 12K Aluminizado","breadcrumb":{"@id":"https:\/\/revolutionpadelstore.com\/fr\/produit\/nox-tl10-by-tino-libaak-2024-3\/#breadcrumb"},"inLanguage":"fr-FR","potentialAction":[{"@type":"ReadAction","target":["https:\/\/revolutionpadelstore.com\/fr\/produit\/nox-tl10-by-tino-libaak-2024-3\/"]}]},{"@type":"ImageObject","inLanguage":"fr-FR","@id":"https:\/\/revolutionpadelstore.com\/fr\/produit\/nox-tl10-by-tino-libaak-2024-3\/#primaryimage","url":"https:\/\/revolutionpadelstore.com\/wp-content\/uploads\/2024\/03\/imagen_1_110813_57660767_8c30.webp","contentUrl":"https:\/\/revolutionpadelstore.com\/wp-content\/uploads\/2024\/03\/imagen_1_110813_57660767_8c30.webp","width":1500,"height":1500},{"@type":"BreadcrumbList","@id":"https:\/\/revolutionpadelstore.com\/fr\/produit\/nox-tl10-by-tino-libaak-2024-3\/#breadcrumb","itemListElement":[{"@type":"ListItem","position":1,"name":"Portada","item":"https:\/\/revolutionpadelstore.com\/fr\/"},{"@type":"ListItem","position":2,"name":"Boutique","item":"https:\/\/revolutionpadelstore.com\/fr\/tienda\/"},{"@type":"ListItem","position":3,"name":"NOX TL10 BY TINO LIBAAK 2024"}]},{"@type":"WebSite","@id":"https:\/\/revolutionpadelstore.com\/fr\/#website","url":"https:\/\/revolutionpadelstore.com\/fr\/","name":"Revolution Padel Store","description":"","publisher":{"@id":"https:\/\/revolutionpadelstore.com\/fr\/#organization"},"potentialAction":[{"@type":"SearchAction","target":{"@type":"EntryPoint","urlTemplate":"https:\/\/revolutionpadelstore.com\/fr\/?s={search_term_string}"},"query-input":{"@type":"PropertyValueSpecification","valueRequired":true,"valueName":"search_term_string"}}],"inLanguage":"fr-FR"},{"@type":"Organization","@id":"https:\/\/revolutionpadelstore.com\/fr\/#organization","name":"Revolution Padel Store","url":"https:\/\/revolutionpadelstore.com\/fr\/","logo":{"@type":"ImageObject","inLanguage":"fr-FR","@id":"https:\/\/revolutionpadelstore.com\/fr\/#\/schema\/logo\/image\/","url":"https:\/\/revolutionpadelstore.com\/wp-content\/uploads\/2026\/02\/revolution-padel-store.jpg","contentUrl":"https:\/\/revolutionpadelstore.com\/wp-content\/uploads\/2026\/02\/revolution-padel-store.jpg","width":2000,"height":2000,"caption":"Revolution Padel Store"},"image":{"@id":"https:\/\/revolutionpadelstore.com\/fr\/#\/schema\/logo\/image\/"},"sameAs":["https:\/\/www.instagram.com\/revolutionpadelstore\/"]}]}},"_links":{"self":[{"href":"https:\/\/revolutionpadelstore.com\/fr\/wp-json\/wp\/v2\/product\/19950","targetHints":{"allow":["GET"]}}],"collection":[{"href":"https:\/\/revolutionpadelstore.com\/fr\/wp-json\/wp\/v2\/product"}],"about":[{"href":"https:\/\/revolutionpadelstore.com\/fr\/wp-json\/wp\/v2\/types\/product"}],"replies":[{"embeddable":true,"href":"https:\/\/revolutionpadelstore.com\/fr\/wp-json\/wp\/v2\/comments?post=19950"}],"wp:featuredmedia":[{"embeddable":true,"href":"https:\/\/revolutionpadelstore.com\/fr\/wp-json\/wp\/v2\/media\/51000"}],"wp:attachment":[{"href":"https:\/\/revolutionpadelstore.com\/fr\/wp-json\/wp\/v2\/media?parent=19950"}],"wp:term":[{"taxonomy":"acabado","embeddable":true,"href":"https:\/\/revolutionpadelstore.com\/fr\/wp-json\/wp\/v2\/acabado?post=19950"},{"taxonomy":"balance","embeddable":true,"href":"https:\/\/revolutionpadelstore.com\/fr\/wp-json\/wp\/v2\/balance?post=19950"},{"taxonomy":"dureza","embeddable":true,"href":"https:\/\/revolutionpadelstore.com\/fr\/wp-json\/wp\/v2\/dureza?post=19950"},{"taxonomy":"forma","embeddable":true,"href":"https:\/\/revolutionpadelstore.com\/fr\/wp-json\/wp\/v2\/forma?post=19950"},{"taxonomy":"jugador","embeddable":true,"href":"https:\/\/revolutionpadelstore.com\/fr\/wp-json\/wp\/v2\/jugador?post=19950"},{"taxonomy":"marca","embeddable":true,"href":"https:\/\/revolutionpadelstore.com\/fr\/wp-json\/wp\/v2\/marca?post=19950"},{"taxonomy":"nivel-de-juego","embeddable":true,"href":"https:\/\/revolutionpadelstore.com\/fr\/wp-json\/wp\/v2\/nivel-de-juego?post=19950"},{"taxonomy":"superficie","embeddable":true,"href":"https:\/\/revolutionpadelstore.com\/fr\/wp-json\/wp\/v2\/superficie?post=19950"},{"taxonomy":"tipo-de-juego","embeddable":true,"href":"https:\/\/revolutionpadelstore.com\/fr\/wp-json\/wp\/v2\/tipo-de-juego?post=19950"},{"taxonomy":"product_brand","embeddable":true,"href":"https:\/\/revolutionpadelstore.com\/fr\/wp-json\/wp\/v2\/product_brand?post=19950"},{"taxonomy":"product_cat","embeddable":true,"href":"https:\/\/revolutionpadelstore.com\/fr\/wp-json\/wp\/v2\/product_cat?post=19950"},{"taxonomy":"product_tag","embeddable":true,"href":"https:\/\/revolutionpadelstore.com\/fr\/wp-json\/wp\/v2\/product_tag?post=19950"}],"curies":[{"name":"wp","href":"https:\/\/api.w.org\/{rel}","templated":true}]}}