{"id":198817,"date":"2025-02-26T23:46:24","date_gmt":"2025-02-26T22:46:24","guid":{"rendered":"https:\/\/revolutionpadelstore.com\/joma-master-1000-lady-2502-blanco\/"},"modified":"2026-04-01T02:59:19","modified_gmt":"2026-04-01T00:59:19","slug":"joma-master-1000-lady-2502-blanco-3","status":"publish","type":"product","link":"https:\/\/revolutionpadelstore.com\/fr\/produit\/joma-master-1000-lady-2502-blanco-3\/","title":{"rendered":"JOMA MASTER 1000 LADY 2502 BLANCO"},"content":{"rendered":"<h2> Padel Chaussures pour femmes Joma T.Master 1000 Lady 2502 White<br \/>\nLa dame Joma T.Master 1000 2502 est les chaussures id\u00e9ales pour les joueurs qui commencent dans la pagaie et cherchent \u00e0 am\u00e9liorer leur technique avec confort, protection et amorti optimal. Con\u00e7us pour offrir de la stabilit\u00e9 et de la r\u00e9sistance, ces chaussures combinent des mat\u00e9riaux l\u00e9gers et des technologies avanc\u00e9es pour maximiser les performances sur la piste.<\/p>\n<h2> <strong> Caract\u00e9ristiques principales <\/strong> <\/h2>\n<p style=\"padding-left: 40px\"> &#8211; Design l\u00e9ger et respirant<br \/>\nLa tige est fabriqu\u00e9e dans des semimicrofibra flexibles avec des panneaux de maille VTS Brephables, permettant une ventilation optimale et emp\u00eache la surchauffe du pied. <\/p>\n<\/p>\n<p style=\"padding-left: 40px\"> &#8211; amortissement et stabilit\u00e9<br \/>\nLa semelle interm\u00e9diaire du phylon l\u00e9ger absorbe les impacts sur chaque empreinte, offrant un confort dans chaque mouvement. De plus, il int\u00e8gre la technologie de protection, qui renforce le c\u00f4t\u00e9 pour une plus grande r\u00e9sistance et durabilit\u00e9.<\/p>\n<p style=\"padding-left: 40px\"> &#8211; Adh\u00e9sion maximale sur la piste<br \/>\nLa semelle en caoutchouc de durabilit\u00e9 avec dessin de pointe (argile) offre une excellente adh\u00e9rence sur les pistes glissantes, permettant des glissements de terrain contr\u00f4l\u00e9s et une expulsion de sable. <\/p>\n<h2> <strong> technologies pro\u00e9minentes <\/strong> <\/h2>\n<p> &#8211; Durabilit\u00e9 High Resistance Rubber qui retarde l&#8217;usure de l&#8217;abrasion.<br \/>\n-Protection &#8211; Mat\u00e9riel inject\u00e9 qui renforce l&#8217;orteil et lat\u00e9rale pour une plus grande durabilit\u00e9.<br \/>\n-VTS-Ventilation Syst\u00e8me qui r\u00e9gule la temp\u00e9rature du pied et \u00e9vite la surchauffe. <\/p>\n<h2> <strong> Sp\u00e9cifications <\/strong> <\/h2>\n<p> &#8211; Utilisation recommand\u00e9e: formation et initiation <\/p>\n<p style=\"padding-left: 40px\"> &#8211; Cut: semi-fonction avec maillage respirant VTS <\/p>\n<p> &#8211; Stockage: Phylon l\u00e9ger et flexible <\/p>\n<p> &#8211; Sole: Durabilit\u00e9 Rubber avec motif de pointe <\/p>\n<p style=\"padding-left: 40px\"> &#8211; Couleur: blanc <\/p>\n<p> &#8211; R\u00e9f\u00e9rence: TM10LS2502C <\/p>\n<h2> <strong> Obtenez le Joma T.Master 1000 au meilleur prix <\/strong> <\/h2>\n<p>D\u00e9couvrez l&#8217;\u00e9quilibre parfait entre le confort, l&#8217;amortissement et l&#8217;adh\u00e9rence avec le <strong> Joma T.Master 1000 <\/strong>. Parfait pour les joueurs \u00e0 la recherche de chaussures fiables et durables dans leurs premiers pas dans la pagaie. Obtenez-les maintenant dans notre boutique en ligne <a href=\"https:\/\/chatgpt.com\/g\/g-675432e026888191b6ee6d6f2fdbb15e-optimization-textos\/c\/www.revolutionpadelstore.com\"> www.revolutionpadelstore.com probablement au prix du march\u00e9!<\/p>\n<h2>Zapatillas de P\u00e1del para Mujer Joma T.Master 1000 lady 2502 Blanco<\/h2>\n","protected":false},"excerpt":{"rendered":"<p>La dame Joma T.Master 1000 2502 est la chaussure parfaite pour les joueurs d\u00e9butants de la pagaie qui souhaitent am\u00e9liorer leur technique avec confort, protection et excellent amorti. Con\u00e7us pour assurer la stabilit\u00e9 et la durabilit\u00e9, ces chaussures int\u00e8grent des mat\u00e9riaux l\u00e9gers et des technologies innovantes pour optimiser les performances sur le terrain.<\/p>\n","protected":false},"featured_media":197579,"comment_status":"open","ping_status":"closed","template":"","meta":{"_acf_changed":false,"_joinchat":[]},"acabado":[],"balance":[],"dureza":[],"forma":[],"jugador":[1197],"marca":[1227],"nivel-de-juego":[],"superficie":[],"tipo-de-juego":[],"product_brand":[],"product_cat":[830],"product_tag":[],"class_list":{"0":"post-198817","1":"product","2":"type-product","3":"status-publish","4":"has-post-thumbnail","6":"jugador-mujer-fr","7":"marca-joma-fr","8":"product_cat-baskets","10":"first","11":"outofstock","12":"sale","13":"taxable","14":"shipping-taxable","15":"purchasable","16":"product-type-variable"},"acf":[],"yoast_head":"<!-- This site is optimized with the Yoast SEO plugin v27.3 - https:\/\/yoast.com\/product\/yoast-seo-wordpress\/ -->\n<title>JOMA MASTER 1000 LADY 2502 BLANCO - Revolution Padel Store<\/title>\n<meta name=\"description\" content=\"Compra las zapatillas de p\u00e1del para mujer Joma T.Master 1000 con tecnolog\u00eda Durability, VTS y Protection. Comodidad, amortiguaci\u00f3n y agarre al mejor precio en www.revolutionpadelstore.com.\" \/>\n<meta name=\"robots\" content=\"index, follow, max-snippet:-1, max-image-preview:large, max-video-preview:-1\" \/>\n<link rel=\"canonical\" href=\"https:\/\/revolutionpadelstore.com\/fr\/produit\/joma-master-1000-lady-2502-blanco-3\/\" \/>\n<meta property=\"og:locale\" content=\"fr_FR\" \/>\n<meta property=\"og:type\" content=\"article\" \/>\n<meta property=\"og:title\" content=\"JOMA MASTER 1000 LADY 2502 BLANCO - Revolution Padel Store\" \/>\n<meta property=\"og:description\" content=\"Compra las zapatillas de p\u00e1del para mujer Joma T.Master 1000 con tecnolog\u00eda Durability, VTS y Protection. Comodidad, amortiguaci\u00f3n y agarre al mejor precio en www.revolutionpadelstore.com.\" \/>\n<meta property=\"og:url\" content=\"https:\/\/revolutionpadelstore.com\/fr\/produit\/joma-master-1000-lady-2502-blanco-3\/\" \/>\n<meta property=\"og:site_name\" content=\"Revolution Padel Store\" \/>\n<meta property=\"article:modified_time\" content=\"2026-04-01T00:59:19+00:00\" \/>\n<meta property=\"og:image\" content=\"https:\/\/revolutionpadelstore.com\/wp-content\/uploads\/2025\/02\/FOTO-PALAS-7.png\" \/>\n\t<meta property=\"og:image:width\" content=\"1500\" \/>\n\t<meta property=\"og:image:height\" content=\"1500\" \/>\n\t<meta property=\"og:image:type\" content=\"image\/png\" \/>\n<meta name=\"twitter:card\" content=\"summary_large_image\" \/>\n<meta name=\"twitter:label1\" content=\"Dur\u00e9e de lecture estim\u00e9e\" \/>\n\t<meta name=\"twitter:data1\" content=\"2 minutes\" \/>\n<script type=\"application\/ld+json\" class=\"yoast-schema-graph\">{\"@context\":\"https:\\\/\\\/schema.org\",\"@graph\":[{\"@type\":\"WebPage\",\"@id\":\"https:\\\/\\\/revolutionpadelstore.com\\\/fr\\\/produit\\\/joma-master-1000-lady-2502-blanco-3\\\/\",\"url\":\"https:\\\/\\\/revolutionpadelstore.com\\\/fr\\\/produit\\\/joma-master-1000-lady-2502-blanco-3\\\/\",\"name\":\"JOMA MASTER 1000 LADY 2502 BLANCO - Revolution Padel Store\",\"isPartOf\":{\"@id\":\"https:\\\/\\\/revolutionpadelstore.com\\\/fr\\\/#website\"},\"primaryImageOfPage\":{\"@id\":\"https:\\\/\\\/revolutionpadelstore.com\\\/fr\\\/produit\\\/joma-master-1000-lady-2502-blanco-3\\\/#primaryimage\"},\"image\":{\"@id\":\"https:\\\/\\\/revolutionpadelstore.com\\\/fr\\\/produit\\\/joma-master-1000-lady-2502-blanco-3\\\/#primaryimage\"},\"thumbnailUrl\":\"https:\\\/\\\/revolutionpadelstore.com\\\/wp-content\\\/uploads\\\/2025\\\/02\\\/FOTO-PALAS-7.png\",\"datePublished\":\"2025-02-26T22:46:24+00:00\",\"dateModified\":\"2026-04-01T00:59:19+00:00\",\"description\":\"Compra las zapatillas de p\u00e1del para mujer Joma T.Master 1000 con tecnolog\u00eda Durability, VTS y Protection. Comodidad, amortiguaci\u00f3n y agarre al mejor precio en www.revolutionpadelstore.com.\",\"breadcrumb\":{\"@id\":\"https:\\\/\\\/revolutionpadelstore.com\\\/fr\\\/produit\\\/joma-master-1000-lady-2502-blanco-3\\\/#breadcrumb\"},\"inLanguage\":\"fr-FR\",\"potentialAction\":[{\"@type\":\"ReadAction\",\"target\":[\"https:\\\/\\\/revolutionpadelstore.com\\\/fr\\\/produit\\\/joma-master-1000-lady-2502-blanco-3\\\/\"]}]},{\"@type\":\"ImageObject\",\"inLanguage\":\"fr-FR\",\"@id\":\"https:\\\/\\\/revolutionpadelstore.com\\\/fr\\\/produit\\\/joma-master-1000-lady-2502-blanco-3\\\/#primaryimage\",\"url\":\"https:\\\/\\\/revolutionpadelstore.com\\\/wp-content\\\/uploads\\\/2025\\\/02\\\/FOTO-PALAS-7.png\",\"contentUrl\":\"https:\\\/\\\/revolutionpadelstore.com\\\/wp-content\\\/uploads\\\/2025\\\/02\\\/FOTO-PALAS-7.png\",\"width\":1500,\"height\":1500},{\"@type\":\"BreadcrumbList\",\"@id\":\"https:\\\/\\\/revolutionpadelstore.com\\\/fr\\\/produit\\\/joma-master-1000-lady-2502-blanco-3\\\/#breadcrumb\",\"itemListElement\":[{\"@type\":\"ListItem\",\"position\":1,\"name\":\"Portada\",\"item\":\"https:\\\/\\\/revolutionpadelstore.com\\\/fr\\\/\"},{\"@type\":\"ListItem\",\"position\":2,\"name\":\"Boutique\",\"item\":\"https:\\\/\\\/revolutionpadelstore.com\\\/fr\\\/tienda\\\/\"},{\"@type\":\"ListItem\",\"position\":3,\"name\":\"JOMA MASTER 1000 LADY 2502 BLANCO\"}]},{\"@type\":\"WebSite\",\"@id\":\"https:\\\/\\\/revolutionpadelstore.com\\\/fr\\\/#website\",\"url\":\"https:\\\/\\\/revolutionpadelstore.com\\\/fr\\\/\",\"name\":\"Revolution Padel Store\",\"description\":\"\",\"publisher\":{\"@id\":\"https:\\\/\\\/revolutionpadelstore.com\\\/fr\\\/#organization\"},\"potentialAction\":[{\"@type\":\"SearchAction\",\"target\":{\"@type\":\"EntryPoint\",\"urlTemplate\":\"https:\\\/\\\/revolutionpadelstore.com\\\/fr\\\/?s={search_term_string}\"},\"query-input\":{\"@type\":\"PropertyValueSpecification\",\"valueRequired\":true,\"valueName\":\"search_term_string\"}}],\"inLanguage\":\"fr-FR\"},{\"@type\":\"Organization\",\"@id\":\"https:\\\/\\\/revolutionpadelstore.com\\\/fr\\\/#organization\",\"name\":\"Revolution Padel Store\",\"url\":\"https:\\\/\\\/revolutionpadelstore.com\\\/fr\\\/\",\"logo\":{\"@type\":\"ImageObject\",\"inLanguage\":\"fr-FR\",\"@id\":\"https:\\\/\\\/revolutionpadelstore.com\\\/fr\\\/#\\\/schema\\\/logo\\\/image\\\/\",\"url\":\"https:\\\/\\\/revolutionpadelstore.com\\\/wp-content\\\/uploads\\\/2026\\\/02\\\/revolution-padel-store.jpg\",\"contentUrl\":\"https:\\\/\\\/revolutionpadelstore.com\\\/wp-content\\\/uploads\\\/2026\\\/02\\\/revolution-padel-store.jpg\",\"width\":2000,\"height\":2000,\"caption\":\"Revolution Padel Store\"},\"image\":{\"@id\":\"https:\\\/\\\/revolutionpadelstore.com\\\/fr\\\/#\\\/schema\\\/logo\\\/image\\\/\"},\"sameAs\":[\"https:\\\/\\\/www.instagram.com\\\/revolutionpadelstore\\\/\"]}]}<\/script>\n<!-- \/ Yoast SEO plugin. -->","yoast_head_json":{"title":"JOMA MASTER 1000 LADY 2502 BLANCO - Revolution Padel Store","description":"Compra las zapatillas de p\u00e1del para mujer Joma T.Master 1000 con tecnolog\u00eda Durability, VTS y Protection. Comodidad, amortiguaci\u00f3n y agarre al mejor precio en www.revolutionpadelstore.com.","robots":{"index":"index","follow":"follow","max-snippet":"max-snippet:-1","max-image-preview":"max-image-preview:large","max-video-preview":"max-video-preview:-1"},"canonical":"https:\/\/revolutionpadelstore.com\/fr\/produit\/joma-master-1000-lady-2502-blanco-3\/","og_locale":"fr_FR","og_type":"article","og_title":"JOMA MASTER 1000 LADY 2502 BLANCO - Revolution Padel Store","og_description":"Compra las zapatillas de p\u00e1del para mujer Joma T.Master 1000 con tecnolog\u00eda Durability, VTS y Protection. Comodidad, amortiguaci\u00f3n y agarre al mejor precio en www.revolutionpadelstore.com.","og_url":"https:\/\/revolutionpadelstore.com\/fr\/produit\/joma-master-1000-lady-2502-blanco-3\/","og_site_name":"Revolution Padel Store","article_modified_time":"2026-04-01T00:59:19+00:00","og_image":[{"width":1500,"height":1500,"url":"https:\/\/revolutionpadelstore.com\/wp-content\/uploads\/2025\/02\/FOTO-PALAS-7.png","type":"image\/png"}],"twitter_card":"summary_large_image","twitter_misc":{"Dur\u00e9e de lecture estim\u00e9e":"2 minutes"},"schema":{"@context":"https:\/\/schema.org","@graph":[{"@type":"WebPage","@id":"https:\/\/revolutionpadelstore.com\/fr\/produit\/joma-master-1000-lady-2502-blanco-3\/","url":"https:\/\/revolutionpadelstore.com\/fr\/produit\/joma-master-1000-lady-2502-blanco-3\/","name":"JOMA MASTER 1000 LADY 2502 BLANCO - Revolution Padel Store","isPartOf":{"@id":"https:\/\/revolutionpadelstore.com\/fr\/#website"},"primaryImageOfPage":{"@id":"https:\/\/revolutionpadelstore.com\/fr\/produit\/joma-master-1000-lady-2502-blanco-3\/#primaryimage"},"image":{"@id":"https:\/\/revolutionpadelstore.com\/fr\/produit\/joma-master-1000-lady-2502-blanco-3\/#primaryimage"},"thumbnailUrl":"https:\/\/revolutionpadelstore.com\/wp-content\/uploads\/2025\/02\/FOTO-PALAS-7.png","datePublished":"2025-02-26T22:46:24+00:00","dateModified":"2026-04-01T00:59:19+00:00","description":"Compra las zapatillas de p\u00e1del para mujer Joma T.Master 1000 con tecnolog\u00eda Durability, VTS y Protection. Comodidad, amortiguaci\u00f3n y agarre al mejor precio en www.revolutionpadelstore.com.","breadcrumb":{"@id":"https:\/\/revolutionpadelstore.com\/fr\/produit\/joma-master-1000-lady-2502-blanco-3\/#breadcrumb"},"inLanguage":"fr-FR","potentialAction":[{"@type":"ReadAction","target":["https:\/\/revolutionpadelstore.com\/fr\/produit\/joma-master-1000-lady-2502-blanco-3\/"]}]},{"@type":"ImageObject","inLanguage":"fr-FR","@id":"https:\/\/revolutionpadelstore.com\/fr\/produit\/joma-master-1000-lady-2502-blanco-3\/#primaryimage","url":"https:\/\/revolutionpadelstore.com\/wp-content\/uploads\/2025\/02\/FOTO-PALAS-7.png","contentUrl":"https:\/\/revolutionpadelstore.com\/wp-content\/uploads\/2025\/02\/FOTO-PALAS-7.png","width":1500,"height":1500},{"@type":"BreadcrumbList","@id":"https:\/\/revolutionpadelstore.com\/fr\/produit\/joma-master-1000-lady-2502-blanco-3\/#breadcrumb","itemListElement":[{"@type":"ListItem","position":1,"name":"Portada","item":"https:\/\/revolutionpadelstore.com\/fr\/"},{"@type":"ListItem","position":2,"name":"Boutique","item":"https:\/\/revolutionpadelstore.com\/fr\/tienda\/"},{"@type":"ListItem","position":3,"name":"JOMA MASTER 1000 LADY 2502 BLANCO"}]},{"@type":"WebSite","@id":"https:\/\/revolutionpadelstore.com\/fr\/#website","url":"https:\/\/revolutionpadelstore.com\/fr\/","name":"Revolution Padel Store","description":"","publisher":{"@id":"https:\/\/revolutionpadelstore.com\/fr\/#organization"},"potentialAction":[{"@type":"SearchAction","target":{"@type":"EntryPoint","urlTemplate":"https:\/\/revolutionpadelstore.com\/fr\/?s={search_term_string}"},"query-input":{"@type":"PropertyValueSpecification","valueRequired":true,"valueName":"search_term_string"}}],"inLanguage":"fr-FR"},{"@type":"Organization","@id":"https:\/\/revolutionpadelstore.com\/fr\/#organization","name":"Revolution Padel Store","url":"https:\/\/revolutionpadelstore.com\/fr\/","logo":{"@type":"ImageObject","inLanguage":"fr-FR","@id":"https:\/\/revolutionpadelstore.com\/fr\/#\/schema\/logo\/image\/","url":"https:\/\/revolutionpadelstore.com\/wp-content\/uploads\/2026\/02\/revolution-padel-store.jpg","contentUrl":"https:\/\/revolutionpadelstore.com\/wp-content\/uploads\/2026\/02\/revolution-padel-store.jpg","width":2000,"height":2000,"caption":"Revolution Padel Store"},"image":{"@id":"https:\/\/revolutionpadelstore.com\/fr\/#\/schema\/logo\/image\/"},"sameAs":["https:\/\/www.instagram.com\/revolutionpadelstore\/"]}]}},"_links":{"self":[{"href":"https:\/\/revolutionpadelstore.com\/fr\/wp-json\/wp\/v2\/product\/198817","targetHints":{"allow":["GET"]}}],"collection":[{"href":"https:\/\/revolutionpadelstore.com\/fr\/wp-json\/wp\/v2\/product"}],"about":[{"href":"https:\/\/revolutionpadelstore.com\/fr\/wp-json\/wp\/v2\/types\/product"}],"replies":[{"embeddable":true,"href":"https:\/\/revolutionpadelstore.com\/fr\/wp-json\/wp\/v2\/comments?post=198817"}],"wp:featuredmedia":[{"embeddable":true,"href":"https:\/\/revolutionpadelstore.com\/fr\/wp-json\/wp\/v2\/media\/197579"}],"wp:attachment":[{"href":"https:\/\/revolutionpadelstore.com\/fr\/wp-json\/wp\/v2\/media?parent=198817"}],"wp:term":[{"taxonomy":"acabado","embeddable":true,"href":"https:\/\/revolutionpadelstore.com\/fr\/wp-json\/wp\/v2\/acabado?post=198817"},{"taxonomy":"balance","embeddable":true,"href":"https:\/\/revolutionpadelstore.com\/fr\/wp-json\/wp\/v2\/balance?post=198817"},{"taxonomy":"dureza","embeddable":true,"href":"https:\/\/revolutionpadelstore.com\/fr\/wp-json\/wp\/v2\/dureza?post=198817"},{"taxonomy":"forma","embeddable":true,"href":"https:\/\/revolutionpadelstore.com\/fr\/wp-json\/wp\/v2\/forma?post=198817"},{"taxonomy":"jugador","embeddable":true,"href":"https:\/\/revolutionpadelstore.com\/fr\/wp-json\/wp\/v2\/jugador?post=198817"},{"taxonomy":"marca","embeddable":true,"href":"https:\/\/revolutionpadelstore.com\/fr\/wp-json\/wp\/v2\/marca?post=198817"},{"taxonomy":"nivel-de-juego","embeddable":true,"href":"https:\/\/revolutionpadelstore.com\/fr\/wp-json\/wp\/v2\/nivel-de-juego?post=198817"},{"taxonomy":"superficie","embeddable":true,"href":"https:\/\/revolutionpadelstore.com\/fr\/wp-json\/wp\/v2\/superficie?post=198817"},{"taxonomy":"tipo-de-juego","embeddable":true,"href":"https:\/\/revolutionpadelstore.com\/fr\/wp-json\/wp\/v2\/tipo-de-juego?post=198817"},{"taxonomy":"product_brand","embeddable":true,"href":"https:\/\/revolutionpadelstore.com\/fr\/wp-json\/wp\/v2\/product_brand?post=198817"},{"taxonomy":"product_cat","embeddable":true,"href":"https:\/\/revolutionpadelstore.com\/fr\/wp-json\/wp\/v2\/product_cat?post=198817"},{"taxonomy":"product_tag","embeddable":true,"href":"https:\/\/revolutionpadelstore.com\/fr\/wp-json\/wp\/v2\/product_tag?post=198817"}],"curies":[{"name":"wp","href":"https:\/\/api.w.org\/{rel}","templated":true}]}}