{"id":198578,"date":"2025-03-06T12:32:28","date_gmt":"2025-03-06T11:32:28","guid":{"rendered":"https:\/\/revolutionpadelstore.com\/?post_type=product&#038;p=198578"},"modified":"2026-04-08T05:56:40","modified_gmt":"2026-04-08T03:56:40","slug":"siux-diablo-go-4-3","status":"publish","type":"product","link":"https:\/\/revolutionpadelstore.com\/fr\/produit\/siux-diablo-go-4-3\/","title":{"rendered":"SIUX DIABLO GO 4"},"content":{"rendered":"<p>&lt;Il<br \/>\nLe <strong> Siux Diablo 4 Go 2025 <\/strong> est la pelle parfaite pour les joueurs de niveau interm\u00e9diaire qui cherchent \u00e0 am\u00e9liorer leurs performances avec un mod\u00e8le polyvalent et \u00e9quilibr\u00e9. Gr\u00e2ce \u00e0 sa surface Alumesh <strong> 3K <\/strong>, il offre une combinaison id\u00e9ale de flexibilit\u00e9 et de r\u00e9sistance, permettant un excellent contr\u00f4le dans chaque coup. De plus, son <strong> finition brillante <\/strong> fournit non seulement un design sophistiqu\u00e9, mais am\u00e9liore \u00e9galement la durabilit\u00e9.<\/p>\n<p>Avec un <strong> bancal moyen <\/strong> et <strong> forme hybride <\/strong>, le <strong> diable 4 Go 2025 <\/strong> est id\u00e9al pour ceux qui souhaitent am\u00e9liorer leur jeu sans renoncer au confort et \u00e0 la pr\u00e9cision. Sa structure l\u00e9g\u00e8re facilite les mouvements rapides, optimisant la jouabilit\u00e9 sur la piste.<\/p>\n<h2> <strong> Caract\u00e9ristiques et technologies du Siux Devil 4 Go 2025 <\/strong> <\/h2>\n<p style=\"padding-left: 40px\"> <strong> -3k superficie alumesh<br \/>\n&lt;p style = &quot;padding-left: 40px;&quot;<br \/>\n&lt;p style = &quot;padding-left: 40px;&quot;<br \/>\n&lt;p style = &quot;padding-left: 40px;&quot;<br \/>\n<P style=\"padding-left: 40px\"> <strong> -he ajust\u00e9<\/p>\n<p> <strong> -ronomic <\/strong>, con\u00e7u pour les joueurs qui cherchent \u00e0 am\u00e9liorer leur niveau.<br \/>\n&lt;p style = &quot;padding-left: 40px;&quot;<\/p>\n<h2> <strong> Qui est le Siux Devil 4 Go 2025? <\/strong> <\/h2>\n<p>Cette pelle s&#8217;adresse aux <strong> joueurs interm\u00e9diaires <\/strong> \u00e0 la recherche d&#8217;un mod\u00e8le \u00e9quilibr\u00e9 pour am\u00e9liorer leurs performances sur la piste. Sa touche moyenne et sa grande gestion le rendent id\u00e9al pour ceux qui recherchent le confort et la pr\u00e9cision sans abandonner le pouvoir.<\/p>\n<p>Gr\u00e2ce \u00e0 sa forme <strong> hybride et \u00e0 l&#8217;\u00e9quilibre moyen <\/strong>, il s&#8217;adapte \u00e0 diff\u00e9rents styles de jeu, vous permettant tous les deux de d\u00e9fendre avec le contr\u00f4le et d&#8217;attaquer avec pr\u00e9cision.<\/p>\n<h2> <strong> Pourquoi choisir le Siux Devil 4 Go 2025? <\/strong> <\/h2>\n<p>&lt;p style = &quot;padding-left: 40px;&quot;<br \/>\n<P> <strong> -Crepointe de conception <\/strong>, ce qui am\u00e9liore le confort et la gestion.<br \/>\n&lt;p style = &quot;padding-left: 40px;&quot;<\/p>\n<p style=\"padding-left: 40px\"> <strong> -Durabilit\u00e9 et r\u00e9sistance <\/strong>, avec des finitions de haute qualit\u00e9. <\/p>\n<p><P> <strong> -Deal pour faire \u00e9voluer votre jeu <\/strong>, quel que soit votre style de jeu.<br \/>\nSiux est une marque reconnue pour son innovation dans le monde de la pagaie, offrant des lames con\u00e7ues pour maximiser les performances des joueurs. Le <strong> diablo 4 Go 2025 <\/strong> ne fait pas exception, avec des technologies avanc\u00e9es qui garantissent une exp\u00e9rience in\u00e9gal\u00e9e dans chaque partie.<\/p>\n<p><strong> Obtenez d\u00e9j\u00e0 le Siux Devil 4 Go 2025 dans notre boutique en ligne &lt;a href = &quot;https:\/\/chatgpt.com\/g\/g-675432e02688191b6ee6d6f2fdbb15e-optimization-textos\/c\/www.revolutionpadelstore.com&quot; Market. <\/strong><\/p>\n","protected":false},"excerpt":{"rendered":"<p>Le <strong> Siux Diablo 4 Go 2025 <\/strong> est parfait pour les joueurs de niveau interm\u00e9diaire qui souhaitent am\u00e9liorer leur jeu avec une pelle \u00e9quilibr\u00e9e en contr\u00f4le et en polyvalence. Sa surface Alumesh <strong> 3K <\/strong> offre une grande flexibilit\u00e9 et durabilit\u00e9, tandis que sa finition brillante offre une touche d&#8217;\u00e9l\u00e9gance et de sophistication.<strong>Siux Diablo 4 Go 2025<\/strong><\/p>\n","protected":false},"featured_media":198584,"comment_status":"open","ping_status":"closed","template":"","meta":{"_acf_changed":false,"_joinchat":[]},"acabado":[1082],"balance":[1142],"dureza":[1157],"forma":[1187],"jugador":[1192,1202],"marca":[1307],"nivel-de-juego":[1342,1352],"superficie":[1357],"tipo-de-juego":[1387],"product_brand":[],"product_cat":[302],"product_tag":[],"class_list":{"0":"post-198578","1":"product","2":"type-product","3":"status-publish","4":"has-post-thumbnail","6":"acabado-luminosite","7":"balance-moyen","8":"dureza-media-fr","9":"forma-lagrima-fr","10":"jugador-homme","11":"jugador-polivalente-fr","12":"marca-siux-fr","13":"superficie-lise","14":"tipo-de-juego-polivalente-fr","15":"product_cat-palas-de-padel-fr","17":"first","18":"instock","19":"sale","20":"taxable","21":"shipping-taxable","22":"purchasable","23":"product-type-simple"},"acf":[],"yoast_head":"<!-- This site is optimized with the Yoast SEO plugin v27.4 - https:\/\/yoast.com\/product\/yoast-seo-wordpress\/ -->\n<title>SIUX DIABLO GO 4 - Revolution Padel Store<\/title>\n<meta name=\"description\" content=\"Descubre la Siux Diablo 4 Go 2025, una pala de p\u00e1del ideal para jugadores intermedios que buscan equilibrio, control y un dise\u00f1o sofisticado. \u00a1C\u00f3mprala en Revolution Padel Store al mejor precio!\" \/>\n<meta name=\"robots\" content=\"index, follow, max-snippet:-1, max-image-preview:large, max-video-preview:-1\" \/>\n<link rel=\"canonical\" href=\"https:\/\/revolutionpadelstore.com\/fr\/produit\/siux-diablo-go-4-3\/\" \/>\n<meta property=\"og:locale\" content=\"fr_FR\" \/>\n<meta property=\"og:type\" content=\"article\" \/>\n<meta property=\"og:title\" content=\"SIUX DIABLO GO 4 - Revolution Padel Store\" \/>\n<meta property=\"og:description\" content=\"Descubre la Siux Diablo 4 Go 2025, una pala de p\u00e1del ideal para jugadores intermedios que buscan equilibrio, control y un dise\u00f1o sofisticado. \u00a1C\u00f3mprala en Revolution Padel Store al mejor precio!\" \/>\n<meta property=\"og:url\" content=\"https:\/\/revolutionpadelstore.com\/fr\/produit\/siux-diablo-go-4-3\/\" \/>\n<meta property=\"og:site_name\" content=\"Revolution Padel Store\" \/>\n<meta property=\"article:modified_time\" content=\"2026-04-08T03:56:40+00:00\" \/>\n<meta property=\"og:image\" content=\"https:\/\/revolutionpadelstore.com\/wp-content\/uploads\/2025\/03\/DiabloGo4.6.1.png\" \/>\n\t<meta property=\"og:image:width\" content=\"1024\" \/>\n\t<meta property=\"og:image:height\" content=\"1024\" \/>\n\t<meta property=\"og:image:type\" content=\"image\/png\" \/>\n<meta name=\"twitter:card\" content=\"summary_large_image\" \/>\n<meta name=\"twitter:label1\" content=\"Dur\u00e9e de lecture estim\u00e9e\" \/>\n\t<meta name=\"twitter:data1\" content=\"2 minutes\" \/>\n<script type=\"application\/ld+json\" class=\"yoast-schema-graph\">{\"@context\":\"https:\\\/\\\/schema.org\",\"@graph\":[{\"@type\":\"WebPage\",\"@id\":\"https:\\\/\\\/revolutionpadelstore.com\\\/fr\\\/produit\\\/siux-diablo-go-4-3\\\/\",\"url\":\"https:\\\/\\\/revolutionpadelstore.com\\\/fr\\\/produit\\\/siux-diablo-go-4-3\\\/\",\"name\":\"SIUX DIABLO GO 4 - Revolution Padel Store\",\"isPartOf\":{\"@id\":\"https:\\\/\\\/revolutionpadelstore.com\\\/fr\\\/#website\"},\"primaryImageOfPage\":{\"@id\":\"https:\\\/\\\/revolutionpadelstore.com\\\/fr\\\/produit\\\/siux-diablo-go-4-3\\\/#primaryimage\"},\"image\":{\"@id\":\"https:\\\/\\\/revolutionpadelstore.com\\\/fr\\\/produit\\\/siux-diablo-go-4-3\\\/#primaryimage\"},\"thumbnailUrl\":\"https:\\\/\\\/revolutionpadelstore.com\\\/wp-content\\\/uploads\\\/2025\\\/03\\\/DiabloGo4.6.1.png\",\"datePublished\":\"2025-03-06T11:32:28+00:00\",\"dateModified\":\"2026-04-08T03:56:40+00:00\",\"description\":\"Descubre la Siux Diablo 4 Go 2025, una pala de p\u00e1del ideal para jugadores intermedios que buscan equilibrio, control y un dise\u00f1o sofisticado. \u00a1C\u00f3mprala en Revolution Padel Store al mejor precio!\",\"breadcrumb\":{\"@id\":\"https:\\\/\\\/revolutionpadelstore.com\\\/fr\\\/produit\\\/siux-diablo-go-4-3\\\/#breadcrumb\"},\"inLanguage\":\"fr-FR\",\"potentialAction\":[{\"@type\":\"ReadAction\",\"target\":[\"https:\\\/\\\/revolutionpadelstore.com\\\/fr\\\/produit\\\/siux-diablo-go-4-3\\\/\"]}]},{\"@type\":\"ImageObject\",\"inLanguage\":\"fr-FR\",\"@id\":\"https:\\\/\\\/revolutionpadelstore.com\\\/fr\\\/produit\\\/siux-diablo-go-4-3\\\/#primaryimage\",\"url\":\"https:\\\/\\\/revolutionpadelstore.com\\\/wp-content\\\/uploads\\\/2025\\\/03\\\/DiabloGo4.6.1.png\",\"contentUrl\":\"https:\\\/\\\/revolutionpadelstore.com\\\/wp-content\\\/uploads\\\/2025\\\/03\\\/DiabloGo4.6.1.png\",\"width\":1024,\"height\":1024},{\"@type\":\"BreadcrumbList\",\"@id\":\"https:\\\/\\\/revolutionpadelstore.com\\\/fr\\\/produit\\\/siux-diablo-go-4-3\\\/#breadcrumb\",\"itemListElement\":[{\"@type\":\"ListItem\",\"position\":1,\"name\":\"Portada\",\"item\":\"https:\\\/\\\/revolutionpadelstore.com\\\/fr\\\/\"},{\"@type\":\"ListItem\",\"position\":2,\"name\":\"Boutique\",\"item\":\"https:\\\/\\\/revolutionpadelstore.com\\\/fr\\\/tienda\\\/\"},{\"@type\":\"ListItem\",\"position\":3,\"name\":\"SIUX DIABLO GO 4\"}]},{\"@type\":\"WebSite\",\"@id\":\"https:\\\/\\\/revolutionpadelstore.com\\\/fr\\\/#website\",\"url\":\"https:\\\/\\\/revolutionpadelstore.com\\\/fr\\\/\",\"name\":\"Revolution Padel Store\",\"description\":\"\",\"publisher\":{\"@id\":\"https:\\\/\\\/revolutionpadelstore.com\\\/fr\\\/#organization\"},\"potentialAction\":[{\"@type\":\"SearchAction\",\"target\":{\"@type\":\"EntryPoint\",\"urlTemplate\":\"https:\\\/\\\/revolutionpadelstore.com\\\/fr\\\/?s={search_term_string}\"},\"query-input\":{\"@type\":\"PropertyValueSpecification\",\"valueRequired\":true,\"valueName\":\"search_term_string\"}}],\"inLanguage\":\"fr-FR\"},{\"@type\":\"Organization\",\"@id\":\"https:\\\/\\\/revolutionpadelstore.com\\\/fr\\\/#organization\",\"name\":\"Revolution Padel Store\",\"url\":\"https:\\\/\\\/revolutionpadelstore.com\\\/fr\\\/\",\"logo\":{\"@type\":\"ImageObject\",\"inLanguage\":\"fr-FR\",\"@id\":\"https:\\\/\\\/revolutionpadelstore.com\\\/fr\\\/#\\\/schema\\\/logo\\\/image\\\/\",\"url\":\"https:\\\/\\\/revolutionpadelstore.com\\\/wp-content\\\/uploads\\\/2026\\\/02\\\/revolution-padel-store.jpg\",\"contentUrl\":\"https:\\\/\\\/revolutionpadelstore.com\\\/wp-content\\\/uploads\\\/2026\\\/02\\\/revolution-padel-store.jpg\",\"width\":2000,\"height\":2000,\"caption\":\"Revolution Padel Store\"},\"image\":{\"@id\":\"https:\\\/\\\/revolutionpadelstore.com\\\/fr\\\/#\\\/schema\\\/logo\\\/image\\\/\"},\"sameAs\":[\"https:\\\/\\\/www.instagram.com\\\/revolutionpadelstore\\\/\"]}]}<\/script>\n<!-- \/ Yoast SEO plugin. -->","yoast_head_json":{"title":"SIUX DIABLO GO 4 - Revolution Padel Store","description":"Descubre la Siux Diablo 4 Go 2025, una pala de p\u00e1del ideal para jugadores intermedios que buscan equilibrio, control y un dise\u00f1o sofisticado. \u00a1C\u00f3mprala en Revolution Padel Store al mejor precio!","robots":{"index":"index","follow":"follow","max-snippet":"max-snippet:-1","max-image-preview":"max-image-preview:large","max-video-preview":"max-video-preview:-1"},"canonical":"https:\/\/revolutionpadelstore.com\/fr\/produit\/siux-diablo-go-4-3\/","og_locale":"fr_FR","og_type":"article","og_title":"SIUX DIABLO GO 4 - Revolution Padel Store","og_description":"Descubre la Siux Diablo 4 Go 2025, una pala de p\u00e1del ideal para jugadores intermedios que buscan equilibrio, control y un dise\u00f1o sofisticado. \u00a1C\u00f3mprala en Revolution Padel Store al mejor precio!","og_url":"https:\/\/revolutionpadelstore.com\/fr\/produit\/siux-diablo-go-4-3\/","og_site_name":"Revolution Padel Store","article_modified_time":"2026-04-08T03:56:40+00:00","og_image":[{"width":1024,"height":1024,"url":"https:\/\/revolutionpadelstore.com\/wp-content\/uploads\/2025\/03\/DiabloGo4.6.1.png","type":"image\/png"}],"twitter_card":"summary_large_image","twitter_misc":{"Dur\u00e9e de lecture estim\u00e9e":"2 minutes"},"schema":{"@context":"https:\/\/schema.org","@graph":[{"@type":"WebPage","@id":"https:\/\/revolutionpadelstore.com\/fr\/produit\/siux-diablo-go-4-3\/","url":"https:\/\/revolutionpadelstore.com\/fr\/produit\/siux-diablo-go-4-3\/","name":"SIUX DIABLO GO 4 - Revolution Padel Store","isPartOf":{"@id":"https:\/\/revolutionpadelstore.com\/fr\/#website"},"primaryImageOfPage":{"@id":"https:\/\/revolutionpadelstore.com\/fr\/produit\/siux-diablo-go-4-3\/#primaryimage"},"image":{"@id":"https:\/\/revolutionpadelstore.com\/fr\/produit\/siux-diablo-go-4-3\/#primaryimage"},"thumbnailUrl":"https:\/\/revolutionpadelstore.com\/wp-content\/uploads\/2025\/03\/DiabloGo4.6.1.png","datePublished":"2025-03-06T11:32:28+00:00","dateModified":"2026-04-08T03:56:40+00:00","description":"Descubre la Siux Diablo 4 Go 2025, una pala de p\u00e1del ideal para jugadores intermedios que buscan equilibrio, control y un dise\u00f1o sofisticado. \u00a1C\u00f3mprala en Revolution Padel Store al mejor precio!","breadcrumb":{"@id":"https:\/\/revolutionpadelstore.com\/fr\/produit\/siux-diablo-go-4-3\/#breadcrumb"},"inLanguage":"fr-FR","potentialAction":[{"@type":"ReadAction","target":["https:\/\/revolutionpadelstore.com\/fr\/produit\/siux-diablo-go-4-3\/"]}]},{"@type":"ImageObject","inLanguage":"fr-FR","@id":"https:\/\/revolutionpadelstore.com\/fr\/produit\/siux-diablo-go-4-3\/#primaryimage","url":"https:\/\/revolutionpadelstore.com\/wp-content\/uploads\/2025\/03\/DiabloGo4.6.1.png","contentUrl":"https:\/\/revolutionpadelstore.com\/wp-content\/uploads\/2025\/03\/DiabloGo4.6.1.png","width":1024,"height":1024},{"@type":"BreadcrumbList","@id":"https:\/\/revolutionpadelstore.com\/fr\/produit\/siux-diablo-go-4-3\/#breadcrumb","itemListElement":[{"@type":"ListItem","position":1,"name":"Portada","item":"https:\/\/revolutionpadelstore.com\/fr\/"},{"@type":"ListItem","position":2,"name":"Boutique","item":"https:\/\/revolutionpadelstore.com\/fr\/tienda\/"},{"@type":"ListItem","position":3,"name":"SIUX DIABLO GO 4"}]},{"@type":"WebSite","@id":"https:\/\/revolutionpadelstore.com\/fr\/#website","url":"https:\/\/revolutionpadelstore.com\/fr\/","name":"Revolution Padel Store","description":"","publisher":{"@id":"https:\/\/revolutionpadelstore.com\/fr\/#organization"},"potentialAction":[{"@type":"SearchAction","target":{"@type":"EntryPoint","urlTemplate":"https:\/\/revolutionpadelstore.com\/fr\/?s={search_term_string}"},"query-input":{"@type":"PropertyValueSpecification","valueRequired":true,"valueName":"search_term_string"}}],"inLanguage":"fr-FR"},{"@type":"Organization","@id":"https:\/\/revolutionpadelstore.com\/fr\/#organization","name":"Revolution Padel Store","url":"https:\/\/revolutionpadelstore.com\/fr\/","logo":{"@type":"ImageObject","inLanguage":"fr-FR","@id":"https:\/\/revolutionpadelstore.com\/fr\/#\/schema\/logo\/image\/","url":"https:\/\/revolutionpadelstore.com\/wp-content\/uploads\/2026\/02\/revolution-padel-store.jpg","contentUrl":"https:\/\/revolutionpadelstore.com\/wp-content\/uploads\/2026\/02\/revolution-padel-store.jpg","width":2000,"height":2000,"caption":"Revolution Padel Store"},"image":{"@id":"https:\/\/revolutionpadelstore.com\/fr\/#\/schema\/logo\/image\/"},"sameAs":["https:\/\/www.instagram.com\/revolutionpadelstore\/"]}]}},"_links":{"self":[{"href":"https:\/\/revolutionpadelstore.com\/fr\/wp-json\/wp\/v2\/product\/198578","targetHints":{"allow":["GET"]}}],"collection":[{"href":"https:\/\/revolutionpadelstore.com\/fr\/wp-json\/wp\/v2\/product"}],"about":[{"href":"https:\/\/revolutionpadelstore.com\/fr\/wp-json\/wp\/v2\/types\/product"}],"replies":[{"embeddable":true,"href":"https:\/\/revolutionpadelstore.com\/fr\/wp-json\/wp\/v2\/comments?post=198578"}],"wp:featuredmedia":[{"embeddable":true,"href":"https:\/\/revolutionpadelstore.com\/fr\/wp-json\/wp\/v2\/media\/198584"}],"wp:attachment":[{"href":"https:\/\/revolutionpadelstore.com\/fr\/wp-json\/wp\/v2\/media?parent=198578"}],"wp:term":[{"taxonomy":"acabado","embeddable":true,"href":"https:\/\/revolutionpadelstore.com\/fr\/wp-json\/wp\/v2\/acabado?post=198578"},{"taxonomy":"balance","embeddable":true,"href":"https:\/\/revolutionpadelstore.com\/fr\/wp-json\/wp\/v2\/balance?post=198578"},{"taxonomy":"dureza","embeddable":true,"href":"https:\/\/revolutionpadelstore.com\/fr\/wp-json\/wp\/v2\/dureza?post=198578"},{"taxonomy":"forma","embeddable":true,"href":"https:\/\/revolutionpadelstore.com\/fr\/wp-json\/wp\/v2\/forma?post=198578"},{"taxonomy":"jugador","embeddable":true,"href":"https:\/\/revolutionpadelstore.com\/fr\/wp-json\/wp\/v2\/jugador?post=198578"},{"taxonomy":"marca","embeddable":true,"href":"https:\/\/revolutionpadelstore.com\/fr\/wp-json\/wp\/v2\/marca?post=198578"},{"taxonomy":"nivel-de-juego","embeddable":true,"href":"https:\/\/revolutionpadelstore.com\/fr\/wp-json\/wp\/v2\/nivel-de-juego?post=198578"},{"taxonomy":"superficie","embeddable":true,"href":"https:\/\/revolutionpadelstore.com\/fr\/wp-json\/wp\/v2\/superficie?post=198578"},{"taxonomy":"tipo-de-juego","embeddable":true,"href":"https:\/\/revolutionpadelstore.com\/fr\/wp-json\/wp\/v2\/tipo-de-juego?post=198578"},{"taxonomy":"product_brand","embeddable":true,"href":"https:\/\/revolutionpadelstore.com\/fr\/wp-json\/wp\/v2\/product_brand?post=198578"},{"taxonomy":"product_cat","embeddable":true,"href":"https:\/\/revolutionpadelstore.com\/fr\/wp-json\/wp\/v2\/product_cat?post=198578"},{"taxonomy":"product_tag","embeddable":true,"href":"https:\/\/revolutionpadelstore.com\/fr\/wp-json\/wp\/v2\/product_tag?post=198578"}],"curies":[{"name":"wp","href":"https:\/\/api.w.org\/{rel}","templated":true}]}}