{"id":198459,"date":"2025-03-04T13:56:45","date_gmt":"2025-03-04T12:56:45","guid":{"rendered":"https:\/\/revolutionpadelstore.com\/head-motion-pro-padel-women-aqte\/"},"modified":"2026-04-08T05:56:59","modified_gmt":"2026-04-08T03:56:59","slug":"head-motion-pro-padel-women-aqte-3","status":"publish","type":"product","link":"https:\/\/revolutionpadelstore.com\/fr\/produit\/head-motion-pro-padel-women-aqte-3\/","title":{"rendered":"HEAD MOTION PRO PADEL WOMEN AQTE"},"content":{"rendered":"<h2> Head Motion Pro Padel Women&#8217;s &#8211; l\u00e9g\u00e8ret\u00e9, stabilit\u00e9 et chaussures maximales de poign\u00e9e<br \/>\nD\u00e9couvrez le nouveau <strong> Head Motion Pro Padel Woman <\/strong>, les premi\u00e8res chaussures de t\u00eate sp\u00e9cialement con\u00e7ues pour la pagaie. D\u00e9velopp\u00e9s en collaboration avec des joueurs professionnels, ces chaussures offrent un mouvement <strong> \u00e0 360 degr\u00e9s <\/strong>, une stabilit\u00e9 maximale et une respirabilit\u00e9 sans compromettre la l\u00e9g\u00e8ret\u00e9.<\/p>\n<h2> Technologie et performances \u00e0 chaque \u00e9tape<br \/>\n<P> &#8211; Sole optimis\u00e9e pour Padel: Le mod\u00e8le de semelle avanc\u00e9e a \u00e9t\u00e9 test\u00e9 avec Mondo, fournisseur officiel de la tourn\u00e9e mondiale de Padel, garantissant une poign\u00e9e plus \u00e9lev\u00e9e dans toutes les directions.<br \/>\n-Les \u00e9lites Casting: La technologie Dynafoam dans Entresuela int\u00e8gre des cellules a\u00e9riennes pour offrir un rendement \u00e9nerg\u00e9tique exceptionnel et une sensation de l\u00e9g\u00e8ret\u00e9.<br \/>\n&#8211; \u00c9tude totale: La combinaison d&#8217;une canne \u00e0 polyur\u00e9thane thermoplastique (TPU), de la partie sup\u00e9rieure et du contr\u00f4le de la technologie lat\u00e9rale + am\u00e9liore la soumission dans les mouvements lat\u00e9raux rapides.<br \/>\n-Ausit\u00e9 maximatrice: le maillage ventil\u00e9 ainsi qu&#8217;un syst\u00e8me de refroidissement maintient le pied frais m\u00eame dans les matchs les plus intenses.<br \/>\n-Le type d&#8217;alc\u00e9tine: sa structure \u00e9lastique s&#8217;adapte parfaitement au pied, offrant un confort et une soumission d\u00e8s la premi\u00e8re utilisation. <\/p>\n<h2> Style et exclusivit\u00e9 sur la piste <\/h2>\n<p>La conception de la <strong> hier motion pro padel femme <\/strong> ne passe pas inaper\u00e7ue. Son esth\u00e9tique moderne et le logo Head en grande taille refl\u00e8tent l&#8217;innovation et le dynamisme, parfaits pour les joueurs qui recherchent un \u00e9quilibre entre les performances et le style.<\/p>\n<h2> Pourquoi choisir la femme de la t\u00eate du mouvement pro-padel?<\/p>\n<p> <strong>-D\u00e9velopp\u00e9 de joueurs professionnels <\/strong> pour des performances optimales. <\/p>\n<p>&lt;p style = &quot;padding-left: 40px;&quot;<br \/>\n&lt;P style = &quot;padding-left: 40px;&quot;<br \/>\n&lt;p style = &quot;padding-left: 40px;&quot;<br \/>\n<strong> Obtenez maintenant la femme de la t\u00eate de la t\u00eate Pro Padel dans notre boutique en ligne &lt;a href = &quot;https:\/\/chatgpt.com\/g\/g-675432e02688191b6ee6d6f2fdbb15e-optimisation-textos\/c\/www.revolutionpadelstore.com&quot;. <\/strong><\/p>\n","protected":false},"excerpt":{"rendered":"<p>Con\u00e7u pour s&#8217;adapter aux exigences des joueurs de paddle les plus actifs, le Head Motion Pro Padel a une semelle hybrassion + en caoutchouc, un contr\u00f4le de la technologie lat\u00e9rale et une semelle de pauvret\u00e9 sp\u00e9cialis\u00e9e.<\/p>\n","protected":false},"featured_media":198425,"comment_status":"open","ping_status":"closed","template":"","meta":{"_acf_changed":false,"_joinchat":[]},"acabado":[],"balance":[],"dureza":[],"forma":[],"jugador":[1197],"marca":[1222],"nivel-de-juego":[],"superficie":[],"tipo-de-juego":[],"product_brand":[],"product_cat":[830],"product_tag":[],"class_list":{"0":"post-198459","1":"product","2":"type-product","3":"status-publish","4":"has-post-thumbnail","6":"jugador-mujer-fr","7":"marca-tete","8":"product_cat-baskets","10":"first","11":"outofstock","12":"sale","13":"taxable","14":"shipping-taxable","15":"purchasable","16":"product-type-variable"},"acf":[],"yoast_head":"<!-- This site is optimized with the Yoast SEO plugin v27.4 - https:\/\/yoast.com\/product\/yoast-seo-wordpress\/ -->\n<title>HEAD MOTION PRO PADEL WOMEN AQTE - Revolution Padel Store<\/title>\n<meta name=\"description\" content=\"Descubre las nuevas HEAD MOTION PRO PADEL MUJER, dise\u00f1adas con tecnolog\u00eda de \u00e9lite para un agarre superior, estabilidad y transpirabilidad. \u00a1C\u00f3mpralas en nuestra tienda online!\" \/>\n<meta name=\"robots\" content=\"index, follow, max-snippet:-1, max-image-preview:large, max-video-preview:-1\" \/>\n<link rel=\"canonical\" href=\"https:\/\/revolutionpadelstore.com\/fr\/produit\/head-motion-pro-padel-women-aqte-3\/\" \/>\n<meta property=\"og:locale\" content=\"fr_FR\" \/>\n<meta property=\"og:type\" content=\"article\" \/>\n<meta property=\"og:title\" content=\"HEAD MOTION PRO PADEL WOMEN AQTE - Revolution Padel Store\" \/>\n<meta property=\"og:description\" content=\"Descubre las nuevas HEAD MOTION PRO PADEL MUJER, dise\u00f1adas con tecnolog\u00eda de \u00e9lite para un agarre superior, estabilidad y transpirabilidad. \u00a1C\u00f3mpralas en nuestra tienda online!\" \/>\n<meta property=\"og:url\" content=\"https:\/\/revolutionpadelstore.com\/fr\/produit\/head-motion-pro-padel-women-aqte-3\/\" \/>\n<meta property=\"og:site_name\" content=\"Revolution Padel Store\" \/>\n<meta property=\"article:modified_time\" content=\"2026-04-08T03:56:59+00:00\" \/>\n<meta property=\"og:image\" content=\"https:\/\/revolutionpadelstore.com\/wp-content\/uploads\/2025\/03\/480813.jpg\" \/>\n\t<meta property=\"og:image:width\" content=\"1000\" \/>\n\t<meta property=\"og:image:height\" content=\"1000\" \/>\n\t<meta property=\"og:image:type\" content=\"image\/jpeg\" \/>\n<meta name=\"twitter:card\" content=\"summary_large_image\" \/>\n<meta name=\"twitter:label1\" content=\"Dur\u00e9e de lecture estim\u00e9e\" \/>\n\t<meta name=\"twitter:data1\" content=\"2 minutes\" \/>\n<script type=\"application\/ld+json\" class=\"yoast-schema-graph\">{\"@context\":\"https:\\\/\\\/schema.org\",\"@graph\":[{\"@type\":\"WebPage\",\"@id\":\"https:\\\/\\\/revolutionpadelstore.com\\\/fr\\\/produit\\\/head-motion-pro-padel-women-aqte-3\\\/\",\"url\":\"https:\\\/\\\/revolutionpadelstore.com\\\/fr\\\/produit\\\/head-motion-pro-padel-women-aqte-3\\\/\",\"name\":\"HEAD MOTION PRO PADEL WOMEN AQTE - Revolution Padel Store\",\"isPartOf\":{\"@id\":\"https:\\\/\\\/revolutionpadelstore.com\\\/fr\\\/#website\"},\"primaryImageOfPage\":{\"@id\":\"https:\\\/\\\/revolutionpadelstore.com\\\/fr\\\/produit\\\/head-motion-pro-padel-women-aqte-3\\\/#primaryimage\"},\"image\":{\"@id\":\"https:\\\/\\\/revolutionpadelstore.com\\\/fr\\\/produit\\\/head-motion-pro-padel-women-aqte-3\\\/#primaryimage\"},\"thumbnailUrl\":\"https:\\\/\\\/revolutionpadelstore.com\\\/wp-content\\\/uploads\\\/2025\\\/03\\\/480813.jpg\",\"datePublished\":\"2025-03-04T12:56:45+00:00\",\"dateModified\":\"2026-04-08T03:56:59+00:00\",\"description\":\"Descubre las nuevas HEAD MOTION PRO PADEL MUJER, dise\u00f1adas con tecnolog\u00eda de \u00e9lite para un agarre superior, estabilidad y transpirabilidad. \u00a1C\u00f3mpralas en nuestra tienda online!\",\"breadcrumb\":{\"@id\":\"https:\\\/\\\/revolutionpadelstore.com\\\/fr\\\/produit\\\/head-motion-pro-padel-women-aqte-3\\\/#breadcrumb\"},\"inLanguage\":\"fr-FR\",\"potentialAction\":[{\"@type\":\"ReadAction\",\"target\":[\"https:\\\/\\\/revolutionpadelstore.com\\\/fr\\\/produit\\\/head-motion-pro-padel-women-aqte-3\\\/\"]}]},{\"@type\":\"ImageObject\",\"inLanguage\":\"fr-FR\",\"@id\":\"https:\\\/\\\/revolutionpadelstore.com\\\/fr\\\/produit\\\/head-motion-pro-padel-women-aqte-3\\\/#primaryimage\",\"url\":\"https:\\\/\\\/revolutionpadelstore.com\\\/wp-content\\\/uploads\\\/2025\\\/03\\\/480813.jpg\",\"contentUrl\":\"https:\\\/\\\/revolutionpadelstore.com\\\/wp-content\\\/uploads\\\/2025\\\/03\\\/480813.jpg\",\"width\":1000,\"height\":1000},{\"@type\":\"BreadcrumbList\",\"@id\":\"https:\\\/\\\/revolutionpadelstore.com\\\/fr\\\/produit\\\/head-motion-pro-padel-women-aqte-3\\\/#breadcrumb\",\"itemListElement\":[{\"@type\":\"ListItem\",\"position\":1,\"name\":\"Portada\",\"item\":\"https:\\\/\\\/revolutionpadelstore.com\\\/fr\\\/\"},{\"@type\":\"ListItem\",\"position\":2,\"name\":\"Boutique\",\"item\":\"https:\\\/\\\/revolutionpadelstore.com\\\/fr\\\/tienda\\\/\"},{\"@type\":\"ListItem\",\"position\":3,\"name\":\"HEAD MOTION PRO PADEL WOMEN AQTE\"}]},{\"@type\":\"WebSite\",\"@id\":\"https:\\\/\\\/revolutionpadelstore.com\\\/fr\\\/#website\",\"url\":\"https:\\\/\\\/revolutionpadelstore.com\\\/fr\\\/\",\"name\":\"Revolution Padel Store\",\"description\":\"\",\"publisher\":{\"@id\":\"https:\\\/\\\/revolutionpadelstore.com\\\/fr\\\/#organization\"},\"potentialAction\":[{\"@type\":\"SearchAction\",\"target\":{\"@type\":\"EntryPoint\",\"urlTemplate\":\"https:\\\/\\\/revolutionpadelstore.com\\\/fr\\\/?s={search_term_string}\"},\"query-input\":{\"@type\":\"PropertyValueSpecification\",\"valueRequired\":true,\"valueName\":\"search_term_string\"}}],\"inLanguage\":\"fr-FR\"},{\"@type\":\"Organization\",\"@id\":\"https:\\\/\\\/revolutionpadelstore.com\\\/fr\\\/#organization\",\"name\":\"Revolution Padel Store\",\"url\":\"https:\\\/\\\/revolutionpadelstore.com\\\/fr\\\/\",\"logo\":{\"@type\":\"ImageObject\",\"inLanguage\":\"fr-FR\",\"@id\":\"https:\\\/\\\/revolutionpadelstore.com\\\/fr\\\/#\\\/schema\\\/logo\\\/image\\\/\",\"url\":\"https:\\\/\\\/revolutionpadelstore.com\\\/wp-content\\\/uploads\\\/2026\\\/02\\\/revolution-padel-store.jpg\",\"contentUrl\":\"https:\\\/\\\/revolutionpadelstore.com\\\/wp-content\\\/uploads\\\/2026\\\/02\\\/revolution-padel-store.jpg\",\"width\":2000,\"height\":2000,\"caption\":\"Revolution Padel Store\"},\"image\":{\"@id\":\"https:\\\/\\\/revolutionpadelstore.com\\\/fr\\\/#\\\/schema\\\/logo\\\/image\\\/\"},\"sameAs\":[\"https:\\\/\\\/www.instagram.com\\\/revolutionpadelstore\\\/\"]}]}<\/script>\n<!-- \/ Yoast SEO plugin. -->","yoast_head_json":{"title":"HEAD MOTION PRO PADEL WOMEN AQTE - Revolution Padel Store","description":"Descubre las nuevas HEAD MOTION PRO PADEL MUJER, dise\u00f1adas con tecnolog\u00eda de \u00e9lite para un agarre superior, estabilidad y transpirabilidad. \u00a1C\u00f3mpralas en nuestra tienda online!","robots":{"index":"index","follow":"follow","max-snippet":"max-snippet:-1","max-image-preview":"max-image-preview:large","max-video-preview":"max-video-preview:-1"},"canonical":"https:\/\/revolutionpadelstore.com\/fr\/produit\/head-motion-pro-padel-women-aqte-3\/","og_locale":"fr_FR","og_type":"article","og_title":"HEAD MOTION PRO PADEL WOMEN AQTE - Revolution Padel Store","og_description":"Descubre las nuevas HEAD MOTION PRO PADEL MUJER, dise\u00f1adas con tecnolog\u00eda de \u00e9lite para un agarre superior, estabilidad y transpirabilidad. \u00a1C\u00f3mpralas en nuestra tienda online!","og_url":"https:\/\/revolutionpadelstore.com\/fr\/produit\/head-motion-pro-padel-women-aqte-3\/","og_site_name":"Revolution Padel Store","article_modified_time":"2026-04-08T03:56:59+00:00","og_image":[{"width":1000,"height":1000,"url":"https:\/\/revolutionpadelstore.com\/wp-content\/uploads\/2025\/03\/480813.jpg","type":"image\/jpeg"}],"twitter_card":"summary_large_image","twitter_misc":{"Dur\u00e9e de lecture estim\u00e9e":"2 minutes"},"schema":{"@context":"https:\/\/schema.org","@graph":[{"@type":"WebPage","@id":"https:\/\/revolutionpadelstore.com\/fr\/produit\/head-motion-pro-padel-women-aqte-3\/","url":"https:\/\/revolutionpadelstore.com\/fr\/produit\/head-motion-pro-padel-women-aqte-3\/","name":"HEAD MOTION PRO PADEL WOMEN AQTE - Revolution Padel Store","isPartOf":{"@id":"https:\/\/revolutionpadelstore.com\/fr\/#website"},"primaryImageOfPage":{"@id":"https:\/\/revolutionpadelstore.com\/fr\/produit\/head-motion-pro-padel-women-aqte-3\/#primaryimage"},"image":{"@id":"https:\/\/revolutionpadelstore.com\/fr\/produit\/head-motion-pro-padel-women-aqte-3\/#primaryimage"},"thumbnailUrl":"https:\/\/revolutionpadelstore.com\/wp-content\/uploads\/2025\/03\/480813.jpg","datePublished":"2025-03-04T12:56:45+00:00","dateModified":"2026-04-08T03:56:59+00:00","description":"Descubre las nuevas HEAD MOTION PRO PADEL MUJER, dise\u00f1adas con tecnolog\u00eda de \u00e9lite para un agarre superior, estabilidad y transpirabilidad. \u00a1C\u00f3mpralas en nuestra tienda online!","breadcrumb":{"@id":"https:\/\/revolutionpadelstore.com\/fr\/produit\/head-motion-pro-padel-women-aqte-3\/#breadcrumb"},"inLanguage":"fr-FR","potentialAction":[{"@type":"ReadAction","target":["https:\/\/revolutionpadelstore.com\/fr\/produit\/head-motion-pro-padel-women-aqte-3\/"]}]},{"@type":"ImageObject","inLanguage":"fr-FR","@id":"https:\/\/revolutionpadelstore.com\/fr\/produit\/head-motion-pro-padel-women-aqte-3\/#primaryimage","url":"https:\/\/revolutionpadelstore.com\/wp-content\/uploads\/2025\/03\/480813.jpg","contentUrl":"https:\/\/revolutionpadelstore.com\/wp-content\/uploads\/2025\/03\/480813.jpg","width":1000,"height":1000},{"@type":"BreadcrumbList","@id":"https:\/\/revolutionpadelstore.com\/fr\/produit\/head-motion-pro-padel-women-aqte-3\/#breadcrumb","itemListElement":[{"@type":"ListItem","position":1,"name":"Portada","item":"https:\/\/revolutionpadelstore.com\/fr\/"},{"@type":"ListItem","position":2,"name":"Boutique","item":"https:\/\/revolutionpadelstore.com\/fr\/tienda\/"},{"@type":"ListItem","position":3,"name":"HEAD MOTION PRO PADEL WOMEN AQTE"}]},{"@type":"WebSite","@id":"https:\/\/revolutionpadelstore.com\/fr\/#website","url":"https:\/\/revolutionpadelstore.com\/fr\/","name":"Revolution Padel Store","description":"","publisher":{"@id":"https:\/\/revolutionpadelstore.com\/fr\/#organization"},"potentialAction":[{"@type":"SearchAction","target":{"@type":"EntryPoint","urlTemplate":"https:\/\/revolutionpadelstore.com\/fr\/?s={search_term_string}"},"query-input":{"@type":"PropertyValueSpecification","valueRequired":true,"valueName":"search_term_string"}}],"inLanguage":"fr-FR"},{"@type":"Organization","@id":"https:\/\/revolutionpadelstore.com\/fr\/#organization","name":"Revolution Padel Store","url":"https:\/\/revolutionpadelstore.com\/fr\/","logo":{"@type":"ImageObject","inLanguage":"fr-FR","@id":"https:\/\/revolutionpadelstore.com\/fr\/#\/schema\/logo\/image\/","url":"https:\/\/revolutionpadelstore.com\/wp-content\/uploads\/2026\/02\/revolution-padel-store.jpg","contentUrl":"https:\/\/revolutionpadelstore.com\/wp-content\/uploads\/2026\/02\/revolution-padel-store.jpg","width":2000,"height":2000,"caption":"Revolution Padel Store"},"image":{"@id":"https:\/\/revolutionpadelstore.com\/fr\/#\/schema\/logo\/image\/"},"sameAs":["https:\/\/www.instagram.com\/revolutionpadelstore\/"]}]}},"_links":{"self":[{"href":"https:\/\/revolutionpadelstore.com\/fr\/wp-json\/wp\/v2\/product\/198459","targetHints":{"allow":["GET"]}}],"collection":[{"href":"https:\/\/revolutionpadelstore.com\/fr\/wp-json\/wp\/v2\/product"}],"about":[{"href":"https:\/\/revolutionpadelstore.com\/fr\/wp-json\/wp\/v2\/types\/product"}],"replies":[{"embeddable":true,"href":"https:\/\/revolutionpadelstore.com\/fr\/wp-json\/wp\/v2\/comments?post=198459"}],"wp:featuredmedia":[{"embeddable":true,"href":"https:\/\/revolutionpadelstore.com\/fr\/wp-json\/wp\/v2\/media\/198425"}],"wp:attachment":[{"href":"https:\/\/revolutionpadelstore.com\/fr\/wp-json\/wp\/v2\/media?parent=198459"}],"wp:term":[{"taxonomy":"acabado","embeddable":true,"href":"https:\/\/revolutionpadelstore.com\/fr\/wp-json\/wp\/v2\/acabado?post=198459"},{"taxonomy":"balance","embeddable":true,"href":"https:\/\/revolutionpadelstore.com\/fr\/wp-json\/wp\/v2\/balance?post=198459"},{"taxonomy":"dureza","embeddable":true,"href":"https:\/\/revolutionpadelstore.com\/fr\/wp-json\/wp\/v2\/dureza?post=198459"},{"taxonomy":"forma","embeddable":true,"href":"https:\/\/revolutionpadelstore.com\/fr\/wp-json\/wp\/v2\/forma?post=198459"},{"taxonomy":"jugador","embeddable":true,"href":"https:\/\/revolutionpadelstore.com\/fr\/wp-json\/wp\/v2\/jugador?post=198459"},{"taxonomy":"marca","embeddable":true,"href":"https:\/\/revolutionpadelstore.com\/fr\/wp-json\/wp\/v2\/marca?post=198459"},{"taxonomy":"nivel-de-juego","embeddable":true,"href":"https:\/\/revolutionpadelstore.com\/fr\/wp-json\/wp\/v2\/nivel-de-juego?post=198459"},{"taxonomy":"superficie","embeddable":true,"href":"https:\/\/revolutionpadelstore.com\/fr\/wp-json\/wp\/v2\/superficie?post=198459"},{"taxonomy":"tipo-de-juego","embeddable":true,"href":"https:\/\/revolutionpadelstore.com\/fr\/wp-json\/wp\/v2\/tipo-de-juego?post=198459"},{"taxonomy":"product_brand","embeddable":true,"href":"https:\/\/revolutionpadelstore.com\/fr\/wp-json\/wp\/v2\/product_brand?post=198459"},{"taxonomy":"product_cat","embeddable":true,"href":"https:\/\/revolutionpadelstore.com\/fr\/wp-json\/wp\/v2\/product_cat?post=198459"},{"taxonomy":"product_tag","embeddable":true,"href":"https:\/\/revolutionpadelstore.com\/fr\/wp-json\/wp\/v2\/product_tag?post=198459"}],"curies":[{"name":"wp","href":"https:\/\/api.w.org\/{rel}","templated":true}]}}