{"id":198335,"date":"2025-03-03T17:09:29","date_gmt":"2025-03-03T16:09:29","guid":{"rendered":"https:\/\/revolutionpadelstore.com\/sprint-team-3-5-clay-women-bscw\/"},"modified":"2026-04-08T05:58:45","modified_gmt":"2026-04-08T03:58:45","slug":"sprint-team-3-5-clay-women-bscw-3","status":"publish","type":"product","link":"https:\/\/revolutionpadelstore.com\/fr\/produit\/sprint-team-3-5-clay-women-bscw-3\/","title":{"rendered":"SPRINT TEAM 3.5 CLAY WOMEN BSCW"},"content":{"rendered":"<p><H2> <strong> Head Sprint Team 3.5 Clay Woman &#8211; Lightss, Resistance and Breathabilit\u00e9 <\/strong> <\/h2>\n<p>Les <strong> Head Sprint Team 3.5 Clay Woman <\/strong> sont des chaussures con\u00e7ues pour les joueurs \u00e0 la recherche de confort, de stabilit\u00e9 et de piste \u00e9lev\u00e9e de la piste. Ce mod\u00e8le renouvel\u00e9 am\u00e9liore consid\u00e9rablement la respirabilit\u00e9 et offre un excellent soutien, s&#8217;adaptant ergonomique au pied f\u00e9minin.<\/p>\n<p>Son design vert avec une semelle blanc fournit une touche moderne et dynamique. De plus, sa construction dans le tissu de maillage <strong> <\/strong> am\u00e9liore la ventilation, maintenant vos pieds frais pendant les jeux les plus intenses.<\/p>\n<h2> <strong> Caract\u00e9ristiques importantes <\/strong> <\/h2>\n<p><P style=\"padding-left: 40px\"> &#8211; D\u00e9fense D\u00e9fense: protection avanc\u00e9e dans l&#8217;orteil et la zone centrale, augmentant la durabilit\u00e9.<br \/>\n-Hybrasion +: semelle en caoutchouc sp\u00e9cial pour une plus grande r\u00e9sistance et traction dans chaque mouvement.<br \/>\n-Contr\u00f4le lat\u00e9ral: am\u00e9liore la stabilit\u00e9 lat\u00e9rale, r\u00e9duisant le risque d&#8217;entors.<br \/>\n&#8211; STRAP DE ROCKORD: Syst\u00e8me de support qui maintient le pied ferme et en s\u00e9curit\u00e9.<br \/>\n-Suela dans Spike: Con\u00e7u pour une traction optimale dans le sol extensible et d&#8217;autres types de surfaces. <\/p>\n<h2> <strong> Avantages de l&#8217;\u00e9quipe Head Sprint 3.5 Clay Woman <\/strong> <\/h2>\n<p>&lt;P style = &quot;padding-left: 40px;&quot;<\/p>\n<p> <strong> -gran l\u00e9g\u00e8re <\/strong>, permettant des mouvements rapides et dynamiques.<br \/>\n&lt;p style = &quot;padding-left: 40px;&quot;<\/p>\n<p> <strong> -alta r\u00e9sistance <\/strong>, gr\u00e2ce aux mat\u00e9riaux de derni\u00e8re g\u00e9n\u00e9ration.<br \/>\nLe <strong> Head Sprint Team 3.5 Clay Woman <\/strong> est le choix parfait pour les joueurs \u00e0 la recherche d&#8217;une combinaison de <strong> confort, adh\u00e9rence et durabilit\u00e9 <\/strong> sur la piste. Obtenez avec eux et passez votre jeu au niveau sup\u00e9rieur!<\/p>\n<p><strong> Achetez maintenant dans notre boutique en ligne &lt;a href = &quot;https:\/\/chatgpt.com\/g\/g-675432e02688191b6ee6d6f2fdbb15e march\u00e9. <\/strong><\/p>\n","protected":false},"excerpt":{"rendered":"<p>Les chaussures Head Sprint Team 3.5 avec Sole Clay sont con\u00e7ues pour les athl\u00e8tes f\u00e9minines \u00e0 la recherche de la s\u00e9curit\u00e9, de la durabilit\u00e9 et des performances \u00e9lev\u00e9es sur le terrain.<\/p>\n","protected":false},"featured_media":198106,"comment_status":"open","ping_status":"closed","template":"","meta":{"_acf_changed":false,"_joinchat":[]},"acabado":[],"balance":[],"dureza":[],"forma":[],"jugador":[1197],"marca":[1222],"nivel-de-juego":[],"superficie":[],"tipo-de-juego":[],"product_brand":[],"product_cat":[830],"product_tag":[],"class_list":{"0":"post-198335","1":"product","2":"type-product","3":"status-publish","4":"has-post-thumbnail","6":"jugador-mujer-fr","7":"marca-tete","8":"product_cat-baskets","10":"first","11":"outofstock","12":"sale","13":"taxable","14":"shipping-taxable","15":"purchasable","16":"product-type-variable"},"acf":[],"yoast_head":"<!-- This site is optimized with the Yoast SEO plugin v27.4 - https:\/\/yoast.com\/product\/yoast-seo-wordpress\/ -->\n<title>SPRINT TEAM 3.5 CLAY WOMEN BSCW - Revolution Padel Store<\/title>\n<meta name=\"description\" content=\"Consigue las Head Sprint Team 3.5 Clay Mujer, unas zapatillas ligeras, transpirables y resistentes para un alto rendimiento en la pista. \u00a1C\u00f3mpralas en Revolution Padel Store al mejor precio!\" \/>\n<meta name=\"robots\" content=\"index, follow, max-snippet:-1, max-image-preview:large, max-video-preview:-1\" \/>\n<link rel=\"canonical\" href=\"https:\/\/revolutionpadelstore.com\/fr\/produit\/sprint-team-3-5-clay-women-bscw-3\/\" \/>\n<meta property=\"og:locale\" content=\"fr_FR\" \/>\n<meta property=\"og:type\" content=\"article\" \/>\n<meta property=\"og:title\" content=\"SPRINT TEAM 3.5 CLAY WOMEN BSCW - Revolution Padel Store\" \/>\n<meta property=\"og:description\" content=\"Consigue las Head Sprint Team 3.5 Clay Mujer, unas zapatillas ligeras, transpirables y resistentes para un alto rendimiento en la pista. \u00a1C\u00f3mpralas en Revolution Padel Store al mejor precio!\" \/>\n<meta property=\"og:url\" content=\"https:\/\/revolutionpadelstore.com\/fr\/produit\/sprint-team-3-5-clay-women-bscw-3\/\" \/>\n<meta property=\"og:site_name\" content=\"Revolution Padel Store\" \/>\n<meta property=\"article:modified_time\" content=\"2026-04-08T03:58:45+00:00\" \/>\n<meta property=\"og:image\" content=\"https:\/\/revolutionpadelstore.com\/wp-content\/uploads\/2025\/03\/464067.jpg\" \/>\n\t<meta property=\"og:image:width\" content=\"1000\" \/>\n\t<meta property=\"og:image:height\" content=\"1000\" \/>\n\t<meta property=\"og:image:type\" content=\"image\/jpeg\" \/>\n<meta name=\"twitter:card\" content=\"summary_large_image\" \/>\n<meta name=\"twitter:label1\" content=\"Dur\u00e9e de lecture estim\u00e9e\" \/>\n\t<meta name=\"twitter:data1\" content=\"2 minutes\" \/>\n<script type=\"application\/ld+json\" class=\"yoast-schema-graph\">{\"@context\":\"https:\\\/\\\/schema.org\",\"@graph\":[{\"@type\":\"WebPage\",\"@id\":\"https:\\\/\\\/revolutionpadelstore.com\\\/fr\\\/produit\\\/sprint-team-3-5-clay-women-bscw-3\\\/\",\"url\":\"https:\\\/\\\/revolutionpadelstore.com\\\/fr\\\/produit\\\/sprint-team-3-5-clay-women-bscw-3\\\/\",\"name\":\"SPRINT TEAM 3.5 CLAY WOMEN BSCW - Revolution Padel Store\",\"isPartOf\":{\"@id\":\"https:\\\/\\\/revolutionpadelstore.com\\\/fr\\\/#website\"},\"primaryImageOfPage\":{\"@id\":\"https:\\\/\\\/revolutionpadelstore.com\\\/fr\\\/produit\\\/sprint-team-3-5-clay-women-bscw-3\\\/#primaryimage\"},\"image\":{\"@id\":\"https:\\\/\\\/revolutionpadelstore.com\\\/fr\\\/produit\\\/sprint-team-3-5-clay-women-bscw-3\\\/#primaryimage\"},\"thumbnailUrl\":\"https:\\\/\\\/revolutionpadelstore.com\\\/wp-content\\\/uploads\\\/2025\\\/03\\\/464067.jpg\",\"datePublished\":\"2025-03-03T16:09:29+00:00\",\"dateModified\":\"2026-04-08T03:58:45+00:00\",\"description\":\"Consigue las Head Sprint Team 3.5 Clay Mujer, unas zapatillas ligeras, transpirables y resistentes para un alto rendimiento en la pista. \u00a1C\u00f3mpralas en Revolution Padel Store al mejor precio!\",\"breadcrumb\":{\"@id\":\"https:\\\/\\\/revolutionpadelstore.com\\\/fr\\\/produit\\\/sprint-team-3-5-clay-women-bscw-3\\\/#breadcrumb\"},\"inLanguage\":\"fr-FR\",\"potentialAction\":[{\"@type\":\"ReadAction\",\"target\":[\"https:\\\/\\\/revolutionpadelstore.com\\\/fr\\\/produit\\\/sprint-team-3-5-clay-women-bscw-3\\\/\"]}]},{\"@type\":\"ImageObject\",\"inLanguage\":\"fr-FR\",\"@id\":\"https:\\\/\\\/revolutionpadelstore.com\\\/fr\\\/produit\\\/sprint-team-3-5-clay-women-bscw-3\\\/#primaryimage\",\"url\":\"https:\\\/\\\/revolutionpadelstore.com\\\/wp-content\\\/uploads\\\/2025\\\/03\\\/464067.jpg\",\"contentUrl\":\"https:\\\/\\\/revolutionpadelstore.com\\\/wp-content\\\/uploads\\\/2025\\\/03\\\/464067.jpg\",\"width\":1000,\"height\":1000},{\"@type\":\"BreadcrumbList\",\"@id\":\"https:\\\/\\\/revolutionpadelstore.com\\\/fr\\\/produit\\\/sprint-team-3-5-clay-women-bscw-3\\\/#breadcrumb\",\"itemListElement\":[{\"@type\":\"ListItem\",\"position\":1,\"name\":\"Portada\",\"item\":\"https:\\\/\\\/revolutionpadelstore.com\\\/fr\\\/\"},{\"@type\":\"ListItem\",\"position\":2,\"name\":\"Boutique\",\"item\":\"https:\\\/\\\/revolutionpadelstore.com\\\/fr\\\/tienda\\\/\"},{\"@type\":\"ListItem\",\"position\":3,\"name\":\"SPRINT TEAM 3.5 CLAY WOMEN BSCW\"}]},{\"@type\":\"WebSite\",\"@id\":\"https:\\\/\\\/revolutionpadelstore.com\\\/fr\\\/#website\",\"url\":\"https:\\\/\\\/revolutionpadelstore.com\\\/fr\\\/\",\"name\":\"Revolution Padel Store\",\"description\":\"\",\"publisher\":{\"@id\":\"https:\\\/\\\/revolutionpadelstore.com\\\/fr\\\/#organization\"},\"potentialAction\":[{\"@type\":\"SearchAction\",\"target\":{\"@type\":\"EntryPoint\",\"urlTemplate\":\"https:\\\/\\\/revolutionpadelstore.com\\\/fr\\\/?s={search_term_string}\"},\"query-input\":{\"@type\":\"PropertyValueSpecification\",\"valueRequired\":true,\"valueName\":\"search_term_string\"}}],\"inLanguage\":\"fr-FR\"},{\"@type\":\"Organization\",\"@id\":\"https:\\\/\\\/revolutionpadelstore.com\\\/fr\\\/#organization\",\"name\":\"Revolution Padel Store\",\"url\":\"https:\\\/\\\/revolutionpadelstore.com\\\/fr\\\/\",\"logo\":{\"@type\":\"ImageObject\",\"inLanguage\":\"fr-FR\",\"@id\":\"https:\\\/\\\/revolutionpadelstore.com\\\/fr\\\/#\\\/schema\\\/logo\\\/image\\\/\",\"url\":\"https:\\\/\\\/revolutionpadelstore.com\\\/wp-content\\\/uploads\\\/2026\\\/02\\\/revolution-padel-store.jpg\",\"contentUrl\":\"https:\\\/\\\/revolutionpadelstore.com\\\/wp-content\\\/uploads\\\/2026\\\/02\\\/revolution-padel-store.jpg\",\"width\":2000,\"height\":2000,\"caption\":\"Revolution Padel Store\"},\"image\":{\"@id\":\"https:\\\/\\\/revolutionpadelstore.com\\\/fr\\\/#\\\/schema\\\/logo\\\/image\\\/\"},\"sameAs\":[\"https:\\\/\\\/www.instagram.com\\\/revolutionpadelstore\\\/\"]}]}<\/script>\n<!-- \/ Yoast SEO plugin. -->","yoast_head_json":{"title":"SPRINT TEAM 3.5 CLAY WOMEN BSCW - Revolution Padel Store","description":"Consigue las Head Sprint Team 3.5 Clay Mujer, unas zapatillas ligeras, transpirables y resistentes para un alto rendimiento en la pista. \u00a1C\u00f3mpralas en Revolution Padel Store al mejor precio!","robots":{"index":"index","follow":"follow","max-snippet":"max-snippet:-1","max-image-preview":"max-image-preview:large","max-video-preview":"max-video-preview:-1"},"canonical":"https:\/\/revolutionpadelstore.com\/fr\/produit\/sprint-team-3-5-clay-women-bscw-3\/","og_locale":"fr_FR","og_type":"article","og_title":"SPRINT TEAM 3.5 CLAY WOMEN BSCW - Revolution Padel Store","og_description":"Consigue las Head Sprint Team 3.5 Clay Mujer, unas zapatillas ligeras, transpirables y resistentes para un alto rendimiento en la pista. \u00a1C\u00f3mpralas en Revolution Padel Store al mejor precio!","og_url":"https:\/\/revolutionpadelstore.com\/fr\/produit\/sprint-team-3-5-clay-women-bscw-3\/","og_site_name":"Revolution Padel Store","article_modified_time":"2026-04-08T03:58:45+00:00","og_image":[{"width":1000,"height":1000,"url":"https:\/\/revolutionpadelstore.com\/wp-content\/uploads\/2025\/03\/464067.jpg","type":"image\/jpeg"}],"twitter_card":"summary_large_image","twitter_misc":{"Dur\u00e9e de lecture estim\u00e9e":"2 minutes"},"schema":{"@context":"https:\/\/schema.org","@graph":[{"@type":"WebPage","@id":"https:\/\/revolutionpadelstore.com\/fr\/produit\/sprint-team-3-5-clay-women-bscw-3\/","url":"https:\/\/revolutionpadelstore.com\/fr\/produit\/sprint-team-3-5-clay-women-bscw-3\/","name":"SPRINT TEAM 3.5 CLAY WOMEN BSCW - Revolution Padel Store","isPartOf":{"@id":"https:\/\/revolutionpadelstore.com\/fr\/#website"},"primaryImageOfPage":{"@id":"https:\/\/revolutionpadelstore.com\/fr\/produit\/sprint-team-3-5-clay-women-bscw-3\/#primaryimage"},"image":{"@id":"https:\/\/revolutionpadelstore.com\/fr\/produit\/sprint-team-3-5-clay-women-bscw-3\/#primaryimage"},"thumbnailUrl":"https:\/\/revolutionpadelstore.com\/wp-content\/uploads\/2025\/03\/464067.jpg","datePublished":"2025-03-03T16:09:29+00:00","dateModified":"2026-04-08T03:58:45+00:00","description":"Consigue las Head Sprint Team 3.5 Clay Mujer, unas zapatillas ligeras, transpirables y resistentes para un alto rendimiento en la pista. \u00a1C\u00f3mpralas en Revolution Padel Store al mejor precio!","breadcrumb":{"@id":"https:\/\/revolutionpadelstore.com\/fr\/produit\/sprint-team-3-5-clay-women-bscw-3\/#breadcrumb"},"inLanguage":"fr-FR","potentialAction":[{"@type":"ReadAction","target":["https:\/\/revolutionpadelstore.com\/fr\/produit\/sprint-team-3-5-clay-women-bscw-3\/"]}]},{"@type":"ImageObject","inLanguage":"fr-FR","@id":"https:\/\/revolutionpadelstore.com\/fr\/produit\/sprint-team-3-5-clay-women-bscw-3\/#primaryimage","url":"https:\/\/revolutionpadelstore.com\/wp-content\/uploads\/2025\/03\/464067.jpg","contentUrl":"https:\/\/revolutionpadelstore.com\/wp-content\/uploads\/2025\/03\/464067.jpg","width":1000,"height":1000},{"@type":"BreadcrumbList","@id":"https:\/\/revolutionpadelstore.com\/fr\/produit\/sprint-team-3-5-clay-women-bscw-3\/#breadcrumb","itemListElement":[{"@type":"ListItem","position":1,"name":"Portada","item":"https:\/\/revolutionpadelstore.com\/fr\/"},{"@type":"ListItem","position":2,"name":"Boutique","item":"https:\/\/revolutionpadelstore.com\/fr\/tienda\/"},{"@type":"ListItem","position":3,"name":"SPRINT TEAM 3.5 CLAY WOMEN BSCW"}]},{"@type":"WebSite","@id":"https:\/\/revolutionpadelstore.com\/fr\/#website","url":"https:\/\/revolutionpadelstore.com\/fr\/","name":"Revolution Padel Store","description":"","publisher":{"@id":"https:\/\/revolutionpadelstore.com\/fr\/#organization"},"potentialAction":[{"@type":"SearchAction","target":{"@type":"EntryPoint","urlTemplate":"https:\/\/revolutionpadelstore.com\/fr\/?s={search_term_string}"},"query-input":{"@type":"PropertyValueSpecification","valueRequired":true,"valueName":"search_term_string"}}],"inLanguage":"fr-FR"},{"@type":"Organization","@id":"https:\/\/revolutionpadelstore.com\/fr\/#organization","name":"Revolution Padel Store","url":"https:\/\/revolutionpadelstore.com\/fr\/","logo":{"@type":"ImageObject","inLanguage":"fr-FR","@id":"https:\/\/revolutionpadelstore.com\/fr\/#\/schema\/logo\/image\/","url":"https:\/\/revolutionpadelstore.com\/wp-content\/uploads\/2026\/02\/revolution-padel-store.jpg","contentUrl":"https:\/\/revolutionpadelstore.com\/wp-content\/uploads\/2026\/02\/revolution-padel-store.jpg","width":2000,"height":2000,"caption":"Revolution Padel Store"},"image":{"@id":"https:\/\/revolutionpadelstore.com\/fr\/#\/schema\/logo\/image\/"},"sameAs":["https:\/\/www.instagram.com\/revolutionpadelstore\/"]}]}},"_links":{"self":[{"href":"https:\/\/revolutionpadelstore.com\/fr\/wp-json\/wp\/v2\/product\/198335","targetHints":{"allow":["GET"]}}],"collection":[{"href":"https:\/\/revolutionpadelstore.com\/fr\/wp-json\/wp\/v2\/product"}],"about":[{"href":"https:\/\/revolutionpadelstore.com\/fr\/wp-json\/wp\/v2\/types\/product"}],"replies":[{"embeddable":true,"href":"https:\/\/revolutionpadelstore.com\/fr\/wp-json\/wp\/v2\/comments?post=198335"}],"wp:featuredmedia":[{"embeddable":true,"href":"https:\/\/revolutionpadelstore.com\/fr\/wp-json\/wp\/v2\/media\/198106"}],"wp:attachment":[{"href":"https:\/\/revolutionpadelstore.com\/fr\/wp-json\/wp\/v2\/media?parent=198335"}],"wp:term":[{"taxonomy":"acabado","embeddable":true,"href":"https:\/\/revolutionpadelstore.com\/fr\/wp-json\/wp\/v2\/acabado?post=198335"},{"taxonomy":"balance","embeddable":true,"href":"https:\/\/revolutionpadelstore.com\/fr\/wp-json\/wp\/v2\/balance?post=198335"},{"taxonomy":"dureza","embeddable":true,"href":"https:\/\/revolutionpadelstore.com\/fr\/wp-json\/wp\/v2\/dureza?post=198335"},{"taxonomy":"forma","embeddable":true,"href":"https:\/\/revolutionpadelstore.com\/fr\/wp-json\/wp\/v2\/forma?post=198335"},{"taxonomy":"jugador","embeddable":true,"href":"https:\/\/revolutionpadelstore.com\/fr\/wp-json\/wp\/v2\/jugador?post=198335"},{"taxonomy":"marca","embeddable":true,"href":"https:\/\/revolutionpadelstore.com\/fr\/wp-json\/wp\/v2\/marca?post=198335"},{"taxonomy":"nivel-de-juego","embeddable":true,"href":"https:\/\/revolutionpadelstore.com\/fr\/wp-json\/wp\/v2\/nivel-de-juego?post=198335"},{"taxonomy":"superficie","embeddable":true,"href":"https:\/\/revolutionpadelstore.com\/fr\/wp-json\/wp\/v2\/superficie?post=198335"},{"taxonomy":"tipo-de-juego","embeddable":true,"href":"https:\/\/revolutionpadelstore.com\/fr\/wp-json\/wp\/v2\/tipo-de-juego?post=198335"},{"taxonomy":"product_brand","embeddable":true,"href":"https:\/\/revolutionpadelstore.com\/fr\/wp-json\/wp\/v2\/product_brand?post=198335"},{"taxonomy":"product_cat","embeddable":true,"href":"https:\/\/revolutionpadelstore.com\/fr\/wp-json\/wp\/v2\/product_cat?post=198335"},{"taxonomy":"product_tag","embeddable":true,"href":"https:\/\/revolutionpadelstore.com\/fr\/wp-json\/wp\/v2\/product_tag?post=198335"}],"curies":[{"name":"wp","href":"https:\/\/api.w.org\/{rel}","templated":true}]}}