{"id":198276,"date":"2025-03-03T00:07:44","date_gmt":"2025-03-02T23:07:44","guid":{"rendered":"https:\/\/revolutionpadelstore.com\/head-sprint-team-3-5-clay-men-dgbn\/"},"modified":"2026-04-08T05:59:39","modified_gmt":"2026-04-08T03:59:39","slug":"head-sprint-team-3-5-clay-men-dgbn-3","status":"publish","type":"product","link":"https:\/\/revolutionpadelstore.com\/fr\/produit\/head-sprint-team-3-5-clay-men-dgbn-3\/","title":{"rendered":"HEAD SPRINT TEAM 3.5 CLAY MEN DGBN"},"content":{"rendered":"<p><H2> Head Sprint Team 3.5 Gray Grey Man &#8211; l\u00e9g\u00e8ret\u00e9 et poign\u00e9e sup\u00e9rieure <\/h2>\n<p>Les <strong> Head Sprint Team 3.5 Clay <\/strong> sont les chaussures de pagaie parfaites pour les joueurs qui cherchent du confort, de la respirabilit\u00e9 et du design moderne sans compromettre les performances. Ce mod\u00e8le <strong> head 2024 <\/strong> combine <strong> technologie avanc\u00e9e et mat\u00e9riaux de qualit\u00e9 sup\u00e9rieure <\/strong>, assurant une bande de roulement stable et une excellente traction de piste.<\/p>\n<h2> <strong> Avantages de la t\u00eate Sprint Team 3.5 Clay <\/strong> <\/h2>\n<p> &#8211; Breathabilit\u00e9 et confort: fabriqu\u00e9s avec du tissu \u00e0 mailles ultral\u00e9ger pour une ventilation optimale et une r\u00e9duction de l&#8217;humidit\u00e9.<br \/>\n-Renforc\u00e9: la technologie de d\u00e9fense d\u00e9rive au milieu et la pointe du pied augmente la r\u00e9sistance \u00e0 l&#8217;usure.<br \/>\n-Maximo Grip sur les indices du sol battus: Sole (argile) qui offre une traction plus \u00e9lev\u00e9e dans chaque mouvement.<br \/>\n-La stabilit\u00e9 du Mayeur: le contr\u00f4le de la technologie lat\u00e9rale am\u00e9liore le soutien lat\u00e9ral dans les d\u00e9placements rapides et intenses.<br \/>\n-S Sure: Syst\u00e8me de sangle de verrouillage, qui garde un pied ferme et stable \u00e0 l&#8217;int\u00e9rieur de la chaussure.<br \/>\n-Is r\u00e9sistance am\u00e9lior\u00e9e: semelle avec hybrassion + caoutchouc pour une plus grande durabilit\u00e9 et une traction de suivi. <\/p>\n<h2> <strong> Sp\u00e9cifications techniques <\/strong> <\/h2>\n<p style=\"padding-left: 40px\"> <strong> -marca: <\/strong> t\u00eate <\/p>\n<p> <strong> -Model: <\/strong> Sprint Team 3.5 Clay <\/p>\n<p style=\"padding-left: 40px\"> <strong> -genero: <\/strong> man <\/p>\n<p> <strong> -Color: <\/strong> gris <\/p>\n<p>&lt;P style = &quot;padding-left: 40px;&quot;<br \/>\n&lt;p style = &quot;padding-left: 40px;&quot;<\/p>\n<p style=\"padding-left: 40px\"> <strong> -Ti<\/p>\n<h2> <strong> Qui sont ces chaussures?<br \/>\nId\u00e9al pour les joueurs de tous niveaux \u00e0 la recherche de <strong> agilit\u00e9, soutien et confort <\/strong> dans leurs jeux de paddle. Leur design l\u00e9ger et respirant en fait une excellente option pour ceux qui se d\u00e9marquent pour leur dynamisme sur la piste.<\/p>\n<p><strong> N&#8217;attendez plus!<\/p>\n<h2>Head Sprint Team 3.5 Clay Hombre Gris \u2013 Ligereza y agarre superior<\/h2>\n","protected":false},"excerpt":{"rendered":"<p>Padel Shoes for Men <strong> Head Sprint Team 3.5 Clay <\/strong>, con\u00e7ue avec Spike Sole pour une prise exceptionnelle sur la piste. Id\u00e9al pour les joueurs de tous niveaux, se d\u00e9marquez pour leur l\u00e9g\u00e8ret\u00e9 et un design moderne et attrayant.<strong>Head Sprint Team 3.5 Clay<\/strong><\/p>\n","protected":false},"featured_media":198100,"comment_status":"open","ping_status":"closed","template":"","meta":{"_acf_changed":false,"_joinchat":[]},"acabado":[],"balance":[],"dureza":[],"forma":[],"jugador":[1192],"marca":[1222],"nivel-de-juego":[],"superficie":[],"tipo-de-juego":[],"product_brand":[],"product_cat":[830],"product_tag":[],"class_list":{"0":"post-198276","1":"product","2":"type-product","3":"status-publish","4":"has-post-thumbnail","6":"jugador-homme","7":"marca-tete","8":"product_cat-baskets","10":"first","11":"outofstock","12":"sale","13":"taxable","14":"shipping-taxable","15":"purchasable","16":"product-type-variable"},"acf":[],"yoast_head":"<!-- This site is optimized with the Yoast SEO plugin v27.4 - https:\/\/yoast.com\/product\/yoast-seo-wordpress\/ -->\n<title>HEAD SPRINT TEAM 3.5 CLAY MEN DGBN - Revolution Padel Store<\/title>\n<meta name=\"description\" content=\"Descubre las Head Sprint Team 3.5 Clay Hombre Gris, unas zapatillas de p\u00e1del ligeras, transpirables y con agarre superior en pistas de tierra batida. \u00a1C\u00f3mpralas al mejor precio en Revolution Padel Store!\" \/>\n<meta name=\"robots\" content=\"index, follow, max-snippet:-1, max-image-preview:large, max-video-preview:-1\" \/>\n<link rel=\"canonical\" href=\"https:\/\/revolutionpadelstore.com\/fr\/produit\/head-sprint-team-3-5-clay-men-dgbn-3\/\" \/>\n<meta property=\"og:locale\" content=\"fr_FR\" \/>\n<meta property=\"og:type\" content=\"article\" \/>\n<meta property=\"og:title\" content=\"HEAD SPRINT TEAM 3.5 CLAY MEN DGBN - Revolution Padel Store\" \/>\n<meta property=\"og:description\" content=\"Descubre las Head Sprint Team 3.5 Clay Hombre Gris, unas zapatillas de p\u00e1del ligeras, transpirables y con agarre superior en pistas de tierra batida. \u00a1C\u00f3mpralas al mejor precio en Revolution Padel Store!\" \/>\n<meta property=\"og:url\" content=\"https:\/\/revolutionpadelstore.com\/fr\/produit\/head-sprint-team-3-5-clay-men-dgbn-3\/\" \/>\n<meta property=\"og:site_name\" content=\"Revolution Padel Store\" \/>\n<meta property=\"article:modified_time\" content=\"2026-04-08T03:59:39+00:00\" \/>\n<meta property=\"og:image\" content=\"https:\/\/revolutionpadelstore.com\/wp-content\/uploads\/2025\/03\/464044.jpg\" \/>\n\t<meta property=\"og:image:width\" content=\"1000\" \/>\n\t<meta property=\"og:image:height\" content=\"1000\" \/>\n\t<meta property=\"og:image:type\" content=\"image\/jpeg\" \/>\n<meta name=\"twitter:card\" content=\"summary_large_image\" \/>\n<meta name=\"twitter:label1\" content=\"Dur\u00e9e de lecture estim\u00e9e\" \/>\n\t<meta name=\"twitter:data1\" content=\"2 minutes\" \/>\n<script type=\"application\/ld+json\" class=\"yoast-schema-graph\">{\"@context\":\"https:\\\/\\\/schema.org\",\"@graph\":[{\"@type\":\"WebPage\",\"@id\":\"https:\\\/\\\/revolutionpadelstore.com\\\/fr\\\/produit\\\/head-sprint-team-3-5-clay-men-dgbn-3\\\/\",\"url\":\"https:\\\/\\\/revolutionpadelstore.com\\\/fr\\\/produit\\\/head-sprint-team-3-5-clay-men-dgbn-3\\\/\",\"name\":\"HEAD SPRINT TEAM 3.5 CLAY MEN DGBN - Revolution Padel Store\",\"isPartOf\":{\"@id\":\"https:\\\/\\\/revolutionpadelstore.com\\\/fr\\\/#website\"},\"primaryImageOfPage\":{\"@id\":\"https:\\\/\\\/revolutionpadelstore.com\\\/fr\\\/produit\\\/head-sprint-team-3-5-clay-men-dgbn-3\\\/#primaryimage\"},\"image\":{\"@id\":\"https:\\\/\\\/revolutionpadelstore.com\\\/fr\\\/produit\\\/head-sprint-team-3-5-clay-men-dgbn-3\\\/#primaryimage\"},\"thumbnailUrl\":\"https:\\\/\\\/revolutionpadelstore.com\\\/wp-content\\\/uploads\\\/2025\\\/03\\\/464044.jpg\",\"datePublished\":\"2025-03-02T23:07:44+00:00\",\"dateModified\":\"2026-04-08T03:59:39+00:00\",\"description\":\"Descubre las Head Sprint Team 3.5 Clay Hombre Gris, unas zapatillas de p\u00e1del ligeras, transpirables y con agarre superior en pistas de tierra batida. \u00a1C\u00f3mpralas al mejor precio en Revolution Padel Store!\",\"breadcrumb\":{\"@id\":\"https:\\\/\\\/revolutionpadelstore.com\\\/fr\\\/produit\\\/head-sprint-team-3-5-clay-men-dgbn-3\\\/#breadcrumb\"},\"inLanguage\":\"fr-FR\",\"potentialAction\":[{\"@type\":\"ReadAction\",\"target\":[\"https:\\\/\\\/revolutionpadelstore.com\\\/fr\\\/produit\\\/head-sprint-team-3-5-clay-men-dgbn-3\\\/\"]}]},{\"@type\":\"ImageObject\",\"inLanguage\":\"fr-FR\",\"@id\":\"https:\\\/\\\/revolutionpadelstore.com\\\/fr\\\/produit\\\/head-sprint-team-3-5-clay-men-dgbn-3\\\/#primaryimage\",\"url\":\"https:\\\/\\\/revolutionpadelstore.com\\\/wp-content\\\/uploads\\\/2025\\\/03\\\/464044.jpg\",\"contentUrl\":\"https:\\\/\\\/revolutionpadelstore.com\\\/wp-content\\\/uploads\\\/2025\\\/03\\\/464044.jpg\",\"width\":1000,\"height\":1000},{\"@type\":\"BreadcrumbList\",\"@id\":\"https:\\\/\\\/revolutionpadelstore.com\\\/fr\\\/produit\\\/head-sprint-team-3-5-clay-men-dgbn-3\\\/#breadcrumb\",\"itemListElement\":[{\"@type\":\"ListItem\",\"position\":1,\"name\":\"Portada\",\"item\":\"https:\\\/\\\/revolutionpadelstore.com\\\/fr\\\/\"},{\"@type\":\"ListItem\",\"position\":2,\"name\":\"Boutique\",\"item\":\"https:\\\/\\\/revolutionpadelstore.com\\\/fr\\\/tienda\\\/\"},{\"@type\":\"ListItem\",\"position\":3,\"name\":\"HEAD SPRINT TEAM 3.5 CLAY MEN DGBN\"}]},{\"@type\":\"WebSite\",\"@id\":\"https:\\\/\\\/revolutionpadelstore.com\\\/fr\\\/#website\",\"url\":\"https:\\\/\\\/revolutionpadelstore.com\\\/fr\\\/\",\"name\":\"Revolution Padel Store\",\"description\":\"\",\"publisher\":{\"@id\":\"https:\\\/\\\/revolutionpadelstore.com\\\/fr\\\/#organization\"},\"potentialAction\":[{\"@type\":\"SearchAction\",\"target\":{\"@type\":\"EntryPoint\",\"urlTemplate\":\"https:\\\/\\\/revolutionpadelstore.com\\\/fr\\\/?s={search_term_string}\"},\"query-input\":{\"@type\":\"PropertyValueSpecification\",\"valueRequired\":true,\"valueName\":\"search_term_string\"}}],\"inLanguage\":\"fr-FR\"},{\"@type\":\"Organization\",\"@id\":\"https:\\\/\\\/revolutionpadelstore.com\\\/fr\\\/#organization\",\"name\":\"Revolution Padel Store\",\"url\":\"https:\\\/\\\/revolutionpadelstore.com\\\/fr\\\/\",\"logo\":{\"@type\":\"ImageObject\",\"inLanguage\":\"fr-FR\",\"@id\":\"https:\\\/\\\/revolutionpadelstore.com\\\/fr\\\/#\\\/schema\\\/logo\\\/image\\\/\",\"url\":\"https:\\\/\\\/revolutionpadelstore.com\\\/wp-content\\\/uploads\\\/2026\\\/02\\\/revolution-padel-store.jpg\",\"contentUrl\":\"https:\\\/\\\/revolutionpadelstore.com\\\/wp-content\\\/uploads\\\/2026\\\/02\\\/revolution-padel-store.jpg\",\"width\":2000,\"height\":2000,\"caption\":\"Revolution Padel Store\"},\"image\":{\"@id\":\"https:\\\/\\\/revolutionpadelstore.com\\\/fr\\\/#\\\/schema\\\/logo\\\/image\\\/\"},\"sameAs\":[\"https:\\\/\\\/www.instagram.com\\\/revolutionpadelstore\\\/\"]}]}<\/script>\n<!-- \/ Yoast SEO plugin. -->","yoast_head_json":{"title":"HEAD SPRINT TEAM 3.5 CLAY MEN DGBN - Revolution Padel Store","description":"Descubre las Head Sprint Team 3.5 Clay Hombre Gris, unas zapatillas de p\u00e1del ligeras, transpirables y con agarre superior en pistas de tierra batida. \u00a1C\u00f3mpralas al mejor precio en Revolution Padel Store!","robots":{"index":"index","follow":"follow","max-snippet":"max-snippet:-1","max-image-preview":"max-image-preview:large","max-video-preview":"max-video-preview:-1"},"canonical":"https:\/\/revolutionpadelstore.com\/fr\/produit\/head-sprint-team-3-5-clay-men-dgbn-3\/","og_locale":"fr_FR","og_type":"article","og_title":"HEAD SPRINT TEAM 3.5 CLAY MEN DGBN - Revolution Padel Store","og_description":"Descubre las Head Sprint Team 3.5 Clay Hombre Gris, unas zapatillas de p\u00e1del ligeras, transpirables y con agarre superior en pistas de tierra batida. \u00a1C\u00f3mpralas al mejor precio en Revolution Padel Store!","og_url":"https:\/\/revolutionpadelstore.com\/fr\/produit\/head-sprint-team-3-5-clay-men-dgbn-3\/","og_site_name":"Revolution Padel Store","article_modified_time":"2026-04-08T03:59:39+00:00","og_image":[{"width":1000,"height":1000,"url":"https:\/\/revolutionpadelstore.com\/wp-content\/uploads\/2025\/03\/464044.jpg","type":"image\/jpeg"}],"twitter_card":"summary_large_image","twitter_misc":{"Dur\u00e9e de lecture estim\u00e9e":"2 minutes"},"schema":{"@context":"https:\/\/schema.org","@graph":[{"@type":"WebPage","@id":"https:\/\/revolutionpadelstore.com\/fr\/produit\/head-sprint-team-3-5-clay-men-dgbn-3\/","url":"https:\/\/revolutionpadelstore.com\/fr\/produit\/head-sprint-team-3-5-clay-men-dgbn-3\/","name":"HEAD SPRINT TEAM 3.5 CLAY MEN DGBN - Revolution Padel Store","isPartOf":{"@id":"https:\/\/revolutionpadelstore.com\/fr\/#website"},"primaryImageOfPage":{"@id":"https:\/\/revolutionpadelstore.com\/fr\/produit\/head-sprint-team-3-5-clay-men-dgbn-3\/#primaryimage"},"image":{"@id":"https:\/\/revolutionpadelstore.com\/fr\/produit\/head-sprint-team-3-5-clay-men-dgbn-3\/#primaryimage"},"thumbnailUrl":"https:\/\/revolutionpadelstore.com\/wp-content\/uploads\/2025\/03\/464044.jpg","datePublished":"2025-03-02T23:07:44+00:00","dateModified":"2026-04-08T03:59:39+00:00","description":"Descubre las Head Sprint Team 3.5 Clay Hombre Gris, unas zapatillas de p\u00e1del ligeras, transpirables y con agarre superior en pistas de tierra batida. \u00a1C\u00f3mpralas al mejor precio en Revolution Padel Store!","breadcrumb":{"@id":"https:\/\/revolutionpadelstore.com\/fr\/produit\/head-sprint-team-3-5-clay-men-dgbn-3\/#breadcrumb"},"inLanguage":"fr-FR","potentialAction":[{"@type":"ReadAction","target":["https:\/\/revolutionpadelstore.com\/fr\/produit\/head-sprint-team-3-5-clay-men-dgbn-3\/"]}]},{"@type":"ImageObject","inLanguage":"fr-FR","@id":"https:\/\/revolutionpadelstore.com\/fr\/produit\/head-sprint-team-3-5-clay-men-dgbn-3\/#primaryimage","url":"https:\/\/revolutionpadelstore.com\/wp-content\/uploads\/2025\/03\/464044.jpg","contentUrl":"https:\/\/revolutionpadelstore.com\/wp-content\/uploads\/2025\/03\/464044.jpg","width":1000,"height":1000},{"@type":"BreadcrumbList","@id":"https:\/\/revolutionpadelstore.com\/fr\/produit\/head-sprint-team-3-5-clay-men-dgbn-3\/#breadcrumb","itemListElement":[{"@type":"ListItem","position":1,"name":"Portada","item":"https:\/\/revolutionpadelstore.com\/fr\/"},{"@type":"ListItem","position":2,"name":"Boutique","item":"https:\/\/revolutionpadelstore.com\/fr\/tienda\/"},{"@type":"ListItem","position":3,"name":"HEAD SPRINT TEAM 3.5 CLAY MEN DGBN"}]},{"@type":"WebSite","@id":"https:\/\/revolutionpadelstore.com\/fr\/#website","url":"https:\/\/revolutionpadelstore.com\/fr\/","name":"Revolution Padel Store","description":"","publisher":{"@id":"https:\/\/revolutionpadelstore.com\/fr\/#organization"},"potentialAction":[{"@type":"SearchAction","target":{"@type":"EntryPoint","urlTemplate":"https:\/\/revolutionpadelstore.com\/fr\/?s={search_term_string}"},"query-input":{"@type":"PropertyValueSpecification","valueRequired":true,"valueName":"search_term_string"}}],"inLanguage":"fr-FR"},{"@type":"Organization","@id":"https:\/\/revolutionpadelstore.com\/fr\/#organization","name":"Revolution Padel Store","url":"https:\/\/revolutionpadelstore.com\/fr\/","logo":{"@type":"ImageObject","inLanguage":"fr-FR","@id":"https:\/\/revolutionpadelstore.com\/fr\/#\/schema\/logo\/image\/","url":"https:\/\/revolutionpadelstore.com\/wp-content\/uploads\/2026\/02\/revolution-padel-store.jpg","contentUrl":"https:\/\/revolutionpadelstore.com\/wp-content\/uploads\/2026\/02\/revolution-padel-store.jpg","width":2000,"height":2000,"caption":"Revolution Padel Store"},"image":{"@id":"https:\/\/revolutionpadelstore.com\/fr\/#\/schema\/logo\/image\/"},"sameAs":["https:\/\/www.instagram.com\/revolutionpadelstore\/"]}]}},"_links":{"self":[{"href":"https:\/\/revolutionpadelstore.com\/fr\/wp-json\/wp\/v2\/product\/198276","targetHints":{"allow":["GET"]}}],"collection":[{"href":"https:\/\/revolutionpadelstore.com\/fr\/wp-json\/wp\/v2\/product"}],"about":[{"href":"https:\/\/revolutionpadelstore.com\/fr\/wp-json\/wp\/v2\/types\/product"}],"replies":[{"embeddable":true,"href":"https:\/\/revolutionpadelstore.com\/fr\/wp-json\/wp\/v2\/comments?post=198276"}],"wp:featuredmedia":[{"embeddable":true,"href":"https:\/\/revolutionpadelstore.com\/fr\/wp-json\/wp\/v2\/media\/198100"}],"wp:attachment":[{"href":"https:\/\/revolutionpadelstore.com\/fr\/wp-json\/wp\/v2\/media?parent=198276"}],"wp:term":[{"taxonomy":"acabado","embeddable":true,"href":"https:\/\/revolutionpadelstore.com\/fr\/wp-json\/wp\/v2\/acabado?post=198276"},{"taxonomy":"balance","embeddable":true,"href":"https:\/\/revolutionpadelstore.com\/fr\/wp-json\/wp\/v2\/balance?post=198276"},{"taxonomy":"dureza","embeddable":true,"href":"https:\/\/revolutionpadelstore.com\/fr\/wp-json\/wp\/v2\/dureza?post=198276"},{"taxonomy":"forma","embeddable":true,"href":"https:\/\/revolutionpadelstore.com\/fr\/wp-json\/wp\/v2\/forma?post=198276"},{"taxonomy":"jugador","embeddable":true,"href":"https:\/\/revolutionpadelstore.com\/fr\/wp-json\/wp\/v2\/jugador?post=198276"},{"taxonomy":"marca","embeddable":true,"href":"https:\/\/revolutionpadelstore.com\/fr\/wp-json\/wp\/v2\/marca?post=198276"},{"taxonomy":"nivel-de-juego","embeddable":true,"href":"https:\/\/revolutionpadelstore.com\/fr\/wp-json\/wp\/v2\/nivel-de-juego?post=198276"},{"taxonomy":"superficie","embeddable":true,"href":"https:\/\/revolutionpadelstore.com\/fr\/wp-json\/wp\/v2\/superficie?post=198276"},{"taxonomy":"tipo-de-juego","embeddable":true,"href":"https:\/\/revolutionpadelstore.com\/fr\/wp-json\/wp\/v2\/tipo-de-juego?post=198276"},{"taxonomy":"product_brand","embeddable":true,"href":"https:\/\/revolutionpadelstore.com\/fr\/wp-json\/wp\/v2\/product_brand?post=198276"},{"taxonomy":"product_cat","embeddable":true,"href":"https:\/\/revolutionpadelstore.com\/fr\/wp-json\/wp\/v2\/product_cat?post=198276"},{"taxonomy":"product_tag","embeddable":true,"href":"https:\/\/revolutionpadelstore.com\/fr\/wp-json\/wp\/v2\/product_tag?post=198276"}],"curies":[{"name":"wp","href":"https:\/\/api.w.org\/{rel}","templated":true}]}}