{"id":198219,"date":"2025-03-02T20:56:23","date_gmt":"2025-03-02T19:56:23","guid":{"rendered":"https:\/\/revolutionpadelstore.com\/198207\/"},"modified":"2026-04-08T06:01:10","modified_gmt":"2026-04-08T04:01:10","slug":"head-sprint-pro-3-5-clay-men-rojo-3","status":"publish","type":"product","link":"https:\/\/revolutionpadelstore.com\/fr\/produit\/head-sprint-pro-3-5-clay-men-rojo-3\/","title":{"rendered":"HEAD SPRINT PRO 3.5 CLAY MEN ROJO"},"content":{"rendered":"<h2> Head Sprint Pro 3.5 Clay Men Red &#8211; Performance et confort sur la piste <\/h2>\n<p>Le <strong> Head Sprint Pro 3.5 Clay Men Red <\/strong> est des chaussures haute performance con\u00e7ues pour exiger des joueurs de paddle. Sa conception avec Espiga Sole optimise l&#8217;adh\u00e9rence sur les pistes au sol battues, en \u00e9vitant l&#8217;accumulation de sable et en fournissant une excellente traction dans chaque mouvement.<\/p>\n<h2> <strong> Technologies avanc\u00e9es pour un jeu sup\u00e9rieur <\/strong> <\/h2>\n<p> &#8211; Syst\u00e8me de refroidissement: Ventilation \u00e0 360 \u00b0 en semelle et commencez \u00e0 garder vos pieds frais et secs. <\/p>\n<\/p>\n<p> &#8211; Hybrasion +: caoutchouc haute r\u00e9sistance pour une plus grande durabilit\u00e9 et traction sur la piste. <\/p>\n<p style=\"padding-left: 40px\"> &#8211; m\u00e9dia \u00e0 triple densit\u00e9<\/p>\n<p> &#8211; Cane anti-allion tridimensionnelle: assure la stabilit\u00e9 et \u00e9vite les mouvements ind\u00e9sirables sur le pied.<\/p>\n<h2> <strong> ajustement parfait et stabilit\u00e9 maximale <\/strong> <\/h2>\n<p> &#8211; Syst\u00e8me de support Elastic Park &amp; \u200b\u200bSock: Conception de la chaussette qui s&#8217;adapte au pied pour un plus grand confort et un soutien.<\/p>\n<p> &#8211; Deltastrap: ajustement renforc\u00e9 dans la zone m\u00e9diane pour am\u00e9liorer la stabilit\u00e9 lat\u00e9rale. <\/p>\n<p style=\"padding-left: 40px\"> &#8211; Stabilisateur du talon: renforcement thermoplastique en polyur\u00e9thane qui entoure le talon pour une plus grande protection. <\/p>\n<p style=\"padding-left: 40px\"> &#8211; D\u00e9fense D\u00e9fense: orteil en caoutchouc qui prot\u00e8ge le pied dans les glissements de terrain soudains et le freinage. <\/p>\n<\/p>\n<p style=\"padding-left: 40px\"> &#8211; Contr\u00f4le lat\u00e9ral: stabilit\u00e9 am\u00e9lior\u00e9e dans les d\u00e9placements lat\u00e9raux pour emp\u00eacher les torsions. <\/p>\n<p><strong> Con\u00e7u pour les joueurs \u00e0 la recherche de la vitesse, de l&#8217;adh\u00e9rence et du confort dans chaque jeu. <\/strong><\/p>\n<p><strong> Obtenez le Head Sprint Pro 3.5 Clay Men Red dans notre boutique en ligne &lt;a href = &quot;https:\/\/chatgpt.com\/g\/g-675432e02688191b6ee6d6f2fdbb15e-optimization-textos\/c\/www.revolutionpadelstore.com&quot; March\u00e9! <\/strong><\/p>\n","protected":false},"excerpt":{"rendered":"<p>Head Sprint Pro 3.5 Clay Red Men, Pandle Footwear for Men. Profitez de la pagaie avec ces chaussures de semelle en argile, con\u00e7ues pour offrir un ajustement optimal et un grand coussin.<\/p>\n","protected":false},"featured_media":198094,"comment_status":"open","ping_status":"closed","template":"","meta":{"_acf_changed":false,"_joinchat":[]},"acabado":[],"balance":[],"dureza":[],"forma":[],"jugador":[1192],"marca":[1222],"nivel-de-juego":[],"superficie":[],"tipo-de-juego":[],"product_brand":[],"product_cat":[830],"product_tag":[],"class_list":{"0":"post-198219","1":"product","2":"type-product","3":"status-publish","4":"has-post-thumbnail","6":"jugador-homme","7":"marca-tete","8":"product_cat-baskets","10":"first","11":"outofstock","12":"sale","13":"taxable","14":"shipping-taxable","15":"purchasable","16":"product-type-variable"},"acf":[],"yoast_head":"<!-- This site is optimized with the Yoast SEO plugin v27.4 - https:\/\/yoast.com\/product\/yoast-seo-wordpress\/ -->\n<title>HEAD SPRINT PRO 3.5 CLAY MEN ROJO - Revolution Padel Store<\/title>\n<meta name=\"description\" content=\"Descubre las Head Sprint Pro 3.5 Clay Men Rojo, zapatillas de p\u00e1del con suela de espiga, tecnolog\u00eda Cooling System y ajuste Elastic Sock. \u00a1C\u00f3mpralas al mejor precio en Revolution Padel Store!\" \/>\n<meta name=\"robots\" content=\"index, follow, max-snippet:-1, max-image-preview:large, max-video-preview:-1\" \/>\n<link rel=\"canonical\" href=\"https:\/\/revolutionpadelstore.com\/fr\/produit\/head-sprint-pro-3-5-clay-men-rojo-3\/\" \/>\n<meta property=\"og:locale\" content=\"fr_FR\" \/>\n<meta property=\"og:type\" content=\"article\" \/>\n<meta property=\"og:title\" content=\"HEAD SPRINT PRO 3.5 CLAY MEN ROJO - Revolution Padel Store\" \/>\n<meta property=\"og:description\" content=\"Descubre las Head Sprint Pro 3.5 Clay Men Rojo, zapatillas de p\u00e1del con suela de espiga, tecnolog\u00eda Cooling System y ajuste Elastic Sock. \u00a1C\u00f3mpralas al mejor precio en Revolution Padel Store!\" \/>\n<meta property=\"og:url\" content=\"https:\/\/revolutionpadelstore.com\/fr\/produit\/head-sprint-pro-3-5-clay-men-rojo-3\/\" \/>\n<meta property=\"og:site_name\" content=\"Revolution Padel Store\" \/>\n<meta property=\"article:modified_time\" content=\"2026-04-08T04:01:10+00:00\" \/>\n<meta property=\"og:image\" content=\"https:\/\/revolutionpadelstore.com\/wp-content\/uploads\/2025\/03\/464030.jpg\" \/>\n\t<meta property=\"og:image:width\" content=\"1000\" \/>\n\t<meta property=\"og:image:height\" content=\"1000\" \/>\n\t<meta property=\"og:image:type\" content=\"image\/jpeg\" \/>\n<meta name=\"twitter:card\" content=\"summary_large_image\" \/>\n<meta name=\"twitter:label1\" content=\"Dur\u00e9e de lecture estim\u00e9e\" \/>\n\t<meta name=\"twitter:data1\" content=\"2 minutes\" \/>\n<script type=\"application\/ld+json\" class=\"yoast-schema-graph\">{\"@context\":\"https:\\\/\\\/schema.org\",\"@graph\":[{\"@type\":\"WebPage\",\"@id\":\"https:\\\/\\\/revolutionpadelstore.com\\\/fr\\\/produit\\\/head-sprint-pro-3-5-clay-men-rojo-3\\\/\",\"url\":\"https:\\\/\\\/revolutionpadelstore.com\\\/fr\\\/produit\\\/head-sprint-pro-3-5-clay-men-rojo-3\\\/\",\"name\":\"HEAD SPRINT PRO 3.5 CLAY MEN ROJO - Revolution Padel Store\",\"isPartOf\":{\"@id\":\"https:\\\/\\\/revolutionpadelstore.com\\\/fr\\\/#website\"},\"primaryImageOfPage\":{\"@id\":\"https:\\\/\\\/revolutionpadelstore.com\\\/fr\\\/produit\\\/head-sprint-pro-3-5-clay-men-rojo-3\\\/#primaryimage\"},\"image\":{\"@id\":\"https:\\\/\\\/revolutionpadelstore.com\\\/fr\\\/produit\\\/head-sprint-pro-3-5-clay-men-rojo-3\\\/#primaryimage\"},\"thumbnailUrl\":\"https:\\\/\\\/revolutionpadelstore.com\\\/wp-content\\\/uploads\\\/2025\\\/03\\\/464030.jpg\",\"datePublished\":\"2025-03-02T19:56:23+00:00\",\"dateModified\":\"2026-04-08T04:01:10+00:00\",\"description\":\"Descubre las Head Sprint Pro 3.5 Clay Men Rojo, zapatillas de p\u00e1del con suela de espiga, tecnolog\u00eda Cooling System y ajuste Elastic Sock. \u00a1C\u00f3mpralas al mejor precio en Revolution Padel Store!\",\"breadcrumb\":{\"@id\":\"https:\\\/\\\/revolutionpadelstore.com\\\/fr\\\/produit\\\/head-sprint-pro-3-5-clay-men-rojo-3\\\/#breadcrumb\"},\"inLanguage\":\"fr-FR\",\"potentialAction\":[{\"@type\":\"ReadAction\",\"target\":[\"https:\\\/\\\/revolutionpadelstore.com\\\/fr\\\/produit\\\/head-sprint-pro-3-5-clay-men-rojo-3\\\/\"]}]},{\"@type\":\"ImageObject\",\"inLanguage\":\"fr-FR\",\"@id\":\"https:\\\/\\\/revolutionpadelstore.com\\\/fr\\\/produit\\\/head-sprint-pro-3-5-clay-men-rojo-3\\\/#primaryimage\",\"url\":\"https:\\\/\\\/revolutionpadelstore.com\\\/wp-content\\\/uploads\\\/2025\\\/03\\\/464030.jpg\",\"contentUrl\":\"https:\\\/\\\/revolutionpadelstore.com\\\/wp-content\\\/uploads\\\/2025\\\/03\\\/464030.jpg\",\"width\":1000,\"height\":1000},{\"@type\":\"BreadcrumbList\",\"@id\":\"https:\\\/\\\/revolutionpadelstore.com\\\/fr\\\/produit\\\/head-sprint-pro-3-5-clay-men-rojo-3\\\/#breadcrumb\",\"itemListElement\":[{\"@type\":\"ListItem\",\"position\":1,\"name\":\"Portada\",\"item\":\"https:\\\/\\\/revolutionpadelstore.com\\\/fr\\\/\"},{\"@type\":\"ListItem\",\"position\":2,\"name\":\"Boutique\",\"item\":\"https:\\\/\\\/revolutionpadelstore.com\\\/fr\\\/tienda\\\/\"},{\"@type\":\"ListItem\",\"position\":3,\"name\":\"HEAD SPRINT PRO 3.5 CLAY MEN ROJO\"}]},{\"@type\":\"WebSite\",\"@id\":\"https:\\\/\\\/revolutionpadelstore.com\\\/fr\\\/#website\",\"url\":\"https:\\\/\\\/revolutionpadelstore.com\\\/fr\\\/\",\"name\":\"Revolution Padel Store\",\"description\":\"\",\"publisher\":{\"@id\":\"https:\\\/\\\/revolutionpadelstore.com\\\/fr\\\/#organization\"},\"potentialAction\":[{\"@type\":\"SearchAction\",\"target\":{\"@type\":\"EntryPoint\",\"urlTemplate\":\"https:\\\/\\\/revolutionpadelstore.com\\\/fr\\\/?s={search_term_string}\"},\"query-input\":{\"@type\":\"PropertyValueSpecification\",\"valueRequired\":true,\"valueName\":\"search_term_string\"}}],\"inLanguage\":\"fr-FR\"},{\"@type\":\"Organization\",\"@id\":\"https:\\\/\\\/revolutionpadelstore.com\\\/fr\\\/#organization\",\"name\":\"Revolution Padel Store\",\"url\":\"https:\\\/\\\/revolutionpadelstore.com\\\/fr\\\/\",\"logo\":{\"@type\":\"ImageObject\",\"inLanguage\":\"fr-FR\",\"@id\":\"https:\\\/\\\/revolutionpadelstore.com\\\/fr\\\/#\\\/schema\\\/logo\\\/image\\\/\",\"url\":\"https:\\\/\\\/revolutionpadelstore.com\\\/wp-content\\\/uploads\\\/2026\\\/02\\\/revolution-padel-store.jpg\",\"contentUrl\":\"https:\\\/\\\/revolutionpadelstore.com\\\/wp-content\\\/uploads\\\/2026\\\/02\\\/revolution-padel-store.jpg\",\"width\":2000,\"height\":2000,\"caption\":\"Revolution Padel Store\"},\"image\":{\"@id\":\"https:\\\/\\\/revolutionpadelstore.com\\\/fr\\\/#\\\/schema\\\/logo\\\/image\\\/\"},\"sameAs\":[\"https:\\\/\\\/www.instagram.com\\\/revolutionpadelstore\\\/\"]}]}<\/script>\n<!-- \/ Yoast SEO plugin. -->","yoast_head_json":{"title":"HEAD SPRINT PRO 3.5 CLAY MEN ROJO - Revolution Padel Store","description":"Descubre las Head Sprint Pro 3.5 Clay Men Rojo, zapatillas de p\u00e1del con suela de espiga, tecnolog\u00eda Cooling System y ajuste Elastic Sock. \u00a1C\u00f3mpralas al mejor precio en Revolution Padel Store!","robots":{"index":"index","follow":"follow","max-snippet":"max-snippet:-1","max-image-preview":"max-image-preview:large","max-video-preview":"max-video-preview:-1"},"canonical":"https:\/\/revolutionpadelstore.com\/fr\/produit\/head-sprint-pro-3-5-clay-men-rojo-3\/","og_locale":"fr_FR","og_type":"article","og_title":"HEAD SPRINT PRO 3.5 CLAY MEN ROJO - Revolution Padel Store","og_description":"Descubre las Head Sprint Pro 3.5 Clay Men Rojo, zapatillas de p\u00e1del con suela de espiga, tecnolog\u00eda Cooling System y ajuste Elastic Sock. \u00a1C\u00f3mpralas al mejor precio en Revolution Padel Store!","og_url":"https:\/\/revolutionpadelstore.com\/fr\/produit\/head-sprint-pro-3-5-clay-men-rojo-3\/","og_site_name":"Revolution Padel Store","article_modified_time":"2026-04-08T04:01:10+00:00","og_image":[{"width":1000,"height":1000,"url":"https:\/\/revolutionpadelstore.com\/wp-content\/uploads\/2025\/03\/464030.jpg","type":"image\/jpeg"}],"twitter_card":"summary_large_image","twitter_misc":{"Dur\u00e9e de lecture estim\u00e9e":"2 minutes"},"schema":{"@context":"https:\/\/schema.org","@graph":[{"@type":"WebPage","@id":"https:\/\/revolutionpadelstore.com\/fr\/produit\/head-sprint-pro-3-5-clay-men-rojo-3\/","url":"https:\/\/revolutionpadelstore.com\/fr\/produit\/head-sprint-pro-3-5-clay-men-rojo-3\/","name":"HEAD SPRINT PRO 3.5 CLAY MEN ROJO - Revolution Padel Store","isPartOf":{"@id":"https:\/\/revolutionpadelstore.com\/fr\/#website"},"primaryImageOfPage":{"@id":"https:\/\/revolutionpadelstore.com\/fr\/produit\/head-sprint-pro-3-5-clay-men-rojo-3\/#primaryimage"},"image":{"@id":"https:\/\/revolutionpadelstore.com\/fr\/produit\/head-sprint-pro-3-5-clay-men-rojo-3\/#primaryimage"},"thumbnailUrl":"https:\/\/revolutionpadelstore.com\/wp-content\/uploads\/2025\/03\/464030.jpg","datePublished":"2025-03-02T19:56:23+00:00","dateModified":"2026-04-08T04:01:10+00:00","description":"Descubre las Head Sprint Pro 3.5 Clay Men Rojo, zapatillas de p\u00e1del con suela de espiga, tecnolog\u00eda Cooling System y ajuste Elastic Sock. \u00a1C\u00f3mpralas al mejor precio en Revolution Padel Store!","breadcrumb":{"@id":"https:\/\/revolutionpadelstore.com\/fr\/produit\/head-sprint-pro-3-5-clay-men-rojo-3\/#breadcrumb"},"inLanguage":"fr-FR","potentialAction":[{"@type":"ReadAction","target":["https:\/\/revolutionpadelstore.com\/fr\/produit\/head-sprint-pro-3-5-clay-men-rojo-3\/"]}]},{"@type":"ImageObject","inLanguage":"fr-FR","@id":"https:\/\/revolutionpadelstore.com\/fr\/produit\/head-sprint-pro-3-5-clay-men-rojo-3\/#primaryimage","url":"https:\/\/revolutionpadelstore.com\/wp-content\/uploads\/2025\/03\/464030.jpg","contentUrl":"https:\/\/revolutionpadelstore.com\/wp-content\/uploads\/2025\/03\/464030.jpg","width":1000,"height":1000},{"@type":"BreadcrumbList","@id":"https:\/\/revolutionpadelstore.com\/fr\/produit\/head-sprint-pro-3-5-clay-men-rojo-3\/#breadcrumb","itemListElement":[{"@type":"ListItem","position":1,"name":"Portada","item":"https:\/\/revolutionpadelstore.com\/fr\/"},{"@type":"ListItem","position":2,"name":"Boutique","item":"https:\/\/revolutionpadelstore.com\/fr\/tienda\/"},{"@type":"ListItem","position":3,"name":"HEAD SPRINT PRO 3.5 CLAY MEN ROJO"}]},{"@type":"WebSite","@id":"https:\/\/revolutionpadelstore.com\/fr\/#website","url":"https:\/\/revolutionpadelstore.com\/fr\/","name":"Revolution Padel Store","description":"","publisher":{"@id":"https:\/\/revolutionpadelstore.com\/fr\/#organization"},"potentialAction":[{"@type":"SearchAction","target":{"@type":"EntryPoint","urlTemplate":"https:\/\/revolutionpadelstore.com\/fr\/?s={search_term_string}"},"query-input":{"@type":"PropertyValueSpecification","valueRequired":true,"valueName":"search_term_string"}}],"inLanguage":"fr-FR"},{"@type":"Organization","@id":"https:\/\/revolutionpadelstore.com\/fr\/#organization","name":"Revolution Padel Store","url":"https:\/\/revolutionpadelstore.com\/fr\/","logo":{"@type":"ImageObject","inLanguage":"fr-FR","@id":"https:\/\/revolutionpadelstore.com\/fr\/#\/schema\/logo\/image\/","url":"https:\/\/revolutionpadelstore.com\/wp-content\/uploads\/2026\/02\/revolution-padel-store.jpg","contentUrl":"https:\/\/revolutionpadelstore.com\/wp-content\/uploads\/2026\/02\/revolution-padel-store.jpg","width":2000,"height":2000,"caption":"Revolution Padel Store"},"image":{"@id":"https:\/\/revolutionpadelstore.com\/fr\/#\/schema\/logo\/image\/"},"sameAs":["https:\/\/www.instagram.com\/revolutionpadelstore\/"]}]}},"_links":{"self":[{"href":"https:\/\/revolutionpadelstore.com\/fr\/wp-json\/wp\/v2\/product\/198219","targetHints":{"allow":["GET"]}}],"collection":[{"href":"https:\/\/revolutionpadelstore.com\/fr\/wp-json\/wp\/v2\/product"}],"about":[{"href":"https:\/\/revolutionpadelstore.com\/fr\/wp-json\/wp\/v2\/types\/product"}],"replies":[{"embeddable":true,"href":"https:\/\/revolutionpadelstore.com\/fr\/wp-json\/wp\/v2\/comments?post=198219"}],"wp:featuredmedia":[{"embeddable":true,"href":"https:\/\/revolutionpadelstore.com\/fr\/wp-json\/wp\/v2\/media\/198094"}],"wp:attachment":[{"href":"https:\/\/revolutionpadelstore.com\/fr\/wp-json\/wp\/v2\/media?parent=198219"}],"wp:term":[{"taxonomy":"acabado","embeddable":true,"href":"https:\/\/revolutionpadelstore.com\/fr\/wp-json\/wp\/v2\/acabado?post=198219"},{"taxonomy":"balance","embeddable":true,"href":"https:\/\/revolutionpadelstore.com\/fr\/wp-json\/wp\/v2\/balance?post=198219"},{"taxonomy":"dureza","embeddable":true,"href":"https:\/\/revolutionpadelstore.com\/fr\/wp-json\/wp\/v2\/dureza?post=198219"},{"taxonomy":"forma","embeddable":true,"href":"https:\/\/revolutionpadelstore.com\/fr\/wp-json\/wp\/v2\/forma?post=198219"},{"taxonomy":"jugador","embeddable":true,"href":"https:\/\/revolutionpadelstore.com\/fr\/wp-json\/wp\/v2\/jugador?post=198219"},{"taxonomy":"marca","embeddable":true,"href":"https:\/\/revolutionpadelstore.com\/fr\/wp-json\/wp\/v2\/marca?post=198219"},{"taxonomy":"nivel-de-juego","embeddable":true,"href":"https:\/\/revolutionpadelstore.com\/fr\/wp-json\/wp\/v2\/nivel-de-juego?post=198219"},{"taxonomy":"superficie","embeddable":true,"href":"https:\/\/revolutionpadelstore.com\/fr\/wp-json\/wp\/v2\/superficie?post=198219"},{"taxonomy":"tipo-de-juego","embeddable":true,"href":"https:\/\/revolutionpadelstore.com\/fr\/wp-json\/wp\/v2\/tipo-de-juego?post=198219"},{"taxonomy":"product_brand","embeddable":true,"href":"https:\/\/revolutionpadelstore.com\/fr\/wp-json\/wp\/v2\/product_brand?post=198219"},{"taxonomy":"product_cat","embeddable":true,"href":"https:\/\/revolutionpadelstore.com\/fr\/wp-json\/wp\/v2\/product_cat?post=198219"},{"taxonomy":"product_tag","embeddable":true,"href":"https:\/\/revolutionpadelstore.com\/fr\/wp-json\/wp\/v2\/product_tag?post=198219"}],"curies":[{"name":"wp","href":"https:\/\/api.w.org\/{rel}","templated":true}]}}