{"id":198191,"date":"2025-03-02T20:38:41","date_gmt":"2025-03-02T19:38:41","guid":{"rendered":"https:\/\/revolutionpadelstore.com\/head-motion-pro-padel-women-bbwh\/"},"modified":"2026-04-19T02:02:07","modified_gmt":"2026-04-19T00:02:07","slug":"head-motion-pro-padel-women-bbwh-3","status":"publish","type":"product","link":"https:\/\/revolutionpadelstore.com\/fr\/produit\/head-motion-pro-padel-women-bbwh-3\/","title":{"rendered":"HEAD MOTION PRO PADEL WOMEN BBWH"},"content":{"rendered":"<h2> Head Motion Pro Padel Women &#8211; Performance et confort maximum sur la piste <\/h2>\n<p>D\u00e9couvrez le <strong> Head Motion Pro Padel Women <\/strong>, les premi\u00e8res baskets sp\u00e9cialement con\u00e7ues pour Padel par Head. D\u00e9velopp\u00e9s en collaboration avec des joueurs professionnels, ces chaussures offrent un mouvement \u00e0 360 degr\u00e9s, garantissant une stabilit\u00e9, une respirabilit\u00e9 et une l\u00e9g\u00e8ret\u00e9 maximales \u00e0 chaque point du jeu.<\/p>\n<h2> Technologie avanc\u00e9e pour le jeu imparable <\/h2>\n<p><P> &#8211; Sole haute performance: son mod\u00e8le avanc\u00e9, test\u00e9 \u00e0 c\u00f4t\u00e9 de Mondo, fournisseur officiel de la tourn\u00e9e du monde, offre une prise plus \u00e9lev\u00e9e dans toutes les directions.<br \/>\n-Esafoam -LA Entresuela int\u00e8gre cette technologie innovante avec les microcelles a\u00e9riennes, r\u00e9alisant une empreinte plus l\u00e9g\u00e8re, confortable et r\u00e9active.<br \/>\n-Histructure avec ajustement de la chaussette: conception \u00e9lastique pour une seconde sensation cutan\u00e9e et un ajustement personnalis\u00e9.<br \/>\n-Le contr\u00f4le lat\u00e9ral +: une plus grande stabilit\u00e9 dans les mouvements lat\u00e9raux, gr\u00e2ce \u00e0 la combinaison de renforts dans la partie sup\u00e9rieure et \u00e0 une canne en polyur\u00e9thane thermoplastique qui s&#8217;\u00e9tend \u00e0 la zone m\u00e9diane du pied.<br \/>\n-Iptimis\u00e9 Vetaillilly: le maillage respirant et le syst\u00e8me de refroidissement maintiennent vos pieds frais dans les matchs les plus intenses. <\/p>\n<h2> Style et performances dans chaque d\u00e9tail <\/h2>\n<p>La conception des femmes de la t\u00eate du mouvement pro padel combine les fonctionnalit\u00e9s avec une touche moderne, mettant en \u00e9vidence le logo de t\u00eate embl\u00e9matique en grande taille. Leur esth\u00e9tique frappante et sportive en fait le compl\u00e9ment parfait aux joueurs qui cherchent \u00e0 se d\u00e9marquer sur la piste avec style et confort maximum.<\/p>\n<p><strong> En consignation maintenant dans notre boutique en ligne &lt;a href = &quot;https:\/\/chatgpt.com\/g\/g-675432e02688191b6ee6d6f2fdbb15e-optimisation-textos\/c\/www.revolutionpadelstore.com&quot;. <\/strong><\/p>\n","protected":false},"excerpt":{"rendered":"<p>Head Motion Pro Padel pour les femmes en noir et blanc: con\u00e7u pour offrir une r\u00e9sistance maximale et permettre un jeu sans soucis.<\/p>\n","protected":false},"featured_media":198010,"comment_status":"open","ping_status":"closed","template":"","meta":{"_acf_changed":false,"_joinchat":[]},"acabado":[],"balance":[],"dureza":[],"forma":[],"jugador":[1197],"marca":[1222],"nivel-de-juego":[],"superficie":[],"tipo-de-juego":[],"product_brand":[],"product_cat":[830],"product_tag":[],"class_list":{"0":"post-198191","1":"product","2":"type-product","3":"status-publish","4":"has-post-thumbnail","6":"jugador-mujer-fr","7":"marca-tete","8":"product_cat-baskets","10":"first","11":"outofstock","12":"sale","13":"taxable","14":"shipping-taxable","15":"purchasable","16":"product-type-variable"},"acf":[],"yoast_head":"<!-- This site is optimized with the Yoast SEO plugin v27.4 - https:\/\/yoast.com\/product\/yoast-seo-wordpress\/ -->\n<title>HEAD MOTION PRO PADEL WOMEN BBWH - Revolution Padel Store<\/title>\n<meta name=\"description\" content=\"Las nuevas HEAD MOTION PRO PADEL WOMEN ofrecen estabilidad, transpirabilidad y agarre superior. Tecnolog\u00eda DynaFoam, ajuste tipo calcet\u00edn y suela optimizada. \u00a1Compra al mejor precio en Revolution Padel Store\" \/>\n<meta name=\"robots\" content=\"index, follow, max-snippet:-1, max-image-preview:large, max-video-preview:-1\" \/>\n<link rel=\"canonical\" href=\"https:\/\/revolutionpadelstore.com\/fr\/produit\/head-motion-pro-padel-women-bbwh-3\/\" \/>\n<meta property=\"og:locale\" content=\"fr_FR\" \/>\n<meta property=\"og:type\" content=\"article\" \/>\n<meta property=\"og:title\" content=\"HEAD MOTION PRO PADEL WOMEN BBWH - Revolution Padel Store\" \/>\n<meta property=\"og:description\" content=\"Las nuevas HEAD MOTION PRO PADEL WOMEN ofrecen estabilidad, transpirabilidad y agarre superior. Tecnolog\u00eda DynaFoam, ajuste tipo calcet\u00edn y suela optimizada. \u00a1Compra al mejor precio en Revolution Padel Store\" \/>\n<meta property=\"og:url\" content=\"https:\/\/revolutionpadelstore.com\/fr\/produit\/head-motion-pro-padel-women-bbwh-3\/\" \/>\n<meta property=\"og:site_name\" content=\"Revolution Padel Store\" \/>\n<meta property=\"article:modified_time\" content=\"2026-04-19T00:02:07+00:00\" \/>\n<meta property=\"og:image\" content=\"https:\/\/revolutionpadelstore.com\/wp-content\/uploads\/2025\/03\/454702.jpg\" \/>\n\t<meta property=\"og:image:width\" content=\"1000\" \/>\n\t<meta property=\"og:image:height\" content=\"1000\" \/>\n\t<meta property=\"og:image:type\" content=\"image\/jpeg\" \/>\n<meta name=\"twitter:card\" content=\"summary_large_image\" \/>\n<meta name=\"twitter:label1\" content=\"Dur\u00e9e de lecture estim\u00e9e\" \/>\n\t<meta name=\"twitter:data1\" content=\"2 minutes\" \/>\n<script type=\"application\/ld+json\" class=\"yoast-schema-graph\">{\"@context\":\"https:\\\/\\\/schema.org\",\"@graph\":[{\"@type\":\"WebPage\",\"@id\":\"https:\\\/\\\/revolutionpadelstore.com\\\/fr\\\/produit\\\/head-motion-pro-padel-women-bbwh-3\\\/\",\"url\":\"https:\\\/\\\/revolutionpadelstore.com\\\/fr\\\/produit\\\/head-motion-pro-padel-women-bbwh-3\\\/\",\"name\":\"HEAD MOTION PRO PADEL WOMEN BBWH - Revolution Padel Store\",\"isPartOf\":{\"@id\":\"https:\\\/\\\/revolutionpadelstore.com\\\/fr\\\/#website\"},\"primaryImageOfPage\":{\"@id\":\"https:\\\/\\\/revolutionpadelstore.com\\\/fr\\\/produit\\\/head-motion-pro-padel-women-bbwh-3\\\/#primaryimage\"},\"image\":{\"@id\":\"https:\\\/\\\/revolutionpadelstore.com\\\/fr\\\/produit\\\/head-motion-pro-padel-women-bbwh-3\\\/#primaryimage\"},\"thumbnailUrl\":\"https:\\\/\\\/revolutionpadelstore.com\\\/wp-content\\\/uploads\\\/2025\\\/03\\\/454702.jpg\",\"datePublished\":\"2025-03-02T19:38:41+00:00\",\"dateModified\":\"2026-04-19T00:02:07+00:00\",\"description\":\"Las nuevas HEAD MOTION PRO PADEL WOMEN ofrecen estabilidad, transpirabilidad y agarre superior. Tecnolog\u00eda DynaFoam, ajuste tipo calcet\u00edn y suela optimizada. \u00a1Compra al mejor precio en Revolution Padel Store\",\"breadcrumb\":{\"@id\":\"https:\\\/\\\/revolutionpadelstore.com\\\/fr\\\/produit\\\/head-motion-pro-padel-women-bbwh-3\\\/#breadcrumb\"},\"inLanguage\":\"fr-FR\",\"potentialAction\":[{\"@type\":\"ReadAction\",\"target\":[\"https:\\\/\\\/revolutionpadelstore.com\\\/fr\\\/produit\\\/head-motion-pro-padel-women-bbwh-3\\\/\"]}]},{\"@type\":\"ImageObject\",\"inLanguage\":\"fr-FR\",\"@id\":\"https:\\\/\\\/revolutionpadelstore.com\\\/fr\\\/produit\\\/head-motion-pro-padel-women-bbwh-3\\\/#primaryimage\",\"url\":\"https:\\\/\\\/revolutionpadelstore.com\\\/wp-content\\\/uploads\\\/2025\\\/03\\\/454702.jpg\",\"contentUrl\":\"https:\\\/\\\/revolutionpadelstore.com\\\/wp-content\\\/uploads\\\/2025\\\/03\\\/454702.jpg\",\"width\":1000,\"height\":1000},{\"@type\":\"BreadcrumbList\",\"@id\":\"https:\\\/\\\/revolutionpadelstore.com\\\/fr\\\/produit\\\/head-motion-pro-padel-women-bbwh-3\\\/#breadcrumb\",\"itemListElement\":[{\"@type\":\"ListItem\",\"position\":1,\"name\":\"Portada\",\"item\":\"https:\\\/\\\/revolutionpadelstore.com\\\/fr\\\/\"},{\"@type\":\"ListItem\",\"position\":2,\"name\":\"Boutique\",\"item\":\"https:\\\/\\\/revolutionpadelstore.com\\\/fr\\\/tienda\\\/\"},{\"@type\":\"ListItem\",\"position\":3,\"name\":\"HEAD MOTION PRO PADEL WOMEN BBWH\"}]},{\"@type\":\"WebSite\",\"@id\":\"https:\\\/\\\/revolutionpadelstore.com\\\/fr\\\/#website\",\"url\":\"https:\\\/\\\/revolutionpadelstore.com\\\/fr\\\/\",\"name\":\"Revolution Padel Store\",\"description\":\"\",\"publisher\":{\"@id\":\"https:\\\/\\\/revolutionpadelstore.com\\\/fr\\\/#organization\"},\"potentialAction\":[{\"@type\":\"SearchAction\",\"target\":{\"@type\":\"EntryPoint\",\"urlTemplate\":\"https:\\\/\\\/revolutionpadelstore.com\\\/fr\\\/?s={search_term_string}\"},\"query-input\":{\"@type\":\"PropertyValueSpecification\",\"valueRequired\":true,\"valueName\":\"search_term_string\"}}],\"inLanguage\":\"fr-FR\"},{\"@type\":\"Organization\",\"@id\":\"https:\\\/\\\/revolutionpadelstore.com\\\/fr\\\/#organization\",\"name\":\"Revolution Padel Store\",\"url\":\"https:\\\/\\\/revolutionpadelstore.com\\\/fr\\\/\",\"logo\":{\"@type\":\"ImageObject\",\"inLanguage\":\"fr-FR\",\"@id\":\"https:\\\/\\\/revolutionpadelstore.com\\\/fr\\\/#\\\/schema\\\/logo\\\/image\\\/\",\"url\":\"https:\\\/\\\/revolutionpadelstore.com\\\/wp-content\\\/uploads\\\/2026\\\/02\\\/revolution-padel-store.jpg\",\"contentUrl\":\"https:\\\/\\\/revolutionpadelstore.com\\\/wp-content\\\/uploads\\\/2026\\\/02\\\/revolution-padel-store.jpg\",\"width\":2000,\"height\":2000,\"caption\":\"Revolution Padel Store\"},\"image\":{\"@id\":\"https:\\\/\\\/revolutionpadelstore.com\\\/fr\\\/#\\\/schema\\\/logo\\\/image\\\/\"},\"sameAs\":[\"https:\\\/\\\/www.instagram.com\\\/revolutionpadelstore\\\/\"]}]}<\/script>\n<!-- \/ Yoast SEO plugin. -->","yoast_head_json":{"title":"HEAD MOTION PRO PADEL WOMEN BBWH - Revolution Padel Store","description":"Las nuevas HEAD MOTION PRO PADEL WOMEN ofrecen estabilidad, transpirabilidad y agarre superior. Tecnolog\u00eda DynaFoam, ajuste tipo calcet\u00edn y suela optimizada. \u00a1Compra al mejor precio en Revolution Padel Store","robots":{"index":"index","follow":"follow","max-snippet":"max-snippet:-1","max-image-preview":"max-image-preview:large","max-video-preview":"max-video-preview:-1"},"canonical":"https:\/\/revolutionpadelstore.com\/fr\/produit\/head-motion-pro-padel-women-bbwh-3\/","og_locale":"fr_FR","og_type":"article","og_title":"HEAD MOTION PRO PADEL WOMEN BBWH - Revolution Padel Store","og_description":"Las nuevas HEAD MOTION PRO PADEL WOMEN ofrecen estabilidad, transpirabilidad y agarre superior. Tecnolog\u00eda DynaFoam, ajuste tipo calcet\u00edn y suela optimizada. \u00a1Compra al mejor precio en Revolution Padel Store","og_url":"https:\/\/revolutionpadelstore.com\/fr\/produit\/head-motion-pro-padel-women-bbwh-3\/","og_site_name":"Revolution Padel Store","article_modified_time":"2026-04-19T00:02:07+00:00","og_image":[{"width":1000,"height":1000,"url":"https:\/\/revolutionpadelstore.com\/wp-content\/uploads\/2025\/03\/454702.jpg","type":"image\/jpeg"}],"twitter_card":"summary_large_image","twitter_misc":{"Dur\u00e9e de lecture estim\u00e9e":"2 minutes"},"schema":{"@context":"https:\/\/schema.org","@graph":[{"@type":"WebPage","@id":"https:\/\/revolutionpadelstore.com\/fr\/produit\/head-motion-pro-padel-women-bbwh-3\/","url":"https:\/\/revolutionpadelstore.com\/fr\/produit\/head-motion-pro-padel-women-bbwh-3\/","name":"HEAD MOTION PRO PADEL WOMEN BBWH - Revolution Padel Store","isPartOf":{"@id":"https:\/\/revolutionpadelstore.com\/fr\/#website"},"primaryImageOfPage":{"@id":"https:\/\/revolutionpadelstore.com\/fr\/produit\/head-motion-pro-padel-women-bbwh-3\/#primaryimage"},"image":{"@id":"https:\/\/revolutionpadelstore.com\/fr\/produit\/head-motion-pro-padel-women-bbwh-3\/#primaryimage"},"thumbnailUrl":"https:\/\/revolutionpadelstore.com\/wp-content\/uploads\/2025\/03\/454702.jpg","datePublished":"2025-03-02T19:38:41+00:00","dateModified":"2026-04-19T00:02:07+00:00","description":"Las nuevas HEAD MOTION PRO PADEL WOMEN ofrecen estabilidad, transpirabilidad y agarre superior. Tecnolog\u00eda DynaFoam, ajuste tipo calcet\u00edn y suela optimizada. \u00a1Compra al mejor precio en Revolution Padel Store","breadcrumb":{"@id":"https:\/\/revolutionpadelstore.com\/fr\/produit\/head-motion-pro-padel-women-bbwh-3\/#breadcrumb"},"inLanguage":"fr-FR","potentialAction":[{"@type":"ReadAction","target":["https:\/\/revolutionpadelstore.com\/fr\/produit\/head-motion-pro-padel-women-bbwh-3\/"]}]},{"@type":"ImageObject","inLanguage":"fr-FR","@id":"https:\/\/revolutionpadelstore.com\/fr\/produit\/head-motion-pro-padel-women-bbwh-3\/#primaryimage","url":"https:\/\/revolutionpadelstore.com\/wp-content\/uploads\/2025\/03\/454702.jpg","contentUrl":"https:\/\/revolutionpadelstore.com\/wp-content\/uploads\/2025\/03\/454702.jpg","width":1000,"height":1000},{"@type":"BreadcrumbList","@id":"https:\/\/revolutionpadelstore.com\/fr\/produit\/head-motion-pro-padel-women-bbwh-3\/#breadcrumb","itemListElement":[{"@type":"ListItem","position":1,"name":"Portada","item":"https:\/\/revolutionpadelstore.com\/fr\/"},{"@type":"ListItem","position":2,"name":"Boutique","item":"https:\/\/revolutionpadelstore.com\/fr\/tienda\/"},{"@type":"ListItem","position":3,"name":"HEAD MOTION PRO PADEL WOMEN BBWH"}]},{"@type":"WebSite","@id":"https:\/\/revolutionpadelstore.com\/fr\/#website","url":"https:\/\/revolutionpadelstore.com\/fr\/","name":"Revolution Padel Store","description":"","publisher":{"@id":"https:\/\/revolutionpadelstore.com\/fr\/#organization"},"potentialAction":[{"@type":"SearchAction","target":{"@type":"EntryPoint","urlTemplate":"https:\/\/revolutionpadelstore.com\/fr\/?s={search_term_string}"},"query-input":{"@type":"PropertyValueSpecification","valueRequired":true,"valueName":"search_term_string"}}],"inLanguage":"fr-FR"},{"@type":"Organization","@id":"https:\/\/revolutionpadelstore.com\/fr\/#organization","name":"Revolution Padel Store","url":"https:\/\/revolutionpadelstore.com\/fr\/","logo":{"@type":"ImageObject","inLanguage":"fr-FR","@id":"https:\/\/revolutionpadelstore.com\/fr\/#\/schema\/logo\/image\/","url":"https:\/\/revolutionpadelstore.com\/wp-content\/uploads\/2026\/02\/revolution-padel-store.jpg","contentUrl":"https:\/\/revolutionpadelstore.com\/wp-content\/uploads\/2026\/02\/revolution-padel-store.jpg","width":2000,"height":2000,"caption":"Revolution Padel Store"},"image":{"@id":"https:\/\/revolutionpadelstore.com\/fr\/#\/schema\/logo\/image\/"},"sameAs":["https:\/\/www.instagram.com\/revolutionpadelstore\/"]}]}},"_links":{"self":[{"href":"https:\/\/revolutionpadelstore.com\/fr\/wp-json\/wp\/v2\/product\/198191","targetHints":{"allow":["GET"]}}],"collection":[{"href":"https:\/\/revolutionpadelstore.com\/fr\/wp-json\/wp\/v2\/product"}],"about":[{"href":"https:\/\/revolutionpadelstore.com\/fr\/wp-json\/wp\/v2\/types\/product"}],"replies":[{"embeddable":true,"href":"https:\/\/revolutionpadelstore.com\/fr\/wp-json\/wp\/v2\/comments?post=198191"}],"wp:featuredmedia":[{"embeddable":true,"href":"https:\/\/revolutionpadelstore.com\/fr\/wp-json\/wp\/v2\/media\/198010"}],"wp:attachment":[{"href":"https:\/\/revolutionpadelstore.com\/fr\/wp-json\/wp\/v2\/media?parent=198191"}],"wp:term":[{"taxonomy":"acabado","embeddable":true,"href":"https:\/\/revolutionpadelstore.com\/fr\/wp-json\/wp\/v2\/acabado?post=198191"},{"taxonomy":"balance","embeddable":true,"href":"https:\/\/revolutionpadelstore.com\/fr\/wp-json\/wp\/v2\/balance?post=198191"},{"taxonomy":"dureza","embeddable":true,"href":"https:\/\/revolutionpadelstore.com\/fr\/wp-json\/wp\/v2\/dureza?post=198191"},{"taxonomy":"forma","embeddable":true,"href":"https:\/\/revolutionpadelstore.com\/fr\/wp-json\/wp\/v2\/forma?post=198191"},{"taxonomy":"jugador","embeddable":true,"href":"https:\/\/revolutionpadelstore.com\/fr\/wp-json\/wp\/v2\/jugador?post=198191"},{"taxonomy":"marca","embeddable":true,"href":"https:\/\/revolutionpadelstore.com\/fr\/wp-json\/wp\/v2\/marca?post=198191"},{"taxonomy":"nivel-de-juego","embeddable":true,"href":"https:\/\/revolutionpadelstore.com\/fr\/wp-json\/wp\/v2\/nivel-de-juego?post=198191"},{"taxonomy":"superficie","embeddable":true,"href":"https:\/\/revolutionpadelstore.com\/fr\/wp-json\/wp\/v2\/superficie?post=198191"},{"taxonomy":"tipo-de-juego","embeddable":true,"href":"https:\/\/revolutionpadelstore.com\/fr\/wp-json\/wp\/v2\/tipo-de-juego?post=198191"},{"taxonomy":"product_brand","embeddable":true,"href":"https:\/\/revolutionpadelstore.com\/fr\/wp-json\/wp\/v2\/product_brand?post=198191"},{"taxonomy":"product_cat","embeddable":true,"href":"https:\/\/revolutionpadelstore.com\/fr\/wp-json\/wp\/v2\/product_cat?post=198191"},{"taxonomy":"product_tag","embeddable":true,"href":"https:\/\/revolutionpadelstore.com\/fr\/wp-json\/wp\/v2\/product_tag?post=198191"}],"curies":[{"name":"wp","href":"https:\/\/api.w.org\/{rel}","templated":true}]}}