{"id":19775,"date":"2024-04-08T22:55:02","date_gmt":"2024-04-08T20:55:02","guid":{"rendered":"https:\/\/revolutionpadelstore.com\/harlem-padel-corex-2024\/"},"modified":"2026-04-08T14:35:52","modified_gmt":"2026-04-08T12:35:52","slug":"harlem-padel-corex-3","status":"publish","type":"product","link":"https:\/\/revolutionpadelstore.com\/fr\/produit\/harlem-padel-corex-3\/","title":{"rendered":"HARLEM PADEL COREX"},"content":{"rendered":"<p>Le mod\u00e8le COREX 2024 de Harlem P\u00e1del est une raquette de haute performance con\u00e7ue pour les joueurs ayant un niveau avanc\u00e9 ou professionnel, avec une technique correcte. Son poids est compris entre 355 et 375 grammes.<\/p>\n<p>Il a une <strong>forme de diamant<\/strong> avec un <strong>\u00e9quilibre moyen\/\u00e9lev\u00e9<\/strong> et un sweet spot \u00e9lev\u00e9 vers le haut de la lame. Ces caract\u00e9ristiques se traduisent sur le terrain par une puissance extr\u00eame dans les tirs offensifs tels que la finition, puisqu&#8217;un effet de levier est g\u00e9n\u00e9r\u00e9 qui parvient \u00e0 exercer une excellente puissance.<\/p>\n<p>\u00c0 l&#8217;int\u00e9rieur du corps de la raquette se trouve le mat\u00e9riau en caoutchouc <strong>BLACK EVA High Memory laminate<\/strong>. Il s&#8217;agit d&#8217;un caoutchouc multicouche de densit\u00e9 moyenne-haute qui augmente la puissance des coups effectu\u00e9s avec une vitesse sup\u00e9rieure \u00e0 la plupart des raquettes du march\u00e9 sans sacrifier un excellent contr\u00f4le dans chacun des coups.<\/p>\n<p>Le cadre tubulaire est fabriqu\u00e9 en <strong>100% carbone renforc\u00e9 <\/strong>, en plus de disposer de la <strong> technologie Tubular Frame<\/strong> pour garantir une grande durabilit\u00e9 et beaucoup de r\u00e9sistance contre l&#8217;usure typique des v\u00e9los. . niveaux avanc\u00e9s et stress et couple lors de matchs plus agressifs.<\/p>\n<p>\u00c0 l&#8217;ext\u00e9rieur, nous trouvons une fibre de carbone 18K de pointe qui permet d&#8217;obtenir un poids r\u00e9duit, plus de rigidit\u00e9 et plus de r\u00e9sistance. De plus, la finition <strong>rugueuse 3D<\/strong> garantit que la balle adh\u00e8re mieux aux faces de la raquette et la fait tourner avec plus d&#8217;effets.<\/p>\n<p>La finition de la lame int\u00e8gre dans les deux plans le &#8220;H&#8221; stylis\u00e9 typique de Harlem avec une tr\u00e8s grande taille en chrome et des couleurs brillantes, donnant \u00e0 la lame une extr\u00eame \u00e9l\u00e9gance.<\/p>\n<p>Dans la collection 2024, l&#8217;une des nombreuses nouveaut\u00e9s incorpor\u00e9es par Harlem Padel est l&#8217;incorporation de la <strong>corde dans la manchette en forme de bracelet<\/strong> 100% en polyester de premi\u00e8re qualit\u00e9 avec le logo de la marque brod\u00e9.<\/p>\n<p>Sans aucun doute, nous sommes face au <strong>joyau de la couronne<\/strong> de la marque, \u00e9tant l&#8217;une des meilleures raquettes en termes de qualit\u00e9, de prix et de performances du march\u00e9<\/p>\n","protected":false},"excerpt":{"rendered":"<p>La raquette de padel Harlem Corex 2024 est compos\u00e9e de mat\u00e9riaux et de technologies qui vous permettent d&#8217;allier puissance et contr\u00f4le. Son noyau semi-souple amortit au maximum les vibrations.<\/p>\n","protected":false},"featured_media":161833,"comment_status":"open","ping_status":"closed","template":"","meta":{"_acf_changed":false,"_joinchat":[]},"acabado":[1117,1082,1092],"balance":[1137,1142],"dureza":[1157],"forma":[1172],"jugador":[1192,1202],"marca":[1237],"nivel-de-juego":[1347],"superficie":[1362],"tipo-de-juego":[1387],"product_brand":[],"product_cat":[302],"product_tag":[],"class_list":{"0":"post-19775","1":"product","2":"type-product","3":"status-publish","4":"has-post-thumbnail","6":"acabado-carbone","7":"acabado-luminosite","8":"acabado-soulager-la-3d","9":"balance-eleve","10":"balance-moyen","11":"dureza-media-fr","12":"forma-diamant","13":"jugador-homme","14":"jugador-polivalente-fr","15":"marca-harlem-padel-fr","16":"superficie-rugosa-fr","17":"tipo-de-juego-polivalente-fr","18":"product_cat-palas-de-padel-fr","20":"first","21":"onbackorder","22":"sale","23":"taxable","24":"shipping-taxable","25":"purchasable","26":"product-type-simple"},"acf":[],"yoast_head":"<!-- This site is optimized with the Yoast SEO plugin v27.4 - https:\/\/yoast.com\/product\/yoast-seo-wordpress\/ -->\n<title>HARLEM PADEL COREX - Revolution Padel Store<\/title>\n<meta name=\"description\" content=\"COREX 2024\u00a0de Harlem P\u00e1del es una pala de alto rendimiento que ha sido dise\u00f1ada para jugadores\/as\u00a0 que tengan un nivel avanzado o profesional, con una\u00a0 t\u00e9cnica correcta. Tiene un peso comprendido entre los 355 y los 375 gramos.BIONIC 2024, combina en partes iguales el control y la potencia. El marco tubular se compone de carbono al 100 % para garantizar una gran durabilidad y excelente resistencia frente al uso desgastante t\u00edpico del juego.Los planos est\u00e1n compuestos por fibra de Carbono 12K de \u00falti\" \/>\n<meta name=\"robots\" content=\"index, follow, max-snippet:-1, max-image-preview:large, max-video-preview:-1\" \/>\n<link rel=\"canonical\" href=\"https:\/\/revolutionpadelstore.com\/fr\/produit\/harlem-padel-corex-3\/\" \/>\n<meta property=\"og:locale\" content=\"fr_FR\" \/>\n<meta property=\"og:type\" content=\"article\" \/>\n<meta property=\"og:title\" content=\"HARLEM PADEL COREX\" \/>\n<meta property=\"og:description\" content=\"La\u00a0pala de p\u00e1del Harlem Corex 2024 se compone de materiales y tecnolog\u00edas que permiten combinar la potencia con el control. Su n\u00facleo semiblando amortigua al m\u00e1ximo las vibraciones.\" \/>\n<meta property=\"og:url\" content=\"https:\/\/revolutionpadelstore.com\/fr\/produit\/harlem-padel-corex-3\/\" \/>\n<meta property=\"og:site_name\" content=\"Revolution Padel Store\" \/>\n<meta property=\"article:modified_time\" content=\"2026-04-08T12:35:52+00:00\" \/>\n<meta property=\"og:image\" content=\"https:\/\/revolutionpadelstore.com\/wp-content\/uploads\/2024\/04\/COREX_1.jpg\" \/>\n\t<meta property=\"og:image:width\" content=\"800\" \/>\n\t<meta property=\"og:image:height\" content=\"800\" \/>\n\t<meta property=\"og:image:type\" content=\"image\/jpeg\" \/>\n<meta name=\"twitter:card\" content=\"summary_large_image\" \/>\n<meta name=\"twitter:label1\" content=\"Dur\u00e9e de lecture estim\u00e9e\" \/>\n\t<meta name=\"twitter:data1\" content=\"2 minutes\" \/>\n<script type=\"application\/ld+json\" class=\"yoast-schema-graph\">{\"@context\":\"https:\\\/\\\/schema.org\",\"@graph\":[{\"@type\":\"WebPage\",\"@id\":\"https:\\\/\\\/revolutionpadelstore.com\\\/fr\\\/produit\\\/harlem-padel-corex-3\\\/\",\"url\":\"https:\\\/\\\/revolutionpadelstore.com\\\/fr\\\/produit\\\/harlem-padel-corex-3\\\/\",\"name\":\"HARLEM PADEL COREX - Revolution Padel Store\",\"isPartOf\":{\"@id\":\"https:\\\/\\\/revolutionpadelstore.com\\\/fr\\\/#website\"},\"primaryImageOfPage\":{\"@id\":\"https:\\\/\\\/revolutionpadelstore.com\\\/fr\\\/produit\\\/harlem-padel-corex-3\\\/#primaryimage\"},\"image\":{\"@id\":\"https:\\\/\\\/revolutionpadelstore.com\\\/fr\\\/produit\\\/harlem-padel-corex-3\\\/#primaryimage\"},\"thumbnailUrl\":\"https:\\\/\\\/revolutionpadelstore.com\\\/wp-content\\\/uploads\\\/2024\\\/04\\\/80.png\",\"datePublished\":\"2024-04-08T20:55:02+00:00\",\"dateModified\":\"2026-04-08T12:35:52+00:00\",\"description\":\"COREX 2024\u00a0de Harlem P\u00e1del es una pala de alto rendimiento que ha sido dise\u00f1ada para jugadores\\\/as\u00a0 que tengan un nivel avanzado o profesional, con una\u00a0 t\u00e9cnica correcta. Tiene un peso comprendido entre los 355 y los 375 gramos.BIONIC 2024, combina en partes iguales el control y la potencia. El marco tubular se compone de carbono al 100 % para garantizar una gran durabilidad y excelente resistencia frente al uso desgastante t\u00edpico del juego.Los planos est\u00e1n compuestos por fibra de Carbono 12K de \u00falti\",\"breadcrumb\":{\"@id\":\"https:\\\/\\\/revolutionpadelstore.com\\\/fr\\\/produit\\\/harlem-padel-corex-3\\\/#breadcrumb\"},\"inLanguage\":\"fr-FR\",\"potentialAction\":[{\"@type\":\"ReadAction\",\"target\":[\"https:\\\/\\\/revolutionpadelstore.com\\\/fr\\\/produit\\\/harlem-padel-corex-3\\\/\"]}]},{\"@type\":\"ImageObject\",\"inLanguage\":\"fr-FR\",\"@id\":\"https:\\\/\\\/revolutionpadelstore.com\\\/fr\\\/produit\\\/harlem-padel-corex-3\\\/#primaryimage\",\"url\":\"https:\\\/\\\/revolutionpadelstore.com\\\/wp-content\\\/uploads\\\/2024\\\/04\\\/80.png\",\"contentUrl\":\"https:\\\/\\\/revolutionpadelstore.com\\\/wp-content\\\/uploads\\\/2024\\\/04\\\/80.png\",\"width\":1500,\"height\":1500},{\"@type\":\"BreadcrumbList\",\"@id\":\"https:\\\/\\\/revolutionpadelstore.com\\\/fr\\\/produit\\\/harlem-padel-corex-3\\\/#breadcrumb\",\"itemListElement\":[{\"@type\":\"ListItem\",\"position\":1,\"name\":\"Portada\",\"item\":\"https:\\\/\\\/revolutionpadelstore.com\\\/fr\\\/\"},{\"@type\":\"ListItem\",\"position\":2,\"name\":\"Boutique\",\"item\":\"https:\\\/\\\/revolutionpadelstore.com\\\/fr\\\/tienda\\\/\"},{\"@type\":\"ListItem\",\"position\":3,\"name\":\"HARLEM PADEL COREX\"}]},{\"@type\":\"WebSite\",\"@id\":\"https:\\\/\\\/revolutionpadelstore.com\\\/fr\\\/#website\",\"url\":\"https:\\\/\\\/revolutionpadelstore.com\\\/fr\\\/\",\"name\":\"Revolution Padel Store\",\"description\":\"\",\"publisher\":{\"@id\":\"https:\\\/\\\/revolutionpadelstore.com\\\/fr\\\/#organization\"},\"potentialAction\":[{\"@type\":\"SearchAction\",\"target\":{\"@type\":\"EntryPoint\",\"urlTemplate\":\"https:\\\/\\\/revolutionpadelstore.com\\\/fr\\\/?s={search_term_string}\"},\"query-input\":{\"@type\":\"PropertyValueSpecification\",\"valueRequired\":true,\"valueName\":\"search_term_string\"}}],\"inLanguage\":\"fr-FR\"},{\"@type\":\"Organization\",\"@id\":\"https:\\\/\\\/revolutionpadelstore.com\\\/fr\\\/#organization\",\"name\":\"Revolution Padel Store\",\"url\":\"https:\\\/\\\/revolutionpadelstore.com\\\/fr\\\/\",\"logo\":{\"@type\":\"ImageObject\",\"inLanguage\":\"fr-FR\",\"@id\":\"https:\\\/\\\/revolutionpadelstore.com\\\/fr\\\/#\\\/schema\\\/logo\\\/image\\\/\",\"url\":\"https:\\\/\\\/revolutionpadelstore.com\\\/wp-content\\\/uploads\\\/2026\\\/02\\\/revolution-padel-store.jpg\",\"contentUrl\":\"https:\\\/\\\/revolutionpadelstore.com\\\/wp-content\\\/uploads\\\/2026\\\/02\\\/revolution-padel-store.jpg\",\"width\":2000,\"height\":2000,\"caption\":\"Revolution Padel Store\"},\"image\":{\"@id\":\"https:\\\/\\\/revolutionpadelstore.com\\\/fr\\\/#\\\/schema\\\/logo\\\/image\\\/\"},\"sameAs\":[\"https:\\\/\\\/www.instagram.com\\\/revolutionpadelstore\\\/\"]}]}<\/script>\n<!-- \/ Yoast SEO plugin. -->","yoast_head_json":{"title":"HARLEM PADEL COREX - Revolution Padel Store","description":"COREX 2024\u00a0de Harlem P\u00e1del es una pala de alto rendimiento que ha sido dise\u00f1ada para jugadores\/as\u00a0 que tengan un nivel avanzado o profesional, con una\u00a0 t\u00e9cnica correcta. Tiene un peso comprendido entre los 355 y los 375 gramos.BIONIC 2024, combina en partes iguales el control y la potencia. El marco tubular se compone de carbono al 100 % para garantizar una gran durabilidad y excelente resistencia frente al uso desgastante t\u00edpico del juego.Los planos est\u00e1n compuestos por fibra de Carbono 12K de \u00falti","robots":{"index":"index","follow":"follow","max-snippet":"max-snippet:-1","max-image-preview":"max-image-preview:large","max-video-preview":"max-video-preview:-1"},"canonical":"https:\/\/revolutionpadelstore.com\/fr\/produit\/harlem-padel-corex-3\/","og_locale":"fr_FR","og_type":"article","og_title":"HARLEM PADEL COREX","og_description":"La\u00a0pala de p\u00e1del Harlem Corex 2024 se compone de materiales y tecnolog\u00edas que permiten combinar la potencia con el control. Su n\u00facleo semiblando amortigua al m\u00e1ximo las vibraciones.","og_url":"https:\/\/revolutionpadelstore.com\/fr\/produit\/harlem-padel-corex-3\/","og_site_name":"Revolution Padel Store","article_modified_time":"2026-04-08T12:35:52+00:00","og_image":[{"width":800,"height":800,"url":"https:\/\/revolutionpadelstore.com\/wp-content\/uploads\/2024\/04\/COREX_1.jpg","type":"image\/jpeg"}],"twitter_card":"summary_large_image","twitter_misc":{"Dur\u00e9e de lecture estim\u00e9e":"2 minutes"},"schema":{"@context":"https:\/\/schema.org","@graph":[{"@type":"WebPage","@id":"https:\/\/revolutionpadelstore.com\/fr\/produit\/harlem-padel-corex-3\/","url":"https:\/\/revolutionpadelstore.com\/fr\/produit\/harlem-padel-corex-3\/","name":"HARLEM PADEL COREX - Revolution Padel Store","isPartOf":{"@id":"https:\/\/revolutionpadelstore.com\/fr\/#website"},"primaryImageOfPage":{"@id":"https:\/\/revolutionpadelstore.com\/fr\/produit\/harlem-padel-corex-3\/#primaryimage"},"image":{"@id":"https:\/\/revolutionpadelstore.com\/fr\/produit\/harlem-padel-corex-3\/#primaryimage"},"thumbnailUrl":"https:\/\/revolutionpadelstore.com\/wp-content\/uploads\/2024\/04\/80.png","datePublished":"2024-04-08T20:55:02+00:00","dateModified":"2026-04-08T12:35:52+00:00","description":"COREX 2024\u00a0de Harlem P\u00e1del es una pala de alto rendimiento que ha sido dise\u00f1ada para jugadores\/as\u00a0 que tengan un nivel avanzado o profesional, con una\u00a0 t\u00e9cnica correcta. Tiene un peso comprendido entre los 355 y los 375 gramos.BIONIC 2024, combina en partes iguales el control y la potencia. El marco tubular se compone de carbono al 100 % para garantizar una gran durabilidad y excelente resistencia frente al uso desgastante t\u00edpico del juego.Los planos est\u00e1n compuestos por fibra de Carbono 12K de \u00falti","breadcrumb":{"@id":"https:\/\/revolutionpadelstore.com\/fr\/produit\/harlem-padel-corex-3\/#breadcrumb"},"inLanguage":"fr-FR","potentialAction":[{"@type":"ReadAction","target":["https:\/\/revolutionpadelstore.com\/fr\/produit\/harlem-padel-corex-3\/"]}]},{"@type":"ImageObject","inLanguage":"fr-FR","@id":"https:\/\/revolutionpadelstore.com\/fr\/produit\/harlem-padel-corex-3\/#primaryimage","url":"https:\/\/revolutionpadelstore.com\/wp-content\/uploads\/2024\/04\/80.png","contentUrl":"https:\/\/revolutionpadelstore.com\/wp-content\/uploads\/2024\/04\/80.png","width":1500,"height":1500},{"@type":"BreadcrumbList","@id":"https:\/\/revolutionpadelstore.com\/fr\/produit\/harlem-padel-corex-3\/#breadcrumb","itemListElement":[{"@type":"ListItem","position":1,"name":"Portada","item":"https:\/\/revolutionpadelstore.com\/fr\/"},{"@type":"ListItem","position":2,"name":"Boutique","item":"https:\/\/revolutionpadelstore.com\/fr\/tienda\/"},{"@type":"ListItem","position":3,"name":"HARLEM PADEL COREX"}]},{"@type":"WebSite","@id":"https:\/\/revolutionpadelstore.com\/fr\/#website","url":"https:\/\/revolutionpadelstore.com\/fr\/","name":"Revolution Padel Store","description":"","publisher":{"@id":"https:\/\/revolutionpadelstore.com\/fr\/#organization"},"potentialAction":[{"@type":"SearchAction","target":{"@type":"EntryPoint","urlTemplate":"https:\/\/revolutionpadelstore.com\/fr\/?s={search_term_string}"},"query-input":{"@type":"PropertyValueSpecification","valueRequired":true,"valueName":"search_term_string"}}],"inLanguage":"fr-FR"},{"@type":"Organization","@id":"https:\/\/revolutionpadelstore.com\/fr\/#organization","name":"Revolution Padel Store","url":"https:\/\/revolutionpadelstore.com\/fr\/","logo":{"@type":"ImageObject","inLanguage":"fr-FR","@id":"https:\/\/revolutionpadelstore.com\/fr\/#\/schema\/logo\/image\/","url":"https:\/\/revolutionpadelstore.com\/wp-content\/uploads\/2026\/02\/revolution-padel-store.jpg","contentUrl":"https:\/\/revolutionpadelstore.com\/wp-content\/uploads\/2026\/02\/revolution-padel-store.jpg","width":2000,"height":2000,"caption":"Revolution Padel Store"},"image":{"@id":"https:\/\/revolutionpadelstore.com\/fr\/#\/schema\/logo\/image\/"},"sameAs":["https:\/\/www.instagram.com\/revolutionpadelstore\/"]}]}},"_links":{"self":[{"href":"https:\/\/revolutionpadelstore.com\/fr\/wp-json\/wp\/v2\/product\/19775","targetHints":{"allow":["GET"]}}],"collection":[{"href":"https:\/\/revolutionpadelstore.com\/fr\/wp-json\/wp\/v2\/product"}],"about":[{"href":"https:\/\/revolutionpadelstore.com\/fr\/wp-json\/wp\/v2\/types\/product"}],"replies":[{"embeddable":true,"href":"https:\/\/revolutionpadelstore.com\/fr\/wp-json\/wp\/v2\/comments?post=19775"}],"wp:featuredmedia":[{"embeddable":true,"href":"https:\/\/revolutionpadelstore.com\/fr\/wp-json\/wp\/v2\/media\/161833"}],"wp:attachment":[{"href":"https:\/\/revolutionpadelstore.com\/fr\/wp-json\/wp\/v2\/media?parent=19775"}],"wp:term":[{"taxonomy":"acabado","embeddable":true,"href":"https:\/\/revolutionpadelstore.com\/fr\/wp-json\/wp\/v2\/acabado?post=19775"},{"taxonomy":"balance","embeddable":true,"href":"https:\/\/revolutionpadelstore.com\/fr\/wp-json\/wp\/v2\/balance?post=19775"},{"taxonomy":"dureza","embeddable":true,"href":"https:\/\/revolutionpadelstore.com\/fr\/wp-json\/wp\/v2\/dureza?post=19775"},{"taxonomy":"forma","embeddable":true,"href":"https:\/\/revolutionpadelstore.com\/fr\/wp-json\/wp\/v2\/forma?post=19775"},{"taxonomy":"jugador","embeddable":true,"href":"https:\/\/revolutionpadelstore.com\/fr\/wp-json\/wp\/v2\/jugador?post=19775"},{"taxonomy":"marca","embeddable":true,"href":"https:\/\/revolutionpadelstore.com\/fr\/wp-json\/wp\/v2\/marca?post=19775"},{"taxonomy":"nivel-de-juego","embeddable":true,"href":"https:\/\/revolutionpadelstore.com\/fr\/wp-json\/wp\/v2\/nivel-de-juego?post=19775"},{"taxonomy":"superficie","embeddable":true,"href":"https:\/\/revolutionpadelstore.com\/fr\/wp-json\/wp\/v2\/superficie?post=19775"},{"taxonomy":"tipo-de-juego","embeddable":true,"href":"https:\/\/revolutionpadelstore.com\/fr\/wp-json\/wp\/v2\/tipo-de-juego?post=19775"},{"taxonomy":"product_brand","embeddable":true,"href":"https:\/\/revolutionpadelstore.com\/fr\/wp-json\/wp\/v2\/product_brand?post=19775"},{"taxonomy":"product_cat","embeddable":true,"href":"https:\/\/revolutionpadelstore.com\/fr\/wp-json\/wp\/v2\/product_cat?post=19775"},{"taxonomy":"product_tag","embeddable":true,"href":"https:\/\/revolutionpadelstore.com\/fr\/wp-json\/wp\/v2\/product_tag?post=19775"}],"curies":[{"name":"wp","href":"https:\/\/api.w.org\/{rel}","templated":true}]}}