{"id":197714,"date":"2025-02-28T10:37:30","date_gmt":"2025-02-28T09:37:30","guid":{"rendered":"https:\/\/revolutionpadelstore.com\/grip-bullpadel-custom-weight-negro\/"},"modified":"2026-04-08T06:04:45","modified_gmt":"2026-04-08T04:04:45","slug":"grip-bullpadel-custom-weight-negro-3","status":"publish","type":"product","link":"https:\/\/revolutionpadelstore.com\/fr\/produit\/grip-bullpadel-custom-weight-negro-3\/","title":{"rendered":"GRIP BULLPADEL CUSTOM WEIGHT NEGRO"},"content":{"rendered":"<h2> Grip Bullpadel Poids personnalis\u00e9 noir &#8211; ajustez le poids de votre lame avec pr\u00e9cision <\/h2>\n<p>Cherchez-vous \u00e0 am\u00e9liorer la stabilit\u00e9 et le contr\u00f4le de votre lame de pagaie? Le poids personnalis\u00e9 <strong> Grip Bullpadel en couleur noire <\/strong> est la solution parfaite. Con\u00e7u pour les joueurs qui souhaitent personnaliser le poids de leur pelle, cet accessoire offre deux options de grammage afin que vous puissiez trouver l&#8217;\u00e9quilibre id\u00e9al dans chaque coup.<\/p>\n<h2> Bullpadel Avantages de poids personnalis\u00e9 <\/h2>\n<p style=\"padding-left: 40px\"> &#8211; une plus grande stabilit\u00e9 dans chaque coup, gr\u00e2ce \u00e0 la possibilit\u00e9 d&#8217;ajouter un poids suppl\u00e9mentaire.<br \/>\n&#8211; Personnalisation totale, avec deux options de grammage pour adapter la pelle \u00e0 votre style de jeu.<br \/>\n-Crenage ergonomique et adh\u00e9rent, assurant une installation simple et une int\u00e9gration parfaite.<br \/>\n-P\u00e9patible avec le bullpadel pro et Avant Line (sauf les mod\u00e8les f\u00e9minins).<br \/>\n-CT Usure dure, avec des mat\u00e9riaux de qualit\u00e9 pour une durabilit\u00e9 sup\u00e9rieure. <\/p>\n<h2> Sp\u00e9cifications techniques <\/h2>\n<p><P style=\"padding-left: 40px\"> &#8211; poids r\u00e9glable: permet d&#8217;ajouter 5, 10 ou 15 grammes selon la pr\u00e9f\u00e9rence du joueur.<br \/>\n-Le mat\u00e9riau d&#8217;adh\u00e9sion \u00e9lev\u00e9 pour une fixation ferme et s\u00fbre.<br \/>\n-Color Black avec le logo Blank Bullpadel, une conception discr\u00e8te et \u00e9l\u00e9gante.<br \/>\n-Les installation de la pelle sans avoir affect\u00e9 le confort. <\/p>\n<h2> Quel type de joueur est-il id\u00e9al?<br \/>\nLe <strong> Grip Bullpadel Custom Weight <\/strong> est parfait pour tout joueur de paddle qui cherche \u00e0 personnaliser le poids de sa pelle. Particuli\u00e8rement recommand\u00e9 pour ceux qui veulent un plus grand contr\u00f4le et stabilit\u00e9 sans changer de pelle.<\/p>\n<p><strong> Obtenez le poids personnalis\u00e9 de Bullpadel noir au meilleur prix de notre boutique en ligne!<\/p>\n<h2>Grip Bullpadel Custom Weight Negro \u2013 Ajusta el peso de tu pala con precisi\u00f3n<\/h2>\n","protected":false},"excerpt":{"rendered":"<p>La poign\u00e9e de poids personnalis\u00e9e en bullpadel en noir am\u00e9liore l&#8217;\u00e9quilibre et la stabilit\u00e9 de la pelle. Il est livr\u00e9 avec deux options de poids, permettant \u00e0 l&#8217;utilisateur de s\u00e9lectionner entre 5 grammes ou 10 grammes.<\/p>\n","protected":false},"featured_media":197708,"comment_status":"open","ping_status":"closed","template":"","meta":{"_acf_changed":false,"_joinchat":[]},"acabado":[],"balance":[],"dureza":[],"forma":[],"jugador":[],"marca":[1257],"nivel-de-juego":[],"superficie":[],"tipo-de-juego":[],"product_brand":[],"product_cat":[561],"product_tag":[],"class_list":{"0":"post-197714","1":"product","2":"type-product","3":"status-publish","4":"has-post-thumbnail","6":"marca-bullpadel-fr","7":"product_cat-accessoires","9":"first","10":"instock","11":"sale","12":"taxable","13":"shipping-taxable","14":"purchasable","15":"product-type-simple"},"acf":[],"yoast_head":"<!-- This site is optimized with the Yoast SEO plugin v27.4 - https:\/\/yoast.com\/product\/yoast-seo-wordpress\/ -->\n<title>GRIP BULLPADEL CUSTOM WEIGHT NEGRO - Revolution Padel Store<\/title>\n<meta name=\"description\" content=\"Personaliza el peso de tu pala con el Grip Bullpadel Custom Weight Negro. A\u00f1ade 5, 10 o 15 gramos para mayor control y estabilidad. \u00a1Compra online en Revolution Padel Store!\" \/>\n<meta name=\"robots\" content=\"index, follow, max-snippet:-1, max-image-preview:large, max-video-preview:-1\" \/>\n<link rel=\"canonical\" href=\"https:\/\/revolutionpadelstore.com\/fr\/produit\/grip-bullpadel-custom-weight-negro-3\/\" \/>\n<meta property=\"og:locale\" content=\"fr_FR\" \/>\n<meta property=\"og:type\" content=\"article\" \/>\n<meta property=\"og:title\" content=\"GRIP BULLPADEL CUSTOM WEIGHT NEGRO - Revolution Padel Store\" \/>\n<meta property=\"og:description\" content=\"Personaliza el peso de tu pala con el Grip Bullpadel Custom Weight Negro. A\u00f1ade 5, 10 o 15 gramos para mayor control y estabilidad. \u00a1Compra online en Revolution Padel Store!\" \/>\n<meta property=\"og:url\" content=\"https:\/\/revolutionpadelstore.com\/fr\/produit\/grip-bullpadel-custom-weight-negro-3\/\" \/>\n<meta property=\"og:site_name\" content=\"Revolution Padel Store\" \/>\n<meta property=\"article:modified_time\" content=\"2026-04-08T04:04:45+00:00\" \/>\n<meta property=\"og:image\" content=\"https:\/\/revolutionpadelstore.com\/wp-content\/uploads\/2025\/02\/GRIP_BULLPADEL_CUSTOM_WEIGHT_455595_1000_1000_94dd.webp\" \/>\n\t<meta property=\"og:image:width\" content=\"1000\" \/>\n\t<meta property=\"og:image:height\" content=\"1000\" \/>\n\t<meta property=\"og:image:type\" content=\"image\/webp\" \/>\n<meta name=\"twitter:card\" content=\"summary_large_image\" \/>\n<meta name=\"twitter:label1\" content=\"Dur\u00e9e de lecture estim\u00e9e\" \/>\n\t<meta name=\"twitter:data1\" content=\"2 minutes\" \/>\n<script type=\"application\/ld+json\" class=\"yoast-schema-graph\">{\"@context\":\"https:\\\/\\\/schema.org\",\"@graph\":[{\"@type\":\"WebPage\",\"@id\":\"https:\\\/\\\/revolutionpadelstore.com\\\/fr\\\/produit\\\/grip-bullpadel-custom-weight-negro-3\\\/\",\"url\":\"https:\\\/\\\/revolutionpadelstore.com\\\/fr\\\/produit\\\/grip-bullpadel-custom-weight-negro-3\\\/\",\"name\":\"GRIP BULLPADEL CUSTOM WEIGHT NEGRO - Revolution Padel Store\",\"isPartOf\":{\"@id\":\"https:\\\/\\\/revolutionpadelstore.com\\\/fr\\\/#website\"},\"primaryImageOfPage\":{\"@id\":\"https:\\\/\\\/revolutionpadelstore.com\\\/fr\\\/produit\\\/grip-bullpadel-custom-weight-negro-3\\\/#primaryimage\"},\"image\":{\"@id\":\"https:\\\/\\\/revolutionpadelstore.com\\\/fr\\\/produit\\\/grip-bullpadel-custom-weight-negro-3\\\/#primaryimage\"},\"thumbnailUrl\":\"https:\\\/\\\/revolutionpadelstore.com\\\/wp-content\\\/uploads\\\/2025\\\/02\\\/GRIP_BULLPADEL_CUSTOM_WEIGHT_455595_1000_1000_94dd.webp\",\"datePublished\":\"2025-02-28T09:37:30+00:00\",\"dateModified\":\"2026-04-08T04:04:45+00:00\",\"description\":\"Personaliza el peso de tu pala con el Grip Bullpadel Custom Weight Negro. A\u00f1ade 5, 10 o 15 gramos para mayor control y estabilidad. \u00a1Compra online en Revolution Padel Store!\",\"breadcrumb\":{\"@id\":\"https:\\\/\\\/revolutionpadelstore.com\\\/fr\\\/produit\\\/grip-bullpadel-custom-weight-negro-3\\\/#breadcrumb\"},\"inLanguage\":\"fr-FR\",\"potentialAction\":[{\"@type\":\"ReadAction\",\"target\":[\"https:\\\/\\\/revolutionpadelstore.com\\\/fr\\\/produit\\\/grip-bullpadel-custom-weight-negro-3\\\/\"]}]},{\"@type\":\"ImageObject\",\"inLanguage\":\"fr-FR\",\"@id\":\"https:\\\/\\\/revolutionpadelstore.com\\\/fr\\\/produit\\\/grip-bullpadel-custom-weight-negro-3\\\/#primaryimage\",\"url\":\"https:\\\/\\\/revolutionpadelstore.com\\\/wp-content\\\/uploads\\\/2025\\\/02\\\/GRIP_BULLPADEL_CUSTOM_WEIGHT_455595_1000_1000_94dd.webp\",\"contentUrl\":\"https:\\\/\\\/revolutionpadelstore.com\\\/wp-content\\\/uploads\\\/2025\\\/02\\\/GRIP_BULLPADEL_CUSTOM_WEIGHT_455595_1000_1000_94dd.webp\",\"width\":1000,\"height\":1000},{\"@type\":\"BreadcrumbList\",\"@id\":\"https:\\\/\\\/revolutionpadelstore.com\\\/fr\\\/produit\\\/grip-bullpadel-custom-weight-negro-3\\\/#breadcrumb\",\"itemListElement\":[{\"@type\":\"ListItem\",\"position\":1,\"name\":\"Portada\",\"item\":\"https:\\\/\\\/revolutionpadelstore.com\\\/fr\\\/\"},{\"@type\":\"ListItem\",\"position\":2,\"name\":\"Boutique\",\"item\":\"https:\\\/\\\/revolutionpadelstore.com\\\/fr\\\/tienda\\\/\"},{\"@type\":\"ListItem\",\"position\":3,\"name\":\"GRIP BULLPADEL CUSTOM WEIGHT NEGRO\"}]},{\"@type\":\"WebSite\",\"@id\":\"https:\\\/\\\/revolutionpadelstore.com\\\/fr\\\/#website\",\"url\":\"https:\\\/\\\/revolutionpadelstore.com\\\/fr\\\/\",\"name\":\"Revolution Padel Store\",\"description\":\"\",\"publisher\":{\"@id\":\"https:\\\/\\\/revolutionpadelstore.com\\\/fr\\\/#organization\"},\"potentialAction\":[{\"@type\":\"SearchAction\",\"target\":{\"@type\":\"EntryPoint\",\"urlTemplate\":\"https:\\\/\\\/revolutionpadelstore.com\\\/fr\\\/?s={search_term_string}\"},\"query-input\":{\"@type\":\"PropertyValueSpecification\",\"valueRequired\":true,\"valueName\":\"search_term_string\"}}],\"inLanguage\":\"fr-FR\"},{\"@type\":\"Organization\",\"@id\":\"https:\\\/\\\/revolutionpadelstore.com\\\/fr\\\/#organization\",\"name\":\"Revolution Padel Store\",\"url\":\"https:\\\/\\\/revolutionpadelstore.com\\\/fr\\\/\",\"logo\":{\"@type\":\"ImageObject\",\"inLanguage\":\"fr-FR\",\"@id\":\"https:\\\/\\\/revolutionpadelstore.com\\\/fr\\\/#\\\/schema\\\/logo\\\/image\\\/\",\"url\":\"https:\\\/\\\/revolutionpadelstore.com\\\/wp-content\\\/uploads\\\/2026\\\/02\\\/revolution-padel-store.jpg\",\"contentUrl\":\"https:\\\/\\\/revolutionpadelstore.com\\\/wp-content\\\/uploads\\\/2026\\\/02\\\/revolution-padel-store.jpg\",\"width\":2000,\"height\":2000,\"caption\":\"Revolution Padel Store\"},\"image\":{\"@id\":\"https:\\\/\\\/revolutionpadelstore.com\\\/fr\\\/#\\\/schema\\\/logo\\\/image\\\/\"},\"sameAs\":[\"https:\\\/\\\/www.instagram.com\\\/revolutionpadelstore\\\/\"]}]}<\/script>\n<!-- \/ Yoast SEO plugin. -->","yoast_head_json":{"title":"GRIP BULLPADEL CUSTOM WEIGHT NEGRO - Revolution Padel Store","description":"Personaliza el peso de tu pala con el Grip Bullpadel Custom Weight Negro. A\u00f1ade 5, 10 o 15 gramos para mayor control y estabilidad. \u00a1Compra online en Revolution Padel Store!","robots":{"index":"index","follow":"follow","max-snippet":"max-snippet:-1","max-image-preview":"max-image-preview:large","max-video-preview":"max-video-preview:-1"},"canonical":"https:\/\/revolutionpadelstore.com\/fr\/produit\/grip-bullpadel-custom-weight-negro-3\/","og_locale":"fr_FR","og_type":"article","og_title":"GRIP BULLPADEL CUSTOM WEIGHT NEGRO - Revolution Padel Store","og_description":"Personaliza el peso de tu pala con el Grip Bullpadel Custom Weight Negro. A\u00f1ade 5, 10 o 15 gramos para mayor control y estabilidad. \u00a1Compra online en Revolution Padel Store!","og_url":"https:\/\/revolutionpadelstore.com\/fr\/produit\/grip-bullpadel-custom-weight-negro-3\/","og_site_name":"Revolution Padel Store","article_modified_time":"2026-04-08T04:04:45+00:00","og_image":[{"width":1000,"height":1000,"url":"https:\/\/revolutionpadelstore.com\/wp-content\/uploads\/2025\/02\/GRIP_BULLPADEL_CUSTOM_WEIGHT_455595_1000_1000_94dd.webp","type":"image\/webp"}],"twitter_card":"summary_large_image","twitter_misc":{"Dur\u00e9e de lecture estim\u00e9e":"2 minutes"},"schema":{"@context":"https:\/\/schema.org","@graph":[{"@type":"WebPage","@id":"https:\/\/revolutionpadelstore.com\/fr\/produit\/grip-bullpadel-custom-weight-negro-3\/","url":"https:\/\/revolutionpadelstore.com\/fr\/produit\/grip-bullpadel-custom-weight-negro-3\/","name":"GRIP BULLPADEL CUSTOM WEIGHT NEGRO - Revolution Padel Store","isPartOf":{"@id":"https:\/\/revolutionpadelstore.com\/fr\/#website"},"primaryImageOfPage":{"@id":"https:\/\/revolutionpadelstore.com\/fr\/produit\/grip-bullpadel-custom-weight-negro-3\/#primaryimage"},"image":{"@id":"https:\/\/revolutionpadelstore.com\/fr\/produit\/grip-bullpadel-custom-weight-negro-3\/#primaryimage"},"thumbnailUrl":"https:\/\/revolutionpadelstore.com\/wp-content\/uploads\/2025\/02\/GRIP_BULLPADEL_CUSTOM_WEIGHT_455595_1000_1000_94dd.webp","datePublished":"2025-02-28T09:37:30+00:00","dateModified":"2026-04-08T04:04:45+00:00","description":"Personaliza el peso de tu pala con el Grip Bullpadel Custom Weight Negro. A\u00f1ade 5, 10 o 15 gramos para mayor control y estabilidad. \u00a1Compra online en Revolution Padel Store!","breadcrumb":{"@id":"https:\/\/revolutionpadelstore.com\/fr\/produit\/grip-bullpadel-custom-weight-negro-3\/#breadcrumb"},"inLanguage":"fr-FR","potentialAction":[{"@type":"ReadAction","target":["https:\/\/revolutionpadelstore.com\/fr\/produit\/grip-bullpadel-custom-weight-negro-3\/"]}]},{"@type":"ImageObject","inLanguage":"fr-FR","@id":"https:\/\/revolutionpadelstore.com\/fr\/produit\/grip-bullpadel-custom-weight-negro-3\/#primaryimage","url":"https:\/\/revolutionpadelstore.com\/wp-content\/uploads\/2025\/02\/GRIP_BULLPADEL_CUSTOM_WEIGHT_455595_1000_1000_94dd.webp","contentUrl":"https:\/\/revolutionpadelstore.com\/wp-content\/uploads\/2025\/02\/GRIP_BULLPADEL_CUSTOM_WEIGHT_455595_1000_1000_94dd.webp","width":1000,"height":1000},{"@type":"BreadcrumbList","@id":"https:\/\/revolutionpadelstore.com\/fr\/produit\/grip-bullpadel-custom-weight-negro-3\/#breadcrumb","itemListElement":[{"@type":"ListItem","position":1,"name":"Portada","item":"https:\/\/revolutionpadelstore.com\/fr\/"},{"@type":"ListItem","position":2,"name":"Boutique","item":"https:\/\/revolutionpadelstore.com\/fr\/tienda\/"},{"@type":"ListItem","position":3,"name":"GRIP BULLPADEL CUSTOM WEIGHT NEGRO"}]},{"@type":"WebSite","@id":"https:\/\/revolutionpadelstore.com\/fr\/#website","url":"https:\/\/revolutionpadelstore.com\/fr\/","name":"Revolution Padel Store","description":"","publisher":{"@id":"https:\/\/revolutionpadelstore.com\/fr\/#organization"},"potentialAction":[{"@type":"SearchAction","target":{"@type":"EntryPoint","urlTemplate":"https:\/\/revolutionpadelstore.com\/fr\/?s={search_term_string}"},"query-input":{"@type":"PropertyValueSpecification","valueRequired":true,"valueName":"search_term_string"}}],"inLanguage":"fr-FR"},{"@type":"Organization","@id":"https:\/\/revolutionpadelstore.com\/fr\/#organization","name":"Revolution Padel Store","url":"https:\/\/revolutionpadelstore.com\/fr\/","logo":{"@type":"ImageObject","inLanguage":"fr-FR","@id":"https:\/\/revolutionpadelstore.com\/fr\/#\/schema\/logo\/image\/","url":"https:\/\/revolutionpadelstore.com\/wp-content\/uploads\/2026\/02\/revolution-padel-store.jpg","contentUrl":"https:\/\/revolutionpadelstore.com\/wp-content\/uploads\/2026\/02\/revolution-padel-store.jpg","width":2000,"height":2000,"caption":"Revolution Padel Store"},"image":{"@id":"https:\/\/revolutionpadelstore.com\/fr\/#\/schema\/logo\/image\/"},"sameAs":["https:\/\/www.instagram.com\/revolutionpadelstore\/"]}]}},"_links":{"self":[{"href":"https:\/\/revolutionpadelstore.com\/fr\/wp-json\/wp\/v2\/product\/197714","targetHints":{"allow":["GET"]}}],"collection":[{"href":"https:\/\/revolutionpadelstore.com\/fr\/wp-json\/wp\/v2\/product"}],"about":[{"href":"https:\/\/revolutionpadelstore.com\/fr\/wp-json\/wp\/v2\/types\/product"}],"replies":[{"embeddable":true,"href":"https:\/\/revolutionpadelstore.com\/fr\/wp-json\/wp\/v2\/comments?post=197714"}],"wp:featuredmedia":[{"embeddable":true,"href":"https:\/\/revolutionpadelstore.com\/fr\/wp-json\/wp\/v2\/media\/197708"}],"wp:attachment":[{"href":"https:\/\/revolutionpadelstore.com\/fr\/wp-json\/wp\/v2\/media?parent=197714"}],"wp:term":[{"taxonomy":"acabado","embeddable":true,"href":"https:\/\/revolutionpadelstore.com\/fr\/wp-json\/wp\/v2\/acabado?post=197714"},{"taxonomy":"balance","embeddable":true,"href":"https:\/\/revolutionpadelstore.com\/fr\/wp-json\/wp\/v2\/balance?post=197714"},{"taxonomy":"dureza","embeddable":true,"href":"https:\/\/revolutionpadelstore.com\/fr\/wp-json\/wp\/v2\/dureza?post=197714"},{"taxonomy":"forma","embeddable":true,"href":"https:\/\/revolutionpadelstore.com\/fr\/wp-json\/wp\/v2\/forma?post=197714"},{"taxonomy":"jugador","embeddable":true,"href":"https:\/\/revolutionpadelstore.com\/fr\/wp-json\/wp\/v2\/jugador?post=197714"},{"taxonomy":"marca","embeddable":true,"href":"https:\/\/revolutionpadelstore.com\/fr\/wp-json\/wp\/v2\/marca?post=197714"},{"taxonomy":"nivel-de-juego","embeddable":true,"href":"https:\/\/revolutionpadelstore.com\/fr\/wp-json\/wp\/v2\/nivel-de-juego?post=197714"},{"taxonomy":"superficie","embeddable":true,"href":"https:\/\/revolutionpadelstore.com\/fr\/wp-json\/wp\/v2\/superficie?post=197714"},{"taxonomy":"tipo-de-juego","embeddable":true,"href":"https:\/\/revolutionpadelstore.com\/fr\/wp-json\/wp\/v2\/tipo-de-juego?post=197714"},{"taxonomy":"product_brand","embeddable":true,"href":"https:\/\/revolutionpadelstore.com\/fr\/wp-json\/wp\/v2\/product_brand?post=197714"},{"taxonomy":"product_cat","embeddable":true,"href":"https:\/\/revolutionpadelstore.com\/fr\/wp-json\/wp\/v2\/product_cat?post=197714"},{"taxonomy":"product_tag","embeddable":true,"href":"https:\/\/revolutionpadelstore.com\/fr\/wp-json\/wp\/v2\/product_tag?post=197714"}],"curies":[{"name":"wp","href":"https:\/\/api.w.org\/{rel}","templated":true}]}}