{"id":197701,"date":"2025-02-28T10:24:58","date_gmt":"2025-02-28T09:24:58","guid":{"rendered":"https:\/\/revolutionpadelstore.com\/bullpadel-neuron-tf-2024\/"},"modified":"2026-04-08T06:05:06","modified_gmt":"2026-04-08T04:05:06","slug":"bullpadel-neuron-tf-2024","status":"publish","type":"product","link":"https:\/\/revolutionpadelstore.com\/fr\/produit\/bullpadel-neuron-tf-2024\/","title":{"rendered":"BULLPADEL NEURON TF 2024"},"content":{"rendered":"<h2> <strong> Tour des neurones Bullpadel Final 2024 &#8211; Pr\u00e9cision et contr\u00f4le absolu <\/strong> &lt;\/h2<br \/>\nD\u00e9couvrez le <strong> Tour de Neuron Bullpadel Final 2024 <\/strong>, une pelle en \u00e9dition limit\u00e9e con\u00e7ue pour les joueurs et les experts avanc\u00e9s \u00e0 la recherche d&#8217;un domaine total du jeu. Avec un moule hybride qui \u00e9quilibre le contr\u00f4le et la puissance, son faible \u00e9quilibre et son poids l\u00e9ger (355-375 g) permettent une maniabilit\u00e9 exceptionnelle dans chaque coup. Inspir\u00e9e par le style de jeu de <strong> Fede Chingotto <\/strong>, cette pelle devient l&#8217;option d\u00e9finitive pour ceux qui priorisent la pr\u00e9cision sur la piste.<\/p>\n<h2> <strong> Caract\u00e9ristiques cl\u00e9s du neurone de Bullpadel TF 2024 <\/strong> <\/h2>\n<p> &#8211; Forme hybride: combinaison parfaite entre le contr\u00f4le et la puissance.<br \/>\n-Les balan\u00e7oires faibles et l\u00e9g\u00e8res: am\u00e9liore la mobilit\u00e9 et la vitesse de r\u00e9action.<br \/>\n-Ilcclusive Blank Design avec des d\u00e9tails en bleu marine et en grenat: il refl\u00e8te la puret\u00e9 et la passion du jeu.<br \/>\n-Le \u00e9dition cibl\u00e9e du premier Padel Tour Final Barcelone 2024: Un mod\u00e8le exclusif pour les locataires \u00e0 pagaie.<\/p>\n<h2> <strong> technologies de haute performance <\/strong> <\/h2>\n<p> &#8211; Syst\u00e8me d&#8217;onde: structure ondul\u00e9e qui optimise la pr\u00e9cision dans chaque coup.<br \/>\n-Hesacore: r\u00e9duit les vibrations et am\u00e9liore l&#8217;adh\u00e9rence pour le confort.<br \/>\n-Multiva: Core avec des couches de densit\u00e9s diff\u00e9rentes qui maximisent les performances.<br \/>\n-Aro Channel: Design a\u00e9rodynamique qui favorise une meilleure fluidit\u00e9 dans le jeu.<br \/>\n-3d Grain: surface rugueuse qui am\u00e9liore les effets et la pr\u00e9cision des coups.<br \/>\n-Efficier personnalis\u00e9: syst\u00e8me qui vous permet de personnaliser l&#8217;\u00e9quilibre de la lame.<br \/>\n-X-Tend Carbon 3K: Carbone \u00e0 haute r\u00e9sistance qui fournit une touche solide et ferme.<\/p>\n<h2> <strong> Qui est le Neuron Tour final 2024? <\/strong> <\/h2>\n<p>Cette <strong> Bullpadel Shovel <\/strong> est sp\u00e9cialement con\u00e7ue pour les joueurs avanc\u00e9s et les experts \u00e0 la recherche d&#8217;un contr\u00f4le sup\u00e9rieur dans leur jeu. Si vous aimez un style d\u00e9fensif du bas de la piste et que vous souhaitez une pelle qui vous permet de placer chaque coup avec <strong> millim\u00e8tre de pr\u00e9cision <\/strong>, le <strong> neuron Tour final <\/strong> est votre meilleure option.<\/p>\n<p><strong> Obtenez-le avant qu&#8217;il ne s&#8217;\u00e9puise!<\/p>\n<h2><strong>Bullpadel Neuron Tour Final 2024 \u2013 Precisi\u00f3n y Control Absoluto<\/strong><\/p>\n","protected":false},"excerpt":{"rendered":"<p>Le neurone de Bullpadel TF 2024 est une pelle hybride \u00e0 faible \u00e9quilibre, con\u00e7u pour les joueurs avanc\u00e9s qui priorisent une grande d\u00e9fense du bas de la piste. Il s&#8217;agit du mod\u00e8le officiel de Fede Chingotto.<\/p>\n","protected":false},"featured_media":197678,"comment_status":"open","ping_status":"closed","template":"","meta":{"_acf_changed":false,"_joinchat":[]},"acabado":[1092],"balance":[1142],"dureza":[1157],"forma":[1177],"jugador":[1192,1202],"marca":[1257],"nivel-de-juego":[1337],"superficie":[1362],"tipo-de-juego":[1387],"product_brand":[],"product_cat":[302],"product_tag":[],"class_list":{"0":"post-197701","1":"product","2":"type-product","3":"status-publish","4":"has-post-thumbnail","6":"acabado-soulager-la-3d","7":"balance-moyen","8":"dureza-media-fr","9":"forma-hybride","10":"jugador-homme","11":"jugador-polivalente-fr","12":"marca-bullpadel-fr","13":"superficie-rugosa-fr","14":"tipo-de-juego-polivalente-fr","15":"product_cat-palas-de-padel-fr","17":"first","18":"instock","19":"sale","20":"taxable","21":"shipping-taxable","22":"purchasable","23":"product-type-simple"},"acf":[],"yoast_head":"<!-- This site is optimized with the Yoast SEO plugin v27.4 - https:\/\/yoast.com\/product\/yoast-seo-wordpress\/ -->\n<title>BULLPADEL NEURON TF 2024 - Revolution Padel Store<\/title>\n<meta name=\"description\" content=\"Descubre la Bullpadel Neuron Tour Final 2024, la pala de edici\u00f3n limitada con control y precisi\u00f3n para jugadores expertos. \u00a1Compra ahora en Revolution Padel Store!\" \/>\n<meta name=\"robots\" content=\"index, follow, max-snippet:-1, max-image-preview:large, max-video-preview:-1\" \/>\n<link rel=\"canonical\" href=\"https:\/\/revolutionpadelstore.com\/fr\/produit\/bullpadel-neuron-tf-2024\/\" \/>\n<meta property=\"og:locale\" content=\"fr_FR\" \/>\n<meta property=\"og:type\" content=\"article\" \/>\n<meta property=\"og:title\" content=\"BULLPADEL NEURON TF 2024 - Revolution Padel Store\" \/>\n<meta property=\"og:description\" content=\"Descubre la Bullpadel Neuron Tour Final 2024, la pala de edici\u00f3n limitada con control y precisi\u00f3n para jugadores expertos. \u00a1Compra ahora en Revolution Padel Store!\" \/>\n<meta property=\"og:url\" content=\"https:\/\/revolutionpadelstore.com\/fr\/produit\/bullpadel-neuron-tf-2024\/\" \/>\n<meta property=\"og:site_name\" content=\"Revolution Padel Store\" \/>\n<meta property=\"article:modified_time\" content=\"2026-04-08T04:05:06+00:00\" \/>\n<meta property=\"og:image\" content=\"https:\/\/revolutionpadelstore.com\/wp-content\/uploads\/2025\/02\/114857-pala-bullpadel-neuron-tf-24-448423-1200x1200-1.webp\" \/>\n\t<meta property=\"og:image:width\" content=\"1200\" \/>\n\t<meta property=\"og:image:height\" content=\"1200\" \/>\n\t<meta property=\"og:image:type\" content=\"image\/webp\" \/>\n<meta name=\"twitter:card\" content=\"summary_large_image\" \/>\n<meta name=\"twitter:label1\" content=\"Dur\u00e9e de lecture estim\u00e9e\" \/>\n\t<meta name=\"twitter:data1\" content=\"2 minutes\" \/>\n<script type=\"application\/ld+json\" class=\"yoast-schema-graph\">{\"@context\":\"https:\\\/\\\/schema.org\",\"@graph\":[{\"@type\":\"WebPage\",\"@id\":\"https:\\\/\\\/revolutionpadelstore.com\\\/fr\\\/produit\\\/bullpadel-neuron-tf-2024\\\/\",\"url\":\"https:\\\/\\\/revolutionpadelstore.com\\\/fr\\\/produit\\\/bullpadel-neuron-tf-2024\\\/\",\"name\":\"BULLPADEL NEURON TF 2024 - Revolution Padel Store\",\"isPartOf\":{\"@id\":\"https:\\\/\\\/revolutionpadelstore.com\\\/fr\\\/#website\"},\"primaryImageOfPage\":{\"@id\":\"https:\\\/\\\/revolutionpadelstore.com\\\/fr\\\/produit\\\/bullpadel-neuron-tf-2024\\\/#primaryimage\"},\"image\":{\"@id\":\"https:\\\/\\\/revolutionpadelstore.com\\\/fr\\\/produit\\\/bullpadel-neuron-tf-2024\\\/#primaryimage\"},\"thumbnailUrl\":\"https:\\\/\\\/revolutionpadelstore.com\\\/wp-content\\\/uploads\\\/2025\\\/02\\\/114857-pala-bullpadel-neuron-tf-24-448423-1200x1200-1.webp\",\"datePublished\":\"2025-02-28T09:24:58+00:00\",\"dateModified\":\"2026-04-08T04:05:06+00:00\",\"description\":\"Descubre la Bullpadel Neuron Tour Final 2024, la pala de edici\u00f3n limitada con control y precisi\u00f3n para jugadores expertos. \u00a1Compra ahora en Revolution Padel Store!\",\"breadcrumb\":{\"@id\":\"https:\\\/\\\/revolutionpadelstore.com\\\/fr\\\/produit\\\/bullpadel-neuron-tf-2024\\\/#breadcrumb\"},\"inLanguage\":\"fr-FR\",\"potentialAction\":[{\"@type\":\"ReadAction\",\"target\":[\"https:\\\/\\\/revolutionpadelstore.com\\\/fr\\\/produit\\\/bullpadel-neuron-tf-2024\\\/\"]}]},{\"@type\":\"ImageObject\",\"inLanguage\":\"fr-FR\",\"@id\":\"https:\\\/\\\/revolutionpadelstore.com\\\/fr\\\/produit\\\/bullpadel-neuron-tf-2024\\\/#primaryimage\",\"url\":\"https:\\\/\\\/revolutionpadelstore.com\\\/wp-content\\\/uploads\\\/2025\\\/02\\\/114857-pala-bullpadel-neuron-tf-24-448423-1200x1200-1.webp\",\"contentUrl\":\"https:\\\/\\\/revolutionpadelstore.com\\\/wp-content\\\/uploads\\\/2025\\\/02\\\/114857-pala-bullpadel-neuron-tf-24-448423-1200x1200-1.webp\",\"width\":1200,\"height\":1200},{\"@type\":\"BreadcrumbList\",\"@id\":\"https:\\\/\\\/revolutionpadelstore.com\\\/fr\\\/produit\\\/bullpadel-neuron-tf-2024\\\/#breadcrumb\",\"itemListElement\":[{\"@type\":\"ListItem\",\"position\":1,\"name\":\"Portada\",\"item\":\"https:\\\/\\\/revolutionpadelstore.com\\\/fr\\\/\"},{\"@type\":\"ListItem\",\"position\":2,\"name\":\"Boutique\",\"item\":\"https:\\\/\\\/revolutionpadelstore.com\\\/fr\\\/tienda\\\/\"},{\"@type\":\"ListItem\",\"position\":3,\"name\":\"BULLPADEL NEURON TF 2024\"}]},{\"@type\":\"WebSite\",\"@id\":\"https:\\\/\\\/revolutionpadelstore.com\\\/fr\\\/#website\",\"url\":\"https:\\\/\\\/revolutionpadelstore.com\\\/fr\\\/\",\"name\":\"Revolution Padel Store\",\"description\":\"\",\"publisher\":{\"@id\":\"https:\\\/\\\/revolutionpadelstore.com\\\/fr\\\/#organization\"},\"potentialAction\":[{\"@type\":\"SearchAction\",\"target\":{\"@type\":\"EntryPoint\",\"urlTemplate\":\"https:\\\/\\\/revolutionpadelstore.com\\\/fr\\\/?s={search_term_string}\"},\"query-input\":{\"@type\":\"PropertyValueSpecification\",\"valueRequired\":true,\"valueName\":\"search_term_string\"}}],\"inLanguage\":\"fr-FR\"},{\"@type\":\"Organization\",\"@id\":\"https:\\\/\\\/revolutionpadelstore.com\\\/fr\\\/#organization\",\"name\":\"Revolution Padel Store\",\"url\":\"https:\\\/\\\/revolutionpadelstore.com\\\/fr\\\/\",\"logo\":{\"@type\":\"ImageObject\",\"inLanguage\":\"fr-FR\",\"@id\":\"https:\\\/\\\/revolutionpadelstore.com\\\/fr\\\/#\\\/schema\\\/logo\\\/image\\\/\",\"url\":\"https:\\\/\\\/revolutionpadelstore.com\\\/wp-content\\\/uploads\\\/2026\\\/02\\\/revolution-padel-store.jpg\",\"contentUrl\":\"https:\\\/\\\/revolutionpadelstore.com\\\/wp-content\\\/uploads\\\/2026\\\/02\\\/revolution-padel-store.jpg\",\"width\":2000,\"height\":2000,\"caption\":\"Revolution Padel Store\"},\"image\":{\"@id\":\"https:\\\/\\\/revolutionpadelstore.com\\\/fr\\\/#\\\/schema\\\/logo\\\/image\\\/\"},\"sameAs\":[\"https:\\\/\\\/www.instagram.com\\\/revolutionpadelstore\\\/\"]}]}<\/script>\n<!-- \/ Yoast SEO plugin. -->","yoast_head_json":{"title":"BULLPADEL NEURON TF 2024 - Revolution Padel Store","description":"Descubre la Bullpadel Neuron Tour Final 2024, la pala de edici\u00f3n limitada con control y precisi\u00f3n para jugadores expertos. \u00a1Compra ahora en Revolution Padel Store!","robots":{"index":"index","follow":"follow","max-snippet":"max-snippet:-1","max-image-preview":"max-image-preview:large","max-video-preview":"max-video-preview:-1"},"canonical":"https:\/\/revolutionpadelstore.com\/fr\/produit\/bullpadel-neuron-tf-2024\/","og_locale":"fr_FR","og_type":"article","og_title":"BULLPADEL NEURON TF 2024 - Revolution Padel Store","og_description":"Descubre la Bullpadel Neuron Tour Final 2024, la pala de edici\u00f3n limitada con control y precisi\u00f3n para jugadores expertos. \u00a1Compra ahora en Revolution Padel Store!","og_url":"https:\/\/revolutionpadelstore.com\/fr\/produit\/bullpadel-neuron-tf-2024\/","og_site_name":"Revolution Padel Store","article_modified_time":"2026-04-08T04:05:06+00:00","og_image":[{"width":1200,"height":1200,"url":"https:\/\/revolutionpadelstore.com\/wp-content\/uploads\/2025\/02\/114857-pala-bullpadel-neuron-tf-24-448423-1200x1200-1.webp","type":"image\/webp"}],"twitter_card":"summary_large_image","twitter_misc":{"Dur\u00e9e de lecture estim\u00e9e":"2 minutes"},"schema":{"@context":"https:\/\/schema.org","@graph":[{"@type":"WebPage","@id":"https:\/\/revolutionpadelstore.com\/fr\/produit\/bullpadel-neuron-tf-2024\/","url":"https:\/\/revolutionpadelstore.com\/fr\/produit\/bullpadel-neuron-tf-2024\/","name":"BULLPADEL NEURON TF 2024 - Revolution Padel Store","isPartOf":{"@id":"https:\/\/revolutionpadelstore.com\/fr\/#website"},"primaryImageOfPage":{"@id":"https:\/\/revolutionpadelstore.com\/fr\/produit\/bullpadel-neuron-tf-2024\/#primaryimage"},"image":{"@id":"https:\/\/revolutionpadelstore.com\/fr\/produit\/bullpadel-neuron-tf-2024\/#primaryimage"},"thumbnailUrl":"https:\/\/revolutionpadelstore.com\/wp-content\/uploads\/2025\/02\/114857-pala-bullpadel-neuron-tf-24-448423-1200x1200-1.webp","datePublished":"2025-02-28T09:24:58+00:00","dateModified":"2026-04-08T04:05:06+00:00","description":"Descubre la Bullpadel Neuron Tour Final 2024, la pala de edici\u00f3n limitada con control y precisi\u00f3n para jugadores expertos. \u00a1Compra ahora en Revolution Padel Store!","breadcrumb":{"@id":"https:\/\/revolutionpadelstore.com\/fr\/produit\/bullpadel-neuron-tf-2024\/#breadcrumb"},"inLanguage":"fr-FR","potentialAction":[{"@type":"ReadAction","target":["https:\/\/revolutionpadelstore.com\/fr\/produit\/bullpadel-neuron-tf-2024\/"]}]},{"@type":"ImageObject","inLanguage":"fr-FR","@id":"https:\/\/revolutionpadelstore.com\/fr\/produit\/bullpadel-neuron-tf-2024\/#primaryimage","url":"https:\/\/revolutionpadelstore.com\/wp-content\/uploads\/2025\/02\/114857-pala-bullpadel-neuron-tf-24-448423-1200x1200-1.webp","contentUrl":"https:\/\/revolutionpadelstore.com\/wp-content\/uploads\/2025\/02\/114857-pala-bullpadel-neuron-tf-24-448423-1200x1200-1.webp","width":1200,"height":1200},{"@type":"BreadcrumbList","@id":"https:\/\/revolutionpadelstore.com\/fr\/produit\/bullpadel-neuron-tf-2024\/#breadcrumb","itemListElement":[{"@type":"ListItem","position":1,"name":"Portada","item":"https:\/\/revolutionpadelstore.com\/fr\/"},{"@type":"ListItem","position":2,"name":"Boutique","item":"https:\/\/revolutionpadelstore.com\/fr\/tienda\/"},{"@type":"ListItem","position":3,"name":"BULLPADEL NEURON TF 2024"}]},{"@type":"WebSite","@id":"https:\/\/revolutionpadelstore.com\/fr\/#website","url":"https:\/\/revolutionpadelstore.com\/fr\/","name":"Revolution Padel Store","description":"","publisher":{"@id":"https:\/\/revolutionpadelstore.com\/fr\/#organization"},"potentialAction":[{"@type":"SearchAction","target":{"@type":"EntryPoint","urlTemplate":"https:\/\/revolutionpadelstore.com\/fr\/?s={search_term_string}"},"query-input":{"@type":"PropertyValueSpecification","valueRequired":true,"valueName":"search_term_string"}}],"inLanguage":"fr-FR"},{"@type":"Organization","@id":"https:\/\/revolutionpadelstore.com\/fr\/#organization","name":"Revolution Padel Store","url":"https:\/\/revolutionpadelstore.com\/fr\/","logo":{"@type":"ImageObject","inLanguage":"fr-FR","@id":"https:\/\/revolutionpadelstore.com\/fr\/#\/schema\/logo\/image\/","url":"https:\/\/revolutionpadelstore.com\/wp-content\/uploads\/2026\/02\/revolution-padel-store.jpg","contentUrl":"https:\/\/revolutionpadelstore.com\/wp-content\/uploads\/2026\/02\/revolution-padel-store.jpg","width":2000,"height":2000,"caption":"Revolution Padel Store"},"image":{"@id":"https:\/\/revolutionpadelstore.com\/fr\/#\/schema\/logo\/image\/"},"sameAs":["https:\/\/www.instagram.com\/revolutionpadelstore\/"]}]}},"_links":{"self":[{"href":"https:\/\/revolutionpadelstore.com\/fr\/wp-json\/wp\/v2\/product\/197701","targetHints":{"allow":["GET"]}}],"collection":[{"href":"https:\/\/revolutionpadelstore.com\/fr\/wp-json\/wp\/v2\/product"}],"about":[{"href":"https:\/\/revolutionpadelstore.com\/fr\/wp-json\/wp\/v2\/types\/product"}],"replies":[{"embeddable":true,"href":"https:\/\/revolutionpadelstore.com\/fr\/wp-json\/wp\/v2\/comments?post=197701"}],"wp:featuredmedia":[{"embeddable":true,"href":"https:\/\/revolutionpadelstore.com\/fr\/wp-json\/wp\/v2\/media\/197678"}],"wp:attachment":[{"href":"https:\/\/revolutionpadelstore.com\/fr\/wp-json\/wp\/v2\/media?parent=197701"}],"wp:term":[{"taxonomy":"acabado","embeddable":true,"href":"https:\/\/revolutionpadelstore.com\/fr\/wp-json\/wp\/v2\/acabado?post=197701"},{"taxonomy":"balance","embeddable":true,"href":"https:\/\/revolutionpadelstore.com\/fr\/wp-json\/wp\/v2\/balance?post=197701"},{"taxonomy":"dureza","embeddable":true,"href":"https:\/\/revolutionpadelstore.com\/fr\/wp-json\/wp\/v2\/dureza?post=197701"},{"taxonomy":"forma","embeddable":true,"href":"https:\/\/revolutionpadelstore.com\/fr\/wp-json\/wp\/v2\/forma?post=197701"},{"taxonomy":"jugador","embeddable":true,"href":"https:\/\/revolutionpadelstore.com\/fr\/wp-json\/wp\/v2\/jugador?post=197701"},{"taxonomy":"marca","embeddable":true,"href":"https:\/\/revolutionpadelstore.com\/fr\/wp-json\/wp\/v2\/marca?post=197701"},{"taxonomy":"nivel-de-juego","embeddable":true,"href":"https:\/\/revolutionpadelstore.com\/fr\/wp-json\/wp\/v2\/nivel-de-juego?post=197701"},{"taxonomy":"superficie","embeddable":true,"href":"https:\/\/revolutionpadelstore.com\/fr\/wp-json\/wp\/v2\/superficie?post=197701"},{"taxonomy":"tipo-de-juego","embeddable":true,"href":"https:\/\/revolutionpadelstore.com\/fr\/wp-json\/wp\/v2\/tipo-de-juego?post=197701"},{"taxonomy":"product_brand","embeddable":true,"href":"https:\/\/revolutionpadelstore.com\/fr\/wp-json\/wp\/v2\/product_brand?post=197701"},{"taxonomy":"product_cat","embeddable":true,"href":"https:\/\/revolutionpadelstore.com\/fr\/wp-json\/wp\/v2\/product_cat?post=197701"},{"taxonomy":"product_tag","embeddable":true,"href":"https:\/\/revolutionpadelstore.com\/fr\/wp-json\/wp\/v2\/product_tag?post=197701"}],"curies":[{"name":"wp","href":"https:\/\/api.w.org\/{rel}","templated":true}]}}