{"id":19770,"date":"2024-04-08T22:57:44","date_gmt":"2024-04-08T20:57:44","guid":{"rendered":"https:\/\/revolutionpadelstore.com\/harlem-padel-bionic-2024\/"},"modified":"2025-12-30T15:42:44","modified_gmt":"2025-12-30T14:42:44","slug":"harlem-padel-bionic-4","status":"publish","type":"product","link":"https:\/\/revolutionpadelstore.com\/fr\/produit\/harlem-padel-bionic-4\/","title":{"rendered":"HARLEM PADEL BIONIC"},"content":{"rendered":"<p>Le mod\u00e8le BIONIC 2024 fait partie des mod\u00e8les de la nouvelle gamme Harlem Padel.<br \/>\nIl s&#8217;agit d&#8217;une raquette hybride dot\u00e9e d&#8217;un \u00e9quilibre moyen et d&#8217;un sweet spot tr\u00e8s \u00e9tendu. Cela vous donne de la maniabilit\u00e9 et facilite une combinaison de puissance et de contr\u00f4le lors de la frappe.<br \/>\nC&#8217;est une raquette id\u00e9ale pour les femmes et les hommes qui jouent au padel \u00e0 un niveau avanc\u00e9 et qui ont besoin d&#8217;une raquette l\u00e9g\u00e8re et polyvalente sur le terrain.<br \/>\n\u00c0 l&#8217;int\u00e9rieur de la raquette, nous avons un noyau en caoutchouc lamin\u00e9 NOIR EVA de diff\u00e9rentes densit\u00e9s qui inclut la technologie High Recovery, favorisant une r\u00e9cup\u00e9ration rapide et facilitant les frappes \u00e0 tr\u00e8s grande vitesse. Ce mod\u00e8le nous procure un toucher moyennement doux dans nos sensations de jeu. Le mod\u00e8le BIONIC 2024 combine contr\u00f4le et puissance \u00e0 parts \u00e9gales. Le cadre tubulaire est compos\u00e9 \u00e0 100% de carbone pour garantir une grande durabilit\u00e9 et une excellente r\u00e9sistance \u00e0 l&#8217;usure typique du jeu.<br \/>\nLes avions sont compos\u00e9s de fibre de carbone 12K de derni\u00e8re g\u00e9n\u00e9ration qui permet d&#8217;obtenir un poids r\u00e9duit, plus de rigidit\u00e9 et plus de r\u00e9sistance. Nous avons la sensation d&#8217;\u00eatre face \u00e0 une raquette de padel au toucher solide et rigide, ce qui nous aidera beaucoup dans tous nos coups offensifs. De plus, la finition 3D rugueuse et mate garantit que la balle adh\u00e8re mieux aux faces de la raquette et la fait tourner avec plus d&#8217;effets dans tous nos coups. Comme dans le reste de cette nouvelle collection, le plus innovant est le triple pont d&#8217;un moule fabriqu\u00e9 avec les derni\u00e8res technologies, ce qui permet \u00e0 la raquette d&#8217;augmenter son rendement de balle et son grand contr\u00f4le \u00e0 chaque coup. La finition de la lame int\u00e8gre dans les deux plans le &#8220;H&#8221; stylis\u00e9 typique de Harlem avec une tr\u00e8s grande taille en chrome et des couleurs brillantes avec le reste de la lame en mat, donnant \u00e0 la lame une extr\u00eame \u00e9l\u00e9gance.  Dans la collection 2024, l&#8217;une des nombreuses nouveaut\u00e9s incorpor\u00e9es par Harlem Padel est l&#8217;incorporation de la corde dans la manchette en forme de bracelet en 100% polyester de premi\u00e8re qualit\u00e9 avec le logo de la marque brod\u00e9.<br \/>\nNous avons sans aucun doute l\u2019une des raquettes les plus \u00e9quilibr\u00e9es du march\u00e9. Id\u00e9al pour la plupart des joueurs.<\/p>\n","protected":false},"excerpt":{"rendered":"<p>C&#8217;est une raquette hybride qui a un \u00e9quilibre moyen et un sweet spot tr\u00e8s \u00e9tendu. Cela lui donne de la maniabilit\u00e9 et facilite une combinaison de puissance et de contr\u00f4le lors de la frappe.<br \/>\nC&#8217;est une raquette id\u00e9ale pour les femmes et les hommes qui jouent au padel \u00e0 un niveau avanc\u00e9 et qui ont besoin d&#8217;une raquette l\u00e9g\u00e8re et polyvalente sur le terrain.<\/p>\n","protected":false},"featured_media":161827,"comment_status":"open","ping_status":"closed","template":"","meta":{"_acf_changed":false,"_joinchat":[]},"acabado":[1082,1087,1092],"balance":[1137,1142],"dureza":[1157],"forma":[1177],"jugador":[1192,1202],"marca":[1237],"nivel-de-juego":[1337],"superficie":[1362],"tipo-de-juego":[1387],"product_brand":[],"product_cat":[302],"product_tag":[],"class_list":{"0":"post-19770","1":"product","2":"type-product","3":"status-publish","4":"has-post-thumbnail","6":"acabado-luminosite","7":"acabado-mon-pote","8":"acabado-soulager-la-3d","9":"balance-eleve","10":"balance-moyen","11":"dureza-media-fr","12":"forma-hybride","13":"jugador-homme","14":"jugador-polivalente-fr","15":"marca-harlem-padel-fr","16":"superficie-rugosa-fr","17":"tipo-de-juego-polivalente-fr","18":"product_cat-palas-de-padel-fr","20":"first","21":"onbackorder","22":"sale","23":"taxable","24":"shipping-taxable","25":"purchasable","26":"product-type-simple"},"acf":[],"yoast_head":"<!-- This site is optimized with the Yoast SEO plugin v27.4 - https:\/\/yoast.com\/product\/yoast-seo-wordpress\/ -->\n<title>HARLEM PADEL BIONIC - Revolution Padel Store<\/title>\n<meta name=\"description\" content=\"Es\u00a0una\u00a0pala\u00a0de\u00a0p\u00e1del\u00a0de\u00a0forma\u00a0h\u00edbrida\u00a0que\u00a0ostenta\u00a0un\u00a0balance\u00a0medio\u00a0y\u00a0un\u00a0punto\u00a0dulce\u00a0muy\u00a0extendido.\u00a0Esto\u00a0le\u00a0da\u00a0maniobrabilidad\u00a0y\u00a0facilita\u00a0una\u00a0combinaci\u00f3n\u00a0de\u00a0potencia\u00a0y\u00a0control\u00a0en\u00a0los\u00a0golpes.\" \/>\n<meta name=\"robots\" content=\"index, follow, max-snippet:-1, max-image-preview:large, max-video-preview:-1\" \/>\n<link rel=\"canonical\" href=\"https:\/\/revolutionpadelstore.com\/fr\/produit\/harlem-padel-bionic-4\/\" \/>\n<meta property=\"og:locale\" content=\"fr_FR\" \/>\n<meta property=\"og:type\" content=\"article\" \/>\n<meta property=\"og:title\" content=\"HARLEM PADEL BIONIC\" \/>\n<meta property=\"og:description\" content=\"Es\u00a0una\u00a0pala\u00a0de\u00a0p\u00e1del\u00a0de\u00a0forma\u00a0h\u00edbrida\u00a0que\u00a0ostenta\u00a0un\u00a0balance\u00a0medio\u00a0y\u00a0un\u00a0punto\u00a0dulce\u00a0muy\u00a0extendido.\u00a0Esto\u00a0le\u00a0da\u00a0maniobrabilidad\u00a0y\u00a0facilita\u00a0una\u00a0combinaci\u00f3n\u00a0de\u00a0potencia\u00a0y\u00a0control\u00a0en\u00a0los\u00a0golpes.Es\u00a0una\u00a0pala\u00a0ideal\u00a0tanto\u00a0para\u00a0mujeres\u00a0como\u00a0para\u00a0hombres\u00a0que\u00a0juegan\u00a0al\u00a0p\u00e1del\u00a0en\u00a0un\u00a0nivel\u00a0avanzado\u00a0y\u00a0requieren\u00a0una\u00a0pala\u00a0liviana\u00a0que\u00a0aporte\u00a0versatilidad\u00a0sobre\u00a0la\u00a0pista.\" \/>\n<meta property=\"og:url\" content=\"https:\/\/revolutionpadelstore.com\/fr\/produit\/harlem-padel-bionic-4\/\" \/>\n<meta property=\"og:site_name\" content=\"Revolution Padel Store\" \/>\n<meta property=\"article:modified_time\" content=\"2025-12-30T14:42:44+00:00\" \/>\n<meta property=\"og:image\" content=\"https:\/\/revolutionpadelstore.com\/wp-content\/uploads\/2024\/04\/IMG-20240408-WA0026.jpg\" \/>\n\t<meta property=\"og:image:width\" content=\"800\" \/>\n\t<meta property=\"og:image:height\" content=\"800\" \/>\n\t<meta property=\"og:image:type\" content=\"image\/jpeg\" \/>\n<meta name=\"twitter:card\" content=\"summary_large_image\" \/>\n<meta name=\"twitter:label1\" content=\"Dur\u00e9e de lecture estim\u00e9e\" \/>\n\t<meta name=\"twitter:data1\" content=\"2 minutes\" \/>\n<script type=\"application\/ld+json\" class=\"yoast-schema-graph\">{\"@context\":\"https:\\\/\\\/schema.org\",\"@graph\":[{\"@type\":\"WebPage\",\"@id\":\"https:\\\/\\\/revolutionpadelstore.com\\\/fr\\\/produit\\\/harlem-padel-bionic-4\\\/\",\"url\":\"https:\\\/\\\/revolutionpadelstore.com\\\/fr\\\/produit\\\/harlem-padel-bionic-4\\\/\",\"name\":\"HARLEM PADEL BIONIC - Revolution Padel Store\",\"isPartOf\":{\"@id\":\"https:\\\/\\\/revolutionpadelstore.com\\\/fr\\\/#website\"},\"primaryImageOfPage\":{\"@id\":\"https:\\\/\\\/revolutionpadelstore.com\\\/fr\\\/produit\\\/harlem-padel-bionic-4\\\/#primaryimage\"},\"image\":{\"@id\":\"https:\\\/\\\/revolutionpadelstore.com\\\/fr\\\/produit\\\/harlem-padel-bionic-4\\\/#primaryimage\"},\"thumbnailUrl\":\"https:\\\/\\\/revolutionpadelstore.com\\\/wp-content\\\/uploads\\\/2024\\\/04\\\/79.png\",\"datePublished\":\"2024-04-08T20:57:44+00:00\",\"dateModified\":\"2025-12-30T14:42:44+00:00\",\"description\":\"Es\u00a0una\u00a0pala\u00a0de\u00a0p\u00e1del\u00a0de\u00a0forma\u00a0h\u00edbrida\u00a0que\u00a0ostenta\u00a0un\u00a0balance\u00a0medio\u00a0y\u00a0un\u00a0punto\u00a0dulce\u00a0muy\u00a0extendido.\u00a0Esto\u00a0le\u00a0da\u00a0maniobrabilidad\u00a0y\u00a0facilita\u00a0una\u00a0combinaci\u00f3n\u00a0de\u00a0potencia\u00a0y\u00a0control\u00a0en\u00a0los\u00a0golpes.\",\"breadcrumb\":{\"@id\":\"https:\\\/\\\/revolutionpadelstore.com\\\/fr\\\/produit\\\/harlem-padel-bionic-4\\\/#breadcrumb\"},\"inLanguage\":\"fr-FR\",\"potentialAction\":[{\"@type\":\"ReadAction\",\"target\":[\"https:\\\/\\\/revolutionpadelstore.com\\\/fr\\\/produit\\\/harlem-padel-bionic-4\\\/\"]}]},{\"@type\":\"ImageObject\",\"inLanguage\":\"fr-FR\",\"@id\":\"https:\\\/\\\/revolutionpadelstore.com\\\/fr\\\/produit\\\/harlem-padel-bionic-4\\\/#primaryimage\",\"url\":\"https:\\\/\\\/revolutionpadelstore.com\\\/wp-content\\\/uploads\\\/2024\\\/04\\\/79.png\",\"contentUrl\":\"https:\\\/\\\/revolutionpadelstore.com\\\/wp-content\\\/uploads\\\/2024\\\/04\\\/79.png\",\"width\":1500,\"height\":1500},{\"@type\":\"BreadcrumbList\",\"@id\":\"https:\\\/\\\/revolutionpadelstore.com\\\/fr\\\/produit\\\/harlem-padel-bionic-4\\\/#breadcrumb\",\"itemListElement\":[{\"@type\":\"ListItem\",\"position\":1,\"name\":\"Portada\",\"item\":\"https:\\\/\\\/revolutionpadelstore.com\\\/fr\\\/\"},{\"@type\":\"ListItem\",\"position\":2,\"name\":\"Boutique\",\"item\":\"https:\\\/\\\/revolutionpadelstore.com\\\/fr\\\/tienda\\\/\"},{\"@type\":\"ListItem\",\"position\":3,\"name\":\"HARLEM PADEL BIONIC\"}]},{\"@type\":\"WebSite\",\"@id\":\"https:\\\/\\\/revolutionpadelstore.com\\\/fr\\\/#website\",\"url\":\"https:\\\/\\\/revolutionpadelstore.com\\\/fr\\\/\",\"name\":\"Revolution Padel Store\",\"description\":\"\",\"publisher\":{\"@id\":\"https:\\\/\\\/revolutionpadelstore.com\\\/fr\\\/#organization\"},\"potentialAction\":[{\"@type\":\"SearchAction\",\"target\":{\"@type\":\"EntryPoint\",\"urlTemplate\":\"https:\\\/\\\/revolutionpadelstore.com\\\/fr\\\/?s={search_term_string}\"},\"query-input\":{\"@type\":\"PropertyValueSpecification\",\"valueRequired\":true,\"valueName\":\"search_term_string\"}}],\"inLanguage\":\"fr-FR\"},{\"@type\":\"Organization\",\"@id\":\"https:\\\/\\\/revolutionpadelstore.com\\\/fr\\\/#organization\",\"name\":\"Revolution Padel Store\",\"url\":\"https:\\\/\\\/revolutionpadelstore.com\\\/fr\\\/\",\"logo\":{\"@type\":\"ImageObject\",\"inLanguage\":\"fr-FR\",\"@id\":\"https:\\\/\\\/revolutionpadelstore.com\\\/fr\\\/#\\\/schema\\\/logo\\\/image\\\/\",\"url\":\"https:\\\/\\\/revolutionpadelstore.com\\\/wp-content\\\/uploads\\\/2026\\\/02\\\/revolution-padel-store.jpg\",\"contentUrl\":\"https:\\\/\\\/revolutionpadelstore.com\\\/wp-content\\\/uploads\\\/2026\\\/02\\\/revolution-padel-store.jpg\",\"width\":2000,\"height\":2000,\"caption\":\"Revolution Padel Store\"},\"image\":{\"@id\":\"https:\\\/\\\/revolutionpadelstore.com\\\/fr\\\/#\\\/schema\\\/logo\\\/image\\\/\"},\"sameAs\":[\"https:\\\/\\\/www.instagram.com\\\/revolutionpadelstore\\\/\"]}]}<\/script>\n<!-- \/ Yoast SEO plugin. -->","yoast_head_json":{"title":"HARLEM PADEL BIONIC - Revolution Padel Store","description":"Es\u00a0una\u00a0pala\u00a0de\u00a0p\u00e1del\u00a0de\u00a0forma\u00a0h\u00edbrida\u00a0que\u00a0ostenta\u00a0un\u00a0balance\u00a0medio\u00a0y\u00a0un\u00a0punto\u00a0dulce\u00a0muy\u00a0extendido.\u00a0Esto\u00a0le\u00a0da\u00a0maniobrabilidad\u00a0y\u00a0facilita\u00a0una\u00a0combinaci\u00f3n\u00a0de\u00a0potencia\u00a0y\u00a0control\u00a0en\u00a0los\u00a0golpes.","robots":{"index":"index","follow":"follow","max-snippet":"max-snippet:-1","max-image-preview":"max-image-preview:large","max-video-preview":"max-video-preview:-1"},"canonical":"https:\/\/revolutionpadelstore.com\/fr\/produit\/harlem-padel-bionic-4\/","og_locale":"fr_FR","og_type":"article","og_title":"HARLEM PADEL BIONIC","og_description":"Es\u00a0una\u00a0pala\u00a0de\u00a0p\u00e1del\u00a0de\u00a0forma\u00a0h\u00edbrida\u00a0que\u00a0ostenta\u00a0un\u00a0balance\u00a0medio\u00a0y\u00a0un\u00a0punto\u00a0dulce\u00a0muy\u00a0extendido.\u00a0Esto\u00a0le\u00a0da\u00a0maniobrabilidad\u00a0y\u00a0facilita\u00a0una\u00a0combinaci\u00f3n\u00a0de\u00a0potencia\u00a0y\u00a0control\u00a0en\u00a0los\u00a0golpes.Es\u00a0una\u00a0pala\u00a0ideal\u00a0tanto\u00a0para\u00a0mujeres\u00a0como\u00a0para\u00a0hombres\u00a0que\u00a0juegan\u00a0al\u00a0p\u00e1del\u00a0en\u00a0un\u00a0nivel\u00a0avanzado\u00a0y\u00a0requieren\u00a0una\u00a0pala\u00a0liviana\u00a0que\u00a0aporte\u00a0versatilidad\u00a0sobre\u00a0la\u00a0pista.","og_url":"https:\/\/revolutionpadelstore.com\/fr\/produit\/harlem-padel-bionic-4\/","og_site_name":"Revolution Padel Store","article_modified_time":"2025-12-30T14:42:44+00:00","og_image":[{"width":800,"height":800,"url":"https:\/\/revolutionpadelstore.com\/wp-content\/uploads\/2024\/04\/IMG-20240408-WA0026.jpg","type":"image\/jpeg"}],"twitter_card":"summary_large_image","twitter_misc":{"Dur\u00e9e de lecture estim\u00e9e":"2 minutes"},"schema":{"@context":"https:\/\/schema.org","@graph":[{"@type":"WebPage","@id":"https:\/\/revolutionpadelstore.com\/fr\/produit\/harlem-padel-bionic-4\/","url":"https:\/\/revolutionpadelstore.com\/fr\/produit\/harlem-padel-bionic-4\/","name":"HARLEM PADEL BIONIC - Revolution Padel Store","isPartOf":{"@id":"https:\/\/revolutionpadelstore.com\/fr\/#website"},"primaryImageOfPage":{"@id":"https:\/\/revolutionpadelstore.com\/fr\/produit\/harlem-padel-bionic-4\/#primaryimage"},"image":{"@id":"https:\/\/revolutionpadelstore.com\/fr\/produit\/harlem-padel-bionic-4\/#primaryimage"},"thumbnailUrl":"https:\/\/revolutionpadelstore.com\/wp-content\/uploads\/2024\/04\/79.png","datePublished":"2024-04-08T20:57:44+00:00","dateModified":"2025-12-30T14:42:44+00:00","description":"Es\u00a0una\u00a0pala\u00a0de\u00a0p\u00e1del\u00a0de\u00a0forma\u00a0h\u00edbrida\u00a0que\u00a0ostenta\u00a0un\u00a0balance\u00a0medio\u00a0y\u00a0un\u00a0punto\u00a0dulce\u00a0muy\u00a0extendido.\u00a0Esto\u00a0le\u00a0da\u00a0maniobrabilidad\u00a0y\u00a0facilita\u00a0una\u00a0combinaci\u00f3n\u00a0de\u00a0potencia\u00a0y\u00a0control\u00a0en\u00a0los\u00a0golpes.","breadcrumb":{"@id":"https:\/\/revolutionpadelstore.com\/fr\/produit\/harlem-padel-bionic-4\/#breadcrumb"},"inLanguage":"fr-FR","potentialAction":[{"@type":"ReadAction","target":["https:\/\/revolutionpadelstore.com\/fr\/produit\/harlem-padel-bionic-4\/"]}]},{"@type":"ImageObject","inLanguage":"fr-FR","@id":"https:\/\/revolutionpadelstore.com\/fr\/produit\/harlem-padel-bionic-4\/#primaryimage","url":"https:\/\/revolutionpadelstore.com\/wp-content\/uploads\/2024\/04\/79.png","contentUrl":"https:\/\/revolutionpadelstore.com\/wp-content\/uploads\/2024\/04\/79.png","width":1500,"height":1500},{"@type":"BreadcrumbList","@id":"https:\/\/revolutionpadelstore.com\/fr\/produit\/harlem-padel-bionic-4\/#breadcrumb","itemListElement":[{"@type":"ListItem","position":1,"name":"Portada","item":"https:\/\/revolutionpadelstore.com\/fr\/"},{"@type":"ListItem","position":2,"name":"Boutique","item":"https:\/\/revolutionpadelstore.com\/fr\/tienda\/"},{"@type":"ListItem","position":3,"name":"HARLEM PADEL BIONIC"}]},{"@type":"WebSite","@id":"https:\/\/revolutionpadelstore.com\/fr\/#website","url":"https:\/\/revolutionpadelstore.com\/fr\/","name":"Revolution Padel Store","description":"","publisher":{"@id":"https:\/\/revolutionpadelstore.com\/fr\/#organization"},"potentialAction":[{"@type":"SearchAction","target":{"@type":"EntryPoint","urlTemplate":"https:\/\/revolutionpadelstore.com\/fr\/?s={search_term_string}"},"query-input":{"@type":"PropertyValueSpecification","valueRequired":true,"valueName":"search_term_string"}}],"inLanguage":"fr-FR"},{"@type":"Organization","@id":"https:\/\/revolutionpadelstore.com\/fr\/#organization","name":"Revolution Padel Store","url":"https:\/\/revolutionpadelstore.com\/fr\/","logo":{"@type":"ImageObject","inLanguage":"fr-FR","@id":"https:\/\/revolutionpadelstore.com\/fr\/#\/schema\/logo\/image\/","url":"https:\/\/revolutionpadelstore.com\/wp-content\/uploads\/2026\/02\/revolution-padel-store.jpg","contentUrl":"https:\/\/revolutionpadelstore.com\/wp-content\/uploads\/2026\/02\/revolution-padel-store.jpg","width":2000,"height":2000,"caption":"Revolution Padel Store"},"image":{"@id":"https:\/\/revolutionpadelstore.com\/fr\/#\/schema\/logo\/image\/"},"sameAs":["https:\/\/www.instagram.com\/revolutionpadelstore\/"]}]}},"_links":{"self":[{"href":"https:\/\/revolutionpadelstore.com\/fr\/wp-json\/wp\/v2\/product\/19770","targetHints":{"allow":["GET"]}}],"collection":[{"href":"https:\/\/revolutionpadelstore.com\/fr\/wp-json\/wp\/v2\/product"}],"about":[{"href":"https:\/\/revolutionpadelstore.com\/fr\/wp-json\/wp\/v2\/types\/product"}],"replies":[{"embeddable":true,"href":"https:\/\/revolutionpadelstore.com\/fr\/wp-json\/wp\/v2\/comments?post=19770"}],"wp:featuredmedia":[{"embeddable":true,"href":"https:\/\/revolutionpadelstore.com\/fr\/wp-json\/wp\/v2\/media\/161827"}],"wp:attachment":[{"href":"https:\/\/revolutionpadelstore.com\/fr\/wp-json\/wp\/v2\/media?parent=19770"}],"wp:term":[{"taxonomy":"acabado","embeddable":true,"href":"https:\/\/revolutionpadelstore.com\/fr\/wp-json\/wp\/v2\/acabado?post=19770"},{"taxonomy":"balance","embeddable":true,"href":"https:\/\/revolutionpadelstore.com\/fr\/wp-json\/wp\/v2\/balance?post=19770"},{"taxonomy":"dureza","embeddable":true,"href":"https:\/\/revolutionpadelstore.com\/fr\/wp-json\/wp\/v2\/dureza?post=19770"},{"taxonomy":"forma","embeddable":true,"href":"https:\/\/revolutionpadelstore.com\/fr\/wp-json\/wp\/v2\/forma?post=19770"},{"taxonomy":"jugador","embeddable":true,"href":"https:\/\/revolutionpadelstore.com\/fr\/wp-json\/wp\/v2\/jugador?post=19770"},{"taxonomy":"marca","embeddable":true,"href":"https:\/\/revolutionpadelstore.com\/fr\/wp-json\/wp\/v2\/marca?post=19770"},{"taxonomy":"nivel-de-juego","embeddable":true,"href":"https:\/\/revolutionpadelstore.com\/fr\/wp-json\/wp\/v2\/nivel-de-juego?post=19770"},{"taxonomy":"superficie","embeddable":true,"href":"https:\/\/revolutionpadelstore.com\/fr\/wp-json\/wp\/v2\/superficie?post=19770"},{"taxonomy":"tipo-de-juego","embeddable":true,"href":"https:\/\/revolutionpadelstore.com\/fr\/wp-json\/wp\/v2\/tipo-de-juego?post=19770"},{"taxonomy":"product_brand","embeddable":true,"href":"https:\/\/revolutionpadelstore.com\/fr\/wp-json\/wp\/v2\/product_brand?post=19770"},{"taxonomy":"product_cat","embeddable":true,"href":"https:\/\/revolutionpadelstore.com\/fr\/wp-json\/wp\/v2\/product_cat?post=19770"},{"taxonomy":"product_tag","embeddable":true,"href":"https:\/\/revolutionpadelstore.com\/fr\/wp-json\/wp\/v2\/product_tag?post=19770"}],"curies":[{"name":"wp","href":"https:\/\/api.w.org\/{rel}","templated":true}]}}