{"id":197671,"date":"2025-02-28T10:14:10","date_gmt":"2025-02-28T09:14:10","guid":{"rendered":"https:\/\/revolutionpadelstore.com\/bullpadel-neuron-premier-2025\/"},"modified":"2026-04-08T06:05:29","modified_gmt":"2026-04-08T04:05:29","slug":"bullpadel-neuron-premier-2025","status":"publish","type":"product","link":"https:\/\/revolutionpadelstore.com\/fr\/produit\/bullpadel-neuron-premier-2025\/","title":{"rendered":"BULLPADEL NEURON PREMIER 2025"},"content":{"rendered":"<h2> <strong> Bullpadel Neuron Premier 2025 &#8211; Elite Power, Power, Control and Technology<br \/>\nLe Bullpadel Neuron Premier 2025 est la pelle officielle de Fede Chingotto, con\u00e7ue exclusivement pour le Premier Premier Padel 2025. Sa structure innovante combine un moule hybride avec un \u00e9quilibre interm\u00e9diaire, offrant un \u00e9quilibre parfait entre le contr\u00f4le et la puissance.<\/p>\n<p>Incorpore le c\u0153ur des neurones, une technologie qui offre une plus grande r\u00e9duction de stabilit\u00e9 et de vibrations, tandis que son profil lat\u00e9ral d&#8217;onde renforce la rigidit\u00e9 et optimise l&#8217;absorption d&#8217;impact. Fabriqu\u00e9 avec Xtend Carbon 3K et un noyau en caoutchouc Multiva, cette pelle garantit une grande durabilit\u00e9 et une excellente prise de balle.<\/p>\n<h2> <strong> une pelle con\u00e7ue pour les joueurs professionnels <\/strong> <\/h2>\n<p>Le Bullpadel Neuron Premier 2025 est id\u00e9al pour les joueurs avanc\u00e9s qui cherchent de pr\u00e9cision dans chaque coup sans abandonner la puissance. Sa conception polyvalente permet un jeu polyvalent, mettant en \u00e9vidence \u00e0 la fois en d\u00e9fense et en attaque.<\/p>\n<p>La poign\u00e9e Hesacore am\u00e9liore l&#8217;adh\u00e9rence et r\u00e9duit la fatigue dans le bras, offrant une sensation de jeu plus confortable et s\u00fbre. Gr\u00e2ce \u00e0 sa technologie de pointe, chaque coup sera plus stable et pr\u00e9cis, vous aidant \u00e0 ma\u00eetriser la piste avec une confiance totale.<\/p>\n<h2> <strong> fonctionnalit\u00e9s et technologies pro\u00e9minentes <\/strong> <\/h2>\n<p> &#8211; Core de neurone: pont stabilisateur qui minimise les torsions et am\u00e9liore la fermet\u00e9.<br \/>\n-Syst\u00e8me d&#8217;ondes: conception ondul\u00e9e qui r\u00e9duit les vibrations et assure la stabilit\u00e9.<br \/>\n-Xtend Carbon 3K: Carbon \u00e0 haute r\u00e9sistance qui offre une plus grande durabilit\u00e9 et r\u00e9ponse.<br \/>\n-Multieva: Noyau \u00e0 double densit\u00e9 qui s&#8217;adapte \u00e0 diff\u00e9rents styles de frappe.<br \/>\n-Vibradive: Impact Absorption System pour une meilleure sensation de jeu.<br \/>\n-Hesacore: poign\u00e9e ergonomique qui r\u00e9duit la fatigue et am\u00e9liore le contr\u00f4le. <\/p>\n<h2> <strong> domine la piste avec le Neuron Bullpadel Premier 2025 <\/strong> <\/h2>\n<p>Si vous recherchez une pelle bullpadel 2025 qui combine la stabilit\u00e9, le contr\u00f4le et l&#8217;acc\u00e9l\u00e9ration, le neurone Premier est le choix parfait. Con\u00e7u pour les joueurs exigeants, leur technologie de derni\u00e8re g\u00e9n\u00e9ration et leur conception exclusive vous permettra de faire passer votre jeu au niveau sup\u00e9rieur.<\/p>\n<p><strong> maintenant disponible dans notre boutique en ligne <a href=\"https:\/\/chatgpt.com\/g\/g-675432e026888191b6ee6d6f2fdbb15e-optimisation-textos\/c\/www.revolutionpadelstore.com\"> R\u00e9volution Padel Store <\/a> Market. <\/strong><\/p>\n","protected":false},"excerpt":{"rendered":"<p>Le <strong> Bullpadel Neuron Premier 2025 <\/strong> est la pelle parfaite pour les joueurs avanc\u00e9s qui veulent maximiser la stabilit\u00e9, la pr\u00e9cision et le contr\u00f4le de leur jeu. Avec une conception hybride et exclusive, il int\u00e8gre la technologie d&#8217;\u00e9tat de la technologie et les mat\u00e9riaux de premier niveau pour des performances exceptionnelles sur la piste.<strong>Bullpadel Neuron Premier 2025<\/strong><\/p>\n","protected":false},"featured_media":197636,"comment_status":"open","ping_status":"closed","template":"","meta":{"_acf_changed":false,"_joinchat":[]},"acabado":[1092],"balance":[1142],"dureza":[],"forma":[1177],"jugador":[1192,1202],"marca":[1257],"nivel-de-juego":[1337],"superficie":[1362],"tipo-de-juego":[1387],"product_brand":[],"product_cat":[302],"product_tag":[],"class_list":{"0":"post-197671","1":"product","2":"type-product","3":"status-publish","4":"has-post-thumbnail","6":"acabado-soulager-la-3d","7":"balance-moyen","8":"forma-hybride","9":"jugador-homme","10":"jugador-polivalente-fr","11":"marca-bullpadel-fr","12":"superficie-rugosa-fr","13":"tipo-de-juego-polivalente-fr","14":"product_cat-palas-de-padel-fr","16":"first","17":"instock","18":"sale","19":"taxable","20":"shipping-taxable","21":"purchasable","22":"product-type-simple"},"acf":[],"yoast_head":"<!-- This site is optimized with the Yoast SEO plugin v27.4 - https:\/\/yoast.com\/product\/yoast-seo-wordpress\/ -->\n<title>BULLPADEL NEURON PREMIER 2025 - Revolution Padel Store<\/title>\n<meta name=\"description\" content=\"Descubre la nueva Bullpadel Neuron Premier 2025, la pala de Fede Chingotto para el Premier Padel 2025. Control, potencia y estabilidad en un dise\u00f1o innovador. \u00a1C\u00f3mprala al mejor precio en Revolution Padel Store!\" \/>\n<meta name=\"robots\" content=\"index, follow, max-snippet:-1, max-image-preview:large, max-video-preview:-1\" \/>\n<link rel=\"canonical\" href=\"https:\/\/revolutionpadelstore.com\/fr\/produit\/bullpadel-neuron-premier-2025\/\" \/>\n<meta property=\"og:locale\" content=\"fr_FR\" \/>\n<meta property=\"og:type\" content=\"article\" \/>\n<meta property=\"og:title\" content=\"BULLPADEL NEURON PREMIER 2025 - Revolution Padel Store\" \/>\n<meta property=\"og:description\" content=\"Descubre la nueva Bullpadel Neuron Premier 2025, la pala de Fede Chingotto para el Premier Padel 2025. Control, potencia y estabilidad en un dise\u00f1o innovador. \u00a1C\u00f3mprala al mejor precio en Revolution Padel Store!\" \/>\n<meta property=\"og:url\" content=\"https:\/\/revolutionpadelstore.com\/fr\/produit\/bullpadel-neuron-premier-2025\/\" \/>\n<meta property=\"og:site_name\" content=\"Revolution Padel Store\" \/>\n<meta property=\"article:modified_time\" content=\"2026-04-08T04:05:29+00:00\" \/>\n<meta property=\"og:image\" content=\"https:\/\/revolutionpadelstore.com\/wp-content\/uploads\/2025\/02\/116490-pala-bullpadel-neuron-premier-448472-1200x1200-1.webp\" \/>\n\t<meta property=\"og:image:width\" content=\"1200\" \/>\n\t<meta property=\"og:image:height\" content=\"1200\" \/>\n\t<meta property=\"og:image:type\" content=\"image\/webp\" \/>\n<meta name=\"twitter:card\" content=\"summary_large_image\" \/>\n<meta name=\"twitter:label1\" content=\"Dur\u00e9e de lecture estim\u00e9e\" \/>\n\t<meta name=\"twitter:data1\" content=\"2 minutes\" \/>\n<script type=\"application\/ld+json\" class=\"yoast-schema-graph\">{\"@context\":\"https:\\\/\\\/schema.org\",\"@graph\":[{\"@type\":\"WebPage\",\"@id\":\"https:\\\/\\\/revolutionpadelstore.com\\\/fr\\\/produit\\\/bullpadel-neuron-premier-2025\\\/\",\"url\":\"https:\\\/\\\/revolutionpadelstore.com\\\/fr\\\/produit\\\/bullpadel-neuron-premier-2025\\\/\",\"name\":\"BULLPADEL NEURON PREMIER 2025 - Revolution Padel Store\",\"isPartOf\":{\"@id\":\"https:\\\/\\\/revolutionpadelstore.com\\\/fr\\\/#website\"},\"primaryImageOfPage\":{\"@id\":\"https:\\\/\\\/revolutionpadelstore.com\\\/fr\\\/produit\\\/bullpadel-neuron-premier-2025\\\/#primaryimage\"},\"image\":{\"@id\":\"https:\\\/\\\/revolutionpadelstore.com\\\/fr\\\/produit\\\/bullpadel-neuron-premier-2025\\\/#primaryimage\"},\"thumbnailUrl\":\"https:\\\/\\\/revolutionpadelstore.com\\\/wp-content\\\/uploads\\\/2025\\\/02\\\/116490-pala-bullpadel-neuron-premier-448472-1200x1200-1.webp\",\"datePublished\":\"2025-02-28T09:14:10+00:00\",\"dateModified\":\"2026-04-08T04:05:29+00:00\",\"description\":\"Descubre la nueva Bullpadel Neuron Premier 2025, la pala de Fede Chingotto para el Premier Padel 2025. Control, potencia y estabilidad en un dise\u00f1o innovador. \u00a1C\u00f3mprala al mejor precio en Revolution Padel Store!\",\"breadcrumb\":{\"@id\":\"https:\\\/\\\/revolutionpadelstore.com\\\/fr\\\/produit\\\/bullpadel-neuron-premier-2025\\\/#breadcrumb\"},\"inLanguage\":\"fr-FR\",\"potentialAction\":[{\"@type\":\"ReadAction\",\"target\":[\"https:\\\/\\\/revolutionpadelstore.com\\\/fr\\\/produit\\\/bullpadel-neuron-premier-2025\\\/\"]}]},{\"@type\":\"ImageObject\",\"inLanguage\":\"fr-FR\",\"@id\":\"https:\\\/\\\/revolutionpadelstore.com\\\/fr\\\/produit\\\/bullpadel-neuron-premier-2025\\\/#primaryimage\",\"url\":\"https:\\\/\\\/revolutionpadelstore.com\\\/wp-content\\\/uploads\\\/2025\\\/02\\\/116490-pala-bullpadel-neuron-premier-448472-1200x1200-1.webp\",\"contentUrl\":\"https:\\\/\\\/revolutionpadelstore.com\\\/wp-content\\\/uploads\\\/2025\\\/02\\\/116490-pala-bullpadel-neuron-premier-448472-1200x1200-1.webp\",\"width\":1200,\"height\":1200},{\"@type\":\"BreadcrumbList\",\"@id\":\"https:\\\/\\\/revolutionpadelstore.com\\\/fr\\\/produit\\\/bullpadel-neuron-premier-2025\\\/#breadcrumb\",\"itemListElement\":[{\"@type\":\"ListItem\",\"position\":1,\"name\":\"Portada\",\"item\":\"https:\\\/\\\/revolutionpadelstore.com\\\/fr\\\/\"},{\"@type\":\"ListItem\",\"position\":2,\"name\":\"Boutique\",\"item\":\"https:\\\/\\\/revolutionpadelstore.com\\\/fr\\\/tienda\\\/\"},{\"@type\":\"ListItem\",\"position\":3,\"name\":\"BULLPADEL NEURON PREMIER 2025\"}]},{\"@type\":\"WebSite\",\"@id\":\"https:\\\/\\\/revolutionpadelstore.com\\\/fr\\\/#website\",\"url\":\"https:\\\/\\\/revolutionpadelstore.com\\\/fr\\\/\",\"name\":\"Revolution Padel Store\",\"description\":\"\",\"publisher\":{\"@id\":\"https:\\\/\\\/revolutionpadelstore.com\\\/fr\\\/#organization\"},\"potentialAction\":[{\"@type\":\"SearchAction\",\"target\":{\"@type\":\"EntryPoint\",\"urlTemplate\":\"https:\\\/\\\/revolutionpadelstore.com\\\/fr\\\/?s={search_term_string}\"},\"query-input\":{\"@type\":\"PropertyValueSpecification\",\"valueRequired\":true,\"valueName\":\"search_term_string\"}}],\"inLanguage\":\"fr-FR\"},{\"@type\":\"Organization\",\"@id\":\"https:\\\/\\\/revolutionpadelstore.com\\\/fr\\\/#organization\",\"name\":\"Revolution Padel Store\",\"url\":\"https:\\\/\\\/revolutionpadelstore.com\\\/fr\\\/\",\"logo\":{\"@type\":\"ImageObject\",\"inLanguage\":\"fr-FR\",\"@id\":\"https:\\\/\\\/revolutionpadelstore.com\\\/fr\\\/#\\\/schema\\\/logo\\\/image\\\/\",\"url\":\"https:\\\/\\\/revolutionpadelstore.com\\\/wp-content\\\/uploads\\\/2026\\\/02\\\/revolution-padel-store.jpg\",\"contentUrl\":\"https:\\\/\\\/revolutionpadelstore.com\\\/wp-content\\\/uploads\\\/2026\\\/02\\\/revolution-padel-store.jpg\",\"width\":2000,\"height\":2000,\"caption\":\"Revolution Padel Store\"},\"image\":{\"@id\":\"https:\\\/\\\/revolutionpadelstore.com\\\/fr\\\/#\\\/schema\\\/logo\\\/image\\\/\"},\"sameAs\":[\"https:\\\/\\\/www.instagram.com\\\/revolutionpadelstore\\\/\"]}]}<\/script>\n<!-- \/ Yoast SEO plugin. -->","yoast_head_json":{"title":"BULLPADEL NEURON PREMIER 2025 - Revolution Padel Store","description":"Descubre la nueva Bullpadel Neuron Premier 2025, la pala de Fede Chingotto para el Premier Padel 2025. Control, potencia y estabilidad en un dise\u00f1o innovador. \u00a1C\u00f3mprala al mejor precio en Revolution Padel Store!","robots":{"index":"index","follow":"follow","max-snippet":"max-snippet:-1","max-image-preview":"max-image-preview:large","max-video-preview":"max-video-preview:-1"},"canonical":"https:\/\/revolutionpadelstore.com\/fr\/produit\/bullpadel-neuron-premier-2025\/","og_locale":"fr_FR","og_type":"article","og_title":"BULLPADEL NEURON PREMIER 2025 - Revolution Padel Store","og_description":"Descubre la nueva Bullpadel Neuron Premier 2025, la pala de Fede Chingotto para el Premier Padel 2025. Control, potencia y estabilidad en un dise\u00f1o innovador. \u00a1C\u00f3mprala al mejor precio en Revolution Padel Store!","og_url":"https:\/\/revolutionpadelstore.com\/fr\/produit\/bullpadel-neuron-premier-2025\/","og_site_name":"Revolution Padel Store","article_modified_time":"2026-04-08T04:05:29+00:00","og_image":[{"width":1200,"height":1200,"url":"https:\/\/revolutionpadelstore.com\/wp-content\/uploads\/2025\/02\/116490-pala-bullpadel-neuron-premier-448472-1200x1200-1.webp","type":"image\/webp"}],"twitter_card":"summary_large_image","twitter_misc":{"Dur\u00e9e de lecture estim\u00e9e":"2 minutes"},"schema":{"@context":"https:\/\/schema.org","@graph":[{"@type":"WebPage","@id":"https:\/\/revolutionpadelstore.com\/fr\/produit\/bullpadel-neuron-premier-2025\/","url":"https:\/\/revolutionpadelstore.com\/fr\/produit\/bullpadel-neuron-premier-2025\/","name":"BULLPADEL NEURON PREMIER 2025 - Revolution Padel Store","isPartOf":{"@id":"https:\/\/revolutionpadelstore.com\/fr\/#website"},"primaryImageOfPage":{"@id":"https:\/\/revolutionpadelstore.com\/fr\/produit\/bullpadel-neuron-premier-2025\/#primaryimage"},"image":{"@id":"https:\/\/revolutionpadelstore.com\/fr\/produit\/bullpadel-neuron-premier-2025\/#primaryimage"},"thumbnailUrl":"https:\/\/revolutionpadelstore.com\/wp-content\/uploads\/2025\/02\/116490-pala-bullpadel-neuron-premier-448472-1200x1200-1.webp","datePublished":"2025-02-28T09:14:10+00:00","dateModified":"2026-04-08T04:05:29+00:00","description":"Descubre la nueva Bullpadel Neuron Premier 2025, la pala de Fede Chingotto para el Premier Padel 2025. Control, potencia y estabilidad en un dise\u00f1o innovador. \u00a1C\u00f3mprala al mejor precio en Revolution Padel Store!","breadcrumb":{"@id":"https:\/\/revolutionpadelstore.com\/fr\/produit\/bullpadel-neuron-premier-2025\/#breadcrumb"},"inLanguage":"fr-FR","potentialAction":[{"@type":"ReadAction","target":["https:\/\/revolutionpadelstore.com\/fr\/produit\/bullpadel-neuron-premier-2025\/"]}]},{"@type":"ImageObject","inLanguage":"fr-FR","@id":"https:\/\/revolutionpadelstore.com\/fr\/produit\/bullpadel-neuron-premier-2025\/#primaryimage","url":"https:\/\/revolutionpadelstore.com\/wp-content\/uploads\/2025\/02\/116490-pala-bullpadel-neuron-premier-448472-1200x1200-1.webp","contentUrl":"https:\/\/revolutionpadelstore.com\/wp-content\/uploads\/2025\/02\/116490-pala-bullpadel-neuron-premier-448472-1200x1200-1.webp","width":1200,"height":1200},{"@type":"BreadcrumbList","@id":"https:\/\/revolutionpadelstore.com\/fr\/produit\/bullpadel-neuron-premier-2025\/#breadcrumb","itemListElement":[{"@type":"ListItem","position":1,"name":"Portada","item":"https:\/\/revolutionpadelstore.com\/fr\/"},{"@type":"ListItem","position":2,"name":"Boutique","item":"https:\/\/revolutionpadelstore.com\/fr\/tienda\/"},{"@type":"ListItem","position":3,"name":"BULLPADEL NEURON PREMIER 2025"}]},{"@type":"WebSite","@id":"https:\/\/revolutionpadelstore.com\/fr\/#website","url":"https:\/\/revolutionpadelstore.com\/fr\/","name":"Revolution Padel Store","description":"","publisher":{"@id":"https:\/\/revolutionpadelstore.com\/fr\/#organization"},"potentialAction":[{"@type":"SearchAction","target":{"@type":"EntryPoint","urlTemplate":"https:\/\/revolutionpadelstore.com\/fr\/?s={search_term_string}"},"query-input":{"@type":"PropertyValueSpecification","valueRequired":true,"valueName":"search_term_string"}}],"inLanguage":"fr-FR"},{"@type":"Organization","@id":"https:\/\/revolutionpadelstore.com\/fr\/#organization","name":"Revolution Padel Store","url":"https:\/\/revolutionpadelstore.com\/fr\/","logo":{"@type":"ImageObject","inLanguage":"fr-FR","@id":"https:\/\/revolutionpadelstore.com\/fr\/#\/schema\/logo\/image\/","url":"https:\/\/revolutionpadelstore.com\/wp-content\/uploads\/2026\/02\/revolution-padel-store.jpg","contentUrl":"https:\/\/revolutionpadelstore.com\/wp-content\/uploads\/2026\/02\/revolution-padel-store.jpg","width":2000,"height":2000,"caption":"Revolution Padel Store"},"image":{"@id":"https:\/\/revolutionpadelstore.com\/fr\/#\/schema\/logo\/image\/"},"sameAs":["https:\/\/www.instagram.com\/revolutionpadelstore\/"]}]}},"_links":{"self":[{"href":"https:\/\/revolutionpadelstore.com\/fr\/wp-json\/wp\/v2\/product\/197671","targetHints":{"allow":["GET"]}}],"collection":[{"href":"https:\/\/revolutionpadelstore.com\/fr\/wp-json\/wp\/v2\/product"}],"about":[{"href":"https:\/\/revolutionpadelstore.com\/fr\/wp-json\/wp\/v2\/types\/product"}],"replies":[{"embeddable":true,"href":"https:\/\/revolutionpadelstore.com\/fr\/wp-json\/wp\/v2\/comments?post=197671"}],"wp:featuredmedia":[{"embeddable":true,"href":"https:\/\/revolutionpadelstore.com\/fr\/wp-json\/wp\/v2\/media\/197636"}],"wp:attachment":[{"href":"https:\/\/revolutionpadelstore.com\/fr\/wp-json\/wp\/v2\/media?parent=197671"}],"wp:term":[{"taxonomy":"acabado","embeddable":true,"href":"https:\/\/revolutionpadelstore.com\/fr\/wp-json\/wp\/v2\/acabado?post=197671"},{"taxonomy":"balance","embeddable":true,"href":"https:\/\/revolutionpadelstore.com\/fr\/wp-json\/wp\/v2\/balance?post=197671"},{"taxonomy":"dureza","embeddable":true,"href":"https:\/\/revolutionpadelstore.com\/fr\/wp-json\/wp\/v2\/dureza?post=197671"},{"taxonomy":"forma","embeddable":true,"href":"https:\/\/revolutionpadelstore.com\/fr\/wp-json\/wp\/v2\/forma?post=197671"},{"taxonomy":"jugador","embeddable":true,"href":"https:\/\/revolutionpadelstore.com\/fr\/wp-json\/wp\/v2\/jugador?post=197671"},{"taxonomy":"marca","embeddable":true,"href":"https:\/\/revolutionpadelstore.com\/fr\/wp-json\/wp\/v2\/marca?post=197671"},{"taxonomy":"nivel-de-juego","embeddable":true,"href":"https:\/\/revolutionpadelstore.com\/fr\/wp-json\/wp\/v2\/nivel-de-juego?post=197671"},{"taxonomy":"superficie","embeddable":true,"href":"https:\/\/revolutionpadelstore.com\/fr\/wp-json\/wp\/v2\/superficie?post=197671"},{"taxonomy":"tipo-de-juego","embeddable":true,"href":"https:\/\/revolutionpadelstore.com\/fr\/wp-json\/wp\/v2\/tipo-de-juego?post=197671"},{"taxonomy":"product_brand","embeddable":true,"href":"https:\/\/revolutionpadelstore.com\/fr\/wp-json\/wp\/v2\/product_brand?post=197671"},{"taxonomy":"product_cat","embeddable":true,"href":"https:\/\/revolutionpadelstore.com\/fr\/wp-json\/wp\/v2\/product_cat?post=197671"},{"taxonomy":"product_tag","embeddable":true,"href":"https:\/\/revolutionpadelstore.com\/fr\/wp-json\/wp\/v2\/product_tag?post=197671"}],"curies":[{"name":"wp","href":"https:\/\/api.w.org\/{rel}","templated":true}]}}