{"id":19765,"date":"2024-04-09T08:08:37","date_gmt":"2024-04-09T06:08:37","guid":{"rendered":"https:\/\/revolutionpadelstore.com\/harlem-padel-nirvana-2024\/"},"modified":"2026-04-08T14:32:50","modified_gmt":"2026-04-08T12:32:50","slug":"harlem-padel-nirvana-3","status":"publish","type":"product","link":"https:\/\/revolutionpadelstore.com\/fr\/produit\/harlem-padel-nirvana-3\/","title":{"rendered":"HARLEM PADEL NIRVANA"},"content":{"rendered":"<p>Le mod\u00e8le <strong>NIRVANA 2024<\/strong> de Harlem Padel est une raquette performante qui a \u00e9t\u00e9 con\u00e7ue pour les joueurs ayant un niveau avanc\u00e9 ou professionnel, avec une technique tr\u00e8s raffin\u00e9e. Son poids est compris entre 355 et 375 grammes.<br \/>\nIl pr\u00e9sente une <strong>forme de diamant<\/strong> avec un <strong>\u00e9quilibre \u00e9lev\u00e9<\/strong> et un sweet spot \u00e9lev\u00e9 vers le haut de la lame. Ces caract\u00e9ristiques se traduisent sur le terrain par une puissance extr\u00eame dans les tirs offensifs tels que la finition, puisqu&#8217;un effet de levier est g\u00e9n\u00e9r\u00e9 qui parvient \u00e0 exercer une excellente puissance. C&#8217;est une raquette parfaite pour les joueurs les plus offensifs.<br \/>\n\u00c0 l&#8217;int\u00e9rieur du corps de la raquette se trouve le mat\u00e9riau en caoutchouc <strong>BLACK EVA High Memory laminate<\/strong>. Il s&#8217;agit d&#8217;un caoutchouc multicouche de haute densit\u00e9 qui augmente la puissance des coups effectu\u00e9s avec une vitesse sup\u00e9rieure \u00e0 celle de la plupart des raquettes du march\u00e9.  Optimise la sortie de balle lors des tirs d\u00e9fensifs \u00e0 basse vitesse et la puissance lors des tirs<br \/>\nLe cadre tubulaire est fabriqu\u00e9 en <strong>100% carbone renforc\u00e9<\/strong>, en plus de disposer de la technologie <strong>Tubular Frame<\/strong> pour garantir une grande durabilit\u00e9 et une grande r\u00e9sistance \u00e0 l&#8217;usure typique des v\u00e9los. . niveaux avanc\u00e9s et stress et couple lors de matchs plus agressifs.<br \/>\n\u00c0 l&#8217;ext\u00e9rieur, nous trouvons la fibre de carbone 12K de derni\u00e8re g\u00e9n\u00e9ration qui permet d&#8217;obtenir un poids r\u00e9duit, plus de rigidit\u00e9 et plus de r\u00e9sistance. Nous avons la sensation d&#8217;\u00eatre face \u00e0 une raquette de padel au toucher solide et rigide, ce qui nous aidera beaucoup dans tous nos coups offensifs. De plus, la finition <strong>3D rugueuse-mate<\/strong> garantit que la balle adh\u00e8re mieux aux faces de la raquette et la fait tourner avec plus d&#8217;effets dans tous nos coups.<br \/>\nLa finition de la lame int\u00e8gre dans les deux plans le &#8220;H&#8221; stylis\u00e9 typique de Harlem avec une tr\u00e8s grande taille en chrome et des couleurs brillantes avec le reste de la lame en mat, donnant \u00e0 la lame une extr\u00eame \u00e9l\u00e9gance.<br \/>\nDans la collection 2024, l&#8217;une des nombreuses nouveaut\u00e9s incorpor\u00e9es par Harlem Padel est l&#8217;incorporation de la <strong>corde dans la manchette en forme de bracelet<\/strong> 100% en polyester de premi\u00e8re qualit\u00e9 avec le logo de la marque brod\u00e9.<br \/>\nC&#8217;est sans aucun doute l&#8217;une des raquettes avec le plus grand rendement de balle du march\u00e9. Id\u00e9al pour les joueurs offensifs agressifs.<\/p>\n","protected":false},"excerpt":{"rendered":"<p>Le mod\u00e8le NIRVANA 2024 de Harlem Padel est une raquette performante qui a \u00e9t\u00e9 con\u00e7ue pour les joueurs ayant un niveau avanc\u00e9 ou professionnel, avec une technique tr\u00e8s raffin\u00e9e. Il pr\u00e9sente une <strong>forme de diamant<\/strong> avec un <strong>\u00e9quilibre \u00e9lev\u00e9<\/strong> et un sweet spot \u00e9lev\u00e9 vers le haut de la lame.<\/p>\n","protected":false},"featured_media":161839,"comment_status":"open","ping_status":"closed","template":"","meta":{"_acf_changed":false,"_joinchat":[]},"acabado":[1082,1092],"balance":[1137],"dureza":[1162,1157],"forma":[1172],"jugador":[1192,1202],"marca":[1237],"nivel-de-juego":[1337,1347],"superficie":[1362],"tipo-de-juego":[1382,1377],"product_brand":[],"product_cat":[302],"product_tag":[],"class_list":{"0":"post-19765","1":"product","2":"type-product","3":"status-publish","4":"has-post-thumbnail","6":"acabado-luminosite","7":"acabado-soulager-la-3d","8":"balance-eleve","9":"dureza-dure","10":"dureza-media-fr","11":"forma-diamant","12":"jugador-homme","13":"jugador-polivalente-fr","14":"marca-harlem-padel-fr","15":"superficie-rugosa-fr","16":"tipo-de-juego-attaque","17":"tipo-de-juego-puissance","18":"product_cat-palas-de-padel-fr","20":"first","21":"onbackorder","22":"sale","23":"taxable","24":"shipping-taxable","25":"purchasable","26":"product-type-simple"},"acf":[],"yoast_head":"<!-- This site is optimized with the Yoast SEO plugin v27.4 - https:\/\/yoast.com\/product\/yoast-seo-wordpress\/ -->\n<title>HARLEM PADEL NIRVANA - Revolution Padel Store<\/title>\n<meta name=\"description\" content=\"El modelo NIRVANA 2024 de Harlem Padel es una pala de alto rendimiento que ha sido dise\u00f1ada para jugadores\/as que tengan un nivel avanzado o profesional, con una t\u00e9cnica muy depurada. Presenta una\u00a0forma de diamante\u00a0con un\u00a0balance alto\u00a0y un punto dulce elevado hacia la parte superior de la pala.\" \/>\n<meta name=\"robots\" content=\"index, follow, max-snippet:-1, max-image-preview:large, max-video-preview:-1\" \/>\n<link rel=\"canonical\" href=\"https:\/\/revolutionpadelstore.com\/fr\/produit\/harlem-padel-nirvana-3\/\" \/>\n<meta property=\"og:locale\" content=\"fr_FR\" \/>\n<meta property=\"og:type\" content=\"article\" \/>\n<meta property=\"og:title\" content=\"COMPRAR HARLEM PADEL NIRVANA 2024\" \/>\n<meta property=\"og:description\" content=\"El modelo NIRVANA 2024 de Harlem Padel es una pala de alto rendimiento que ha sido dise\u00f1ada para jugadores\/as que tengan un nivel avanzado o profesional, con una t\u00e9cnica muy depurada. Presenta una\u00a0forma de diamante\u00a0con un\u00a0balance alto\u00a0y un punto dulce elevado hacia la parte superior de la pala.\" \/>\n<meta property=\"og:url\" content=\"https:\/\/revolutionpadelstore.com\/fr\/produit\/harlem-padel-nirvana-3\/\" \/>\n<meta property=\"og:site_name\" content=\"Revolution Padel Store\" \/>\n<meta property=\"article:modified_time\" content=\"2026-04-08T12:32:50+00:00\" \/>\n<meta property=\"og:image\" content=\"https:\/\/revolutionpadelstore.com\/wp-content\/uploads\/2024\/04\/NIRVANA_1.jpg\" \/>\n\t<meta property=\"og:image:width\" content=\"800\" \/>\n\t<meta property=\"og:image:height\" content=\"800\" \/>\n\t<meta property=\"og:image:type\" content=\"image\/jpeg\" \/>\n<meta name=\"twitter:card\" content=\"summary_large_image\" \/>\n<meta name=\"twitter:label1\" content=\"Dur\u00e9e de lecture estim\u00e9e\" \/>\n\t<meta name=\"twitter:data1\" content=\"2 minutes\" \/>\n<script type=\"application\/ld+json\" class=\"yoast-schema-graph\">{\"@context\":\"https:\\\/\\\/schema.org\",\"@graph\":[{\"@type\":\"WebPage\",\"@id\":\"https:\\\/\\\/revolutionpadelstore.com\\\/fr\\\/produit\\\/harlem-padel-nirvana-3\\\/\",\"url\":\"https:\\\/\\\/revolutionpadelstore.com\\\/fr\\\/produit\\\/harlem-padel-nirvana-3\\\/\",\"name\":\"HARLEM PADEL NIRVANA - Revolution Padel Store\",\"isPartOf\":{\"@id\":\"https:\\\/\\\/revolutionpadelstore.com\\\/fr\\\/#website\"},\"primaryImageOfPage\":{\"@id\":\"https:\\\/\\\/revolutionpadelstore.com\\\/fr\\\/produit\\\/harlem-padel-nirvana-3\\\/#primaryimage\"},\"image\":{\"@id\":\"https:\\\/\\\/revolutionpadelstore.com\\\/fr\\\/produit\\\/harlem-padel-nirvana-3\\\/#primaryimage\"},\"thumbnailUrl\":\"https:\\\/\\\/revolutionpadelstore.com\\\/wp-content\\\/uploads\\\/2024\\\/04\\\/81.png\",\"datePublished\":\"2024-04-09T06:08:37+00:00\",\"dateModified\":\"2026-04-08T12:32:50+00:00\",\"description\":\"El modelo NIRVANA 2024 de Harlem Padel es una pala de alto rendimiento que ha sido dise\u00f1ada para jugadores\\\/as que tengan un nivel avanzado o profesional, con una t\u00e9cnica muy depurada. Presenta una\u00a0forma de diamante\u00a0con un\u00a0balance alto\u00a0y un punto dulce elevado hacia la parte superior de la pala.\",\"breadcrumb\":{\"@id\":\"https:\\\/\\\/revolutionpadelstore.com\\\/fr\\\/produit\\\/harlem-padel-nirvana-3\\\/#breadcrumb\"},\"inLanguage\":\"fr-FR\",\"potentialAction\":[{\"@type\":\"ReadAction\",\"target\":[\"https:\\\/\\\/revolutionpadelstore.com\\\/fr\\\/produit\\\/harlem-padel-nirvana-3\\\/\"]}]},{\"@type\":\"ImageObject\",\"inLanguage\":\"fr-FR\",\"@id\":\"https:\\\/\\\/revolutionpadelstore.com\\\/fr\\\/produit\\\/harlem-padel-nirvana-3\\\/#primaryimage\",\"url\":\"https:\\\/\\\/revolutionpadelstore.com\\\/wp-content\\\/uploads\\\/2024\\\/04\\\/81.png\",\"contentUrl\":\"https:\\\/\\\/revolutionpadelstore.com\\\/wp-content\\\/uploads\\\/2024\\\/04\\\/81.png\",\"width\":1500,\"height\":1500},{\"@type\":\"BreadcrumbList\",\"@id\":\"https:\\\/\\\/revolutionpadelstore.com\\\/fr\\\/produit\\\/harlem-padel-nirvana-3\\\/#breadcrumb\",\"itemListElement\":[{\"@type\":\"ListItem\",\"position\":1,\"name\":\"Portada\",\"item\":\"https:\\\/\\\/revolutionpadelstore.com\\\/fr\\\/\"},{\"@type\":\"ListItem\",\"position\":2,\"name\":\"Boutique\",\"item\":\"https:\\\/\\\/revolutionpadelstore.com\\\/fr\\\/tienda\\\/\"},{\"@type\":\"ListItem\",\"position\":3,\"name\":\"HARLEM PADEL NIRVANA\"}]},{\"@type\":\"WebSite\",\"@id\":\"https:\\\/\\\/revolutionpadelstore.com\\\/fr\\\/#website\",\"url\":\"https:\\\/\\\/revolutionpadelstore.com\\\/fr\\\/\",\"name\":\"Revolution Padel Store\",\"description\":\"\",\"publisher\":{\"@id\":\"https:\\\/\\\/revolutionpadelstore.com\\\/fr\\\/#organization\"},\"potentialAction\":[{\"@type\":\"SearchAction\",\"target\":{\"@type\":\"EntryPoint\",\"urlTemplate\":\"https:\\\/\\\/revolutionpadelstore.com\\\/fr\\\/?s={search_term_string}\"},\"query-input\":{\"@type\":\"PropertyValueSpecification\",\"valueRequired\":true,\"valueName\":\"search_term_string\"}}],\"inLanguage\":\"fr-FR\"},{\"@type\":\"Organization\",\"@id\":\"https:\\\/\\\/revolutionpadelstore.com\\\/fr\\\/#organization\",\"name\":\"Revolution Padel Store\",\"url\":\"https:\\\/\\\/revolutionpadelstore.com\\\/fr\\\/\",\"logo\":{\"@type\":\"ImageObject\",\"inLanguage\":\"fr-FR\",\"@id\":\"https:\\\/\\\/revolutionpadelstore.com\\\/fr\\\/#\\\/schema\\\/logo\\\/image\\\/\",\"url\":\"https:\\\/\\\/revolutionpadelstore.com\\\/wp-content\\\/uploads\\\/2026\\\/02\\\/revolution-padel-store.jpg\",\"contentUrl\":\"https:\\\/\\\/revolutionpadelstore.com\\\/wp-content\\\/uploads\\\/2026\\\/02\\\/revolution-padel-store.jpg\",\"width\":2000,\"height\":2000,\"caption\":\"Revolution Padel Store\"},\"image\":{\"@id\":\"https:\\\/\\\/revolutionpadelstore.com\\\/fr\\\/#\\\/schema\\\/logo\\\/image\\\/\"},\"sameAs\":[\"https:\\\/\\\/www.instagram.com\\\/revolutionpadelstore\\\/\"]}]}<\/script>\n<!-- \/ Yoast SEO plugin. -->","yoast_head_json":{"title":"HARLEM PADEL NIRVANA - Revolution Padel Store","description":"El modelo NIRVANA 2024 de Harlem Padel es una pala de alto rendimiento que ha sido dise\u00f1ada para jugadores\/as que tengan un nivel avanzado o profesional, con una t\u00e9cnica muy depurada. Presenta una\u00a0forma de diamante\u00a0con un\u00a0balance alto\u00a0y un punto dulce elevado hacia la parte superior de la pala.","robots":{"index":"index","follow":"follow","max-snippet":"max-snippet:-1","max-image-preview":"max-image-preview:large","max-video-preview":"max-video-preview:-1"},"canonical":"https:\/\/revolutionpadelstore.com\/fr\/produit\/harlem-padel-nirvana-3\/","og_locale":"fr_FR","og_type":"article","og_title":"COMPRAR HARLEM PADEL NIRVANA 2024","og_description":"El modelo NIRVANA 2024 de Harlem Padel es una pala de alto rendimiento que ha sido dise\u00f1ada para jugadores\/as que tengan un nivel avanzado o profesional, con una t\u00e9cnica muy depurada. Presenta una\u00a0forma de diamante\u00a0con un\u00a0balance alto\u00a0y un punto dulce elevado hacia la parte superior de la pala.","og_url":"https:\/\/revolutionpadelstore.com\/fr\/produit\/harlem-padel-nirvana-3\/","og_site_name":"Revolution Padel Store","article_modified_time":"2026-04-08T12:32:50+00:00","og_image":[{"width":800,"height":800,"url":"https:\/\/revolutionpadelstore.com\/wp-content\/uploads\/2024\/04\/NIRVANA_1.jpg","type":"image\/jpeg"}],"twitter_card":"summary_large_image","twitter_misc":{"Dur\u00e9e de lecture estim\u00e9e":"2 minutes"},"schema":{"@context":"https:\/\/schema.org","@graph":[{"@type":"WebPage","@id":"https:\/\/revolutionpadelstore.com\/fr\/produit\/harlem-padel-nirvana-3\/","url":"https:\/\/revolutionpadelstore.com\/fr\/produit\/harlem-padel-nirvana-3\/","name":"HARLEM PADEL NIRVANA - Revolution Padel Store","isPartOf":{"@id":"https:\/\/revolutionpadelstore.com\/fr\/#website"},"primaryImageOfPage":{"@id":"https:\/\/revolutionpadelstore.com\/fr\/produit\/harlem-padel-nirvana-3\/#primaryimage"},"image":{"@id":"https:\/\/revolutionpadelstore.com\/fr\/produit\/harlem-padel-nirvana-3\/#primaryimage"},"thumbnailUrl":"https:\/\/revolutionpadelstore.com\/wp-content\/uploads\/2024\/04\/81.png","datePublished":"2024-04-09T06:08:37+00:00","dateModified":"2026-04-08T12:32:50+00:00","description":"El modelo NIRVANA 2024 de Harlem Padel es una pala de alto rendimiento que ha sido dise\u00f1ada para jugadores\/as que tengan un nivel avanzado o profesional, con una t\u00e9cnica muy depurada. Presenta una\u00a0forma de diamante\u00a0con un\u00a0balance alto\u00a0y un punto dulce elevado hacia la parte superior de la pala.","breadcrumb":{"@id":"https:\/\/revolutionpadelstore.com\/fr\/produit\/harlem-padel-nirvana-3\/#breadcrumb"},"inLanguage":"fr-FR","potentialAction":[{"@type":"ReadAction","target":["https:\/\/revolutionpadelstore.com\/fr\/produit\/harlem-padel-nirvana-3\/"]}]},{"@type":"ImageObject","inLanguage":"fr-FR","@id":"https:\/\/revolutionpadelstore.com\/fr\/produit\/harlem-padel-nirvana-3\/#primaryimage","url":"https:\/\/revolutionpadelstore.com\/wp-content\/uploads\/2024\/04\/81.png","contentUrl":"https:\/\/revolutionpadelstore.com\/wp-content\/uploads\/2024\/04\/81.png","width":1500,"height":1500},{"@type":"BreadcrumbList","@id":"https:\/\/revolutionpadelstore.com\/fr\/produit\/harlem-padel-nirvana-3\/#breadcrumb","itemListElement":[{"@type":"ListItem","position":1,"name":"Portada","item":"https:\/\/revolutionpadelstore.com\/fr\/"},{"@type":"ListItem","position":2,"name":"Boutique","item":"https:\/\/revolutionpadelstore.com\/fr\/tienda\/"},{"@type":"ListItem","position":3,"name":"HARLEM PADEL NIRVANA"}]},{"@type":"WebSite","@id":"https:\/\/revolutionpadelstore.com\/fr\/#website","url":"https:\/\/revolutionpadelstore.com\/fr\/","name":"Revolution Padel Store","description":"","publisher":{"@id":"https:\/\/revolutionpadelstore.com\/fr\/#organization"},"potentialAction":[{"@type":"SearchAction","target":{"@type":"EntryPoint","urlTemplate":"https:\/\/revolutionpadelstore.com\/fr\/?s={search_term_string}"},"query-input":{"@type":"PropertyValueSpecification","valueRequired":true,"valueName":"search_term_string"}}],"inLanguage":"fr-FR"},{"@type":"Organization","@id":"https:\/\/revolutionpadelstore.com\/fr\/#organization","name":"Revolution Padel Store","url":"https:\/\/revolutionpadelstore.com\/fr\/","logo":{"@type":"ImageObject","inLanguage":"fr-FR","@id":"https:\/\/revolutionpadelstore.com\/fr\/#\/schema\/logo\/image\/","url":"https:\/\/revolutionpadelstore.com\/wp-content\/uploads\/2026\/02\/revolution-padel-store.jpg","contentUrl":"https:\/\/revolutionpadelstore.com\/wp-content\/uploads\/2026\/02\/revolution-padel-store.jpg","width":2000,"height":2000,"caption":"Revolution Padel Store"},"image":{"@id":"https:\/\/revolutionpadelstore.com\/fr\/#\/schema\/logo\/image\/"},"sameAs":["https:\/\/www.instagram.com\/revolutionpadelstore\/"]}]}},"_links":{"self":[{"href":"https:\/\/revolutionpadelstore.com\/fr\/wp-json\/wp\/v2\/product\/19765","targetHints":{"allow":["GET"]}}],"collection":[{"href":"https:\/\/revolutionpadelstore.com\/fr\/wp-json\/wp\/v2\/product"}],"about":[{"href":"https:\/\/revolutionpadelstore.com\/fr\/wp-json\/wp\/v2\/types\/product"}],"replies":[{"embeddable":true,"href":"https:\/\/revolutionpadelstore.com\/fr\/wp-json\/wp\/v2\/comments?post=19765"}],"wp:featuredmedia":[{"embeddable":true,"href":"https:\/\/revolutionpadelstore.com\/fr\/wp-json\/wp\/v2\/media\/161839"}],"wp:attachment":[{"href":"https:\/\/revolutionpadelstore.com\/fr\/wp-json\/wp\/v2\/media?parent=19765"}],"wp:term":[{"taxonomy":"acabado","embeddable":true,"href":"https:\/\/revolutionpadelstore.com\/fr\/wp-json\/wp\/v2\/acabado?post=19765"},{"taxonomy":"balance","embeddable":true,"href":"https:\/\/revolutionpadelstore.com\/fr\/wp-json\/wp\/v2\/balance?post=19765"},{"taxonomy":"dureza","embeddable":true,"href":"https:\/\/revolutionpadelstore.com\/fr\/wp-json\/wp\/v2\/dureza?post=19765"},{"taxonomy":"forma","embeddable":true,"href":"https:\/\/revolutionpadelstore.com\/fr\/wp-json\/wp\/v2\/forma?post=19765"},{"taxonomy":"jugador","embeddable":true,"href":"https:\/\/revolutionpadelstore.com\/fr\/wp-json\/wp\/v2\/jugador?post=19765"},{"taxonomy":"marca","embeddable":true,"href":"https:\/\/revolutionpadelstore.com\/fr\/wp-json\/wp\/v2\/marca?post=19765"},{"taxonomy":"nivel-de-juego","embeddable":true,"href":"https:\/\/revolutionpadelstore.com\/fr\/wp-json\/wp\/v2\/nivel-de-juego?post=19765"},{"taxonomy":"superficie","embeddable":true,"href":"https:\/\/revolutionpadelstore.com\/fr\/wp-json\/wp\/v2\/superficie?post=19765"},{"taxonomy":"tipo-de-juego","embeddable":true,"href":"https:\/\/revolutionpadelstore.com\/fr\/wp-json\/wp\/v2\/tipo-de-juego?post=19765"},{"taxonomy":"product_brand","embeddable":true,"href":"https:\/\/revolutionpadelstore.com\/fr\/wp-json\/wp\/v2\/product_brand?post=19765"},{"taxonomy":"product_cat","embeddable":true,"href":"https:\/\/revolutionpadelstore.com\/fr\/wp-json\/wp\/v2\/product_cat?post=19765"},{"taxonomy":"product_tag","embeddable":true,"href":"https:\/\/revolutionpadelstore.com\/fr\/wp-json\/wp\/v2\/product_tag?post=19765"}],"curies":[{"name":"wp","href":"https:\/\/api.w.org\/{rel}","templated":true}]}}