{"id":197541,"date":"2025-02-26T23:28:30","date_gmt":"2025-02-26T22:28:30","guid":{"rendered":"https:\/\/revolutionpadelstore.com\/joma-set-men-2501-negro\/"},"modified":"2026-04-08T06:07:00","modified_gmt":"2026-04-08T04:07:00","slug":"joma-set-men-2501-negro-3","status":"publish","type":"product","link":"https:\/\/revolutionpadelstore.com\/fr\/produit\/joma-set-men-2501-negro-3\/","title":{"rendered":"JOMA SET MEN 2501 NEGRO"},"content":{"rendered":"<h2> Joma Set Men 2501 Black 2025 &#8211; Comfort et performance sur la piste<br \/>\nSi vous recherchez des chaussures \u00e0 pagaie avec un excellent rapport qualit\u00e9-prix, les hommes Joma Set Men 2501 Black 2025 sont l&#8217;option id\u00e9ale. Con\u00e7u pour les joueurs interm\u00e9diaires qui souhaitent am\u00e9liorer leurs performances, combinez la stabilit\u00e9, le confort et la traction optimale dans chaque jeu.<\/p>\n<p>Gr\u00e2ce \u00e0 leur conception ergonomique et \u00e0 leurs technologies avanc\u00e9es, ces chaussures garantissent une bande de roulement confortable et s\u00fbre, vous aidant \u00e0 vous d\u00e9placer avec l&#8217;agilit\u00e9 sur la piste. De plus, sa semelle d&#8217;argile offre une poign\u00e9e sup\u00e9rieure sur les surfaces glissantes, permettant des glissements de terrain contr\u00f4l\u00e9s et un plus grand \u00e9quilibre \u00e0 chaque point.<\/p>\n<h2> <strong> Caract\u00e9ristiques et technologies des hommes Joma Set Men 2501 <\/strong> <\/h2>\n<p> &#8211; VTS (Ventilation totale du syst\u00e8me): syst\u00e8me de ventilation qui optimise le d\u00e9bit d&#8217;air pour garder vos pieds frais et secs.<br \/>\n-Protation: renforcement thermos\u00e9lat au sommet qui offre une plus grande r\u00e9sistance et durabilit\u00e9.<br \/>\n-Stabilis: technologie dans la semelle interm\u00e9diaire qui minimise les torsions ind\u00e9sirables et am\u00e9liore la stabilit\u00e9 lat\u00e9rale.<br \/>\n-La moyenne double impulsion: double densit\u00e9 qui absorbe les impacts et fournit une empreinte plus r\u00e9active.<br \/>\n-Durabilit\u00e9: semelle en caoutchouc r\u00e9sistant \u00e0 l&#8217;usure, id\u00e9al pour les surfaces de pagaie.<br \/>\n-Sae Mat\u00e9riaux s\u00fbrs et respirants: combinaison parfaite pour offrir du confort pendant les longues s\u00e9ances de jeu. <\/p>\n<h2> <strong> Qui sont les hommes Joma Set Men 2501?<br \/>\nCes chaussures sont con\u00e7ues pour les joueurs de niveau interm\u00e9diaire qui cherchent \u00e0 am\u00e9liorer leur technique et leur mobilit\u00e9 sur la piste. Ils sont parfaits pour ceux qui jouent avec une intensit\u00e9 mod\u00e9r\u00e9e et n\u00e9cessitent des chaussures qui offrent une stabilit\u00e9, un confort et une excellente adh\u00e9rence.<\/p>\n<h2> <strong> Avantages de l&#8217;ensemble JOMA 2501 Black 2025 <\/strong> <\/h2>\n<p> &#8211; Conception ergonomique et technologies avanc\u00e9es qui garantissent le confort et la durabilit\u00e9.<br \/>\n&#8211; Semelle en argile pour une poign\u00e9e ferme et des glissements de terrain contr\u00f4l\u00e9s.<br \/>\n&#8211; Renforcements dans des zones strat\u00e9giques qui am\u00e9liorent la r\u00e9sistance et prolongent la dur\u00e9e de vie utile des chaussures.<br \/>\n&#8211; Syst\u00e8me d&#8217;impartialit\u00e9 qui r\u00e9duit l&#8217;impact sur chaque mouvement, prot\u00e9geant vos articulations.<br \/>\n&#8211; Ajustement optimis\u00e9 qui \u00e9vite les mouvements ind\u00e9sirables et r\u00e9duit le risque de blessure. <\/p>\n<p><strong> maintenant disponible dans notre boutique en ligne &lt;a href = &quot;https:\/\/chatgpt.com\/g\/g-675432e02688191b6ee6d6f2fdbb15e-optimisation-textos\/c\/www.revolutionpadelstore.com&quot; Mercado. <\/strong> Ne restez pas sans le v\u00f4tre!<\/p>\n<h2>Zapatillas Joma Set Men 2501 Negro 2025 \u2013 Comodidad y rendimiento en la pista<\/h2>\n","protected":false},"excerpt":{"rendered":"<p>Si vous recherchez des chaussures \u00e0 pagaie avec une excellente relation entre la qualit\u00e9 et le prix, les <strong> joma set hommes 2501 noir 2025 <\/strong> sont un excellent choix. Con\u00e7us sp\u00e9cialement pour les joueurs de niveau interm\u00e9diaire qui cherchent \u00e0 optimiser leurs performances, ils offrent une combinaison parfaite de stabilit\u00e9, de confort et d&#8217;adh\u00e9rence dans chaque mouvement.<strong>Joma Set Men 2501 Negro 2025<\/strong><\/p>\n","protected":false},"featured_media":197506,"comment_status":"open","ping_status":"closed","template":"","meta":{"_acf_changed":false,"_joinchat":[]},"acabado":[],"balance":[],"dureza":[],"forma":[],"jugador":[1192],"marca":[1227],"nivel-de-juego":[],"superficie":[],"tipo-de-juego":[],"product_brand":[],"product_cat":[830],"product_tag":[],"class_list":{"0":"post-197541","1":"product","2":"type-product","3":"status-publish","4":"has-post-thumbnail","6":"jugador-homme","7":"marca-joma-fr","8":"product_cat-baskets","10":"first","11":"outofstock","12":"sale","13":"taxable","14":"shipping-taxable","15":"purchasable","16":"product-type-variable"},"acf":[],"yoast_head":"<!-- This site is optimized with the Yoast SEO plugin v27.4 - https:\/\/yoast.com\/product\/yoast-seo-wordpress\/ -->\n<title>JOMA SET MEN 2501 NEGRO - Revolution Padel Store<\/title>\n<meta name=\"description\" content=\"Descubre las zapatillas Joma Set Men 2501 Black 2025, dise\u00f1adas para jugadores intermedios. Comodidad, estabilidad y agarre superior con suela clay. \u00a1C\u00f3mpralas en Revolution Padel Store al mejor precio!\" \/>\n<meta name=\"robots\" content=\"index, follow, max-snippet:-1, max-image-preview:large, max-video-preview:-1\" \/>\n<link rel=\"canonical\" href=\"https:\/\/revolutionpadelstore.com\/fr\/produit\/joma-set-men-2501-negro-3\/\" \/>\n<meta property=\"og:locale\" content=\"fr_FR\" \/>\n<meta property=\"og:type\" content=\"article\" \/>\n<meta property=\"og:title\" content=\"JOMA SET MEN 2501 NEGRO - Revolution Padel Store\" \/>\n<meta property=\"og:description\" content=\"Descubre las zapatillas Joma Set Men 2501 Black 2025, dise\u00f1adas para jugadores intermedios. Comodidad, estabilidad y agarre superior con suela clay. \u00a1C\u00f3mpralas en Revolution Padel Store al mejor precio!\" \/>\n<meta property=\"og:url\" content=\"https:\/\/revolutionpadelstore.com\/fr\/produit\/joma-set-men-2501-negro-3\/\" \/>\n<meta property=\"og:site_name\" content=\"Revolution Padel Store\" \/>\n<meta property=\"article:modified_time\" content=\"2026-04-08T04:07:00+00:00\" \/>\n<meta property=\"og:image\" content=\"https:\/\/revolutionpadelstore.com\/wp-content\/uploads\/2025\/02\/141.png\" \/>\n\t<meta property=\"og:image:width\" content=\"1500\" \/>\n\t<meta property=\"og:image:height\" content=\"1500\" \/>\n\t<meta property=\"og:image:type\" content=\"image\/png\" \/>\n<meta name=\"twitter:card\" content=\"summary_large_image\" \/>\n<meta name=\"twitter:label1\" content=\"Dur\u00e9e de lecture estim\u00e9e\" \/>\n\t<meta name=\"twitter:data1\" content=\"2 minutes\" \/>\n<script type=\"application\/ld+json\" class=\"yoast-schema-graph\">{\"@context\":\"https:\\\/\\\/schema.org\",\"@graph\":[{\"@type\":\"WebPage\",\"@id\":\"https:\\\/\\\/revolutionpadelstore.com\\\/fr\\\/produit\\\/joma-set-men-2501-negro-3\\\/\",\"url\":\"https:\\\/\\\/revolutionpadelstore.com\\\/fr\\\/produit\\\/joma-set-men-2501-negro-3\\\/\",\"name\":\"JOMA SET MEN 2501 NEGRO - Revolution Padel Store\",\"isPartOf\":{\"@id\":\"https:\\\/\\\/revolutionpadelstore.com\\\/fr\\\/#website\"},\"primaryImageOfPage\":{\"@id\":\"https:\\\/\\\/revolutionpadelstore.com\\\/fr\\\/produit\\\/joma-set-men-2501-negro-3\\\/#primaryimage\"},\"image\":{\"@id\":\"https:\\\/\\\/revolutionpadelstore.com\\\/fr\\\/produit\\\/joma-set-men-2501-negro-3\\\/#primaryimage\"},\"thumbnailUrl\":\"https:\\\/\\\/revolutionpadelstore.com\\\/wp-content\\\/uploads\\\/2025\\\/02\\\/141.png\",\"datePublished\":\"2025-02-26T22:28:30+00:00\",\"dateModified\":\"2026-04-08T04:07:00+00:00\",\"description\":\"Descubre las zapatillas Joma Set Men 2501 Black 2025, dise\u00f1adas para jugadores intermedios. Comodidad, estabilidad y agarre superior con suela clay. \u00a1C\u00f3mpralas en Revolution Padel Store al mejor precio!\",\"breadcrumb\":{\"@id\":\"https:\\\/\\\/revolutionpadelstore.com\\\/fr\\\/produit\\\/joma-set-men-2501-negro-3\\\/#breadcrumb\"},\"inLanguage\":\"fr-FR\",\"potentialAction\":[{\"@type\":\"ReadAction\",\"target\":[\"https:\\\/\\\/revolutionpadelstore.com\\\/fr\\\/produit\\\/joma-set-men-2501-negro-3\\\/\"]}]},{\"@type\":\"ImageObject\",\"inLanguage\":\"fr-FR\",\"@id\":\"https:\\\/\\\/revolutionpadelstore.com\\\/fr\\\/produit\\\/joma-set-men-2501-negro-3\\\/#primaryimage\",\"url\":\"https:\\\/\\\/revolutionpadelstore.com\\\/wp-content\\\/uploads\\\/2025\\\/02\\\/141.png\",\"contentUrl\":\"https:\\\/\\\/revolutionpadelstore.com\\\/wp-content\\\/uploads\\\/2025\\\/02\\\/141.png\",\"width\":1500,\"height\":1500},{\"@type\":\"BreadcrumbList\",\"@id\":\"https:\\\/\\\/revolutionpadelstore.com\\\/fr\\\/produit\\\/joma-set-men-2501-negro-3\\\/#breadcrumb\",\"itemListElement\":[{\"@type\":\"ListItem\",\"position\":1,\"name\":\"Portada\",\"item\":\"https:\\\/\\\/revolutionpadelstore.com\\\/fr\\\/\"},{\"@type\":\"ListItem\",\"position\":2,\"name\":\"Boutique\",\"item\":\"https:\\\/\\\/revolutionpadelstore.com\\\/fr\\\/tienda\\\/\"},{\"@type\":\"ListItem\",\"position\":3,\"name\":\"JOMA SET MEN 2501 NEGRO\"}]},{\"@type\":\"WebSite\",\"@id\":\"https:\\\/\\\/revolutionpadelstore.com\\\/fr\\\/#website\",\"url\":\"https:\\\/\\\/revolutionpadelstore.com\\\/fr\\\/\",\"name\":\"Revolution Padel Store\",\"description\":\"\",\"publisher\":{\"@id\":\"https:\\\/\\\/revolutionpadelstore.com\\\/fr\\\/#organization\"},\"potentialAction\":[{\"@type\":\"SearchAction\",\"target\":{\"@type\":\"EntryPoint\",\"urlTemplate\":\"https:\\\/\\\/revolutionpadelstore.com\\\/fr\\\/?s={search_term_string}\"},\"query-input\":{\"@type\":\"PropertyValueSpecification\",\"valueRequired\":true,\"valueName\":\"search_term_string\"}}],\"inLanguage\":\"fr-FR\"},{\"@type\":\"Organization\",\"@id\":\"https:\\\/\\\/revolutionpadelstore.com\\\/fr\\\/#organization\",\"name\":\"Revolution Padel Store\",\"url\":\"https:\\\/\\\/revolutionpadelstore.com\\\/fr\\\/\",\"logo\":{\"@type\":\"ImageObject\",\"inLanguage\":\"fr-FR\",\"@id\":\"https:\\\/\\\/revolutionpadelstore.com\\\/fr\\\/#\\\/schema\\\/logo\\\/image\\\/\",\"url\":\"https:\\\/\\\/revolutionpadelstore.com\\\/wp-content\\\/uploads\\\/2026\\\/02\\\/revolution-padel-store.jpg\",\"contentUrl\":\"https:\\\/\\\/revolutionpadelstore.com\\\/wp-content\\\/uploads\\\/2026\\\/02\\\/revolution-padel-store.jpg\",\"width\":2000,\"height\":2000,\"caption\":\"Revolution Padel Store\"},\"image\":{\"@id\":\"https:\\\/\\\/revolutionpadelstore.com\\\/fr\\\/#\\\/schema\\\/logo\\\/image\\\/\"},\"sameAs\":[\"https:\\\/\\\/www.instagram.com\\\/revolutionpadelstore\\\/\"]}]}<\/script>\n<!-- \/ Yoast SEO plugin. -->","yoast_head_json":{"title":"JOMA SET MEN 2501 NEGRO - Revolution Padel Store","description":"Descubre las zapatillas Joma Set Men 2501 Black 2025, dise\u00f1adas para jugadores intermedios. Comodidad, estabilidad y agarre superior con suela clay. \u00a1C\u00f3mpralas en Revolution Padel Store al mejor precio!","robots":{"index":"index","follow":"follow","max-snippet":"max-snippet:-1","max-image-preview":"max-image-preview:large","max-video-preview":"max-video-preview:-1"},"canonical":"https:\/\/revolutionpadelstore.com\/fr\/produit\/joma-set-men-2501-negro-3\/","og_locale":"fr_FR","og_type":"article","og_title":"JOMA SET MEN 2501 NEGRO - Revolution Padel Store","og_description":"Descubre las zapatillas Joma Set Men 2501 Black 2025, dise\u00f1adas para jugadores intermedios. Comodidad, estabilidad y agarre superior con suela clay. \u00a1C\u00f3mpralas en Revolution Padel Store al mejor precio!","og_url":"https:\/\/revolutionpadelstore.com\/fr\/produit\/joma-set-men-2501-negro-3\/","og_site_name":"Revolution Padel Store","article_modified_time":"2026-04-08T04:07:00+00:00","og_image":[{"width":1500,"height":1500,"url":"https:\/\/revolutionpadelstore.com\/wp-content\/uploads\/2025\/02\/141.png","type":"image\/png"}],"twitter_card":"summary_large_image","twitter_misc":{"Dur\u00e9e de lecture estim\u00e9e":"2 minutes"},"schema":{"@context":"https:\/\/schema.org","@graph":[{"@type":"WebPage","@id":"https:\/\/revolutionpadelstore.com\/fr\/produit\/joma-set-men-2501-negro-3\/","url":"https:\/\/revolutionpadelstore.com\/fr\/produit\/joma-set-men-2501-negro-3\/","name":"JOMA SET MEN 2501 NEGRO - Revolution Padel Store","isPartOf":{"@id":"https:\/\/revolutionpadelstore.com\/fr\/#website"},"primaryImageOfPage":{"@id":"https:\/\/revolutionpadelstore.com\/fr\/produit\/joma-set-men-2501-negro-3\/#primaryimage"},"image":{"@id":"https:\/\/revolutionpadelstore.com\/fr\/produit\/joma-set-men-2501-negro-3\/#primaryimage"},"thumbnailUrl":"https:\/\/revolutionpadelstore.com\/wp-content\/uploads\/2025\/02\/141.png","datePublished":"2025-02-26T22:28:30+00:00","dateModified":"2026-04-08T04:07:00+00:00","description":"Descubre las zapatillas Joma Set Men 2501 Black 2025, dise\u00f1adas para jugadores intermedios. Comodidad, estabilidad y agarre superior con suela clay. \u00a1C\u00f3mpralas en Revolution Padel Store al mejor precio!","breadcrumb":{"@id":"https:\/\/revolutionpadelstore.com\/fr\/produit\/joma-set-men-2501-negro-3\/#breadcrumb"},"inLanguage":"fr-FR","potentialAction":[{"@type":"ReadAction","target":["https:\/\/revolutionpadelstore.com\/fr\/produit\/joma-set-men-2501-negro-3\/"]}]},{"@type":"ImageObject","inLanguage":"fr-FR","@id":"https:\/\/revolutionpadelstore.com\/fr\/produit\/joma-set-men-2501-negro-3\/#primaryimage","url":"https:\/\/revolutionpadelstore.com\/wp-content\/uploads\/2025\/02\/141.png","contentUrl":"https:\/\/revolutionpadelstore.com\/wp-content\/uploads\/2025\/02\/141.png","width":1500,"height":1500},{"@type":"BreadcrumbList","@id":"https:\/\/revolutionpadelstore.com\/fr\/produit\/joma-set-men-2501-negro-3\/#breadcrumb","itemListElement":[{"@type":"ListItem","position":1,"name":"Portada","item":"https:\/\/revolutionpadelstore.com\/fr\/"},{"@type":"ListItem","position":2,"name":"Boutique","item":"https:\/\/revolutionpadelstore.com\/fr\/tienda\/"},{"@type":"ListItem","position":3,"name":"JOMA SET MEN 2501 NEGRO"}]},{"@type":"WebSite","@id":"https:\/\/revolutionpadelstore.com\/fr\/#website","url":"https:\/\/revolutionpadelstore.com\/fr\/","name":"Revolution Padel Store","description":"","publisher":{"@id":"https:\/\/revolutionpadelstore.com\/fr\/#organization"},"potentialAction":[{"@type":"SearchAction","target":{"@type":"EntryPoint","urlTemplate":"https:\/\/revolutionpadelstore.com\/fr\/?s={search_term_string}"},"query-input":{"@type":"PropertyValueSpecification","valueRequired":true,"valueName":"search_term_string"}}],"inLanguage":"fr-FR"},{"@type":"Organization","@id":"https:\/\/revolutionpadelstore.com\/fr\/#organization","name":"Revolution Padel Store","url":"https:\/\/revolutionpadelstore.com\/fr\/","logo":{"@type":"ImageObject","inLanguage":"fr-FR","@id":"https:\/\/revolutionpadelstore.com\/fr\/#\/schema\/logo\/image\/","url":"https:\/\/revolutionpadelstore.com\/wp-content\/uploads\/2026\/02\/revolution-padel-store.jpg","contentUrl":"https:\/\/revolutionpadelstore.com\/wp-content\/uploads\/2026\/02\/revolution-padel-store.jpg","width":2000,"height":2000,"caption":"Revolution Padel Store"},"image":{"@id":"https:\/\/revolutionpadelstore.com\/fr\/#\/schema\/logo\/image\/"},"sameAs":["https:\/\/www.instagram.com\/revolutionpadelstore\/"]}]}},"_links":{"self":[{"href":"https:\/\/revolutionpadelstore.com\/fr\/wp-json\/wp\/v2\/product\/197541","targetHints":{"allow":["GET"]}}],"collection":[{"href":"https:\/\/revolutionpadelstore.com\/fr\/wp-json\/wp\/v2\/product"}],"about":[{"href":"https:\/\/revolutionpadelstore.com\/fr\/wp-json\/wp\/v2\/types\/product"}],"replies":[{"embeddable":true,"href":"https:\/\/revolutionpadelstore.com\/fr\/wp-json\/wp\/v2\/comments?post=197541"}],"wp:featuredmedia":[{"embeddable":true,"href":"https:\/\/revolutionpadelstore.com\/fr\/wp-json\/wp\/v2\/media\/197506"}],"wp:attachment":[{"href":"https:\/\/revolutionpadelstore.com\/fr\/wp-json\/wp\/v2\/media?parent=197541"}],"wp:term":[{"taxonomy":"acabado","embeddable":true,"href":"https:\/\/revolutionpadelstore.com\/fr\/wp-json\/wp\/v2\/acabado?post=197541"},{"taxonomy":"balance","embeddable":true,"href":"https:\/\/revolutionpadelstore.com\/fr\/wp-json\/wp\/v2\/balance?post=197541"},{"taxonomy":"dureza","embeddable":true,"href":"https:\/\/revolutionpadelstore.com\/fr\/wp-json\/wp\/v2\/dureza?post=197541"},{"taxonomy":"forma","embeddable":true,"href":"https:\/\/revolutionpadelstore.com\/fr\/wp-json\/wp\/v2\/forma?post=197541"},{"taxonomy":"jugador","embeddable":true,"href":"https:\/\/revolutionpadelstore.com\/fr\/wp-json\/wp\/v2\/jugador?post=197541"},{"taxonomy":"marca","embeddable":true,"href":"https:\/\/revolutionpadelstore.com\/fr\/wp-json\/wp\/v2\/marca?post=197541"},{"taxonomy":"nivel-de-juego","embeddable":true,"href":"https:\/\/revolutionpadelstore.com\/fr\/wp-json\/wp\/v2\/nivel-de-juego?post=197541"},{"taxonomy":"superficie","embeddable":true,"href":"https:\/\/revolutionpadelstore.com\/fr\/wp-json\/wp\/v2\/superficie?post=197541"},{"taxonomy":"tipo-de-juego","embeddable":true,"href":"https:\/\/revolutionpadelstore.com\/fr\/wp-json\/wp\/v2\/tipo-de-juego?post=197541"},{"taxonomy":"product_brand","embeddable":true,"href":"https:\/\/revolutionpadelstore.com\/fr\/wp-json\/wp\/v2\/product_brand?post=197541"},{"taxonomy":"product_cat","embeddable":true,"href":"https:\/\/revolutionpadelstore.com\/fr\/wp-json\/wp\/v2\/product_cat?post=197541"},{"taxonomy":"product_tag","embeddable":true,"href":"https:\/\/revolutionpadelstore.com\/fr\/wp-json\/wp\/v2\/product_tag?post=197541"}],"curies":[{"name":"wp","href":"https:\/\/api.w.org\/{rel}","templated":true}]}}