{"id":19750,"date":"2024-04-09T09:57:49","date_gmt":"2024-04-09T07:57:49","guid":{"rendered":"https:\/\/revolutionpadelstore.com\/harlem-padel-euphoria-soft-2024\/"},"modified":"2025-12-30T15:42:07","modified_gmt":"2025-12-30T14:42:07","slug":"harlem-padel-euphoria-soft-4","status":"publish","type":"product","link":"https:\/\/revolutionpadelstore.com\/fr\/produit\/harlem-padel-euphoria-soft-4\/","title":{"rendered":"HARLEM PADEL EUPHORIA SOFT"},"content":{"rendered":"<p>Le mod\u00e8le <strong>EUPHORIA SOFT 2024<\/strong> est l&#8217;un des mod\u00e8les de la nouvelle gamme Harlem P\u00e1del.<\/p>\n<p>C&#8217;est une raquette de padel de forme hybride, avec un \u00e9quilibre moyen-\u00e9lev\u00e9 et un trou distribu\u00e9 avec une double structure align\u00e9e horizontalement. Ces facteurs le rendent l\u00e9ger et permettent d&#8217;ex\u00e9cuter des coups puissants, rapides et pr\u00e9cis. Elle est con\u00e7ue pour les joueurs de niveau moyen-avanc\u00e9 qui ont besoin d&#8217;une raquette fiable pour afficher un style de jeu polyvalent.<\/p>\n<p>Le sweet spot est assez large, ce qui nous permet de r\u00e9aliser tous types de coups avec une grande pr\u00e9cision.<\/p>\n<p>\u00c0 l&#8217;int\u00e9rieur de la raquette, nous avons un noyau en caoutchouc EVA NOIR lamin\u00e9 de diff\u00e9rentes densit\u00e9s qui inclut la technologie <strong>High Recovery<\/strong>, favorisant une r\u00e9cup\u00e9ration rapide et facilitant des frappes tr\u00e8s \u00e9lev\u00e9es. Ce mod\u00e8le nous offre une sensation moyenne dans tous nos impacts, donc puissance et contr\u00f4le semblent tr\u00e8s \u00e9quilibr\u00e9s dans ce mod\u00e8le EUPHORIA SOFT 2024.<\/p>\n<p>Le cadre tubulaire est compos\u00e9 \u00e0 100% de carbone pour garantir une grande durabilit\u00e9 et une excellente r\u00e9sistance \u00e0 l&#8217;usure typique des niveaux avanc\u00e9s.<\/p>\n<p>Les avions sont fabriqu\u00e9s en carbone 3K de pointe avec une finition rugueuse. Cela favorise l&#8217;ex\u00e9cution d&#8217;effets solides et d&#8217;une grande pr\u00e9cision.<\/p>\n<p>Un anti-vibrateur a \u00e9t\u00e9 incorpor\u00e9 dans le pont central qui minimise le risque de blessures et le cou de la raquette int\u00e8gre quatre trous triangulaires parall\u00e8les qui ajoutent de l&#8217;a\u00e9rodynamisme \u00e0 tous les mouvements de swing, faisant de l&#8217;EUPHORIA PRO 2024 une raquette tr\u00e8s maniable.<\/p>\n<p>La finition de la lame int\u00e8gre le &#8220;H&#8221; stylis\u00e9 typique de Harlem sur les deux plans avec une tr\u00e8s grande taille dans des couleurs \u00e0 effet brillant et une texture rugueuse.<\/p>\n","protected":false},"excerpt":{"rendered":"<p>C&#8217;est une raquette de padel de forme hybride, avec un \u00e9quilibre moyen-\u00e9lev\u00e9 et un trou distribu\u00e9 avec une double structure align\u00e9e horizontalement. Ces facteurs le rendent l\u00e9ger et permettent d&#8217;ex\u00e9cuter des coups puissants, rapides et pr\u00e9cis. Elle est con\u00e7ue pour les joueurs de niveau moyen-avanc\u00e9 qui ont besoin d&#8217;une raquette fiable pour afficher un style de jeu polyvalent.<\/p>\n","protected":false},"featured_media":161851,"comment_status":"open","ping_status":"closed","template":"","meta":{"_acf_changed":false,"_joinchat":[]},"acabado":[1082,1092],"balance":[1137,1142],"dureza":[1157],"forma":[1177],"jugador":[1197],"marca":[1237],"nivel-de-juego":[1337,1352],"superficie":[1362],"tipo-de-juego":[1372,1387],"product_brand":[],"product_cat":[302],"product_tag":[],"class_list":{"0":"post-19750","1":"product","2":"type-product","3":"status-publish","4":"has-post-thumbnail","6":"acabado-luminosite","7":"acabado-soulager-la-3d","8":"balance-eleve","9":"balance-moyen","10":"dureza-media-fr","11":"forma-hybride","12":"jugador-mujer-fr","13":"marca-harlem-padel-fr","14":"superficie-rugosa-fr","15":"tipo-de-juego-control-fr","16":"tipo-de-juego-polivalente-fr","17":"product_cat-palas-de-padel-fr","19":"first","20":"onbackorder","21":"sale","22":"taxable","23":"shipping-taxable","24":"purchasable","25":"product-type-simple"},"acf":[],"yoast_head":"<!-- This site is optimized with the Yoast SEO plugin v27.3 - https:\/\/yoast.com\/product\/yoast-seo-wordpress\/ -->\n<title>HARLEM PADEL EUPHORIA SOFT - Revolution Padel Store<\/title>\n<meta name=\"description\" content=\"Es una pala de p\u00e1del de\u00a0forma h\u00edbrida, con un\u00a0balance medio-alto\u00a0y un agujereado distribuido con una estructura doble alineada horizontalmente. Estos factores la hacen ligera y permiten ejecutar golpes potentes, r\u00e1pidos y precisos. Est\u00e1 dise\u00f1ada para jugadores\/as de nivel medio-avanzado que requieran de una pala confiable para desplegar un estilo de juego polivalente.\" \/>\n<meta name=\"robots\" content=\"index, follow, max-snippet:-1, max-image-preview:large, max-video-preview:-1\" \/>\n<link rel=\"canonical\" href=\"https:\/\/revolutionpadelstore.com\/fr\/produit\/harlem-padel-euphoria-soft-4\/\" \/>\n<meta property=\"og:locale\" content=\"fr_FR\" \/>\n<meta property=\"og:type\" content=\"article\" \/>\n<meta property=\"og:title\" content=\"COMPRAR HARLEM PADEL EUPHORIA SOFT 2024\" \/>\n<meta property=\"og:description\" content=\"Es una pala de p\u00e1del de\u00a0forma h\u00edbrida, con un\u00a0balance medio-alto\u00a0y un agujereado distribuido con una estructura doble alineada horizontalmente. Estos factores la hacen ligera y permiten ejecutar golpes potentes, r\u00e1pidos y precisos. Est\u00e1 dise\u00f1ada para jugadores\/as de nivel medio-avanzado que requieran de una pala confiable para desplegar un estilo de juego polivalente.\" \/>\n<meta property=\"og:url\" content=\"https:\/\/revolutionpadelstore.com\/fr\/produit\/harlem-padel-euphoria-soft-4\/\" \/>\n<meta property=\"og:site_name\" content=\"Revolution Padel Store\" \/>\n<meta property=\"article:modified_time\" content=\"2025-12-30T14:42:07+00:00\" \/>\n<meta property=\"og:image\" content=\"https:\/\/revolutionpadelstore.com\/wp-content\/uploads\/2024\/04\/EUPHORIA_MORADA_1.jpg\" \/>\n\t<meta property=\"og:image:width\" content=\"800\" \/>\n\t<meta property=\"og:image:height\" content=\"800\" \/>\n\t<meta property=\"og:image:type\" content=\"image\/jpeg\" \/>\n<meta name=\"twitter:card\" content=\"summary_large_image\" \/>\n<meta name=\"twitter:label1\" content=\"Dur\u00e9e de lecture estim\u00e9e\" \/>\n\t<meta name=\"twitter:data1\" content=\"2 minutes\" \/>\n<script type=\"application\/ld+json\" class=\"yoast-schema-graph\">{\"@context\":\"https:\\\/\\\/schema.org\",\"@graph\":[{\"@type\":\"WebPage\",\"@id\":\"https:\\\/\\\/revolutionpadelstore.com\\\/fr\\\/produit\\\/harlem-padel-euphoria-soft-4\\\/\",\"url\":\"https:\\\/\\\/revolutionpadelstore.com\\\/fr\\\/produit\\\/harlem-padel-euphoria-soft-4\\\/\",\"name\":\"HARLEM PADEL EUPHORIA SOFT - Revolution Padel Store\",\"isPartOf\":{\"@id\":\"https:\\\/\\\/revolutionpadelstore.com\\\/fr\\\/#website\"},\"primaryImageOfPage\":{\"@id\":\"https:\\\/\\\/revolutionpadelstore.com\\\/fr\\\/produit\\\/harlem-padel-euphoria-soft-4\\\/#primaryimage\"},\"image\":{\"@id\":\"https:\\\/\\\/revolutionpadelstore.com\\\/fr\\\/produit\\\/harlem-padel-euphoria-soft-4\\\/#primaryimage\"},\"thumbnailUrl\":\"https:\\\/\\\/revolutionpadelstore.com\\\/wp-content\\\/uploads\\\/2024\\\/04\\\/83.png\",\"datePublished\":\"2024-04-09T07:57:49+00:00\",\"dateModified\":\"2025-12-30T14:42:07+00:00\",\"description\":\"Es una pala de p\u00e1del de\u00a0forma h\u00edbrida, con un\u00a0balance medio-alto\u00a0y un agujereado distribuido con una estructura doble alineada horizontalmente. Estos factores la hacen ligera y permiten ejecutar golpes potentes, r\u00e1pidos y precisos. Est\u00e1 dise\u00f1ada para jugadores\\\/as de nivel medio-avanzado que requieran de una pala confiable para desplegar un estilo de juego polivalente.\",\"breadcrumb\":{\"@id\":\"https:\\\/\\\/revolutionpadelstore.com\\\/fr\\\/produit\\\/harlem-padel-euphoria-soft-4\\\/#breadcrumb\"},\"inLanguage\":\"fr-FR\",\"potentialAction\":[{\"@type\":\"ReadAction\",\"target\":[\"https:\\\/\\\/revolutionpadelstore.com\\\/fr\\\/produit\\\/harlem-padel-euphoria-soft-4\\\/\"]}]},{\"@type\":\"ImageObject\",\"inLanguage\":\"fr-FR\",\"@id\":\"https:\\\/\\\/revolutionpadelstore.com\\\/fr\\\/produit\\\/harlem-padel-euphoria-soft-4\\\/#primaryimage\",\"url\":\"https:\\\/\\\/revolutionpadelstore.com\\\/wp-content\\\/uploads\\\/2024\\\/04\\\/83.png\",\"contentUrl\":\"https:\\\/\\\/revolutionpadelstore.com\\\/wp-content\\\/uploads\\\/2024\\\/04\\\/83.png\",\"width\":1500,\"height\":1500},{\"@type\":\"BreadcrumbList\",\"@id\":\"https:\\\/\\\/revolutionpadelstore.com\\\/fr\\\/produit\\\/harlem-padel-euphoria-soft-4\\\/#breadcrumb\",\"itemListElement\":[{\"@type\":\"ListItem\",\"position\":1,\"name\":\"Portada\",\"item\":\"https:\\\/\\\/revolutionpadelstore.com\\\/fr\\\/\"},{\"@type\":\"ListItem\",\"position\":2,\"name\":\"Boutique\",\"item\":\"https:\\\/\\\/revolutionpadelstore.com\\\/fr\\\/tienda\\\/\"},{\"@type\":\"ListItem\",\"position\":3,\"name\":\"HARLEM PADEL EUPHORIA SOFT\"}]},{\"@type\":\"WebSite\",\"@id\":\"https:\\\/\\\/revolutionpadelstore.com\\\/fr\\\/#website\",\"url\":\"https:\\\/\\\/revolutionpadelstore.com\\\/fr\\\/\",\"name\":\"Revolution Padel Store\",\"description\":\"\",\"publisher\":{\"@id\":\"https:\\\/\\\/revolutionpadelstore.com\\\/fr\\\/#organization\"},\"potentialAction\":[{\"@type\":\"SearchAction\",\"target\":{\"@type\":\"EntryPoint\",\"urlTemplate\":\"https:\\\/\\\/revolutionpadelstore.com\\\/fr\\\/?s={search_term_string}\"},\"query-input\":{\"@type\":\"PropertyValueSpecification\",\"valueRequired\":true,\"valueName\":\"search_term_string\"}}],\"inLanguage\":\"fr-FR\"},{\"@type\":\"Organization\",\"@id\":\"https:\\\/\\\/revolutionpadelstore.com\\\/fr\\\/#organization\",\"name\":\"Revolution Padel Store\",\"url\":\"https:\\\/\\\/revolutionpadelstore.com\\\/fr\\\/\",\"logo\":{\"@type\":\"ImageObject\",\"inLanguage\":\"fr-FR\",\"@id\":\"https:\\\/\\\/revolutionpadelstore.com\\\/fr\\\/#\\\/schema\\\/logo\\\/image\\\/\",\"url\":\"https:\\\/\\\/revolutionpadelstore.com\\\/wp-content\\\/uploads\\\/2026\\\/02\\\/revolution-padel-store.jpg\",\"contentUrl\":\"https:\\\/\\\/revolutionpadelstore.com\\\/wp-content\\\/uploads\\\/2026\\\/02\\\/revolution-padel-store.jpg\",\"width\":2000,\"height\":2000,\"caption\":\"Revolution Padel Store\"},\"image\":{\"@id\":\"https:\\\/\\\/revolutionpadelstore.com\\\/fr\\\/#\\\/schema\\\/logo\\\/image\\\/\"},\"sameAs\":[\"https:\\\/\\\/www.instagram.com\\\/revolutionpadelstore\\\/\"]}]}<\/script>\n<!-- \/ Yoast SEO plugin. -->","yoast_head_json":{"title":"HARLEM PADEL EUPHORIA SOFT - Revolution Padel Store","description":"Es una pala de p\u00e1del de\u00a0forma h\u00edbrida, con un\u00a0balance medio-alto\u00a0y un agujereado distribuido con una estructura doble alineada horizontalmente. Estos factores la hacen ligera y permiten ejecutar golpes potentes, r\u00e1pidos y precisos. Est\u00e1 dise\u00f1ada para jugadores\/as de nivel medio-avanzado que requieran de una pala confiable para desplegar un estilo de juego polivalente.","robots":{"index":"index","follow":"follow","max-snippet":"max-snippet:-1","max-image-preview":"max-image-preview:large","max-video-preview":"max-video-preview:-1"},"canonical":"https:\/\/revolutionpadelstore.com\/fr\/produit\/harlem-padel-euphoria-soft-4\/","og_locale":"fr_FR","og_type":"article","og_title":"COMPRAR HARLEM PADEL EUPHORIA SOFT 2024","og_description":"Es una pala de p\u00e1del de\u00a0forma h\u00edbrida, con un\u00a0balance medio-alto\u00a0y un agujereado distribuido con una estructura doble alineada horizontalmente. Estos factores la hacen ligera y permiten ejecutar golpes potentes, r\u00e1pidos y precisos. Est\u00e1 dise\u00f1ada para jugadores\/as de nivel medio-avanzado que requieran de una pala confiable para desplegar un estilo de juego polivalente.","og_url":"https:\/\/revolutionpadelstore.com\/fr\/produit\/harlem-padel-euphoria-soft-4\/","og_site_name":"Revolution Padel Store","article_modified_time":"2025-12-30T14:42:07+00:00","og_image":[{"width":800,"height":800,"url":"https:\/\/revolutionpadelstore.com\/wp-content\/uploads\/2024\/04\/EUPHORIA_MORADA_1.jpg","type":"image\/jpeg"}],"twitter_card":"summary_large_image","twitter_misc":{"Dur\u00e9e de lecture estim\u00e9e":"2 minutes"},"schema":{"@context":"https:\/\/schema.org","@graph":[{"@type":"WebPage","@id":"https:\/\/revolutionpadelstore.com\/fr\/produit\/harlem-padel-euphoria-soft-4\/","url":"https:\/\/revolutionpadelstore.com\/fr\/produit\/harlem-padel-euphoria-soft-4\/","name":"HARLEM PADEL EUPHORIA SOFT - Revolution Padel Store","isPartOf":{"@id":"https:\/\/revolutionpadelstore.com\/fr\/#website"},"primaryImageOfPage":{"@id":"https:\/\/revolutionpadelstore.com\/fr\/produit\/harlem-padel-euphoria-soft-4\/#primaryimage"},"image":{"@id":"https:\/\/revolutionpadelstore.com\/fr\/produit\/harlem-padel-euphoria-soft-4\/#primaryimage"},"thumbnailUrl":"https:\/\/revolutionpadelstore.com\/wp-content\/uploads\/2024\/04\/83.png","datePublished":"2024-04-09T07:57:49+00:00","dateModified":"2025-12-30T14:42:07+00:00","description":"Es una pala de p\u00e1del de\u00a0forma h\u00edbrida, con un\u00a0balance medio-alto\u00a0y un agujereado distribuido con una estructura doble alineada horizontalmente. Estos factores la hacen ligera y permiten ejecutar golpes potentes, r\u00e1pidos y precisos. Est\u00e1 dise\u00f1ada para jugadores\/as de nivel medio-avanzado que requieran de una pala confiable para desplegar un estilo de juego polivalente.","breadcrumb":{"@id":"https:\/\/revolutionpadelstore.com\/fr\/produit\/harlem-padel-euphoria-soft-4\/#breadcrumb"},"inLanguage":"fr-FR","potentialAction":[{"@type":"ReadAction","target":["https:\/\/revolutionpadelstore.com\/fr\/produit\/harlem-padel-euphoria-soft-4\/"]}]},{"@type":"ImageObject","inLanguage":"fr-FR","@id":"https:\/\/revolutionpadelstore.com\/fr\/produit\/harlem-padel-euphoria-soft-4\/#primaryimage","url":"https:\/\/revolutionpadelstore.com\/wp-content\/uploads\/2024\/04\/83.png","contentUrl":"https:\/\/revolutionpadelstore.com\/wp-content\/uploads\/2024\/04\/83.png","width":1500,"height":1500},{"@type":"BreadcrumbList","@id":"https:\/\/revolutionpadelstore.com\/fr\/produit\/harlem-padel-euphoria-soft-4\/#breadcrumb","itemListElement":[{"@type":"ListItem","position":1,"name":"Portada","item":"https:\/\/revolutionpadelstore.com\/fr\/"},{"@type":"ListItem","position":2,"name":"Boutique","item":"https:\/\/revolutionpadelstore.com\/fr\/tienda\/"},{"@type":"ListItem","position":3,"name":"HARLEM PADEL EUPHORIA SOFT"}]},{"@type":"WebSite","@id":"https:\/\/revolutionpadelstore.com\/fr\/#website","url":"https:\/\/revolutionpadelstore.com\/fr\/","name":"Revolution Padel Store","description":"","publisher":{"@id":"https:\/\/revolutionpadelstore.com\/fr\/#organization"},"potentialAction":[{"@type":"SearchAction","target":{"@type":"EntryPoint","urlTemplate":"https:\/\/revolutionpadelstore.com\/fr\/?s={search_term_string}"},"query-input":{"@type":"PropertyValueSpecification","valueRequired":true,"valueName":"search_term_string"}}],"inLanguage":"fr-FR"},{"@type":"Organization","@id":"https:\/\/revolutionpadelstore.com\/fr\/#organization","name":"Revolution Padel Store","url":"https:\/\/revolutionpadelstore.com\/fr\/","logo":{"@type":"ImageObject","inLanguage":"fr-FR","@id":"https:\/\/revolutionpadelstore.com\/fr\/#\/schema\/logo\/image\/","url":"https:\/\/revolutionpadelstore.com\/wp-content\/uploads\/2026\/02\/revolution-padel-store.jpg","contentUrl":"https:\/\/revolutionpadelstore.com\/wp-content\/uploads\/2026\/02\/revolution-padel-store.jpg","width":2000,"height":2000,"caption":"Revolution Padel Store"},"image":{"@id":"https:\/\/revolutionpadelstore.com\/fr\/#\/schema\/logo\/image\/"},"sameAs":["https:\/\/www.instagram.com\/revolutionpadelstore\/"]}]}},"_links":{"self":[{"href":"https:\/\/revolutionpadelstore.com\/fr\/wp-json\/wp\/v2\/product\/19750","targetHints":{"allow":["GET"]}}],"collection":[{"href":"https:\/\/revolutionpadelstore.com\/fr\/wp-json\/wp\/v2\/product"}],"about":[{"href":"https:\/\/revolutionpadelstore.com\/fr\/wp-json\/wp\/v2\/types\/product"}],"replies":[{"embeddable":true,"href":"https:\/\/revolutionpadelstore.com\/fr\/wp-json\/wp\/v2\/comments?post=19750"}],"wp:featuredmedia":[{"embeddable":true,"href":"https:\/\/revolutionpadelstore.com\/fr\/wp-json\/wp\/v2\/media\/161851"}],"wp:attachment":[{"href":"https:\/\/revolutionpadelstore.com\/fr\/wp-json\/wp\/v2\/media?parent=19750"}],"wp:term":[{"taxonomy":"acabado","embeddable":true,"href":"https:\/\/revolutionpadelstore.com\/fr\/wp-json\/wp\/v2\/acabado?post=19750"},{"taxonomy":"balance","embeddable":true,"href":"https:\/\/revolutionpadelstore.com\/fr\/wp-json\/wp\/v2\/balance?post=19750"},{"taxonomy":"dureza","embeddable":true,"href":"https:\/\/revolutionpadelstore.com\/fr\/wp-json\/wp\/v2\/dureza?post=19750"},{"taxonomy":"forma","embeddable":true,"href":"https:\/\/revolutionpadelstore.com\/fr\/wp-json\/wp\/v2\/forma?post=19750"},{"taxonomy":"jugador","embeddable":true,"href":"https:\/\/revolutionpadelstore.com\/fr\/wp-json\/wp\/v2\/jugador?post=19750"},{"taxonomy":"marca","embeddable":true,"href":"https:\/\/revolutionpadelstore.com\/fr\/wp-json\/wp\/v2\/marca?post=19750"},{"taxonomy":"nivel-de-juego","embeddable":true,"href":"https:\/\/revolutionpadelstore.com\/fr\/wp-json\/wp\/v2\/nivel-de-juego?post=19750"},{"taxonomy":"superficie","embeddable":true,"href":"https:\/\/revolutionpadelstore.com\/fr\/wp-json\/wp\/v2\/superficie?post=19750"},{"taxonomy":"tipo-de-juego","embeddable":true,"href":"https:\/\/revolutionpadelstore.com\/fr\/wp-json\/wp\/v2\/tipo-de-juego?post=19750"},{"taxonomy":"product_brand","embeddable":true,"href":"https:\/\/revolutionpadelstore.com\/fr\/wp-json\/wp\/v2\/product_brand?post=19750"},{"taxonomy":"product_cat","embeddable":true,"href":"https:\/\/revolutionpadelstore.com\/fr\/wp-json\/wp\/v2\/product_cat?post=19750"},{"taxonomy":"product_tag","embeddable":true,"href":"https:\/\/revolutionpadelstore.com\/fr\/wp-json\/wp\/v2\/product_tag?post=19750"}],"curies":[{"name":"wp","href":"https:\/\/api.w.org\/{rel}","templated":true}]}}