{"id":197477,"date":"2025-02-26T23:01:54","date_gmt":"2025-02-26T22:01:54","guid":{"rendered":"https:\/\/revolutionpadelstore.com\/joma-spin-lady-2502-blanco\/"},"modified":"2026-04-08T06:08:12","modified_gmt":"2026-04-08T04:08:12","slug":"joma-spin-lady-2502-blanco-3","status":"publish","type":"product","link":"https:\/\/revolutionpadelstore.com\/fr\/produit\/joma-spin-lady-2502-blanco-3\/","title":{"rendered":"JOMA SPIN LADY 2502 BLANCO"},"content":{"rendered":"<h2> <strong> Joma Spin Lady 2502 Sneakers blancs &#8211; Performance et style maximum sur la piste <\/strong> <\/h2>\n<p>Le Joma Spin Lady 2502 en blanc a \u00e9t\u00e9 con\u00e7u pour les joueurs de paddle qui recherchent l&#8217;\u00e9quilibre parfait entre le confort, la stabilit\u00e9 et le design \u00e9l\u00e9gant. Sa construction int\u00e8gre des technologies avanc\u00e9es qui garantissent un ajustement ergonomique, un amorti plus \u00e9lev\u00e9 et une respirabilit\u00e9 optimale pour garder les pieds frais pendant le jeu.<\/p>\n<p>Ce mod\u00e8le se distingue par sa l\u00e9g\u00e8ret\u00e9 et sa flexibilit\u00e9, permettant des mouvements agiles et s\u00fbrs sur la piste. De plus, sa conception vierge fournit non seulement une sophistication, mais se combine \u00e9galement avec n&#8217;importe quelle tenue sportive.<\/p>\n<h2> <strong> Caract\u00e9ristiques et technologies du Joma Spin Lady 2502 <\/strong> <\/h2>\n<p style=\"padding-left: 40px\"> &#8211; VTS (ventilation du syst\u00e8me total) -favors circulation de l&#8217;air pour garder vos pieds au sec et confortable.<br \/>\n-Flexhield-Renforcements synth\u00e9tiques sans coutures qui offrent une stabilit\u00e9 et un ajustement optimaux.<br \/>\n-La le bas du Tausor-Full-densit\u00e9 Densit\u00e9 qui absorbe les impacts et am\u00e9liore l&#8217;amortissement.<br \/>\n-Reactive Ball -Aretur d&#8217;une \u00e9nergie am\u00e9lior\u00e9e pour une plus grande impulsion dans chaque empreinte.<br \/>\n-Exo Counter -Heel Renforcement qui garantit une protection et un ajustement s\u00fbr. <\/p>\n<h2> <strong> Qui sont le Joma Spin Lady 2502?<br \/>\nCes chaussures sont con\u00e7ues pour les joueurs de pagaie \u00e0 la recherche de chaussures qui leur offrent une stabilit\u00e9, un confort et un design moderne. Ils sont id\u00e9aux pour ceux qui priorisent l&#8217;amorti et la durabilit\u00e9 sans renoncer au style sur la piste.<\/p>\n<p>Si vous cherchez des chaussures qui vous accompagnent \u00e0 chaque point de la meilleure combinaison de confort et de technologie, le Joma Spin Lady 2502 White est votre meilleur choix.<\/p>\n<h2> <strong> Pourquoi acheter le Joma Spin Lady 2502? <\/strong> <\/h2>\n<p style=\"padding-left: 40px\"> &#8211; confort et fra\u00eecheur maximum gr\u00e2ce \u00e0 son syst\u00e8me de ventilation.<br \/>\n-Ligereza et stabilit\u00e9 qui vous permettra de vous d\u00e9placer en toute s\u00e9curit\u00e9 dans chaque jeu.<br \/>\n-Cestion \u00e9l\u00e9gante et polyvalente, id\u00e9ale pour combiner avec n&#8217;importe quel \u00e9quipement.<br \/>\n-La durabilit\u00e9 avec des mat\u00e9riaux r\u00e9sistants et respirants. <\/p>\n<p>N&#8217;attendez plus et \u00e9quipez-vous du <strong> Joma Spin Lady 2502 <\/strong> pour faire de son mieux dans chaque jeu. Achetez-les maintenant dans notre boutique en ligne <a href=\"https:\/\/chatgpt.com\/g\/g-675432e026888191b6ee6d6f2fdbb15e-optimization-textos\/c\/www.revolutionpadelstore.com\"> ww.revolutionpadelstore.com <\/a>, probablement sur le prix du march\u00e9!<\/p>\n<h2><strong>Zapatillas Joma Spin Lady 2502 Blancas \u2013 M\u00e1ximo rendimiento y estilo en la pista<\/strong><\/p>\n","protected":false},"excerpt":{"rendered":"<p>Ce mod\u00e8le se distingue par son poids l\u00e9ger et sa grande flexibilit\u00e9, ce qui facilite les mouvements rapides et s\u00fbrs sur la piste. De plus, son \u00e9l\u00e9gant design blanc fournit non seulement une touche sophistiqu\u00e9e, mais s&#8217;adapte \u00e9galement facilement \u00e0 toute \u00e9quipe sportive.<\/p>\n","protected":false},"featured_media":197443,"comment_status":"open","ping_status":"closed","template":"","meta":{"_acf_changed":false,"_joinchat":[]},"acabado":[],"balance":[],"dureza":[],"forma":[],"jugador":[1197],"marca":[1227],"nivel-de-juego":[],"superficie":[],"tipo-de-juego":[],"product_brand":[],"product_cat":[830],"product_tag":[],"class_list":{"0":"post-197477","1":"product","2":"type-product","3":"status-publish","4":"has-post-thumbnail","6":"jugador-mujer-fr","7":"marca-joma-fr","8":"product_cat-baskets","10":"first","11":"outofstock","12":"sale","13":"taxable","14":"shipping-taxable","15":"purchasable","16":"product-type-variable"},"acf":[],"yoast_head":"<!-- This site is optimized with the Yoast SEO plugin v27.4 - https:\/\/yoast.com\/product\/yoast-seo-wordpress\/ -->\n<title>JOMA SPIN LADY 2502 BLANCO - Revolution Padel Store<\/title>\n<meta name=\"description\" content=\"Compra las Joma Spin Lady 2502 Blancas, unas zapatillas de p\u00e1del ligeras, transpirables y con tecnolog\u00edas avanzadas para m\u00e1ximo rendimiento. \u00a1Entra ya en Revolution Padel Store!\" \/>\n<meta name=\"robots\" content=\"index, follow, max-snippet:-1, max-image-preview:large, max-video-preview:-1\" \/>\n<link rel=\"canonical\" href=\"https:\/\/revolutionpadelstore.com\/fr\/produit\/joma-spin-lady-2502-blanco-3\/\" \/>\n<meta property=\"og:locale\" content=\"fr_FR\" \/>\n<meta property=\"og:type\" content=\"article\" \/>\n<meta property=\"og:title\" content=\"JOMA SPIN LADY 2502 BLANCO - Revolution Padel Store\" \/>\n<meta property=\"og:description\" content=\"Compra las Joma Spin Lady 2502 Blancas, unas zapatillas de p\u00e1del ligeras, transpirables y con tecnolog\u00edas avanzadas para m\u00e1ximo rendimiento. \u00a1Entra ya en Revolution Padel Store!\" \/>\n<meta property=\"og:url\" content=\"https:\/\/revolutionpadelstore.com\/fr\/produit\/joma-spin-lady-2502-blanco-3\/\" \/>\n<meta property=\"og:site_name\" content=\"Revolution Padel Store\" \/>\n<meta property=\"article:modified_time\" content=\"2026-04-08T04:08:12+00:00\" \/>\n<meta property=\"og:image\" content=\"https:\/\/revolutionpadelstore.com\/wp-content\/uploads\/2025\/02\/136.png\" \/>\n\t<meta property=\"og:image:width\" content=\"1500\" \/>\n\t<meta property=\"og:image:height\" content=\"1500\" \/>\n\t<meta property=\"og:image:type\" content=\"image\/png\" \/>\n<meta name=\"twitter:card\" content=\"summary_large_image\" \/>\n<meta name=\"twitter:label1\" content=\"Dur\u00e9e de lecture estim\u00e9e\" \/>\n\t<meta name=\"twitter:data1\" content=\"2 minutes\" \/>\n<script type=\"application\/ld+json\" class=\"yoast-schema-graph\">{\"@context\":\"https:\\\/\\\/schema.org\",\"@graph\":[{\"@type\":\"WebPage\",\"@id\":\"https:\\\/\\\/revolutionpadelstore.com\\\/fr\\\/produit\\\/joma-spin-lady-2502-blanco-3\\\/\",\"url\":\"https:\\\/\\\/revolutionpadelstore.com\\\/fr\\\/produit\\\/joma-spin-lady-2502-blanco-3\\\/\",\"name\":\"JOMA SPIN LADY 2502 BLANCO - Revolution Padel Store\",\"isPartOf\":{\"@id\":\"https:\\\/\\\/revolutionpadelstore.com\\\/fr\\\/#website\"},\"primaryImageOfPage\":{\"@id\":\"https:\\\/\\\/revolutionpadelstore.com\\\/fr\\\/produit\\\/joma-spin-lady-2502-blanco-3\\\/#primaryimage\"},\"image\":{\"@id\":\"https:\\\/\\\/revolutionpadelstore.com\\\/fr\\\/produit\\\/joma-spin-lady-2502-blanco-3\\\/#primaryimage\"},\"thumbnailUrl\":\"https:\\\/\\\/revolutionpadelstore.com\\\/wp-content\\\/uploads\\\/2025\\\/02\\\/136.png\",\"datePublished\":\"2025-02-26T22:01:54+00:00\",\"dateModified\":\"2026-04-08T04:08:12+00:00\",\"description\":\"Compra las Joma Spin Lady 2502 Blancas, unas zapatillas de p\u00e1del ligeras, transpirables y con tecnolog\u00edas avanzadas para m\u00e1ximo rendimiento. \u00a1Entra ya en Revolution Padel Store!\",\"breadcrumb\":{\"@id\":\"https:\\\/\\\/revolutionpadelstore.com\\\/fr\\\/produit\\\/joma-spin-lady-2502-blanco-3\\\/#breadcrumb\"},\"inLanguage\":\"fr-FR\",\"potentialAction\":[{\"@type\":\"ReadAction\",\"target\":[\"https:\\\/\\\/revolutionpadelstore.com\\\/fr\\\/produit\\\/joma-spin-lady-2502-blanco-3\\\/\"]}]},{\"@type\":\"ImageObject\",\"inLanguage\":\"fr-FR\",\"@id\":\"https:\\\/\\\/revolutionpadelstore.com\\\/fr\\\/produit\\\/joma-spin-lady-2502-blanco-3\\\/#primaryimage\",\"url\":\"https:\\\/\\\/revolutionpadelstore.com\\\/wp-content\\\/uploads\\\/2025\\\/02\\\/136.png\",\"contentUrl\":\"https:\\\/\\\/revolutionpadelstore.com\\\/wp-content\\\/uploads\\\/2025\\\/02\\\/136.png\",\"width\":1500,\"height\":1500},{\"@type\":\"BreadcrumbList\",\"@id\":\"https:\\\/\\\/revolutionpadelstore.com\\\/fr\\\/produit\\\/joma-spin-lady-2502-blanco-3\\\/#breadcrumb\",\"itemListElement\":[{\"@type\":\"ListItem\",\"position\":1,\"name\":\"Portada\",\"item\":\"https:\\\/\\\/revolutionpadelstore.com\\\/fr\\\/\"},{\"@type\":\"ListItem\",\"position\":2,\"name\":\"Boutique\",\"item\":\"https:\\\/\\\/revolutionpadelstore.com\\\/fr\\\/tienda\\\/\"},{\"@type\":\"ListItem\",\"position\":3,\"name\":\"JOMA SPIN LADY 2502 BLANCO\"}]},{\"@type\":\"WebSite\",\"@id\":\"https:\\\/\\\/revolutionpadelstore.com\\\/fr\\\/#website\",\"url\":\"https:\\\/\\\/revolutionpadelstore.com\\\/fr\\\/\",\"name\":\"Revolution Padel Store\",\"description\":\"\",\"publisher\":{\"@id\":\"https:\\\/\\\/revolutionpadelstore.com\\\/fr\\\/#organization\"},\"potentialAction\":[{\"@type\":\"SearchAction\",\"target\":{\"@type\":\"EntryPoint\",\"urlTemplate\":\"https:\\\/\\\/revolutionpadelstore.com\\\/fr\\\/?s={search_term_string}\"},\"query-input\":{\"@type\":\"PropertyValueSpecification\",\"valueRequired\":true,\"valueName\":\"search_term_string\"}}],\"inLanguage\":\"fr-FR\"},{\"@type\":\"Organization\",\"@id\":\"https:\\\/\\\/revolutionpadelstore.com\\\/fr\\\/#organization\",\"name\":\"Revolution Padel Store\",\"url\":\"https:\\\/\\\/revolutionpadelstore.com\\\/fr\\\/\",\"logo\":{\"@type\":\"ImageObject\",\"inLanguage\":\"fr-FR\",\"@id\":\"https:\\\/\\\/revolutionpadelstore.com\\\/fr\\\/#\\\/schema\\\/logo\\\/image\\\/\",\"url\":\"https:\\\/\\\/revolutionpadelstore.com\\\/wp-content\\\/uploads\\\/2026\\\/02\\\/revolution-padel-store.jpg\",\"contentUrl\":\"https:\\\/\\\/revolutionpadelstore.com\\\/wp-content\\\/uploads\\\/2026\\\/02\\\/revolution-padel-store.jpg\",\"width\":2000,\"height\":2000,\"caption\":\"Revolution Padel Store\"},\"image\":{\"@id\":\"https:\\\/\\\/revolutionpadelstore.com\\\/fr\\\/#\\\/schema\\\/logo\\\/image\\\/\"},\"sameAs\":[\"https:\\\/\\\/www.instagram.com\\\/revolutionpadelstore\\\/\"]}]}<\/script>\n<!-- \/ Yoast SEO plugin. -->","yoast_head_json":{"title":"JOMA SPIN LADY 2502 BLANCO - Revolution Padel Store","description":"Compra las Joma Spin Lady 2502 Blancas, unas zapatillas de p\u00e1del ligeras, transpirables y con tecnolog\u00edas avanzadas para m\u00e1ximo rendimiento. \u00a1Entra ya en Revolution Padel Store!","robots":{"index":"index","follow":"follow","max-snippet":"max-snippet:-1","max-image-preview":"max-image-preview:large","max-video-preview":"max-video-preview:-1"},"canonical":"https:\/\/revolutionpadelstore.com\/fr\/produit\/joma-spin-lady-2502-blanco-3\/","og_locale":"fr_FR","og_type":"article","og_title":"JOMA SPIN LADY 2502 BLANCO - Revolution Padel Store","og_description":"Compra las Joma Spin Lady 2502 Blancas, unas zapatillas de p\u00e1del ligeras, transpirables y con tecnolog\u00edas avanzadas para m\u00e1ximo rendimiento. \u00a1Entra ya en Revolution Padel Store!","og_url":"https:\/\/revolutionpadelstore.com\/fr\/produit\/joma-spin-lady-2502-blanco-3\/","og_site_name":"Revolution Padel Store","article_modified_time":"2026-04-08T04:08:12+00:00","og_image":[{"width":1500,"height":1500,"url":"https:\/\/revolutionpadelstore.com\/wp-content\/uploads\/2025\/02\/136.png","type":"image\/png"}],"twitter_card":"summary_large_image","twitter_misc":{"Dur\u00e9e de lecture estim\u00e9e":"2 minutes"},"schema":{"@context":"https:\/\/schema.org","@graph":[{"@type":"WebPage","@id":"https:\/\/revolutionpadelstore.com\/fr\/produit\/joma-spin-lady-2502-blanco-3\/","url":"https:\/\/revolutionpadelstore.com\/fr\/produit\/joma-spin-lady-2502-blanco-3\/","name":"JOMA SPIN LADY 2502 BLANCO - Revolution Padel Store","isPartOf":{"@id":"https:\/\/revolutionpadelstore.com\/fr\/#website"},"primaryImageOfPage":{"@id":"https:\/\/revolutionpadelstore.com\/fr\/produit\/joma-spin-lady-2502-blanco-3\/#primaryimage"},"image":{"@id":"https:\/\/revolutionpadelstore.com\/fr\/produit\/joma-spin-lady-2502-blanco-3\/#primaryimage"},"thumbnailUrl":"https:\/\/revolutionpadelstore.com\/wp-content\/uploads\/2025\/02\/136.png","datePublished":"2025-02-26T22:01:54+00:00","dateModified":"2026-04-08T04:08:12+00:00","description":"Compra las Joma Spin Lady 2502 Blancas, unas zapatillas de p\u00e1del ligeras, transpirables y con tecnolog\u00edas avanzadas para m\u00e1ximo rendimiento. \u00a1Entra ya en Revolution Padel Store!","breadcrumb":{"@id":"https:\/\/revolutionpadelstore.com\/fr\/produit\/joma-spin-lady-2502-blanco-3\/#breadcrumb"},"inLanguage":"fr-FR","potentialAction":[{"@type":"ReadAction","target":["https:\/\/revolutionpadelstore.com\/fr\/produit\/joma-spin-lady-2502-blanco-3\/"]}]},{"@type":"ImageObject","inLanguage":"fr-FR","@id":"https:\/\/revolutionpadelstore.com\/fr\/produit\/joma-spin-lady-2502-blanco-3\/#primaryimage","url":"https:\/\/revolutionpadelstore.com\/wp-content\/uploads\/2025\/02\/136.png","contentUrl":"https:\/\/revolutionpadelstore.com\/wp-content\/uploads\/2025\/02\/136.png","width":1500,"height":1500},{"@type":"BreadcrumbList","@id":"https:\/\/revolutionpadelstore.com\/fr\/produit\/joma-spin-lady-2502-blanco-3\/#breadcrumb","itemListElement":[{"@type":"ListItem","position":1,"name":"Portada","item":"https:\/\/revolutionpadelstore.com\/fr\/"},{"@type":"ListItem","position":2,"name":"Boutique","item":"https:\/\/revolutionpadelstore.com\/fr\/tienda\/"},{"@type":"ListItem","position":3,"name":"JOMA SPIN LADY 2502 BLANCO"}]},{"@type":"WebSite","@id":"https:\/\/revolutionpadelstore.com\/fr\/#website","url":"https:\/\/revolutionpadelstore.com\/fr\/","name":"Revolution Padel Store","description":"","publisher":{"@id":"https:\/\/revolutionpadelstore.com\/fr\/#organization"},"potentialAction":[{"@type":"SearchAction","target":{"@type":"EntryPoint","urlTemplate":"https:\/\/revolutionpadelstore.com\/fr\/?s={search_term_string}"},"query-input":{"@type":"PropertyValueSpecification","valueRequired":true,"valueName":"search_term_string"}}],"inLanguage":"fr-FR"},{"@type":"Organization","@id":"https:\/\/revolutionpadelstore.com\/fr\/#organization","name":"Revolution Padel Store","url":"https:\/\/revolutionpadelstore.com\/fr\/","logo":{"@type":"ImageObject","inLanguage":"fr-FR","@id":"https:\/\/revolutionpadelstore.com\/fr\/#\/schema\/logo\/image\/","url":"https:\/\/revolutionpadelstore.com\/wp-content\/uploads\/2026\/02\/revolution-padel-store.jpg","contentUrl":"https:\/\/revolutionpadelstore.com\/wp-content\/uploads\/2026\/02\/revolution-padel-store.jpg","width":2000,"height":2000,"caption":"Revolution Padel Store"},"image":{"@id":"https:\/\/revolutionpadelstore.com\/fr\/#\/schema\/logo\/image\/"},"sameAs":["https:\/\/www.instagram.com\/revolutionpadelstore\/"]}]}},"_links":{"self":[{"href":"https:\/\/revolutionpadelstore.com\/fr\/wp-json\/wp\/v2\/product\/197477","targetHints":{"allow":["GET"]}}],"collection":[{"href":"https:\/\/revolutionpadelstore.com\/fr\/wp-json\/wp\/v2\/product"}],"about":[{"href":"https:\/\/revolutionpadelstore.com\/fr\/wp-json\/wp\/v2\/types\/product"}],"replies":[{"embeddable":true,"href":"https:\/\/revolutionpadelstore.com\/fr\/wp-json\/wp\/v2\/comments?post=197477"}],"wp:featuredmedia":[{"embeddable":true,"href":"https:\/\/revolutionpadelstore.com\/fr\/wp-json\/wp\/v2\/media\/197443"}],"wp:attachment":[{"href":"https:\/\/revolutionpadelstore.com\/fr\/wp-json\/wp\/v2\/media?parent=197477"}],"wp:term":[{"taxonomy":"acabado","embeddable":true,"href":"https:\/\/revolutionpadelstore.com\/fr\/wp-json\/wp\/v2\/acabado?post=197477"},{"taxonomy":"balance","embeddable":true,"href":"https:\/\/revolutionpadelstore.com\/fr\/wp-json\/wp\/v2\/balance?post=197477"},{"taxonomy":"dureza","embeddable":true,"href":"https:\/\/revolutionpadelstore.com\/fr\/wp-json\/wp\/v2\/dureza?post=197477"},{"taxonomy":"forma","embeddable":true,"href":"https:\/\/revolutionpadelstore.com\/fr\/wp-json\/wp\/v2\/forma?post=197477"},{"taxonomy":"jugador","embeddable":true,"href":"https:\/\/revolutionpadelstore.com\/fr\/wp-json\/wp\/v2\/jugador?post=197477"},{"taxonomy":"marca","embeddable":true,"href":"https:\/\/revolutionpadelstore.com\/fr\/wp-json\/wp\/v2\/marca?post=197477"},{"taxonomy":"nivel-de-juego","embeddable":true,"href":"https:\/\/revolutionpadelstore.com\/fr\/wp-json\/wp\/v2\/nivel-de-juego?post=197477"},{"taxonomy":"superficie","embeddable":true,"href":"https:\/\/revolutionpadelstore.com\/fr\/wp-json\/wp\/v2\/superficie?post=197477"},{"taxonomy":"tipo-de-juego","embeddable":true,"href":"https:\/\/revolutionpadelstore.com\/fr\/wp-json\/wp\/v2\/tipo-de-juego?post=197477"},{"taxonomy":"product_brand","embeddable":true,"href":"https:\/\/revolutionpadelstore.com\/fr\/wp-json\/wp\/v2\/product_brand?post=197477"},{"taxonomy":"product_cat","embeddable":true,"href":"https:\/\/revolutionpadelstore.com\/fr\/wp-json\/wp\/v2\/product_cat?post=197477"},{"taxonomy":"product_tag","embeddable":true,"href":"https:\/\/revolutionpadelstore.com\/fr\/wp-json\/wp\/v2\/product_tag?post=197477"}],"curies":[{"name":"wp","href":"https:\/\/api.w.org\/{rel}","templated":true}]}}