{"id":19740,"date":"2024-04-09T10:19:51","date_gmt":"2024-04-09T08:19:51","guid":{"rendered":"https:\/\/revolutionpadelstore.com\/harlem-padel-helix-soft-2024\/"},"modified":"2026-04-08T14:28:45","modified_gmt":"2026-04-08T12:28:45","slug":"harlem-padel-helix-soft-3","status":"publish","type":"product","link":"https:\/\/revolutionpadelstore.com\/fr\/produit\/harlem-padel-helix-soft-3\/","title":{"rendered":"HARLEM PADEL HELIX SOFT"},"content":{"rendered":"<p>Le mod\u00e8le<strong>HELIX SOFT 2024 fait partie des mod\u00e8les de la nouvelle gamme Harlem Padel.<\/p>\n<p>Il s&#8217;agit d&#8217;une raquette de forme hybride qui pr\u00e9sente un \u00e9quilibre moyen et un sweet spot tr\u00e8s \u00e9tendu. Cela lui donne de la maniabilit\u00e9 et facilite une combinaison de puissance et de contr\u00f4le lors de la frappe.<\/p>\n<p>C&#8217;est une raquette id\u00e9ale pour les femmes et les hommes qui jouent au padel \u00e0 un niveau moyen-avanc\u00e9 et qui ont besoin d&#8217;une raquette l\u00e9g\u00e8re et polyvalente sur le terrain.<\/p>\n<p>\u00c0 l&#8217;int\u00e9rieur de la raquette, nous avons un noyau en caoutchouc EVA NOIR lamin\u00e9 de diff\u00e9rentes densit\u00e9s qui inclut la technologie <strong>High Recovery<\/strong>, favorisant une r\u00e9cup\u00e9ration rapide et facilitant des frappes tr\u00e8s \u00e9lev\u00e9es. Ce mod\u00e8le nous procure un toucher moyennement doux dans nos sensations de jeu. Le mod\u00e8le HELIX PRO 2024 combine contr\u00f4le et puissance \u00e0 parts \u00e9gales.<\/p>\n<p>Le cadre tubulaire est compos\u00e9 \u00e0 100% de carbone pour garantir une grande durabilit\u00e9 et une excellente r\u00e9sistance \u00e0 l&#8217;usure typique du jeu.<\/p>\n<p>Les avions sont fabriqu\u00e9s en <strong>fibre de verre ULTIMATE PRO<\/strong>, derni\u00e8re g\u00e9n\u00e9ration avec une finition rugueuse. Cela favorise l&#8217;ex\u00e9cution d&#8217;effets solides et d&#8217;une grande pr\u00e9cision.<\/p>\n<p>Comme dans le reste de cette nouvelle collection, le plus innovant est le triple pont d&#8217;un moule fabriqu\u00e9 avec les derni\u00e8res technologies, ce qui permet \u00e0 la raquette d&#8217;augmenter son rendement de balle et son grand contr\u00f4le \u00e0 chaque coup.<\/p>\n<p>La finition de la lame int\u00e8gre dans les deux plans le &#8220;H&#8221; stylis\u00e9 typique de Harlem avec une tr\u00e8s grande taille en <strong>couleurs \u00e0 effet brillant, peintures m\u00e9tallis\u00e9es et texture rugueuse<\/strong>.<\/p>\n","protected":false},"excerpt":{"rendered":"<p>C&#8217;est une raquette de padel avec une <strong> forme hybride<\/strong> qui pr\u00e9sente un <strong> \u00e9quilibre moyen et un sweet spot tr\u00e8s \u00e9tendu<\/strong>. Cela lui donne de la maniabilit\u00e9 et facilite une combinaison de puissance et de contr\u00f4le lors de la frappe.<\/p>\n<p>C&#8217;est une raquette id\u00e9ale pour les femmes et les hommes qui jouent au padel \u00e0 un niveau moyen-avanc\u00e9 et qui ont besoin d&#8217;une raquette l\u00e9g\u00e8re et polyvalente sur le terrain.<\/p>\n","protected":false},"featured_media":161863,"comment_status":"open","ping_status":"closed","template":"","meta":{"_acf_changed":false,"_joinchat":[]},"acabado":[1082,1092],"balance":[1137,1142],"dureza":[1157],"forma":[1177],"jugador":[1197],"marca":[1237],"nivel-de-juego":[1352],"superficie":[1362],"tipo-de-juego":[1372,1387],"product_brand":[],"product_cat":[302],"product_tag":[],"class_list":{"0":"post-19740","1":"product","2":"type-product","3":"status-publish","4":"has-post-thumbnail","6":"acabado-luminosite","7":"acabado-soulager-la-3d","8":"balance-eleve","9":"balance-moyen","10":"dureza-media-fr","11":"forma-hybride","12":"jugador-mujer-fr","13":"marca-harlem-padel-fr","14":"superficie-rugosa-fr","15":"tipo-de-juego-control-fr","16":"tipo-de-juego-polivalente-fr","17":"product_cat-palas-de-padel-fr","19":"first","20":"onbackorder","21":"sale","22":"taxable","23":"shipping-taxable","24":"purchasable","25":"product-type-simple"},"acf":[],"yoast_head":"<!-- This site is optimized with the Yoast SEO plugin v27.4 - https:\/\/yoast.com\/product\/yoast-seo-wordpress\/ -->\n<title>HARLEM PADEL HELIX SOFT - Revolution Padel Store<\/title>\n<meta name=\"description\" content=\"Es una pala de p\u00e1del de\u00a0forma h\u00edbrida\u00a0que ostenta un\u00a0balance medio y un punto dulce muy extendido. Esto le da maniobrabilidad y facilita una combinaci\u00f3n de potencia y control en los golpes. Es una pala ideal tanto para mujeres como para hombres que juegan al p\u00e1del en un nivel medio-avanzado y requieren una pala liviana que aporte versatilidad sobre la pista.\" \/>\n<meta name=\"robots\" content=\"index, follow, max-snippet:-1, max-image-preview:large, max-video-preview:-1\" \/>\n<link rel=\"canonical\" href=\"https:\/\/revolutionpadelstore.com\/fr\/produit\/harlem-padel-helix-soft-3\/\" \/>\n<meta property=\"og:locale\" content=\"fr_FR\" \/>\n<meta property=\"og:type\" content=\"article\" \/>\n<meta property=\"og:title\" content=\"COMPRAR HARLEM PADEL HELIX SOFT 2024\" \/>\n<meta property=\"og:description\" content=\"Es una pala de p\u00e1del de\u00a0forma h\u00edbrida\u00a0que ostenta un\u00a0balance medio y un punto dulce muy extendido. Esto le da maniobrabilidad y facilita una combinaci\u00f3n de potencia y control en los golpes. Es una pala ideal tanto para mujeres como para hombres que juegan al p\u00e1del en un nivel medio-avanzado y requieren una pala liviana que aporte versatilidad sobre la pista.\" \/>\n<meta property=\"og:url\" content=\"https:\/\/revolutionpadelstore.com\/fr\/produit\/harlem-padel-helix-soft-3\/\" \/>\n<meta property=\"og:site_name\" content=\"Revolution Padel Store\" \/>\n<meta property=\"article:modified_time\" content=\"2026-04-08T12:28:45+00:00\" \/>\n<meta property=\"og:image\" content=\"https:\/\/revolutionpadelstore.com\/wp-content\/uploads\/2024\/04\/HELIX_ROSA_1.jpg\" \/>\n\t<meta property=\"og:image:width\" content=\"800\" \/>\n\t<meta property=\"og:image:height\" content=\"800\" \/>\n\t<meta property=\"og:image:type\" content=\"image\/jpeg\" \/>\n<meta name=\"twitter:card\" content=\"summary_large_image\" \/>\n<meta name=\"twitter:label1\" content=\"Dur\u00e9e de lecture estim\u00e9e\" \/>\n\t<meta name=\"twitter:data1\" content=\"2 minutes\" \/>\n<script type=\"application\/ld+json\" class=\"yoast-schema-graph\">{\"@context\":\"https:\\\/\\\/schema.org\",\"@graph\":[{\"@type\":\"WebPage\",\"@id\":\"https:\\\/\\\/revolutionpadelstore.com\\\/fr\\\/produit\\\/harlem-padel-helix-soft-3\\\/\",\"url\":\"https:\\\/\\\/revolutionpadelstore.com\\\/fr\\\/produit\\\/harlem-padel-helix-soft-3\\\/\",\"name\":\"HARLEM PADEL HELIX SOFT - Revolution Padel Store\",\"isPartOf\":{\"@id\":\"https:\\\/\\\/revolutionpadelstore.com\\\/fr\\\/#website\"},\"primaryImageOfPage\":{\"@id\":\"https:\\\/\\\/revolutionpadelstore.com\\\/fr\\\/produit\\\/harlem-padel-helix-soft-3\\\/#primaryimage\"},\"image\":{\"@id\":\"https:\\\/\\\/revolutionpadelstore.com\\\/fr\\\/produit\\\/harlem-padel-helix-soft-3\\\/#primaryimage\"},\"thumbnailUrl\":\"https:\\\/\\\/revolutionpadelstore.com\\\/wp-content\\\/uploads\\\/2024\\\/04\\\/85.png\",\"datePublished\":\"2024-04-09T08:19:51+00:00\",\"dateModified\":\"2026-04-08T12:28:45+00:00\",\"description\":\"Es una pala de p\u00e1del de\u00a0forma h\u00edbrida\u00a0que ostenta un\u00a0balance medio y un punto dulce muy extendido. Esto le da maniobrabilidad y facilita una combinaci\u00f3n de potencia y control en los golpes. Es una pala ideal tanto para mujeres como para hombres que juegan al p\u00e1del en un nivel medio-avanzado y requieren una pala liviana que aporte versatilidad sobre la pista.\",\"breadcrumb\":{\"@id\":\"https:\\\/\\\/revolutionpadelstore.com\\\/fr\\\/produit\\\/harlem-padel-helix-soft-3\\\/#breadcrumb\"},\"inLanguage\":\"fr-FR\",\"potentialAction\":[{\"@type\":\"ReadAction\",\"target\":[\"https:\\\/\\\/revolutionpadelstore.com\\\/fr\\\/produit\\\/harlem-padel-helix-soft-3\\\/\"]}]},{\"@type\":\"ImageObject\",\"inLanguage\":\"fr-FR\",\"@id\":\"https:\\\/\\\/revolutionpadelstore.com\\\/fr\\\/produit\\\/harlem-padel-helix-soft-3\\\/#primaryimage\",\"url\":\"https:\\\/\\\/revolutionpadelstore.com\\\/wp-content\\\/uploads\\\/2024\\\/04\\\/85.png\",\"contentUrl\":\"https:\\\/\\\/revolutionpadelstore.com\\\/wp-content\\\/uploads\\\/2024\\\/04\\\/85.png\",\"width\":1500,\"height\":1500},{\"@type\":\"BreadcrumbList\",\"@id\":\"https:\\\/\\\/revolutionpadelstore.com\\\/fr\\\/produit\\\/harlem-padel-helix-soft-3\\\/#breadcrumb\",\"itemListElement\":[{\"@type\":\"ListItem\",\"position\":1,\"name\":\"Portada\",\"item\":\"https:\\\/\\\/revolutionpadelstore.com\\\/fr\\\/\"},{\"@type\":\"ListItem\",\"position\":2,\"name\":\"Boutique\",\"item\":\"https:\\\/\\\/revolutionpadelstore.com\\\/fr\\\/tienda\\\/\"},{\"@type\":\"ListItem\",\"position\":3,\"name\":\"HARLEM PADEL HELIX SOFT\"}]},{\"@type\":\"WebSite\",\"@id\":\"https:\\\/\\\/revolutionpadelstore.com\\\/fr\\\/#website\",\"url\":\"https:\\\/\\\/revolutionpadelstore.com\\\/fr\\\/\",\"name\":\"Revolution Padel Store\",\"description\":\"\",\"publisher\":{\"@id\":\"https:\\\/\\\/revolutionpadelstore.com\\\/fr\\\/#organization\"},\"potentialAction\":[{\"@type\":\"SearchAction\",\"target\":{\"@type\":\"EntryPoint\",\"urlTemplate\":\"https:\\\/\\\/revolutionpadelstore.com\\\/fr\\\/?s={search_term_string}\"},\"query-input\":{\"@type\":\"PropertyValueSpecification\",\"valueRequired\":true,\"valueName\":\"search_term_string\"}}],\"inLanguage\":\"fr-FR\"},{\"@type\":\"Organization\",\"@id\":\"https:\\\/\\\/revolutionpadelstore.com\\\/fr\\\/#organization\",\"name\":\"Revolution Padel Store\",\"url\":\"https:\\\/\\\/revolutionpadelstore.com\\\/fr\\\/\",\"logo\":{\"@type\":\"ImageObject\",\"inLanguage\":\"fr-FR\",\"@id\":\"https:\\\/\\\/revolutionpadelstore.com\\\/fr\\\/#\\\/schema\\\/logo\\\/image\\\/\",\"url\":\"https:\\\/\\\/revolutionpadelstore.com\\\/wp-content\\\/uploads\\\/2026\\\/02\\\/revolution-padel-store.jpg\",\"contentUrl\":\"https:\\\/\\\/revolutionpadelstore.com\\\/wp-content\\\/uploads\\\/2026\\\/02\\\/revolution-padel-store.jpg\",\"width\":2000,\"height\":2000,\"caption\":\"Revolution Padel Store\"},\"image\":{\"@id\":\"https:\\\/\\\/revolutionpadelstore.com\\\/fr\\\/#\\\/schema\\\/logo\\\/image\\\/\"},\"sameAs\":[\"https:\\\/\\\/www.instagram.com\\\/revolutionpadelstore\\\/\"]}]}<\/script>\n<!-- \/ Yoast SEO plugin. -->","yoast_head_json":{"title":"HARLEM PADEL HELIX SOFT - Revolution Padel Store","description":"Es una pala de p\u00e1del de\u00a0forma h\u00edbrida\u00a0que ostenta un\u00a0balance medio y un punto dulce muy extendido. Esto le da maniobrabilidad y facilita una combinaci\u00f3n de potencia y control en los golpes. Es una pala ideal tanto para mujeres como para hombres que juegan al p\u00e1del en un nivel medio-avanzado y requieren una pala liviana que aporte versatilidad sobre la pista.","robots":{"index":"index","follow":"follow","max-snippet":"max-snippet:-1","max-image-preview":"max-image-preview:large","max-video-preview":"max-video-preview:-1"},"canonical":"https:\/\/revolutionpadelstore.com\/fr\/produit\/harlem-padel-helix-soft-3\/","og_locale":"fr_FR","og_type":"article","og_title":"COMPRAR HARLEM PADEL HELIX SOFT 2024","og_description":"Es una pala de p\u00e1del de\u00a0forma h\u00edbrida\u00a0que ostenta un\u00a0balance medio y un punto dulce muy extendido. Esto le da maniobrabilidad y facilita una combinaci\u00f3n de potencia y control en los golpes. Es una pala ideal tanto para mujeres como para hombres que juegan al p\u00e1del en un nivel medio-avanzado y requieren una pala liviana que aporte versatilidad sobre la pista.","og_url":"https:\/\/revolutionpadelstore.com\/fr\/produit\/harlem-padel-helix-soft-3\/","og_site_name":"Revolution Padel Store","article_modified_time":"2026-04-08T12:28:45+00:00","og_image":[{"width":800,"height":800,"url":"https:\/\/revolutionpadelstore.com\/wp-content\/uploads\/2024\/04\/HELIX_ROSA_1.jpg","type":"image\/jpeg"}],"twitter_card":"summary_large_image","twitter_misc":{"Dur\u00e9e de lecture estim\u00e9e":"2 minutes"},"schema":{"@context":"https:\/\/schema.org","@graph":[{"@type":"WebPage","@id":"https:\/\/revolutionpadelstore.com\/fr\/produit\/harlem-padel-helix-soft-3\/","url":"https:\/\/revolutionpadelstore.com\/fr\/produit\/harlem-padel-helix-soft-3\/","name":"HARLEM PADEL HELIX SOFT - Revolution Padel Store","isPartOf":{"@id":"https:\/\/revolutionpadelstore.com\/fr\/#website"},"primaryImageOfPage":{"@id":"https:\/\/revolutionpadelstore.com\/fr\/produit\/harlem-padel-helix-soft-3\/#primaryimage"},"image":{"@id":"https:\/\/revolutionpadelstore.com\/fr\/produit\/harlem-padel-helix-soft-3\/#primaryimage"},"thumbnailUrl":"https:\/\/revolutionpadelstore.com\/wp-content\/uploads\/2024\/04\/85.png","datePublished":"2024-04-09T08:19:51+00:00","dateModified":"2026-04-08T12:28:45+00:00","description":"Es una pala de p\u00e1del de\u00a0forma h\u00edbrida\u00a0que ostenta un\u00a0balance medio y un punto dulce muy extendido. Esto le da maniobrabilidad y facilita una combinaci\u00f3n de potencia y control en los golpes. Es una pala ideal tanto para mujeres como para hombres que juegan al p\u00e1del en un nivel medio-avanzado y requieren una pala liviana que aporte versatilidad sobre la pista.","breadcrumb":{"@id":"https:\/\/revolutionpadelstore.com\/fr\/produit\/harlem-padel-helix-soft-3\/#breadcrumb"},"inLanguage":"fr-FR","potentialAction":[{"@type":"ReadAction","target":["https:\/\/revolutionpadelstore.com\/fr\/produit\/harlem-padel-helix-soft-3\/"]}]},{"@type":"ImageObject","inLanguage":"fr-FR","@id":"https:\/\/revolutionpadelstore.com\/fr\/produit\/harlem-padel-helix-soft-3\/#primaryimage","url":"https:\/\/revolutionpadelstore.com\/wp-content\/uploads\/2024\/04\/85.png","contentUrl":"https:\/\/revolutionpadelstore.com\/wp-content\/uploads\/2024\/04\/85.png","width":1500,"height":1500},{"@type":"BreadcrumbList","@id":"https:\/\/revolutionpadelstore.com\/fr\/produit\/harlem-padel-helix-soft-3\/#breadcrumb","itemListElement":[{"@type":"ListItem","position":1,"name":"Portada","item":"https:\/\/revolutionpadelstore.com\/fr\/"},{"@type":"ListItem","position":2,"name":"Boutique","item":"https:\/\/revolutionpadelstore.com\/fr\/tienda\/"},{"@type":"ListItem","position":3,"name":"HARLEM PADEL HELIX SOFT"}]},{"@type":"WebSite","@id":"https:\/\/revolutionpadelstore.com\/fr\/#website","url":"https:\/\/revolutionpadelstore.com\/fr\/","name":"Revolution Padel Store","description":"","publisher":{"@id":"https:\/\/revolutionpadelstore.com\/fr\/#organization"},"potentialAction":[{"@type":"SearchAction","target":{"@type":"EntryPoint","urlTemplate":"https:\/\/revolutionpadelstore.com\/fr\/?s={search_term_string}"},"query-input":{"@type":"PropertyValueSpecification","valueRequired":true,"valueName":"search_term_string"}}],"inLanguage":"fr-FR"},{"@type":"Organization","@id":"https:\/\/revolutionpadelstore.com\/fr\/#organization","name":"Revolution Padel Store","url":"https:\/\/revolutionpadelstore.com\/fr\/","logo":{"@type":"ImageObject","inLanguage":"fr-FR","@id":"https:\/\/revolutionpadelstore.com\/fr\/#\/schema\/logo\/image\/","url":"https:\/\/revolutionpadelstore.com\/wp-content\/uploads\/2026\/02\/revolution-padel-store.jpg","contentUrl":"https:\/\/revolutionpadelstore.com\/wp-content\/uploads\/2026\/02\/revolution-padel-store.jpg","width":2000,"height":2000,"caption":"Revolution Padel Store"},"image":{"@id":"https:\/\/revolutionpadelstore.com\/fr\/#\/schema\/logo\/image\/"},"sameAs":["https:\/\/www.instagram.com\/revolutionpadelstore\/"]}]}},"_links":{"self":[{"href":"https:\/\/revolutionpadelstore.com\/fr\/wp-json\/wp\/v2\/product\/19740","targetHints":{"allow":["GET"]}}],"collection":[{"href":"https:\/\/revolutionpadelstore.com\/fr\/wp-json\/wp\/v2\/product"}],"about":[{"href":"https:\/\/revolutionpadelstore.com\/fr\/wp-json\/wp\/v2\/types\/product"}],"replies":[{"embeddable":true,"href":"https:\/\/revolutionpadelstore.com\/fr\/wp-json\/wp\/v2\/comments?post=19740"}],"wp:featuredmedia":[{"embeddable":true,"href":"https:\/\/revolutionpadelstore.com\/fr\/wp-json\/wp\/v2\/media\/161863"}],"wp:attachment":[{"href":"https:\/\/revolutionpadelstore.com\/fr\/wp-json\/wp\/v2\/media?parent=19740"}],"wp:term":[{"taxonomy":"acabado","embeddable":true,"href":"https:\/\/revolutionpadelstore.com\/fr\/wp-json\/wp\/v2\/acabado?post=19740"},{"taxonomy":"balance","embeddable":true,"href":"https:\/\/revolutionpadelstore.com\/fr\/wp-json\/wp\/v2\/balance?post=19740"},{"taxonomy":"dureza","embeddable":true,"href":"https:\/\/revolutionpadelstore.com\/fr\/wp-json\/wp\/v2\/dureza?post=19740"},{"taxonomy":"forma","embeddable":true,"href":"https:\/\/revolutionpadelstore.com\/fr\/wp-json\/wp\/v2\/forma?post=19740"},{"taxonomy":"jugador","embeddable":true,"href":"https:\/\/revolutionpadelstore.com\/fr\/wp-json\/wp\/v2\/jugador?post=19740"},{"taxonomy":"marca","embeddable":true,"href":"https:\/\/revolutionpadelstore.com\/fr\/wp-json\/wp\/v2\/marca?post=19740"},{"taxonomy":"nivel-de-juego","embeddable":true,"href":"https:\/\/revolutionpadelstore.com\/fr\/wp-json\/wp\/v2\/nivel-de-juego?post=19740"},{"taxonomy":"superficie","embeddable":true,"href":"https:\/\/revolutionpadelstore.com\/fr\/wp-json\/wp\/v2\/superficie?post=19740"},{"taxonomy":"tipo-de-juego","embeddable":true,"href":"https:\/\/revolutionpadelstore.com\/fr\/wp-json\/wp\/v2\/tipo-de-juego?post=19740"},{"taxonomy":"product_brand","embeddable":true,"href":"https:\/\/revolutionpadelstore.com\/fr\/wp-json\/wp\/v2\/product_brand?post=19740"},{"taxonomy":"product_cat","embeddable":true,"href":"https:\/\/revolutionpadelstore.com\/fr\/wp-json\/wp\/v2\/product_cat?post=19740"},{"taxonomy":"product_tag","embeddable":true,"href":"https:\/\/revolutionpadelstore.com\/fr\/wp-json\/wp\/v2\/product_tag?post=19740"}],"curies":[{"name":"wp","href":"https:\/\/api.w.org\/{rel}","templated":true}]}}