{"id":197396,"date":"2025-02-26T18:52:35","date_gmt":"2025-02-26T17:52:35","guid":{"rendered":"https:\/\/revolutionpadelstore.com\/joma-spin-men-2542-blanco-turquesa\/"},"modified":"2026-04-08T06:09:00","modified_gmt":"2026-04-08T04:09:00","slug":"joma-spin-men-2542-blanco-turquesa-3","status":"publish","type":"product","link":"https:\/\/revolutionpadelstore.com\/fr\/produit\/joma-spin-men-2542-blanco-turquesa-3\/","title":{"rendered":"JOMA SPIN MEN 2542 BLANCO TURQUESA"},"content":{"rendered":"<h2> <strong> Chaussures \u00e0 palette haute &#8211; performances maximales et durabilit\u00e9 <\/strong> <\/h2>\n<p>Con\u00e7us pour les joueurs professionnels qui recherchent des performances maximales sur la piste, ces pagayeurs combinent la stabilit\u00e9, la protection et la durabilit\u00e9. Soutenu par des joueurs d&#8217;\u00e9lite tels que Juani Mieres et Alba Gal\u00e1n, ils sont le choix parfait pour ceux qui exigent la qualit\u00e9 et le confort de chaque jeu.<\/p>\n<h2> <strong> Caract\u00e9ristiques importantes <\/strong> <\/h2>\n<p style=\"padding-left: 40px\"> &#8211; sup\u00e9rieur transpirable: maillage technique avec technologie VTS, qui optimise la ventilation et garde ses pieds frais.<br \/>\n-E Perfect: Thermal System Joma Sportch, qui offre un soutien l\u00e9ger et pr\u00e9cis.<br \/>\n-Un anfrement: technologie de protection qui renforce les zones sensibles pour une plus grande durabilit\u00e9.<br \/>\n&#8211; Stabilit\u00e9 maximatrice: semelle interm\u00e9diaire du phylon flexible avec double stabilis, r\u00e9duisant le risque de blessures.<br \/>\n-Le haute performance: caoutchouc durabilit\u00e9 avec conception omni et petits tacos circulaires qui facilitent le glissement et la traction. <\/p>\n<h2> <strong> technologies innovantes <\/strong> <\/h2>\n<p> &#8211; Dadabilit\u00e9: caoutchouc haute r\u00e9sistance qui retarde l&#8217;usure et prolonge la dur\u00e9e de vie utile de la semelle.<br \/>\n-Sportech: Mat\u00e9riau inject\u00e9 sans coutures qui am\u00e9liore la l\u00e9g\u00e8ret\u00e9, la flexibilit\u00e9 et le r\u00e9glage.<br \/>\n-Protation: renforcement suppl\u00e9mentaire dans l&#8217;orteil pour une plus grande r\u00e9sistance \u00e0 l&#8217;usure.<br \/>\n-Stabilis: Pi\u00e8ce TPU dans la semelle qui \u00e9vite les torsions inappropri\u00e9es et am\u00e9liore la stabilit\u00e9.<br \/>\n-VTS: syst\u00e8me de ventilation qui r\u00e9gule la temp\u00e9rature et favorise la transpiration.<\/p>\n<h2> <strong> D\u00e9tails techniques <\/strong> <\/h2>\n<p> &#8211; Cut: Nylon, micro PU et TPU. <\/p>\n<p style=\"padding-left: 40px\"> &#8211; Cl\u00f4ture: cordes avec ajustement parfait<\/p>\n<p> &#8211; MediaSuela: Phylon avec stabilis. <\/p>\n<p style=\"padding-left: 40px\"> &#8211; Sole: caoutchouc \u00e9tourdissant. <\/p>\n<p style=\"padding-left: 40px\"> &#8211; Longue: cousu \u00e0 la coupe pour un meilleur ajustement. <\/p>\n<p style=\"padding-left: 40px\"> &#8211; indiqu\u00e9 pour: les joueurs de poids moyen-\u00e9lev\u00e9. <\/p>\n<p> &#8211; Utilisation: formation et comp\u00e9tition. <\/p>\n<p style=\"padding-left: 40px\"> &#8211; Couleur: blanc \/ turquoise. <\/p>\n<p style=\"padding-left: 40px\"> &#8211; Sexe: homme. <\/p>\n<p style=\"padding-left: 40px\"> &#8211; R\u00e9f\u00e9rence: tspins2542om. <\/p>\n<h2> <strong> Achetez maintenant au meilleur prix <\/strong> <\/h2>\n<p>Si vous recherchez des chaussures \u00e0 palette professionnelles <strong> <\/strong> avec le meilleur rapport qualit\u00e9-prix, ce mod\u00e8le est pour vous. Disponible dans notre boutique en ligne <strong> <a href=\"https:\/\/www.revolutionpadelstore.com\/\"> Revolution Padel Store <\/a> <\/strong>, probablement <strong> au meilleur prix de march\u00e9 <\/strong>.<\/p>\n<p><strong> N&#8217;attendez plus et enl\u00e8vez le meilleur des chaussures \u00e0 pagaie! <\/strong><\/p>\n","protected":false},"excerpt":{"rendered":"<p>R\u00e9fl\u00e9chies pour les joueurs de haut niveau qui recherchent les meilleures performances sur le terrain, ces pagayeurs offrent de la stabilit\u00e9, de la r\u00e9sistance et de la protection. Soutenu par des personnages exceptionnels tels que Juani Mieres et Alba Gal\u00e1n, ils sont l&#8217;option id\u00e9ale pour ceux qui priorisent la qualit\u00e9 et le confort dans chaque jeu.<\/p>\n","protected":false},"featured_media":197359,"comment_status":"open","ping_status":"closed","template":"","meta":{"_acf_changed":false,"_joinchat":[]},"acabado":[],"balance":[],"dureza":[],"forma":[],"jugador":[1192],"marca":[1227],"nivel-de-juego":[],"superficie":[],"tipo-de-juego":[],"product_brand":[],"product_cat":[830],"product_tag":[],"class_list":{"0":"post-197396","1":"product","2":"type-product","3":"status-publish","4":"has-post-thumbnail","6":"jugador-homme","7":"marca-joma-fr","8":"product_cat-baskets","10":"first","11":"outofstock","12":"sale","13":"taxable","14":"shipping-taxable","15":"purchasable","16":"product-type-variable"},"acf":[],"yoast_head":"<!-- This site is optimized with the Yoast SEO plugin v27.4 - https:\/\/yoast.com\/product\/yoast-seo-wordpress\/ -->\n<title>JOMA SPIN MEN 2542 BLANCO TURQUESA - Revolution Padel Store<\/title>\n<meta name=\"description\" content=\"Zapatillas de p\u00e1del de alta gama con tecnolog\u00edas avanzadas para estabilidad, protecci\u00f3n y durabilidad. Avaladas por profesionales. \u00a1C\u00f3mpralas en Revolution Padel Store!\" \/>\n<meta name=\"robots\" content=\"index, follow, max-snippet:-1, max-image-preview:large, max-video-preview:-1\" \/>\n<link rel=\"canonical\" href=\"https:\/\/revolutionpadelstore.com\/fr\/produit\/joma-spin-men-2542-blanco-turquesa-3\/\" \/>\n<meta property=\"og:locale\" content=\"fr_FR\" \/>\n<meta property=\"og:type\" content=\"article\" \/>\n<meta property=\"og:title\" content=\"JOMA SPIN MEN 2542 BLANCO TURQUESA - Revolution Padel Store\" \/>\n<meta property=\"og:description\" content=\"Zapatillas de p\u00e1del de alta gama con tecnolog\u00edas avanzadas para estabilidad, protecci\u00f3n y durabilidad. Avaladas por profesionales. \u00a1C\u00f3mpralas en Revolution Padel Store!\" \/>\n<meta property=\"og:url\" content=\"https:\/\/revolutionpadelstore.com\/fr\/produit\/joma-spin-men-2542-blanco-turquesa-3\/\" \/>\n<meta property=\"og:site_name\" content=\"Revolution Padel Store\" \/>\n<meta property=\"article:modified_time\" content=\"2026-04-08T04:09:00+00:00\" \/>\n<meta property=\"og:image\" content=\"https:\/\/revolutionpadelstore.com\/wp-content\/uploads\/2025\/02\/131.png\" \/>\n\t<meta property=\"og:image:width\" content=\"1500\" \/>\n\t<meta property=\"og:image:height\" content=\"1500\" \/>\n\t<meta property=\"og:image:type\" content=\"image\/png\" \/>\n<meta name=\"twitter:card\" content=\"summary_large_image\" \/>\n<meta name=\"twitter:label1\" content=\"Dur\u00e9e de lecture estim\u00e9e\" \/>\n\t<meta name=\"twitter:data1\" content=\"2 minutes\" \/>\n<script type=\"application\/ld+json\" class=\"yoast-schema-graph\">{\"@context\":\"https:\\\/\\\/schema.org\",\"@graph\":[{\"@type\":\"WebPage\",\"@id\":\"https:\\\/\\\/revolutionpadelstore.com\\\/fr\\\/produit\\\/joma-spin-men-2542-blanco-turquesa-3\\\/\",\"url\":\"https:\\\/\\\/revolutionpadelstore.com\\\/fr\\\/produit\\\/joma-spin-men-2542-blanco-turquesa-3\\\/\",\"name\":\"JOMA SPIN MEN 2542 BLANCO TURQUESA - Revolution Padel Store\",\"isPartOf\":{\"@id\":\"https:\\\/\\\/revolutionpadelstore.com\\\/fr\\\/#website\"},\"primaryImageOfPage\":{\"@id\":\"https:\\\/\\\/revolutionpadelstore.com\\\/fr\\\/produit\\\/joma-spin-men-2542-blanco-turquesa-3\\\/#primaryimage\"},\"image\":{\"@id\":\"https:\\\/\\\/revolutionpadelstore.com\\\/fr\\\/produit\\\/joma-spin-men-2542-blanco-turquesa-3\\\/#primaryimage\"},\"thumbnailUrl\":\"https:\\\/\\\/revolutionpadelstore.com\\\/wp-content\\\/uploads\\\/2025\\\/02\\\/131.png\",\"datePublished\":\"2025-02-26T17:52:35+00:00\",\"dateModified\":\"2026-04-08T04:09:00+00:00\",\"description\":\"Zapatillas de p\u00e1del de alta gama con tecnolog\u00edas avanzadas para estabilidad, protecci\u00f3n y durabilidad. Avaladas por profesionales. \u00a1C\u00f3mpralas en Revolution Padel Store!\",\"breadcrumb\":{\"@id\":\"https:\\\/\\\/revolutionpadelstore.com\\\/fr\\\/produit\\\/joma-spin-men-2542-blanco-turquesa-3\\\/#breadcrumb\"},\"inLanguage\":\"fr-FR\",\"potentialAction\":[{\"@type\":\"ReadAction\",\"target\":[\"https:\\\/\\\/revolutionpadelstore.com\\\/fr\\\/produit\\\/joma-spin-men-2542-blanco-turquesa-3\\\/\"]}]},{\"@type\":\"ImageObject\",\"inLanguage\":\"fr-FR\",\"@id\":\"https:\\\/\\\/revolutionpadelstore.com\\\/fr\\\/produit\\\/joma-spin-men-2542-blanco-turquesa-3\\\/#primaryimage\",\"url\":\"https:\\\/\\\/revolutionpadelstore.com\\\/wp-content\\\/uploads\\\/2025\\\/02\\\/131.png\",\"contentUrl\":\"https:\\\/\\\/revolutionpadelstore.com\\\/wp-content\\\/uploads\\\/2025\\\/02\\\/131.png\",\"width\":1500,\"height\":1500},{\"@type\":\"BreadcrumbList\",\"@id\":\"https:\\\/\\\/revolutionpadelstore.com\\\/fr\\\/produit\\\/joma-spin-men-2542-blanco-turquesa-3\\\/#breadcrumb\",\"itemListElement\":[{\"@type\":\"ListItem\",\"position\":1,\"name\":\"Portada\",\"item\":\"https:\\\/\\\/revolutionpadelstore.com\\\/fr\\\/\"},{\"@type\":\"ListItem\",\"position\":2,\"name\":\"Boutique\",\"item\":\"https:\\\/\\\/revolutionpadelstore.com\\\/fr\\\/tienda\\\/\"},{\"@type\":\"ListItem\",\"position\":3,\"name\":\"JOMA SPIN MEN 2542 BLANCO TURQUESA\"}]},{\"@type\":\"WebSite\",\"@id\":\"https:\\\/\\\/revolutionpadelstore.com\\\/fr\\\/#website\",\"url\":\"https:\\\/\\\/revolutionpadelstore.com\\\/fr\\\/\",\"name\":\"Revolution Padel Store\",\"description\":\"\",\"publisher\":{\"@id\":\"https:\\\/\\\/revolutionpadelstore.com\\\/fr\\\/#organization\"},\"potentialAction\":[{\"@type\":\"SearchAction\",\"target\":{\"@type\":\"EntryPoint\",\"urlTemplate\":\"https:\\\/\\\/revolutionpadelstore.com\\\/fr\\\/?s={search_term_string}\"},\"query-input\":{\"@type\":\"PropertyValueSpecification\",\"valueRequired\":true,\"valueName\":\"search_term_string\"}}],\"inLanguage\":\"fr-FR\"},{\"@type\":\"Organization\",\"@id\":\"https:\\\/\\\/revolutionpadelstore.com\\\/fr\\\/#organization\",\"name\":\"Revolution Padel Store\",\"url\":\"https:\\\/\\\/revolutionpadelstore.com\\\/fr\\\/\",\"logo\":{\"@type\":\"ImageObject\",\"inLanguage\":\"fr-FR\",\"@id\":\"https:\\\/\\\/revolutionpadelstore.com\\\/fr\\\/#\\\/schema\\\/logo\\\/image\\\/\",\"url\":\"https:\\\/\\\/revolutionpadelstore.com\\\/wp-content\\\/uploads\\\/2026\\\/02\\\/revolution-padel-store.jpg\",\"contentUrl\":\"https:\\\/\\\/revolutionpadelstore.com\\\/wp-content\\\/uploads\\\/2026\\\/02\\\/revolution-padel-store.jpg\",\"width\":2000,\"height\":2000,\"caption\":\"Revolution Padel Store\"},\"image\":{\"@id\":\"https:\\\/\\\/revolutionpadelstore.com\\\/fr\\\/#\\\/schema\\\/logo\\\/image\\\/\"},\"sameAs\":[\"https:\\\/\\\/www.instagram.com\\\/revolutionpadelstore\\\/\"]}]}<\/script>\n<!-- \/ Yoast SEO plugin. -->","yoast_head_json":{"title":"JOMA SPIN MEN 2542 BLANCO TURQUESA - Revolution Padel Store","description":"Zapatillas de p\u00e1del de alta gama con tecnolog\u00edas avanzadas para estabilidad, protecci\u00f3n y durabilidad. Avaladas por profesionales. \u00a1C\u00f3mpralas en Revolution Padel Store!","robots":{"index":"index","follow":"follow","max-snippet":"max-snippet:-1","max-image-preview":"max-image-preview:large","max-video-preview":"max-video-preview:-1"},"canonical":"https:\/\/revolutionpadelstore.com\/fr\/produit\/joma-spin-men-2542-blanco-turquesa-3\/","og_locale":"fr_FR","og_type":"article","og_title":"JOMA SPIN MEN 2542 BLANCO TURQUESA - Revolution Padel Store","og_description":"Zapatillas de p\u00e1del de alta gama con tecnolog\u00edas avanzadas para estabilidad, protecci\u00f3n y durabilidad. Avaladas por profesionales. \u00a1C\u00f3mpralas en Revolution Padel Store!","og_url":"https:\/\/revolutionpadelstore.com\/fr\/produit\/joma-spin-men-2542-blanco-turquesa-3\/","og_site_name":"Revolution Padel Store","article_modified_time":"2026-04-08T04:09:00+00:00","og_image":[{"width":1500,"height":1500,"url":"https:\/\/revolutionpadelstore.com\/wp-content\/uploads\/2025\/02\/131.png","type":"image\/png"}],"twitter_card":"summary_large_image","twitter_misc":{"Dur\u00e9e de lecture estim\u00e9e":"2 minutes"},"schema":{"@context":"https:\/\/schema.org","@graph":[{"@type":"WebPage","@id":"https:\/\/revolutionpadelstore.com\/fr\/produit\/joma-spin-men-2542-blanco-turquesa-3\/","url":"https:\/\/revolutionpadelstore.com\/fr\/produit\/joma-spin-men-2542-blanco-turquesa-3\/","name":"JOMA SPIN MEN 2542 BLANCO TURQUESA - Revolution Padel Store","isPartOf":{"@id":"https:\/\/revolutionpadelstore.com\/fr\/#website"},"primaryImageOfPage":{"@id":"https:\/\/revolutionpadelstore.com\/fr\/produit\/joma-spin-men-2542-blanco-turquesa-3\/#primaryimage"},"image":{"@id":"https:\/\/revolutionpadelstore.com\/fr\/produit\/joma-spin-men-2542-blanco-turquesa-3\/#primaryimage"},"thumbnailUrl":"https:\/\/revolutionpadelstore.com\/wp-content\/uploads\/2025\/02\/131.png","datePublished":"2025-02-26T17:52:35+00:00","dateModified":"2026-04-08T04:09:00+00:00","description":"Zapatillas de p\u00e1del de alta gama con tecnolog\u00edas avanzadas para estabilidad, protecci\u00f3n y durabilidad. Avaladas por profesionales. \u00a1C\u00f3mpralas en Revolution Padel Store!","breadcrumb":{"@id":"https:\/\/revolutionpadelstore.com\/fr\/produit\/joma-spin-men-2542-blanco-turquesa-3\/#breadcrumb"},"inLanguage":"fr-FR","potentialAction":[{"@type":"ReadAction","target":["https:\/\/revolutionpadelstore.com\/fr\/produit\/joma-spin-men-2542-blanco-turquesa-3\/"]}]},{"@type":"ImageObject","inLanguage":"fr-FR","@id":"https:\/\/revolutionpadelstore.com\/fr\/produit\/joma-spin-men-2542-blanco-turquesa-3\/#primaryimage","url":"https:\/\/revolutionpadelstore.com\/wp-content\/uploads\/2025\/02\/131.png","contentUrl":"https:\/\/revolutionpadelstore.com\/wp-content\/uploads\/2025\/02\/131.png","width":1500,"height":1500},{"@type":"BreadcrumbList","@id":"https:\/\/revolutionpadelstore.com\/fr\/produit\/joma-spin-men-2542-blanco-turquesa-3\/#breadcrumb","itemListElement":[{"@type":"ListItem","position":1,"name":"Portada","item":"https:\/\/revolutionpadelstore.com\/fr\/"},{"@type":"ListItem","position":2,"name":"Boutique","item":"https:\/\/revolutionpadelstore.com\/fr\/tienda\/"},{"@type":"ListItem","position":3,"name":"JOMA SPIN MEN 2542 BLANCO TURQUESA"}]},{"@type":"WebSite","@id":"https:\/\/revolutionpadelstore.com\/fr\/#website","url":"https:\/\/revolutionpadelstore.com\/fr\/","name":"Revolution Padel Store","description":"","publisher":{"@id":"https:\/\/revolutionpadelstore.com\/fr\/#organization"},"potentialAction":[{"@type":"SearchAction","target":{"@type":"EntryPoint","urlTemplate":"https:\/\/revolutionpadelstore.com\/fr\/?s={search_term_string}"},"query-input":{"@type":"PropertyValueSpecification","valueRequired":true,"valueName":"search_term_string"}}],"inLanguage":"fr-FR"},{"@type":"Organization","@id":"https:\/\/revolutionpadelstore.com\/fr\/#organization","name":"Revolution Padel Store","url":"https:\/\/revolutionpadelstore.com\/fr\/","logo":{"@type":"ImageObject","inLanguage":"fr-FR","@id":"https:\/\/revolutionpadelstore.com\/fr\/#\/schema\/logo\/image\/","url":"https:\/\/revolutionpadelstore.com\/wp-content\/uploads\/2026\/02\/revolution-padel-store.jpg","contentUrl":"https:\/\/revolutionpadelstore.com\/wp-content\/uploads\/2026\/02\/revolution-padel-store.jpg","width":2000,"height":2000,"caption":"Revolution Padel Store"},"image":{"@id":"https:\/\/revolutionpadelstore.com\/fr\/#\/schema\/logo\/image\/"},"sameAs":["https:\/\/www.instagram.com\/revolutionpadelstore\/"]}]}},"_links":{"self":[{"href":"https:\/\/revolutionpadelstore.com\/fr\/wp-json\/wp\/v2\/product\/197396","targetHints":{"allow":["GET"]}}],"collection":[{"href":"https:\/\/revolutionpadelstore.com\/fr\/wp-json\/wp\/v2\/product"}],"about":[{"href":"https:\/\/revolutionpadelstore.com\/fr\/wp-json\/wp\/v2\/types\/product"}],"replies":[{"embeddable":true,"href":"https:\/\/revolutionpadelstore.com\/fr\/wp-json\/wp\/v2\/comments?post=197396"}],"wp:featuredmedia":[{"embeddable":true,"href":"https:\/\/revolutionpadelstore.com\/fr\/wp-json\/wp\/v2\/media\/197359"}],"wp:attachment":[{"href":"https:\/\/revolutionpadelstore.com\/fr\/wp-json\/wp\/v2\/media?parent=197396"}],"wp:term":[{"taxonomy":"acabado","embeddable":true,"href":"https:\/\/revolutionpadelstore.com\/fr\/wp-json\/wp\/v2\/acabado?post=197396"},{"taxonomy":"balance","embeddable":true,"href":"https:\/\/revolutionpadelstore.com\/fr\/wp-json\/wp\/v2\/balance?post=197396"},{"taxonomy":"dureza","embeddable":true,"href":"https:\/\/revolutionpadelstore.com\/fr\/wp-json\/wp\/v2\/dureza?post=197396"},{"taxonomy":"forma","embeddable":true,"href":"https:\/\/revolutionpadelstore.com\/fr\/wp-json\/wp\/v2\/forma?post=197396"},{"taxonomy":"jugador","embeddable":true,"href":"https:\/\/revolutionpadelstore.com\/fr\/wp-json\/wp\/v2\/jugador?post=197396"},{"taxonomy":"marca","embeddable":true,"href":"https:\/\/revolutionpadelstore.com\/fr\/wp-json\/wp\/v2\/marca?post=197396"},{"taxonomy":"nivel-de-juego","embeddable":true,"href":"https:\/\/revolutionpadelstore.com\/fr\/wp-json\/wp\/v2\/nivel-de-juego?post=197396"},{"taxonomy":"superficie","embeddable":true,"href":"https:\/\/revolutionpadelstore.com\/fr\/wp-json\/wp\/v2\/superficie?post=197396"},{"taxonomy":"tipo-de-juego","embeddable":true,"href":"https:\/\/revolutionpadelstore.com\/fr\/wp-json\/wp\/v2\/tipo-de-juego?post=197396"},{"taxonomy":"product_brand","embeddable":true,"href":"https:\/\/revolutionpadelstore.com\/fr\/wp-json\/wp\/v2\/product_brand?post=197396"},{"taxonomy":"product_cat","embeddable":true,"href":"https:\/\/revolutionpadelstore.com\/fr\/wp-json\/wp\/v2\/product_cat?post=197396"},{"taxonomy":"product_tag","embeddable":true,"href":"https:\/\/revolutionpadelstore.com\/fr\/wp-json\/wp\/v2\/product_tag?post=197396"}],"curies":[{"name":"wp","href":"https:\/\/api.w.org\/{rel}","templated":true}]}}