{"id":19735,"date":"2024-04-09T19:47:03","date_gmt":"2024-04-09T17:47:03","guid":{"rendered":"https:\/\/revolutionpadelstore.com\/siux-electra-st3-go\/"},"modified":"2026-04-08T14:28:10","modified_gmt":"2026-04-08T12:28:10","slug":"siux-electra-st3-go","status":"publish","type":"product","link":"https:\/\/revolutionpadelstore.com\/fr\/produit\/siux-electra-st3-go\/","title":{"rendered":"SIUX ELECTRA ST3 GO"},"content":{"rendered":"<h2>Siux Electra ST3 Go, raquette hybride pour joueurs de niveau interm\u00e9diaire<\/h2>\n<p>La raquette de padel <strong>Siux Electra ST3 Go<\/strong> fait partie de la gamme Go Series de Siux, con\u00e7ue sp\u00e9cifiquement pour les <strong>joueurs de performance moyenne<\/strong> qui souhaitent am\u00e9liorer leur jeu et passer au niveau sup\u00e9rieur. Avec un design \u00e9l\u00e9gant en noir et or, cette raquette se d\u00e9marque non seulement sur le terrain par ses performances, mais aussi par son esth\u00e9tique impeccable.<\/p>\n<p>La raquette pr\u00e9sente un corps <strong>de forme hybride<\/strong> qui combine le meilleur des raquettes rondes et en forme de goutte, ce qui en fait un alli\u00e9 polyvalent sur le terrain. Son \u00e9quilibre moyen offre un contr\u00f4le exceptionnel sans sacrifier la puissance de vos coups. La fourchette de poids de cette raquette se situe entre 355 et 375 grammes<\/p>\n<h3>Raquette de padel hybride avec un toucher moyennement dur<\/h3>\n<p>La structure <strong>tubulaire<\/strong> de la pale est compos\u00e9e de 5<strong>0% de carbone 3K et de 50% de <em>Fibre de verre<\/em><\/strong>, ce qui garantit une r\u00e9sistance exceptionnelle et une longue dur\u00e9e de vie. Les faces sont en carbone 3K, ce qui offre une plus grande flexibilit\u00e9 aux avions. Le noyau en caoutchouc<strong>Hard EVA offre une sensation moyennement dure, procurant une sensation de solidit\u00e9 et de contr\u00f4le \u00e0 chaque impact.<\/p>\n<p>Il est \u00e9quip\u00e9 d&#8217;un syst\u00e8me anti-vibration Shockout Dampeners, qui r\u00e9duit les vibrations lors de la frappe, offrant une exp\u00e9rience de jeu plus confortable et minimisant le risque de microtraumatismes r\u00e9p\u00e9t\u00e9s. Les faces \u00e0 finition brillante lui conf\u00e8rent un look \u00e9l\u00e9gant et soign\u00e9 sur le terrain.<\/p>\n<p>En bref, la Siux Electra ST3 Go est le choix parfait pour les joueurs de padel de performance moyenne \u00e0 la recherche d&#8217;une raquette avec un \u00e9quilibre id\u00e9al entre contr\u00f4le et puissance, une durabilit\u00e9 exceptionnelle et une esth\u00e9tique impressionnante. Avec sa technologie avanc\u00e9e et son design attrayant, cette raquette vous rapprochera de la victoire \u00e0 chaque match.<\/p>\n<h2>Siux Electra ST3 Go, pala h\u00edbrida para jugadores de nivel intermedio<\/h2>\n","protected":false},"excerpt":{"rendered":"<p>La raquette de padel Siux Electra ST3 Go fait partie de la gamme Go Series de Siux, con\u00e7ue sp\u00e9cifiquement pour les joueurs de performance moyenne qui souhaitent am\u00e9liorer leur jeu et passer au niveau sup\u00e9rieur. Avec un design \u00e9l\u00e9gant en noir et or, cette raquette se d\u00e9marque non seulement sur le terrain par ses performances, mais aussi par son esth\u00e9tique impeccable.<\/p>\n","protected":false},"featured_media":265993,"comment_status":"open","ping_status":"closed","template":"","meta":{"_acf_changed":false,"_joinchat":[]},"acabado":[1082],"balance":[1142],"dureza":[1157],"forma":[1177],"jugador":[1192,1202],"marca":[1307],"nivel-de-juego":[1352],"superficie":[1362],"tipo-de-juego":[1387],"product_brand":[],"product_cat":[302],"product_tag":[],"class_list":{"0":"post-19735","1":"product","2":"type-product","3":"status-publish","4":"has-post-thumbnail","6":"acabado-luminosite","7":"balance-moyen","8":"dureza-media-fr","9":"forma-hybride","10":"jugador-homme","11":"jugador-polivalente-fr","12":"marca-siux-fr","13":"superficie-rugosa-fr","14":"tipo-de-juego-polivalente-fr","15":"product_cat-palas-de-padel-fr","17":"first","18":"instock","19":"sale","20":"taxable","21":"shipping-taxable","22":"purchasable","23":"product-type-simple"},"acf":[],"yoast_head":"<!-- This site is optimized with the Yoast SEO plugin v27.4 - https:\/\/yoast.com\/product\/yoast-seo-wordpress\/ -->\n<title>SIUX ELECTRA ST3 GO - Revolution Padel Store<\/title>\n<meta name=\"description\" content=\"La pala de p\u00e1del\u00a0Siux Electra ST3 Go\u00a0es de la gama Go Series de Siux, dise\u00f1ada espec\u00edficamente para\u00a0jugadores de rendimiento medio\u00a0que desean mejorar su juego y llevarlo al siguiente nivel. Con un dise\u00f1o elegante en negro y dorado, esta pala no solo destaca en la pista por su rendimiento, sino tambi\u00e9n por su est\u00e9tica impecable.\" \/>\n<meta name=\"robots\" content=\"index, follow, max-snippet:-1, max-image-preview:large, max-video-preview:-1\" \/>\n<link rel=\"canonical\" href=\"https:\/\/revolutionpadelstore.com\/fr\/produit\/siux-electra-st3-go\/\" \/>\n<meta property=\"og:locale\" content=\"fr_FR\" \/>\n<meta property=\"og:type\" content=\"article\" \/>\n<meta property=\"og:title\" content=\"COMPRAR SIUX ELECTRA ST3 GO\" \/>\n<meta property=\"og:description\" content=\"La pala de p\u00e1del\u00a0Siux Electra ST3 Go\u00a0es de la gama Go Series de Siux, dise\u00f1ada espec\u00edficamente para\u00a0jugadores de rendimiento medio\u00a0que desean mejorar su juego y llevarlo al siguiente nivel. Con un dise\u00f1o elegante en negro y dorado, esta pala no solo destaca en la pista por su rendimiento, sino tambi\u00e9n por su est\u00e9tica impecable.\" \/>\n<meta property=\"og:url\" content=\"https:\/\/revolutionpadelstore.com\/fr\/produit\/siux-electra-st3-go\/\" \/>\n<meta property=\"og:site_name\" content=\"Revolution Padel Store\" \/>\n<meta property=\"article:modified_time\" content=\"2026-04-08T12:28:10+00:00\" \/>\n<meta property=\"og:image\" content=\"https:\/\/revolutionpadelstore.com\/wp-content\/uploads\/2024\/04\/109474_siux_electra_go_3_1500x1500_vista1_2c8b.webp\" \/>\n\t<meta property=\"og:image:width\" content=\"1500\" \/>\n\t<meta property=\"og:image:height\" content=\"1500\" \/>\n\t<meta property=\"og:image:type\" content=\"image\/webp\" \/>\n<meta name=\"twitter:card\" content=\"summary_large_image\" \/>\n<meta name=\"twitter:label1\" content=\"Dur\u00e9e de lecture estim\u00e9e\" \/>\n\t<meta name=\"twitter:data1\" content=\"2 minutes\" \/>\n<script type=\"application\/ld+json\" class=\"yoast-schema-graph\">{\"@context\":\"https:\\\/\\\/schema.org\",\"@graph\":[{\"@type\":\"WebPage\",\"@id\":\"https:\\\/\\\/revolutionpadelstore.com\\\/fr\\\/produit\\\/siux-electra-st3-go\\\/\",\"url\":\"https:\\\/\\\/revolutionpadelstore.com\\\/fr\\\/produit\\\/siux-electra-st3-go\\\/\",\"name\":\"SIUX ELECTRA ST3 GO - Revolution Padel Store\",\"isPartOf\":{\"@id\":\"https:\\\/\\\/revolutionpadelstore.com\\\/fr\\\/#website\"},\"primaryImageOfPage\":{\"@id\":\"https:\\\/\\\/revolutionpadelstore.com\\\/fr\\\/produit\\\/siux-electra-st3-go\\\/#primaryimage\"},\"image\":{\"@id\":\"https:\\\/\\\/revolutionpadelstore.com\\\/fr\\\/produit\\\/siux-electra-st3-go\\\/#primaryimage\"},\"thumbnailUrl\":\"https:\\\/\\\/revolutionpadelstore.com\\\/wp-content\\\/uploads\\\/2024\\\/04\\\/109474_siux_electra_go_3_1500x1500_vista1_2c8b-2.webp\",\"datePublished\":\"2024-04-09T17:47:03+00:00\",\"dateModified\":\"2026-04-08T12:28:10+00:00\",\"description\":\"La pala de p\u00e1del\u00a0Siux Electra ST3 Go\u00a0es de la gama Go Series de Siux, dise\u00f1ada espec\u00edficamente para\u00a0jugadores de rendimiento medio\u00a0que desean mejorar su juego y llevarlo al siguiente nivel. Con un dise\u00f1o elegante en negro y dorado, esta pala no solo destaca en la pista por su rendimiento, sino tambi\u00e9n por su est\u00e9tica impecable.\",\"breadcrumb\":{\"@id\":\"https:\\\/\\\/revolutionpadelstore.com\\\/fr\\\/produit\\\/siux-electra-st3-go\\\/#breadcrumb\"},\"inLanguage\":\"fr-FR\",\"potentialAction\":[{\"@type\":\"ReadAction\",\"target\":[\"https:\\\/\\\/revolutionpadelstore.com\\\/fr\\\/produit\\\/siux-electra-st3-go\\\/\"]}]},{\"@type\":\"ImageObject\",\"inLanguage\":\"fr-FR\",\"@id\":\"https:\\\/\\\/revolutionpadelstore.com\\\/fr\\\/produit\\\/siux-electra-st3-go\\\/#primaryimage\",\"url\":\"https:\\\/\\\/revolutionpadelstore.com\\\/wp-content\\\/uploads\\\/2024\\\/04\\\/109474_siux_electra_go_3_1500x1500_vista1_2c8b-2.webp\",\"contentUrl\":\"https:\\\/\\\/revolutionpadelstore.com\\\/wp-content\\\/uploads\\\/2024\\\/04\\\/109474_siux_electra_go_3_1500x1500_vista1_2c8b-2.webp\",\"width\":1500,\"height\":1500},{\"@type\":\"BreadcrumbList\",\"@id\":\"https:\\\/\\\/revolutionpadelstore.com\\\/fr\\\/produit\\\/siux-electra-st3-go\\\/#breadcrumb\",\"itemListElement\":[{\"@type\":\"ListItem\",\"position\":1,\"name\":\"Portada\",\"item\":\"https:\\\/\\\/revolutionpadelstore.com\\\/fr\\\/\"},{\"@type\":\"ListItem\",\"position\":2,\"name\":\"Boutique\",\"item\":\"https:\\\/\\\/revolutionpadelstore.com\\\/fr\\\/tienda\\\/\"},{\"@type\":\"ListItem\",\"position\":3,\"name\":\"SIUX ELECTRA ST3 GO\"}]},{\"@type\":\"WebSite\",\"@id\":\"https:\\\/\\\/revolutionpadelstore.com\\\/fr\\\/#website\",\"url\":\"https:\\\/\\\/revolutionpadelstore.com\\\/fr\\\/\",\"name\":\"Revolution Padel Store\",\"description\":\"\",\"publisher\":{\"@id\":\"https:\\\/\\\/revolutionpadelstore.com\\\/fr\\\/#organization\"},\"potentialAction\":[{\"@type\":\"SearchAction\",\"target\":{\"@type\":\"EntryPoint\",\"urlTemplate\":\"https:\\\/\\\/revolutionpadelstore.com\\\/fr\\\/?s={search_term_string}\"},\"query-input\":{\"@type\":\"PropertyValueSpecification\",\"valueRequired\":true,\"valueName\":\"search_term_string\"}}],\"inLanguage\":\"fr-FR\"},{\"@type\":\"Organization\",\"@id\":\"https:\\\/\\\/revolutionpadelstore.com\\\/fr\\\/#organization\",\"name\":\"Revolution Padel Store\",\"url\":\"https:\\\/\\\/revolutionpadelstore.com\\\/fr\\\/\",\"logo\":{\"@type\":\"ImageObject\",\"inLanguage\":\"fr-FR\",\"@id\":\"https:\\\/\\\/revolutionpadelstore.com\\\/fr\\\/#\\\/schema\\\/logo\\\/image\\\/\",\"url\":\"https:\\\/\\\/revolutionpadelstore.com\\\/wp-content\\\/uploads\\\/2026\\\/02\\\/revolution-padel-store.jpg\",\"contentUrl\":\"https:\\\/\\\/revolutionpadelstore.com\\\/wp-content\\\/uploads\\\/2026\\\/02\\\/revolution-padel-store.jpg\",\"width\":2000,\"height\":2000,\"caption\":\"Revolution Padel Store\"},\"image\":{\"@id\":\"https:\\\/\\\/revolutionpadelstore.com\\\/fr\\\/#\\\/schema\\\/logo\\\/image\\\/\"},\"sameAs\":[\"https:\\\/\\\/www.instagram.com\\\/revolutionpadelstore\\\/\"]}]}<\/script>\n<!-- \/ Yoast SEO plugin. -->","yoast_head_json":{"title":"SIUX ELECTRA ST3 GO - Revolution Padel Store","description":"La pala de p\u00e1del\u00a0Siux Electra ST3 Go\u00a0es de la gama Go Series de Siux, dise\u00f1ada espec\u00edficamente para\u00a0jugadores de rendimiento medio\u00a0que desean mejorar su juego y llevarlo al siguiente nivel. Con un dise\u00f1o elegante en negro y dorado, esta pala no solo destaca en la pista por su rendimiento, sino tambi\u00e9n por su est\u00e9tica impecable.","robots":{"index":"index","follow":"follow","max-snippet":"max-snippet:-1","max-image-preview":"max-image-preview:large","max-video-preview":"max-video-preview:-1"},"canonical":"https:\/\/revolutionpadelstore.com\/fr\/produit\/siux-electra-st3-go\/","og_locale":"fr_FR","og_type":"article","og_title":"COMPRAR SIUX ELECTRA ST3 GO","og_description":"La pala de p\u00e1del\u00a0Siux Electra ST3 Go\u00a0es de la gama Go Series de Siux, dise\u00f1ada espec\u00edficamente para\u00a0jugadores de rendimiento medio\u00a0que desean mejorar su juego y llevarlo al siguiente nivel. Con un dise\u00f1o elegante en negro y dorado, esta pala no solo destaca en la pista por su rendimiento, sino tambi\u00e9n por su est\u00e9tica impecable.","og_url":"https:\/\/revolutionpadelstore.com\/fr\/produit\/siux-electra-st3-go\/","og_site_name":"Revolution Padel Store","article_modified_time":"2026-04-08T12:28:10+00:00","og_image":[{"width":1500,"height":1500,"url":"https:\/\/revolutionpadelstore.com\/wp-content\/uploads\/2024\/04\/109474_siux_electra_go_3_1500x1500_vista1_2c8b.webp","type":"image\/webp"}],"twitter_card":"summary_large_image","twitter_misc":{"Dur\u00e9e de lecture estim\u00e9e":"2 minutes"},"schema":{"@context":"https:\/\/schema.org","@graph":[{"@type":"WebPage","@id":"https:\/\/revolutionpadelstore.com\/fr\/produit\/siux-electra-st3-go\/","url":"https:\/\/revolutionpadelstore.com\/fr\/produit\/siux-electra-st3-go\/","name":"SIUX ELECTRA ST3 GO - Revolution Padel Store","isPartOf":{"@id":"https:\/\/revolutionpadelstore.com\/fr\/#website"},"primaryImageOfPage":{"@id":"https:\/\/revolutionpadelstore.com\/fr\/produit\/siux-electra-st3-go\/#primaryimage"},"image":{"@id":"https:\/\/revolutionpadelstore.com\/fr\/produit\/siux-electra-st3-go\/#primaryimage"},"thumbnailUrl":"https:\/\/revolutionpadelstore.com\/wp-content\/uploads\/2024\/04\/109474_siux_electra_go_3_1500x1500_vista1_2c8b-2.webp","datePublished":"2024-04-09T17:47:03+00:00","dateModified":"2026-04-08T12:28:10+00:00","description":"La pala de p\u00e1del\u00a0Siux Electra ST3 Go\u00a0es de la gama Go Series de Siux, dise\u00f1ada espec\u00edficamente para\u00a0jugadores de rendimiento medio\u00a0que desean mejorar su juego y llevarlo al siguiente nivel. Con un dise\u00f1o elegante en negro y dorado, esta pala no solo destaca en la pista por su rendimiento, sino tambi\u00e9n por su est\u00e9tica impecable.","breadcrumb":{"@id":"https:\/\/revolutionpadelstore.com\/fr\/produit\/siux-electra-st3-go\/#breadcrumb"},"inLanguage":"fr-FR","potentialAction":[{"@type":"ReadAction","target":["https:\/\/revolutionpadelstore.com\/fr\/produit\/siux-electra-st3-go\/"]}]},{"@type":"ImageObject","inLanguage":"fr-FR","@id":"https:\/\/revolutionpadelstore.com\/fr\/produit\/siux-electra-st3-go\/#primaryimage","url":"https:\/\/revolutionpadelstore.com\/wp-content\/uploads\/2024\/04\/109474_siux_electra_go_3_1500x1500_vista1_2c8b-2.webp","contentUrl":"https:\/\/revolutionpadelstore.com\/wp-content\/uploads\/2024\/04\/109474_siux_electra_go_3_1500x1500_vista1_2c8b-2.webp","width":1500,"height":1500},{"@type":"BreadcrumbList","@id":"https:\/\/revolutionpadelstore.com\/fr\/produit\/siux-electra-st3-go\/#breadcrumb","itemListElement":[{"@type":"ListItem","position":1,"name":"Portada","item":"https:\/\/revolutionpadelstore.com\/fr\/"},{"@type":"ListItem","position":2,"name":"Boutique","item":"https:\/\/revolutionpadelstore.com\/fr\/tienda\/"},{"@type":"ListItem","position":3,"name":"SIUX ELECTRA ST3 GO"}]},{"@type":"WebSite","@id":"https:\/\/revolutionpadelstore.com\/fr\/#website","url":"https:\/\/revolutionpadelstore.com\/fr\/","name":"Revolution Padel Store","description":"","publisher":{"@id":"https:\/\/revolutionpadelstore.com\/fr\/#organization"},"potentialAction":[{"@type":"SearchAction","target":{"@type":"EntryPoint","urlTemplate":"https:\/\/revolutionpadelstore.com\/fr\/?s={search_term_string}"},"query-input":{"@type":"PropertyValueSpecification","valueRequired":true,"valueName":"search_term_string"}}],"inLanguage":"fr-FR"},{"@type":"Organization","@id":"https:\/\/revolutionpadelstore.com\/fr\/#organization","name":"Revolution Padel Store","url":"https:\/\/revolutionpadelstore.com\/fr\/","logo":{"@type":"ImageObject","inLanguage":"fr-FR","@id":"https:\/\/revolutionpadelstore.com\/fr\/#\/schema\/logo\/image\/","url":"https:\/\/revolutionpadelstore.com\/wp-content\/uploads\/2026\/02\/revolution-padel-store.jpg","contentUrl":"https:\/\/revolutionpadelstore.com\/wp-content\/uploads\/2026\/02\/revolution-padel-store.jpg","width":2000,"height":2000,"caption":"Revolution Padel Store"},"image":{"@id":"https:\/\/revolutionpadelstore.com\/fr\/#\/schema\/logo\/image\/"},"sameAs":["https:\/\/www.instagram.com\/revolutionpadelstore\/"]}]}},"_links":{"self":[{"href":"https:\/\/revolutionpadelstore.com\/fr\/wp-json\/wp\/v2\/product\/19735","targetHints":{"allow":["GET"]}}],"collection":[{"href":"https:\/\/revolutionpadelstore.com\/fr\/wp-json\/wp\/v2\/product"}],"about":[{"href":"https:\/\/revolutionpadelstore.com\/fr\/wp-json\/wp\/v2\/types\/product"}],"replies":[{"embeddable":true,"href":"https:\/\/revolutionpadelstore.com\/fr\/wp-json\/wp\/v2\/comments?post=19735"}],"wp:featuredmedia":[{"embeddable":true,"href":"https:\/\/revolutionpadelstore.com\/fr\/wp-json\/wp\/v2\/media\/265993"}],"wp:attachment":[{"href":"https:\/\/revolutionpadelstore.com\/fr\/wp-json\/wp\/v2\/media?parent=19735"}],"wp:term":[{"taxonomy":"acabado","embeddable":true,"href":"https:\/\/revolutionpadelstore.com\/fr\/wp-json\/wp\/v2\/acabado?post=19735"},{"taxonomy":"balance","embeddable":true,"href":"https:\/\/revolutionpadelstore.com\/fr\/wp-json\/wp\/v2\/balance?post=19735"},{"taxonomy":"dureza","embeddable":true,"href":"https:\/\/revolutionpadelstore.com\/fr\/wp-json\/wp\/v2\/dureza?post=19735"},{"taxonomy":"forma","embeddable":true,"href":"https:\/\/revolutionpadelstore.com\/fr\/wp-json\/wp\/v2\/forma?post=19735"},{"taxonomy":"jugador","embeddable":true,"href":"https:\/\/revolutionpadelstore.com\/fr\/wp-json\/wp\/v2\/jugador?post=19735"},{"taxonomy":"marca","embeddable":true,"href":"https:\/\/revolutionpadelstore.com\/fr\/wp-json\/wp\/v2\/marca?post=19735"},{"taxonomy":"nivel-de-juego","embeddable":true,"href":"https:\/\/revolutionpadelstore.com\/fr\/wp-json\/wp\/v2\/nivel-de-juego?post=19735"},{"taxonomy":"superficie","embeddable":true,"href":"https:\/\/revolutionpadelstore.com\/fr\/wp-json\/wp\/v2\/superficie?post=19735"},{"taxonomy":"tipo-de-juego","embeddable":true,"href":"https:\/\/revolutionpadelstore.com\/fr\/wp-json\/wp\/v2\/tipo-de-juego?post=19735"},{"taxonomy":"product_brand","embeddable":true,"href":"https:\/\/revolutionpadelstore.com\/fr\/wp-json\/wp\/v2\/product_brand?post=19735"},{"taxonomy":"product_cat","embeddable":true,"href":"https:\/\/revolutionpadelstore.com\/fr\/wp-json\/wp\/v2\/product_cat?post=19735"},{"taxonomy":"product_tag","embeddable":true,"href":"https:\/\/revolutionpadelstore.com\/fr\/wp-json\/wp\/v2\/product_tag?post=19735"}],"curies":[{"name":"wp","href":"https:\/\/api.w.org\/{rel}","templated":true}]}}