{"id":197320,"date":"2025-02-26T18:37:10","date_gmt":"2025-02-26T17:37:10","guid":{"rendered":"https:\/\/revolutionpadelstore.com\/joma-slam-men-2542-blanco-negro\/"},"modified":"2026-04-08T06:10:20","modified_gmt":"2026-04-08T04:10:20","slug":"joma-slam-men-2542-blanco-negro-3","status":"publish","type":"product","link":"https:\/\/revolutionpadelstore.com\/fr\/produit\/joma-slam-men-2542-blanco-negro-3\/","title":{"rendered":"JOMA SLAM MEN 2542 BLANCO NEGRO"},"content":{"rendered":"<h3> Chaussures \u00e0 palette haute &#8211; performances et technologies maximales <\/h3>\n<p>Les chaussures \u00e0 pagaie haute fin qui r\u00e9volutionnent le jeu. Con\u00e7us pour exiger les joueurs qui recherchent un amorti, une stabilit\u00e9 et une protection maximaux, ils ont \u00e9t\u00e9 test\u00e9s par des l\u00e9gendes telles que l&#8217;ancienne num\u00e9ro 1 du monde Carolina Navarro et Juanlu Esbr\u00ed.<\/p>\n<h2> Caract\u00e9ristiques exceptionnelles <\/h2>\n<p><P style=\"padding-left: 40px\"> &#8211; sup\u00e9rieur du maillage transirable avec la technologie VTS, qui optimise la ventilation et garde le pied sec.<br \/>\n-Assurement gr\u00e2ce au syst\u00e8me de thermaling Joma Sportch, qui \u00e9limine les coutures et am\u00e9liore le confort.<br \/>\n-Arganisation de la protection dans les zones cl\u00e9s avec le syst\u00e8me de protection, augmentant la durabilit\u00e9 et la r\u00e9sistance. <\/p>\n<h2> amorti maximum et stabilit\u00e9 <\/h2>\n<p>Double r\u00e9actif Medialela combine:<\/p>\n<p> &#8211; Phylon stable, qui absorbe les impacts et r\u00e9duit la fatigue.<br \/>\n-Technology Ball r\u00e9actif, qui renvoie l&#8217;\u00e9nergie dans chaque empreinte.<br \/>\n-Pieza stabilis sur le milieu, qui \u00e9vite les torsions et am\u00e9liore la stabilit\u00e9. <\/p>\n<h2> Omni Durabley Sole &#8211; Adoppe optimale et glissement<\/p>\n<p style=\"padding-left: 40px\"> &#8211; caoutchouc haute r\u00e9sistance qui retarde l&#8217;usure de l&#8217;abrasion.<br \/>\n-Design avec de petits tacos circulaires, ce qui facilite les glissements de terrain contr\u00f4l\u00e9s sur des surfaces dures. <\/p>\n<h2> Technologies innovantes <\/h2>\n<p> &#8211; Dadabilit\u00e9: caoutchouc ultra r\u00e9sistant pour une plus grande dur\u00e9e de vie utile.<br \/>\n-Itle: lignes de flexion ergonomique qui am\u00e9liorent la transition du talon-puissance.<br \/>\n-Le balle r\u00e9active: absorbe les impacts et fournit un rendement optimal d&#8217;\u00e9nergie.<br \/>\n-Sportech: ajustement sans r\u00e9glage pour un plus grand confort et une plus grande flexibilit\u00e9.<br \/>\n-Stabilis: Renforcement du TPU pour \u00e9viter les torsions ind\u00e9sirables.<br \/>\n-VTS: syst\u00e8me de ventilation qui maintient la temp\u00e9rature id\u00e9ale du pied.<\/p>\n<h2> Sp\u00e9cifications techniques <\/h2>\n<p> Utilisation: formation et comp\u00e9tition. <\/p>\n<p> Performance: haut \/ professionnel. <\/p>\n<p style=\"padding-left: 40px\"> Seme: Durabilit\u00e9 Rubber avec motif omni.<br \/>\n&lt;p style = &quot;padding-left: 40px;&quot; Couleurs: blanc \/ noir \/ orange. <\/p>\n<p style=\"padding-left: 40px\"> Gender: homme. <\/p>\n<p style=\"padding-left: 40px\"> R\u00e9f\u00e9rence: tslams2542om. <\/p>\n<p> Maintenant disponible dans notre boutique en ligne <strong> <a href=\"https:\/\/chatgpt.com\/g\/g-675432e026888191b6ee6d6f2fdbb15e-optimisation-textos\/c\/www.revolutionpadelstore.com\"> www.revolutionpadelstore.com <\/a> <\/strong>&gt; at The BestPaDelLel.com <\/a> prix du march\u00e9 <\/strong>. Ne restez pas sans eux!<\/p>\n<h4> <\/h4>\n<h3>Zapatillas de P\u00e1del de Alta Gama \u2013 M\u00e1ximo Rendimiento y Tecnolog\u00eda<\/h3>\n","protected":false},"excerpt":{"rendered":"<p>Des chaussures d&#8217;\u00e9lite qui transforment le jeu. Cr\u00e9\u00e9 pour les joueurs exigeants qui priorisent l&#8217;amorti, la stabilit\u00e9 et la protection sup\u00e9rieurs, ont \u00e9t\u00e9 test\u00e9s par de grandes figures telles que l&#8217;ancien num\u00e9ro mondial Carolina Navarro et Juanlu Esbr\u00ed.<\/p>\n","protected":false},"featured_media":197285,"comment_status":"open","ping_status":"closed","template":"","meta":{"_acf_changed":false,"_joinchat":[]},"acabado":[],"balance":[],"dureza":[],"forma":[],"jugador":[1192],"marca":[1227],"nivel-de-juego":[],"superficie":[],"tipo-de-juego":[],"product_brand":[],"product_cat":[830],"product_tag":[],"class_list":{"0":"post-197320","1":"product","2":"type-product","3":"status-publish","4":"has-post-thumbnail","6":"jugador-homme","7":"marca-joma-fr","8":"product_cat-baskets","10":"first","11":"outofstock","12":"sale","13":"taxable","14":"shipping-taxable","15":"purchasable","16":"product-type-variable"},"acf":[],"yoast_head":"<!-- This site is optimized with the Yoast SEO plugin v27.4 - https:\/\/yoast.com\/product\/yoast-seo-wordpress\/ -->\n<title>JOMA SLAM MEN 2542 BLANCO NEGRO - Revolution Padel Store<\/title>\n<meta name=\"description\" content=\"Descubre las zapatillas de p\u00e1del de alta gama con m\u00e1xima amortiguaci\u00f3n y estabilidad. Dise\u00f1adas para profesionales, testadas por leyendas del p\u00e1del. Compra online en Revolution Padel Store.\" \/>\n<meta name=\"robots\" content=\"index, follow, max-snippet:-1, max-image-preview:large, max-video-preview:-1\" \/>\n<link rel=\"canonical\" href=\"https:\/\/revolutionpadelstore.com\/fr\/produit\/joma-slam-men-2542-blanco-negro-3\/\" \/>\n<meta property=\"og:locale\" content=\"fr_FR\" \/>\n<meta property=\"og:type\" content=\"article\" \/>\n<meta property=\"og:title\" content=\"JOMA SLAM MEN 2542 BLANCO NEGRO - Revolution Padel Store\" \/>\n<meta property=\"og:description\" content=\"Descubre las zapatillas de p\u00e1del de alta gama con m\u00e1xima amortiguaci\u00f3n y estabilidad. Dise\u00f1adas para profesionales, testadas por leyendas del p\u00e1del. Compra online en Revolution Padel Store.\" \/>\n<meta property=\"og:url\" content=\"https:\/\/revolutionpadelstore.com\/fr\/produit\/joma-slam-men-2542-blanco-negro-3\/\" \/>\n<meta property=\"og:site_name\" content=\"Revolution Padel Store\" \/>\n<meta property=\"article:modified_time\" content=\"2026-04-08T04:10:20+00:00\" \/>\n<meta property=\"og:image\" content=\"https:\/\/revolutionpadelstore.com\/wp-content\/uploads\/2025\/02\/126.png\" \/>\n\t<meta property=\"og:image:width\" content=\"1500\" \/>\n\t<meta property=\"og:image:height\" content=\"1500\" \/>\n\t<meta property=\"og:image:type\" content=\"image\/png\" \/>\n<meta name=\"twitter:card\" content=\"summary_large_image\" \/>\n<meta name=\"twitter:label1\" content=\"Dur\u00e9e de lecture estim\u00e9e\" \/>\n\t<meta name=\"twitter:data1\" content=\"2 minutes\" \/>\n<script type=\"application\/ld+json\" class=\"yoast-schema-graph\">{\"@context\":\"https:\\\/\\\/schema.org\",\"@graph\":[{\"@type\":\"WebPage\",\"@id\":\"https:\\\/\\\/revolutionpadelstore.com\\\/fr\\\/produit\\\/joma-slam-men-2542-blanco-negro-3\\\/\",\"url\":\"https:\\\/\\\/revolutionpadelstore.com\\\/fr\\\/produit\\\/joma-slam-men-2542-blanco-negro-3\\\/\",\"name\":\"JOMA SLAM MEN 2542 BLANCO NEGRO - Revolution Padel Store\",\"isPartOf\":{\"@id\":\"https:\\\/\\\/revolutionpadelstore.com\\\/fr\\\/#website\"},\"primaryImageOfPage\":{\"@id\":\"https:\\\/\\\/revolutionpadelstore.com\\\/fr\\\/produit\\\/joma-slam-men-2542-blanco-negro-3\\\/#primaryimage\"},\"image\":{\"@id\":\"https:\\\/\\\/revolutionpadelstore.com\\\/fr\\\/produit\\\/joma-slam-men-2542-blanco-negro-3\\\/#primaryimage\"},\"thumbnailUrl\":\"https:\\\/\\\/revolutionpadelstore.com\\\/wp-content\\\/uploads\\\/2025\\\/02\\\/126.png\",\"datePublished\":\"2025-02-26T17:37:10+00:00\",\"dateModified\":\"2026-04-08T04:10:20+00:00\",\"description\":\"Descubre las zapatillas de p\u00e1del de alta gama con m\u00e1xima amortiguaci\u00f3n y estabilidad. Dise\u00f1adas para profesionales, testadas por leyendas del p\u00e1del. Compra online en Revolution Padel Store.\",\"breadcrumb\":{\"@id\":\"https:\\\/\\\/revolutionpadelstore.com\\\/fr\\\/produit\\\/joma-slam-men-2542-blanco-negro-3\\\/#breadcrumb\"},\"inLanguage\":\"fr-FR\",\"potentialAction\":[{\"@type\":\"ReadAction\",\"target\":[\"https:\\\/\\\/revolutionpadelstore.com\\\/fr\\\/produit\\\/joma-slam-men-2542-blanco-negro-3\\\/\"]}]},{\"@type\":\"ImageObject\",\"inLanguage\":\"fr-FR\",\"@id\":\"https:\\\/\\\/revolutionpadelstore.com\\\/fr\\\/produit\\\/joma-slam-men-2542-blanco-negro-3\\\/#primaryimage\",\"url\":\"https:\\\/\\\/revolutionpadelstore.com\\\/wp-content\\\/uploads\\\/2025\\\/02\\\/126.png\",\"contentUrl\":\"https:\\\/\\\/revolutionpadelstore.com\\\/wp-content\\\/uploads\\\/2025\\\/02\\\/126.png\",\"width\":1500,\"height\":1500},{\"@type\":\"BreadcrumbList\",\"@id\":\"https:\\\/\\\/revolutionpadelstore.com\\\/fr\\\/produit\\\/joma-slam-men-2542-blanco-negro-3\\\/#breadcrumb\",\"itemListElement\":[{\"@type\":\"ListItem\",\"position\":1,\"name\":\"Portada\",\"item\":\"https:\\\/\\\/revolutionpadelstore.com\\\/fr\\\/\"},{\"@type\":\"ListItem\",\"position\":2,\"name\":\"Boutique\",\"item\":\"https:\\\/\\\/revolutionpadelstore.com\\\/fr\\\/tienda\\\/\"},{\"@type\":\"ListItem\",\"position\":3,\"name\":\"JOMA SLAM MEN 2542 BLANCO NEGRO\"}]},{\"@type\":\"WebSite\",\"@id\":\"https:\\\/\\\/revolutionpadelstore.com\\\/fr\\\/#website\",\"url\":\"https:\\\/\\\/revolutionpadelstore.com\\\/fr\\\/\",\"name\":\"Revolution Padel Store\",\"description\":\"\",\"publisher\":{\"@id\":\"https:\\\/\\\/revolutionpadelstore.com\\\/fr\\\/#organization\"},\"potentialAction\":[{\"@type\":\"SearchAction\",\"target\":{\"@type\":\"EntryPoint\",\"urlTemplate\":\"https:\\\/\\\/revolutionpadelstore.com\\\/fr\\\/?s={search_term_string}\"},\"query-input\":{\"@type\":\"PropertyValueSpecification\",\"valueRequired\":true,\"valueName\":\"search_term_string\"}}],\"inLanguage\":\"fr-FR\"},{\"@type\":\"Organization\",\"@id\":\"https:\\\/\\\/revolutionpadelstore.com\\\/fr\\\/#organization\",\"name\":\"Revolution Padel Store\",\"url\":\"https:\\\/\\\/revolutionpadelstore.com\\\/fr\\\/\",\"logo\":{\"@type\":\"ImageObject\",\"inLanguage\":\"fr-FR\",\"@id\":\"https:\\\/\\\/revolutionpadelstore.com\\\/fr\\\/#\\\/schema\\\/logo\\\/image\\\/\",\"url\":\"https:\\\/\\\/revolutionpadelstore.com\\\/wp-content\\\/uploads\\\/2026\\\/02\\\/revolution-padel-store.jpg\",\"contentUrl\":\"https:\\\/\\\/revolutionpadelstore.com\\\/wp-content\\\/uploads\\\/2026\\\/02\\\/revolution-padel-store.jpg\",\"width\":2000,\"height\":2000,\"caption\":\"Revolution Padel Store\"},\"image\":{\"@id\":\"https:\\\/\\\/revolutionpadelstore.com\\\/fr\\\/#\\\/schema\\\/logo\\\/image\\\/\"},\"sameAs\":[\"https:\\\/\\\/www.instagram.com\\\/revolutionpadelstore\\\/\"]}]}<\/script>\n<!-- \/ Yoast SEO plugin. -->","yoast_head_json":{"title":"JOMA SLAM MEN 2542 BLANCO NEGRO - Revolution Padel Store","description":"Descubre las zapatillas de p\u00e1del de alta gama con m\u00e1xima amortiguaci\u00f3n y estabilidad. Dise\u00f1adas para profesionales, testadas por leyendas del p\u00e1del. Compra online en Revolution Padel Store.","robots":{"index":"index","follow":"follow","max-snippet":"max-snippet:-1","max-image-preview":"max-image-preview:large","max-video-preview":"max-video-preview:-1"},"canonical":"https:\/\/revolutionpadelstore.com\/fr\/produit\/joma-slam-men-2542-blanco-negro-3\/","og_locale":"fr_FR","og_type":"article","og_title":"JOMA SLAM MEN 2542 BLANCO NEGRO - Revolution Padel Store","og_description":"Descubre las zapatillas de p\u00e1del de alta gama con m\u00e1xima amortiguaci\u00f3n y estabilidad. Dise\u00f1adas para profesionales, testadas por leyendas del p\u00e1del. Compra online en Revolution Padel Store.","og_url":"https:\/\/revolutionpadelstore.com\/fr\/produit\/joma-slam-men-2542-blanco-negro-3\/","og_site_name":"Revolution Padel Store","article_modified_time":"2026-04-08T04:10:20+00:00","og_image":[{"width":1500,"height":1500,"url":"https:\/\/revolutionpadelstore.com\/wp-content\/uploads\/2025\/02\/126.png","type":"image\/png"}],"twitter_card":"summary_large_image","twitter_misc":{"Dur\u00e9e de lecture estim\u00e9e":"2 minutes"},"schema":{"@context":"https:\/\/schema.org","@graph":[{"@type":"WebPage","@id":"https:\/\/revolutionpadelstore.com\/fr\/produit\/joma-slam-men-2542-blanco-negro-3\/","url":"https:\/\/revolutionpadelstore.com\/fr\/produit\/joma-slam-men-2542-blanco-negro-3\/","name":"JOMA SLAM MEN 2542 BLANCO NEGRO - Revolution Padel Store","isPartOf":{"@id":"https:\/\/revolutionpadelstore.com\/fr\/#website"},"primaryImageOfPage":{"@id":"https:\/\/revolutionpadelstore.com\/fr\/produit\/joma-slam-men-2542-blanco-negro-3\/#primaryimage"},"image":{"@id":"https:\/\/revolutionpadelstore.com\/fr\/produit\/joma-slam-men-2542-blanco-negro-3\/#primaryimage"},"thumbnailUrl":"https:\/\/revolutionpadelstore.com\/wp-content\/uploads\/2025\/02\/126.png","datePublished":"2025-02-26T17:37:10+00:00","dateModified":"2026-04-08T04:10:20+00:00","description":"Descubre las zapatillas de p\u00e1del de alta gama con m\u00e1xima amortiguaci\u00f3n y estabilidad. Dise\u00f1adas para profesionales, testadas por leyendas del p\u00e1del. Compra online en Revolution Padel Store.","breadcrumb":{"@id":"https:\/\/revolutionpadelstore.com\/fr\/produit\/joma-slam-men-2542-blanco-negro-3\/#breadcrumb"},"inLanguage":"fr-FR","potentialAction":[{"@type":"ReadAction","target":["https:\/\/revolutionpadelstore.com\/fr\/produit\/joma-slam-men-2542-blanco-negro-3\/"]}]},{"@type":"ImageObject","inLanguage":"fr-FR","@id":"https:\/\/revolutionpadelstore.com\/fr\/produit\/joma-slam-men-2542-blanco-negro-3\/#primaryimage","url":"https:\/\/revolutionpadelstore.com\/wp-content\/uploads\/2025\/02\/126.png","contentUrl":"https:\/\/revolutionpadelstore.com\/wp-content\/uploads\/2025\/02\/126.png","width":1500,"height":1500},{"@type":"BreadcrumbList","@id":"https:\/\/revolutionpadelstore.com\/fr\/produit\/joma-slam-men-2542-blanco-negro-3\/#breadcrumb","itemListElement":[{"@type":"ListItem","position":1,"name":"Portada","item":"https:\/\/revolutionpadelstore.com\/fr\/"},{"@type":"ListItem","position":2,"name":"Boutique","item":"https:\/\/revolutionpadelstore.com\/fr\/tienda\/"},{"@type":"ListItem","position":3,"name":"JOMA SLAM MEN 2542 BLANCO NEGRO"}]},{"@type":"WebSite","@id":"https:\/\/revolutionpadelstore.com\/fr\/#website","url":"https:\/\/revolutionpadelstore.com\/fr\/","name":"Revolution Padel Store","description":"","publisher":{"@id":"https:\/\/revolutionpadelstore.com\/fr\/#organization"},"potentialAction":[{"@type":"SearchAction","target":{"@type":"EntryPoint","urlTemplate":"https:\/\/revolutionpadelstore.com\/fr\/?s={search_term_string}"},"query-input":{"@type":"PropertyValueSpecification","valueRequired":true,"valueName":"search_term_string"}}],"inLanguage":"fr-FR"},{"@type":"Organization","@id":"https:\/\/revolutionpadelstore.com\/fr\/#organization","name":"Revolution Padel Store","url":"https:\/\/revolutionpadelstore.com\/fr\/","logo":{"@type":"ImageObject","inLanguage":"fr-FR","@id":"https:\/\/revolutionpadelstore.com\/fr\/#\/schema\/logo\/image\/","url":"https:\/\/revolutionpadelstore.com\/wp-content\/uploads\/2026\/02\/revolution-padel-store.jpg","contentUrl":"https:\/\/revolutionpadelstore.com\/wp-content\/uploads\/2026\/02\/revolution-padel-store.jpg","width":2000,"height":2000,"caption":"Revolution Padel Store"},"image":{"@id":"https:\/\/revolutionpadelstore.com\/fr\/#\/schema\/logo\/image\/"},"sameAs":["https:\/\/www.instagram.com\/revolutionpadelstore\/"]}]}},"_links":{"self":[{"href":"https:\/\/revolutionpadelstore.com\/fr\/wp-json\/wp\/v2\/product\/197320","targetHints":{"allow":["GET"]}}],"collection":[{"href":"https:\/\/revolutionpadelstore.com\/fr\/wp-json\/wp\/v2\/product"}],"about":[{"href":"https:\/\/revolutionpadelstore.com\/fr\/wp-json\/wp\/v2\/types\/product"}],"replies":[{"embeddable":true,"href":"https:\/\/revolutionpadelstore.com\/fr\/wp-json\/wp\/v2\/comments?post=197320"}],"wp:featuredmedia":[{"embeddable":true,"href":"https:\/\/revolutionpadelstore.com\/fr\/wp-json\/wp\/v2\/media\/197285"}],"wp:attachment":[{"href":"https:\/\/revolutionpadelstore.com\/fr\/wp-json\/wp\/v2\/media?parent=197320"}],"wp:term":[{"taxonomy":"acabado","embeddable":true,"href":"https:\/\/revolutionpadelstore.com\/fr\/wp-json\/wp\/v2\/acabado?post=197320"},{"taxonomy":"balance","embeddable":true,"href":"https:\/\/revolutionpadelstore.com\/fr\/wp-json\/wp\/v2\/balance?post=197320"},{"taxonomy":"dureza","embeddable":true,"href":"https:\/\/revolutionpadelstore.com\/fr\/wp-json\/wp\/v2\/dureza?post=197320"},{"taxonomy":"forma","embeddable":true,"href":"https:\/\/revolutionpadelstore.com\/fr\/wp-json\/wp\/v2\/forma?post=197320"},{"taxonomy":"jugador","embeddable":true,"href":"https:\/\/revolutionpadelstore.com\/fr\/wp-json\/wp\/v2\/jugador?post=197320"},{"taxonomy":"marca","embeddable":true,"href":"https:\/\/revolutionpadelstore.com\/fr\/wp-json\/wp\/v2\/marca?post=197320"},{"taxonomy":"nivel-de-juego","embeddable":true,"href":"https:\/\/revolutionpadelstore.com\/fr\/wp-json\/wp\/v2\/nivel-de-juego?post=197320"},{"taxonomy":"superficie","embeddable":true,"href":"https:\/\/revolutionpadelstore.com\/fr\/wp-json\/wp\/v2\/superficie?post=197320"},{"taxonomy":"tipo-de-juego","embeddable":true,"href":"https:\/\/revolutionpadelstore.com\/fr\/wp-json\/wp\/v2\/tipo-de-juego?post=197320"},{"taxonomy":"product_brand","embeddable":true,"href":"https:\/\/revolutionpadelstore.com\/fr\/wp-json\/wp\/v2\/product_brand?post=197320"},{"taxonomy":"product_cat","embeddable":true,"href":"https:\/\/revolutionpadelstore.com\/fr\/wp-json\/wp\/v2\/product_cat?post=197320"},{"taxonomy":"product_tag","embeddable":true,"href":"https:\/\/revolutionpadelstore.com\/fr\/wp-json\/wp\/v2\/product_tag?post=197320"}],"curies":[{"name":"wp","href":"https:\/\/api.w.org\/{rel}","templated":true}]}}