{"id":19730,"date":"2024-04-09T19:56:58","date_gmt":"2024-04-09T17:56:58","guid":{"rendered":"https:\/\/revolutionpadelstore.com\/siux-diablo-revolution-pro-3\/"},"modified":"2026-04-08T14:27:36","modified_gmt":"2026-04-08T12:27:36","slug":"siux-diablo-revolution-pro-3-3","status":"publish","type":"product","link":"https:\/\/revolutionpadelstore.com\/fr\/produit\/siux-diablo-revolution-pro-3-3\/","title":{"rendered":"SIUX DIABLO REVOLUTION PRO 3"},"content":{"rendered":"<h2>Siux Diablo Revolution 3 Sanyo Pro, des fonctionnalit\u00e9s incroyables<\/h2>\n<p>La <strong>Siux Diablo Revolution Pro 3<\/strong> est la raquette officielle de Sanyo Guti\u00e9rrez. Elle a \u00e9t\u00e9 con\u00e7ue pour les joueurs de padel avanc\u00e9s ou professionnels qui recherchent de la polyvalence dans chaque jeu. Il a un toucher dur et un poids l\u00e9ger de 355 \u00e0 375 grammes qui permet une grande libert\u00e9 de mouvement, agilit\u00e9 et confort \u00e0 tout moment.<\/p>\n<p>Il pr\u00e9sente une <strong>forme hybride et un \u00e9quilibre moyen<\/strong>, ce qui le rend id\u00e9al aussi bien pour les coups agressifs qui n\u00e9cessitent une plus grande puissance que pour les coups d\u00e9fensifs qui n\u00e9cessitent une grande pr\u00e9cision et un grand contr\u00f4le.<\/p>\n<h3>Durabilit\u00e9 et r\u00e9sistance \u00e0 l&#8217;usure<\/h3>\n<p>Concernant sa composition, on peut souligner le noyau en caoutchouc EVA, qui procure une grande sensation \u00e0 la frappe et donne du feedback, tout en apportant stabilit\u00e9 et l\u00e9g\u00e8ret\u00e9.<\/p>\n<p>Le cadre tubulaire est compos\u00e9 d&#8217;une combinaison de<strong>Carbone 3K et Aramide<\/strong>, c&#8217;est pourquoi il se distingue par sa l\u00e9g\u00e8ret\u00e9, sa grande r\u00e9sistance et durabilit\u00e9, ainsi que par une agr\u00e9able sensation \u00e0 l&#8217;impact gr\u00e2ce \u00e0 la r\u00e9duction des vibrations. .<\/p>\n<p>D&#8217;autre part, les faces de cette <strong>raquette Siux<\/strong> sont fabriqu\u00e9es en <strong>Carbone 15K 45\u00ba<\/strong>, ce qui se traduit par une <strong>haute r\u00e9sistance, qualit\u00e9 et rigidit\u00e9<\/strong> , qui offre une excellente combinaison de contr\u00f4le et de puissance qui se traduit par une raquette haute performance.<\/p>\n<p>De plus, les avions ont une finition brillante et int\u00e8grent la technologie<strong><em><\/em>3D Decal<\/em><\/strong>, un relief qui favorise l&#8217;adh\u00e9rence de la balle \u00e0 la surface et permet qu&#8217;elle tourne. avec <strong>plus de vitesse et d&#8217;effet.<\/strong><\/p>\n<h3>Esth\u00e9tique moderne et sportive<\/h3>\n<p>De m\u00eame, ce mod\u00e8le est tr\u00e8s bien \u00e9quip\u00e9 en termes de technologies, puisqu&#8217;il int\u00e8gre des <strong><em>Shockout Dampeners<\/em><\/strong>. Ce sont des \u00e9l\u00e9ments qui se chargent de r\u00e9duire les vibrations produites apr\u00e8s l&#8217;impact du ballon (jusqu&#8217;\u00e0 60 %) et r\u00e9duisent ainsi le risque de blessure du joueur.<\/p>\n<p>De plus, gr\u00e2ce au <strong><em>Dual Pro Grip<\/em><\/strong>, un surgrip en caoutchouc FOAM, la prise en main est beaucoup <strong>plus agr\u00e9able, confortable et ferme<\/strong> gr\u00e2ce au petit relief g\u00e9n\u00e9r\u00e9 \u00e0 la surface.<\/p>\n<h2>Siux Diablo Revolution 3 Sanyo Pro, incre\u00edbles prestaciones<\/h2>\n","protected":false},"excerpt":{"rendered":"<p>La Siux Diablo Revolution Pro 3 est la raquette officielle de Sanyo Guti\u00e9rrez. Il a \u00e9t\u00e9 con\u00e7u pour les joueurs de padel de niveau avanc\u00e9 ou professionnel qui recherchent de la polyvalence dans chaque jeu. Il a un toucher dur et un poids l\u00e9ger de 355 \u00e0 375 grammes qui permet une grande libert\u00e9 de mouvement, agilit\u00e9 et confort \u00e0 tout moment.<\/p>\n","protected":false},"featured_media":71449,"comment_status":"open","ping_status":"closed","template":"","meta":{"_acf_changed":false,"_joinchat":[]},"acabado":[1082,1092],"balance":[1142],"dureza":[1157],"forma":[1177],"jugador":[1192,1202],"marca":[1307],"nivel-de-juego":[1337],"superficie":[1362],"tipo-de-juego":[1387],"product_brand":[],"product_cat":[302],"product_tag":[],"class_list":{"0":"post-19730","1":"product","2":"type-product","3":"status-publish","4":"has-post-thumbnail","6":"acabado-luminosite","7":"acabado-soulager-la-3d","8":"balance-moyen","9":"dureza-media-fr","10":"forma-hybride","11":"jugador-homme","12":"jugador-polivalente-fr","13":"marca-siux-fr","14":"superficie-rugosa-fr","15":"tipo-de-juego-polivalente-fr","16":"product_cat-palas-de-padel-fr","18":"first","19":"onbackorder","20":"sale","21":"taxable","22":"shipping-taxable","23":"purchasable","24":"product-type-simple"},"acf":[],"yoast_head":"<!-- This site is optimized with the Yoast SEO plugin v27.4 - https:\/\/yoast.com\/product\/yoast-seo-wordpress\/ -->\n<title>SIUX DIABLO REVOLUTION PRO 3 - Revolution Padel Store<\/title>\n<meta name=\"description\" content=\"La\u00a0Siux Diablo Revolution Pro 3,\u00a0es la\u00a0pala oficial de Sanyo Guti\u00e9rrez.\u00a0Ha sido dise\u00f1ada para jugadores de p\u00e1del de\u00a0nivel avanzado o profesional\u00a0que buscan polivalencia en cada jugada. Tiene un tacto duro y un \u00a0peso ligero de 355-375 gramos que posibilita una gran libertad de movimiento, agilidad y comodidad en todo momento.\" \/>\n<meta name=\"robots\" content=\"index, follow, max-snippet:-1, max-image-preview:large, max-video-preview:-1\" \/>\n<link rel=\"canonical\" href=\"https:\/\/revolutionpadelstore.com\/fr\/produit\/siux-diablo-revolution-pro-3-3\/\" \/>\n<meta property=\"og:locale\" content=\"fr_FR\" \/>\n<meta property=\"og:type\" content=\"article\" \/>\n<meta property=\"og:title\" content=\"COMPRAR SIUX DIABLO REVOLUTION PRO 3\" \/>\n<meta property=\"og:description\" content=\"La\u00a0Siux Diablo Revolution Pro 3,\u00a0es la\u00a0pala oficial de Sanyo Guti\u00e9rrez.\u00a0Ha sido dise\u00f1ada para jugadores de p\u00e1del de\u00a0nivel avanzado o profesional\u00a0que buscan polivalencia en cada jugada. Tiene un tacto duro y un \u00a0peso ligero de 355-375 gramos que posibilita una gran libertad de movimiento, agilidad y comodidad en todo momento.\" \/>\n<meta property=\"og:url\" content=\"https:\/\/revolutionpadelstore.com\/fr\/produit\/siux-diablo-revolution-pro-3-3\/\" \/>\n<meta property=\"og:site_name\" content=\"Revolution Padel Store\" \/>\n<meta property=\"article:modified_time\" content=\"2026-04-08T12:27:36+00:00\" \/>\n<meta property=\"og:image\" content=\"https:\/\/revolutionpadelstore.com\/wp-content\/uploads\/2024\/04\/diablo_pro_3_1_1500x1500_f18e.webp\" \/>\n\t<meta property=\"og:image:width\" content=\"1500\" \/>\n\t<meta property=\"og:image:height\" content=\"1500\" \/>\n\t<meta property=\"og:image:type\" content=\"image\/webp\" \/>\n<meta name=\"twitter:card\" content=\"summary_large_image\" \/>\n<meta name=\"twitter:label1\" content=\"Dur\u00e9e de lecture estim\u00e9e\" \/>\n\t<meta name=\"twitter:data1\" content=\"2 minutes\" \/>\n<script type=\"application\/ld+json\" class=\"yoast-schema-graph\">{\"@context\":\"https:\\\/\\\/schema.org\",\"@graph\":[{\"@type\":\"WebPage\",\"@id\":\"https:\\\/\\\/revolutionpadelstore.com\\\/fr\\\/produit\\\/siux-diablo-revolution-pro-3-3\\\/\",\"url\":\"https:\\\/\\\/revolutionpadelstore.com\\\/fr\\\/produit\\\/siux-diablo-revolution-pro-3-3\\\/\",\"name\":\"SIUX DIABLO REVOLUTION PRO 3 - Revolution Padel Store\",\"isPartOf\":{\"@id\":\"https:\\\/\\\/revolutionpadelstore.com\\\/fr\\\/#website\"},\"primaryImageOfPage\":{\"@id\":\"https:\\\/\\\/revolutionpadelstore.com\\\/fr\\\/produit\\\/siux-diablo-revolution-pro-3-3\\\/#primaryimage\"},\"image\":{\"@id\":\"https:\\\/\\\/revolutionpadelstore.com\\\/fr\\\/produit\\\/siux-diablo-revolution-pro-3-3\\\/#primaryimage\"},\"thumbnailUrl\":\"https:\\\/\\\/revolutionpadelstore.com\\\/wp-content\\\/uploads\\\/2024\\\/06\\\/29.png\",\"datePublished\":\"2024-04-09T17:56:58+00:00\",\"dateModified\":\"2026-04-08T12:27:36+00:00\",\"description\":\"La\u00a0Siux Diablo Revolution Pro 3,\u00a0es la\u00a0pala oficial de Sanyo Guti\u00e9rrez.\u00a0Ha sido dise\u00f1ada para jugadores de p\u00e1del de\u00a0nivel avanzado o profesional\u00a0que buscan polivalencia en cada jugada. Tiene un tacto duro y un \u00a0peso ligero de 355-375 gramos que posibilita una gran libertad de movimiento, agilidad y comodidad en todo momento.\",\"breadcrumb\":{\"@id\":\"https:\\\/\\\/revolutionpadelstore.com\\\/fr\\\/produit\\\/siux-diablo-revolution-pro-3-3\\\/#breadcrumb\"},\"inLanguage\":\"fr-FR\",\"potentialAction\":[{\"@type\":\"ReadAction\",\"target\":[\"https:\\\/\\\/revolutionpadelstore.com\\\/fr\\\/produit\\\/siux-diablo-revolution-pro-3-3\\\/\"]}]},{\"@type\":\"ImageObject\",\"inLanguage\":\"fr-FR\",\"@id\":\"https:\\\/\\\/revolutionpadelstore.com\\\/fr\\\/produit\\\/siux-diablo-revolution-pro-3-3\\\/#primaryimage\",\"url\":\"https:\\\/\\\/revolutionpadelstore.com\\\/wp-content\\\/uploads\\\/2024\\\/06\\\/29.png\",\"contentUrl\":\"https:\\\/\\\/revolutionpadelstore.com\\\/wp-content\\\/uploads\\\/2024\\\/06\\\/29.png\",\"width\":1500,\"height\":1500},{\"@type\":\"BreadcrumbList\",\"@id\":\"https:\\\/\\\/revolutionpadelstore.com\\\/fr\\\/produit\\\/siux-diablo-revolution-pro-3-3\\\/#breadcrumb\",\"itemListElement\":[{\"@type\":\"ListItem\",\"position\":1,\"name\":\"Portada\",\"item\":\"https:\\\/\\\/revolutionpadelstore.com\\\/fr\\\/\"},{\"@type\":\"ListItem\",\"position\":2,\"name\":\"Boutique\",\"item\":\"https:\\\/\\\/revolutionpadelstore.com\\\/fr\\\/tienda\\\/\"},{\"@type\":\"ListItem\",\"position\":3,\"name\":\"SIUX DIABLO REVOLUTION PRO 3\"}]},{\"@type\":\"WebSite\",\"@id\":\"https:\\\/\\\/revolutionpadelstore.com\\\/fr\\\/#website\",\"url\":\"https:\\\/\\\/revolutionpadelstore.com\\\/fr\\\/\",\"name\":\"Revolution Padel Store\",\"description\":\"\",\"publisher\":{\"@id\":\"https:\\\/\\\/revolutionpadelstore.com\\\/fr\\\/#organization\"},\"potentialAction\":[{\"@type\":\"SearchAction\",\"target\":{\"@type\":\"EntryPoint\",\"urlTemplate\":\"https:\\\/\\\/revolutionpadelstore.com\\\/fr\\\/?s={search_term_string}\"},\"query-input\":{\"@type\":\"PropertyValueSpecification\",\"valueRequired\":true,\"valueName\":\"search_term_string\"}}],\"inLanguage\":\"fr-FR\"},{\"@type\":\"Organization\",\"@id\":\"https:\\\/\\\/revolutionpadelstore.com\\\/fr\\\/#organization\",\"name\":\"Revolution Padel Store\",\"url\":\"https:\\\/\\\/revolutionpadelstore.com\\\/fr\\\/\",\"logo\":{\"@type\":\"ImageObject\",\"inLanguage\":\"fr-FR\",\"@id\":\"https:\\\/\\\/revolutionpadelstore.com\\\/fr\\\/#\\\/schema\\\/logo\\\/image\\\/\",\"url\":\"https:\\\/\\\/revolutionpadelstore.com\\\/wp-content\\\/uploads\\\/2026\\\/02\\\/revolution-padel-store.jpg\",\"contentUrl\":\"https:\\\/\\\/revolutionpadelstore.com\\\/wp-content\\\/uploads\\\/2026\\\/02\\\/revolution-padel-store.jpg\",\"width\":2000,\"height\":2000,\"caption\":\"Revolution Padel Store\"},\"image\":{\"@id\":\"https:\\\/\\\/revolutionpadelstore.com\\\/fr\\\/#\\\/schema\\\/logo\\\/image\\\/\"},\"sameAs\":[\"https:\\\/\\\/www.instagram.com\\\/revolutionpadelstore\\\/\"]}]}<\/script>\n<!-- \/ Yoast SEO plugin. -->","yoast_head_json":{"title":"SIUX DIABLO REVOLUTION PRO 3 - Revolution Padel Store","description":"La\u00a0Siux Diablo Revolution Pro 3,\u00a0es la\u00a0pala oficial de Sanyo Guti\u00e9rrez.\u00a0Ha sido dise\u00f1ada para jugadores de p\u00e1del de\u00a0nivel avanzado o profesional\u00a0que buscan polivalencia en cada jugada. Tiene un tacto duro y un \u00a0peso ligero de 355-375 gramos que posibilita una gran libertad de movimiento, agilidad y comodidad en todo momento.","robots":{"index":"index","follow":"follow","max-snippet":"max-snippet:-1","max-image-preview":"max-image-preview:large","max-video-preview":"max-video-preview:-1"},"canonical":"https:\/\/revolutionpadelstore.com\/fr\/produit\/siux-diablo-revolution-pro-3-3\/","og_locale":"fr_FR","og_type":"article","og_title":"COMPRAR SIUX DIABLO REVOLUTION PRO 3","og_description":"La\u00a0Siux Diablo Revolution Pro 3,\u00a0es la\u00a0pala oficial de Sanyo Guti\u00e9rrez.\u00a0Ha sido dise\u00f1ada para jugadores de p\u00e1del de\u00a0nivel avanzado o profesional\u00a0que buscan polivalencia en cada jugada. Tiene un tacto duro y un \u00a0peso ligero de 355-375 gramos que posibilita una gran libertad de movimiento, agilidad y comodidad en todo momento.","og_url":"https:\/\/revolutionpadelstore.com\/fr\/produit\/siux-diablo-revolution-pro-3-3\/","og_site_name":"Revolution Padel Store","article_modified_time":"2026-04-08T12:27:36+00:00","og_image":[{"width":1500,"height":1500,"url":"https:\/\/revolutionpadelstore.com\/wp-content\/uploads\/2024\/04\/diablo_pro_3_1_1500x1500_f18e.webp","type":"image\/webp"}],"twitter_card":"summary_large_image","twitter_misc":{"Dur\u00e9e de lecture estim\u00e9e":"2 minutes"},"schema":{"@context":"https:\/\/schema.org","@graph":[{"@type":"WebPage","@id":"https:\/\/revolutionpadelstore.com\/fr\/produit\/siux-diablo-revolution-pro-3-3\/","url":"https:\/\/revolutionpadelstore.com\/fr\/produit\/siux-diablo-revolution-pro-3-3\/","name":"SIUX DIABLO REVOLUTION PRO 3 - Revolution Padel Store","isPartOf":{"@id":"https:\/\/revolutionpadelstore.com\/fr\/#website"},"primaryImageOfPage":{"@id":"https:\/\/revolutionpadelstore.com\/fr\/produit\/siux-diablo-revolution-pro-3-3\/#primaryimage"},"image":{"@id":"https:\/\/revolutionpadelstore.com\/fr\/produit\/siux-diablo-revolution-pro-3-3\/#primaryimage"},"thumbnailUrl":"https:\/\/revolutionpadelstore.com\/wp-content\/uploads\/2024\/06\/29.png","datePublished":"2024-04-09T17:56:58+00:00","dateModified":"2026-04-08T12:27:36+00:00","description":"La\u00a0Siux Diablo Revolution Pro 3,\u00a0es la\u00a0pala oficial de Sanyo Guti\u00e9rrez.\u00a0Ha sido dise\u00f1ada para jugadores de p\u00e1del de\u00a0nivel avanzado o profesional\u00a0que buscan polivalencia en cada jugada. Tiene un tacto duro y un \u00a0peso ligero de 355-375 gramos que posibilita una gran libertad de movimiento, agilidad y comodidad en todo momento.","breadcrumb":{"@id":"https:\/\/revolutionpadelstore.com\/fr\/produit\/siux-diablo-revolution-pro-3-3\/#breadcrumb"},"inLanguage":"fr-FR","potentialAction":[{"@type":"ReadAction","target":["https:\/\/revolutionpadelstore.com\/fr\/produit\/siux-diablo-revolution-pro-3-3\/"]}]},{"@type":"ImageObject","inLanguage":"fr-FR","@id":"https:\/\/revolutionpadelstore.com\/fr\/produit\/siux-diablo-revolution-pro-3-3\/#primaryimage","url":"https:\/\/revolutionpadelstore.com\/wp-content\/uploads\/2024\/06\/29.png","contentUrl":"https:\/\/revolutionpadelstore.com\/wp-content\/uploads\/2024\/06\/29.png","width":1500,"height":1500},{"@type":"BreadcrumbList","@id":"https:\/\/revolutionpadelstore.com\/fr\/produit\/siux-diablo-revolution-pro-3-3\/#breadcrumb","itemListElement":[{"@type":"ListItem","position":1,"name":"Portada","item":"https:\/\/revolutionpadelstore.com\/fr\/"},{"@type":"ListItem","position":2,"name":"Boutique","item":"https:\/\/revolutionpadelstore.com\/fr\/tienda\/"},{"@type":"ListItem","position":3,"name":"SIUX DIABLO REVOLUTION PRO 3"}]},{"@type":"WebSite","@id":"https:\/\/revolutionpadelstore.com\/fr\/#website","url":"https:\/\/revolutionpadelstore.com\/fr\/","name":"Revolution Padel Store","description":"","publisher":{"@id":"https:\/\/revolutionpadelstore.com\/fr\/#organization"},"potentialAction":[{"@type":"SearchAction","target":{"@type":"EntryPoint","urlTemplate":"https:\/\/revolutionpadelstore.com\/fr\/?s={search_term_string}"},"query-input":{"@type":"PropertyValueSpecification","valueRequired":true,"valueName":"search_term_string"}}],"inLanguage":"fr-FR"},{"@type":"Organization","@id":"https:\/\/revolutionpadelstore.com\/fr\/#organization","name":"Revolution Padel Store","url":"https:\/\/revolutionpadelstore.com\/fr\/","logo":{"@type":"ImageObject","inLanguage":"fr-FR","@id":"https:\/\/revolutionpadelstore.com\/fr\/#\/schema\/logo\/image\/","url":"https:\/\/revolutionpadelstore.com\/wp-content\/uploads\/2026\/02\/revolution-padel-store.jpg","contentUrl":"https:\/\/revolutionpadelstore.com\/wp-content\/uploads\/2026\/02\/revolution-padel-store.jpg","width":2000,"height":2000,"caption":"Revolution Padel Store"},"image":{"@id":"https:\/\/revolutionpadelstore.com\/fr\/#\/schema\/logo\/image\/"},"sameAs":["https:\/\/www.instagram.com\/revolutionpadelstore\/"]}]}},"_links":{"self":[{"href":"https:\/\/revolutionpadelstore.com\/fr\/wp-json\/wp\/v2\/product\/19730","targetHints":{"allow":["GET"]}}],"collection":[{"href":"https:\/\/revolutionpadelstore.com\/fr\/wp-json\/wp\/v2\/product"}],"about":[{"href":"https:\/\/revolutionpadelstore.com\/fr\/wp-json\/wp\/v2\/types\/product"}],"replies":[{"embeddable":true,"href":"https:\/\/revolutionpadelstore.com\/fr\/wp-json\/wp\/v2\/comments?post=19730"}],"wp:featuredmedia":[{"embeddable":true,"href":"https:\/\/revolutionpadelstore.com\/fr\/wp-json\/wp\/v2\/media\/71449"}],"wp:attachment":[{"href":"https:\/\/revolutionpadelstore.com\/fr\/wp-json\/wp\/v2\/media?parent=19730"}],"wp:term":[{"taxonomy":"acabado","embeddable":true,"href":"https:\/\/revolutionpadelstore.com\/fr\/wp-json\/wp\/v2\/acabado?post=19730"},{"taxonomy":"balance","embeddable":true,"href":"https:\/\/revolutionpadelstore.com\/fr\/wp-json\/wp\/v2\/balance?post=19730"},{"taxonomy":"dureza","embeddable":true,"href":"https:\/\/revolutionpadelstore.com\/fr\/wp-json\/wp\/v2\/dureza?post=19730"},{"taxonomy":"forma","embeddable":true,"href":"https:\/\/revolutionpadelstore.com\/fr\/wp-json\/wp\/v2\/forma?post=19730"},{"taxonomy":"jugador","embeddable":true,"href":"https:\/\/revolutionpadelstore.com\/fr\/wp-json\/wp\/v2\/jugador?post=19730"},{"taxonomy":"marca","embeddable":true,"href":"https:\/\/revolutionpadelstore.com\/fr\/wp-json\/wp\/v2\/marca?post=19730"},{"taxonomy":"nivel-de-juego","embeddable":true,"href":"https:\/\/revolutionpadelstore.com\/fr\/wp-json\/wp\/v2\/nivel-de-juego?post=19730"},{"taxonomy":"superficie","embeddable":true,"href":"https:\/\/revolutionpadelstore.com\/fr\/wp-json\/wp\/v2\/superficie?post=19730"},{"taxonomy":"tipo-de-juego","embeddable":true,"href":"https:\/\/revolutionpadelstore.com\/fr\/wp-json\/wp\/v2\/tipo-de-juego?post=19730"},{"taxonomy":"product_brand","embeddable":true,"href":"https:\/\/revolutionpadelstore.com\/fr\/wp-json\/wp\/v2\/product_brand?post=19730"},{"taxonomy":"product_cat","embeddable":true,"href":"https:\/\/revolutionpadelstore.com\/fr\/wp-json\/wp\/v2\/product_cat?post=19730"},{"taxonomy":"product_tag","embeddable":true,"href":"https:\/\/revolutionpadelstore.com\/fr\/wp-json\/wp\/v2\/product_tag?post=19730"}],"curies":[{"name":"wp","href":"https:\/\/api.w.org\/{rel}","templated":true}]}}