{"id":19725,"date":"2024-04-09T20:05:11","date_gmt":"2024-04-09T18:05:11","guid":{"rendered":"https:\/\/revolutionpadelstore.com\/siux-diablo-revolution-lite-3\/"},"modified":"2026-04-21T02:02:28","modified_gmt":"2026-04-21T00:02:28","slug":"siux-diablo-revolution-lite-3-3","status":"publish","type":"product","link":"https:\/\/revolutionpadelstore.com\/fr\/produit\/siux-diablo-revolution-lite-3-3\/","title":{"rendered":"SIUX DIABLO REVOLUTION LITE 3"},"content":{"rendered":"<h2>Siux Diablo Revolution Lite 3, la polyvalence \u00e0 chaque jeu<\/h2>\n<p>La raquette <strong>Siux Diablo Revolution Lite 3<\/strong>, qui appartient \u00e0 la <em>S\u00e9rie Lite<\/em> de Siux, est le choix parfait pour les joueurs de padel qui recherchent un \u00e9quilibre exceptionnel entre puissance et contr\u00f4le dans le piste.<\/p>\n<p>Cette raquette pr\u00e9sente une forme hybride (combinant des formes en forme de larme et ronde), qui permet au joueur de s&#8217;adapter \u00e0 toutes les situations de jeu en apportant puissance en attaque et pr\u00e9cision en d\u00e9fense.<\/p>\n<p>L&#8217;<strong>\u00e9quilibre moyen<\/strong> et la fourchette de poids entre <strong>355 et 375 grammes<\/strong> favorisent une bonne polyvalence et une grande adaptabilit\u00e9 tout au long du jeu. Vous b\u00e9n\u00e9ficierez de puissance et de contr\u00f4le \u00e0 parts \u00e9gales.<\/p>\n<h2>Bonne r\u00e9sistance aux impacts intenses<\/h2>\n<p>Les faces de la raquette ont une finition mate et sont fabriqu\u00e9es en carbone 12K, ce qui offre une r\u00e9sistance et une durabilit\u00e9 exceptionnelles, m\u00eame lors des frappes les plus intenses. Le cadre tubulaire en carbone 3K ajoute encore plus de rigidit\u00e9 et de durabilit\u00e9 \u00e0 la structure, garantissant des performances fiables dans le temps.<\/p>\n<p>Le noyau en caoutchouc EVA du Siux Diablo Revolution Lite 3 offre une sensation moyenne et garantit une r\u00e9ponse confortable et sensible \u00e0 chaque coup. Ce noyau offre un excellent rendement de balle et permet de contr\u00f4ler les tirs avec pr\u00e9cision.<\/p>\n<h3>Protection optimale contre les blessures<\/h3>\n<p>C\u00f4t\u00e9 technologies, ce mod\u00e8le comprend le syst\u00e8me <em><strong>Dual Pro Grip<\/strong><\/em>, un surgrip en caoutchouc FOAM qui assure une prise ferme, confortable et s\u00fbre. Tandis que les <em><strong>amortisseurs de chocs<\/strong><\/em> r\u00e9duisent les vibrations ind\u00e9sirables apr\u00e8s l&#8217;impact, prot\u00e9geant ainsi vos articulations et minimisant le risque de blessure.<\/p>\n<p>Et si nous nous concentrons sur son design, nous pouvons souligner son esth\u00e9tique moderne, attrayante et puissante, obtenue en combinant les d\u00e9tails m\u00e9talliques du cadre rouge avec du carbone noir et des marques lin\u00e9aires.<\/p>\n<h2>Siux Diablo Revolution Lite 3, versatilidad en cada jugada<\/h2>\n","protected":false},"excerpt":{"rendered":"<p>Le Siux Diablo Revolution Lite 3 se distingue par sa polyvalence gr\u00e2ce \u00e0 sa forme hybride et son \u00e9quilibre moyen. R\u00e9sistant avec du Carbone 12K, il apporte puissance et contr\u00f4le. Technologie Dual Pro Grip et amortisseurs Shockout pour une meilleure protection.<\/p>\n","protected":false},"featured_media":266449,"comment_status":"open","ping_status":"closed","template":"","meta":{"_acf_changed":false,"_joinchat":[]},"acabado":[1087],"balance":[1142],"dureza":[1157],"forma":[1177],"jugador":[1192,1202],"marca":[1307],"nivel-de-juego":[1337],"superficie":[1357],"tipo-de-juego":[1387],"product_brand":[],"product_cat":[302],"product_tag":[],"class_list":{"0":"post-19725","1":"product","2":"type-product","3":"status-publish","4":"has-post-thumbnail","6":"acabado-mon-pote","7":"balance-moyen","8":"dureza-media-fr","9":"forma-hybride","10":"jugador-homme","11":"jugador-polivalente-fr","12":"marca-siux-fr","13":"superficie-lise","14":"tipo-de-juego-polivalente-fr","15":"product_cat-palas-de-padel-fr","17":"first","18":"instock","19":"sale","20":"taxable","21":"shipping-taxable","22":"purchasable","23":"product-type-simple"},"acf":[],"yoast_head":"<!-- This site is optimized with the Yoast SEO plugin v27.4 - https:\/\/yoast.com\/product\/yoast-seo-wordpress\/ -->\n<title>SIUX DIABLO REVOLUTION LITE 3 - Revolution Padel Store<\/title>\n<meta name=\"description\" content=\"La Siux Diablo Revolution Lite 3 destaca por su versatilidad gracias a su forma h\u00edbrida y balance medio. Resistente con Carbono 12K, brinda potencia y control. Tecnolog\u00eda Dual Pro Grip y Dampeners Shockout para mayor protecci\u00f3n.\" \/>\n<meta name=\"robots\" content=\"index, follow, max-snippet:-1, max-image-preview:large, max-video-preview:-1\" \/>\n<link rel=\"canonical\" href=\"https:\/\/revolutionpadelstore.com\/fr\/produit\/siux-diablo-revolution-lite-3-3\/\" \/>\n<meta property=\"og:locale\" content=\"fr_FR\" \/>\n<meta property=\"og:type\" content=\"article\" \/>\n<meta property=\"og:title\" content=\"COMPRAR SIUX DIABLO REVOLUTION LITE 3\" \/>\n<meta property=\"og:description\" content=\"La Siux Diablo Revolution Lite 3 destaca por su versatilidad gracias a su forma h\u00edbrida y balance medio. Resistente con Carbono 12K, brinda potencia y control. Tecnolog\u00eda Dual Pro Grip y Dampeners Shockout para mayor protecci\u00f3n.\" \/>\n<meta property=\"og:url\" content=\"https:\/\/revolutionpadelstore.com\/fr\/produit\/siux-diablo-revolution-lite-3-3\/\" \/>\n<meta property=\"og:site_name\" content=\"Revolution Padel Store\" \/>\n<meta property=\"article:modified_time\" content=\"2026-04-21T00:02:28+00:00\" \/>\n<meta property=\"og:image\" content=\"https:\/\/revolutionpadelstore.com\/wp-content\/uploads\/2024\/04\/109472_siux_diablo_revolution_lite_3_1500x1500_vista1_9470.webp\" \/>\n\t<meta property=\"og:image:width\" content=\"1500\" \/>\n\t<meta property=\"og:image:height\" content=\"1500\" \/>\n\t<meta property=\"og:image:type\" content=\"image\/webp\" \/>\n<meta name=\"twitter:card\" content=\"summary_large_image\" \/>\n<meta name=\"twitter:label1\" content=\"Dur\u00e9e de lecture estim\u00e9e\" \/>\n\t<meta name=\"twitter:data1\" content=\"2 minutes\" \/>\n<script type=\"application\/ld+json\" class=\"yoast-schema-graph\">{\"@context\":\"https:\\\/\\\/schema.org\",\"@graph\":[{\"@type\":\"WebPage\",\"@id\":\"https:\\\/\\\/revolutionpadelstore.com\\\/fr\\\/produit\\\/siux-diablo-revolution-lite-3-3\\\/\",\"url\":\"https:\\\/\\\/revolutionpadelstore.com\\\/fr\\\/produit\\\/siux-diablo-revolution-lite-3-3\\\/\",\"name\":\"SIUX DIABLO REVOLUTION LITE 3 - Revolution Padel Store\",\"isPartOf\":{\"@id\":\"https:\\\/\\\/revolutionpadelstore.com\\\/fr\\\/#website\"},\"primaryImageOfPage\":{\"@id\":\"https:\\\/\\\/revolutionpadelstore.com\\\/fr\\\/produit\\\/siux-diablo-revolution-lite-3-3\\\/#primaryimage\"},\"image\":{\"@id\":\"https:\\\/\\\/revolutionpadelstore.com\\\/fr\\\/produit\\\/siux-diablo-revolution-lite-3-3\\\/#primaryimage\"},\"thumbnailUrl\":\"https:\\\/\\\/revolutionpadelstore.com\\\/wp-content\\\/uploads\\\/2024\\\/04\\\/109472-diablo-3-lite-grip-regular-1500x1500-1.webp\",\"datePublished\":\"2024-04-09T18:05:11+00:00\",\"dateModified\":\"2026-04-21T00:02:28+00:00\",\"description\":\"La Siux Diablo Revolution Lite 3 destaca por su versatilidad gracias a su forma h\u00edbrida y balance medio. Resistente con Carbono 12K, brinda potencia y control. Tecnolog\u00eda Dual Pro Grip y Dampeners Shockout para mayor protecci\u00f3n.\",\"breadcrumb\":{\"@id\":\"https:\\\/\\\/revolutionpadelstore.com\\\/fr\\\/produit\\\/siux-diablo-revolution-lite-3-3\\\/#breadcrumb\"},\"inLanguage\":\"fr-FR\",\"potentialAction\":[{\"@type\":\"ReadAction\",\"target\":[\"https:\\\/\\\/revolutionpadelstore.com\\\/fr\\\/produit\\\/siux-diablo-revolution-lite-3-3\\\/\"]}]},{\"@type\":\"ImageObject\",\"inLanguage\":\"fr-FR\",\"@id\":\"https:\\\/\\\/revolutionpadelstore.com\\\/fr\\\/produit\\\/siux-diablo-revolution-lite-3-3\\\/#primaryimage\",\"url\":\"https:\\\/\\\/revolutionpadelstore.com\\\/wp-content\\\/uploads\\\/2024\\\/04\\\/109472-diablo-3-lite-grip-regular-1500x1500-1.webp\",\"contentUrl\":\"https:\\\/\\\/revolutionpadelstore.com\\\/wp-content\\\/uploads\\\/2024\\\/04\\\/109472-diablo-3-lite-grip-regular-1500x1500-1.webp\",\"width\":1500,\"height\":1500},{\"@type\":\"BreadcrumbList\",\"@id\":\"https:\\\/\\\/revolutionpadelstore.com\\\/fr\\\/produit\\\/siux-diablo-revolution-lite-3-3\\\/#breadcrumb\",\"itemListElement\":[{\"@type\":\"ListItem\",\"position\":1,\"name\":\"Portada\",\"item\":\"https:\\\/\\\/revolutionpadelstore.com\\\/fr\\\/\"},{\"@type\":\"ListItem\",\"position\":2,\"name\":\"Boutique\",\"item\":\"https:\\\/\\\/revolutionpadelstore.com\\\/fr\\\/tienda\\\/\"},{\"@type\":\"ListItem\",\"position\":3,\"name\":\"SIUX DIABLO REVOLUTION LITE 3\"}]},{\"@type\":\"WebSite\",\"@id\":\"https:\\\/\\\/revolutionpadelstore.com\\\/fr\\\/#website\",\"url\":\"https:\\\/\\\/revolutionpadelstore.com\\\/fr\\\/\",\"name\":\"Revolution Padel Store\",\"description\":\"\",\"publisher\":{\"@id\":\"https:\\\/\\\/revolutionpadelstore.com\\\/fr\\\/#organization\"},\"potentialAction\":[{\"@type\":\"SearchAction\",\"target\":{\"@type\":\"EntryPoint\",\"urlTemplate\":\"https:\\\/\\\/revolutionpadelstore.com\\\/fr\\\/?s={search_term_string}\"},\"query-input\":{\"@type\":\"PropertyValueSpecification\",\"valueRequired\":true,\"valueName\":\"search_term_string\"}}],\"inLanguage\":\"fr-FR\"},{\"@type\":\"Organization\",\"@id\":\"https:\\\/\\\/revolutionpadelstore.com\\\/fr\\\/#organization\",\"name\":\"Revolution Padel Store\",\"url\":\"https:\\\/\\\/revolutionpadelstore.com\\\/fr\\\/\",\"logo\":{\"@type\":\"ImageObject\",\"inLanguage\":\"fr-FR\",\"@id\":\"https:\\\/\\\/revolutionpadelstore.com\\\/fr\\\/#\\\/schema\\\/logo\\\/image\\\/\",\"url\":\"https:\\\/\\\/revolutionpadelstore.com\\\/wp-content\\\/uploads\\\/2026\\\/02\\\/revolution-padel-store.jpg\",\"contentUrl\":\"https:\\\/\\\/revolutionpadelstore.com\\\/wp-content\\\/uploads\\\/2026\\\/02\\\/revolution-padel-store.jpg\",\"width\":2000,\"height\":2000,\"caption\":\"Revolution Padel Store\"},\"image\":{\"@id\":\"https:\\\/\\\/revolutionpadelstore.com\\\/fr\\\/#\\\/schema\\\/logo\\\/image\\\/\"},\"sameAs\":[\"https:\\\/\\\/www.instagram.com\\\/revolutionpadelstore\\\/\"]}]}<\/script>\n<!-- \/ Yoast SEO plugin. -->","yoast_head_json":{"title":"SIUX DIABLO REVOLUTION LITE 3 - Revolution Padel Store","description":"La Siux Diablo Revolution Lite 3 destaca por su versatilidad gracias a su forma h\u00edbrida y balance medio. Resistente con Carbono 12K, brinda potencia y control. Tecnolog\u00eda Dual Pro Grip y Dampeners Shockout para mayor protecci\u00f3n.","robots":{"index":"index","follow":"follow","max-snippet":"max-snippet:-1","max-image-preview":"max-image-preview:large","max-video-preview":"max-video-preview:-1"},"canonical":"https:\/\/revolutionpadelstore.com\/fr\/produit\/siux-diablo-revolution-lite-3-3\/","og_locale":"fr_FR","og_type":"article","og_title":"COMPRAR SIUX DIABLO REVOLUTION LITE 3","og_description":"La Siux Diablo Revolution Lite 3 destaca por su versatilidad gracias a su forma h\u00edbrida y balance medio. Resistente con Carbono 12K, brinda potencia y control. Tecnolog\u00eda Dual Pro Grip y Dampeners Shockout para mayor protecci\u00f3n.","og_url":"https:\/\/revolutionpadelstore.com\/fr\/produit\/siux-diablo-revolution-lite-3-3\/","og_site_name":"Revolution Padel Store","article_modified_time":"2026-04-21T00:02:28+00:00","og_image":[{"width":1500,"height":1500,"url":"https:\/\/revolutionpadelstore.com\/wp-content\/uploads\/2024\/04\/109472_siux_diablo_revolution_lite_3_1500x1500_vista1_9470.webp","type":"image\/webp"}],"twitter_card":"summary_large_image","twitter_misc":{"Dur\u00e9e de lecture estim\u00e9e":"2 minutes"},"schema":{"@context":"https:\/\/schema.org","@graph":[{"@type":"WebPage","@id":"https:\/\/revolutionpadelstore.com\/fr\/produit\/siux-diablo-revolution-lite-3-3\/","url":"https:\/\/revolutionpadelstore.com\/fr\/produit\/siux-diablo-revolution-lite-3-3\/","name":"SIUX DIABLO REVOLUTION LITE 3 - Revolution Padel Store","isPartOf":{"@id":"https:\/\/revolutionpadelstore.com\/fr\/#website"},"primaryImageOfPage":{"@id":"https:\/\/revolutionpadelstore.com\/fr\/produit\/siux-diablo-revolution-lite-3-3\/#primaryimage"},"image":{"@id":"https:\/\/revolutionpadelstore.com\/fr\/produit\/siux-diablo-revolution-lite-3-3\/#primaryimage"},"thumbnailUrl":"https:\/\/revolutionpadelstore.com\/wp-content\/uploads\/2024\/04\/109472-diablo-3-lite-grip-regular-1500x1500-1.webp","datePublished":"2024-04-09T18:05:11+00:00","dateModified":"2026-04-21T00:02:28+00:00","description":"La Siux Diablo Revolution Lite 3 destaca por su versatilidad gracias a su forma h\u00edbrida y balance medio. Resistente con Carbono 12K, brinda potencia y control. Tecnolog\u00eda Dual Pro Grip y Dampeners Shockout para mayor protecci\u00f3n.","breadcrumb":{"@id":"https:\/\/revolutionpadelstore.com\/fr\/produit\/siux-diablo-revolution-lite-3-3\/#breadcrumb"},"inLanguage":"fr-FR","potentialAction":[{"@type":"ReadAction","target":["https:\/\/revolutionpadelstore.com\/fr\/produit\/siux-diablo-revolution-lite-3-3\/"]}]},{"@type":"ImageObject","inLanguage":"fr-FR","@id":"https:\/\/revolutionpadelstore.com\/fr\/produit\/siux-diablo-revolution-lite-3-3\/#primaryimage","url":"https:\/\/revolutionpadelstore.com\/wp-content\/uploads\/2024\/04\/109472-diablo-3-lite-grip-regular-1500x1500-1.webp","contentUrl":"https:\/\/revolutionpadelstore.com\/wp-content\/uploads\/2024\/04\/109472-diablo-3-lite-grip-regular-1500x1500-1.webp","width":1500,"height":1500},{"@type":"BreadcrumbList","@id":"https:\/\/revolutionpadelstore.com\/fr\/produit\/siux-diablo-revolution-lite-3-3\/#breadcrumb","itemListElement":[{"@type":"ListItem","position":1,"name":"Portada","item":"https:\/\/revolutionpadelstore.com\/fr\/"},{"@type":"ListItem","position":2,"name":"Boutique","item":"https:\/\/revolutionpadelstore.com\/fr\/tienda\/"},{"@type":"ListItem","position":3,"name":"SIUX DIABLO REVOLUTION LITE 3"}]},{"@type":"WebSite","@id":"https:\/\/revolutionpadelstore.com\/fr\/#website","url":"https:\/\/revolutionpadelstore.com\/fr\/","name":"Revolution Padel Store","description":"","publisher":{"@id":"https:\/\/revolutionpadelstore.com\/fr\/#organization"},"potentialAction":[{"@type":"SearchAction","target":{"@type":"EntryPoint","urlTemplate":"https:\/\/revolutionpadelstore.com\/fr\/?s={search_term_string}"},"query-input":{"@type":"PropertyValueSpecification","valueRequired":true,"valueName":"search_term_string"}}],"inLanguage":"fr-FR"},{"@type":"Organization","@id":"https:\/\/revolutionpadelstore.com\/fr\/#organization","name":"Revolution Padel Store","url":"https:\/\/revolutionpadelstore.com\/fr\/","logo":{"@type":"ImageObject","inLanguage":"fr-FR","@id":"https:\/\/revolutionpadelstore.com\/fr\/#\/schema\/logo\/image\/","url":"https:\/\/revolutionpadelstore.com\/wp-content\/uploads\/2026\/02\/revolution-padel-store.jpg","contentUrl":"https:\/\/revolutionpadelstore.com\/wp-content\/uploads\/2026\/02\/revolution-padel-store.jpg","width":2000,"height":2000,"caption":"Revolution Padel Store"},"image":{"@id":"https:\/\/revolutionpadelstore.com\/fr\/#\/schema\/logo\/image\/"},"sameAs":["https:\/\/www.instagram.com\/revolutionpadelstore\/"]}]}},"_links":{"self":[{"href":"https:\/\/revolutionpadelstore.com\/fr\/wp-json\/wp\/v2\/product\/19725","targetHints":{"allow":["GET"]}}],"collection":[{"href":"https:\/\/revolutionpadelstore.com\/fr\/wp-json\/wp\/v2\/product"}],"about":[{"href":"https:\/\/revolutionpadelstore.com\/fr\/wp-json\/wp\/v2\/types\/product"}],"replies":[{"embeddable":true,"href":"https:\/\/revolutionpadelstore.com\/fr\/wp-json\/wp\/v2\/comments?post=19725"}],"wp:featuredmedia":[{"embeddable":true,"href":"https:\/\/revolutionpadelstore.com\/fr\/wp-json\/wp\/v2\/media\/266449"}],"wp:attachment":[{"href":"https:\/\/revolutionpadelstore.com\/fr\/wp-json\/wp\/v2\/media?parent=19725"}],"wp:term":[{"taxonomy":"acabado","embeddable":true,"href":"https:\/\/revolutionpadelstore.com\/fr\/wp-json\/wp\/v2\/acabado?post=19725"},{"taxonomy":"balance","embeddable":true,"href":"https:\/\/revolutionpadelstore.com\/fr\/wp-json\/wp\/v2\/balance?post=19725"},{"taxonomy":"dureza","embeddable":true,"href":"https:\/\/revolutionpadelstore.com\/fr\/wp-json\/wp\/v2\/dureza?post=19725"},{"taxonomy":"forma","embeddable":true,"href":"https:\/\/revolutionpadelstore.com\/fr\/wp-json\/wp\/v2\/forma?post=19725"},{"taxonomy":"jugador","embeddable":true,"href":"https:\/\/revolutionpadelstore.com\/fr\/wp-json\/wp\/v2\/jugador?post=19725"},{"taxonomy":"marca","embeddable":true,"href":"https:\/\/revolutionpadelstore.com\/fr\/wp-json\/wp\/v2\/marca?post=19725"},{"taxonomy":"nivel-de-juego","embeddable":true,"href":"https:\/\/revolutionpadelstore.com\/fr\/wp-json\/wp\/v2\/nivel-de-juego?post=19725"},{"taxonomy":"superficie","embeddable":true,"href":"https:\/\/revolutionpadelstore.com\/fr\/wp-json\/wp\/v2\/superficie?post=19725"},{"taxonomy":"tipo-de-juego","embeddable":true,"href":"https:\/\/revolutionpadelstore.com\/fr\/wp-json\/wp\/v2\/tipo-de-juego?post=19725"},{"taxonomy":"product_brand","embeddable":true,"href":"https:\/\/revolutionpadelstore.com\/fr\/wp-json\/wp\/v2\/product_brand?post=19725"},{"taxonomy":"product_cat","embeddable":true,"href":"https:\/\/revolutionpadelstore.com\/fr\/wp-json\/wp\/v2\/product_cat?post=19725"},{"taxonomy":"product_tag","embeddable":true,"href":"https:\/\/revolutionpadelstore.com\/fr\/wp-json\/wp\/v2\/product_tag?post=19725"}],"curies":[{"name":"wp","href":"https:\/\/api.w.org\/{rel}","templated":true}]}}