{"id":197241,"date":"2025-02-26T18:11:00","date_gmt":"2025-02-26T17:11:00","guid":{"rendered":"https:\/\/revolutionpadelstore.com\/joma-slam-men-2508-mostaza\/"},"modified":"2026-04-08T06:11:21","modified_gmt":"2026-04-08T04:11:21","slug":"joma-slam-men-2508-mostaza-3","status":"publish","type":"product","link":"https:\/\/revolutionpadelstore.com\/fr\/produit\/joma-slam-men-2508-mostaza-3\/","title":{"rendered":"JOMA SLAM MEN 2508 MOSTAZA"},"content":{"rendered":"<h2> pagayeurs professionnels &#8211; performances maximales sur la piste <\/h2>\n<p>D\u00e9couvrez les chaussures \u00e0 palette haute con\u00e7ues pour exiger les joueurs \u00e0 la recherche de confort, de stabilit\u00e9 et de durabilit\u00e9. Test\u00e9 par des professionnels tels que l&#8217;ancien num\u00e9ro 1 mondial Carolina Navarro et Juanlu Esbr\u00ed, ce mod\u00e8le int\u00e8gre des technologies de pointe pour am\u00e9liorer vos performances dans chaque partie.<\/p>\n<h2> Caract\u00e9ristiques exceptionnelles <\/h2>\n<p><P style=\"padding-left: 40px\"> &#8211; sup\u00e9rieur respirant avec la technologie VTS: maintient une ventilation optimale et contr\u00f4le la transpiration.<br \/>\n-C Habitude de pr\u00e9cision avec Joma Sportch: Thermallado sans coutures pour un plus grand confort et soutien.<br \/>\n-Rarsesterrion Rafra\u00eechissement: augmenter la r\u00e9sistance dans les zones les plus expos\u00e9es \u00e0 l&#8217;usure.<br \/>\n-Dual Reactif MediaElala: M\u00e9langer le phylon et la balle r\u00e9active pour un coussin et un retour d&#8217;\u00e9nergie plus \u00e9lev\u00e9s.<br \/>\n-Suzuela Durabilit\u00e9: conception omni qui offre une traction, une stabilit\u00e9 et des glissements de terrain contr\u00f4l\u00e9s. <\/p>\n<h2> Technologies innovantes <\/h2>\n<p>&lt;p style = &quot;padding-left: 40px;&quot;<br \/>\nFlexo: lignes de flexion qui am\u00e9liorent la transition de la bande de roulement.<br \/>\nProtection: Mat\u00e9riau inject\u00e9 dans l&#039;orteil pour \u00e9viter l&#039;usure.<br \/>\nBoule r\u00e9active: absorbe les impacts et renvoie l&#039;\u00e9nergie pour une plus grande impulsion.<br \/>\nSportch: Technologie sans coutures qui r\u00e9duit le poids et augmente le confort.<br \/>\nSTABILIS: pi\u00e8ce TPU qui \u00e9vite les torsions ind\u00e9sirables et am\u00e9liore la stabilit\u00e9.<br \/>\nVTS: syst\u00e8me de ventilation qui maintient une temp\u00e9rature constante dans le pied.<\/p>\n<h2> Sp\u00e9cifications <\/h2>\n<p>&lt;p style = &quot;padding-left: 40px;&quot;<br \/>\n&lt;p style = &quot;padding-left: 40px;&quot;<\/p>\n<p style=\"padding-left: 40px\"> Protection: renforc\u00e9 avec le syst\u00e8me de protection. <\/p>\n<p> MediaSuela: Phylon avec une balle r\u00e9active et un stabilis. <\/p>\n<p style=\"padding-left: 40px\"> Seme: Durabilit\u00e9 Rubber avec motif omni.<\/p>\n<p style=\"padding-left: 40px\"> Utilisation recommand\u00e9e: formation et comp\u00e9tition. <\/p>\n<p>&lt;p style = &quot;padding-left: 40px;&quot; Couleur: moutarde. <\/p>\n<p style=\"padding-left: 40px\"> Gender: homme. <\/p>\n<p style=\"padding-left: 40px\"> R\u00e9f\u00e9rence: tslams2508om. <\/p>\n<p><strong> am\u00e9liore votre jeu avec les chaussures \u00e0 pagaie les plus avanc\u00e9es du march\u00e9.<\/p>\n<h2>Zapatillas de P\u00e1del Profesionales \u2013 M\u00e1ximo Rendimiento en la Pista<\/h2>\n","protected":false},"excerpt":{"rendered":"<p>Explorez des chaussures \u00e0 pagaie haute performance, cr\u00e9\u00e9es pour les joueurs qui priorisent le confort, la stabilit\u00e9 et la r\u00e9sistance. Soutenu par des experts tels que l&#8217;ancien num\u00e9ro un du monde Carolina Navarro et Juanlu Esbr\u00ed, ce mod\u00e8le a une technologie innovante pour optimiser vos performances sur la piste.<\/p>\n","protected":false},"featured_media":197272,"comment_status":"open","ping_status":"closed","template":"","meta":{"_acf_changed":false,"_joinchat":[]},"acabado":[],"balance":[],"dureza":[],"forma":[],"jugador":[1192],"marca":[1227],"nivel-de-juego":[],"superficie":[],"tipo-de-juego":[],"product_brand":[],"product_cat":[830],"product_tag":[],"class_list":{"0":"post-197241","1":"product","2":"type-product","3":"status-publish","4":"has-post-thumbnail","6":"jugador-homme","7":"marca-joma-fr","8":"product_cat-baskets","10":"first","11":"outofstock","12":"sale","13":"taxable","14":"shipping-taxable","15":"purchasable","16":"product-type-variable"},"acf":[],"yoast_head":"<!-- This site is optimized with the Yoast SEO plugin v27.4 - https:\/\/yoast.com\/product\/yoast-seo-wordpress\/ -->\n<title>JOMA SLAM MEN 2508 MOSTAZA - Revolution Padel Store<\/title>\n<meta name=\"description\" content=\"Compra las zapatillas de p\u00e1del profesionales con tecnolog\u00edas avanzadas para m\u00e1xima estabilidad y amortiguaci\u00f3n. Disponibles en www.revolutionpadelstore.com al mejor precio\" \/>\n<meta name=\"robots\" content=\"index, follow, max-snippet:-1, max-image-preview:large, max-video-preview:-1\" \/>\n<link rel=\"canonical\" href=\"https:\/\/revolutionpadelstore.com\/fr\/produit\/joma-slam-men-2508-mostaza-3\/\" \/>\n<meta property=\"og:locale\" content=\"fr_FR\" \/>\n<meta property=\"og:type\" content=\"article\" \/>\n<meta property=\"og:title\" content=\"JOMA SLAM MEN 2508 MOSTAZA - Revolution Padel Store\" \/>\n<meta property=\"og:description\" content=\"Compra las zapatillas de p\u00e1del profesionales con tecnolog\u00edas avanzadas para m\u00e1xima estabilidad y amortiguaci\u00f3n. Disponibles en www.revolutionpadelstore.com al mejor precio\" \/>\n<meta property=\"og:url\" content=\"https:\/\/revolutionpadelstore.com\/fr\/produit\/joma-slam-men-2508-mostaza-3\/\" \/>\n<meta property=\"og:site_name\" content=\"Revolution Padel Store\" \/>\n<meta property=\"article:modified_time\" content=\"2026-04-08T04:11:21+00:00\" \/>\n<meta property=\"og:image\" content=\"https:\/\/revolutionpadelstore.com\/wp-content\/uploads\/2025\/02\/FOTO-PALAS-6.png\" \/>\n\t<meta property=\"og:image:width\" content=\"1500\" \/>\n\t<meta property=\"og:image:height\" content=\"1500\" \/>\n\t<meta property=\"og:image:type\" content=\"image\/png\" \/>\n<meta name=\"twitter:card\" content=\"summary_large_image\" \/>\n<meta name=\"twitter:label1\" content=\"Dur\u00e9e de lecture estim\u00e9e\" \/>\n\t<meta name=\"twitter:data1\" content=\"2 minutes\" \/>\n<script type=\"application\/ld+json\" class=\"yoast-schema-graph\">{\"@context\":\"https:\\\/\\\/schema.org\",\"@graph\":[{\"@type\":\"WebPage\",\"@id\":\"https:\\\/\\\/revolutionpadelstore.com\\\/fr\\\/produit\\\/joma-slam-men-2508-mostaza-3\\\/\",\"url\":\"https:\\\/\\\/revolutionpadelstore.com\\\/fr\\\/produit\\\/joma-slam-men-2508-mostaza-3\\\/\",\"name\":\"JOMA SLAM MEN 2508 MOSTAZA - Revolution Padel Store\",\"isPartOf\":{\"@id\":\"https:\\\/\\\/revolutionpadelstore.com\\\/fr\\\/#website\"},\"primaryImageOfPage\":{\"@id\":\"https:\\\/\\\/revolutionpadelstore.com\\\/fr\\\/produit\\\/joma-slam-men-2508-mostaza-3\\\/#primaryimage\"},\"image\":{\"@id\":\"https:\\\/\\\/revolutionpadelstore.com\\\/fr\\\/produit\\\/joma-slam-men-2508-mostaza-3\\\/#primaryimage\"},\"thumbnailUrl\":\"https:\\\/\\\/revolutionpadelstore.com\\\/wp-content\\\/uploads\\\/2025\\\/02\\\/FOTO-PALAS-6.png\",\"datePublished\":\"2025-02-26T17:11:00+00:00\",\"dateModified\":\"2026-04-08T04:11:21+00:00\",\"description\":\"Compra las zapatillas de p\u00e1del profesionales con tecnolog\u00edas avanzadas para m\u00e1xima estabilidad y amortiguaci\u00f3n. Disponibles en www.revolutionpadelstore.com al mejor precio\",\"breadcrumb\":{\"@id\":\"https:\\\/\\\/revolutionpadelstore.com\\\/fr\\\/produit\\\/joma-slam-men-2508-mostaza-3\\\/#breadcrumb\"},\"inLanguage\":\"fr-FR\",\"potentialAction\":[{\"@type\":\"ReadAction\",\"target\":[\"https:\\\/\\\/revolutionpadelstore.com\\\/fr\\\/produit\\\/joma-slam-men-2508-mostaza-3\\\/\"]}]},{\"@type\":\"ImageObject\",\"inLanguage\":\"fr-FR\",\"@id\":\"https:\\\/\\\/revolutionpadelstore.com\\\/fr\\\/produit\\\/joma-slam-men-2508-mostaza-3\\\/#primaryimage\",\"url\":\"https:\\\/\\\/revolutionpadelstore.com\\\/wp-content\\\/uploads\\\/2025\\\/02\\\/FOTO-PALAS-6.png\",\"contentUrl\":\"https:\\\/\\\/revolutionpadelstore.com\\\/wp-content\\\/uploads\\\/2025\\\/02\\\/FOTO-PALAS-6.png\",\"width\":1500,\"height\":1500},{\"@type\":\"BreadcrumbList\",\"@id\":\"https:\\\/\\\/revolutionpadelstore.com\\\/fr\\\/produit\\\/joma-slam-men-2508-mostaza-3\\\/#breadcrumb\",\"itemListElement\":[{\"@type\":\"ListItem\",\"position\":1,\"name\":\"Portada\",\"item\":\"https:\\\/\\\/revolutionpadelstore.com\\\/fr\\\/\"},{\"@type\":\"ListItem\",\"position\":2,\"name\":\"Boutique\",\"item\":\"https:\\\/\\\/revolutionpadelstore.com\\\/fr\\\/tienda\\\/\"},{\"@type\":\"ListItem\",\"position\":3,\"name\":\"JOMA SLAM MEN 2508 MOSTAZA\"}]},{\"@type\":\"WebSite\",\"@id\":\"https:\\\/\\\/revolutionpadelstore.com\\\/fr\\\/#website\",\"url\":\"https:\\\/\\\/revolutionpadelstore.com\\\/fr\\\/\",\"name\":\"Revolution Padel Store\",\"description\":\"\",\"publisher\":{\"@id\":\"https:\\\/\\\/revolutionpadelstore.com\\\/fr\\\/#organization\"},\"potentialAction\":[{\"@type\":\"SearchAction\",\"target\":{\"@type\":\"EntryPoint\",\"urlTemplate\":\"https:\\\/\\\/revolutionpadelstore.com\\\/fr\\\/?s={search_term_string}\"},\"query-input\":{\"@type\":\"PropertyValueSpecification\",\"valueRequired\":true,\"valueName\":\"search_term_string\"}}],\"inLanguage\":\"fr-FR\"},{\"@type\":\"Organization\",\"@id\":\"https:\\\/\\\/revolutionpadelstore.com\\\/fr\\\/#organization\",\"name\":\"Revolution Padel Store\",\"url\":\"https:\\\/\\\/revolutionpadelstore.com\\\/fr\\\/\",\"logo\":{\"@type\":\"ImageObject\",\"inLanguage\":\"fr-FR\",\"@id\":\"https:\\\/\\\/revolutionpadelstore.com\\\/fr\\\/#\\\/schema\\\/logo\\\/image\\\/\",\"url\":\"https:\\\/\\\/revolutionpadelstore.com\\\/wp-content\\\/uploads\\\/2026\\\/02\\\/revolution-padel-store.jpg\",\"contentUrl\":\"https:\\\/\\\/revolutionpadelstore.com\\\/wp-content\\\/uploads\\\/2026\\\/02\\\/revolution-padel-store.jpg\",\"width\":2000,\"height\":2000,\"caption\":\"Revolution Padel Store\"},\"image\":{\"@id\":\"https:\\\/\\\/revolutionpadelstore.com\\\/fr\\\/#\\\/schema\\\/logo\\\/image\\\/\"},\"sameAs\":[\"https:\\\/\\\/www.instagram.com\\\/revolutionpadelstore\\\/\"]}]}<\/script>\n<!-- \/ Yoast SEO plugin. -->","yoast_head_json":{"title":"JOMA SLAM MEN 2508 MOSTAZA - Revolution Padel Store","description":"Compra las zapatillas de p\u00e1del profesionales con tecnolog\u00edas avanzadas para m\u00e1xima estabilidad y amortiguaci\u00f3n. Disponibles en www.revolutionpadelstore.com al mejor precio","robots":{"index":"index","follow":"follow","max-snippet":"max-snippet:-1","max-image-preview":"max-image-preview:large","max-video-preview":"max-video-preview:-1"},"canonical":"https:\/\/revolutionpadelstore.com\/fr\/produit\/joma-slam-men-2508-mostaza-3\/","og_locale":"fr_FR","og_type":"article","og_title":"JOMA SLAM MEN 2508 MOSTAZA - Revolution Padel Store","og_description":"Compra las zapatillas de p\u00e1del profesionales con tecnolog\u00edas avanzadas para m\u00e1xima estabilidad y amortiguaci\u00f3n. Disponibles en www.revolutionpadelstore.com al mejor precio","og_url":"https:\/\/revolutionpadelstore.com\/fr\/produit\/joma-slam-men-2508-mostaza-3\/","og_site_name":"Revolution Padel Store","article_modified_time":"2026-04-08T04:11:21+00:00","og_image":[{"width":1500,"height":1500,"url":"https:\/\/revolutionpadelstore.com\/wp-content\/uploads\/2025\/02\/FOTO-PALAS-6.png","type":"image\/png"}],"twitter_card":"summary_large_image","twitter_misc":{"Dur\u00e9e de lecture estim\u00e9e":"2 minutes"},"schema":{"@context":"https:\/\/schema.org","@graph":[{"@type":"WebPage","@id":"https:\/\/revolutionpadelstore.com\/fr\/produit\/joma-slam-men-2508-mostaza-3\/","url":"https:\/\/revolutionpadelstore.com\/fr\/produit\/joma-slam-men-2508-mostaza-3\/","name":"JOMA SLAM MEN 2508 MOSTAZA - Revolution Padel Store","isPartOf":{"@id":"https:\/\/revolutionpadelstore.com\/fr\/#website"},"primaryImageOfPage":{"@id":"https:\/\/revolutionpadelstore.com\/fr\/produit\/joma-slam-men-2508-mostaza-3\/#primaryimage"},"image":{"@id":"https:\/\/revolutionpadelstore.com\/fr\/produit\/joma-slam-men-2508-mostaza-3\/#primaryimage"},"thumbnailUrl":"https:\/\/revolutionpadelstore.com\/wp-content\/uploads\/2025\/02\/FOTO-PALAS-6.png","datePublished":"2025-02-26T17:11:00+00:00","dateModified":"2026-04-08T04:11:21+00:00","description":"Compra las zapatillas de p\u00e1del profesionales con tecnolog\u00edas avanzadas para m\u00e1xima estabilidad y amortiguaci\u00f3n. Disponibles en www.revolutionpadelstore.com al mejor precio","breadcrumb":{"@id":"https:\/\/revolutionpadelstore.com\/fr\/produit\/joma-slam-men-2508-mostaza-3\/#breadcrumb"},"inLanguage":"fr-FR","potentialAction":[{"@type":"ReadAction","target":["https:\/\/revolutionpadelstore.com\/fr\/produit\/joma-slam-men-2508-mostaza-3\/"]}]},{"@type":"ImageObject","inLanguage":"fr-FR","@id":"https:\/\/revolutionpadelstore.com\/fr\/produit\/joma-slam-men-2508-mostaza-3\/#primaryimage","url":"https:\/\/revolutionpadelstore.com\/wp-content\/uploads\/2025\/02\/FOTO-PALAS-6.png","contentUrl":"https:\/\/revolutionpadelstore.com\/wp-content\/uploads\/2025\/02\/FOTO-PALAS-6.png","width":1500,"height":1500},{"@type":"BreadcrumbList","@id":"https:\/\/revolutionpadelstore.com\/fr\/produit\/joma-slam-men-2508-mostaza-3\/#breadcrumb","itemListElement":[{"@type":"ListItem","position":1,"name":"Portada","item":"https:\/\/revolutionpadelstore.com\/fr\/"},{"@type":"ListItem","position":2,"name":"Boutique","item":"https:\/\/revolutionpadelstore.com\/fr\/tienda\/"},{"@type":"ListItem","position":3,"name":"JOMA SLAM MEN 2508 MOSTAZA"}]},{"@type":"WebSite","@id":"https:\/\/revolutionpadelstore.com\/fr\/#website","url":"https:\/\/revolutionpadelstore.com\/fr\/","name":"Revolution Padel Store","description":"","publisher":{"@id":"https:\/\/revolutionpadelstore.com\/fr\/#organization"},"potentialAction":[{"@type":"SearchAction","target":{"@type":"EntryPoint","urlTemplate":"https:\/\/revolutionpadelstore.com\/fr\/?s={search_term_string}"},"query-input":{"@type":"PropertyValueSpecification","valueRequired":true,"valueName":"search_term_string"}}],"inLanguage":"fr-FR"},{"@type":"Organization","@id":"https:\/\/revolutionpadelstore.com\/fr\/#organization","name":"Revolution Padel Store","url":"https:\/\/revolutionpadelstore.com\/fr\/","logo":{"@type":"ImageObject","inLanguage":"fr-FR","@id":"https:\/\/revolutionpadelstore.com\/fr\/#\/schema\/logo\/image\/","url":"https:\/\/revolutionpadelstore.com\/wp-content\/uploads\/2026\/02\/revolution-padel-store.jpg","contentUrl":"https:\/\/revolutionpadelstore.com\/wp-content\/uploads\/2026\/02\/revolution-padel-store.jpg","width":2000,"height":2000,"caption":"Revolution Padel Store"},"image":{"@id":"https:\/\/revolutionpadelstore.com\/fr\/#\/schema\/logo\/image\/"},"sameAs":["https:\/\/www.instagram.com\/revolutionpadelstore\/"]}]}},"_links":{"self":[{"href":"https:\/\/revolutionpadelstore.com\/fr\/wp-json\/wp\/v2\/product\/197241","targetHints":{"allow":["GET"]}}],"collection":[{"href":"https:\/\/revolutionpadelstore.com\/fr\/wp-json\/wp\/v2\/product"}],"about":[{"href":"https:\/\/revolutionpadelstore.com\/fr\/wp-json\/wp\/v2\/types\/product"}],"replies":[{"embeddable":true,"href":"https:\/\/revolutionpadelstore.com\/fr\/wp-json\/wp\/v2\/comments?post=197241"}],"wp:featuredmedia":[{"embeddable":true,"href":"https:\/\/revolutionpadelstore.com\/fr\/wp-json\/wp\/v2\/media\/197272"}],"wp:attachment":[{"href":"https:\/\/revolutionpadelstore.com\/fr\/wp-json\/wp\/v2\/media?parent=197241"}],"wp:term":[{"taxonomy":"acabado","embeddable":true,"href":"https:\/\/revolutionpadelstore.com\/fr\/wp-json\/wp\/v2\/acabado?post=197241"},{"taxonomy":"balance","embeddable":true,"href":"https:\/\/revolutionpadelstore.com\/fr\/wp-json\/wp\/v2\/balance?post=197241"},{"taxonomy":"dureza","embeddable":true,"href":"https:\/\/revolutionpadelstore.com\/fr\/wp-json\/wp\/v2\/dureza?post=197241"},{"taxonomy":"forma","embeddable":true,"href":"https:\/\/revolutionpadelstore.com\/fr\/wp-json\/wp\/v2\/forma?post=197241"},{"taxonomy":"jugador","embeddable":true,"href":"https:\/\/revolutionpadelstore.com\/fr\/wp-json\/wp\/v2\/jugador?post=197241"},{"taxonomy":"marca","embeddable":true,"href":"https:\/\/revolutionpadelstore.com\/fr\/wp-json\/wp\/v2\/marca?post=197241"},{"taxonomy":"nivel-de-juego","embeddable":true,"href":"https:\/\/revolutionpadelstore.com\/fr\/wp-json\/wp\/v2\/nivel-de-juego?post=197241"},{"taxonomy":"superficie","embeddable":true,"href":"https:\/\/revolutionpadelstore.com\/fr\/wp-json\/wp\/v2\/superficie?post=197241"},{"taxonomy":"tipo-de-juego","embeddable":true,"href":"https:\/\/revolutionpadelstore.com\/fr\/wp-json\/wp\/v2\/tipo-de-juego?post=197241"},{"taxonomy":"product_brand","embeddable":true,"href":"https:\/\/revolutionpadelstore.com\/fr\/wp-json\/wp\/v2\/product_brand?post=197241"},{"taxonomy":"product_cat","embeddable":true,"href":"https:\/\/revolutionpadelstore.com\/fr\/wp-json\/wp\/v2\/product_cat?post=197241"},{"taxonomy":"product_tag","embeddable":true,"href":"https:\/\/revolutionpadelstore.com\/fr\/wp-json\/wp\/v2\/product_tag?post=197241"}],"curies":[{"name":"wp","href":"https:\/\/api.w.org\/{rel}","templated":true}]}}