{"id":19720,"date":"2024-04-10T08:44:59","date_gmt":"2024-04-10T06:44:59","guid":{"rendered":"https:\/\/revolutionpadelstore.com\/wilson-bela-pro-v2-5\/"},"modified":"2026-04-08T14:26:23","modified_gmt":"2026-04-08T12:26:23","slug":"wilson-bela-pro-v2-5","status":"publish","type":"product","link":"https:\/\/revolutionpadelstore.com\/fr\/produit\/wilson-bela-pro-v2-5\/","title":{"rendered":"WILSON BELA PRO V2.5"},"content":{"rendered":"<p>Con\u00e7ue en collaboration avec l&#8217;ancien num\u00e9ro 1 mondial Fernando Belasteguin, la Bela Pro V2.5 met sa raquette de padel entre les mains de tous les joueurs qui souhaitent atteindre le sommet.<br \/>\nInspir\u00e9 par son d\u00e9vouement infatigable au sport et son d\u00e9sir insatiable de gagner, le Bela Pro utilise une technologie de pointe pour offrir des performances maximales, id\u00e9ales pour les joueurs avanc\u00e9s cherchant \u00e0 dicter le point.<br \/>\nAvec un sweet spot am\u00e9lior\u00e9 et une sensation constante, le cadre est int\u00e9gr\u00e9 \u00e0 une mousse EVA ferme et \u00e0 du Primero Carbon, offrant une puissante combinaison de puissance et de r\u00e9activit\u00e9.<br \/>\nLa texture Spin Effect g\u00e9n\u00e8re une rotation constante, tandis que le motif de trous soigneusement con\u00e7u maintient une r\u00e9ponse uniforme sur l&#8217;ensemble du visage.<br \/>\nD&#8217;autres am\u00e9liorations apport\u00e9es \u00e0 cette raquette de padel incluent des encoches ajout\u00e9es sur le manche pour offrir une sensation de prise confortable et une protection transparente pour prolonger la durabilit\u00e9 du cadre et de la peinture.<br \/>\nFabriqu\u00e9 avec pr\u00e9cision \u00e0 l&#8217;aide d&#8217;une construction tubulaire en carbone, garantissant une \u00e9paisseur tubulaire uniforme et r\u00e9sultant en une plus grande durabilit\u00e9, un contr\u00f4le de tir incroyable et une sensation sup\u00e9rieure sur toute la raquette.<br \/>\nIl int\u00e8gre du carbone de qualit\u00e9 sup\u00e9rieure dans le cadre pour offrir une combinaison de puissance \u00e9lev\u00e9e et de r\u00e9ponse rapide, augmentant ainsi la propulsion de la face de la pale.<br \/>\nProduit des coups nets et fermes pour une lib\u00e9ration de balle plus rapide et un excellent contr\u00f4le.<br \/>\nSurface textur\u00e9e qui maintient la balle au contact pour une meilleure rotation et une excellente sensation \u00e0 chaque tir.<br \/>\nPolyur\u00e9thane exclusif et alliage Izo-Zorb qui offrent une excellente combinaison d&#8217;adh\u00e9rence et d&#8217;amorti.<\/p>\n","protected":false},"excerpt":{"rendered":"<p>Raquette Wilson Bela Pro V2.5 au format larme pour les joueurs de niveau avanc\u00e9. A l&#8217;int\u00e9rieur, il dispose d&#8217;une mousse EVA capable de fournir de la puissance et une excellente r\u00e9activit\u00e9. La texture Spin Effect g\u00e9n\u00e8re une rotation constante, tandis que le motif de trous soigneusement con\u00e7u maintient une r\u00e9ponse uniforme sur l&#8217;ensemble du visage. Il int\u00e8gre du carbone de qualit\u00e9 sup\u00e9rieure dans le cadre pour offrir une combinaison de puissance \u00e9lev\u00e9e et de r\u00e9ponse rapide, augmentant ainsi la propulsion de la face de la pale.<\/p>\n","protected":false},"featured_media":50232,"comment_status":"open","ping_status":"closed","template":"","meta":{"_acf_changed":false,"_joinchat":[]},"acabado":[1082,1092],"balance":[1137],"dureza":[1162],"forma":[1187],"jugador":[1192,1202],"marca":[1267],"nivel-de-juego":[1337],"superficie":[1362],"tipo-de-juego":[1382],"product_brand":[],"product_cat":[302],"product_tag":[],"class_list":{"0":"post-19720","1":"product","2":"type-product","3":"status-publish","4":"has-post-thumbnail","6":"acabado-luminosite","7":"acabado-soulager-la-3d","8":"balance-eleve","9":"dureza-dure","10":"forma-lagrima-fr","11":"jugador-homme","12":"jugador-polivalente-fr","13":"marca-wilson-fr","14":"superficie-rugosa-fr","15":"tipo-de-juego-attaque","16":"product_cat-palas-de-padel-fr","18":"first","19":"instock","20":"sale","21":"taxable","22":"shipping-taxable","23":"purchasable","24":"product-type-simple"},"acf":[],"yoast_head":"<!-- This site is optimized with the Yoast SEO plugin v27.4 - https:\/\/yoast.com\/product\/yoast-seo-wordpress\/ -->\n<title>WILSON BELA PRO V2.5 - Revolution Padel Store<\/title>\n<meta name=\"description\" content=\"Pala Wilson Bela Pro V2.5 en formato l\u00e1grima para jugadores de nivel avanzado. En su interior cuenta con una espuma EVA capaz de proporcionar potencia y excelente capacidad de respuesta. La textura Spin Effect genera un spin consistente, mientras que el patr\u00f3n de agujeros cuidadosamente dise\u00f1ado mantiene una respuesta uniforme en toda la cara. Integra carbono premium en el marco para ofrecer una combinaci\u00f3n de gran potencia y una r\u00e1pida capacidad de respuesta, lo que aumenta la propulsi\u00f3n de la cara de la pala.\" \/>\n<meta name=\"robots\" content=\"index, follow, max-snippet:-1, max-image-preview:large, max-video-preview:-1\" \/>\n<link rel=\"canonical\" href=\"https:\/\/revolutionpadelstore.com\/fr\/produit\/wilson-bela-pro-v2-5\/\" \/>\n<meta property=\"og:locale\" content=\"fr_FR\" \/>\n<meta property=\"og:type\" content=\"article\" \/>\n<meta property=\"og:title\" content=\"COMPRAR WILSON BELA PRO V2.5\" \/>\n<meta property=\"og:description\" content=\"Pala Wilson Bela Pro V2.5 en formato l\u00e1grima para jugadores de nivel avanzado. En su interior cuenta con una espuma EVA capaz de proporcionar potencia y excelente capacidad de respuesta. La textura Spin Effect genera un spin consistente, mientras que el patr\u00f3n de agujeros cuidadosamente dise\u00f1ado mantiene una respuesta uniforme en toda la cara. Integra carbono premium en el marco para ofrecer una combinaci\u00f3n de gran potencia y una r\u00e1pida capacidad de respuesta, lo que aumenta la propulsi\u00f3n de la cara de la pala.\" \/>\n<meta property=\"og:url\" content=\"https:\/\/revolutionpadelstore.com\/fr\/produit\/wilson-bela-pro-v2-5\/\" \/>\n<meta property=\"og:site_name\" content=\"Revolution Padel Store\" \/>\n<meta property=\"article:modified_time\" content=\"2026-04-08T12:26:23+00:00\" \/>\n<meta property=\"og:image\" content=\"https:\/\/revolutionpadelstore.com\/wp-content\/uploads\/2024\/04\/pala-wilson-bela-pro-v2-5-1-800x800-1.jpg\" \/>\n\t<meta property=\"og:image:width\" content=\"800\" \/>\n\t<meta property=\"og:image:height\" content=\"800\" \/>\n\t<meta property=\"og:image:type\" content=\"image\/jpeg\" \/>\n<meta name=\"twitter:card\" content=\"summary_large_image\" \/>\n<meta name=\"twitter:label1\" content=\"Dur\u00e9e de lecture estim\u00e9e\" \/>\n\t<meta name=\"twitter:data1\" content=\"2 minutes\" \/>\n<script type=\"application\/ld+json\" class=\"yoast-schema-graph\">{\"@context\":\"https:\\\/\\\/schema.org\",\"@graph\":[{\"@type\":\"WebPage\",\"@id\":\"https:\\\/\\\/revolutionpadelstore.com\\\/fr\\\/produit\\\/wilson-bela-pro-v2-5\\\/\",\"url\":\"https:\\\/\\\/revolutionpadelstore.com\\\/fr\\\/produit\\\/wilson-bela-pro-v2-5\\\/\",\"name\":\"WILSON BELA PRO V2.5 - Revolution Padel Store\",\"isPartOf\":{\"@id\":\"https:\\\/\\\/revolutionpadelstore.com\\\/fr\\\/#website\"},\"primaryImageOfPage\":{\"@id\":\"https:\\\/\\\/revolutionpadelstore.com\\\/fr\\\/produit\\\/wilson-bela-pro-v2-5\\\/#primaryimage\"},\"image\":{\"@id\":\"https:\\\/\\\/revolutionpadelstore.com\\\/fr\\\/produit\\\/wilson-bela-pro-v2-5\\\/#primaryimage\"},\"thumbnailUrl\":\"https:\\\/\\\/revolutionpadelstore.com\\\/wp-content\\\/uploads\\\/2024\\\/04\\\/pala-wilson-bela-pro-v2-5-1-800x800-1.jpg\",\"datePublished\":\"2024-04-10T06:44:59+00:00\",\"dateModified\":\"2026-04-08T12:26:23+00:00\",\"description\":\"Pala Wilson Bela Pro V2.5 en formato l\u00e1grima para jugadores de nivel avanzado. En su interior cuenta con una espuma EVA capaz de proporcionar potencia y excelente capacidad de respuesta. La textura Spin Effect genera un spin consistente, mientras que el patr\u00f3n de agujeros cuidadosamente dise\u00f1ado mantiene una respuesta uniforme en toda la cara. Integra carbono premium en el marco para ofrecer una combinaci\u00f3n de gran potencia y una r\u00e1pida capacidad de respuesta, lo que aumenta la propulsi\u00f3n de la cara de la pala.\",\"breadcrumb\":{\"@id\":\"https:\\\/\\\/revolutionpadelstore.com\\\/fr\\\/produit\\\/wilson-bela-pro-v2-5\\\/#breadcrumb\"},\"inLanguage\":\"fr-FR\",\"potentialAction\":[{\"@type\":\"ReadAction\",\"target\":[\"https:\\\/\\\/revolutionpadelstore.com\\\/fr\\\/produit\\\/wilson-bela-pro-v2-5\\\/\"]}]},{\"@type\":\"ImageObject\",\"inLanguage\":\"fr-FR\",\"@id\":\"https:\\\/\\\/revolutionpadelstore.com\\\/fr\\\/produit\\\/wilson-bela-pro-v2-5\\\/#primaryimage\",\"url\":\"https:\\\/\\\/revolutionpadelstore.com\\\/wp-content\\\/uploads\\\/2024\\\/04\\\/pala-wilson-bela-pro-v2-5-1-800x800-1.jpg\",\"contentUrl\":\"https:\\\/\\\/revolutionpadelstore.com\\\/wp-content\\\/uploads\\\/2024\\\/04\\\/pala-wilson-bela-pro-v2-5-1-800x800-1.jpg\",\"width\":800,\"height\":800},{\"@type\":\"BreadcrumbList\",\"@id\":\"https:\\\/\\\/revolutionpadelstore.com\\\/fr\\\/produit\\\/wilson-bela-pro-v2-5\\\/#breadcrumb\",\"itemListElement\":[{\"@type\":\"ListItem\",\"position\":1,\"name\":\"Portada\",\"item\":\"https:\\\/\\\/revolutionpadelstore.com\\\/fr\\\/\"},{\"@type\":\"ListItem\",\"position\":2,\"name\":\"Boutique\",\"item\":\"https:\\\/\\\/revolutionpadelstore.com\\\/fr\\\/tienda\\\/\"},{\"@type\":\"ListItem\",\"position\":3,\"name\":\"WILSON BELA PRO V2.5\"}]},{\"@type\":\"WebSite\",\"@id\":\"https:\\\/\\\/revolutionpadelstore.com\\\/fr\\\/#website\",\"url\":\"https:\\\/\\\/revolutionpadelstore.com\\\/fr\\\/\",\"name\":\"Revolution Padel Store\",\"description\":\"\",\"publisher\":{\"@id\":\"https:\\\/\\\/revolutionpadelstore.com\\\/fr\\\/#organization\"},\"potentialAction\":[{\"@type\":\"SearchAction\",\"target\":{\"@type\":\"EntryPoint\",\"urlTemplate\":\"https:\\\/\\\/revolutionpadelstore.com\\\/fr\\\/?s={search_term_string}\"},\"query-input\":{\"@type\":\"PropertyValueSpecification\",\"valueRequired\":true,\"valueName\":\"search_term_string\"}}],\"inLanguage\":\"fr-FR\"},{\"@type\":\"Organization\",\"@id\":\"https:\\\/\\\/revolutionpadelstore.com\\\/fr\\\/#organization\",\"name\":\"Revolution Padel Store\",\"url\":\"https:\\\/\\\/revolutionpadelstore.com\\\/fr\\\/\",\"logo\":{\"@type\":\"ImageObject\",\"inLanguage\":\"fr-FR\",\"@id\":\"https:\\\/\\\/revolutionpadelstore.com\\\/fr\\\/#\\\/schema\\\/logo\\\/image\\\/\",\"url\":\"https:\\\/\\\/revolutionpadelstore.com\\\/wp-content\\\/uploads\\\/2026\\\/02\\\/revolution-padel-store.jpg\",\"contentUrl\":\"https:\\\/\\\/revolutionpadelstore.com\\\/wp-content\\\/uploads\\\/2026\\\/02\\\/revolution-padel-store.jpg\",\"width\":2000,\"height\":2000,\"caption\":\"Revolution Padel Store\"},\"image\":{\"@id\":\"https:\\\/\\\/revolutionpadelstore.com\\\/fr\\\/#\\\/schema\\\/logo\\\/image\\\/\"},\"sameAs\":[\"https:\\\/\\\/www.instagram.com\\\/revolutionpadelstore\\\/\"]}]}<\/script>\n<!-- \/ Yoast SEO plugin. -->","yoast_head_json":{"title":"WILSON BELA PRO V2.5 - Revolution Padel Store","description":"Pala Wilson Bela Pro V2.5 en formato l\u00e1grima para jugadores de nivel avanzado. En su interior cuenta con una espuma EVA capaz de proporcionar potencia y excelente capacidad de respuesta. La textura Spin Effect genera un spin consistente, mientras que el patr\u00f3n de agujeros cuidadosamente dise\u00f1ado mantiene una respuesta uniforme en toda la cara. Integra carbono premium en el marco para ofrecer una combinaci\u00f3n de gran potencia y una r\u00e1pida capacidad de respuesta, lo que aumenta la propulsi\u00f3n de la cara de la pala.","robots":{"index":"index","follow":"follow","max-snippet":"max-snippet:-1","max-image-preview":"max-image-preview:large","max-video-preview":"max-video-preview:-1"},"canonical":"https:\/\/revolutionpadelstore.com\/fr\/produit\/wilson-bela-pro-v2-5\/","og_locale":"fr_FR","og_type":"article","og_title":"COMPRAR WILSON BELA PRO V2.5","og_description":"Pala Wilson Bela Pro V2.5 en formato l\u00e1grima para jugadores de nivel avanzado. En su interior cuenta con una espuma EVA capaz de proporcionar potencia y excelente capacidad de respuesta. La textura Spin Effect genera un spin consistente, mientras que el patr\u00f3n de agujeros cuidadosamente dise\u00f1ado mantiene una respuesta uniforme en toda la cara. Integra carbono premium en el marco para ofrecer una combinaci\u00f3n de gran potencia y una r\u00e1pida capacidad de respuesta, lo que aumenta la propulsi\u00f3n de la cara de la pala.","og_url":"https:\/\/revolutionpadelstore.com\/fr\/produit\/wilson-bela-pro-v2-5\/","og_site_name":"Revolution Padel Store","article_modified_time":"2026-04-08T12:26:23+00:00","og_image":[{"width":800,"height":800,"url":"https:\/\/revolutionpadelstore.com\/wp-content\/uploads\/2024\/04\/pala-wilson-bela-pro-v2-5-1-800x800-1.jpg","type":"image\/jpeg"}],"twitter_card":"summary_large_image","twitter_misc":{"Dur\u00e9e de lecture estim\u00e9e":"2 minutes"},"schema":{"@context":"https:\/\/schema.org","@graph":[{"@type":"WebPage","@id":"https:\/\/revolutionpadelstore.com\/fr\/produit\/wilson-bela-pro-v2-5\/","url":"https:\/\/revolutionpadelstore.com\/fr\/produit\/wilson-bela-pro-v2-5\/","name":"WILSON BELA PRO V2.5 - Revolution Padel Store","isPartOf":{"@id":"https:\/\/revolutionpadelstore.com\/fr\/#website"},"primaryImageOfPage":{"@id":"https:\/\/revolutionpadelstore.com\/fr\/produit\/wilson-bela-pro-v2-5\/#primaryimage"},"image":{"@id":"https:\/\/revolutionpadelstore.com\/fr\/produit\/wilson-bela-pro-v2-5\/#primaryimage"},"thumbnailUrl":"https:\/\/revolutionpadelstore.com\/wp-content\/uploads\/2024\/04\/pala-wilson-bela-pro-v2-5-1-800x800-1.jpg","datePublished":"2024-04-10T06:44:59+00:00","dateModified":"2026-04-08T12:26:23+00:00","description":"Pala Wilson Bela Pro V2.5 en formato l\u00e1grima para jugadores de nivel avanzado. En su interior cuenta con una espuma EVA capaz de proporcionar potencia y excelente capacidad de respuesta. La textura Spin Effect genera un spin consistente, mientras que el patr\u00f3n de agujeros cuidadosamente dise\u00f1ado mantiene una respuesta uniforme en toda la cara. Integra carbono premium en el marco para ofrecer una combinaci\u00f3n de gran potencia y una r\u00e1pida capacidad de respuesta, lo que aumenta la propulsi\u00f3n de la cara de la pala.","breadcrumb":{"@id":"https:\/\/revolutionpadelstore.com\/fr\/produit\/wilson-bela-pro-v2-5\/#breadcrumb"},"inLanguage":"fr-FR","potentialAction":[{"@type":"ReadAction","target":["https:\/\/revolutionpadelstore.com\/fr\/produit\/wilson-bela-pro-v2-5\/"]}]},{"@type":"ImageObject","inLanguage":"fr-FR","@id":"https:\/\/revolutionpadelstore.com\/fr\/produit\/wilson-bela-pro-v2-5\/#primaryimage","url":"https:\/\/revolutionpadelstore.com\/wp-content\/uploads\/2024\/04\/pala-wilson-bela-pro-v2-5-1-800x800-1.jpg","contentUrl":"https:\/\/revolutionpadelstore.com\/wp-content\/uploads\/2024\/04\/pala-wilson-bela-pro-v2-5-1-800x800-1.jpg","width":800,"height":800},{"@type":"BreadcrumbList","@id":"https:\/\/revolutionpadelstore.com\/fr\/produit\/wilson-bela-pro-v2-5\/#breadcrumb","itemListElement":[{"@type":"ListItem","position":1,"name":"Portada","item":"https:\/\/revolutionpadelstore.com\/fr\/"},{"@type":"ListItem","position":2,"name":"Boutique","item":"https:\/\/revolutionpadelstore.com\/fr\/tienda\/"},{"@type":"ListItem","position":3,"name":"WILSON BELA PRO V2.5"}]},{"@type":"WebSite","@id":"https:\/\/revolutionpadelstore.com\/fr\/#website","url":"https:\/\/revolutionpadelstore.com\/fr\/","name":"Revolution Padel Store","description":"","publisher":{"@id":"https:\/\/revolutionpadelstore.com\/fr\/#organization"},"potentialAction":[{"@type":"SearchAction","target":{"@type":"EntryPoint","urlTemplate":"https:\/\/revolutionpadelstore.com\/fr\/?s={search_term_string}"},"query-input":{"@type":"PropertyValueSpecification","valueRequired":true,"valueName":"search_term_string"}}],"inLanguage":"fr-FR"},{"@type":"Organization","@id":"https:\/\/revolutionpadelstore.com\/fr\/#organization","name":"Revolution Padel Store","url":"https:\/\/revolutionpadelstore.com\/fr\/","logo":{"@type":"ImageObject","inLanguage":"fr-FR","@id":"https:\/\/revolutionpadelstore.com\/fr\/#\/schema\/logo\/image\/","url":"https:\/\/revolutionpadelstore.com\/wp-content\/uploads\/2026\/02\/revolution-padel-store.jpg","contentUrl":"https:\/\/revolutionpadelstore.com\/wp-content\/uploads\/2026\/02\/revolution-padel-store.jpg","width":2000,"height":2000,"caption":"Revolution Padel Store"},"image":{"@id":"https:\/\/revolutionpadelstore.com\/fr\/#\/schema\/logo\/image\/"},"sameAs":["https:\/\/www.instagram.com\/revolutionpadelstore\/"]}]}},"_links":{"self":[{"href":"https:\/\/revolutionpadelstore.com\/fr\/wp-json\/wp\/v2\/product\/19720","targetHints":{"allow":["GET"]}}],"collection":[{"href":"https:\/\/revolutionpadelstore.com\/fr\/wp-json\/wp\/v2\/product"}],"about":[{"href":"https:\/\/revolutionpadelstore.com\/fr\/wp-json\/wp\/v2\/types\/product"}],"replies":[{"embeddable":true,"href":"https:\/\/revolutionpadelstore.com\/fr\/wp-json\/wp\/v2\/comments?post=19720"}],"wp:featuredmedia":[{"embeddable":true,"href":"https:\/\/revolutionpadelstore.com\/fr\/wp-json\/wp\/v2\/media\/50232"}],"wp:attachment":[{"href":"https:\/\/revolutionpadelstore.com\/fr\/wp-json\/wp\/v2\/media?parent=19720"}],"wp:term":[{"taxonomy":"acabado","embeddable":true,"href":"https:\/\/revolutionpadelstore.com\/fr\/wp-json\/wp\/v2\/acabado?post=19720"},{"taxonomy":"balance","embeddable":true,"href":"https:\/\/revolutionpadelstore.com\/fr\/wp-json\/wp\/v2\/balance?post=19720"},{"taxonomy":"dureza","embeddable":true,"href":"https:\/\/revolutionpadelstore.com\/fr\/wp-json\/wp\/v2\/dureza?post=19720"},{"taxonomy":"forma","embeddable":true,"href":"https:\/\/revolutionpadelstore.com\/fr\/wp-json\/wp\/v2\/forma?post=19720"},{"taxonomy":"jugador","embeddable":true,"href":"https:\/\/revolutionpadelstore.com\/fr\/wp-json\/wp\/v2\/jugador?post=19720"},{"taxonomy":"marca","embeddable":true,"href":"https:\/\/revolutionpadelstore.com\/fr\/wp-json\/wp\/v2\/marca?post=19720"},{"taxonomy":"nivel-de-juego","embeddable":true,"href":"https:\/\/revolutionpadelstore.com\/fr\/wp-json\/wp\/v2\/nivel-de-juego?post=19720"},{"taxonomy":"superficie","embeddable":true,"href":"https:\/\/revolutionpadelstore.com\/fr\/wp-json\/wp\/v2\/superficie?post=19720"},{"taxonomy":"tipo-de-juego","embeddable":true,"href":"https:\/\/revolutionpadelstore.com\/fr\/wp-json\/wp\/v2\/tipo-de-juego?post=19720"},{"taxonomy":"product_brand","embeddable":true,"href":"https:\/\/revolutionpadelstore.com\/fr\/wp-json\/wp\/v2\/product_brand?post=19720"},{"taxonomy":"product_cat","embeddable":true,"href":"https:\/\/revolutionpadelstore.com\/fr\/wp-json\/wp\/v2\/product_cat?post=19720"},{"taxonomy":"product_tag","embeddable":true,"href":"https:\/\/revolutionpadelstore.com\/fr\/wp-json\/wp\/v2\/product_tag?post=19720"}],"curies":[{"name":"wp","href":"https:\/\/api.w.org\/{rel}","templated":true}]}}