{"id":19715,"date":"2024-04-10T13:05:17","date_gmt":"2024-04-10T11:05:17","guid":{"rendered":"https:\/\/revolutionpadelstore.com\/wilson-bela-lt-v2-5\/"},"modified":"2026-04-08T14:25:48","modified_gmt":"2026-04-08T12:25:48","slug":"wilson-bela-lt-v2-5-3","status":"publish","type":"product","link":"https:\/\/revolutionpadelstore.com\/fr\/produit\/wilson-bela-lt-v2-5-3\/","title":{"rendered":"WILSON BELA LT V2.5"},"content":{"rendered":"<p>Raquette de padel la plus l\u00e9g\u00e8re de la gamme de Fernando Belasteguin, la Bela LT V2.5 offre des performances pr\u00eates pour la comp\u00e9tition dans un design impr\u00e9gn\u00e9 de son ADN de champion.<br \/>\nCon\u00e7u pour ne pas endommager le bras, le Bela LT combine un noyau en mousse EVA souple avec une couche de fibre de carbone tiss\u00e9e sur le visage, offrant une puissance amortie et confortable \u00e0 chaque coup.<br \/>\nPour am\u00e9liorer encore la sensation et la jouabilit\u00e9 de la raquette, le motif de trous soigneusement con\u00e7u et le sweet spot \u00e9largi offrent des r\u00e9ponses coh\u00e9rentes sur toute la face.<br \/>\nLa surface de la raquette est \u00e9galement textur\u00e9e pour produire des effets fiables, un must pour les joueurs comp\u00e9titifs \u00e0 la recherche d&#8217;un avantage.<br \/>\nEt gr\u00e2ce \u00e0 sa poign\u00e9e Shock Shield et \u00e0 sa dragonne int\u00e9gr\u00e9e, un confort maximal est \u00e0 port\u00e9e de main.<br \/>\nD&#8217;autres am\u00e9liorations apport\u00e9es \u00e0 cette raquette de paddle-tennis incluent des encoches ajout\u00e9es sur la poign\u00e9e pour offrir une sensation de prise confortable et une protection transparente pour prolonger la durabilit\u00e9 du cadre et de la peinture.<br \/>\nUne couche de fibre de carbone strat\u00e9giquement tiss\u00e9e offre aux joueurs la possibilit\u00e9 de frapper avec une puissance impressionnante.<br \/>\nIl offre une sensation d&#8217;amorti avec une absorption des chocs impressionnante, cr\u00e9ant une combinaison efficace de confort et de puissance l\u00e9g\u00e8re.<br \/>\nSurface textur\u00e9e qui maintient la balle en contact pour une meilleure rotation et une excellente sensation \u00e0 chaque tir.<br \/>\nProcessus avanc\u00e9 de per\u00e7age de trous qui produit plus de service \u00e0 chaque tir.<br \/>\nPolyur\u00e9thane exclusif et alliage Izo-Zorb qui offrent une excellente combinaison d&#8217;adh\u00e9rence et d&#8217;amorti.<\/p>\n","protected":false},"excerpt":{"rendered":"<p>Ressentez la puissance et le contr\u00f4le dans vos mains avec la raquette Wilson Bela LT 2.5 2024. Sa face en carbone 3K vous permet de frapper avec une force surprenante, tandis que la texture Signature Spin Effect vous offre un contr\u00f4le total sur la balle, vous permettant de frapper. des frappes pr\u00e9cises et pleines d&#8217;effets.<\/p>\n","protected":false},"featured_media":50212,"comment_status":"open","ping_status":"closed","template":"","meta":{"_acf_changed":false,"_joinchat":[]},"acabado":[1082],"balance":[1137,1142],"dureza":[1157],"forma":[1187],"jugador":[1192,1197,1202],"marca":[1267],"nivel-de-juego":[1337],"superficie":[1367],"tipo-de-juego":[1387],"product_brand":[],"product_cat":[302],"product_tag":[],"class_list":{"0":"post-19715","1":"product","2":"type-product","3":"status-publish","4":"has-post-thumbnail","6":"acabado-luminosite","7":"balance-eleve","8":"balance-moyen","9":"dureza-media-fr","10":"forma-lagrima-fr","11":"jugador-homme","12":"jugador-mujer-fr","13":"jugador-polivalente-fr","14":"marca-wilson-fr","15":"superficie-polyvalent","16":"tipo-de-juego-polivalente-fr","17":"product_cat-palas-de-padel-fr","19":"first","20":"onbackorder","21":"sale","22":"taxable","23":"shipping-taxable","24":"purchasable","25":"product-type-simple"},"acf":[],"yoast_head":"<!-- This site is optimized with the Yoast SEO plugin v27.4 - https:\/\/yoast.com\/product\/yoast-seo-wordpress\/ -->\n<title>WILSON BELA LT V2.5 - Revolution Padel Store<\/title>\n<meta name=\"description\" content=\"Siente la potencia y el control en tus manos con la pala Wilson Bela LT 2.5 2024. Su cara de carbono 3K te permite golpear con una fuerza sorprendente, mientras que la textura Signature Spin Effect te da un control total sobre la pelota, permiti\u00e9ndote realizar golpes precisos y llenos de efecto.\" \/>\n<meta name=\"robots\" content=\"index, follow, max-snippet:-1, max-image-preview:large, max-video-preview:-1\" \/>\n<link rel=\"canonical\" href=\"https:\/\/revolutionpadelstore.com\/fr\/produit\/wilson-bela-lt-v2-5-3\/\" \/>\n<meta property=\"og:locale\" content=\"fr_FR\" \/>\n<meta property=\"og:type\" content=\"article\" \/>\n<meta property=\"og:title\" content=\"COMPRAR WILSON BELA LT V2.5\" \/>\n<meta property=\"og:description\" content=\"Siente la potencia y el control en tus manos con la pala Wilson Bela LT 2.5 2024. Su cara de carbono 3K te permite golpear con una fuerza sorprendente, mientras que la textura Signature Spin Effect te da un control total sobre la pelota, permiti\u00e9ndote realizar golpes precisos y llenos de efecto.\" \/>\n<meta property=\"og:url\" content=\"https:\/\/revolutionpadelstore.com\/fr\/produit\/wilson-bela-lt-v2-5-3\/\" \/>\n<meta property=\"og:site_name\" content=\"Revolution Padel Store\" \/>\n<meta property=\"article:modified_time\" content=\"2026-04-08T12:25:48+00:00\" \/>\n<meta property=\"og:image\" content=\"https:\/\/revolutionpadelstore.com\/wp-content\/uploads\/2024\/04\/pala-wilson-bela-lt-v2-5-1-800x800-1.webp\" \/>\n\t<meta property=\"og:image:width\" content=\"800\" \/>\n\t<meta property=\"og:image:height\" content=\"800\" \/>\n\t<meta property=\"og:image:type\" content=\"image\/webp\" \/>\n<meta name=\"twitter:card\" content=\"summary_large_image\" \/>\n<meta name=\"twitter:label1\" content=\"Dur\u00e9e de lecture estim\u00e9e\" \/>\n\t<meta name=\"twitter:data1\" content=\"2 minutes\" \/>\n<script type=\"application\/ld+json\" class=\"yoast-schema-graph\">{\"@context\":\"https:\\\/\\\/schema.org\",\"@graph\":[{\"@type\":\"WebPage\",\"@id\":\"https:\\\/\\\/revolutionpadelstore.com\\\/fr\\\/produit\\\/wilson-bela-lt-v2-5-3\\\/\",\"url\":\"https:\\\/\\\/revolutionpadelstore.com\\\/fr\\\/produit\\\/wilson-bela-lt-v2-5-3\\\/\",\"name\":\"WILSON BELA LT V2.5 - Revolution Padel Store\",\"isPartOf\":{\"@id\":\"https:\\\/\\\/revolutionpadelstore.com\\\/fr\\\/#website\"},\"primaryImageOfPage\":{\"@id\":\"https:\\\/\\\/revolutionpadelstore.com\\\/fr\\\/produit\\\/wilson-bela-lt-v2-5-3\\\/#primaryimage\"},\"image\":{\"@id\":\"https:\\\/\\\/revolutionpadelstore.com\\\/fr\\\/produit\\\/wilson-bela-lt-v2-5-3\\\/#primaryimage\"},\"thumbnailUrl\":\"https:\\\/\\\/revolutionpadelstore.com\\\/wp-content\\\/uploads\\\/2024\\\/04\\\/pala-wilson-bela-lt-v2-5-1-800x800-1.webp\",\"datePublished\":\"2024-04-10T11:05:17+00:00\",\"dateModified\":\"2026-04-08T12:25:48+00:00\",\"description\":\"Siente la potencia y el control en tus manos con la pala Wilson Bela LT 2.5 2024. Su cara de carbono 3K te permite golpear con una fuerza sorprendente, mientras que la textura Signature Spin Effect te da un control total sobre la pelota, permiti\u00e9ndote realizar golpes precisos y llenos de efecto.\",\"breadcrumb\":{\"@id\":\"https:\\\/\\\/revolutionpadelstore.com\\\/fr\\\/produit\\\/wilson-bela-lt-v2-5-3\\\/#breadcrumb\"},\"inLanguage\":\"fr-FR\",\"potentialAction\":[{\"@type\":\"ReadAction\",\"target\":[\"https:\\\/\\\/revolutionpadelstore.com\\\/fr\\\/produit\\\/wilson-bela-lt-v2-5-3\\\/\"]}]},{\"@type\":\"ImageObject\",\"inLanguage\":\"fr-FR\",\"@id\":\"https:\\\/\\\/revolutionpadelstore.com\\\/fr\\\/produit\\\/wilson-bela-lt-v2-5-3\\\/#primaryimage\",\"url\":\"https:\\\/\\\/revolutionpadelstore.com\\\/wp-content\\\/uploads\\\/2024\\\/04\\\/pala-wilson-bela-lt-v2-5-1-800x800-1.webp\",\"contentUrl\":\"https:\\\/\\\/revolutionpadelstore.com\\\/wp-content\\\/uploads\\\/2024\\\/04\\\/pala-wilson-bela-lt-v2-5-1-800x800-1.webp\",\"width\":800,\"height\":800},{\"@type\":\"BreadcrumbList\",\"@id\":\"https:\\\/\\\/revolutionpadelstore.com\\\/fr\\\/produit\\\/wilson-bela-lt-v2-5-3\\\/#breadcrumb\",\"itemListElement\":[{\"@type\":\"ListItem\",\"position\":1,\"name\":\"Portada\",\"item\":\"https:\\\/\\\/revolutionpadelstore.com\\\/fr\\\/\"},{\"@type\":\"ListItem\",\"position\":2,\"name\":\"Boutique\",\"item\":\"https:\\\/\\\/revolutionpadelstore.com\\\/fr\\\/tienda\\\/\"},{\"@type\":\"ListItem\",\"position\":3,\"name\":\"WILSON BELA LT V2.5\"}]},{\"@type\":\"WebSite\",\"@id\":\"https:\\\/\\\/revolutionpadelstore.com\\\/fr\\\/#website\",\"url\":\"https:\\\/\\\/revolutionpadelstore.com\\\/fr\\\/\",\"name\":\"Revolution Padel Store\",\"description\":\"\",\"publisher\":{\"@id\":\"https:\\\/\\\/revolutionpadelstore.com\\\/fr\\\/#organization\"},\"potentialAction\":[{\"@type\":\"SearchAction\",\"target\":{\"@type\":\"EntryPoint\",\"urlTemplate\":\"https:\\\/\\\/revolutionpadelstore.com\\\/fr\\\/?s={search_term_string}\"},\"query-input\":{\"@type\":\"PropertyValueSpecification\",\"valueRequired\":true,\"valueName\":\"search_term_string\"}}],\"inLanguage\":\"fr-FR\"},{\"@type\":\"Organization\",\"@id\":\"https:\\\/\\\/revolutionpadelstore.com\\\/fr\\\/#organization\",\"name\":\"Revolution Padel Store\",\"url\":\"https:\\\/\\\/revolutionpadelstore.com\\\/fr\\\/\",\"logo\":{\"@type\":\"ImageObject\",\"inLanguage\":\"fr-FR\",\"@id\":\"https:\\\/\\\/revolutionpadelstore.com\\\/fr\\\/#\\\/schema\\\/logo\\\/image\\\/\",\"url\":\"https:\\\/\\\/revolutionpadelstore.com\\\/wp-content\\\/uploads\\\/2026\\\/02\\\/revolution-padel-store.jpg\",\"contentUrl\":\"https:\\\/\\\/revolutionpadelstore.com\\\/wp-content\\\/uploads\\\/2026\\\/02\\\/revolution-padel-store.jpg\",\"width\":2000,\"height\":2000,\"caption\":\"Revolution Padel Store\"},\"image\":{\"@id\":\"https:\\\/\\\/revolutionpadelstore.com\\\/fr\\\/#\\\/schema\\\/logo\\\/image\\\/\"},\"sameAs\":[\"https:\\\/\\\/www.instagram.com\\\/revolutionpadelstore\\\/\"]}]}<\/script>\n<!-- \/ Yoast SEO plugin. -->","yoast_head_json":{"title":"WILSON BELA LT V2.5 - Revolution Padel Store","description":"Siente la potencia y el control en tus manos con la pala Wilson Bela LT 2.5 2024. Su cara de carbono 3K te permite golpear con una fuerza sorprendente, mientras que la textura Signature Spin Effect te da un control total sobre la pelota, permiti\u00e9ndote realizar golpes precisos y llenos de efecto.","robots":{"index":"index","follow":"follow","max-snippet":"max-snippet:-1","max-image-preview":"max-image-preview:large","max-video-preview":"max-video-preview:-1"},"canonical":"https:\/\/revolutionpadelstore.com\/fr\/produit\/wilson-bela-lt-v2-5-3\/","og_locale":"fr_FR","og_type":"article","og_title":"COMPRAR WILSON BELA LT V2.5","og_description":"Siente la potencia y el control en tus manos con la pala Wilson Bela LT 2.5 2024. Su cara de carbono 3K te permite golpear con una fuerza sorprendente, mientras que la textura Signature Spin Effect te da un control total sobre la pelota, permiti\u00e9ndote realizar golpes precisos y llenos de efecto.","og_url":"https:\/\/revolutionpadelstore.com\/fr\/produit\/wilson-bela-lt-v2-5-3\/","og_site_name":"Revolution Padel Store","article_modified_time":"2026-04-08T12:25:48+00:00","og_image":[{"width":800,"height":800,"url":"https:\/\/revolutionpadelstore.com\/wp-content\/uploads\/2024\/04\/pala-wilson-bela-lt-v2-5-1-800x800-1.webp","type":"image\/webp"}],"twitter_card":"summary_large_image","twitter_misc":{"Dur\u00e9e de lecture estim\u00e9e":"2 minutes"},"schema":{"@context":"https:\/\/schema.org","@graph":[{"@type":"WebPage","@id":"https:\/\/revolutionpadelstore.com\/fr\/produit\/wilson-bela-lt-v2-5-3\/","url":"https:\/\/revolutionpadelstore.com\/fr\/produit\/wilson-bela-lt-v2-5-3\/","name":"WILSON BELA LT V2.5 - Revolution Padel Store","isPartOf":{"@id":"https:\/\/revolutionpadelstore.com\/fr\/#website"},"primaryImageOfPage":{"@id":"https:\/\/revolutionpadelstore.com\/fr\/produit\/wilson-bela-lt-v2-5-3\/#primaryimage"},"image":{"@id":"https:\/\/revolutionpadelstore.com\/fr\/produit\/wilson-bela-lt-v2-5-3\/#primaryimage"},"thumbnailUrl":"https:\/\/revolutionpadelstore.com\/wp-content\/uploads\/2024\/04\/pala-wilson-bela-lt-v2-5-1-800x800-1.webp","datePublished":"2024-04-10T11:05:17+00:00","dateModified":"2026-04-08T12:25:48+00:00","description":"Siente la potencia y el control en tus manos con la pala Wilson Bela LT 2.5 2024. Su cara de carbono 3K te permite golpear con una fuerza sorprendente, mientras que la textura Signature Spin Effect te da un control total sobre la pelota, permiti\u00e9ndote realizar golpes precisos y llenos de efecto.","breadcrumb":{"@id":"https:\/\/revolutionpadelstore.com\/fr\/produit\/wilson-bela-lt-v2-5-3\/#breadcrumb"},"inLanguage":"fr-FR","potentialAction":[{"@type":"ReadAction","target":["https:\/\/revolutionpadelstore.com\/fr\/produit\/wilson-bela-lt-v2-5-3\/"]}]},{"@type":"ImageObject","inLanguage":"fr-FR","@id":"https:\/\/revolutionpadelstore.com\/fr\/produit\/wilson-bela-lt-v2-5-3\/#primaryimage","url":"https:\/\/revolutionpadelstore.com\/wp-content\/uploads\/2024\/04\/pala-wilson-bela-lt-v2-5-1-800x800-1.webp","contentUrl":"https:\/\/revolutionpadelstore.com\/wp-content\/uploads\/2024\/04\/pala-wilson-bela-lt-v2-5-1-800x800-1.webp","width":800,"height":800},{"@type":"BreadcrumbList","@id":"https:\/\/revolutionpadelstore.com\/fr\/produit\/wilson-bela-lt-v2-5-3\/#breadcrumb","itemListElement":[{"@type":"ListItem","position":1,"name":"Portada","item":"https:\/\/revolutionpadelstore.com\/fr\/"},{"@type":"ListItem","position":2,"name":"Boutique","item":"https:\/\/revolutionpadelstore.com\/fr\/tienda\/"},{"@type":"ListItem","position":3,"name":"WILSON BELA LT V2.5"}]},{"@type":"WebSite","@id":"https:\/\/revolutionpadelstore.com\/fr\/#website","url":"https:\/\/revolutionpadelstore.com\/fr\/","name":"Revolution Padel Store","description":"","publisher":{"@id":"https:\/\/revolutionpadelstore.com\/fr\/#organization"},"potentialAction":[{"@type":"SearchAction","target":{"@type":"EntryPoint","urlTemplate":"https:\/\/revolutionpadelstore.com\/fr\/?s={search_term_string}"},"query-input":{"@type":"PropertyValueSpecification","valueRequired":true,"valueName":"search_term_string"}}],"inLanguage":"fr-FR"},{"@type":"Organization","@id":"https:\/\/revolutionpadelstore.com\/fr\/#organization","name":"Revolution Padel Store","url":"https:\/\/revolutionpadelstore.com\/fr\/","logo":{"@type":"ImageObject","inLanguage":"fr-FR","@id":"https:\/\/revolutionpadelstore.com\/fr\/#\/schema\/logo\/image\/","url":"https:\/\/revolutionpadelstore.com\/wp-content\/uploads\/2026\/02\/revolution-padel-store.jpg","contentUrl":"https:\/\/revolutionpadelstore.com\/wp-content\/uploads\/2026\/02\/revolution-padel-store.jpg","width":2000,"height":2000,"caption":"Revolution Padel Store"},"image":{"@id":"https:\/\/revolutionpadelstore.com\/fr\/#\/schema\/logo\/image\/"},"sameAs":["https:\/\/www.instagram.com\/revolutionpadelstore\/"]}]}},"_links":{"self":[{"href":"https:\/\/revolutionpadelstore.com\/fr\/wp-json\/wp\/v2\/product\/19715","targetHints":{"allow":["GET"]}}],"collection":[{"href":"https:\/\/revolutionpadelstore.com\/fr\/wp-json\/wp\/v2\/product"}],"about":[{"href":"https:\/\/revolutionpadelstore.com\/fr\/wp-json\/wp\/v2\/types\/product"}],"replies":[{"embeddable":true,"href":"https:\/\/revolutionpadelstore.com\/fr\/wp-json\/wp\/v2\/comments?post=19715"}],"wp:featuredmedia":[{"embeddable":true,"href":"https:\/\/revolutionpadelstore.com\/fr\/wp-json\/wp\/v2\/media\/50212"}],"wp:attachment":[{"href":"https:\/\/revolutionpadelstore.com\/fr\/wp-json\/wp\/v2\/media?parent=19715"}],"wp:term":[{"taxonomy":"acabado","embeddable":true,"href":"https:\/\/revolutionpadelstore.com\/fr\/wp-json\/wp\/v2\/acabado?post=19715"},{"taxonomy":"balance","embeddable":true,"href":"https:\/\/revolutionpadelstore.com\/fr\/wp-json\/wp\/v2\/balance?post=19715"},{"taxonomy":"dureza","embeddable":true,"href":"https:\/\/revolutionpadelstore.com\/fr\/wp-json\/wp\/v2\/dureza?post=19715"},{"taxonomy":"forma","embeddable":true,"href":"https:\/\/revolutionpadelstore.com\/fr\/wp-json\/wp\/v2\/forma?post=19715"},{"taxonomy":"jugador","embeddable":true,"href":"https:\/\/revolutionpadelstore.com\/fr\/wp-json\/wp\/v2\/jugador?post=19715"},{"taxonomy":"marca","embeddable":true,"href":"https:\/\/revolutionpadelstore.com\/fr\/wp-json\/wp\/v2\/marca?post=19715"},{"taxonomy":"nivel-de-juego","embeddable":true,"href":"https:\/\/revolutionpadelstore.com\/fr\/wp-json\/wp\/v2\/nivel-de-juego?post=19715"},{"taxonomy":"superficie","embeddable":true,"href":"https:\/\/revolutionpadelstore.com\/fr\/wp-json\/wp\/v2\/superficie?post=19715"},{"taxonomy":"tipo-de-juego","embeddable":true,"href":"https:\/\/revolutionpadelstore.com\/fr\/wp-json\/wp\/v2\/tipo-de-juego?post=19715"},{"taxonomy":"product_brand","embeddable":true,"href":"https:\/\/revolutionpadelstore.com\/fr\/wp-json\/wp\/v2\/product_brand?post=19715"},{"taxonomy":"product_cat","embeddable":true,"href":"https:\/\/revolutionpadelstore.com\/fr\/wp-json\/wp\/v2\/product_cat?post=19715"},{"taxonomy":"product_tag","embeddable":true,"href":"https:\/\/revolutionpadelstore.com\/fr\/wp-json\/wp\/v2\/product_tag?post=19715"}],"curies":[{"name":"wp","href":"https:\/\/api.w.org\/{rel}","templated":true}]}}