{"id":19710,"date":"2024-04-10T13:29:38","date_gmt":"2024-04-10T11:29:38","guid":{"rendered":"https:\/\/revolutionpadelstore.com\/lok-maxx-flow\/"},"modified":"2026-04-01T10:59:44","modified_gmt":"2026-04-01T08:59:44","slug":"lok-maxx-flow-3","status":"publish","type":"product","link":"https:\/\/revolutionpadelstore.com\/fr\/produit\/lok-maxx-flow-3\/","title":{"rendered":"LOK MAXX FLOW"},"content":{"rendered":"<p>La Maxx Flow est une raquette innovante con\u00e7ue pour offrir des performances exceptionnelles sur le terrain.<br \/>\nL&#8217;une des principales caract\u00e9ristiques du Maxx Flow est le c\u0153ur asym\u00e9trique, une structure en carbone, qui offre une excellente rigidit\u00e9 et stabilit\u00e9.<br \/>\nCela permet un transfert d&#8217;\u00e9nergie optimal \u00e0 chaque course, maximisant la puissance sans sacrifier le contr\u00f4le.<br \/>\nDe plus, la raquette poss\u00e8de une couche de carbone C18, qui offre une plus grande durabilit\u00e9 et une r\u00e9ponse plus coh\u00e9rente \u00e0 chaque coup.<br \/>\nDe plus, le syst\u00e8me 3D Spin Lines augmente la rotation de la balle, augmentant ainsi la rotation et am\u00e9liorant la sensation de contr\u00f4le.<br \/>\nLe Maxx Flow est con\u00e7u avec un \u00e9quilibre moyen, qui offre un \u00e9quilibre parfait entre puissance et maniabilit\u00e9.<br \/>\nElle est dot\u00e9e de renforts en carbone &#8211; renforts en carbone &#8211; qui soutiennent la durabilit\u00e9 de la structure de la raquette et d&#8217;un syst\u00e8me Dynamic Holes avec une disposition progressive de trous de diff\u00e9rentes tailles qui donnent de la puissance au coup.<br \/>\nIl dispose du syst\u00e8me Comfort Wristband, qui est un bracelet r\u00e9glable.<\/p>\n<p>COEUR ASYM\u00c9TRIQUE<br \/>\nNotre c\u0153ur est l&#8217;embl\u00e8me de nos raquettes et se caract\u00e9rise par son design asym\u00e9trique tout en conservant un \u00e9quilibre parfait.<br \/>\nNotre marque la plus reconnaissable.<br \/>\nSa forme unique et originale donne naissance \u00e0 des marches lat\u00e9rales qui forment les nerfs du c\u0153ur, offrant une rigidit\u00e9 structurelle qui assure la stabilit\u00e9 et est essentielle pour atteindre un \u00e9quilibre optimal.<br \/>\nEntre autres fonctionnalit\u00e9s, Asymetric Heart vous permet d&#8217;augmenter la vitesse de la balle lors du coup de frappe, donnant ainsi plus de puissance au tir.<\/p>\n<p>LIGNES DE SPIN 3D<br \/>\nLe syst\u00e8me 3D Spin Lines augmente la rotation de la balle lorsqu&#8217;elle frappe la raquette, augmentant ainsi la rotation et am\u00e9liorant la sensation de contr\u00f4le.<br \/>\nIl se compose d&#8217;un syst\u00e8me de lignes diagonales parall\u00e8les \u00e0 la direction de l&#8217;angle du c\u0153ur et s\u00e9par\u00e9es \u00e0 une distance optimale de 7 mm qui am\u00e9liore la sensation de contr\u00f4le.<\/p>\n<p>VISAGE GRADUEL<br \/>\nNos lames disposent d&#8217;un syst\u00e8me de couches d\u00e9cal\u00e9es g\u00e9n\u00e9r\u00e9es sur les parties sup\u00e9rieures et inf\u00e9rieures des faces.<br \/>\nGradual Face sont des marches et des reliefs qui g\u00e9n\u00e8rent des angles qui aideront \u00e0 r\u00e9duire les vibrations \u00e0 mesure qu&#8217;elles avancent sur toute la surface au moment de la frappe.<br \/>\nCette vibration se produit \u00e0 partir du point d\u2019impact et se d\u00e9place vers les parties sup\u00e9rieures et inf\u00e9rieures du visage, l\u00e0 o\u00f9 la technologie est pr\u00e9sente.<\/p>\n<p>SYST\u00c8ME DE TROUS DYNAMIQUES<br \/>\nUne disposition progressive avec deux tailles de trous diff\u00e9rentes -10 et 11 mm- dans la partie centrale de la face, pour contribuer \u00e0 donner de la puissance au coup.<\/p>\n<p>RENFORT CARBONE<br \/>\nRenforts en carbone dans diff\u00e9rents points critiques de la pale comme support structurel pour contribuer \u00e0 la durabilit\u00e9.<\/p>\n<p>RAINURE DE VIBRATION<br \/>\nRail ins\u00e9r\u00e9 dans le cadre de la raquette qui permet de dissiper les vibrations r\u00e9sultant de l&#8217;impact de la balle.<br \/>\nLe rail int\u00e8gre une finition PU pour maximiser sa fonction.<\/p>\n<p>BRACELET CONFORT<br \/>\nLes raquettes disposent d&#8217;une dragonne r\u00e9glable qui accompagne la corde pour offrir un confort de prise en main, quels que soient les besoins et les go\u00fbts du joueur.<br \/>\nIl poss\u00e8de une couche renforc\u00e9e et une partie int\u00e9rieure adoucie pour obtenir un confort maximal, et un design \u00e0 l&#8217;image de la marque.<\/p>\n","protected":false},"excerpt":{"rendered":"<p>Raquette Lok Maxx Flow 2024 pour joueurs de niveau avanc\u00e9 avec une forme ronde. La raquette est fabriqu\u00e9e en carbone C18, un mat\u00e9riau l\u00e9ger mais tr\u00e8s rigide et tr\u00e8s r\u00e9sistant qui offre d&#8217;excellentes performances lors des frappes.<br \/>\nLe syst\u00e8me 3D Spin Lines, pr\u00e9sent des deux c\u00f4t\u00e9s de la raquette, procure les meilleurs effets. La r\u00e9sistance \u00e0 la torsion est \u00e9galement renforc\u00e9e par les Renforts Carbone, pr\u00e9sents sur toute la structure.<\/p>\n","protected":false},"featured_media":50196,"comment_status":"open","ping_status":"closed","template":"","meta":{"_acf_changed":false,"_joinchat":[]},"acabado":[1082,1092],"balance":[1142],"dureza":[1162,1157],"forma":[1182],"jugador":[1192,1202],"marca":[1317],"nivel-de-juego":[1337],"superficie":[1362],"tipo-de-juego":[1392,1387],"product_brand":[],"product_cat":[302],"product_tag":[],"class_list":{"0":"post-19710","1":"product","2":"type-product","3":"status-publish","4":"has-post-thumbnail","6":"acabado-luminosite","7":"acabado-soulager-la-3d","8":"balance-moyen","9":"dureza-dure","10":"dureza-media-fr","11":"forma-rond","12":"jugador-homme","13":"jugador-polivalente-fr","14":"marca-lok-fr","15":"superficie-rugosa-fr","16":"tipo-de-juego-avanzado-competicion-fr","17":"tipo-de-juego-polivalente-fr","18":"product_cat-palas-de-padel-fr","20":"first","21":"instock","22":"taxable","23":"shipping-taxable","24":"purchasable","25":"product-type-simple"},"acf":[],"yoast_head":"<!-- This site is optimized with the Yoast SEO plugin v27.3 - https:\/\/yoast.com\/product\/yoast-seo-wordpress\/ -->\n<title>LOK MAXX FLOW - Revolution Padel Store<\/title>\n<meta name=\"description\" content=\"Pala Lok Maxx Flow 2024 para jugadores de nivel avanzado con forma redonda. La pala est\u00e1 compuesta en la superficie de carbono C18, un material ligero pero de alta rigidez, muy duradero y que ofrece grandes prestaciones en el golpeo. El sistema 3D Spin Lines, presente en las dos caras de la pala, proporciona los mejores efectos. La resistencia a la torsi\u00f3n se ve reforzada tambi\u00e9n por los Carbon Reinforcements, presentes en toda la estructura\" \/>\n<meta name=\"robots\" content=\"index, follow, max-snippet:-1, max-image-preview:large, max-video-preview:-1\" \/>\n<link rel=\"canonical\" href=\"https:\/\/revolutionpadelstore.com\/fr\/produit\/lok-maxx-flow-3\/\" \/>\n<meta property=\"og:locale\" content=\"fr_FR\" \/>\n<meta property=\"og:type\" content=\"article\" \/>\n<meta property=\"og:title\" content=\"COMPRAR LOK MAXX FLOW\" \/>\n<meta property=\"og:description\" content=\"Pala Lok Maxx Flow 2024 para jugadores de nivel avanzado con forma redonda. La pala est\u00e1 compuesta en la superficie de carbono C18, un material ligero pero de alta rigidez, muy duradero y que ofrece grandes prestaciones en el golpeo. El sistema 3D Spin Lines, presente en las dos caras de la pala, proporciona los mejores efectos. La resistencia a la torsi\u00f3n se ve reforzada tambi\u00e9n por los Carbon Reinforcements, presentes en toda la estructura\" \/>\n<meta property=\"og:url\" content=\"https:\/\/revolutionpadelstore.com\/fr\/produit\/lok-maxx-flow-3\/\" \/>\n<meta property=\"og:site_name\" content=\"Revolution Padel Store\" \/>\n<meta property=\"article:modified_time\" content=\"2026-04-01T08:59:44+00:00\" \/>\n<meta property=\"og:image\" content=\"https:\/\/revolutionpadelstore.com\/wp-content\/uploads\/2024\/04\/pala-lok-maxx-flow-1_300x.webp\" \/>\n\t<meta property=\"og:image:width\" content=\"300\" \/>\n\t<meta property=\"og:image:height\" content=\"350\" \/>\n\t<meta property=\"og:image:type\" content=\"image\/webp\" \/>\n<meta name=\"twitter:card\" content=\"summary_large_image\" \/>\n<meta name=\"twitter:label1\" content=\"Dur\u00e9e de lecture estim\u00e9e\" \/>\n\t<meta name=\"twitter:data1\" content=\"3 minutes\" \/>\n<script type=\"application\/ld+json\" class=\"yoast-schema-graph\">{\"@context\":\"https:\\\/\\\/schema.org\",\"@graph\":[{\"@type\":\"WebPage\",\"@id\":\"https:\\\/\\\/revolutionpadelstore.com\\\/fr\\\/produit\\\/lok-maxx-flow-3\\\/\",\"url\":\"https:\\\/\\\/revolutionpadelstore.com\\\/fr\\\/produit\\\/lok-maxx-flow-3\\\/\",\"name\":\"LOK MAXX FLOW - Revolution Padel Store\",\"isPartOf\":{\"@id\":\"https:\\\/\\\/revolutionpadelstore.com\\\/fr\\\/#website\"},\"primaryImageOfPage\":{\"@id\":\"https:\\\/\\\/revolutionpadelstore.com\\\/fr\\\/produit\\\/lok-maxx-flow-3\\\/#primaryimage\"},\"image\":{\"@id\":\"https:\\\/\\\/revolutionpadelstore.com\\\/fr\\\/produit\\\/lok-maxx-flow-3\\\/#primaryimage\"},\"thumbnailUrl\":\"https:\\\/\\\/revolutionpadelstore.com\\\/wp-content\\\/uploads\\\/2024\\\/04\\\/pala-lok-maxx-flow-1_300x.webp\",\"datePublished\":\"2024-04-10T11:29:38+00:00\",\"dateModified\":\"2026-04-01T08:59:44+00:00\",\"description\":\"Pala Lok Maxx Flow 2024 para jugadores de nivel avanzado con forma redonda. La pala est\u00e1 compuesta en la superficie de carbono C18, un material ligero pero de alta rigidez, muy duradero y que ofrece grandes prestaciones en el golpeo. El sistema 3D Spin Lines, presente en las dos caras de la pala, proporciona los mejores efectos. La resistencia a la torsi\u00f3n se ve reforzada tambi\u00e9n por los Carbon Reinforcements, presentes en toda la estructura\",\"breadcrumb\":{\"@id\":\"https:\\\/\\\/revolutionpadelstore.com\\\/fr\\\/produit\\\/lok-maxx-flow-3\\\/#breadcrumb\"},\"inLanguage\":\"fr-FR\",\"potentialAction\":[{\"@type\":\"ReadAction\",\"target\":[\"https:\\\/\\\/revolutionpadelstore.com\\\/fr\\\/produit\\\/lok-maxx-flow-3\\\/\"]}]},{\"@type\":\"ImageObject\",\"inLanguage\":\"fr-FR\",\"@id\":\"https:\\\/\\\/revolutionpadelstore.com\\\/fr\\\/produit\\\/lok-maxx-flow-3\\\/#primaryimage\",\"url\":\"https:\\\/\\\/revolutionpadelstore.com\\\/wp-content\\\/uploads\\\/2024\\\/04\\\/pala-lok-maxx-flow-1_300x.webp\",\"contentUrl\":\"https:\\\/\\\/revolutionpadelstore.com\\\/wp-content\\\/uploads\\\/2024\\\/04\\\/pala-lok-maxx-flow-1_300x.webp\",\"width\":300,\"height\":350},{\"@type\":\"BreadcrumbList\",\"@id\":\"https:\\\/\\\/revolutionpadelstore.com\\\/fr\\\/produit\\\/lok-maxx-flow-3\\\/#breadcrumb\",\"itemListElement\":[{\"@type\":\"ListItem\",\"position\":1,\"name\":\"Portada\",\"item\":\"https:\\\/\\\/revolutionpadelstore.com\\\/fr\\\/\"},{\"@type\":\"ListItem\",\"position\":2,\"name\":\"Boutique\",\"item\":\"https:\\\/\\\/revolutionpadelstore.com\\\/fr\\\/tienda\\\/\"},{\"@type\":\"ListItem\",\"position\":3,\"name\":\"LOK MAXX FLOW\"}]},{\"@type\":\"WebSite\",\"@id\":\"https:\\\/\\\/revolutionpadelstore.com\\\/fr\\\/#website\",\"url\":\"https:\\\/\\\/revolutionpadelstore.com\\\/fr\\\/\",\"name\":\"Revolution Padel Store\",\"description\":\"\",\"publisher\":{\"@id\":\"https:\\\/\\\/revolutionpadelstore.com\\\/fr\\\/#organization\"},\"potentialAction\":[{\"@type\":\"SearchAction\",\"target\":{\"@type\":\"EntryPoint\",\"urlTemplate\":\"https:\\\/\\\/revolutionpadelstore.com\\\/fr\\\/?s={search_term_string}\"},\"query-input\":{\"@type\":\"PropertyValueSpecification\",\"valueRequired\":true,\"valueName\":\"search_term_string\"}}],\"inLanguage\":\"fr-FR\"},{\"@type\":\"Organization\",\"@id\":\"https:\\\/\\\/revolutionpadelstore.com\\\/fr\\\/#organization\",\"name\":\"Revolution Padel Store\",\"url\":\"https:\\\/\\\/revolutionpadelstore.com\\\/fr\\\/\",\"logo\":{\"@type\":\"ImageObject\",\"inLanguage\":\"fr-FR\",\"@id\":\"https:\\\/\\\/revolutionpadelstore.com\\\/fr\\\/#\\\/schema\\\/logo\\\/image\\\/\",\"url\":\"https:\\\/\\\/revolutionpadelstore.com\\\/wp-content\\\/uploads\\\/2026\\\/02\\\/revolution-padel-store.jpg\",\"contentUrl\":\"https:\\\/\\\/revolutionpadelstore.com\\\/wp-content\\\/uploads\\\/2026\\\/02\\\/revolution-padel-store.jpg\",\"width\":2000,\"height\":2000,\"caption\":\"Revolution Padel Store\"},\"image\":{\"@id\":\"https:\\\/\\\/revolutionpadelstore.com\\\/fr\\\/#\\\/schema\\\/logo\\\/image\\\/\"},\"sameAs\":[\"https:\\\/\\\/www.instagram.com\\\/revolutionpadelstore\\\/\"]}]}<\/script>\n<!-- \/ Yoast SEO plugin. -->","yoast_head_json":{"title":"LOK MAXX FLOW - Revolution Padel Store","description":"Pala Lok Maxx Flow 2024 para jugadores de nivel avanzado con forma redonda. La pala est\u00e1 compuesta en la superficie de carbono C18, un material ligero pero de alta rigidez, muy duradero y que ofrece grandes prestaciones en el golpeo. El sistema 3D Spin Lines, presente en las dos caras de la pala, proporciona los mejores efectos. La resistencia a la torsi\u00f3n se ve reforzada tambi\u00e9n por los Carbon Reinforcements, presentes en toda la estructura","robots":{"index":"index","follow":"follow","max-snippet":"max-snippet:-1","max-image-preview":"max-image-preview:large","max-video-preview":"max-video-preview:-1"},"canonical":"https:\/\/revolutionpadelstore.com\/fr\/produit\/lok-maxx-flow-3\/","og_locale":"fr_FR","og_type":"article","og_title":"COMPRAR LOK MAXX FLOW","og_description":"Pala Lok Maxx Flow 2024 para jugadores de nivel avanzado con forma redonda. La pala est\u00e1 compuesta en la superficie de carbono C18, un material ligero pero de alta rigidez, muy duradero y que ofrece grandes prestaciones en el golpeo. El sistema 3D Spin Lines, presente en las dos caras de la pala, proporciona los mejores efectos. La resistencia a la torsi\u00f3n se ve reforzada tambi\u00e9n por los Carbon Reinforcements, presentes en toda la estructura","og_url":"https:\/\/revolutionpadelstore.com\/fr\/produit\/lok-maxx-flow-3\/","og_site_name":"Revolution Padel Store","article_modified_time":"2026-04-01T08:59:44+00:00","og_image":[{"width":300,"height":350,"url":"https:\/\/revolutionpadelstore.com\/wp-content\/uploads\/2024\/04\/pala-lok-maxx-flow-1_300x.webp","type":"image\/webp"}],"twitter_card":"summary_large_image","twitter_misc":{"Dur\u00e9e de lecture estim\u00e9e":"3 minutes"},"schema":{"@context":"https:\/\/schema.org","@graph":[{"@type":"WebPage","@id":"https:\/\/revolutionpadelstore.com\/fr\/produit\/lok-maxx-flow-3\/","url":"https:\/\/revolutionpadelstore.com\/fr\/produit\/lok-maxx-flow-3\/","name":"LOK MAXX FLOW - Revolution Padel Store","isPartOf":{"@id":"https:\/\/revolutionpadelstore.com\/fr\/#website"},"primaryImageOfPage":{"@id":"https:\/\/revolutionpadelstore.com\/fr\/produit\/lok-maxx-flow-3\/#primaryimage"},"image":{"@id":"https:\/\/revolutionpadelstore.com\/fr\/produit\/lok-maxx-flow-3\/#primaryimage"},"thumbnailUrl":"https:\/\/revolutionpadelstore.com\/wp-content\/uploads\/2024\/04\/pala-lok-maxx-flow-1_300x.webp","datePublished":"2024-04-10T11:29:38+00:00","dateModified":"2026-04-01T08:59:44+00:00","description":"Pala Lok Maxx Flow 2024 para jugadores de nivel avanzado con forma redonda. La pala est\u00e1 compuesta en la superficie de carbono C18, un material ligero pero de alta rigidez, muy duradero y que ofrece grandes prestaciones en el golpeo. El sistema 3D Spin Lines, presente en las dos caras de la pala, proporciona los mejores efectos. La resistencia a la torsi\u00f3n se ve reforzada tambi\u00e9n por los Carbon Reinforcements, presentes en toda la estructura","breadcrumb":{"@id":"https:\/\/revolutionpadelstore.com\/fr\/produit\/lok-maxx-flow-3\/#breadcrumb"},"inLanguage":"fr-FR","potentialAction":[{"@type":"ReadAction","target":["https:\/\/revolutionpadelstore.com\/fr\/produit\/lok-maxx-flow-3\/"]}]},{"@type":"ImageObject","inLanguage":"fr-FR","@id":"https:\/\/revolutionpadelstore.com\/fr\/produit\/lok-maxx-flow-3\/#primaryimage","url":"https:\/\/revolutionpadelstore.com\/wp-content\/uploads\/2024\/04\/pala-lok-maxx-flow-1_300x.webp","contentUrl":"https:\/\/revolutionpadelstore.com\/wp-content\/uploads\/2024\/04\/pala-lok-maxx-flow-1_300x.webp","width":300,"height":350},{"@type":"BreadcrumbList","@id":"https:\/\/revolutionpadelstore.com\/fr\/produit\/lok-maxx-flow-3\/#breadcrumb","itemListElement":[{"@type":"ListItem","position":1,"name":"Portada","item":"https:\/\/revolutionpadelstore.com\/fr\/"},{"@type":"ListItem","position":2,"name":"Boutique","item":"https:\/\/revolutionpadelstore.com\/fr\/tienda\/"},{"@type":"ListItem","position":3,"name":"LOK MAXX FLOW"}]},{"@type":"WebSite","@id":"https:\/\/revolutionpadelstore.com\/fr\/#website","url":"https:\/\/revolutionpadelstore.com\/fr\/","name":"Revolution Padel Store","description":"","publisher":{"@id":"https:\/\/revolutionpadelstore.com\/fr\/#organization"},"potentialAction":[{"@type":"SearchAction","target":{"@type":"EntryPoint","urlTemplate":"https:\/\/revolutionpadelstore.com\/fr\/?s={search_term_string}"},"query-input":{"@type":"PropertyValueSpecification","valueRequired":true,"valueName":"search_term_string"}}],"inLanguage":"fr-FR"},{"@type":"Organization","@id":"https:\/\/revolutionpadelstore.com\/fr\/#organization","name":"Revolution Padel Store","url":"https:\/\/revolutionpadelstore.com\/fr\/","logo":{"@type":"ImageObject","inLanguage":"fr-FR","@id":"https:\/\/revolutionpadelstore.com\/fr\/#\/schema\/logo\/image\/","url":"https:\/\/revolutionpadelstore.com\/wp-content\/uploads\/2026\/02\/revolution-padel-store.jpg","contentUrl":"https:\/\/revolutionpadelstore.com\/wp-content\/uploads\/2026\/02\/revolution-padel-store.jpg","width":2000,"height":2000,"caption":"Revolution Padel Store"},"image":{"@id":"https:\/\/revolutionpadelstore.com\/fr\/#\/schema\/logo\/image\/"},"sameAs":["https:\/\/www.instagram.com\/revolutionpadelstore\/"]}]}},"_links":{"self":[{"href":"https:\/\/revolutionpadelstore.com\/fr\/wp-json\/wp\/v2\/product\/19710","targetHints":{"allow":["GET"]}}],"collection":[{"href":"https:\/\/revolutionpadelstore.com\/fr\/wp-json\/wp\/v2\/product"}],"about":[{"href":"https:\/\/revolutionpadelstore.com\/fr\/wp-json\/wp\/v2\/types\/product"}],"replies":[{"embeddable":true,"href":"https:\/\/revolutionpadelstore.com\/fr\/wp-json\/wp\/v2\/comments?post=19710"}],"wp:featuredmedia":[{"embeddable":true,"href":"https:\/\/revolutionpadelstore.com\/fr\/wp-json\/wp\/v2\/media\/50196"}],"wp:attachment":[{"href":"https:\/\/revolutionpadelstore.com\/fr\/wp-json\/wp\/v2\/media?parent=19710"}],"wp:term":[{"taxonomy":"acabado","embeddable":true,"href":"https:\/\/revolutionpadelstore.com\/fr\/wp-json\/wp\/v2\/acabado?post=19710"},{"taxonomy":"balance","embeddable":true,"href":"https:\/\/revolutionpadelstore.com\/fr\/wp-json\/wp\/v2\/balance?post=19710"},{"taxonomy":"dureza","embeddable":true,"href":"https:\/\/revolutionpadelstore.com\/fr\/wp-json\/wp\/v2\/dureza?post=19710"},{"taxonomy":"forma","embeddable":true,"href":"https:\/\/revolutionpadelstore.com\/fr\/wp-json\/wp\/v2\/forma?post=19710"},{"taxonomy":"jugador","embeddable":true,"href":"https:\/\/revolutionpadelstore.com\/fr\/wp-json\/wp\/v2\/jugador?post=19710"},{"taxonomy":"marca","embeddable":true,"href":"https:\/\/revolutionpadelstore.com\/fr\/wp-json\/wp\/v2\/marca?post=19710"},{"taxonomy":"nivel-de-juego","embeddable":true,"href":"https:\/\/revolutionpadelstore.com\/fr\/wp-json\/wp\/v2\/nivel-de-juego?post=19710"},{"taxonomy":"superficie","embeddable":true,"href":"https:\/\/revolutionpadelstore.com\/fr\/wp-json\/wp\/v2\/superficie?post=19710"},{"taxonomy":"tipo-de-juego","embeddable":true,"href":"https:\/\/revolutionpadelstore.com\/fr\/wp-json\/wp\/v2\/tipo-de-juego?post=19710"},{"taxonomy":"product_brand","embeddable":true,"href":"https:\/\/revolutionpadelstore.com\/fr\/wp-json\/wp\/v2\/product_brand?post=19710"},{"taxonomy":"product_cat","embeddable":true,"href":"https:\/\/revolutionpadelstore.com\/fr\/wp-json\/wp\/v2\/product_cat?post=19710"},{"taxonomy":"product_tag","embeddable":true,"href":"https:\/\/revolutionpadelstore.com\/fr\/wp-json\/wp\/v2\/product_tag?post=19710"}],"curies":[{"name":"wp","href":"https:\/\/api.w.org\/{rel}","templated":true}]}}