{"id":19705,"date":"2024-04-10T15:22:41","date_gmt":"2024-04-10T13:22:41","guid":{"rendered":"https:\/\/revolutionpadelstore.com\/lok-maxx-hype\/"},"modified":"2026-04-01T10:59:07","modified_gmt":"2026-04-01T08:59:07","slug":"lok-maxx-hype","status":"publish","type":"product","link":"https:\/\/revolutionpadelstore.com\/fr\/produit\/lok-maxx-hype\/","title":{"rendered":"LOK MAXX HYPE"},"content":{"rendered":"<p>La Maxx Hype est la raquette d&#8217;attaque la plus technologique de L\u00d5K pour les joueurs de niveau PRO.<br \/>\nSon c\u0153ur asym\u00e9trique offre une rigidit\u00e9 structurelle qui assure la stabilit\u00e9 et est essentielle pour atteindre un \u00e9quilibre optimal.<br \/>\nFabriqu\u00e9 en carbone C18 dans trois plans diff\u00e9rents et syst\u00e8me Gradual Face et Vibration Groove qui aident \u00e0 r\u00e9duire les vibrations.<br \/>\nDe plus, le syst\u00e8me 3D Spin Lines augmente la rotation de la balle lorsqu&#8217;elle frappe la raquette, augmentant ainsi la rotation et am\u00e9liorant la sensation de contr\u00f4le.<br \/>\nLa Maxx Hype est dot\u00e9e de Carbon Reinforcements &#8211; renforts en carbone &#8211; qui soutiennent la durabilit\u00e9 de la structure de la raquette et du Dynamic Holes System avec une disposition progressive de trous de diff\u00e9rentes tailles qui donnent de la puissance au coup.<br \/>\nIl dispose du syst\u00e8me Comfort Wristband, qui est un bracelet r\u00e9glable et la forme en diamant de la lame aide \u00e0 \u00e9lever le sweet spot, contribuant ainsi \u00e0 am\u00e9liorer la frappe et l&#8217;attaque.<\/p>\n<p>COEUR ASYM\u00c9TRIQUE<br \/>\nNotre c\u0153ur est l&#8217;embl\u00e8me de nos raquettes et se caract\u00e9rise par son design asym\u00e9trique tout en conservant un \u00e9quilibre parfait.<br \/>\nNotre signe d\u2019identit\u00e9 le plus reconnaissable.<br \/>\nSa forme unique et originale donne naissance \u00e0 des marches lat\u00e9rales qui forment les nerfs du c\u0153ur, offrant une rigidit\u00e9 structurelle qui assure la stabilit\u00e9 et est essentielle pour atteindre un \u00e9quilibre optimal.<br \/>\nEntre autres fonctionnalit\u00e9s, Asymetric Heart vous permet d&#8217;augmenter la vitesse de la balle lors du coup de frappe, donnant ainsi plus de puissance au tir.<\/p>\n<p>LIGNES DE SPIN 3D<br \/>\nLe syst\u00e8me 3D Spin Lines augmente la rotation de la balle lorsqu&#8217;elle frappe la raquette, augmentant ainsi la rotation et am\u00e9liorant la sensation de contr\u00f4le.<br \/>\nIl se compose d&#8217;un syst\u00e8me de lignes diagonales parall\u00e8les \u00e0 la direction de l&#8217;angle du c\u0153ur et s\u00e9par\u00e9es \u00e0 une distance optimale de 7 mm qui am\u00e9liore la sensation de contr\u00f4le.<\/p>\n<p>VISAGE GRADUEL<br \/>\nNos lames disposent d&#8217;un syst\u00e8me de couches d\u00e9cal\u00e9es g\u00e9n\u00e9r\u00e9es sur les parties sup\u00e9rieures et inf\u00e9rieures des faces.<br \/>\nGradual Face sont des marches et des reliefs qui g\u00e9n\u00e8rent des angles qui aideront \u00e0 r\u00e9duire les vibrations au moment de la frappe, elles avancent sur toute la surface.<br \/>\nCette vibration se produit \u00e0 partir du point d\u2019impact et se d\u00e9place vers les parties sup\u00e9rieures et inf\u00e9rieures du visage, l\u00e0 o\u00f9 la technologie est pr\u00e9sente.<\/p>\n<p>SYST\u00c8ME DE TROUS DYNAMIQUES<br \/>\nUne disposition progressive avec deux tailles de trous diff\u00e9rentes -10 et 11 mm- dans la partie centrale de la face, pour contribuer \u00e0 donner de la puissance au coup.<\/p>\n<p>RENFORT CARBONE<br \/>\nRenforts en carbone dans diff\u00e9rents points critiques de la pale comme support structurel pour contribuer \u00e0 la durabilit\u00e9.<\/p>\n<p>RAINURE DE VIBRATION<br \/>\nRail ins\u00e9r\u00e9 dans le cadre de la raquette qui permet de dissiper les vibrations r\u00e9sultant de l&#8217;impact de la balle. Le rail int\u00e8gre une finition PU pour maximiser sa fonction.<\/p>\n<p>BRACELET CONFORT<br \/>\nLes raquettes disposent d&#8217;une dragonne r\u00e9glable qui accompagne la corde pour apporter un confort de prise en main, quels que soient les besoins et les go\u00fbts du joueur.<br \/>\nIl poss\u00e8de une couche renforc\u00e9e et une partie int\u00e9rieure adoucie pour obtenir un confort maximal, et un design \u00e0 l&#8217;image de la marque.<\/p>\n","protected":false},"excerpt":{"rendered":"<p>Raquette Lok Maxx Hype 2024 pour les joueurs de niveau professionnel. La raquette Mike Yanguas avec un sweet spot moyen-haut et une forme en diamant pr\u00e9sente deux designs diff\u00e9rents de chaque c\u00f4t\u00e9. Son int\u00e9rieur int\u00e8gre du Custom Eva tandis que les faces et le cadre ont \u00e9t\u00e9 en carbone. Il est compos\u00e9 de Carbone C18, un mat\u00e9riau de pointe, dispos\u00e9 selon trois plans diff\u00e9rents. De plus, il dispose de la technologie Gradual Face et du Vibration Groove System qui minimisent les vibrations. Le syst\u00e8me Dynamic Holes organise les trous dans la lame progressivement en taille pour tirer le meilleur parti de la puissance.<\/p>\n","protected":false},"featured_media":50172,"comment_status":"open","ping_status":"closed","template":"","meta":{"_acf_changed":false,"_joinchat":[]},"acabado":[1082,1092],"balance":[1137],"dureza":[1162],"forma":[1172],"jugador":[1192,1202],"marca":[1317],"nivel-de-juego":[1337,1347],"superficie":[1362],"tipo-de-juego":[1377],"product_brand":[],"product_cat":[302],"product_tag":[],"class_list":{"0":"post-19705","1":"product","2":"type-product","3":"status-publish","4":"has-post-thumbnail","6":"acabado-luminosite","7":"acabado-soulager-la-3d","8":"balance-eleve","9":"dureza-dure","10":"forma-diamant","11":"jugador-homme","12":"jugador-polivalente-fr","13":"marca-lok-fr","14":"superficie-rugosa-fr","15":"tipo-de-juego-puissance","16":"product_cat-palas-de-padel-fr","18":"first","19":"instock","20":"taxable","21":"shipping-taxable","22":"purchasable","23":"product-type-simple"},"acf":[],"yoast_head":"<!-- This site is optimized with the Yoast SEO plugin v27.3 - https:\/\/yoast.com\/product\/yoast-seo-wordpress\/ -->\n<title>LOK MAXX HYPE - Revolution Padel Store<\/title>\n<meta name=\"description\" content=\"Pala Lok Maxx Hype 2024 para jugadores de nivel profesional. La pala de Mike Yanguas con un punto dulce medio-alto y forma de diamante cuenta con dos dise\u00f1os distintitos en cada cara. En su interior integra Custom Eva mientras que las caras y el marco se han fabricado en carbono. Est\u00e1 compuesta por Carbono C18, un material de \u00faltima generaci\u00f3n, dispuesto en tres planos distintos. Adem\u00e1s, cuenta con la tecnolog\u00eda Gradual Face y el Vibration Groove System que minimizan la vibraci\u00f3n. El Dynamic Holes System dispone los orificios de la pala de forma progresiva en cuanto a tama\u00f1os para sacar el m\u00e1ximo partido a la potencia.\" \/>\n<meta name=\"robots\" content=\"index, follow, max-snippet:-1, max-image-preview:large, max-video-preview:-1\" \/>\n<link rel=\"canonical\" href=\"https:\/\/revolutionpadelstore.com\/fr\/produit\/lok-maxx-hype\/\" \/>\n<meta property=\"og:locale\" content=\"fr_FR\" \/>\n<meta property=\"og:type\" content=\"article\" \/>\n<meta property=\"og:title\" content=\"COMPRAR LOK MAXX HYPE\" \/>\n<meta property=\"og:description\" content=\"Pala Lok Maxx Hype 2024 para jugadores de nivel profesional. La pala de Mike Yanguas con un punto dulce medio-alto y forma de diamante cuenta con dos dise\u00f1os distintitos en cada cara. En su interior integra Custom Eva mientras que las caras y el marco se han fabricado en carbono. Est\u00e1 compuesta por Carbono C18, un material de \u00faltima generaci\u00f3n, dispuesto en tres planos distintos. Adem\u00e1s, cuenta con la tecnolog\u00eda Gradual Face y el Vibration Groove System que minimizan la vibraci\u00f3n. El Dynamic Holes System dispone los orificios de la pala de forma progresiva en cuanto a tama\u00f1os para sacar el m\u00e1ximo partido a la potencia.\" \/>\n<meta property=\"og:url\" content=\"https:\/\/revolutionpadelstore.com\/fr\/produit\/lok-maxx-hype\/\" \/>\n<meta property=\"og:site_name\" content=\"Revolution Padel Store\" \/>\n<meta property=\"article:modified_time\" content=\"2026-04-01T08:59:07+00:00\" \/>\n<meta property=\"og:image\" content=\"https:\/\/revolutionpadelstore.com\/wp-content\/uploads\/2024\/04\/pala-lok-maxx-hype-1-800x800-1.jpg\" \/>\n\t<meta property=\"og:image:width\" content=\"800\" \/>\n\t<meta property=\"og:image:height\" content=\"800\" \/>\n\t<meta property=\"og:image:type\" content=\"image\/jpeg\" \/>\n<meta name=\"twitter:card\" content=\"summary_large_image\" \/>\n<meta name=\"twitter:label1\" content=\"Dur\u00e9e de lecture estim\u00e9e\" \/>\n\t<meta name=\"twitter:data1\" content=\"3 minutes\" \/>\n<script type=\"application\/ld+json\" class=\"yoast-schema-graph\">{\"@context\":\"https:\\\/\\\/schema.org\",\"@graph\":[{\"@type\":\"WebPage\",\"@id\":\"https:\\\/\\\/revolutionpadelstore.com\\\/fr\\\/produit\\\/lok-maxx-hype\\\/\",\"url\":\"https:\\\/\\\/revolutionpadelstore.com\\\/fr\\\/produit\\\/lok-maxx-hype\\\/\",\"name\":\"LOK MAXX HYPE - Revolution Padel Store\",\"isPartOf\":{\"@id\":\"https:\\\/\\\/revolutionpadelstore.com\\\/fr\\\/#website\"},\"primaryImageOfPage\":{\"@id\":\"https:\\\/\\\/revolutionpadelstore.com\\\/fr\\\/produit\\\/lok-maxx-hype\\\/#primaryimage\"},\"image\":{\"@id\":\"https:\\\/\\\/revolutionpadelstore.com\\\/fr\\\/produit\\\/lok-maxx-hype\\\/#primaryimage\"},\"thumbnailUrl\":\"https:\\\/\\\/revolutionpadelstore.com\\\/wp-content\\\/uploads\\\/2024\\\/04\\\/pala-lok-maxx-hype-1-800x800-1.jpg\",\"datePublished\":\"2024-04-10T13:22:41+00:00\",\"dateModified\":\"2026-04-01T08:59:07+00:00\",\"description\":\"Pala Lok Maxx Hype 2024 para jugadores de nivel profesional. La pala de Mike Yanguas con un punto dulce medio-alto y forma de diamante cuenta con dos dise\u00f1os distintitos en cada cara. En su interior integra Custom Eva mientras que las caras y el marco se han fabricado en carbono. Est\u00e1 compuesta por Carbono C18, un material de \u00faltima generaci\u00f3n, dispuesto en tres planos distintos. Adem\u00e1s, cuenta con la tecnolog\u00eda Gradual Face y el Vibration Groove System que minimizan la vibraci\u00f3n. El Dynamic Holes System dispone los orificios de la pala de forma progresiva en cuanto a tama\u00f1os para sacar el m\u00e1ximo partido a la potencia.\",\"breadcrumb\":{\"@id\":\"https:\\\/\\\/revolutionpadelstore.com\\\/fr\\\/produit\\\/lok-maxx-hype\\\/#breadcrumb\"},\"inLanguage\":\"fr-FR\",\"potentialAction\":[{\"@type\":\"ReadAction\",\"target\":[\"https:\\\/\\\/revolutionpadelstore.com\\\/fr\\\/produit\\\/lok-maxx-hype\\\/\"]}]},{\"@type\":\"ImageObject\",\"inLanguage\":\"fr-FR\",\"@id\":\"https:\\\/\\\/revolutionpadelstore.com\\\/fr\\\/produit\\\/lok-maxx-hype\\\/#primaryimage\",\"url\":\"https:\\\/\\\/revolutionpadelstore.com\\\/wp-content\\\/uploads\\\/2024\\\/04\\\/pala-lok-maxx-hype-1-800x800-1.jpg\",\"contentUrl\":\"https:\\\/\\\/revolutionpadelstore.com\\\/wp-content\\\/uploads\\\/2024\\\/04\\\/pala-lok-maxx-hype-1-800x800-1.jpg\",\"width\":800,\"height\":800},{\"@type\":\"BreadcrumbList\",\"@id\":\"https:\\\/\\\/revolutionpadelstore.com\\\/fr\\\/produit\\\/lok-maxx-hype\\\/#breadcrumb\",\"itemListElement\":[{\"@type\":\"ListItem\",\"position\":1,\"name\":\"Portada\",\"item\":\"https:\\\/\\\/revolutionpadelstore.com\\\/fr\\\/\"},{\"@type\":\"ListItem\",\"position\":2,\"name\":\"Boutique\",\"item\":\"https:\\\/\\\/revolutionpadelstore.com\\\/fr\\\/tienda\\\/\"},{\"@type\":\"ListItem\",\"position\":3,\"name\":\"LOK MAXX HYPE\"}]},{\"@type\":\"WebSite\",\"@id\":\"https:\\\/\\\/revolutionpadelstore.com\\\/fr\\\/#website\",\"url\":\"https:\\\/\\\/revolutionpadelstore.com\\\/fr\\\/\",\"name\":\"Revolution Padel Store\",\"description\":\"\",\"publisher\":{\"@id\":\"https:\\\/\\\/revolutionpadelstore.com\\\/fr\\\/#organization\"},\"potentialAction\":[{\"@type\":\"SearchAction\",\"target\":{\"@type\":\"EntryPoint\",\"urlTemplate\":\"https:\\\/\\\/revolutionpadelstore.com\\\/fr\\\/?s={search_term_string}\"},\"query-input\":{\"@type\":\"PropertyValueSpecification\",\"valueRequired\":true,\"valueName\":\"search_term_string\"}}],\"inLanguage\":\"fr-FR\"},{\"@type\":\"Organization\",\"@id\":\"https:\\\/\\\/revolutionpadelstore.com\\\/fr\\\/#organization\",\"name\":\"Revolution Padel Store\",\"url\":\"https:\\\/\\\/revolutionpadelstore.com\\\/fr\\\/\",\"logo\":{\"@type\":\"ImageObject\",\"inLanguage\":\"fr-FR\",\"@id\":\"https:\\\/\\\/revolutionpadelstore.com\\\/fr\\\/#\\\/schema\\\/logo\\\/image\\\/\",\"url\":\"https:\\\/\\\/revolutionpadelstore.com\\\/wp-content\\\/uploads\\\/2026\\\/02\\\/revolution-padel-store.jpg\",\"contentUrl\":\"https:\\\/\\\/revolutionpadelstore.com\\\/wp-content\\\/uploads\\\/2026\\\/02\\\/revolution-padel-store.jpg\",\"width\":2000,\"height\":2000,\"caption\":\"Revolution Padel Store\"},\"image\":{\"@id\":\"https:\\\/\\\/revolutionpadelstore.com\\\/fr\\\/#\\\/schema\\\/logo\\\/image\\\/\"},\"sameAs\":[\"https:\\\/\\\/www.instagram.com\\\/revolutionpadelstore\\\/\"]}]}<\/script>\n<!-- \/ Yoast SEO plugin. -->","yoast_head_json":{"title":"LOK MAXX HYPE - Revolution Padel Store","description":"Pala Lok Maxx Hype 2024 para jugadores de nivel profesional. La pala de Mike Yanguas con un punto dulce medio-alto y forma de diamante cuenta con dos dise\u00f1os distintitos en cada cara. En su interior integra Custom Eva mientras que las caras y el marco se han fabricado en carbono. Est\u00e1 compuesta por Carbono C18, un material de \u00faltima generaci\u00f3n, dispuesto en tres planos distintos. Adem\u00e1s, cuenta con la tecnolog\u00eda Gradual Face y el Vibration Groove System que minimizan la vibraci\u00f3n. El Dynamic Holes System dispone los orificios de la pala de forma progresiva en cuanto a tama\u00f1os para sacar el m\u00e1ximo partido a la potencia.","robots":{"index":"index","follow":"follow","max-snippet":"max-snippet:-1","max-image-preview":"max-image-preview:large","max-video-preview":"max-video-preview:-1"},"canonical":"https:\/\/revolutionpadelstore.com\/fr\/produit\/lok-maxx-hype\/","og_locale":"fr_FR","og_type":"article","og_title":"COMPRAR LOK MAXX HYPE","og_description":"Pala Lok Maxx Hype 2024 para jugadores de nivel profesional. La pala de Mike Yanguas con un punto dulce medio-alto y forma de diamante cuenta con dos dise\u00f1os distintitos en cada cara. En su interior integra Custom Eva mientras que las caras y el marco se han fabricado en carbono. Est\u00e1 compuesta por Carbono C18, un material de \u00faltima generaci\u00f3n, dispuesto en tres planos distintos. Adem\u00e1s, cuenta con la tecnolog\u00eda Gradual Face y el Vibration Groove System que minimizan la vibraci\u00f3n. El Dynamic Holes System dispone los orificios de la pala de forma progresiva en cuanto a tama\u00f1os para sacar el m\u00e1ximo partido a la potencia.","og_url":"https:\/\/revolutionpadelstore.com\/fr\/produit\/lok-maxx-hype\/","og_site_name":"Revolution Padel Store","article_modified_time":"2026-04-01T08:59:07+00:00","og_image":[{"width":800,"height":800,"url":"https:\/\/revolutionpadelstore.com\/wp-content\/uploads\/2024\/04\/pala-lok-maxx-hype-1-800x800-1.jpg","type":"image\/jpeg"}],"twitter_card":"summary_large_image","twitter_misc":{"Dur\u00e9e de lecture estim\u00e9e":"3 minutes"},"schema":{"@context":"https:\/\/schema.org","@graph":[{"@type":"WebPage","@id":"https:\/\/revolutionpadelstore.com\/fr\/produit\/lok-maxx-hype\/","url":"https:\/\/revolutionpadelstore.com\/fr\/produit\/lok-maxx-hype\/","name":"LOK MAXX HYPE - Revolution Padel Store","isPartOf":{"@id":"https:\/\/revolutionpadelstore.com\/fr\/#website"},"primaryImageOfPage":{"@id":"https:\/\/revolutionpadelstore.com\/fr\/produit\/lok-maxx-hype\/#primaryimage"},"image":{"@id":"https:\/\/revolutionpadelstore.com\/fr\/produit\/lok-maxx-hype\/#primaryimage"},"thumbnailUrl":"https:\/\/revolutionpadelstore.com\/wp-content\/uploads\/2024\/04\/pala-lok-maxx-hype-1-800x800-1.jpg","datePublished":"2024-04-10T13:22:41+00:00","dateModified":"2026-04-01T08:59:07+00:00","description":"Pala Lok Maxx Hype 2024 para jugadores de nivel profesional. La pala de Mike Yanguas con un punto dulce medio-alto y forma de diamante cuenta con dos dise\u00f1os distintitos en cada cara. En su interior integra Custom Eva mientras que las caras y el marco se han fabricado en carbono. Est\u00e1 compuesta por Carbono C18, un material de \u00faltima generaci\u00f3n, dispuesto en tres planos distintos. Adem\u00e1s, cuenta con la tecnolog\u00eda Gradual Face y el Vibration Groove System que minimizan la vibraci\u00f3n. El Dynamic Holes System dispone los orificios de la pala de forma progresiva en cuanto a tama\u00f1os para sacar el m\u00e1ximo partido a la potencia.","breadcrumb":{"@id":"https:\/\/revolutionpadelstore.com\/fr\/produit\/lok-maxx-hype\/#breadcrumb"},"inLanguage":"fr-FR","potentialAction":[{"@type":"ReadAction","target":["https:\/\/revolutionpadelstore.com\/fr\/produit\/lok-maxx-hype\/"]}]},{"@type":"ImageObject","inLanguage":"fr-FR","@id":"https:\/\/revolutionpadelstore.com\/fr\/produit\/lok-maxx-hype\/#primaryimage","url":"https:\/\/revolutionpadelstore.com\/wp-content\/uploads\/2024\/04\/pala-lok-maxx-hype-1-800x800-1.jpg","contentUrl":"https:\/\/revolutionpadelstore.com\/wp-content\/uploads\/2024\/04\/pala-lok-maxx-hype-1-800x800-1.jpg","width":800,"height":800},{"@type":"BreadcrumbList","@id":"https:\/\/revolutionpadelstore.com\/fr\/produit\/lok-maxx-hype\/#breadcrumb","itemListElement":[{"@type":"ListItem","position":1,"name":"Portada","item":"https:\/\/revolutionpadelstore.com\/fr\/"},{"@type":"ListItem","position":2,"name":"Boutique","item":"https:\/\/revolutionpadelstore.com\/fr\/tienda\/"},{"@type":"ListItem","position":3,"name":"LOK MAXX HYPE"}]},{"@type":"WebSite","@id":"https:\/\/revolutionpadelstore.com\/fr\/#website","url":"https:\/\/revolutionpadelstore.com\/fr\/","name":"Revolution Padel Store","description":"","publisher":{"@id":"https:\/\/revolutionpadelstore.com\/fr\/#organization"},"potentialAction":[{"@type":"SearchAction","target":{"@type":"EntryPoint","urlTemplate":"https:\/\/revolutionpadelstore.com\/fr\/?s={search_term_string}"},"query-input":{"@type":"PropertyValueSpecification","valueRequired":true,"valueName":"search_term_string"}}],"inLanguage":"fr-FR"},{"@type":"Organization","@id":"https:\/\/revolutionpadelstore.com\/fr\/#organization","name":"Revolution Padel Store","url":"https:\/\/revolutionpadelstore.com\/fr\/","logo":{"@type":"ImageObject","inLanguage":"fr-FR","@id":"https:\/\/revolutionpadelstore.com\/fr\/#\/schema\/logo\/image\/","url":"https:\/\/revolutionpadelstore.com\/wp-content\/uploads\/2026\/02\/revolution-padel-store.jpg","contentUrl":"https:\/\/revolutionpadelstore.com\/wp-content\/uploads\/2026\/02\/revolution-padel-store.jpg","width":2000,"height":2000,"caption":"Revolution Padel Store"},"image":{"@id":"https:\/\/revolutionpadelstore.com\/fr\/#\/schema\/logo\/image\/"},"sameAs":["https:\/\/www.instagram.com\/revolutionpadelstore\/"]}]}},"_links":{"self":[{"href":"https:\/\/revolutionpadelstore.com\/fr\/wp-json\/wp\/v2\/product\/19705","targetHints":{"allow":["GET"]}}],"collection":[{"href":"https:\/\/revolutionpadelstore.com\/fr\/wp-json\/wp\/v2\/product"}],"about":[{"href":"https:\/\/revolutionpadelstore.com\/fr\/wp-json\/wp\/v2\/types\/product"}],"replies":[{"embeddable":true,"href":"https:\/\/revolutionpadelstore.com\/fr\/wp-json\/wp\/v2\/comments?post=19705"}],"wp:featuredmedia":[{"embeddable":true,"href":"https:\/\/revolutionpadelstore.com\/fr\/wp-json\/wp\/v2\/media\/50172"}],"wp:attachment":[{"href":"https:\/\/revolutionpadelstore.com\/fr\/wp-json\/wp\/v2\/media?parent=19705"}],"wp:term":[{"taxonomy":"acabado","embeddable":true,"href":"https:\/\/revolutionpadelstore.com\/fr\/wp-json\/wp\/v2\/acabado?post=19705"},{"taxonomy":"balance","embeddable":true,"href":"https:\/\/revolutionpadelstore.com\/fr\/wp-json\/wp\/v2\/balance?post=19705"},{"taxonomy":"dureza","embeddable":true,"href":"https:\/\/revolutionpadelstore.com\/fr\/wp-json\/wp\/v2\/dureza?post=19705"},{"taxonomy":"forma","embeddable":true,"href":"https:\/\/revolutionpadelstore.com\/fr\/wp-json\/wp\/v2\/forma?post=19705"},{"taxonomy":"jugador","embeddable":true,"href":"https:\/\/revolutionpadelstore.com\/fr\/wp-json\/wp\/v2\/jugador?post=19705"},{"taxonomy":"marca","embeddable":true,"href":"https:\/\/revolutionpadelstore.com\/fr\/wp-json\/wp\/v2\/marca?post=19705"},{"taxonomy":"nivel-de-juego","embeddable":true,"href":"https:\/\/revolutionpadelstore.com\/fr\/wp-json\/wp\/v2\/nivel-de-juego?post=19705"},{"taxonomy":"superficie","embeddable":true,"href":"https:\/\/revolutionpadelstore.com\/fr\/wp-json\/wp\/v2\/superficie?post=19705"},{"taxonomy":"tipo-de-juego","embeddable":true,"href":"https:\/\/revolutionpadelstore.com\/fr\/wp-json\/wp\/v2\/tipo-de-juego?post=19705"},{"taxonomy":"product_brand","embeddable":true,"href":"https:\/\/revolutionpadelstore.com\/fr\/wp-json\/wp\/v2\/product_brand?post=19705"},{"taxonomy":"product_cat","embeddable":true,"href":"https:\/\/revolutionpadelstore.com\/fr\/wp-json\/wp\/v2\/product_cat?post=19705"},{"taxonomy":"product_tag","embeddable":true,"href":"https:\/\/revolutionpadelstore.com\/fr\/wp-json\/wp\/v2\/product_tag?post=19705"}],"curies":[{"name":"wp","href":"https:\/\/api.w.org\/{rel}","templated":true}]}}